{"id":59702,"date":"2025-03-19T09:40:54","date_gmt":"2025-03-19T09:40:54","guid":{"rendered":"https:\/\/www.bestbrokers.com\/?page_id=59702"},"modified":"2025-10-21T14:23:45","modified_gmt":"2025-10-21T14:23:45","slug":"account-opening","status":"publish","type":"page","link":"https:\/\/www.bestbrokers.com\/es\/reviews\/cmc-markets\/account-opening\/","title":{"rendered":"C\u00f3mo abrir una cuenta en CMC Markets"},"content":{"rendered":"<div class=\"author-line\">Escrito por <span class=\"author\">Zornitsa Stefanova<div class=\"author-sub-box\"><div class=\"author-avatar\"><img decoding=\"async\" src=\"https:\/\/www.bestbrokers.com\/wp-content\/uploads\/2024\/09\/zornica-stefanova.jpeg\" \/><\/div><div class=\"author-info-wrapper\"><div class=\"author-name\"><a href=\"https:\/\/www.bestbrokers.com\/es\/authors\/zornitsa-stefanova\/\">Zornitsa Stefanova<\/a><\/div><div class=\"author-bio\">Zornitsa Stefanova es una analista con amplia experiencia en el mercado de divisas y criptomonedas. Tambi\u00e9n es especialista en temas financieros, como el trading de acciones y las inversiones para la jubilaci\u00f3n.<\/div><\/div><\/div><\/span>,  <a rel=\"nofollow\" target=\"_blank\" href=\"https:\/\/www.linkedin.com\/in\/zornica-stefanova-73ab39287\/\"><img decoding=\"async\" class=\"social-icon\" src=\"https:\/\/www.bestbrokers.com\/wp-content\/themes\/best-brokers\/assets\/images\/icon-linkedin.svg\" data-no-lazy=\"1\"><\/a> <span class=\"sep\">|<\/span> Traducido por <span class=\"author\">Estrella Fernandez<div class=\"author-sub-box\"><div class=\"author-avatar\"><img decoding=\"async\" src=\"https:\/\/www.bestbrokers.com\/wp-content\/uploads\/2024\/10\/Estrella-Fernandez.jpeg\" \/><\/div><div class=\"author-info-wrapper\"><div class=\"author-name\"><a href=\"https:\/\/www.bestbrokers.com\/es\/authors\/estrella-fernandez\/\">Estrella Fernandez<\/a><\/div><div class=\"author-bio\">Estrella Fernandez edita y revista contenidos financieros para blogs y websites y hace traducciones de franc\u00e9s e ingl\u00e9s a espa\u00f1ol.<\/div><\/div><\/div><\/span>, <a rel=\"nofollow\" target=\"_blank\" href=\"https:\/\/www.linkedin.com\/in\/estrella-fern%C3%A1ndez-gordillo-a54ab483\/?originalSubdomain=es\"><img decoding=\"async\" class=\"social-icon\" src=\"https:\/\/www.bestbrokers.com\/wp-content\/themes\/best-brokers\/assets\/images\/icon-linkedin.svg\" data-no-lazy=\"1\"><\/a> <span class=\"sep\">|<\/span> Actualizado: <time class=\"entry-date\" datetime=\"2025-10-21T14:23:45+00:00\">octubre 21, 2025<\/time><\/div>\n<h2 id=\"brief\"><i class=\"ico ico--assets\"><\/i>Tipos de cuenta de CMC Markets, en s\u00edntesis<\/h2>\n<p>Como br\u00f3ker con m\u00faltiples licencias en diferentes jurisdicciones, los tipos de cuenta de CMC Markets pueden variar seg\u00fan el pa\u00eds de residencia del cliente. Los nuevos clientes de CMC Markets podr\u00e1n abrir las cuentas CFD Trading o FX Active. La primera est\u00e1 dise\u00f1ada para especular con los movimientos de precios de forex, \u00edndices, materias primas y acciones, ofreciendo spreads ajustados y operaciones sin comisiones. Los usuarios de FX Active disfrutan de spreads a\u00fan m\u00e1s ajustados desde 0,0 pips en seis pares principales de forex y un descuento del 25 % en los spreads de los dem\u00e1s pares, aunque deber\u00e1n pagar una comisi\u00f3n fija del 0,0025 %. En el Reino Unido e Irlanda, el br\u00f3ker ofrece cuentas de spread betting, lo que permite a los particulares obtener ganancias exentas de impuestos.<\/p>\n<p>Las cuentas CFD Trading y FX Active est\u00e1n disponibles en modo demo y permiten netear y cubrir posiciones. Los usuarios tambi\u00e9n podr\u00e1n operar por tel\u00e9fono. Las divisas base de la cuenta incluyen USD, AUD, GBP, EUR, CAD y SGD, entre otras. Las cuentas FX Active permiten operar a trav\u00e9s de MetaTrader 5 y de la plataforma propietaria NextGen. MetaTrader 4 est\u00e1 disponible para las cuentas est\u00e1ndar CFD Trading.<\/p>\n\n\t\t\t\t<div class=\"table\">\n\t\t\t\t\t<table class=\"table table-striped table-bordered\">\n\t\t\t\t\t\t<tr>\n\t\t\t\t\t\t\t<td style=\"width: 250px;\"><strong>Cuenta demo<\/strong><\/td>\n\t\t\t\t\t\t\t<td><img decoding=\"async\" width=\"24\" height=\"24\" src=\"\/wp-content\/themes\/best-brokers\/assets\/images\/ico-check.svg\" alt=\"Available\" \/><\/td>\n\t\t\t\t\t\t<\/tr>\n\t\t\t\t\t\t<tr>\n\t\t\t\t\t\t\t<td><strong>Islamic Account<\/strong><\/td>\n\t\t\t\t\t\t\t<td><img decoding=\"async\" width=\"24\" height=\"24\" src=\"\/wp-content\/themes\/best-brokers\/assets\/images\/ico-xmark.svg\" alt=\"Not Available\" \/><\/td>\n\t\t\t\t\t\t<\/tr>\n\t\t\t\t\t\t<tr>\n\t\t\t\t\t\t\t<td><strong>Cuenta ECN<\/strong><\/td>\n\t\t\t\t\t\t\t<td><img decoding=\"async\" width=\"24\" height=\"24\" src=\"\/wp-content\/themes\/best-brokers\/assets\/images\/ico-xmark.svg\" alt=\"Not Available\" \/><\/td>\n\t\t\t\t\t\t<\/tr>\n\t\t\t\t\t\t<tr>\n\t\t\t\t\t\t\t<td><strong>Cuenta Pro<\/strong><\/td>\n\t\t\t\t\t\t\t<td><img decoding=\"async\" width=\"24\" height=\"24\" src=\"\/wp-content\/themes\/best-brokers\/assets\/images\/ico-check.svg\" alt=\"Available\" \/><\/td>\n\t\t\t\t\t\t<\/tr>\n\t\t\t\t\t\t<tr>\n\t\t\t\t\t\t\t<td><strong>MAM Account<\/strong><\/td>\n\t\t\t\t\t\t\t<td><img decoding=\"async\" width=\"24\" height=\"24\" src=\"\/wp-content\/themes\/best-brokers\/assets\/images\/ico-xmark.svg\" alt=\"Not Available\" \/><\/td>\n\t\t\t\t\t\t<\/tr>\n\t\t\t\t\t<\/table>\n\t\t\t\t<\/div>\n\t\t\t\n<h2 id=\"deposit\"><i class=\"ico ico--money-supply\"><\/i>Requisitos de dep\u00f3sito m\u00ednimo en CMC Markets<\/h2>\n<p>No existen requisitos de dep\u00f3sito m\u00ednimo para ninguno de los tipos de cuenta. CMC Markets acepta una amplia gama de m\u00e9todos de financiaci\u00f3n, entre ellos, tarjetas de cr\u00e9dito y d\u00e9bito, banca online y transferencias bancarias est\u00e1ndar. Las transacciones con tarjeta conllevan una comisi\u00f3n de procesamiento del 2 % en determinados pa\u00edses (Singapur, por ejemplo), pero los dem\u00e1s m\u00e9todos admitidos permiten dep\u00f3sitos gratuitos. La ausencia de un dep\u00f3sito m\u00ednimo hace que el trading sea m\u00e1s accesible, sobre todo, para principiantes y traders de peque\u00f1a escala con capital limitado.<\/p>\n<h2 id=\"what\"><i class=\"ico ico--question\"><\/i>\u00bfQu\u00e9 mercados se pueden negociar en CMC Markets?<\/h2>\n<p>CMC Markets ofrece a los traders minoristas una inmensa selecci\u00f3n de m\u00e1s de 12.000 mercados financieros para operar de forma especulativa mediante CFD. Los traders de divisas podr\u00e1n elegir entre m\u00e1s de 300 pares de forex, pero tambi\u00e9n se pueden negociar acciones, materias primas, \u00edndices, ETF, bonos del Estado, paquetes de acciones y criptomonedas. Seg\u00fan la jurisdicci\u00f3n, los clientes minoristas podr\u00e1n utilizar un apalancamiento de hasta 1:200 (BMA) o 1:30 (FCA, ASIC). La protecci\u00f3n contra saldo negativo est\u00e1 disponible en la mayor\u00eda de los pa\u00edses. Abrir una cuenta de spread betting es una opci\u00f3n para los clientes del Reino Unido e Irlanda. El br\u00f3ker mantiene los fondos de los clientes en cuentas segregadas en bancos de primer nivel, lo que evita una mala gesti\u00f3n y garantiza que el dinero de los clientes nunca se utilice para cubrir gastos operativos diarios.<\/p>\n<h2 id=\"steps\"><i class=\"ico ico--account\"><\/i>Registro paso a paso en CMC Markets (BMA): entre 20 y 25 minutos en total<\/h2>\n<ol class=\"list list--steps\">\n<li>Abre el sitio web del br\u00f3ker en tu navegador m\u00f3vil o de escritorio y haz clic en el bot\u00f3n azul \u00abOpen Account\u00bb, situado en la esquina superior derecha, para iniciar el formulario de registro. Selecciona tu plataforma de trading preferida (MetaTrader o NextGen).<img decoding=\"async\" class=\"aligncenter\" src=\"https:\/\/www.bestbrokers.com\/wp-content\/uploads\/2024\/08\/cmc-account-opening-img-1.webp\" alt=\"Registration Steps\" width=\"900\" \/><img decoding=\"async\" class=\"aligncenter\" src=\"https:\/\/www.bestbrokers.com\/wp-content\/uploads\/2024\/08\/cmc-account-opening-img-2.webp\" alt=\"Registration Steps\" width=\"900\" \/><\/li>\n<li>Se abrir\u00e1 un men\u00fa desplegable en el que se te solicitar\u00e1 seleccionar tu jurisdicci\u00f3n para mostrar los tipos de cuenta disponibles. Introduce una direcci\u00f3n de correo electr\u00f3nico v\u00e1lida, escribe la contrase\u00f1a que prefieras y elige tu tipo de cuenta (CFD Trading o FX Active).<img decoding=\"async\" class=\"aligncenter\" src=\"https:\/\/www.bestbrokers.com\/wp-content\/uploads\/2024\/08\/cmc-account-opening-img-3.webp\" alt=\"Registration Steps\" width=\"900\" \/><img decoding=\"async\" class=\"aligncenter\" src=\"https:\/\/www.bestbrokers.com\/wp-content\/uploads\/2024\/08\/cmc-account-opening-img-4.webp\" alt=\"Registration Steps\" width=\"900\" \/>\n<p><img decoding=\"async\" class=\"aligncenter\" src=\"https:\/\/www.bestbrokers.com\/wp-content\/uploads\/2024\/08\/cmc-account-opening-img-5.webp\" alt=\"Registration Steps\" width=\"900\" \/><\/li>\n<li>Introduce tus datos personales, entre ellos, n\u00famero de tel\u00e9fono, nombre y apellidos. CMC Markets te enviar\u00e1 un c\u00f3digo de activaci\u00f3n \u00fanico de seis d\u00edgitos que deber\u00e1s introducir para verificar tu direcci\u00f3n de correo electr\u00f3nico y continuar con el registro.<img decoding=\"async\" class=\"aligncenter\" src=\"https:\/\/www.bestbrokers.com\/wp-content\/uploads\/2024\/08\/cmc-account-opening-img-6.webp\" alt=\"Registration Steps\" width=\"900\" \/><br \/>\n<img decoding=\"async\" class=\"aligncenter\" src=\"https:\/\/www.bestbrokers.com\/wp-content\/uploads\/2024\/08\/cmc-account-opening-img-7.webp\" alt=\"Registration Steps\" width=\"900\" \/><br \/>\n<img decoding=\"async\" class=\"aligncenter\" src=\"https:\/\/www.bestbrokers.com\/wp-content\/uploads\/2024\/08\/cmc-account-opening-img-8.webp\" alt=\"Registration Steps\" width=\"900\" \/><\/li>\n<li>Empieza a configurar tu cuenta seleccionando tu divisa base, los productos negociables y el tipo de cuenta (individual o corporativa).<img decoding=\"async\" class=\"aligncenter\" src=\"https:\/\/www.bestbrokers.com\/wp-content\/uploads\/2024\/08\/cmc-account-opening-img-9.webp\" alt=\"Registration Steps\" width=\"900\" \/><\/li>\n<li>Facilita m\u00e1s datos de tu informaci\u00f3n personal, entre ellos, tu nacionalidad y residencia fiscal. Tambi\u00e9n deber\u00e1s indicar si eres residente en EEUU o no.<img decoding=\"async\" class=\"aligncenter\" src=\"https:\/\/www.bestbrokers.com\/wp-content\/uploads\/2024\/08\/cmc-account-opening-img-10.webp\" alt=\"Registration Steps\" width=\"900\" \/><\/li>\n<li>Selecciona tu situaci\u00f3n laboral actual en el men\u00fa desplegable. Adem\u00e1s, introduce el nombre de la empresa para la que trabajas, el sector de actividad y si eres o has sido propietario, socio o directivo.<img decoding=\"async\" class=\"aligncenter\" src=\"https:\/\/www.bestbrokers.com\/wp-content\/uploads\/2024\/08\/cmc-account-opening-img-11.webp\" alt=\"Registration Steps\" width=\"900\" \/><br \/>\n<img decoding=\"async\" class=\"aligncenter\" src=\"https:\/\/www.bestbrokers.com\/wp-content\/uploads\/2024\/08\/cmc-account-opening-img-12.webp\" alt=\"Registration Steps\" width=\"900\" \/><\/li>\n<li>CMC Markets te solicitar\u00e1 a continuaci\u00f3n tus datos financieros, incluyendo tu ingreso anual medio y tu patrimonio neto total.<img decoding=\"async\" class=\"aligncenter\" src=\"https:\/\/www.bestbrokers.com\/wp-content\/uploads\/2024\/08\/cmc-account-opening-img-13.webp\" alt=\"Registration Steps\" width=\"900\" \/><\/li>\n<li>A continuaci\u00f3n, CMC Markets evaluar\u00e1 tu conocimiento y experiencia en el trading de derivados mediante un breve cuestionario sobre tu formaci\u00f3n y los instrumentos que has negociado en los \u00faltimos tres a\u00f1os.<img decoding=\"async\" class=\"aligncenter\" src=\"https:\/\/www.bestbrokers.com\/wp-content\/uploads\/2024\/08\/cmc-account-opening-img-14.webp\" alt=\"Registration Steps\" width=\"900\" \/><\/li>\n<li>Tambi\u00e9n debes aceptar recibir formularios fiscales online (cuando corresponda) y especificar si eres un inversor particular o institucional. Lee los t\u00e9rminos y las advertencias de riesgo del br\u00f3ker. Env\u00eda tu solicitud para pasar al siguiente paso.<img decoding=\"async\" class=\"aligncenter\" src=\"https:\/\/www.bestbrokers.com\/wp-content\/uploads\/2024\/08\/cmc-account-opening-img-15.webp\" alt=\"Registration Steps\" width=\"900\" \/>\n<p class=\"text-center\"><i>Consentir la recepci\u00f3n de declaraciones fiscales electr\u00f3nicas (dependiendo del pa\u00eds).<\/i><\/p>\n<p><img decoding=\"async\" class=\"aligncenter\" src=\"https:\/\/www.bestbrokers.com\/wp-content\/uploads\/2024\/08\/cmc-account-opening-img-16.webp\" alt=\"Registration Steps\" width=\"900\" \/><\/p>\n<p class=\"text-center\"><i>Especificar si eres un inversor particular o no.<\/i><\/p>\n<p><img decoding=\"async\" class=\"aligncenter\" src=\"https:\/\/www.bestbrokers.com\/wp-content\/uploads\/2024\/08\/cmc-account-opening-img-17.webp\" alt=\"Registration Steps\" width=\"900\" \/><\/p>\n<p class=\"text-center\"><i>Advertencias de riesgo<\/i><\/p>\n<p><img decoding=\"async\" class=\"aligncenter\" src=\"https:\/\/www.bestbrokers.com\/wp-content\/uploads\/2024\/08\/cmc-account-opening-img-18.webp\" alt=\"Registration Steps\" width=\"900\" \/><\/p>\n<p class=\"text-center\"><i>Env\u00edo de la solicitud de cuenta.<\/i><\/p>\n<\/li>\n<li><strong>Verificaci\u00f3n KYC: aproximadamente 10 minutos<\/strong>Ya has llegado a la fase final de creaci\u00f3n de tu cuenta en CMC Markets. El br\u00f3ker te pedir\u00e1 verificar tu identidad cargando fotos de tus documentos de identidad. En primer lugar, deber\u00e1s seleccionar tu pa\u00eds para ver los documentos aceptados en tu territorio nacional.<img decoding=\"async\" class=\"aligncenter\" src=\"https:\/\/www.bestbrokers.com\/wp-content\/uploads\/2024\/08\/cmc-account-opening-img-19.webp\" alt=\"Registration Steps\" width=\"900\" \/>Selecciona el documento de tu preferencia y carga fotos del anverso y reverso. Aseg\u00farate de que las im\u00e1genes sean lo suficientemente claras. El sistema te solicitar\u00e1 volver a subirlas si la informaci\u00f3n resulta ilegible.\n<p><img decoding=\"async\" class=\"aligncenter\" src=\"https:\/\/www.bestbrokers.com\/wp-content\/uploads\/2024\/08\/cmc-account-opening-img-20.webp\" alt=\"Registration Steps\" width=\"900\" \/><\/p>\n<p>Una vez cargadas las fotos, deber\u00e1s continuar en tu dispositivo m\u00f3vil. El br\u00f3ker te pedir\u00e1 grabar un breve v\u00eddeo de tu rostro con la c\u00e1mara de tu smartphone para confirmar que coincide con las fotograf\u00edas del documento de identidad.<\/p>\n<p><img decoding=\"async\" class=\"aligncenter\" src=\"https:\/\/www.bestbrokers.com\/wp-content\/uploads\/2024\/08\/cmc-account-opening-img-21.webp\" alt=\"Registration Steps\" width=\"900\" \/><\/p>\n<p>Para continuar en el tel\u00e9fono, puedes escanear el c\u00f3digo QR que genera CMC Markets o copiar el enlace \u00fanico en el navegador m\u00f3vil. Nos result\u00f3 m\u00e1s sencillo escanear el c\u00f3digo.<\/p>\n<p><img decoding=\"async\" class=\"aligncenter\" src=\"https:\/\/www.bestbrokers.com\/wp-content\/uploads\/2024\/08\/cmc-account-opening-img-22.webp\" alt=\"Registration Steps\" width=\"900\" \/><\/p>\n<p>A continuaci\u00f3n, se te pedir\u00e1 que subas un comprobante de domicilio, como una factura de servicios reciente o un extracto bancario, para que CMC Markets confirme tu direcci\u00f3n residencial actual. Tras enviar todos los documentos KYC, deber\u00e1s esperar a que el departamento correspondiente eval\u00fae tu solicitud manualmente y te notifique su resoluci\u00f3n por correo electr\u00f3nico.<\/li>\n<\/ol>\n<h2 id=\"conclusion\"><i class=\"ico ico--pen\"><\/i>Conclusi\u00f3n<\/h2>\n<p>Todo el proceso de registro en CMC Markets nos llev\u00f3 unos 25 minutos, de los cuales dedicamos 10 a la verificaci\u00f3n de identidad. Recomendamos encarecidamente preparar todos los documentos necesarios con antelaci\u00f3n para evitar retrasos adicionales. Abrirse una cuenta a trav\u00e9s de esta entidad regulada en Bermudas fue relativamente f\u00e1cil e intuitivo, con pocos contratiempos. Te sugerimos leer las advertencias de riesgo, las pol\u00edticas de privacidad y los t\u00e9rminos del br\u00f3ker antes de iniciar el registro.<\/p>\n","protected":false},"excerpt":{"rendered":"<p>Tipos de cuenta de CMC Markets, en s\u00edntesis Como br\u00f3ker con m\u00faltiples licencias en diferentes jurisdicciones, los tipos de cuenta de CMC Markets pueden variar seg\u00fan el pa\u00eds de residencia del cliente. Los nuevos clientes de CMC Markets podr\u00e1n abrir las cuentas CFD Trading o FX Active. La primera est\u00e1 dise\u00f1ada para especular con los [&hellip;]<\/p>\n","protected":false},"author":3,"featured_media":0,"parent":10833,"menu_order":0,"comment_status":"closed","ping_status":"closed","template":"templates\/review.php","meta":{"footnotes":""},"class_list":["post-59702","page","type-page","status-publish","hentry"],"aioseo_notices":[],"_links":{"self":[{"href":"https:\/\/www.bestbrokers.com\/es\/wp-json\/wp\/v2\/pages\/59702","targetHints":{"allow":["GET"]}}],"collection":[{"href":"https:\/\/www.bestbrokers.com\/es\/wp-json\/wp\/v2\/pages"}],"about":[{"href":"https:\/\/www.bestbrokers.com\/es\/wp-json\/wp\/v2\/types\/page"}],"author":[{"embeddable":true,"href":"https:\/\/www.bestbrokers.com\/es\/wp-json\/wp\/v2\/users\/3"}],"replies":[{"embeddable":true,"href":"https:\/\/www.bestbrokers.com\/es\/wp-json\/wp\/v2\/comments?post=59702"}],"version-history":[{"count":10,"href":"https:\/\/www.bestbrokers.com\/es\/wp-json\/wp\/v2\/pages\/59702\/revisions"}],"predecessor-version":[{"id":71613,"href":"https:\/\/www.bestbrokers.com\/es\/wp-json\/wp\/v2\/pages\/59702\/revisions\/71613"}],"up":[{"embeddable":true,"href":"https:\/\/www.bestbrokers.com\/es\/wp-json\/wp\/v2\/pages\/10833"}],"wp:attachment":[{"href":"https:\/\/www.bestbrokers.com\/es\/wp-json\/wp\/v2\/media?parent=59702"}],"curies":[{"name":"wp","href":"https:\/\/api.w.org\/{rel}","templated":true}]}}