{"id":59703,"date":"2025-03-19T09:40:54","date_gmt":"2025-03-19T09:40:54","guid":{"rendered":"https:\/\/www.bestbrokers.com\/?page_id=59703"},"modified":"2025-10-21T14:24:00","modified_gmt":"2025-10-21T14:24:00","slug":"account-opening","status":"publish","type":"page","link":"https:\/\/www.bestbrokers.com\/es\/reviews\/xtb\/account-opening\/","title":{"rendered":"C\u00f3mo abrir una cuenta en XTB"},"content":{"rendered":"<div class=\"author-line\">Escrito por <span class=\"author\">Zornitsa Stefanova<div class=\"author-sub-box\"><div class=\"author-avatar\"><img decoding=\"async\" src=\"https:\/\/www.bestbrokers.com\/wp-content\/uploads\/2024\/09\/zornica-stefanova.jpeg\" \/><\/div><div class=\"author-info-wrapper\"><div class=\"author-name\"><a href=\"https:\/\/www.bestbrokers.com\/es\/authors\/zornitsa-stefanova\/\">Zornitsa Stefanova<\/a><\/div><div class=\"author-bio\">Zornitsa Stefanova es una analista con amplia experiencia en el mercado de divisas y criptomonedas. Tambi\u00e9n es especialista en temas financieros, como el trading de acciones y las inversiones para la jubilaci\u00f3n.<\/div><\/div><\/div><\/span>,  <a rel=\"nofollow\" target=\"_blank\" href=\"https:\/\/www.linkedin.com\/in\/zornica-stefanova-73ab39287\/\"><img decoding=\"async\" class=\"social-icon\" src=\"https:\/\/www.bestbrokers.com\/wp-content\/themes\/best-brokers\/assets\/images\/icon-linkedin.svg\" data-no-lazy=\"1\"><\/a> <span class=\"sep\">|<\/span> Traducido por <span class=\"author\">Estrella Fernandez<div class=\"author-sub-box\"><div class=\"author-avatar\"><img decoding=\"async\" src=\"https:\/\/www.bestbrokers.com\/wp-content\/uploads\/2024\/10\/Estrella-Fernandez.jpeg\" \/><\/div><div class=\"author-info-wrapper\"><div class=\"author-name\"><a href=\"https:\/\/www.bestbrokers.com\/es\/authors\/estrella-fernandez\/\">Estrella Fernandez<\/a><\/div><div class=\"author-bio\">Estrella Fernandez edita y revista contenidos financieros para blogs y websites y hace traducciones de franc\u00e9s e ingl\u00e9s a espa\u00f1ol.<\/div><\/div><\/div><\/span>, <a rel=\"nofollow\" target=\"_blank\" href=\"https:\/\/www.linkedin.com\/in\/estrella-fern%C3%A1ndez-gordillo-a54ab483\/?originalSubdomain=es\"><img decoding=\"async\" class=\"social-icon\" src=\"https:\/\/www.bestbrokers.com\/wp-content\/themes\/best-brokers\/assets\/images\/icon-linkedin.svg\" data-no-lazy=\"1\"><\/a> <span class=\"sep\">|<\/span> Actualizado: <time class=\"entry-date\" datetime=\"2025-10-21T14:24:00+00:00\">octubre 21, 2025<\/time><\/div>\n<h2 id=\"brief\"><i class=\"ico ico--assets\"><\/i>Tipos de cuenta de XTB, en s\u00edntesis<\/h2>\n<p>En Europa, XTB ofrece una \u00fanica cuenta minorista principal que permite operar con contratos por diferencia sin comisiones. Crear y mantener una cuenta real es gratuito para los traders activos, y el tama\u00f1o m\u00ednimo de transacci\u00f3n es de 0,01 lotes. Las cuentas reales permiten operar desde ordenadores de sobremesa, m\u00f3viles y tabletas.<\/p>\n<p>En esta entidad, regulada por la CySEC, las operaciones se procesan en euros, aunque se ofrecen divisas base adicionales a los clientes de jurisdicciones no pertenecientes a la UE. Nos complace ver que el br\u00f3ker no cobra comisiones por dep\u00f3sito. No obstante, los posibles usuarios deben tener en cuenta que las cuentas inactivas generar\u00e1n una tarifa mensual de 10 \u20ac tras un a\u00f1o de inactividad.<\/p>\n\n\t\t\t\t<div class=\"table\">\n\t\t\t\t\t<table class=\"table table-striped table-bordered\">\n\t\t\t\t\t\t<tr>\n\t\t\t\t\t\t\t<td style=\"width: 250px;\"><strong>Cuenta demo<\/strong><\/td>\n\t\t\t\t\t\t\t<td><img decoding=\"async\" width=\"24\" height=\"24\" src=\"\/wp-content\/themes\/best-brokers\/assets\/images\/ico-check.svg\" alt=\"Available\" \/><\/td>\n\t\t\t\t\t\t<\/tr>\n\t\t\t\t\t\t<tr>\n\t\t\t\t\t\t\t<td><strong>Islamic Account<\/strong><\/td>\n\t\t\t\t\t\t\t<td><img decoding=\"async\" width=\"24\" height=\"24\" src=\"\/wp-content\/themes\/best-brokers\/assets\/images\/ico-check.svg\" alt=\"Available\" \/><\/td>\n\t\t\t\t\t\t<\/tr>\n\t\t\t\t\t\t<tr>\n\t\t\t\t\t\t\t<td><strong>Cuenta ECN<\/strong><\/td>\n\t\t\t\t\t\t\t<td><img decoding=\"async\" width=\"24\" height=\"24\" src=\"\/wp-content\/themes\/best-brokers\/assets\/images\/ico-xmark.svg\" alt=\"Not Available\" \/><\/td>\n\t\t\t\t\t\t<\/tr>\n\t\t\t\t\t\t<tr>\n\t\t\t\t\t\t\t<td><strong>Cuenta Pro<\/strong><\/td>\n\t\t\t\t\t\t\t<td><img decoding=\"async\" width=\"24\" height=\"24\" src=\"\/wp-content\/themes\/best-brokers\/assets\/images\/ico-check.svg\" alt=\"Available\" \/><\/td>\n\t\t\t\t\t\t<\/tr>\n\t\t\t\t\t\t<tr>\n\t\t\t\t\t\t\t<td><strong>MAM Account<\/strong><\/td>\n\t\t\t\t\t\t\t<td><img decoding=\"async\" width=\"24\" height=\"24\" src=\"\/wp-content\/themes\/best-brokers\/assets\/images\/ico-xmark.svg\" alt=\"Not Available\" \/><\/td>\n\t\t\t\t\t\t<\/tr>\n\t\t\t\t\t<\/table>\n\t\t\t\t<\/div>\n\t\t\t\n<h2 id=\"deposit\"><i class=\"ico ico--money-supply\"><\/i>Requisitos de dep\u00f3sito m\u00ednimo en XTB<\/h2>\n<p>Los nuevos clientes podr\u00e1n financiar sus cuentas reales con la cantidad que deseen, ya que XTB no impone un dep\u00f3sito m\u00ednimo. Los dep\u00f3sitos son gratuitos, aunque las retiradas inferiores a 100 \u20ac conllevan una comisi\u00f3n de procesamiento adicional de 10 \u20ac. El br\u00f3ker mantiene los fondos de los clientes segregados de su capital operativo, conforme a los requisitos regulatorios de la CySEC. Hay disponibles distintos m\u00e9todos de dep\u00f3sito instant\u00e1neo, entre ellos, Visa, Mastercard, Maestro, Skrill, PayPal, PayU y Ecommpay. No se aplican costes adicionales por conversi\u00f3n de divisa.<\/p>\n<h2 id=\"what\"><i class=\"ico ico--question\"><\/i>Qu\u00e9 mercados se pueden negociar con las cuentas reales de XTB<\/h2>\n<p>Abrir una cuenta real en XTB te permitir\u00e1 especular con la evoluci\u00f3n de precios de m\u00e1s de 2.000 mercados apalancados, entre ellos, m\u00e1s de 70 pares de divisas con spreads desde 0,8 pips. El apalancamiento en forex est\u00e1 limitado a 1:30 para clientes minoristas. El br\u00f3ker ofrece protecci\u00f3n de saldo negativo a todos los clientes minoristas, para evitar que sus cuentas queden en descubierto. En XTB tambi\u00e9n es posible operar \u00edndices, materias primas, acciones, criptomonedas y ETF. Las \u00f3rdenes se ejecutan a trav\u00e9s de la plataforma propietaria xStation5. Seg\u00fan pudimos comprobar, MT4 est\u00e1 disponible para cuentas demo.<\/p>\n<h2 id=\"steps\"><i class=\"ico ico--account\"><\/i>Registro paso a paso en XTB: aproximadamente 20 minutos en total<\/h2>\n<ol class=\"list list--steps\">\n<li>Abre www.xtb.com\/cy en el navegador de tu m\u00f3vil u ordenador y haz clic en el bot\u00f3n verde \u00abCrear cuenta\u00bb, situado en la esquina superior derecha de la p\u00e1gina de inicio.<img decoding=\"async\" class=\"aligncenter\" src=\"https:\/\/www.bestbrokers.com\/wp-content\/uploads\/2024\/08\/xtb-account-opening-img-1.webp\" alt=\"Registration Steps\" width=\"900\" \/><\/li>\n<li>Introduce tu direcci\u00f3n de correo electr\u00f3nico, selecciona tu pa\u00eds en el men\u00fa desplegable y marca las casillas para aceptar los t\u00e9rminos y condiciones generales. Elige una contrase\u00f1a robusta para acceder a tu cuenta real.<img decoding=\"async\" class=\"aligncenter\" src=\"https:\/\/www.bestbrokers.com\/wp-content\/uploads\/2024\/08\/xtb-account-opening-img-2.webp\" alt=\"Registration Steps\" width=\"900\" \/><\/li>\n<li><strong>Rellena tus datos personales<\/strong> en el formulario de registro, entre ellos, tu t\u00edtulo (fem o masc), nombre, o lugar y fecha de nacimiento.<img decoding=\"async\" class=\"aligncenter\" src=\"https:\/\/www.bestbrokers.com\/wp-content\/uploads\/2024\/08\/xtb-account-opening-img-3-1.webp\" alt=\"Registration Steps\" width=\"450\" \/>Tambi\u00e9n deber\u00e1s indicar tu nacionalidad e introducir tu n\u00famero de identificaci\u00f3n nacional. Marca las casillas correspondientes para confirmar que no eres ciudadano de EEUU y que eres el leg\u00edtimo titular de los fondos depositados en tu cuenta.<img decoding=\"async\" class=\"aligncenter\" src=\"https:\/\/www.bestbrokers.com\/wp-content\/uploads\/2024\/08\/xtb-account-opening-img-4-1.webp\" alt=\"Registration Steps\" width=\"450\" \/>\n<p>Introduce la direcci\u00f3n de tu lugar de residencia actual, incluyendo el nombre de la calle, n\u00famero de edificio y piso, c\u00f3digo postal y ciudad.<\/p>\n<p><img decoding=\"async\" class=\"aligncenter\" src=\"https:\/\/www.bestbrokers.com\/wp-content\/uploads\/2024\/08\/xtb-account-opening-img-5-1.webp\" alt=\"Registration Steps\" width=\"450\" \/><\/p>\n<p>Elige tu idioma preferido e introduce un c\u00f3digo promocional, si piensas utilizarlo.<\/p>\n<p><img decoding=\"async\" class=\"aligncenter\" src=\"https:\/\/www.bestbrokers.com\/wp-content\/uploads\/2024\/08\/xtb-account-opening-img-6-1.webp\" alt=\"Registration Steps\" width=\"450\" \/><\/li>\n<li><strong>Ahora ha llegado el momento del test de idoneidad de XTB<\/strong>, que determinar\u00e1 si posees los conocimientos y experiencia necesarios para operar instrumentos de alto riesgo con apalancamiento. Te preguntar\u00e1n con qu\u00e9 frecuencia has negociado acciones, bonos, futuros, opciones, swaps, etc.<img decoding=\"async\" class=\"aligncenter\" src=\"https:\/\/www.bestbrokers.com\/wp-content\/uploads\/2024\/08\/xtb-account-opening-img-7-1.webp\" alt=\"Registration Steps\" width=\"450\" \/>Tambi\u00e9n deber\u00e1s indicar tu volumen medio anual de operaciones y los ratios de apalancamiento promedios que has utilizado. Facilita informaci\u00f3n sobre el tama\u00f1o medio de la posici\u00f3n que tienes previsto emplear en XTB, as\u00ed como tu nivel o cualificaci\u00f3n en mercados financieros.<img decoding=\"async\" class=\"aligncenter\" src=\"https:\/\/www.bestbrokers.com\/wp-content\/uploads\/2024\/08\/xtb-account-opening-img-8-1.webp\" alt=\"Registration Steps\" width=\"450\" \/>\n<p>A continuaci\u00f3n, deber\u00e1s <strong>rellenar un breve cuestionario<\/strong> para que XTB pueda evaluar tu pericia en la gesti\u00f3n de instrumentos derivados apalancados. Responder a estas preguntas deber\u00eda resultarte sencillo si tienes experiencia previa en el trading de CFDs.<\/p>\n<p><img decoding=\"async\" class=\"aligncenter\" src=\"https:\/\/www.bestbrokers.com\/wp-content\/uploads\/2024\/08\/xtb-account-opening-img-9-1.webp\" alt=\"Registration Steps\" width=\"450\" \/><\/li>\n<li>Llega el momento de la <strong>evaluaci\u00f3n financiera<\/strong>. XTB te preguntar\u00e1 por tus objetivos de inversi\u00f3n, ahorros e ingresos anuales disponibles.<img decoding=\"async\" class=\"aligncenter\" src=\"https:\/\/www.bestbrokers.com\/wp-content\/uploads\/2024\/08\/xtb-account-opening-img-10-1.webp\" alt=\"Registration Steps\" width=\"450\" \/><\/li>\n<li>Marca las casillas para aceptar las condiciones de uso y confirmar que has le\u00eddo la divulgaci\u00f3n de riesgos del br\u00f3ker. Tambi\u00e9n debes indicar si eres una persona pol\u00edticamente expuesta (PEP), con mayor riesgo de corrupci\u00f3n o soborno. En caso afirmativo, tendr\u00e1s que completar un formulario especial de declaraci\u00f3n PEP.<img decoding=\"async\" class=\"aligncenter\" src=\"https:\/\/www.bestbrokers.com\/wp-content\/uploads\/2024\/08\/xtb-account-opening-img-11-1.webp\" alt=\"Registration Steps\" width=\"450\" \/>Ya has creado tu nueva cuenta real y puedes continuar con la verificaci\u00f3n KYC.<img decoding=\"async\" class=\"aligncenter\" src=\"https:\/\/www.bestbrokers.com\/wp-content\/uploads\/2024\/08\/xtb-account-opening-img-12-1.webp\" alt=\"Registration Steps\" width=\"450\" \/><\/li>\n<li><strong>Verificaci\u00f3n KYC de la cuenta de XTB: tarda de 5 a 10 minutos, por t\u00e9rmino medio<\/strong>Haz clic en el bot\u00f3n verde para acceder a tu nueva cuenta real. A continuaci\u00f3n, selecciona \u00abVerificar cuenta\u00bb en la esquina inferior izquierda de la pantalla.<img decoding=\"async\" class=\"aligncenter\" src=\"https:\/\/www.bestbrokers.com\/wp-content\/uploads\/2024\/08\/xtb-account-opening-img-13.webp\" alt=\"Registration Steps\" width=\"900\" \/><\/li>\n<li>Sube fotos de tu documento de identidad (pasaporte o DNI) en un formato admitido (jpg, png o pdf). El tama\u00f1o de los archivos no deber\u00e1 superar los 12 MB. XTB acepta fotos, escaneos y capturas de pantalla, siempre que toda la informaci\u00f3n sea legible. Las fechas de expedici\u00f3n y caducidad tambi\u00e9n deben ser visibles.<img decoding=\"async\" class=\"aligncenter\" src=\"https:\/\/www.bestbrokers.com\/wp-content\/uploads\/2024\/08\/xtb-account-opening-img-14.webp\" alt=\"Registration Steps\" width=\"900\" \/><\/li>\n<li>Ya casi has terminado: solo tienes que subir un documento que verifique la direcci\u00f3n de tu lugar de residencia actual. XTB admite una amplia variedad de documentos con este fin, entre ellos, facturas de servicios p\u00fablicos, extractos bancarios, cartas del banco, certificados de residencia, tasas municipales, certificados fiscales y certificados de instituciones de pensiones.<img decoding=\"async\" class=\"aligncenter\" src=\"https:\/\/www.bestbrokers.com\/wp-content\/uploads\/2024\/08\/xtb-account-opening-img-15.webp\" alt=\"Registration Steps\" width=\"900\" \/><\/li>\n<li>\u00a1Enhorabuena!, has creado con \u00e9xito tu cuenta de trading en XTB. Ahora deber\u00e1s esperar a que el br\u00f3ker compruebe tus documentos de verificaci\u00f3n y apruebe tu solicitud, antes de poder depositar y abrir posiciones. El equipo aprob\u00f3 los documentos de nuestro revisor en un par de horas, aunque el plazo depender\u00e1 de la carga de trabajo del br\u00f3ker. El equipo de XTB te notificar\u00e1 el resultado de la verificaci\u00f3n por correo electr\u00f3nico.<img decoding=\"async\" class=\"aligncenter\" src=\"https:\/\/www.bestbrokers.com\/wp-content\/uploads\/2024\/08\/xtb-account-opening-img-15.webp\" alt=\"Registration Steps\" width=\"900\" \/><\/li>\n<\/ol>\n<h2 id=\"conclusion\"><i class=\"ico ico--pen\"><\/i>Conclusi\u00f3n<\/h2>\n<p>Registrarse a trav\u00e9s de la entidad regulada por CySEC es relativamente sencillo, sobre todo, si tienes a mano toda la documentaci\u00f3n necesaria. Puedes completar el proceso \u00edntegro desde tu ordenador o m\u00f3vil en unos 20 minutos, siempre que puedas responder con rapidez a las preguntas de idoneidad. XTB tambi\u00e9n revisa con agilidad los documentos de verificaci\u00f3n, lo que permitir\u00e1 a los nuevos clientes empezar a operar en cuesti\u00f3n de horas.<\/p>\n","protected":false},"excerpt":{"rendered":"<p>Tipos de cuenta de XTB, en s\u00edntesis En Europa, XTB ofrece una \u00fanica cuenta minorista principal que permite operar con contratos por diferencia sin comisiones. Crear y mantener una cuenta real es gratuito para los traders activos, y el tama\u00f1o m\u00ednimo de transacci\u00f3n es de 0,01 lotes. Las cuentas reales permiten operar desde ordenadores de [&hellip;]<\/p>\n","protected":false},"author":3,"featured_media":0,"parent":10654,"menu_order":0,"comment_status":"closed","ping_status":"closed","template":"templates\/review.php","meta":{"footnotes":""},"class_list":["post-59703","page","type-page","status-publish","hentry"],"aioseo_notices":[],"_links":{"self":[{"href":"https:\/\/www.bestbrokers.com\/es\/wp-json\/wp\/v2\/pages\/59703","targetHints":{"allow":["GET"]}}],"collection":[{"href":"https:\/\/www.bestbrokers.com\/es\/wp-json\/wp\/v2\/pages"}],"about":[{"href":"https:\/\/www.bestbrokers.com\/es\/wp-json\/wp\/v2\/types\/page"}],"author":[{"embeddable":true,"href":"https:\/\/www.bestbrokers.com\/es\/wp-json\/wp\/v2\/users\/3"}],"replies":[{"embeddable":true,"href":"https:\/\/www.bestbrokers.com\/es\/wp-json\/wp\/v2\/comments?post=59703"}],"version-history":[{"count":9,"href":"https:\/\/www.bestbrokers.com\/es\/wp-json\/wp\/v2\/pages\/59703\/revisions"}],"predecessor-version":[{"id":71308,"href":"https:\/\/www.bestbrokers.com\/es\/wp-json\/wp\/v2\/pages\/59703\/revisions\/71308"}],"up":[{"embeddable":true,"href":"https:\/\/www.bestbrokers.com\/es\/wp-json\/wp\/v2\/pages\/10654"}],"wp:attachment":[{"href":"https:\/\/www.bestbrokers.com\/es\/wp-json\/wp\/v2\/media?parent=59703"}],"curies":[{"name":"wp","href":"https:\/\/api.w.org\/{rel}","templated":true}]}}