{"id":59704,"date":"2025-03-19T09:40:54","date_gmt":"2025-03-19T09:40:54","guid":{"rendered":"https:\/\/www.bestbrokers.com\/?page_id=59704"},"modified":"2026-03-11T09:43:25","modified_gmt":"2026-03-11T09:43:25","slug":"account-opening","status":"publish","type":"page","link":"https:\/\/www.bestbrokers.com\/es\/reviews\/vantage-fx\/account-opening\/","title":{"rendered":"C\u00f3mo abrir una cuenta en Vantage"},"content":{"rendered":"<div class=\"author-line\">Escrito por <span class=\"author\">Zornitsa Stefanova<div class=\"author-sub-box\"><div class=\"author-avatar\"><img decoding=\"async\" src=\"https:\/\/www.bestbrokers.com\/wp-content\/uploads\/2024\/09\/zornica-stefanova.jpeg\" \/><\/div><div class=\"author-info-wrapper\"><div class=\"author-name\"><a href=\"https:\/\/www.bestbrokers.com\/es\/authors\/zornitsa-stefanova\/\">Zornitsa Stefanova<\/a><\/div><div class=\"author-bio\">Zornitsa Stefanova es una analista con amplia experiencia en el mercado de divisas y criptomonedas. Tambi\u00e9n es especialista en temas financieros, como el trading de acciones y las inversiones para la jubilaci\u00f3n.<\/div><\/div><\/div><\/span>,  <a rel=\"nofollow\" target=\"_blank\" href=\"https:\/\/www.linkedin.com\/in\/zornica-stefanova-73ab39287\/\"><img decoding=\"async\" class=\"social-icon\" src=\"https:\/\/www.bestbrokers.com\/wp-content\/themes\/best-brokers\/assets\/images\/icon-linkedin.svg\" data-no-lazy=\"1\"><\/a> <span class=\"sep\">|<\/span> Traducido por <span class=\"author\">Estrella Fernandez<div class=\"author-sub-box\"><div class=\"author-avatar\"><img decoding=\"async\" src=\"https:\/\/www.bestbrokers.com\/wp-content\/uploads\/2024\/10\/Estrella-Fernandez.jpeg\" \/><\/div><div class=\"author-info-wrapper\"><div class=\"author-name\"><a href=\"https:\/\/www.bestbrokers.com\/es\/authors\/estrella-fernandez\/\">Estrella Fernandez<\/a><\/div><div class=\"author-bio\">Estrella Fernandez edita y revista contenidos financieros para blogs y websites y hace traducciones de franc\u00e9s e ingl\u00e9s a espa\u00f1ol.<\/div><\/div><\/div><\/span>, <a rel=\"nofollow\" target=\"_blank\" href=\"https:\/\/www.linkedin.com\/in\/estrella-fern%C3%A1ndez-gordillo-a54ab483\/?originalSubdomain=es\"><img decoding=\"async\" class=\"social-icon\" src=\"https:\/\/www.bestbrokers.com\/wp-content\/themes\/best-brokers\/assets\/images\/icon-linkedin.svg\" data-no-lazy=\"1\"><\/a> <span class=\"sep\">|<\/span> Actualizado: <time class=\"entry-date\" datetime=\"2026-03-11T09:43:25+00:00\">marzo 11, 2026<\/time><\/div>\n<h2 id=\"brief\"><i class=\"ico ico--assets\"><\/i>Tipos de cuenta de Vantage, en s\u00edntesis<\/h2>\n<p>La entidad offshore Vantage admite cuatro tipos de cuenta principales, dirigidos a traders de todo tipo de perfiles. Las cuentas <strong>Standard STP<\/strong> est\u00e1n pensadas para principiantes que buscan operar sin comisiones y con acceso directo al mercado, con spreads que parten de 1,1 pips. Los clientes que exigen precios brutos podr\u00e1n abrir cuentas <strong>Raw ECN<\/strong>, con spreads m\u00ednimos desde 0,0 pips y comisiones fijas de 6 $ por lote est\u00e1ndar (ida y vuelta).<\/p>\n<p>Las cuentas <strong>Pro ECN<\/strong> son una opci\u00f3n adecuada para clientes experimentados que operan de forma profesional. Este tipo de cuenta tambi\u00e9n ofrece spreads desde 0,0 pips, aunque las comisiones ida y vuelta por lote est\u00e1ndar son menores: 3 $. Vantage tambi\u00e9n atiende a clientes isl\u00e1micos con <strong>cuentas sin swap<\/strong>. Todos los tipos de cuenta disponibles permiten posiciones m\u00ednimas de 0,01 lotes y admiten diez divisas base fiduciarias, entre ellas EUR, GBP, USD, AUD, JPY, CAD y PLN.<\/p>\n<p>Abrir una cuenta demo es otra opci\u00f3n en Vantage, lo que permite a los traders empezar a operar en modo demostraci\u00f3n en menos de 30 segundos. Dispondr\u00e1n de 100.000 $ en fondos virtuales para practicar y poner a prueba sus estrategias sin riesgo.<\/p>\n\n\t\t\t\t<div class=\"table\">\n\t\t\t\t\t<table class=\"table table-striped table-bordered\">\n\t\t\t\t\t\t<tr>\n\t\t\t\t\t\t\t<td style=\"width: 250px;\"><strong>Cuenta demo<\/strong><\/td>\n\t\t\t\t\t\t\t<td><img decoding=\"async\" width=\"24\" height=\"24\" src=\"\/wp-content\/themes\/best-brokers\/assets\/images\/ico-check.svg\" alt=\"Available\" \/><\/td>\n\t\t\t\t\t\t<\/tr>\n\t\t\t\t\t\t<tr>\n\t\t\t\t\t\t\t<td><strong>Islamic Account<\/strong><\/td>\n\t\t\t\t\t\t\t<td><img decoding=\"async\" width=\"24\" height=\"24\" src=\"\/wp-content\/themes\/best-brokers\/assets\/images\/ico-check.svg\" alt=\"Available\" \/><\/td>\n\t\t\t\t\t\t<\/tr>\n\t\t\t\t\t\t<tr>\n\t\t\t\t\t\t\t<td><strong>Cuenta ECN<\/strong><\/td>\n\t\t\t\t\t\t\t<td><img decoding=\"async\" width=\"24\" height=\"24\" src=\"\/wp-content\/themes\/best-brokers\/assets\/images\/ico-check.svg\" alt=\"Available\" \/><\/td>\n\t\t\t\t\t\t<\/tr>\n\t\t\t\t\t\t<tr>\n\t\t\t\t\t\t\t<td><strong>Cuenta Pro<\/strong><\/td>\n\t\t\t\t\t\t\t<td><img decoding=\"async\" width=\"24\" height=\"24\" src=\"\/wp-content\/themes\/best-brokers\/assets\/images\/ico-check.svg\" alt=\"Available\" \/><\/td>\n\t\t\t\t\t\t<\/tr>\n\t\t\t\t\t\t<tr>\n\t\t\t\t\t\t\t<td><strong>MAM Account<\/strong><\/td>\n\t\t\t\t\t\t\t<td><img decoding=\"async\" width=\"24\" height=\"24\" src=\"\/wp-content\/themes\/best-brokers\/assets\/images\/ico-check.svg\" alt=\"Available\" \/><\/td>\n\t\t\t\t\t\t<\/tr>\n\t\t\t\t\t<\/table>\n\t\t\t\t<\/div>\n\t\t\t\n<h2 id=\"deposit\"><i class=\"ico ico--money-supply\"><\/i>Requisitos de dep\u00f3sito m\u00ednimo en Vantage<\/h2>\n<p>El desembolso m\u00ednimo para las cuentas Standard STP, Raw ECN y sin swap es de 50 $, cifra promedio del sector. Los traders de alto volumen que utilicen cuentas Pro ECN deber\u00e1n ingresar al menos 10.000 $ en sus saldos reales. Vantage acepta m\u00faltiples m\u00e9todos de financiaci\u00f3n, entre ellos, transferencias bancarias, tarjetas, criptomonedas y monederos electr\u00f3nicos como PayPal, Skrill, Neteller, Perfect Money, Sticpay y AstroPay.<\/p>\n<p>No se aplican comisiones adicionales sobre dep\u00f3sitos ni retiradas. Los dep\u00f3sitos son instant\u00e1neos, y se aceptan la mayor\u00eda de m\u00e9todos existentes, salvo las transferencias bancarias y las transferencias de br\u00f3ker a br\u00f3ker, que suelen tardar hasta 24 horas, y de 3 a 5 d\u00edas h\u00e1biles, respectivamente. Las retiradas requieren entre 1 y 5 d\u00edas h\u00e1biles, seg\u00fan el m\u00e9todo de pago.<\/p>\n<h2 id=\"what\"><i class=\"ico ico--question\"><\/i>\u00bfQu\u00e9 mercados se pueden negociar con las cuentas reales de Vantage?<\/h2>\n<p>Los titulares de cuentas reales podr\u00e1n acceder a m\u00e1s de 1.000 mercados financieros, que incluyen m\u00e1s de 40 pares de divisas, \u00edndices, materias primas y acciones. Los clientes podr\u00e1n conectar sus cuentas a MT4 o MT5, y tambi\u00e9n se admiten TradingView y ProTrader. El apalancamiento m\u00e1ximo est\u00e1 limitado a 1:30 para los clientes del Reino Unido y Australia. Los clientes registrados en la entidad offshore podr\u00e1n acceder a un apalancamiento de hasta 1:500. El tama\u00f1o de la operaci\u00f3n va de 0,01 a 100 lotes. Se puede acceder al copy trading a trav\u00e9s de la app de Vantage.<\/p>\n<h2 id=\"steps\"><i class=\"ico ico--account\"><\/i>Registro paso a paso en Vantage: entre 15 y 20 minutos en total<\/h2>\n<ol class=\"list list--steps\">\n<li>Ve al sitio web oficial de Vantage y haz clic o toca el bot\u00f3n naranja \u00abRegistrar\u00bb situado en la esquina superior derecha de la pantalla de tu ordenador o dispositivo m\u00f3vil.<img decoding=\"async\" class=\"aligncenter\" src=\"https:\/\/www.bestbrokers.com\/wp-content\/uploads\/2024\/08\/vantage-account-opening-1.webp\" alt=\"Registration Steps\" width=\"900\" \/><\/li>\n<li>Inicia el proceso de registro introduciendo tu pa\u00eds, correo electr\u00f3nico y contrase\u00f1a. Indica si vas a abrir una cuenta personal o corporativa. Vantage te enviar\u00e1 un c\u00f3digo de verificaci\u00f3n de seis d\u00edgitos para confirmar tu direcci\u00f3n de correo electr\u00f3nico. Acepta los t\u00e9rminos de la pol\u00edtica de privacidad para continuar con el siguiente paso.<img decoding=\"async\" class=\"aligncenter\" src=\"https:\/\/www.bestbrokers.com\/wp-content\/uploads\/2024\/08\/vantage-account-opening-2.webp\" alt=\"Registration Steps\" width=\"900\" \/><\/li>\n<li>Completa tus <strong>datos personales<\/strong> en el formulario de registro: nombre y apellidos, g\u00e9nero, fecha de nacimiento, n\u00famero de tel\u00e9fono, pa\u00eds y nacionalidad.<img decoding=\"async\" class=\"aligncenter\" src=\"https:\/\/www.bestbrokers.com\/wp-content\/uploads\/2024\/08\/vantage-account-opening-3.webp\" alt=\"Registration Steps\" width=\"900\" \/><\/li>\n<li>Contin\u00faa con la <strong>configuraci\u00f3n de la cuenta<\/strong> seleccionando la plataforma de trading, tipo de cuenta y divisa base que prefieras. Existe la opci\u00f3n de operar en Bitcoin y Ethereum. Marca la casilla inferior para indicar que aceptas los t\u00e9rminos y condiciones.<img decoding=\"async\" class=\"aligncenter\" src=\"https:\/\/www.bestbrokers.com\/wp-content\/uploads\/2024\/08\/vantage-account-opening-4.webp\" alt=\"Registration Steps\" width=\"900\" \/>En este punto, habr\u00e1s completado correctamente la solicitud de cuenta y ya podr\u00e1s depositar fondos en tu balance real. Conviene destacar que los nuevos clientes deber\u00e1n verificar su identidad antes de que Vantage les permita realizar operaciones con dinero real.<img decoding=\"async\" class=\"aligncenter\" src=\"https:\/\/www.bestbrokers.com\/wp-content\/uploads\/2024\/08\/vantage-account-opening-5.webp\" alt=\"Registration Steps\" width=\"900\" \/><\/li>\n<li><strong>Verificaci\u00f3n KYC de la cuenta de Vantage: dura entre 5 y 10 minutos<\/strong>Una vez eliges la verificaci\u00f3n de identidad, el br\u00f3ker te solicitar\u00e1 que subas fotos de tus documentos de identidad para demostrar que eres el titular leg\u00edtimo de la cuenta. Comienza confirmando tu pa\u00eds de residencia.<img decoding=\"async\" class=\"aligncenter\" src=\"https:\/\/www.bestbrokers.com\/wp-content\/uploads\/2024\/08\/vantage-account-opening-6.webp\" alt=\"Registration Steps\" width=\"900\" \/><\/li>\n<li>Introduce tu informaci\u00f3n personal tal como aparece en tus documentos y haz clic en \u00abContinuar\u00bb.<img decoding=\"async\" class=\"aligncenter\" src=\"https:\/\/www.bestbrokers.com\/wp-content\/uploads\/2024\/08\/vantage-account-opening-7.webp\" alt=\"Registration Steps\" width=\"900\" \/><br \/>\n<blockquote><p><strong>Nota:<\/strong> si lo prefieres, puedes continuar la verificaci\u00f3n de identidad desde tu smartphone. Vantage generar\u00e1 un c\u00f3digo QR \u00fanico para escanear con la c\u00e1mara del m\u00f3vil, adem\u00e1s de un enlace de verificaci\u00f3n que podr\u00e1s copiar en tu navegador.<\/p><\/blockquote>\n<p><img decoding=\"async\" class=\"aligncenter\" src=\"https:\/\/www.bestbrokers.com\/wp-content\/uploads\/2024\/08\/vantage-account-opening-8.webp\" alt=\"Registration Steps\" width=\"900\" \/><\/li>\n<li>Haz clic en \u00abVerificar ahora\u00bb para subir tus documentos de identidad. Puedes utilizar un documento nacional de identidad, pasaporte, permiso de conducir o permiso de residencia emitido por el gobierno.<img decoding=\"async\" class=\"aligncenter\" src=\"https:\/\/www.bestbrokers.com\/wp-content\/uploads\/2024\/08\/vantage-account-opening-9.webp\" alt=\"Registration Steps\" width=\"900\" \/><\/li>\n<li>Sube el anverso y el reverso del documento elegido. Ten en cuenta que el br\u00f3ker no acepta capturas de pantalla, fotos borrosas ni documentos caducados. Aseg\u00farate de que tus archivos est\u00e9n en un formato admitido (jpg, pdf, png o heic) y no superen los 50 MB.<img decoding=\"async\" class=\"aligncenter\" src=\"https:\/\/www.bestbrokers.com\/wp-content\/uploads\/2024\/08\/vantage-account-opening-10.webp\" alt=\"Registration Steps\" width=\"900\" \/><\/li>\n<li>Espera a que Vantage procese y acepte tus documentos, antes de pasar al siguiente paso.<img decoding=\"async\" class=\"aligncenter\" src=\"https:\/\/www.bestbrokers.com\/wp-content\/uploads\/2024\/08\/vantage-account-opening-11.webp\" alt=\"Registration Steps\" width=\"900\" \/><\/li>\n<li>Completa la verificaci\u00f3n subiendo un comprobante de domicilio para confirmar tu direcci\u00f3n actual. Vantage acepta varios tipos de documentos para este fin, entre ellos, recibos de servicios (gas, agua o electricidad), extractos de tarjetas de cr\u00e9dito y estados de cuenta bancarios.<img decoding=\"async\" class=\"aligncenter\" src=\"https:\/\/www.bestbrokers.com\/wp-content\/uploads\/2024\/08\/vantage-account-opening-12.webp\" alt=\"Registration Steps\" width=\"900\" \/>En este caso, el tama\u00f1o del archivo no debe superar los 5 MB. Los formatos compatibles son jpg, jpeg, docx, doc, bmp, pdf y png. Es importante se\u00f1alar que la verificaci\u00f3n de domicilio fallar\u00e1 si los documentos tienen m\u00e1s de 6 meses de antig\u00fcedad.<\/li>\n<\/ol>\n<h2 id=\"conclusion\"><i class=\"ico ico--pen\"><\/i>Conclusi\u00f3n<\/h2>\n<p>Completar todos los pasos del proceso de registro y verificaci\u00f3n te dar\u00e1 control absoluto sobre tu cuenta, ya que te permitir\u00e1 depositar, operar y solicitar retiradas. Por nuestra experiencia, el proceso de verificaci\u00f3n requiere aproximadamente 15\u201320 minutos, si subes archivos legibles. Los clientes que se registran a trav\u00e9s de esta entidad offshore no est\u00e1n obligados a superar pruebas de experiencia y conocimientos durante el registro.<\/p>\n<p>La verificaci\u00f3n es muy intuitiva y sencilla de completar, sobre todo, si tienes tus documentos en regla y a mano. Solo aseg\u00farate de que tu pa\u00eds no figure en la lista de jurisdicciones restringidas, ya que Vantage no acepta clientes de Canad\u00e1, Singapur, Ruman\u00eda, China y Estados Unidos.<\/p>\n","protected":false},"excerpt":{"rendered":"<p>Tipos de cuenta de Vantage, en s\u00edntesis La entidad offshore Vantage admite cuatro tipos de cuenta principales, dirigidos a traders de todo tipo de perfiles. Las cuentas Standard STP est\u00e1n pensadas para principiantes que buscan operar sin comisiones y con acceso directo al mercado, con spreads que parten de 1,1 pips. Los clientes que exigen [&hellip;]<\/p>\n","protected":false},"author":3,"featured_media":0,"parent":10868,"menu_order":0,"comment_status":"closed","ping_status":"closed","template":"templates\/review.php","meta":{"footnotes":""},"class_list":["post-59704","page","type-page","status-publish","hentry"],"aioseo_notices":[],"_links":{"self":[{"href":"https:\/\/www.bestbrokers.com\/es\/wp-json\/wp\/v2\/pages\/59704","targetHints":{"allow":["GET"]}}],"collection":[{"href":"https:\/\/www.bestbrokers.com\/es\/wp-json\/wp\/v2\/pages"}],"about":[{"href":"https:\/\/www.bestbrokers.com\/es\/wp-json\/wp\/v2\/types\/page"}],"author":[{"embeddable":true,"href":"https:\/\/www.bestbrokers.com\/es\/wp-json\/wp\/v2\/users\/3"}],"replies":[{"embeddable":true,"href":"https:\/\/www.bestbrokers.com\/es\/wp-json\/wp\/v2\/comments?post=59704"}],"version-history":[{"count":12,"href":"https:\/\/www.bestbrokers.com\/es\/wp-json\/wp\/v2\/pages\/59704\/revisions"}],"predecessor-version":[{"id":82618,"href":"https:\/\/www.bestbrokers.com\/es\/wp-json\/wp\/v2\/pages\/59704\/revisions\/82618"}],"up":[{"embeddable":true,"href":"https:\/\/www.bestbrokers.com\/es\/wp-json\/wp\/v2\/pages\/10868"}],"wp:attachment":[{"href":"https:\/\/www.bestbrokers.com\/es\/wp-json\/wp\/v2\/media?parent=59704"}],"curies":[{"name":"wp","href":"https:\/\/api.w.org\/{rel}","templated":true}]}}