{"id":59706,"date":"2025-03-19T09:40:55","date_gmt":"2025-03-19T09:40:55","guid":{"rendered":"https:\/\/www.bestbrokers.com\/?page_id=59706"},"modified":"2025-10-21T14:23:52","modified_gmt":"2025-10-21T14:23:52","slug":"account-opening","status":"publish","type":"page","link":"https:\/\/www.bestbrokers.com\/es\/reviews\/ic-markets\/account-opening\/","title":{"rendered":"C\u00f3mo abrir una cuenta en IC Markets"},"content":{"rendered":"<div class=\"author-line\">Escrito por <span class=\"author\">Naylyan Nazifova<div class=\"author-sub-box\"><div class=\"author-avatar\"><img decoding=\"async\" src=\"https:\/\/www.bestbrokers.com\/wp-content\/uploads\/2026\/04\/nnazifova.webp\" \/><\/div><div class=\"author-info-wrapper\"><div class=\"author-name\"><a href=\"https:\/\/www.bestbrokers.com\/es\/authors\/naylyan-nazifova\/\">Naylyan Nazifova<\/a><\/div><div class=\"author-bio\">Naylyan Nazifova es una reconocida experta en el campo del trading online. Cuenta con numerosas publicaciones y an\u00e1lisis sobre el trading de divisas, la inversi\u00f3n en bolsa y las finanzas personales. <\/div><\/div><\/div><\/span>,  <a rel=\"nofollow\" target=\"_blank\" href=\"https:\/\/www.linkedin.com\/in\/naylian-nazifova-58562a272\/\"><img decoding=\"async\" class=\"social-icon\" src=\"https:\/\/www.bestbrokers.com\/wp-content\/themes\/best-brokers\/assets\/images\/icon-linkedin.svg\" data-no-lazy=\"1\"><\/a> <span class=\"sep\">|<\/span> Traducido por <span class=\"author\">Estrella Fernandez<div class=\"author-sub-box\"><div class=\"author-avatar\"><img decoding=\"async\" src=\"https:\/\/www.bestbrokers.com\/wp-content\/uploads\/2024\/10\/Estrella-Fernandez.jpeg\" \/><\/div><div class=\"author-info-wrapper\"><div class=\"author-name\"><a href=\"https:\/\/www.bestbrokers.com\/es\/authors\/estrella-fernandez\/\">Estrella Fernandez<\/a><\/div><div class=\"author-bio\">Estrella Fernandez edita y revista contenidos financieros para blogs y websites y hace traducciones de franc\u00e9s e ingl\u00e9s a espa\u00f1ol.<\/div><\/div><\/div><\/span>, <a rel=\"nofollow\" target=\"_blank\" href=\"https:\/\/www.linkedin.com\/in\/estrella-fern%C3%A1ndez-gordillo-a54ab483\/?originalSubdomain=es\"><img decoding=\"async\" class=\"social-icon\" src=\"https:\/\/www.bestbrokers.com\/wp-content\/themes\/best-brokers\/assets\/images\/icon-linkedin.svg\" data-no-lazy=\"1\"><\/a> <span class=\"sep\">|<\/span> Actualizado: <time class=\"entry-date\" datetime=\"2025-10-21T14:23:52+00:00\">octubre 21, 2025<\/time><\/div>\n<h2 id=\"brief\"><i class=\"ico ico--assets\"><\/i>Tipos de cuenta de IC Markets, en s\u00edntesis<\/h2>\n<p>Consciente de que los traders tienen objetivos diversos, IC Markets garantiza que cada cliente pueda encontrar una opci\u00f3n de cuenta adaptada a sus preferencias. Adem\u00e1s de una cuenta demo, que estar\u00e1 disponible de inmediato tras completar el registro con el br\u00f3ker, IC Markets tambi\u00e9n ofrece tres tipos de cuenta a sus clientes minoristas: una cuenta Est\u00e1ndar y dos variantes de cuentas Raw Spread.<\/p>\n<p>La cuenta Est\u00e1ndar permite a los traders utilizar las plataformas MT4 y MT5, lo que posibilita un trading fluido, id\u00f3neo para quienes tienen menos experiencia. El spread m\u00ednimo en los principales pares de forex operados con la cuenta Est\u00e1ndar es de 0,8 pips y las operaciones no est\u00e1n sujetas a comisi\u00f3n.<\/p>\n<p>Los traders tambi\u00e9n podr\u00e1n optar por operar en las plataformas MT4 o MT5 con las cuentas Raw Spread, que ofrecen spreads m\u00e1s ajustados desde 0,0 pips y una baja comisi\u00f3n de ida y vuelta de 7 $. La cuenta MetaTrader Raw Spread es especialmente adecuada para scalpers y traders que recurren al trading algor\u00edtmico con EAs.<\/p>\n<p>Existe tambi\u00e9n la opci\u00f3n de la cuenta cTrader Raw Spread, que ofrece los mismos spreads ajustados desde 0,0 pips, pero con una comisi\u00f3n de ida y vuelta a\u00fan m\u00e1s baja, de tan solo 6 $ por lote est\u00e1ndar operado. Est\u00e1 cuenta est\u00e1 pensada para las necesidades de los day traders y scalpers.<\/p>\n<p>Las tres opciones de cuenta mencionadas ofrecen un apalancamiento m\u00e1ximo de hasta 1:30 en los principales pares de forex. Si deseas aumentar este nivel, podr\u00e1s abrir una cuenta profesional con IC Markets. No obstante, ten en cuenta que deber\u00e1s cumplir determinados requisitos para ser elegible como cliente profesional. En cuanto al dep\u00f3sito inicial, los tres tipos de cuenta requieren 200 $. El n\u00famero m\u00e1ximo de \u00f3rdenes abiertas ser\u00e1 de 200 para los dos primeros tipos de cuenta y de 2.000 para el tercero.<\/p>\n\n\t\t\t\t<div class=\"table\">\n\t\t\t\t\t<table class=\"table table-striped table-bordered\">\n\t\t\t\t\t\t<tr>\n\t\t\t\t\t\t\t<td style=\"width: 250px;\"><strong>Cuenta demo<\/strong><\/td>\n\t\t\t\t\t\t\t<td><img decoding=\"async\" width=\"24\" height=\"24\" src=\"\/wp-content\/themes\/best-brokers\/assets\/images\/ico-check.svg\" alt=\"Available\" \/><\/td>\n\t\t\t\t\t\t<\/tr>\n\t\t\t\t\t\t<tr>\n\t\t\t\t\t\t\t<td><strong>Islamic Account<\/strong><\/td>\n\t\t\t\t\t\t\t<td><img decoding=\"async\" width=\"24\" height=\"24\" src=\"\/wp-content\/themes\/best-brokers\/assets\/images\/ico-check.svg\" alt=\"Available\" \/><\/td>\n\t\t\t\t\t\t<\/tr>\n\t\t\t\t\t\t<tr>\n\t\t\t\t\t\t\t<td><strong>Cuenta ECN<\/strong><\/td>\n\t\t\t\t\t\t\t<td><img decoding=\"async\" width=\"24\" height=\"24\" src=\"\/wp-content\/themes\/best-brokers\/assets\/images\/ico-check.svg\" alt=\"Available\" \/><\/td>\n\t\t\t\t\t\t<\/tr>\n\t\t\t\t\t\t<tr>\n\t\t\t\t\t\t\t<td><strong>Cuenta Pro<\/strong><\/td>\n\t\t\t\t\t\t\t<td><img decoding=\"async\" width=\"24\" height=\"24\" src=\"\/wp-content\/themes\/best-brokers\/assets\/images\/ico-check.svg\" alt=\"Available\" \/><\/td>\n\t\t\t\t\t\t<\/tr>\n\t\t\t\t\t\t<tr>\n\t\t\t\t\t\t\t<td><strong>MAM Account<\/strong><\/td>\n\t\t\t\t\t\t\t<td><img decoding=\"async\" width=\"24\" height=\"24\" src=\"\/wp-content\/themes\/best-brokers\/assets\/images\/ico-xmark.svg\" alt=\"Not Available\" \/><\/td>\n\t\t\t\t\t\t<\/tr>\n\t\t\t\t\t<\/table>\n\t\t\t\t<\/div>\n\t\t\t\n<h2 id=\"deposit\"><i class=\"ico ico--money-supply\"><\/i>Requisitos de dep\u00f3sito m\u00ednimo en IC Markets<\/h2>\n<p>Si decides abrir una cuenta real con IC Markets, independientemente del tipo de cuenta que elijas, tendr\u00e1s que depositar al menos 200 $ para activarla. Aunque algunos br\u00f3kers no imponen un m\u00ednimo espec\u00edfico, consideramos que 200 $ sigue siendo una suma razonable para los traders. Tambi\u00e9n conviene se\u00f1alar que los tres tipos de cuenta admiten microlotes, lo que significa que el tama\u00f1o m\u00ednimo por operaci\u00f3n es de 0,01 lotes, equivalentes a 1.000 unidades de la divisa base que hayas seleccionado.<\/p>\n<p>Aunque 200 $ es el dep\u00f3sito m\u00ednimo exigido para cualquiera de las tres cuentas en IC Markets, para poder colocar una orden necesitas contar con al menos 1.000 $ en el saldo. Para tu comodidad, el br\u00f3ker admite varios m\u00e9todos de pago fiables que permiten financiar tu cuenta de forma r\u00e1pida y sencilla. Entre los procesadores compatibles se encuentran Visa y Mastercard, diversas carteras electr\u00f3nicas (PayPal, Neteller y Skrill) y transferencias bancarias.<\/p>\n<h2 id=\"instruments\"><i class=\"ico ico--common-technical-analysis-tools\"><\/i>Instrumentos negociables<\/h2>\n<p>Una de las principales ventajas de las cuentas de IC Markets es que todas dan acceso a una amplia gama de mercados. Sin embargo, el n\u00famero total de instrumentos disponibles var\u00eda seg\u00fan la entidad: la filial australiana ofrece m\u00e1s de 2.250 CFD, mientras que la entidad regulada por CySEC ofrece m\u00e1s de 850. Sea cual sea la plataforma que elijas, obtendr\u00e1s una excelente exposici\u00f3n a mercados como forex, materias primas, \u00edndices, criptomonedas, acciones, futuros y bonos. Todos estos instrumentos se negocian a trav\u00e9s de CFD, lo que te permitir\u00e1 especular sobre sus movimientos de precio sin adquirir la propiedad del activo subyacente. Tomando posiciones largas o cortas, podr\u00e1s beneficiarte tanto de las subidas como de las bajadas del mercado.<\/p>\n<p>Los traders que se unan a IC Markets para operar en forex tendr\u00e1n la posibilidad de negociar m\u00e1s de 61 pares de divisas, entre los que se incluyen pares mayores, menores y ex\u00f3ticos. El apalancamiento ofrece adem\u00e1s una mayor exposici\u00f3n, lo que potencialmente podr\u00e1 aumentar la rentabilidad de las operaciones.<\/p>\n<h2 id=\"steps\"><i class=\"ico ico--account\"><\/i>Proceso de registro: aprox. 5 minutos (cuenta demo)<\/h2>\n<p>Si est\u00e1s listo para unirte a IC Markets y solo quieres echar un vistazo a los mercados, plataformas y condiciones de trading disponibles, puedes comenzar creando tu perfil en IC Markets. El proceso de registro te permitir\u00e1 abrir tu cuenta demo en cuesti\u00f3n de minutos.<\/p>\n<ol class=\"list list--steps\">\n<li>Carga la p\u00e1gina de registro haciendo clic en el enlace \u00abStart Trading\u00bb o en el bot\u00f3n \u00abOpen an Account\u00bb en la p\u00e1gina principal del br\u00f3ker.<img decoding=\"async\" class=\"aligncenter\" src=\"https:\/\/www.bestbrokers.com\/wp-content\/uploads\/2024\/08\/ic-markets-account-opening-1.webp\" alt=\"Registration Steps\" width=\"900\" \/><\/li>\n<li>Ingresa los datos personales necesarios para tu perfil de IC Markets y, cuando est\u00e9s listo, ve al siguiente paso.<img decoding=\"async\" class=\"aligncenter\" src=\"https:\/\/www.bestbrokers.com\/wp-content\/uploads\/2024\/08\/ic-markets-account-opening-2.webp\" alt=\"Registration Steps\" width=\"900\" \/><\/li>\n<li>Elige un tipo de cuenta en funci\u00f3n de si vas a operar como particular, entidad o cuenta conjunta. A continuaci\u00f3n, facilita algunos datos personales adicionales.<img decoding=\"async\" class=\"aligncenter\" src=\"https:\/\/www.bestbrokers.com\/wp-content\/uploads\/2024\/08\/ic-markets-account-opening-3.webp\" alt=\"Registration Steps\" width=\"900\" \/><\/li>\n<li>Configura las opciones de tu cuenta de trading eligiendo la plataforma, el tipo de cuenta y la divisa base.<img decoding=\"async\" class=\"aligncenter\" src=\"https:\/\/www.bestbrokers.com\/wp-content\/uploads\/2024\/08\/ic-markets-account-opening-4.webp\" alt=\"Registration Steps\" width=\"900\" \/><\/li>\n<li>Revisa tus datos personales antes de continuar con el proceso de registro. Selecciona una pregunta de seguridad y establece una respuesta. Aseg\u00farate de recordarla, ya que podr\u00edas tener que facilitarla en el futuro para verificar tu identidad. Lee los t\u00e9rminos y condiciones y las pol\u00edticas espec\u00edficas del br\u00f3ker. Contin\u00faa con el registro una vez hayas aceptado la documentaci\u00f3n le\u00edda.<img decoding=\"async\" class=\"aligncenter\" src=\"https:\/\/www.bestbrokers.com\/wp-content\/uploads\/2024\/08\/ic-markets-account-opening-5.webp\" alt=\"Registration Steps\" width=\"900\" \/>\n<p><img decoding=\"async\" class=\"aligncenter\" src=\"https:\/\/www.bestbrokers.com\/wp-content\/uploads\/2024\/08\/ic-markets-account-opening-6.webp\" alt=\"Registration Steps\" width=\"900\" \/><\/p>\n<p><img decoding=\"async\" class=\"aligncenter\" src=\"https:\/\/www.bestbrokers.com\/wp-content\/uploads\/2024\/08\/ic-markets-account-opening-7.webp\" alt=\"Registration Steps\" width=\"900\" \/><\/li>\n<li>Tras enviar tu solicitud de registro, se te pedir\u00e1 que consultes tu correo electr\u00f3nico para continuar con el proceso. Al hacer clic en el enlace enviado por IC Markets, se te solicitar\u00e1 que elijas una contrase\u00f1a para tu cuenta.<img decoding=\"async\" class=\"aligncenter\" src=\"https:\/\/www.bestbrokers.com\/wp-content\/uploads\/2024\/08\/ic-markets-account-opening-8.webp\" alt=\"Registration Steps\" width=\"900\" \/>\n<p><img decoding=\"async\" class=\"aligncenter\" src=\"https:\/\/www.bestbrokers.com\/wp-content\/uploads\/2024\/08\/ic-markets-account-opening-9.webp\" alt=\"Registration Steps\" width=\"400\" \/><\/li>\n<li>Una vez que hayas seleccionado la contrase\u00f1a, ya podr\u00e1s empezar a operar con una cuenta demo en IC Markets.<img decoding=\"async\" class=\"aligncenter\" src=\"https:\/\/www.bestbrokers.com\/wp-content\/uploads\/2024\/08\/ic-markets-account-opening-10.webp\" alt=\"Registration Steps\" width=\"900\" \/><\/li>\n<\/ol>\n<h2 id=\"verification\"><i class=\"ico ico--approve\"><\/i>Verificaci\u00f3n de la cuenta: aprox. 10 minutos<\/h2>\n<p>Aunque es posible operar con una cuenta demo inmediatamente despu\u00e9s de crear tu perfil en IC Markets, para operar con una Wallet Account es necesario verificar la cuenta. Si sigues las instrucciones que detallamos a continuaci\u00f3n, podr\u00e1s completar el proceso de verificaci\u00f3n en muy poco tiempo, a pesar de que incluye algunos pasos adicionales.<\/p>\n<ol class=\"list list--steps\">\n<li>El primer paso consiste en facilitar informaci\u00f3n sobre tu situaci\u00f3n laboral y tu nivel de conocimientos sobre trading. Tambi\u00e9n se solicitan datos financieros para garantizar que podr\u00e1s asumir el coste de las operaciones y los posibles riesgos asociados al trading en el br\u00f3ker.<img decoding=\"async\" class=\"aligncenter\" src=\"https:\/\/www.bestbrokers.com\/wp-content\/uploads\/2024\/08\/ic-markets-account-opening-11.webp\" alt=\"Registration Steps\" width=\"900\" \/>\n<p><img decoding=\"async\" class=\"aligncenter\" src=\"https:\/\/www.bestbrokers.com\/wp-content\/uploads\/2024\/08\/ic-markets-account-opening-12.webp\" alt=\"Registration Steps\" width=\"900\" \/><\/p>\n<p><img decoding=\"async\" class=\"aligncenter\" src=\"https:\/\/www.bestbrokers.com\/wp-content\/uploads\/2024\/08\/ic-markets-account-opening-13.webp\" alt=\"Registration Steps\" width=\"900\" \/><\/p>\n<p><img decoding=\"async\" class=\"aligncenter\" src=\"https:\/\/www.bestbrokers.com\/wp-content\/uploads\/2024\/08\/ic-markets-account-opening-14.webp\" alt=\"Registration Steps\" width=\"900\" \/><\/p>\n<p><img decoding=\"async\" class=\"aligncenter\" src=\"https:\/\/www.bestbrokers.com\/wp-content\/uploads\/2024\/08\/ic-markets-account-opening-15.webp\" alt=\"Registration Steps\" width=\"900\" \/><\/p>\n<p><img decoding=\"async\" class=\"aligncenter\" src=\"https:\/\/www.bestbrokers.com\/wp-content\/uploads\/2024\/08\/ic-markets-account-opening-16.webp\" alt=\"Registration Steps\" width=\"900\" \/><\/li>\n<li>El siguiente paso de la Evaluaci\u00f3n de Idoneidad de IC Markets es un cuestionario de conocimientos, que determinar\u00e1 si el trading es apropiado para ti o si necesitas formaci\u00f3n adicional sobre sus particularidades y riesgos. A continuaci\u00f3n puedes ver algunas de las preguntas que podr\u00edan plantearte:<img decoding=\"async\" class=\"aligncenter\" src=\"https:\/\/www.bestbrokers.com\/wp-content\/uploads\/2024\/08\/ic-markets-account-opening-17.webp\" alt=\"Registration Steps\" width=\"900\" \/>\n<p><img decoding=\"async\" class=\"aligncenter\" src=\"https:\/\/www.bestbrokers.com\/wp-content\/uploads\/2024\/08\/ic-markets-account-opening-18.webp\" alt=\"Registration Steps\" width=\"900\" \/><\/p>\n<p><img decoding=\"async\" class=\"aligncenter\" src=\"https:\/\/www.bestbrokers.com\/wp-content\/uploads\/2024\/08\/ic-markets-account-opening-19.webp\" alt=\"Registration Steps\" width=\"900\" \/><\/p>\n<p><img decoding=\"async\" class=\"aligncenter\" src=\"https:\/\/www.bestbrokers.com\/wp-content\/uploads\/2024\/08\/ic-markets-account-opening-20.webp\" alt=\"Registration Steps\" width=\"900\" \/><\/p>\n<p><img decoding=\"async\" class=\"aligncenter\" src=\"https:\/\/www.bestbrokers.com\/wp-content\/uploads\/2024\/08\/ic-markets-account-opening-21.webp\" alt=\"Registration Steps\" width=\"900\" \/><\/li>\n<li>Cuando superes el cuestionario de Conocimientos y Experiencia, se te pedir\u00e1 que pases al \u00faltimo paso de la verificaci\u00f3n de cuenta, donde deber\u00e1s subir fotos de tu documento de identidad, pasaporte o permiso de conducir. Adem\u00e1s, tendr\u00e1s que aportar un documento que sirva como prueba de residencia.<img decoding=\"async\" class=\"aligncenter\" src=\"https:\/\/www.bestbrokers.com\/wp-content\/uploads\/2024\/08\/ic-markets-account-opening-22.webp\" alt=\"Registration Steps\" width=\"900\" \/>\n<p><img decoding=\"async\" class=\"aligncenter\" src=\"https:\/\/www.bestbrokers.com\/wp-content\/uploads\/2024\/08\/ic-markets-account-opening-23.webp\" alt=\"Registration Steps\" width=\"900\" \/><\/p>\n<p><img decoding=\"async\" class=\"aligncenter\" src=\"https:\/\/www.bestbrokers.com\/wp-content\/uploads\/2024\/08\/ic-markets-account-opening-24.webp\" alt=\"Registration Steps\" width=\"900\" \/><\/p>\n<p><img decoding=\"async\" class=\"aligncenter\" src=\"https:\/\/www.bestbrokers.com\/wp-content\/uploads\/2024\/08\/ic-markets-account-opening-25.webp\" alt=\"Registration Steps\" width=\"900\" \/><\/li>\n<\/ol>\n<h2 id=\"conclusion\"><i class=\"ico ico--pen\"><\/i>Conclusi\u00f3n<\/h2>\n<p>Si quieres registrarte en IC Markets y empezar a practicar con una cuenta demo, podr\u00e1s hacerlo en cuesti\u00f3n de minutos. Ten presente que deber\u00e1s aportar algunos datos personales y confirmar tu correo electr\u00f3nico antes de finalizar el proceso de alta. Para operar en vivo tendr\u00e1s que completar la verificaci\u00f3n de la cuenta, lo que podr\u00eda llevar algo m\u00e1s de tiempo, ya que se te solicitar\u00e1 informaci\u00f3n sobre tu empleo, tu situaci\u00f3n financiera y tu experiencia en trading. El paso final exige copias de un documento de identidad y de un recibo o documento similar que sirva como prueba de residencia. Aunque resulte algo laborioso, estos requisitos son habituales en cualquier br\u00f3ker de prestigio que cumpla estrictas normas regulatorias.<\/p>\n","protected":false},"excerpt":{"rendered":"<p>Tipos de cuenta de IC Markets, en s\u00edntesis Consciente de que los traders tienen objetivos diversos, IC Markets garantiza que cada cliente pueda encontrar una opci\u00f3n de cuenta adaptada a sus preferencias. Adem\u00e1s de una cuenta demo, que estar\u00e1 disponible de inmediato tras completar el registro con el br\u00f3ker, IC Markets tambi\u00e9n ofrece tres tipos [&hellip;]<\/p>\n","protected":false},"author":3,"featured_media":0,"parent":10873,"menu_order":0,"comment_status":"closed","ping_status":"closed","template":"templates\/review.php","meta":{"footnotes":""},"class_list":["post-59706","page","type-page","status-publish","hentry"],"aioseo_notices":[],"_links":{"self":[{"href":"https:\/\/www.bestbrokers.com\/es\/wp-json\/wp\/v2\/pages\/59706","targetHints":{"allow":["GET"]}}],"collection":[{"href":"https:\/\/www.bestbrokers.com\/es\/wp-json\/wp\/v2\/pages"}],"about":[{"href":"https:\/\/www.bestbrokers.com\/es\/wp-json\/wp\/v2\/types\/page"}],"author":[{"embeddable":true,"href":"https:\/\/www.bestbrokers.com\/es\/wp-json\/wp\/v2\/users\/3"}],"replies":[{"embeddable":true,"href":"https:\/\/www.bestbrokers.com\/es\/wp-json\/wp\/v2\/comments?post=59706"}],"version-history":[{"count":7,"href":"https:\/\/www.bestbrokers.com\/es\/wp-json\/wp\/v2\/pages\/59706\/revisions"}],"predecessor-version":[{"id":71313,"href":"https:\/\/www.bestbrokers.com\/es\/wp-json\/wp\/v2\/pages\/59706\/revisions\/71313"}],"up":[{"embeddable":true,"href":"https:\/\/www.bestbrokers.com\/es\/wp-json\/wp\/v2\/pages\/10873"}],"wp:attachment":[{"href":"https:\/\/www.bestbrokers.com\/es\/wp-json\/wp\/v2\/media?parent=59706"}],"curies":[{"name":"wp","href":"https:\/\/api.w.org\/{rel}","templated":true}]}}