{"id":59707,"date":"2025-03-19T09:40:55","date_gmt":"2025-03-19T09:40:55","guid":{"rendered":"https:\/\/www.bestbrokers.com\/?page_id=59707"},"modified":"2025-10-21T14:23:57","modified_gmt":"2025-10-21T14:23:57","slug":"account-opening","status":"publish","type":"page","link":"https:\/\/www.bestbrokers.com\/es\/reviews\/swissquote\/account-opening\/","title":{"rendered":"C\u00f3mo abrir una cuenta en Swissquote"},"content":{"rendered":"<div class=\"author-line\">Escrito por <span class=\"author\">Naylyan Nazifova<div class=\"author-sub-box\"><div class=\"author-avatar\"><img decoding=\"async\" src=\"https:\/\/www.bestbrokers.com\/wp-content\/uploads\/2026\/04\/nnazifova.webp\" \/><\/div><div class=\"author-info-wrapper\"><div class=\"author-name\"><a href=\"https:\/\/www.bestbrokers.com\/es\/authors\/naylyan-nazifova\/\">Naylyan Nazifova<\/a><\/div><div class=\"author-bio\">Naylyan Nazifova es una reconocida experta en el campo del trading online. Cuenta con numerosas publicaciones y an\u00e1lisis sobre el trading de divisas, la inversi\u00f3n en bolsa y las finanzas personales. <\/div><\/div><\/div><\/span>,  <a rel=\"nofollow\" target=\"_blank\" href=\"https:\/\/www.linkedin.com\/in\/naylian-nazifova-58562a272\/\"><img decoding=\"async\" class=\"social-icon\" src=\"https:\/\/www.bestbrokers.com\/wp-content\/themes\/best-brokers\/assets\/images\/icon-linkedin.svg\" data-no-lazy=\"1\"><\/a> <span class=\"sep\">|<\/span> Traducido por <span class=\"author\">Estrella Fernandez<div class=\"author-sub-box\"><div class=\"author-avatar\"><img decoding=\"async\" src=\"https:\/\/www.bestbrokers.com\/wp-content\/uploads\/2024\/10\/Estrella-Fernandez.jpeg\" \/><\/div><div class=\"author-info-wrapper\"><div class=\"author-name\"><a href=\"https:\/\/www.bestbrokers.com\/es\/authors\/estrella-fernandez\/\">Estrella Fernandez<\/a><\/div><div class=\"author-bio\">Estrella Fernandez edita y revista contenidos financieros para blogs y websites y hace traducciones de franc\u00e9s e ingl\u00e9s a espa\u00f1ol.<\/div><\/div><\/div><\/span>, <a rel=\"nofollow\" target=\"_blank\" href=\"https:\/\/www.linkedin.com\/in\/estrella-fern%C3%A1ndez-gordillo-a54ab483\/?originalSubdomain=es\"><img decoding=\"async\" class=\"social-icon\" src=\"https:\/\/www.bestbrokers.com\/wp-content\/themes\/best-brokers\/assets\/images\/icon-linkedin.svg\" data-no-lazy=\"1\"><\/a> <span class=\"sep\">|<\/span> Actualizado: <time class=\"entry-date\" datetime=\"2025-10-21T14:23:57+00:00\">octubre 21, 2025<\/time><\/div>\n<h2 id=\"brief\"><i class=\"ico ico--assets\"><\/i>Tipos de cuenta en Swissquote<\/h2>\n<p>Los traders que deseen unirse a Swissquote podr\u00e1n elegir entre varios tipos de cuenta, empezando por la cuenta Demo. Con ella, podr\u00e1n practicar sin arriesgar dinero real, lo que supone una opci\u00f3n perfecta para principiantes o para quienes deseen practicar sus estrategias.<\/p>\n<p>En cuanto al trading en vivo, Swissquote ofrece:<\/p>\n<ol class=\"list list--steps orange\">\n<li><strong>Premium:<\/strong> Los titulares de una cuenta Premium disfrutar\u00e1n de operaciones de forex sin comisi\u00f3n, ya que el coste total est\u00e1 incluido en el spread. Quienes activen una cuenta Premium podr\u00e1n operar los principales pares de forex con spreads a partir de 1,3 pips.<\/li>\n<li><strong>Prime:<\/strong> Considerada la opci\u00f3n m\u00e1s popular entre los miembros de Swissquote, este tipo de cuenta no cobra comisiones y ofrece spreads a\u00fan m\u00e1s ajustados, desde 0,6 pips.<\/li>\n<li><strong>Elite:<\/strong> Por \u00faltimo, la versi\u00f3n Elite reduce los spreads hasta un m\u00ednimo de 0,0 pips, con una peque\u00f1a comisi\u00f3n de 2,50 \u20ac por cada lado en operaciones de un lote.<\/li>\n<\/ol>\n<p>Los tres tipos de cuenta incluyen protecci\u00f3n de saldo negativo, un nivel de stop-out del 50 % y protecci\u00f3n de dep\u00f3sitos de hasta 20.000 \u20ac. Dado que los traders minoristas tienen un apalancamiento limitado, Swissquote tambi\u00e9n ofrece la posibilidad de solicitar una cuenta profesional para poder acceder a ratios de apalancamiento superiores. Sin embargo, los traders deber\u00e1n cumplir ciertos criterios para poder operar como profesionales. Adem\u00e1s, hay que considerar que la selecci\u00f3n de tipos de cuenta podr\u00e1 variar en funci\u00f3n de tu lugar de residencia.<\/p>\n\n\t\t\t\t<div class=\"table\">\n\t\t\t\t\t<table class=\"table table-striped table-bordered\">\n\t\t\t\t\t\t<tr>\n\t\t\t\t\t\t\t<td style=\"width: 250px;\"><strong>Cuenta demo<\/strong><\/td>\n\t\t\t\t\t\t\t<td><img decoding=\"async\" width=\"24\" height=\"24\" src=\"\/wp-content\/themes\/best-brokers\/assets\/images\/ico-check.svg\" alt=\"Available\" \/><\/td>\n\t\t\t\t\t\t<\/tr>\n\t\t\t\t\t\t<tr>\n\t\t\t\t\t\t\t<td><strong>Islamic Account<\/strong><\/td>\n\t\t\t\t\t\t\t<td><img decoding=\"async\" width=\"24\" height=\"24\" src=\"\/wp-content\/themes\/best-brokers\/assets\/images\/ico-xmark.svg\" alt=\"Not Available\" \/><\/td>\n\t\t\t\t\t\t<\/tr>\n\t\t\t\t\t\t<tr>\n\t\t\t\t\t\t\t<td><strong>Cuenta ECN<\/strong><\/td>\n\t\t\t\t\t\t\t<td><img decoding=\"async\" width=\"24\" height=\"24\" src=\"\/wp-content\/themes\/best-brokers\/assets\/images\/ico-xmark.svg\" alt=\"Not Available\" \/><\/td>\n\t\t\t\t\t\t<\/tr>\n\t\t\t\t\t\t<tr>\n\t\t\t\t\t\t\t<td><strong>Cuenta Pro<\/strong><\/td>\n\t\t\t\t\t\t\t<td><img decoding=\"async\" width=\"24\" height=\"24\" src=\"\/wp-content\/themes\/best-brokers\/assets\/images\/ico-check.svg\" alt=\"Available\" \/><\/td>\n\t\t\t\t\t\t<\/tr>\n\t\t\t\t\t\t<tr>\n\t\t\t\t\t\t\t<td><strong>MAM Account<\/strong><\/td>\n\t\t\t\t\t\t\t<td><img decoding=\"async\" width=\"24\" height=\"24\" src=\"\/wp-content\/themes\/best-brokers\/assets\/images\/ico-check.svg\" alt=\"Available\" \/><\/td>\n\t\t\t\t\t\t<\/tr>\n\t\t\t\t\t<\/table>\n\t\t\t\t<\/div>\n\t\t\t\n<h2 id=\"deposit\"><i class=\"ico ico--money-supply\"><\/i>Requisitos de dep\u00f3sito m\u00ednimo en Swissquote<\/h2>\n<p>Como se mencion\u00f3 m\u00e1s arriba, si deseas empezar a operar con Swissquote, podr\u00e1s escoger entre tres tipos principales de cuenta. El br\u00f3ker ha fijado en 1.000 $ el dep\u00f3sito necesario para poder activar tu cuenta de trading. Aunque a primera vista pueda parecer un importe elevado, <span>\u2014<\/span>sobre todo frente a brokers que no imponen requisitos<span>\u2014<\/span>, consideramos que es una cifra razonable. La raz\u00f3n es que el tama\u00f1o m\u00ednimo de operaci\u00f3n en Swissquote es de 0,01 lotes, lo que equivale a 1.000 unidades de la divisa base de tu cuenta.<\/p>\n<h2 id=\"instruments\"><i class=\"ico ico--common-technical-analysis-tools\"><\/i>\u00bfQu\u00e9 mercados se pueden negociar en Swissquote?<\/h2>\n<p>Para cubrir las preferencias de sus clientes, Swissquote abarca una amplia gama de mercados, entre los que se incluyen pares de forex, metales y CFDs sobre m\u00faltiples instrumentos. Los pares de divisas abarcan t\u00edckers principales, secundarios y ex\u00f3ticos, y el n\u00famero total de cruces de forex disponibles supera los 80. Asimismo, existe la posibilidad de operar con metales preciosos emparejados con las divisas fiduciarias m\u00e1s populares.<\/p>\n<p>Swissquote tambi\u00e9n ofrece trading con CFDs, lo que permite especular sobre el precio de numerosos activos y obtener beneficios tanto en posiciones cortas como largas. Los CFDs cubren mercados como materias primas, \u00edndices, acciones, bonos y criptomonedas.<\/p>\n<h2 id=\"steps\"><i class=\"ico ico--account\"><\/i>Registro paso a paso en Swissquote: unos 10 minutos para cuentas reales<\/h2>\n<p>Al unirte a Swissquote podr\u00e1s abrir una cuenta demo y empezar a operar de inmediato con fondos virtuales destinados a la pr\u00e1ctica. Crear una cuenta demo es r\u00e1pido, pues el proceso se puede completar en dos sencillos pasos. No obstante, si deseas abrir una cuenta real, el procedimiento completo podr\u00eda tardar entre 5 y 10 minutos, ya que se solicitar\u00e1n bastantes datos.<\/p>\n<ol class=\"list list--steps\">\n<li>Empieza abriendo el formulario de registro a trav\u00e9s del bot\u00f3n \u00abSign up\u00bb y elige si crear una cuenta Demo o una cuenta real de trading.\n<p><img decoding=\"async\" class=\"aligncenter\" src=\"https:\/\/www.bestbrokers.com\/wp-content\/uploads\/2025\/07\/Screenshot-23666.webp\" alt=\"Registration Steps\" width=\"900\" \/><\/p>\n<p><img decoding=\"async\" class=\"aligncenter\" src=\"https:\/\/www.bestbrokers.com\/wp-content\/uploads\/2024\/08\/swissquote-account-opening-2.webp\" alt=\"Registration Steps\" width=\"900\" \/><\/p>\n<p><img decoding=\"async\" class=\"aligncenter\" src=\"https:\/\/www.bestbrokers.com\/wp-content\/uploads\/2024\/08\/swissquote-account-opening-3.webp\" alt=\"Registration Steps\" width=\"900\" \/><\/li>\n<li>Si eliges la opci\u00f3n \u00abTry a demo\u00bb, se te redirigir\u00e1 a una p\u00e1gina donde deber\u00e1s facilitar informaci\u00f3n personal b\u00e1sica. Una vez hecho esto, tu cuenta Demo estar\u00e1 lista para operaciones con dinero virtual.\n<p><img decoding=\"async\" class=\"aligncenter\" src=\"https:\/\/www.bestbrokers.com\/wp-content\/uploads\/2024\/08\/swissquote-account-opening-4.webp\" alt=\"Registration Steps\" width=\"900\" \/><\/li>\n<li>Si optas por abrir una cuenta real, se te mostrar\u00e1 un formulario de registro diferente, cuyo primer paso consistir\u00e1 en proporcionar una serie de datos personales.\n<p><img decoding=\"async\" class=\"aligncenter\" src=\"https:\/\/www.bestbrokers.com\/wp-content\/uploads\/2024\/08\/swissquote-account-opening-5.webp\" alt=\"Registration Steps\" width=\"900\" \/><\/p>\n<p><img decoding=\"async\" class=\"aligncenter\" src=\"https:\/\/www.bestbrokers.com\/wp-content\/uploads\/2024\/08\/swissquote-account-opening-6.webp\" alt=\"Registration Steps\" width=\"900\" \/><\/li>\n<li>El siguiente paso del proceso de apertura de cuenta es indicar tu ocupaci\u00f3n y tus objetivos de trading. Selecciona la opci\u00f3n correspondiente en funci\u00f3n de si eres, o no, residente estadounidense .\n<p><img decoding=\"async\" class=\"aligncenter\" src=\"https:\/\/www.bestbrokers.com\/wp-content\/uploads\/2024\/08\/swissquote-account-opening-7.webp\" alt=\"Registration Steps\" width=\"900\" \/><\/p>\n<p><img decoding=\"async\" class=\"aligncenter\" src=\"https:\/\/www.bestbrokers.com\/wp-content\/uploads\/2024\/08\/swissquote-account-opening-8.webp\" alt=\"Registration Steps\" width=\"900\" \/><\/li>\n<li>Tras configurar tu perfil de cliente, pasar\u00e1s a la secci\u00f3n de informaci\u00f3n financiera, donde deber\u00e1s especificar en tu cuenta una serie de cuestiones y datos sobre tu situaci\u00f3n econ\u00f3mica.\n<p><img decoding=\"async\" class=\"aligncenter\" src=\"https:\/\/www.bestbrokers.com\/wp-content\/uploads\/2024\/08\/swissquote-account-opening-9.webp\" alt=\"Registration Steps\" width=\"900\" \/><\/li>\n<li>Se te pedir\u00e1 responder a varias preguntas que ayudar\u00e1n al br\u00f3ker a evaluar tus conocimientos y experiencia en el \u00e1mbito del trading.\n<p><img decoding=\"async\" class=\"aligncenter\" src=\"https:\/\/www.bestbrokers.com\/wp-content\/uploads\/2024\/08\/swissquote-account-opening-10.webp\" alt=\"Registration Steps\" width=\"900\" \/><\/li>\n<li>Aseg\u00farate de que los datos proporcionados sean correctos y rellena el formulario de declaraci\u00f3n de conformidad.\n<p><img decoding=\"async\" class=\"aligncenter\" src=\"https:\/\/www.bestbrokers.com\/wp-content\/uploads\/2024\/08\/swissquote-account-opening-11.webp\" alt=\"Registration Steps\" width=\"900\" \/><\/p>\n<p><img decoding=\"async\" class=\"aligncenter\" src=\"https:\/\/www.bestbrokers.com\/wp-content\/uploads\/2024\/08\/swissquote-account-opening-12.webp\" alt=\"Registration Steps\" width=\"900\" \/><\/p>\n<p><img decoding=\"async\" class=\"aligncenter\" src=\"https:\/\/www.bestbrokers.com\/wp-content\/uploads\/2024\/08\/swissquote-account-opening-13.webp\" alt=\"Registration Steps\" width=\"900\" \/><\/li>\n<\/ol>\n<h2 id=\"verification\"><i class=\"ico ico--approve\"><\/i>Verificaci\u00f3n de la cuenta: aproximadamente 5 minutos<\/h2>\n<p>Una vez creada tu cuenta real, deber\u00e1s completar el proceso de autenticaci\u00f3n de Swissquote. Este paso es obligatorio, ya que el br\u00f3ker sigue una serie de estrictas directrices regulatorias para garantizar un entorno de trading seguro y justo para sus clientes.<\/p>\n<p><img decoding=\"async\" class=\"aligncenter\" src=\"https:\/\/www.bestbrokers.com\/wp-content\/uploads\/2024\/08\/swissquote-account-opening-14.webp\" alt=\"Registration Steps\" width=\"350\" \/><\/p>\n<ol class=\"list list--steps\">\n<li>Puedes empezar tomando una foto de tu documento de identidad o pasaporte; el sitio web solicitar\u00e1 acceso a la c\u00e1mara del dispositivo que elijas. El br\u00f3ker te enviar\u00e1 un c\u00f3digo de verificaci\u00f3n, ya sea por SMS o correo electr\u00f3nico, a fin de asegurar una conexi\u00f3n m\u00e1s segura cuando env\u00edes las copias de tu documento oficial.\n<p><img decoding=\"async\" class=\"aligncenter\" src=\"https:\/\/www.bestbrokers.com\/wp-content\/uploads\/2024\/08\/swissquote-account-opening-15.webp\" alt=\"Registration Steps\" width=\"350\" \/><\/p>\n<p><img decoding=\"async\" class=\"aligncenter\" src=\"https:\/\/www.bestbrokers.com\/wp-content\/uploads\/2024\/08\/swissquote-account-opening-16.webp\" alt=\"Registration Steps\" width=\"900\" \/><\/li>\n<li>A continuaci\u00f3n, procede a leer, familiarizarte y firmar tus contratos con Swissquote.\n<p><img decoding=\"async\" class=\"aligncenter\" src=\"https:\/\/www.bestbrokers.com\/wp-content\/uploads\/2024\/08\/swissquote-account-opening-17.webp\" alt=\"Registration Steps\" width=\"350\" \/><\/li>\n<li>El br\u00f3ker tambi\u00e9n te requerir\u00e1 cargar alg\u00fan documento que acredite tu domicilio.\n<p><img decoding=\"async\" class=\"aligncenter\" src=\"https:\/\/www.bestbrokers.com\/wp-content\/uploads\/2024\/08\/swissquote-account-opening-18.webp\" alt=\"Registration Steps\" width=\"350\" \/><\/li>\n<li>Los traders podr\u00e1n aportar documentos adicionales que consideren \u00fatiles para la verificaci\u00f3n. En caso de que ya los hayan subido, podr\u00e1n omitir este paso.\n<p><img decoding=\"async\" class=\"aligncenter\" src=\"https:\/\/www.bestbrokers.com\/wp-content\/uploads\/2024\/08\/swissquote-account-opening-19.webp\" alt=\"Registration Steps\" width=\"350\" \/><\/li>\n<li>Una vez que se hayan enviado todos los documentos requeridos, el equipo del br\u00f3ker los revisar\u00e1. La solicitud de verificaci\u00f3n de cuenta podr\u00e1 aprobarse en cuesti\u00f3n de horas.<\/li>\n<\/ol>\n<h2 id=\"conclusion\"><i class=\"ico ico--pen\"><\/i>Conclusi\u00f3n<\/h2>\n<p>Crear una cuenta real con Swissquote resulta, sin duda, m\u00e1s laborioso que abrir una cuenta Demo. Para crear tu perfil con el br\u00f3ker se te pedir\u00e1 responder a varias preguntas sobre tu situaci\u00f3n financiera y laboral, as\u00ed como informaci\u00f3n sobre tu experiencia y conocimientos de trading. Una vez configurado tu perfil, tambi\u00e9n deber\u00e1s pasar por el proceso de verificaci\u00f3n. Este proceso no es nada fuera de lo com\u00fan, ya que Swissquote cumple las estrictas directrices KYC impuestas por reguladores de nivel 1, como la <a href=\"https:\/\/www.bestbrokers.com\/es\/forex-brokers\/cysec-regulated-forex-brokers\/\">CySEC<\/a> (Comisi\u00f3n del Mercado de Valores de Chipre).<\/p>\n","protected":false},"excerpt":{"rendered":"<p>Tipos de cuenta en Swissquote Los traders que deseen unirse a Swissquote podr\u00e1n elegir entre varios tipos de cuenta, empezando por la cuenta Demo. Con ella, podr\u00e1n practicar sin arriesgar dinero real, lo que supone una opci\u00f3n perfecta para principiantes o para quienes deseen practicar sus estrategias. En cuanto al trading en vivo, Swissquote ofrece: [&hellip;]<\/p>\n","protected":false},"author":3,"featured_media":0,"parent":10853,"menu_order":0,"comment_status":"closed","ping_status":"closed","template":"templates\/review.php","meta":{"footnotes":""},"class_list":["post-59707","page","type-page","status-publish","hentry"],"aioseo_notices":[],"_links":{"self":[{"href":"https:\/\/www.bestbrokers.com\/es\/wp-json\/wp\/v2\/pages\/59707","targetHints":{"allow":["GET"]}}],"collection":[{"href":"https:\/\/www.bestbrokers.com\/es\/wp-json\/wp\/v2\/pages"}],"about":[{"href":"https:\/\/www.bestbrokers.com\/es\/wp-json\/wp\/v2\/types\/page"}],"author":[{"embeddable":true,"href":"https:\/\/www.bestbrokers.com\/es\/wp-json\/wp\/v2\/users\/3"}],"replies":[{"embeddable":true,"href":"https:\/\/www.bestbrokers.com\/es\/wp-json\/wp\/v2\/comments?post=59707"}],"version-history":[{"count":7,"href":"https:\/\/www.bestbrokers.com\/es\/wp-json\/wp\/v2\/pages\/59707\/revisions"}],"predecessor-version":[{"id":71315,"href":"https:\/\/www.bestbrokers.com\/es\/wp-json\/wp\/v2\/pages\/59707\/revisions\/71315"}],"up":[{"embeddable":true,"href":"https:\/\/www.bestbrokers.com\/es\/wp-json\/wp\/v2\/pages\/10853"}],"wp:attachment":[{"href":"https:\/\/www.bestbrokers.com\/es\/wp-json\/wp\/v2\/media?parent=59707"}],"curies":[{"name":"wp","href":"https:\/\/api.w.org\/{rel}","templated":true}]}}