{"id":59708,"date":"2025-03-19T09:40:55","date_gmt":"2025-03-19T09:40:55","guid":{"rendered":"https:\/\/www.bestbrokers.com\/?page_id=59708"},"modified":"2025-10-21T14:23:59","modified_gmt":"2025-10-21T14:23:59","slug":"account-opening","status":"publish","type":"page","link":"https:\/\/www.bestbrokers.com\/es\/reviews\/xm\/account-opening\/","title":{"rendered":"C\u00f3mo abrir una cuenta en XM"},"content":{"rendered":"<div class=\"author-line\">Escrito por <span class=\"author\">Naylyan Nazifova<div class=\"author-sub-box\"><div class=\"author-info-wrapper\"><div class=\"author-name\"><a href=\"https:\/\/www.bestbrokers.com\/es\/authors\/naylyan-nazifova\/\">Naylyan Nazifova<\/a><\/div><div class=\"author-bio\">Naylyan Nazifova es una reconocida experta en el campo del trading online. Cuenta con numerosas publicaciones y an\u00e1lisis sobre el trading de divisas, la inversi\u00f3n en bolsa y las finanzas personales. <\/div><\/div><\/div><\/span>,  <a rel=\"nofollow\" target=\"_blank\" href=\"https:\/\/www.linkedin.com\/in\/naylian-nazifova-58562a272\/\"><img decoding=\"async\" class=\"social-icon\" src=\"https:\/\/www.bestbrokers.com\/wp-content\/themes\/best-brokers\/assets\/images\/icon-linkedin.svg\" data-no-lazy=\"1\"><\/a> <span class=\"sep\">|<\/span> Traducido por <span class=\"author\">Estrella Fernandez<div class=\"author-sub-box\"><div class=\"author-avatar\"><img decoding=\"async\" src=\"https:\/\/www.bestbrokers.com\/wp-content\/uploads\/2024\/10\/Estrella-Fernandez.jpeg\" \/><\/div><div class=\"author-info-wrapper\"><div class=\"author-name\"><a href=\"https:\/\/www.bestbrokers.com\/es\/authors\/estrella-fernandez\/\">Estrella Fernandez<\/a><\/div><div class=\"author-bio\">Estrella Fernandez edita y revista contenidos financieros para blogs y websites y hace traducciones de franc\u00e9s e ingl\u00e9s a espa\u00f1ol.<\/div><\/div><\/div><\/span>, <a rel=\"nofollow\" target=\"_blank\" href=\"https:\/\/www.linkedin.com\/in\/estrella-fern%C3%A1ndez-gordillo-a54ab483\/?originalSubdomain=es\"><img decoding=\"async\" class=\"social-icon\" src=\"https:\/\/www.bestbrokers.com\/wp-content\/themes\/best-brokers\/assets\/images\/icon-linkedin.svg\" data-no-lazy=\"1\"><\/a> <span class=\"sep\">|<\/span> Actualizado: <time class=\"entry-date\" datetime=\"2025-10-21T14:23:59+00:00\">octubre 21, 2025<\/time><\/div>\n<h2 id=\"brief\"><i class=\"ico ico--assets\"><\/i>Tipos de cuenta en XM, en s\u00edntesis<\/h2>\n<p>Si deseas probar la experiencia de trading en XM, puedes abrir una cuenta demo, lo que te llevar\u00e1 solo un par de minutos. Por su parte, quienes est\u00e9n listos para operar con fondos reales podr\u00e1n abrir una de las opciones de cuenta real de XM.<\/p>\n<p>En XM, los traders tendr\u00e1n la opci\u00f3n de elegir entre dos tipos de cuenta de trading. Cada una de ellas est\u00e1 creada para cubrir sus diferentes objetivos y preferencias de inversi\u00f3n.<\/p>\n<ul class=\"list-checks\">\n<li><strong>Ultra Low:<\/strong> Una pr\u00e1ctica opci\u00f3n para principiantes, ya que permite operar con microlotes. La cuenta Ultra Low tambi\u00e9n ofrece trading sin swaps para quienes no puedan pagar ni recibir intereses. Por \u00faltimo, este tipo de cuenta no cobra comisi\u00f3n, pues todo el coste est\u00e1 incluido en el spread. Si utilizas esta modalidad, podr\u00e1s operar pares de divisas principales con spreads desde 0,8 pips.<\/li>\n<li><strong>Zero:<\/strong> Si buscas una operativa m\u00e1s avanzada, la cuenta Zero ser\u00e1 una alternativa viable. Aunque no admite microlotes, este tipo de cuenta aplica costes reducidos, con spreads en los pares principales desde 0,0 pips. Se cobra una peque\u00f1a comisi\u00f3n de 3,50 $ por cada lado y por lote operado. Sin embargo, ten en cuenta que el trading sin swaps tampoco est\u00e1 disponible para los titulares de cuentas Zero.<\/li>\n<\/ul>\n<p>Cabe se\u00f1alar que, dependiendo de tu pa\u00eds de residencia, podr\u00edas tener acceso a tipos de cuenta adicionales. Los traders europeos tendr\u00e1n un l\u00edmite de apalancamiento de hasta 1:30 en pares de forex, aplicable tanto a las cuentas Ultra Low como Zero. No obstante, aquellos que cumplan determinados criterios podr\u00e1n optar por cuentas profesionales, que ofrecen un apalancamiento considerablemente m\u00e1s alto.<\/p>\n\n\t\t\t\t<div class=\"table\">\n\t\t\t\t\t<table class=\"table table-striped table-bordered\">\n\t\t\t\t\t\t<tr>\n\t\t\t\t\t\t\t<td style=\"width: 250px;\"><strong>Cuenta demo<\/strong><\/td>\n\t\t\t\t\t\t\t<td><img decoding=\"async\" width=\"24\" height=\"24\" src=\"\/wp-content\/themes\/best-brokers\/assets\/images\/ico-check.svg\" alt=\"Available\" \/><\/td>\n\t\t\t\t\t\t<\/tr>\n\t\t\t\t\t\t<tr>\n\t\t\t\t\t\t\t<td><strong>Islamic Account<\/strong><\/td>\n\t\t\t\t\t\t\t<td><img decoding=\"async\" width=\"24\" height=\"24\" src=\"\/wp-content\/themes\/best-brokers\/assets\/images\/ico-check.svg\" alt=\"Available\" \/><\/td>\n\t\t\t\t\t\t<\/tr>\n\t\t\t\t\t\t<tr>\n\t\t\t\t\t\t\t<td><strong>Cuenta ECN<\/strong><\/td>\n\t\t\t\t\t\t\t<td><img decoding=\"async\" width=\"24\" height=\"24\" src=\"\/wp-content\/themes\/best-brokers\/assets\/images\/ico-xmark.svg\" alt=\"Not Available\" \/><\/td>\n\t\t\t\t\t\t<\/tr>\n\t\t\t\t\t\t<tr>\n\t\t\t\t\t\t\t<td><strong>Cuenta Pro<\/strong><\/td>\n\t\t\t\t\t\t\t<td><img decoding=\"async\" width=\"24\" height=\"24\" src=\"\/wp-content\/themes\/best-brokers\/assets\/images\/ico-xmark.svg\" alt=\"Not Available\" \/><\/td>\n\t\t\t\t\t\t<\/tr>\n\t\t\t\t\t\t<tr>\n\t\t\t\t\t\t\t<td><strong>MAM Account<\/strong><\/td>\n\t\t\t\t\t\t\t<td><img decoding=\"async\" width=\"24\" height=\"24\" src=\"\/wp-content\/themes\/best-brokers\/assets\/images\/ico-xmark.svg\" alt=\"Not Available\" \/><\/td>\n\t\t\t\t\t\t<\/tr>\n\t\t\t\t\t<\/table>\n\t\t\t\t<\/div>\n\t\t\t\n<h2 id=\"deposit\"><i class=\"ico ico--money-supply\"><\/i>Requisitos de dep\u00f3sito m\u00ednimo en XM<\/h2>\n<p>Independientemente del tipo de cuenta que quieras abrir en XM, el dep\u00f3sito m\u00ednimo requerido es de 5 $. Se trata de un umbral muy accesible que permite a los traders elegir entre varios m\u00e9todos de pago para financiar sus cuentas. No obstante, a la hora de ejecutar operaciones, deber\u00e1n tener en cuenta que 5 $ no son suficientes para abrir una posici\u00f3n. Aunque operes con microlotes, una operaci\u00f3n de 0,01 lotes representa una orden de 1.000 unidades de tu divisa base. Por ello, recomendamos realizar dep\u00f3sitos mayores a fin de contar con fondos suficientes.<\/p>\n<h2 id=\"instruments\"><i class=\"ico ico--common-technical-analysis-tools\"><\/i>\u00bfQu\u00e9 mercados se pueden negociar en XM?<\/h2>\n<p>En XM, los traders tendr\u00e1n la oportunidad de explorar una amplia variedad de mercados a trav\u00e9s de populares plataformas como MT4, MT5 y la aplicaci\u00f3n XM, que ofrecen acceso a numerosos instrumentos de forex y CFD. Si prefieres operar pares de divisas, disfrutar\u00e1s de una gran exposici\u00f3n al mercado con m\u00e1s de 50 cruces disponibles. Por su parte, los CFD en XM superan los 1.400 activos, lo que permitir\u00e1 abrir posiciones largas y cortas y aprovechar oportunidades, con independencia de la direcci\u00f3n del precio del activo subyacente.<\/p>\n<p>Adem\u00e1s de forex, el br\u00f3ker cubre otros mercados como materias primas, CFD de acciones, metales preciosos, \u00edndices tem\u00e1ticos, \u00edndices burs\u00e1tiles y energ\u00edas. Sea cual sea la plataforma que elijas, disfrutar\u00e1s de una excelente exposici\u00f3n al mercado.<\/p>\n<h2 id=\"steps\"><i class=\"ico ico--account\"><\/i>Registro paso a paso de cuenta en XM: unos 2 minutos (cuenta demo)<\/h2>\n<p>Si est\u00e1s listo para unirte a XM y deseas abrir una cuenta demo para practicar, podr\u00e1s configurar tu perfil en menos de 2 minutos. Todo el proceso es muy sencillo y requiere muy pocos pasos.<\/p>\n<ol class=\"list list--steps\">\n<li>Para comenzar, abre la p\u00e1gina de registro desde el bot\u00f3n \u00abGet Started\u00bb en la p\u00e1gina de inicio del br\u00f3ker.\n<p><img decoding=\"async\" class=\"aligncenter\" src=\"https:\/\/www.bestbrokers.com\/wp-content\/uploads\/2024\/08\/xm-account-opening-1.webp\" alt=\"Registration Steps\" width=\"900\" \/><\/li>\n<li>Selecciona tu pa\u00eds de residencia e introduce tu correo electr\u00f3nico y contrase\u00f1a, datos que se utilizar\u00e1n para iniciar sesi\u00f3n en tu perfil de XM. Haz clic en \u00abRegister\u00bb.\n<p><img decoding=\"async\" class=\"aligncenter\" src=\"https:\/\/www.bestbrokers.com\/wp-content\/uploads\/2024\/08\/xm-account-opening-2.webp\" alt=\"Registration Steps\" width=\"900\" \/><\/li>\n<li>Contin\u00faa verificando tu correo electr\u00f3nico haciendo clic en el enlace de XM que habr\u00e1s recibido.\n<p><img decoding=\"async\" class=\"aligncenter\" src=\"https:\/\/www.bestbrokers.com\/wp-content\/uploads\/2024\/08\/xm-account-opening-3.webp\" alt=\"Registration Steps\" width=\"350\" \/><\/p>\n<p><img decoding=\"async\" class=\"aligncenter\" src=\"https:\/\/www.bestbrokers.com\/wp-content\/uploads\/2024\/08\/xm-account-opening-4.webp\" alt=\"Registration Steps\" width=\"350\" \/><\/p>\n<p><img decoding=\"async\" class=\"aligncenter\" src=\"https:\/\/www.bestbrokers.com\/wp-content\/uploads\/2024\/08\/xm-account-opening-5.webp\" alt=\"Registration Steps\" width=\"350\" \/><\/li>\n<li>Una vez confirmado tu correo electr\u00f3nico, podr\u00e1s explorar las condiciones de trading de XM con una cuenta Demo. Sin embargo, si deseas operar con dinero real, tendr\u00e1s que verificar tu cuenta.\n<p><img decoding=\"async\" class=\"aligncenter\" src=\"https:\/\/www.bestbrokers.com\/wp-content\/uploads\/2024\/08\/xm-account-opening-6.webp\" alt=\"Registration Steps\" width=\"900\" \/><\/li>\n<\/ol>\n<h2 id=\"verification\"><i class=\"ico ico--approve\"><\/i>Verificaci\u00f3n de cuenta: entre 8 y 10 minutos<\/h2>\n<p>Abrir una cuenta real en XM requiere seguir unos sencillos pasos de verificaci\u00f3n. Aunque este proceso puede ser un poco m\u00e1s largo que el mero registro, si sigues las instrucciones que detallamos a continuaci\u00f3n reducir\u00e1s notablemente el tiempo necesario para crear tu cuenta real.<\/p>\n<ol class=\"list list--steps\">\n<li>Empieza proporcionando algunos datos personales para completar tu perfil de XM.\n<p><img decoding=\"async\" class=\"aligncenter\" src=\"https:\/\/www.bestbrokers.com\/wp-content\/uploads\/2024\/08\/xm-account-opening-7.webp\" alt=\"Registration Steps\" width=\"900\" \/><\/li>\n<li>En la siguiente secci\u00f3n tendr\u00e1s que indicar cierta informaci\u00f3n fiscal.\n<p><img decoding=\"async\" class=\"aligncenter\" src=\"https:\/\/www.bestbrokers.com\/wp-content\/uploads\/2024\/08\/xm-account-opening-8.webp\" alt=\"Registration Steps\" width=\"900\" \/><\/li>\n<li>Tambi\u00e9n deber\u00e1s facilitar datos sobre tu nacionalidad para continuar con la verificaci\u00f3n de la cuenta.\n<p><img decoding=\"async\" class=\"aligncenter\" src=\"https:\/\/www.bestbrokers.com\/wp-content\/uploads\/2024\/08\/xm-account-opening-9.webp\" alt=\"Registration Steps\" width=\"900\" \/><\/li>\n<li>Una vez aportada toda la informaci\u00f3n personal requerida por el br\u00f3ker, podr\u00e1s continuar con los datos financieros. Configurar tu perfil de inversor en XM implica responder a varias preguntas, que puedes ver a continuaci\u00f3n:\n<p><img decoding=\"async\" class=\"aligncenter\" src=\"https:\/\/www.bestbrokers.com\/wp-content\/uploads\/2024\/08\/xm-account-opening-10.webp\" alt=\"Registration Steps\" width=\"900\" \/><br \/>\n<img decoding=\"async\" class=\"aligncenter\" src=\"https:\/\/www.bestbrokers.com\/wp-content\/uploads\/2024\/08\/xm-account-opening-11.webp\" alt=\"Registration Steps\" width=\"900\" \/><br \/>\n<img decoding=\"async\" class=\"aligncenter\" src=\"https:\/\/www.bestbrokers.com\/wp-content\/uploads\/2024\/08\/xm-account-opening-12.webp\" alt=\"Registration Steps\" width=\"900\" \/><br \/>\n<img decoding=\"async\" class=\"aligncenter\" src=\"https:\/\/www.bestbrokers.com\/wp-content\/uploads\/2024\/08\/xm-account-opening-13.webp\" alt=\"Registration Steps\" width=\"900\" \/><\/li>\n<li>El paso final del proceso de verificaci\u00f3n consiste en subir fotograf\u00edas de documentos que acrediten tu identidad y domicilio. Para ello, se te pedir\u00e1 que concedas acceso a la c\u00e1mara de tu dispositivo, y as\u00ed poder completar la verificaci\u00f3n en muy poco tiempo.\n<p><img decoding=\"async\" class=\"aligncenter\" src=\"https:\/\/www.bestbrokers.com\/wp-content\/uploads\/2024\/08\/xm-account-opening-14.webp\" alt=\"Registration Steps\" width=\"900\" \/><\/p>\n<p><img decoding=\"async\" class=\"aligncenter\" src=\"https:\/\/www.bestbrokers.com\/wp-content\/uploads\/2024\/08\/xm-account-opening-15.webp\" alt=\"Registration Steps\" width=\"350\" \/><\/p>\n<p><img decoding=\"async\" class=\"aligncenter\" src=\"https:\/\/www.bestbrokers.com\/wp-content\/uploads\/2024\/08\/xm-account-opening-16.webp\" alt=\"Registration Steps\" width=\"350\" \/><\/p>\n<p><img decoding=\"async\" class=\"aligncenter\" src=\"https:\/\/www.bestbrokers.com\/wp-content\/uploads\/2024\/08\/xm-account-opening-17.webp\" alt=\"Registration Steps\" width=\"900\" \/><\/li>\n<li>Una vez enviados todos los documentos, tu solicitud de verificaci\u00f3n ser\u00e1 revisada por el equipo de XM.<\/li>\n<\/ol>\n<h2 id=\"conclusion\"><i class=\"ico ico--pen\"><\/i>Conclusi\u00f3n<\/h2>\n<p>El proceso de registro en XM es sencillo y r\u00e1pido, especialmente si solo quieres probar el br\u00f3ker con una cuenta Demo. Incluso si decides activar una cuenta real, podr\u00e1s completar la verificaci\u00f3n obligatoria en menos de 10 minutos. Aunque deber\u00e1s facilitar cierta informaci\u00f3n financiera y subir documentos para acreditar tu identidad, tendr\u00e1s la seguridad de que todo ello se hace para protegerte, pues XM cumple estrictamente las directrices KYC (Know Your Customer) impuestas por reguladores de trading de reconocido prestigio.<\/p>\n","protected":false},"excerpt":{"rendered":"<p>Tipos de cuenta en XM, en s\u00edntesis Si deseas probar la experiencia de trading en XM, puedes abrir una cuenta demo, lo que te llevar\u00e1 solo un par de minutos. Por su parte, quienes est\u00e9n listos para operar con fondos reales podr\u00e1n abrir una de las opciones de cuenta real de XM. En XM, los [&hellip;]<\/p>\n","protected":false},"author":3,"featured_media":0,"parent":10907,"menu_order":0,"comment_status":"closed","ping_status":"closed","template":"templates\/review.php","meta":{"footnotes":""},"class_list":["post-59708","page","type-page","status-publish","hentry"],"aioseo_notices":[],"_links":{"self":[{"href":"https:\/\/www.bestbrokers.com\/es\/wp-json\/wp\/v2\/pages\/59708","targetHints":{"allow":["GET"]}}],"collection":[{"href":"https:\/\/www.bestbrokers.com\/es\/wp-json\/wp\/v2\/pages"}],"about":[{"href":"https:\/\/www.bestbrokers.com\/es\/wp-json\/wp\/v2\/types\/page"}],"author":[{"embeddable":true,"href":"https:\/\/www.bestbrokers.com\/es\/wp-json\/wp\/v2\/users\/3"}],"replies":[{"embeddable":true,"href":"https:\/\/www.bestbrokers.com\/es\/wp-json\/wp\/v2\/comments?post=59708"}],"version-history":[{"count":6,"href":"https:\/\/www.bestbrokers.com\/es\/wp-json\/wp\/v2\/pages\/59708\/revisions"}],"predecessor-version":[{"id":71317,"href":"https:\/\/www.bestbrokers.com\/es\/wp-json\/wp\/v2\/pages\/59708\/revisions\/71317"}],"up":[{"embeddable":true,"href":"https:\/\/www.bestbrokers.com\/es\/wp-json\/wp\/v2\/pages\/10907"}],"wp:attachment":[{"href":"https:\/\/www.bestbrokers.com\/es\/wp-json\/wp\/v2\/media?parent=59708"}],"curies":[{"name":"wp","href":"https:\/\/api.w.org\/{rel}","templated":true}]}}