{"id":59709,"date":"2025-03-19T09:40:55","date_gmt":"2025-03-19T09:40:55","guid":{"rendered":"https:\/\/www.bestbrokers.com\/?page_id=59709"},"modified":"2025-10-21T14:23:50","modified_gmt":"2025-10-21T14:23:50","slug":"account-opening","status":"publish","type":"page","link":"https:\/\/www.bestbrokers.com\/es\/reviews\/fxtm\/account-opening\/","title":{"rendered":"C\u00f3mo abrir una cuenta en FXTM"},"content":{"rendered":"<div class=\"author-line\">Escrito por <span class=\"author\">Naylyan Nazifova<div class=\"author-sub-box\"><div class=\"author-avatar\"><img decoding=\"async\" src=\"https:\/\/www.bestbrokers.com\/wp-content\/uploads\/2026\/04\/nnazifova.webp\" \/><\/div><div class=\"author-info-wrapper\"><div class=\"author-name\"><a href=\"https:\/\/www.bestbrokers.com\/es\/authors\/naylyan-nazifova\/\">Naylyan Nazifova<\/a><\/div><div class=\"author-bio\">Naylyan Nazifova es una reconocida experta en el campo del trading online. Cuenta con numerosas publicaciones y an\u00e1lisis sobre el trading de divisas, la inversi\u00f3n en bolsa y las finanzas personales. <\/div><\/div><\/div><\/span>,  <a rel=\"nofollow\" target=\"_blank\" href=\"https:\/\/www.linkedin.com\/in\/naylian-nazifova-58562a272\/\"><img decoding=\"async\" class=\"social-icon\" src=\"https:\/\/www.bestbrokers.com\/wp-content\/themes\/best-brokers\/assets\/images\/icon-linkedin.svg\" data-no-lazy=\"1\"><\/a> <span class=\"sep\">|<\/span> Traducido por <span class=\"author\">Estrella Fernandez<div class=\"author-sub-box\"><div class=\"author-avatar\"><img decoding=\"async\" src=\"https:\/\/www.bestbrokers.com\/wp-content\/uploads\/2024\/10\/Estrella-Fernandez.jpeg\" \/><\/div><div class=\"author-info-wrapper\"><div class=\"author-name\"><a href=\"https:\/\/www.bestbrokers.com\/es\/authors\/estrella-fernandez\/\">Estrella Fernandez<\/a><\/div><div class=\"author-bio\">Estrella Fernandez edita y revista contenidos financieros para blogs y websites y hace traducciones de franc\u00e9s e ingl\u00e9s a espa\u00f1ol.<\/div><\/div><\/div><\/span>, <a rel=\"nofollow\" target=\"_blank\" href=\"https:\/\/www.linkedin.com\/in\/estrella-fern%C3%A1ndez-gordillo-a54ab483\/?originalSubdomain=es\"><img decoding=\"async\" class=\"social-icon\" src=\"https:\/\/www.bestbrokers.com\/wp-content\/themes\/best-brokers\/assets\/images\/icon-linkedin.svg\" data-no-lazy=\"1\"><\/a> <span class=\"sep\">|<\/span> Actualizado: <time class=\"entry-date\" datetime=\"2025-10-21T14:23:50+00:00\">octubre 21, 2025<\/time><\/div>\n<h2 id=\"brief\"><i class=\"ico ico--assets\"><\/i>Tipos de cuenta en FXTM, en s\u00edntesis<\/h2>\n<p>FXTM ofrece tres tipos de cuentas de trading, lo que permite a sus clientes compararlas y elegir la que mejor se adapte a su experiencia, objetivos y presupuesto. La cuenta de trading <strong>Advantage<\/strong> ofrece spreads a partir de 0,0 pips y una comisi\u00f3n de 3,5 $ por lote operado en forex. Adem\u00e1s de divisas, la gama de instrumentos disponibles con este tipo de cuenta incluye metales al contado, CFD sobre \u00edndices, CFD sobre materias primas, CFD sobre criptomonedas, CFD sobre acciones y ETF (estos dos \u00faltimos solo est\u00e1n disponibles a trav\u00e9s de la plataforma MT5).<\/p>\n<p>El segundo tipo de cuenta, <strong>Advantage Plus<\/strong>, incluye spreads m\u00e1s amplios a partir de 1,5 pips y cero comisiones. La gama de instrumentos negociables coincide con la de la cuenta Advantage, con los CFD sobre acciones y los ETF disponibles exclusivamente en la plataforma MT5.<\/p>\n<p>La tercera opci\u00f3n de cuenta, <strong>Advantage Stocks<\/strong>, ofrece spreads desde 6 centavos y cero comisiones. Como su nombre indica, las acciones son los \u00fanicos instrumentos disponibles. Los dos primeros tipos de cuenta permiten operar con apalancamiento, mientras que la tercera no permite esta opci\u00f3n.<\/p>\n<p>FXTM ofrece una detallada comparativa de los tres tipos de cuenta e informaci\u00f3n sobre los requisitos de dep\u00f3sito m\u00ednimo, spreads, comisiones, instrumentos negociables, divisas admitidas y vol\u00famenes m\u00ednimo y m\u00e1ximo de operaci\u00f3n. Las cuentas Advantage y Advantage Plus incluyen una opci\u00f3n libre de swap, lo que las hace adecuadas para los traders musulmanes. Adem\u00e1s, el br\u00f3ker ofrece una cuenta demo que proporciona un entorno de negociaci\u00f3n simulado y la posibilidad de explorar distintos mercados sin arriesgar fondos reales.<\/p>\n<p>El proceso de apertura de cuenta con FXTM es \u00e1gil y sencillo de completar. Los clientes podr\u00e1n contar la asistencia eficiente y profesional del equipo de atenci\u00f3n al cliente, desde la creaci\u00f3n de sus perfiles en FXTM hasta la elecci\u00f3n del tipo de cuenta, financiaci\u00f3n de la misma, acceso a la plataforma MT, o ejecuci\u00f3n de la primera operaci\u00f3n.<\/p>\n\n\t\t\t\t<div class=\"table\">\n\t\t\t\t\t<table class=\"table table-striped table-bordered\">\n\t\t\t\t\t\t<tr>\n\t\t\t\t\t\t\t<td style=\"width: 250px;\"><strong>Cuenta demo<\/strong><\/td>\n\t\t\t\t\t\t\t<td><img decoding=\"async\" width=\"24\" height=\"24\" src=\"\/wp-content\/themes\/best-brokers\/assets\/images\/ico-check.svg\" alt=\"Available\" \/><\/td>\n\t\t\t\t\t\t<\/tr>\n\t\t\t\t\t\t<tr>\n\t\t\t\t\t\t\t<td><strong>Islamic Account<\/strong><\/td>\n\t\t\t\t\t\t\t<td><img decoding=\"async\" width=\"24\" height=\"24\" src=\"\/wp-content\/themes\/best-brokers\/assets\/images\/ico-check.svg\" alt=\"Available\" \/><\/td>\n\t\t\t\t\t\t<\/tr>\n\t\t\t\t\t\t<tr>\n\t\t\t\t\t\t\t<td><strong>Cuenta ECN<\/strong><\/td>\n\t\t\t\t\t\t\t<td><img decoding=\"async\" width=\"24\" height=\"24\" src=\"\/wp-content\/themes\/best-brokers\/assets\/images\/ico-xmark.svg\" alt=\"Not Available\" \/><\/td>\n\t\t\t\t\t\t<\/tr>\n\t\t\t\t\t\t<tr>\n\t\t\t\t\t\t\t<td><strong>Cuenta Pro<\/strong><\/td>\n\t\t\t\t\t\t\t<td><img decoding=\"async\" width=\"24\" height=\"24\" src=\"\/wp-content\/themes\/best-brokers\/assets\/images\/ico-check.svg\" alt=\"Available\" \/><\/td>\n\t\t\t\t\t\t<\/tr>\n\t\t\t\t\t\t<tr>\n\t\t\t\t\t\t\t<td><strong>MAM Account<\/strong><\/td>\n\t\t\t\t\t\t\t<td><img decoding=\"async\" width=\"24\" height=\"24\" src=\"\/wp-content\/themes\/best-brokers\/assets\/images\/ico-xmark.svg\" alt=\"Not Available\" \/><\/td>\n\t\t\t\t\t\t<\/tr>\n\t\t\t\t\t<\/table>\n\t\t\t\t<\/div>\n\t\t\t\n<h2 id=\"deposit\"><i class=\"ico ico--money-supply\"><\/i>Requisitos de dep\u00f3sito m\u00ednimo en FXTM<\/h2>\n<p>El requisito de dep\u00f3sito m\u00ednimo para los tres tipos de cuenta de trading de FXTM \u2014Advantage, Advantage Plus y Advantage Stocks\u2014 es de 200 $\/\u20ac\/\u00a3. Aunque el umbral m\u00ednimo es el mismo para las tres opciones, las condiciones de trading difieren.<\/p>\n<p>La cuenta Advantage ofrece spreads a partir de 0,0 pips y una comisi\u00f3n de 3,5 $ por lote operado en forex. La cuenta Advantage Plus presenta spreads ligeramente m\u00e1s amplios a partir de 1,5 pips y cero comisiones en todos los instrumentos. La cuenta Advantage Stocks tambi\u00e9n ofrece cero comisiones en acciones, adem\u00e1s de spreads desde 6 centavos. El volumen m\u00ednimo por orden para los tres tipos de cuenta comenzar\u00e1 en 0,01 lotes; el m\u00e1ximo ser\u00e1 de 100 lotes para las cuentas Advantage y Advantage Plus, y ser\u00e1 ilimitado para la cuenta Advantage Stocks.<\/p>\n<p>Es importante se\u00f1alar que el br\u00f3ker aplicar\u00e1 una comisi\u00f3n fija de 3 $ en todos los dep\u00f3sitos y retiradas inferiores a 30 $ o su equivalente en otra divisa.<\/p>\n<h2 id=\"instruments\"><i class=\"ico ico--common-technical-analysis-tools\"><\/i>\u00bfQu\u00e9 mercados se pueden negociar en FXTM?<\/h2>\n<p>La cartera de negociaci\u00f3n de FXTM est\u00e1 compuesta por m\u00e1s de 1.000 instrumentos con ejecuci\u00f3n ultrarr\u00e1pida. Los principales mercados que ofrece el br\u00f3ker incluyen forex, metales al contado, acciones, CFD sobre acciones, materias primas, \u00edndices, ETF y criptomonedas. Su disponibilidad podr\u00e1 variar en funci\u00f3n de la normativa vigente en cada jurisdicci\u00f3n.<\/p>\n<p>En cuanto a la operativa en forex, FXTM ofrece m\u00e1s de 60 divisas, con pares principales, secundarios y ex\u00f3ticos. Los traders tambi\u00e9n podr\u00e1n buscar oportunidades de beneficio en las fluctuaciones de los metales preciosos, como el oro y la plata, negociados frente a divisas como el EUR, el USD y la GBP. Las acciones constituyen otra opci\u00f3n atractiva para aprovechar los movimientos de precios de marcas populares como Facebook, Apple y Tesla. Adem\u00e1s, es posible abrir posiciones largas y cortas sobre los precios de acciones de distintas compa\u00f1\u00edas cotizadas en las principales bolsas.<\/p>\n<p>La oferta de FXTM tambi\u00e9n abarca materias primas como el gas natural, Brent y crudo West Texas. El trading de \u00edndices burs\u00e1tiles brinda la posibilidad de exponerse a las variaciones de precio de una cartera completa de acciones. Por \u00faltimo, el mercado de criptomonedas \u2014con su volatilidad sin igual\u2014 atrae a los traders interesados en especular con los movimientos de Bitcoin, Ripple, o Ethereum, entre otras criptodivisas.<\/p>\n<p>El br\u00f3ker ha integrado las plataformas m\u00e1s populares del sector, MetaTrader 4 y MetaTrader 5, que incluyen gr\u00e1ficos y herramientas para operar con precisi\u00f3n y mejorar las habilidades de trading. Entre las herramientas disponibles para los operadores de CFD podemos citar: un calculador de pips, un calendario econ\u00f3mico, calculadoras de riesgo y beneficio y se\u00f1ales de trading, todas ellas dise\u00f1adas para aprovechar al m\u00e1ximo las oportunidades del mercado.<\/p>\n<h2 id=\"steps\"><i class=\"ico ico--account\"><\/i>Registro paso a paso en FXTM: unos 5 minutos en total<\/h2>\n<ol class=\"list list--steps\">\n<li>Para iniciar el proceso de registro en FXTM, los traders deben hacer clic en el bot\u00f3n \u00abOpen Account\u00bb situado en la parte superior derecha del sitio web.<img decoding=\"async\" class=\"aligncenter\" src=\"https:\/\/www.bestbrokers.com\/wp-content\/uploads\/2025\/02\/fxtm-registration-1-1.webp\" alt=\"FXTM Registration Step 1\" \/><\/li>\n<li>Debe completarse un formulario de registro con informaci\u00f3n sobre nombre y apellidos, pa\u00eds de residencia, tel\u00e9fono m\u00f3vil, correo electr\u00f3nico y contrase\u00f1a. Los clientes del br\u00f3ker deber\u00e1n indicar el m\u00e9todo elegido para verificar sus cuentas: SMS, correo electr\u00f3nico o a trav\u00e9s de WhatsApp.<img decoding=\"async\" class=\"aligncenter\" src=\"https:\/\/www.bestbrokers.com\/wp-content\/uploads\/2025\/02\/fxtm-registration-2-1.webp\" alt=\"FXTM Registration Step 2\" \/><\/li>\n<li>El paso siguiente en la apertura de cuenta consiste en elegir un tipo de cuenta \u2014Advantage, Advantage Stocks o Advantage Plus\u2014 seg\u00fan las preferencias del trader. Antes, podr\u00e1 optarse por practicar con una cuenta demo, opci\u00f3n disponible en las cuentas Advantage y Advantage Plus.<img decoding=\"async\" class=\"aligncenter\" src=\"https:\/\/www.bestbrokers.com\/wp-content\/uploads\/2025\/02\/fxtm-registration-3-1.webp\" alt=\"FXTM Registration Step 3\" \/><\/li>\n<li>Una vez seleccionado el tipo de cuenta, el trader debe continuar y completar el formulario de solicitud de cuenta. Se solicitar\u00e1n datos personales como el g\u00e9nero, fecha de nacimiento, sector de actividad, nivel de responsabilidad, nacionalidad, n\u00famero de identificaci\u00f3n fiscal, ciudad, direcci\u00f3n completa y origen de los fondos.<img decoding=\"async\" class=\"aligncenter\" src=\"https:\/\/www.bestbrokers.com\/wp-content\/uploads\/2025\/02\/fxtm-registration-4-1.webp\" alt=\"FXTM Registration Step 4\" \/><\/li>\n<li>A continuaci\u00f3n, deber\u00e1 elegirse la divisa (EUR, USD o GBP), el nivel de apalancamiento y la contrase\u00f1a de la cuenta de trading.<img decoding=\"async\" class=\"aligncenter\" src=\"https:\/\/www.bestbrokers.com\/wp-content\/uploads\/2025\/02\/fxtm-registration-5-1.webp\" alt=\"FXTM Registration Step 5\" \/><\/li>\n<li>Una vez que la nueva cuenta est\u00e9 lista, el trader podr\u00e1 realizar dep\u00f3sitos de hasta 10.000 $ antes de completar la verificaci\u00f3n de la cuenta. Los m\u00e9todos de dep\u00f3sito admitidos incluyen monederos electr\u00f3nicos (Skrill y Neteller) y varias criptomonedas (Tether, BTC, ETH, TRX, entre otras). Los m\u00e9todos de pago podr\u00e1n variar en funci\u00f3n del pa\u00eds de residencia del usuario.<img decoding=\"async\" class=\"aligncenter\" src=\"https:\/\/www.bestbrokers.com\/wp-content\/uploads\/2025\/02\/fxtm-registration-6-1.webp\" alt=\"FXTM Registration Step 6\" \/><\/li>\n<\/ol>\n<h2 id=\"verification\"><i class=\"ico ico--approve\"><\/i>Proceso de verificaci\u00f3n de identidad: unos 5 minutos<\/h2>\n<p>Para acceder por completo a las funciones y herramientas de FXTM, y como procedimiento est\u00e1ndar, los traders deber\u00e1n verificar sus perfiles y cargar sus documentos de identificaci\u00f3n, junto a la prueba de residencia.<\/p>\n<p><img decoding=\"async\" class=\"aligncenter\" src=\"https:\/\/www.bestbrokers.com\/wp-content\/uploads\/2025\/02\/fxtm-registration-7-1.webp\" alt=\"FXTM Registration Step 7\" \/><\/p>\n<ol class=\"list list--steps\">\n<li>\n<h3>Documento de identidad (ID)<\/h3>\n<p>Los documentos v\u00e1lidos para la verificaci\u00f3n de cuenta en FXTM son los siguientes: pasaporte, documento nacional de identidad, permiso de conducir o permiso de residencia. El br\u00f3ker acepta copias escaneadas y fotograf\u00edas tomadas con m\u00f3vil del anverso y reverso del documento. Los formatos de imagen admitidos y el tama\u00f1o m\u00e1ximo del archivo se indican claramente.<\/p>\n<p>Para cumplir con los requisitos, los documentos de identidad enviados deben ser legibles, sin manchas ni sombras. Otros elementos obligatorios que deben verse con claridad son: nombre completo, fechas de expedici\u00f3n y caducidad, lugar y fecha de nacimiento o TIN. Los traders podr\u00e1n consultar ejemplos de documentos v\u00e1lidos.<\/p>\n<p><img decoding=\"async\" class=\"aligncenter\" src=\"https:\/\/www.bestbrokers.com\/wp-content\/uploads\/2025\/02\/fxtm-registration-8-1.webp\" alt=\"FXTM Registration Step 8\" \/><\/li>\n<li>Como comprobante de domicilio, FXTM acepta extractos bancarios o de tarjeta, facturas de servicios, certificados de residencia, p\u00f3lizas de seguro, contratos de alquiler o registros de veh\u00edculo. Estos documentos deben haberse emitido en los \u00faltimos tres meses. Si el documento de identidad presentado en el primer paso de la verificaci\u00f3n ya mostrase la direcci\u00f3n del trader, podr\u00eda no ser necesario aportar un comprobante adicional.<\/li>\n<\/ol>\n<h2 id=\"conclusion\"><i class=\"ico ico--pen\"><\/i>Conclusi\u00f3n<\/h2>\n<p>FXTM es un consolidado br\u00f3ker de forex y CFD. Los procesos de apertura y verificaci\u00f3n de cuenta son sencillos y podr\u00e1n completarse en pocos minutos. El formulario de registro solicita datos personales y de contacto. Una vez enviados, el trader deber\u00e1 verificar su identidad y su direcci\u00f3n como parte de los procedimientos est\u00e1ndar de AML y KYC. La verificaci\u00f3n podr\u00e1 tardar entre 1 y 3 d\u00edas laborables, dependiendo de la calidad de los documentos enviados y de la carga de trabajo del equipo de soporte de FXTM.<\/p>\n","protected":false},"excerpt":{"rendered":"<p>Tipos de cuenta en FXTM, en s\u00edntesis FXTM ofrece tres tipos de cuentas de trading, lo que permite a sus clientes compararlas y elegir la que mejor se adapte a su experiencia, objetivos y presupuesto. La cuenta de trading Advantage ofrece spreads a partir de 0,0 pips y una comisi\u00f3n de 3,5 $ por lote [&hellip;]<\/p>\n","protected":false},"author":2,"featured_media":0,"parent":10843,"menu_order":0,"comment_status":"closed","ping_status":"closed","template":"templates\/review.php","meta":{"footnotes":""},"class_list":["post-59709","page","type-page","status-publish","hentry"],"aioseo_notices":[],"_links":{"self":[{"href":"https:\/\/www.bestbrokers.com\/es\/wp-json\/wp\/v2\/pages\/59709","targetHints":{"allow":["GET"]}}],"collection":[{"href":"https:\/\/www.bestbrokers.com\/es\/wp-json\/wp\/v2\/pages"}],"about":[{"href":"https:\/\/www.bestbrokers.com\/es\/wp-json\/wp\/v2\/types\/page"}],"author":[{"embeddable":true,"href":"https:\/\/www.bestbrokers.com\/es\/wp-json\/wp\/v2\/users\/2"}],"replies":[{"embeddable":true,"href":"https:\/\/www.bestbrokers.com\/es\/wp-json\/wp\/v2\/comments?post=59709"}],"version-history":[{"count":7,"href":"https:\/\/www.bestbrokers.com\/es\/wp-json\/wp\/v2\/pages\/59709\/revisions"}],"predecessor-version":[{"id":71320,"href":"https:\/\/www.bestbrokers.com\/es\/wp-json\/wp\/v2\/pages\/59709\/revisions\/71320"}],"up":[{"embeddable":true,"href":"https:\/\/www.bestbrokers.com\/es\/wp-json\/wp\/v2\/pages\/10843"}],"wp:attachment":[{"href":"https:\/\/www.bestbrokers.com\/es\/wp-json\/wp\/v2\/media?parent=59709"}],"curies":[{"name":"wp","href":"https:\/\/api.w.org\/{rel}","templated":true}]}}