{"id":59710,"date":"2025-03-19T09:40:55","date_gmt":"2025-03-19T09:40:55","guid":{"rendered":"https:\/\/www.bestbrokers.com\/?page_id=59710"},"modified":"2025-10-21T14:23:53","modified_gmt":"2025-10-21T14:23:53","slug":"account-opening","status":"publish","type":"page","link":"https:\/\/www.bestbrokers.com\/es\/reviews\/ig\/account-opening\/","title":{"rendered":"C\u00f3mo abrir una cuenta en IG"},"content":{"rendered":"<div class=\"author-line\">Escrito por <span class=\"author\">Naylyan Nazifova<div class=\"author-sub-box\"><div class=\"author-info-wrapper\"><div class=\"author-name\"><a href=\"https:\/\/www.bestbrokers.com\/es\/authors\/naylyan-nazifova\/\">Naylyan Nazifova<\/a><\/div><div class=\"author-bio\">Naylyan Nazifova es una reconocida experta en el campo del trading online. Cuenta con numerosas publicaciones y an\u00e1lisis sobre el trading de divisas, la inversi\u00f3n en bolsa y las finanzas personales. <\/div><\/div><\/div><\/span>,  <a rel=\"nofollow\" target=\"_blank\" href=\"https:\/\/www.linkedin.com\/in\/naylian-nazifova-58562a272\/\"><img decoding=\"async\" class=\"social-icon\" src=\"https:\/\/www.bestbrokers.com\/wp-content\/themes\/best-brokers\/assets\/images\/icon-linkedin.svg\" data-no-lazy=\"1\"><\/a> <span class=\"sep\">|<\/span> Traducido por <span class=\"author\">Estrella Fernandez<div class=\"author-sub-box\"><div class=\"author-avatar\"><img decoding=\"async\" src=\"https:\/\/www.bestbrokers.com\/wp-content\/uploads\/2024\/10\/Estrella-Fernandez.jpeg\" \/><\/div><div class=\"author-info-wrapper\"><div class=\"author-name\"><a href=\"https:\/\/www.bestbrokers.com\/es\/authors\/estrella-fernandez\/\">Estrella Fernandez<\/a><\/div><div class=\"author-bio\">Estrella Fernandez edita y revista contenidos financieros para blogs y websites y hace traducciones de franc\u00e9s e ingl\u00e9s a espa\u00f1ol.<\/div><\/div><\/div><\/span>, <a rel=\"nofollow\" target=\"_blank\" href=\"https:\/\/www.linkedin.com\/in\/estrella-fern%C3%A1ndez-gordillo-a54ab483\/?originalSubdomain=es\"><img decoding=\"async\" class=\"social-icon\" src=\"https:\/\/www.bestbrokers.com\/wp-content\/themes\/best-brokers\/assets\/images\/icon-linkedin.svg\" data-no-lazy=\"1\"><\/a> <span class=\"sep\">|<\/span> Actualizado: <time class=\"entry-date\" datetime=\"2025-10-21T14:23:53+00:00\">octubre 21, 2025<\/time><\/div>\n<h2 id=\"brief\"><i class=\"ico ico--assets\"><\/i>Tipos de cuenta de IG, en s\u00edntesis<\/h2>\n<p>Como br\u00f3ker de trading bien establecido, IG ofrece diferentes tipos de cuenta para satisfacer las necesidades y objetivos de sus clientes. Al elegir un tipo de cuenta, la firma recomienda tener en cuenta varios aspectos importantes. Entre ellos, sus objetivos y metas de trading,\u00a0 mercados preferidos, nivel de experiencia y de tolerancia al riesgo, o el capital disponible para operar. Los traders podr\u00e1n elegir entre dos categor\u00edas principales de cuentas: con o sin apalancamiento.<\/p>\n<p>En la categor\u00eda de cuentas con apalancamiento se encuentran las cuentas de spread betting y las cuentas de CFD:<\/p>\n<ul class=\"list-checks\">\n<li><strong>Spread betting:<\/strong> Este tipo de cuenta ofrece a los traders la oportunidad de beneficiarse de las fluctuaciones de precios de los activos, adoptando posiciones largas o cortas sin necesidad de adquirir los activos subyacentes. El spread betting es una opci\u00f3n muy popular entre los traders del Reino Unido, ya que se trata de una forma de operar exenta de impuestos en ese pa\u00eds.<\/li>\n<li><strong>Cuenta CFD:<\/strong> Se trata de otra forma de trading especulativo y, al igual que el spread betting, no implica la propiedad de los activos subyacentes. A diferencia del spread betting, que est\u00e1 exento del impuesto sobre las ganancias de capital, los beneficios obtenidos con las operaciones de CFD pueden compensarse con las p\u00e9rdidas.<\/li>\n<\/ul>\n<p>Ninguno de estos instrumentos requiere el pago de impuestos de timbre. Entre el abanico de mercados que los clientes de IG podr\u00e1n negociar mediante una cuenta de spread betting o CFD, est\u00e1n los siguientes: forex, acciones, \u00edndices burs\u00e1tiles, metales, energ\u00edas, criptomonedas y materias primas, con un total de m\u00e1s de 17.000 instrumentos.<\/p>\n<p>No existen requisitos de dep\u00f3sito m\u00ednimo para abrir una cuenta CFD con IG. El br\u00f3ker obtiene sus ingresos a trav\u00e9s del spread o, alternativamente, de una peque\u00f1a comisi\u00f3n aplicada a las operaciones con acciones.<\/p>\n<p>En cuanto a la segunda categor\u00eda, las cuentas sin apalancamiento (de inversi\u00f3n), los traders podr\u00e1n elegir entre abrir una cuenta de compra y venta de acciones, una cuenta ISA de acciones y participaciones, una cuenta IG Smart Portfolio o una cuenta IG Smart ISA Portfolio. Adem\u00e1s de las opciones mencionadas, los clientes de IG tambi\u00e9n podr\u00e1n optar por una cuenta Demo, muy \u00fatil para su formaci\u00f3n, ya que les permitir\u00e1 practicar con 20.000 $ en fondos virtuales.<\/p>\n<p>Los traders deber\u00e1n tener en cuenta que la disponibilidad de estas cuentas podr\u00e1 variar en funci\u00f3n de su ubicaci\u00f3n y\/o de la normativa de su pa\u00eds.<\/p>\n\n\t\t\t\t<div class=\"table\">\n\t\t\t\t\t<table class=\"table table-striped table-bordered\">\n\t\t\t\t\t\t<tr>\n\t\t\t\t\t\t\t<td style=\"width: 250px;\"><strong>Cuenta demo<\/strong><\/td>\n\t\t\t\t\t\t\t<td><img decoding=\"async\" width=\"24\" height=\"24\" src=\"\/wp-content\/themes\/best-brokers\/assets\/images\/ico-check.svg\" alt=\"Available\" \/><\/td>\n\t\t\t\t\t\t<\/tr>\n\t\t\t\t\t\t<tr>\n\t\t\t\t\t\t\t<td><strong>Islamic Account<\/strong><\/td>\n\t\t\t\t\t\t\t<td><img decoding=\"async\" width=\"24\" height=\"24\" src=\"\/wp-content\/themes\/best-brokers\/assets\/images\/ico-xmark.svg\" alt=\"Not Available\" \/><\/td>\n\t\t\t\t\t\t<\/tr>\n\t\t\t\t\t\t<tr>\n\t\t\t\t\t\t\t<td><strong>Cuenta ECN<\/strong><\/td>\n\t\t\t\t\t\t\t<td><img decoding=\"async\" width=\"24\" height=\"24\" src=\"\/wp-content\/themes\/best-brokers\/assets\/images\/ico-xmark.svg\" alt=\"Not Available\" \/><\/td>\n\t\t\t\t\t\t<\/tr>\n\t\t\t\t\t\t<tr>\n\t\t\t\t\t\t\t<td><strong>Cuenta Pro<\/strong><\/td>\n\t\t\t\t\t\t\t<td><img decoding=\"async\" width=\"24\" height=\"24\" src=\"\/wp-content\/themes\/best-brokers\/assets\/images\/ico-check.svg\" alt=\"Available\" \/><\/td>\n\t\t\t\t\t\t<\/tr>\n\t\t\t\t\t\t<tr>\n\t\t\t\t\t\t\t<td><strong>MAM Account<\/strong><\/td>\n\t\t\t\t\t\t\t<td><img decoding=\"async\" width=\"24\" height=\"24\" src=\"\/wp-content\/themes\/best-brokers\/assets\/images\/ico-xmark.svg\" alt=\"Not Available\" \/><\/td>\n\t\t\t\t\t\t<\/tr>\n\t\t\t\t\t<\/table>\n\t\t\t\t<\/div>\n\t\t\t\n<h2 id=\"deposit\"><i class=\"ico ico--money-supply\"><\/i>Requisitos de dep\u00f3sito m\u00ednimo en IG<\/h2>\n<p>Como hemos se\u00f1alado, no existe un requisito de saldo m\u00ednimo para la cuenta de trading de CFD con IG. Una vez que el trader haya abierto su cuenta real y empezado a operar, el principal cargo que aplicar\u00e1 el br\u00f3ker ser\u00e1 el spread o una peque\u00f1a comisi\u00f3n aplicada a las operaciones con acciones. Aunque el br\u00f3ker no impone un saldo m\u00ednimo, los traders deben tener en cuenta que s\u00ed existe un tama\u00f1o m\u00ednimo de contrato que deber\u00e1n respetar.<\/p>\n<p>Los clientes podr\u00e1n elegir el precio por contrato, con distintos tama\u00f1os m\u00ednimos para los nuevos usuarios. El tama\u00f1o de contrato en IG variar\u00e1 en funci\u00f3n del mercado y del instrumento que se negocie. En el caso del trading de divisas, un lote est\u00e1ndar suele equivaler a 100.000 unidades de la divisa base.<\/p>\n<p>No obstante, conviene se\u00f1alar que IG ofrece contratos mini y micro para determinados mercados. Un contrato mini de forex equivaldr\u00e1 a 10.000 unidades de la divisa base, mientras que un contrato micro corresponder\u00e1 a 1.000 unidades de la divisa base.<\/p>\n<h2 id=\"instruments\"><i class=\"ico ico--common-technical-analysis-tools\"><\/i>\u00bfQu\u00e9 mercados se pueden negociar en IG?<\/h2>\n<p>IG abre un mundo de oportunidades de trading con m\u00e1s de 17.000 mercados. En funci\u00f3n de sus preferencias, los traders podr\u00e1n explorar \u00edndices, forex, m\u00e1s de 13.000 acciones, materias primas y criptomonedas. Los mercados especializados del br\u00f3ker, como los bonos, tipos de inter\u00e9s u opciones, tambi\u00e9n pueden resultar interesantes. Los traders de forex podr\u00e1n aprovechar los movimientos alcistas y bajistas en m\u00e1s de 90 pares principales, secundarios y ex\u00f3ticos.<\/p>\n<p>Entre las plataformas de terceros con las que IG se ha asociado se encuentran L2 Dealer, ProRealTime, MetaTrader 4 y TradingView. En cuanto a las herramientas disponibles, los clientes de IG podr\u00e1n acceder a un buscador de acciones, calendario econ\u00f3mico, herramienta de an\u00e1lisis de operaciones, alertas de trading, gr\u00e1ficos, se\u00f1ales de trading y se\u00f1ales de forex.<\/p>\n<p>Los traders podr\u00e1n explorar los mercados y herramientas mencionados con una cuenta Demo, lo que les permitir\u00e1 desarrollar sus habilidades en miles de mercados en un escenario simulado. Su saldo virtual ser\u00e1 de 20.000 $, con la ventaja a\u00f1adida de poder acceder a contenido educativo exclusivo, en la IG Academy. Las aplicaciones m\u00f3viles, disponibles para descargar de forma gratuita, permiten a los traders poner a prueba sus estrategias mientras se desplazan.<\/p>\n<h2 id=\"steps\"><i class=\"ico ico--account\"><\/i>Registro paso a paso en IG: unos 5 minutos<\/h2>\n<ol class=\"list list--steps\">\n<li>Para abrir una cuenta con IG, haz clic en el bot\u00f3n \u00abCreate live account\u00bb, situado en la esquina superior derecha de la p\u00e1gina principal del br\u00f3ker.<img decoding=\"async\" class=\"aligncenter\" src=\"https:\/\/www.bestbrokers.com\/wp-content\/uploads\/2025\/02\/ig-registration-1.webp\" alt=\"IG Registration Step 1\" \/><\/li>\n<li>Se te redirigir\u00e1 a un formulario de solicitud donde podr\u00e1s configurar tu cuenta real en pocos minutos. Se te solicitar\u00e1n tus datos personales, entre ellos, nombre, apellidos y correo electr\u00f3nico. Deber\u00e1s crear un nombre de usuario y establecer una contrase\u00f1a. A continuaci\u00f3n, deber\u00e1s elegir tu pa\u00eds de residencia en un men\u00fa desplegable y el tipo de cuenta que deseas abrir.<img decoding=\"async\" class=\"aligncenter\" src=\"https:\/\/www.bestbrokers.com\/wp-content\/uploads\/2025\/02\/ig-registration-2.webp\" alt=\"IG Registration Step 2\" \/><\/li>\n<li>Una vez que hayas completado el formulario de solicitud, necesitar\u00e1s algunos datos adicionales antes de comenzar a operar. En el siguiente formulario deber\u00e1s facilitar la siguiente informaci\u00f3n: fecha de nacimiento, prefijo internacional de tu pa\u00eds de residencia, n\u00famero de contacto, m\u00e9todo preferido para recibir los extractos y pa\u00eds de nacionalidad.<img decoding=\"async\" class=\"aligncenter\" src=\"https:\/\/www.bestbrokers.com\/wp-content\/uploads\/2025\/02\/ig-registration-3.webp\" alt=\"IG Registration Step 3\" \/><\/li>\n<li>El siguiente paso del proceso de registro consistir\u00e1 en facilitar informaci\u00f3n adicional sobre tu domicilio y c\u00f3digo postal.<img decoding=\"async\" class=\"aligncenter\" src=\"https:\/\/www.bestbrokers.com\/wp-content\/uploads\/2025\/02\/ig-registration-4.webp\" alt=\"IG Registration Step 4\" \/><\/li>\n<li>En el paso siguiente deber\u00e1s aportar informaci\u00f3n sobre tu situaci\u00f3n financiera. Esto incluye: ingresos anuales, el valor de tus ahorros e inversiones y la procedencia de los fondos con los que operar\u00e1s. Tambi\u00e9n se te solicitar\u00e1n algunos datos laborales, como tu situaci\u00f3n, sector y ocupaci\u00f3n profesional.<img decoding=\"async\" class=\"aligncenter\" src=\"https:\/\/www.bestbrokers.com\/wp-content\/uploads\/2025\/02\/ig-registration-5.webp\" alt=\"IG Registration Step 5\" \/><\/li>\n<li>El sexto y \u00faltimo paso se refiere a tu experiencia relevante, sobre la que el br\u00f3ker podr\u00eda solicitar informaci\u00f3n adicional. Deber\u00e1s indicar tu experiencia de trading con varios productos, ente ellos, acciones y bonos, derivados negociados en bolsa y derivados OTC durante los \u00faltimos tres a\u00f1os. Tambi\u00e9n deber\u00e1s indicar si cuentas con experiencia o cualificaciones relacionadas con los productos ofrecidos por la compa\u00f1\u00eda.Por \u00faltimo, lee y acepta un formulario declarando que eres consciente de los riesgos del trading con CFD y opciones, e indica tus preferencias de marketing.<img decoding=\"async\" class=\"aligncenter\" src=\"https:\/\/www.bestbrokers.com\/wp-content\/uploads\/2025\/02\/ig-registration-6.webp\" alt=\"IG Registration Step 6\" \/><\/li>\n<\/ol>\n<h2 id=\"verification\"><i class=\"ico ico--approve\"><\/i>Verificaci\u00f3n de la cuenta: unos 5 minutos<\/h2>\n<p>Una vez finalizado el proceso de creaci\u00f3n de la cuenta, se proceder\u00e1 a la verificaci\u00f3n de identidad. IG suele requerir dos documentos: uno que acredite la identidad del trader y otro que sirva como prueba de domicilio. Como alternativa, se podr\u00e1n aportar dos pruebas de identidad. Subir estos documentos no lleva mucho tiempo y, una vez aprobados, los clientes podr\u00e1n realizar su primera operaci\u00f3n con el br\u00f3ker.<\/p>\n<p>Al cargar los documentos que acrediten tu identidad y la direcci\u00f3n, comprueba que las im\u00e1genes sean n\u00edtidas para que toda la informaci\u00f3n sea claramente visible.<\/p>\n<ol class=\"list list--steps\">\n<li>\n<h3>Prueba de identidad<\/h3>\n<p>Como prueba de identidad, los clientes de IG podr\u00e1n utilizar un pasaporte, documento de identidad o permiso de conducir en el que se muestre su foto y la fecha de caducidad del documento. Se podr\u00e1n cargar varios archivos de forma simult\u00e1nea. Si tu documento de identidad es de dos caras, no olvides subir ambos lados.<\/li>\n<li>\n<h3>Prueba de domicilio<\/h3>\n<p>Como prueba de domicilio, los traders podr\u00e1n utilizar alguno de los documentos habitualmente aceptados, como facturas de servicios p\u00fablicos, extractos bancarios, estados de cuenta de tarjetas de cr\u00e9dito, facturas de internet, contratos de alquiler o alguna notificaci\u00f3n de las autoridades locales. Sea cual sea el documento elegido, deber\u00e1n comprobar que el nombre y la direcci\u00f3n coinciden con los del formulario de solicitud. En cuanto a la vigencia, el documento no debe tener m\u00e1s de tres meses. Adem\u00e1s, los traders deber\u00e1n cerciorarse de que el nombre y el logotipo de la entidad emisora son claramente visibles.<\/p>\n<p>En el caso de los extractos bancarios y otros documentos emitidos por entidades financieras, estos deber\u00e1n incluir obligatoriamente el nombre de la cuenta, n\u00famero, c\u00f3digo bancario y banco emisor. Se aceptan capturas de pantalla de la banca online siempre que incluyan los datos personales de la cuenta y los datos del banco emisor.<\/li>\n<\/ol>\n<h2 id=\"conclusion\"><i class=\"ico ico--pen\"><\/i>Conclusi\u00f3n<\/h2>\n<p>En l\u00edneas generales, consideramos que el proceso de apertura y verificaci\u00f3n de cuenta en IG es relativamente sencillo y fluido. El sitio web y la aplicaci\u00f3n m\u00f3vil del br\u00f3ker est\u00e1n bien dise\u00f1ados y son f\u00e1ciles de utilizar, lo que hace que la creaci\u00f3n de la cuenta sea un tr\u00e1mite sin complicaciones. El br\u00f3ker ofrece instrucciones claras durante todo el proceso, con secciones dedicadas a datos personales, direcci\u00f3n, informaci\u00f3n financiera e historial de trading. El proceso de carga de los documentos requeridos para la verificaci\u00f3n de identidad y domicilio tambi\u00e9n est\u00e1 optimizado, y la mayor\u00eda de las verificaciones se completan normalmente en 1 <span>\u2014<\/span> 2 d\u00edas laborables. Por \u00faltimo, los traders deber\u00e1n tener en cuenta que el servicio de asistencia del br\u00f3ker est\u00e1 disponible para responder a cualquier consulta o problema que pueda surgir durante el registro y verificaci\u00f3n de la cuenta.<\/p>\n","protected":false},"excerpt":{"rendered":"<p>Tipos de cuenta de IG, en s\u00edntesis Como br\u00f3ker de trading bien establecido, IG ofrece diferentes tipos de cuenta para satisfacer las necesidades y objetivos de sus clientes. Al elegir un tipo de cuenta, la firma recomienda tener en cuenta varios aspectos importantes. Entre ellos, sus objetivos y metas de trading,\u00a0 mercados preferidos, nivel de [&hellip;]<\/p>\n","protected":false},"author":2,"featured_media":0,"parent":10848,"menu_order":0,"comment_status":"closed","ping_status":"closed","template":"templates\/review.php","meta":{"footnotes":""},"class_list":["post-59710","page","type-page","status-publish","hentry"],"aioseo_notices":[],"_links":{"self":[{"href":"https:\/\/www.bestbrokers.com\/es\/wp-json\/wp\/v2\/pages\/59710","targetHints":{"allow":["GET"]}}],"collection":[{"href":"https:\/\/www.bestbrokers.com\/es\/wp-json\/wp\/v2\/pages"}],"about":[{"href":"https:\/\/www.bestbrokers.com\/es\/wp-json\/wp\/v2\/types\/page"}],"author":[{"embeddable":true,"href":"https:\/\/www.bestbrokers.com\/es\/wp-json\/wp\/v2\/users\/2"}],"replies":[{"embeddable":true,"href":"https:\/\/www.bestbrokers.com\/es\/wp-json\/wp\/v2\/comments?post=59710"}],"version-history":[{"count":8,"href":"https:\/\/www.bestbrokers.com\/es\/wp-json\/wp\/v2\/pages\/59710\/revisions"}],"predecessor-version":[{"id":71617,"href":"https:\/\/www.bestbrokers.com\/es\/wp-json\/wp\/v2\/pages\/59710\/revisions\/71617"}],"up":[{"embeddable":true,"href":"https:\/\/www.bestbrokers.com\/es\/wp-json\/wp\/v2\/pages\/10848"}],"wp:attachment":[{"href":"https:\/\/www.bestbrokers.com\/es\/wp-json\/wp\/v2\/media?parent=59710"}],"curies":[{"name":"wp","href":"https:\/\/api.w.org\/{rel}","templated":true}]}}