{"id":59711,"date":"2025-03-19T09:40:55","date_gmt":"2025-03-19T09:40:55","guid":{"rendered":"https:\/\/www.bestbrokers.com\/?page_id=59711"},"modified":"2025-11-20T08:16:14","modified_gmt":"2025-11-20T08:16:14","slug":"account-opening","status":"publish","type":"page","link":"https:\/\/www.bestbrokers.com\/es\/reviews\/blackbull-markets\/account-opening\/","title":{"rendered":"C\u00f3mo abrir una cuenta en BlackBull Markets"},"content":{"rendered":"<div class=\"author-line\">Escrito por <span class=\"author\">Naylyan Nazifova<div class=\"author-sub-box\"><div class=\"author-avatar\"><img decoding=\"async\" src=\"https:\/\/www.bestbrokers.com\/wp-content\/uploads\/2026\/04\/nnazifova.webp\" \/><\/div><div class=\"author-info-wrapper\"><div class=\"author-name\"><a href=\"https:\/\/www.bestbrokers.com\/es\/authors\/naylyan-nazifova\/\">Naylyan Nazifova<\/a><\/div><div class=\"author-bio\">Naylyan Nazifova es una reconocida experta en el campo del trading online. Cuenta con numerosas publicaciones y an\u00e1lisis sobre el trading de divisas, la inversi\u00f3n en bolsa y las finanzas personales. <\/div><\/div><\/div><\/span>,  <a rel=\"nofollow\" target=\"_blank\" href=\"https:\/\/www.linkedin.com\/in\/naylian-nazifova-58562a272\/\"><img decoding=\"async\" class=\"social-icon\" src=\"https:\/\/www.bestbrokers.com\/wp-content\/themes\/best-brokers\/assets\/images\/icon-linkedin.svg\" data-no-lazy=\"1\"><\/a> <span class=\"sep\">|<\/span> Traducido por <span class=\"author\">Estrella Fernandez<div class=\"author-sub-box\"><div class=\"author-avatar\"><img decoding=\"async\" src=\"https:\/\/www.bestbrokers.com\/wp-content\/uploads\/2024\/10\/Estrella-Fernandez.jpeg\" \/><\/div><div class=\"author-info-wrapper\"><div class=\"author-name\"><a href=\"https:\/\/www.bestbrokers.com\/es\/authors\/estrella-fernandez\/\">Estrella Fernandez<\/a><\/div><div class=\"author-bio\">Estrella Fernandez edita y revista contenidos financieros para blogs y websites y hace traducciones de franc\u00e9s e ingl\u00e9s a espa\u00f1ol.<\/div><\/div><\/div><\/span>, <a rel=\"nofollow\" target=\"_blank\" href=\"https:\/\/www.linkedin.com\/in\/estrella-fern%C3%A1ndez-gordillo-a54ab483\/?originalSubdomain=es\"><img decoding=\"async\" class=\"social-icon\" src=\"https:\/\/www.bestbrokers.com\/wp-content\/themes\/best-brokers\/assets\/images\/icon-linkedin.svg\" data-no-lazy=\"1\"><\/a> <span class=\"sep\">|<\/span> Actualizado: <time class=\"entry-date\" datetime=\"2025-11-20T08:16:14+00:00\">noviembre 20, 2025<\/time><\/div>\n<h2 id=\"brief\"><i class=\"ico ico--assets\"><\/i>Tipos de cuenta en BlackBull Markets, en s\u00edntesis<\/h2>\n<p>En BlackBull Markets podr\u00e1s crear diferentes tipos de cuentas, en funci\u00f3n de tu experiencia, tolerancia al riesgo y objetivos generales de trading. En cuanto abras el formulario de registro, tendr\u00e1s la opci\u00f3n de abrir una cuenta demo, que te ayudar\u00e1 a practicar con fondos virtuales, eliminando el riesgo de perder dinero real mientras aprendes los fundamentos del mercado forex.<\/p>\n<p>Obviamente, el trading en vivo es el principal objetivo, por lo que el br\u00f3ker ofrece varias opciones de cuenta para adaptarse al estilo de cada trader. Con BlackBull se pueden abrir tres tipos de cuentas reales:<\/p>\n<ol class=\"list list--steps orange\">\n<li><strong>ECN Standard:<\/strong> La primera opci\u00f3n de cuenta, ECN Standard, es adecuada para principiantes, ya que no se exige un dep\u00f3sito m\u00ednimo. Esto significa que los traders podr\u00e1n ingresar la cantidad con la que m\u00e1s c\u00f3modos se sientan. El comercio con microlotes est\u00e1 habilitado con un tama\u00f1o m\u00ednimo de operaci\u00f3n de 0,01 lotes. Los spreads comienzan en 0,8 pips y no se aplica comisi\u00f3n por operaci\u00f3n.<\/li>\n<li><strong>ECN Prime:<\/strong> Si deseas reducir tus costes de trading, podr\u00e1s optar por ECN Prime, que ofrece spreads m\u00e1s ajustados desde 0,0 pips. Se aplica una peque\u00f1a comisi\u00f3n ida y vuelta de 6 $ por lote, aunque el coste total de la operaci\u00f3n sigue siendo inferior.<\/li>\n<li><strong>ECN Institutional:<\/strong> Quienes prefieran operar con vol\u00famenes mayores en busca de retornos m\u00e1s elevados podr\u00e1n elegir la cuenta ECN Institutional. Los spreads se reducen hasta los 0,0 pips y la comisi\u00f3n ida y vuelta es de solo 4 $.<\/li>\n<\/ol>\n<p>Como ver\u00e1s, todas ofrecen ejecuci\u00f3n ECN. Estas variantes permiten microlotes y brindan el mismo apalancamiento m\u00e1ximo de 1:500. Adem\u00e1s, las cuentas ECN Standard y ECN Prime admiten operaciones sin swap para traders musulmanes. Si no tienes claro qu\u00e9 tipo de cuenta se adapta mejor a ti, BlackBull Markets dispone de un breve cuestionario que te ayudar\u00e1 a elegir.<\/p>\n\n\t\t\t\t<div class=\"table\">\n\t\t\t\t\t<table class=\"table table-striped table-bordered\">\n\t\t\t\t\t\t<tr>\n\t\t\t\t\t\t\t<td style=\"width: 250px;\"><strong>Cuenta demo<\/strong><\/td>\n\t\t\t\t\t\t\t<td><img decoding=\"async\" width=\"24\" height=\"24\" src=\"\/wp-content\/themes\/best-brokers\/assets\/images\/ico-check.svg\" alt=\"Available\" \/><\/td>\n\t\t\t\t\t\t<\/tr>\n\t\t\t\t\t\t<tr>\n\t\t\t\t\t\t\t<td><strong>Islamic Account<\/strong><\/td>\n\t\t\t\t\t\t\t<td><img decoding=\"async\" width=\"24\" height=\"24\" src=\"\/wp-content\/themes\/best-brokers\/assets\/images\/ico-check.svg\" alt=\"Available\" \/><\/td>\n\t\t\t\t\t\t<\/tr>\n\t\t\t\t\t\t<tr>\n\t\t\t\t\t\t\t<td><strong>Cuenta ECN<\/strong><\/td>\n\t\t\t\t\t\t\t<td><img decoding=\"async\" width=\"24\" height=\"24\" src=\"\/wp-content\/themes\/best-brokers\/assets\/images\/ico-check.svg\" alt=\"Available\" \/><\/td>\n\t\t\t\t\t\t<\/tr>\n\t\t\t\t\t\t<tr>\n\t\t\t\t\t\t\t<td><strong>Cuenta Pro<\/strong><\/td>\n\t\t\t\t\t\t\t<td><img decoding=\"async\" width=\"24\" height=\"24\" src=\"\/wp-content\/themes\/best-brokers\/assets\/images\/ico-check.svg\" alt=\"Available\" \/><\/td>\n\t\t\t\t\t\t<\/tr>\n\t\t\t\t\t\t<tr>\n\t\t\t\t\t\t\t<td><strong>MAM Account<\/strong><\/td>\n\t\t\t\t\t\t\t<td><img decoding=\"async\" width=\"24\" height=\"24\" src=\"\/wp-content\/themes\/best-brokers\/assets\/images\/ico-check.svg\" alt=\"Available\" \/><\/td>\n\t\t\t\t\t\t<\/tr>\n\t\t\t\t\t<\/table>\n\t\t\t\t<\/div>\n\t\t\t\n<h2><i class=\"ico ico--money-supply\"><\/i>Requisitos de dep\u00f3sito m\u00ednimo en BlackBull Markets<\/h2>\n<p>BlackBull Markets ha adaptado sus cuentas a los distintos vol\u00famenes de operaci\u00f3n y preferencias de dep\u00f3sito de los traders. Recomendamos a los principiantes la cuenta ECN Standard, ya que no impone un dep\u00f3sito m\u00ednimo y permite ingresar la cantidad que deseen. Dicho esto, conviene destacar que el tama\u00f1o m\u00ednimo de contrato para esta cuenta es de 0,01 lotes, equivalente a 1.000 unidades de la divisa base de la cuenta. En la pr\u00e1ctica, los traders necesitan al menos 1.000 $ en sus saldos para poder abrir posiciones.<\/p>\n<p>Si tienes m\u00e1s experiencia y deseas reducir los costes de trading, podr\u00e1s activar una cuenta ECN Prime con BlackBull Markets, que exige un dep\u00f3sito m\u00ednimo de 2.000 $. Teniendo en cuenta el tama\u00f1o m\u00ednimo de contrato de 0,01 lotes, consideramos que esta exigencia es m\u00e1s que razonable para este tipo de cuenta.<\/p>\n<p>Como ya hemos mencionado, la ECN Institutional es m\u00e1s adecuada para traders de alto volumen, pues requiere un dep\u00f3sito m\u00ednimo de 20.000 $. No obstante, operar con importes mayores puede resultar muy rentable, ya que los costes de trading se reducen considerablemente.<\/p>\n<h2><i class=\"ico ico--common-technical-analysis-tools\"><\/i>\u00bfQu\u00e9 mercados se pueden negociar en BlackBull Markets?<\/h2>\n<p>Independientemente del tipo de cuenta, tendr\u00e1s acceso a una amplia gama de plataformas de trading y la posibilidad de negociar con 26.000 instrumentos. Algunos de los mercados disponibles son: forex, acciones, materias primas, \u00edndices, futuros y cripto. El br\u00f3ker se ha asociado con plataformas tan populares como cTrader, MT4, MT5 y TradingView. Adem\u00e1s, BlackBull Markets ha lanzado su propia plataforma, CopyTrader, ideal para seguir a proveedores de se\u00f1ales exitosos y replicar sus operaciones.<\/p>\n<p>Si te interesa negociar pares de divisas, la secci\u00f3n forex ofrece m\u00e1s de 60 pares, entre ellos, pares principales, secundarios y ex\u00f3ticos. Si tu inter\u00e9s se centra en el mercado burs\u00e1til, tambi\u00e9n podr\u00e1s probar la plataforma BlackBull Invest, que da acceso a miles de acciones, bonos, ETF, opciones y otros activos.<\/p>\n<h2 id=\"steps\"><i class=\"ico ico--account\"><\/i>Registro paso a paso en BlackBull Markets: aprox. 1\u20132 minutos<\/h2>\n<ol class=\"list list--steps\">\n<li>Para unirte a BlackBull Markets, haz clic en el bot\u00f3n \u00abJoin Now\u00bb en la p\u00e1gina principal del sitio web del br\u00f3ker.<img decoding=\"async\" class=\"aligncenter\" src=\"https:\/\/www.bestbrokers.com\/wp-content\/uploads\/2025\/02\/blackbull-markets-registration-1.webp\" alt=\"BlackBull Markets Registration Step 1\" \/><\/li>\n<li>Se te redirigir\u00e1 a la p\u00e1gina de registro, donde se te pedir\u00e1 que facilites tu correo electr\u00f3nico para continuar. De forma alternativa, puedes registrarte con tu cuenta de Google, Apple o Facebook.<img decoding=\"async\" class=\"aligncenter\" src=\"https:\/\/www.bestbrokers.com\/wp-content\/uploads\/2025\/02\/blackbull-markets-registration-2.webp\" alt=\"BlackBull Markets Registration Step 2\" \/><\/li>\n<li>Proporciona los datos requeridos para el registro y elige si deseas abrir una cuenta demo o una cuenta real. Confirma que no eres residente en EEUU y acepta las pol\u00edticas de BlackBull Markets.<img decoding=\"async\" class=\"aligncenter\" src=\"https:\/\/www.bestbrokers.com\/wp-content\/uploads\/2025\/02\/blackbull-markets-registration-3.webp\" alt=\"BlackBull Markets Registration Step 3\" \/><\/li>\n<li>El siguiente paso consiste en introducir informaci\u00f3n adicional sobre tu cuenta de trading, direcci\u00f3n y algunos datos m\u00e1s de identificaci\u00f3n personal.<img decoding=\"async\" class=\"aligncenter\" src=\"https:\/\/www.bestbrokers.com\/wp-content\/uploads\/2025\/02\/blackbull-markets-registration-4.webp\" alt=\"BlackBull Markets Registration Step 4\" \/><\/li>\n<li>Una vez que hayas facilitado la informaci\u00f3n requerida, podr\u00e1s continuar al siguiente paso para seleccionar tus preferencias de trading: tipo de cuenta, divisa base, apalancamiento y plataforma.<img decoding=\"async\" class=\"aligncenter\" src=\"https:\/\/www.bestbrokers.com\/wp-content\/uploads\/2025\/02\/blackbull-markets-registration-5.webp\" alt=\"BlackBull Markets Registration Step 5\" \/><\/li>\n<li>Seguidamente, deber\u00e1s facilitar a BlackBull informaci\u00f3n sobre tu empleo y los fondos de los que dispones. Esto ayudar\u00e1 al br\u00f3ker a evaluar tu capacidad operativa.<img decoding=\"async\" class=\"aligncenter\" src=\"https:\/\/www.bestbrokers.com\/wp-content\/uploads\/2025\/02\/blackbull-markets-registration-6.webp\" alt=\"BlackBull Markets Registration Step 6\" \/><\/li>\n<\/ol>\n<h2><i class=\"ico ico--approve\"><\/i>Verificaci\u00f3n de identidad en BlackBull Markets:\u00a0aprox. 5 minutos<\/h2>\n<p>Para abrir una cuenta real con BlackBull Markets tambi\u00e9n debes pasar por la verificaci\u00f3n de identidad y domicilio. Aunque este proceso puede llevar algo m\u00e1s de tiempo que el registro, vamos a explicarte qu\u00e9 documentos necesitas y a guiarte paso a paso para que lo completes r\u00e1pidamente.<\/p>\n<ol class=\"list list--steps\">\n<li>Tras completar el cuestionario sobre empleo, pasar\u00e1s al siguiente paso en el que se te pedir\u00e1 que facilites un documento de identidad, como tu permiso de conducir o pasaporte. Aseg\u00farate de seguir las instrucciones indicadas en esta secci\u00f3n al subir las im\u00e1genes del documento.<img decoding=\"async\" class=\"aligncenter\" src=\"https:\/\/www.bestbrokers.com\/wp-content\/uploads\/2025\/02\/blackbull-markets-registration-7.webp\" alt=\"BlackBull Markets Registration Step 7\" \/><\/li>\n<li>Los traders tambi\u00e9n deber\u00e1n aportar un comprobante de domicilio, subiendo facturas de servicios, estados bancarios u otros documentos pertinentes. Ten en cuenta que el documento debe cumplir los requisitos enumerados en la secci\u00f3n \u00abImportant Information\u00bb.<img decoding=\"async\" class=\"aligncenter\" src=\"https:\/\/www.bestbrokers.com\/wp-content\/uploads\/2025\/02\/blackbull-markets-registration-8.webp\" alt=\"BlackBull Markets Registration Step 8\" \/><\/li>\n<li>Una vez que hayas subido los documentos necesarios, tu solicitud de cuenta real quedar\u00e1 pendiente de aprobaci\u00f3n por parte del equipo de BlackBull Markets. Mientras tanto, podr\u00e1s proceder a financiar tu cuenta, eligiendo entre varias opciones de pago convenientes.<img decoding=\"async\" class=\"aligncenter\" src=\"https:\/\/www.bestbrokers.com\/wp-content\/uploads\/2025\/02\/blackbull-markets-registration-9.webp\" alt=\"BlackBull Markets Registration Step 9\" \/><\/li>\n<\/ol>\n<h2 id=\"conclusion\"><i class=\"ico ico--pen\"><\/i>Conclusi\u00f3n<\/h2>\n<p>Creemos que la mayor\u00eda de los entusiastas de forex valorar\u00e1n la sencillez del registro en BlackBull Markets, ya que todo aquel que desee abrir una cuenta demo podr\u00e1 empezar a operar con dinero virtual a los pocos minutos de iniciar el proceso de alta. Al mismo tiempo, los traders dispuestos a operar con dinero real tambi\u00e9n podr\u00e1n abrir una cuenta en vivo en s\u00f3lo unos pasos. La verificaci\u00f3n de identidad ser\u00e1 igualmente sencilla y, si tienes los documentos preparados, podr\u00e1s completarla en cinco minutos o incluso menos.<\/p>\n","protected":false},"excerpt":{"rendered":"<p>Tipos de cuenta en BlackBull Markets, en s\u00edntesis En BlackBull Markets podr\u00e1s crear diferentes tipos de cuentas, en funci\u00f3n de tu experiencia, tolerancia al riesgo y objetivos generales de trading. En cuanto abras el formulario de registro, tendr\u00e1s la opci\u00f3n de abrir una cuenta demo, que te ayudar\u00e1 a practicar con fondos virtuales, eliminando el [&hellip;]<\/p>\n","protected":false},"author":2,"featured_media":0,"parent":10858,"menu_order":0,"comment_status":"closed","ping_status":"closed","template":"templates\/review.php","meta":{"footnotes":""},"class_list":["post-59711","page","type-page","status-publish","hentry"],"aioseo_notices":[],"_links":{"self":[{"href":"https:\/\/www.bestbrokers.com\/es\/wp-json\/wp\/v2\/pages\/59711","targetHints":{"allow":["GET"]}}],"collection":[{"href":"https:\/\/www.bestbrokers.com\/es\/wp-json\/wp\/v2\/pages"}],"about":[{"href":"https:\/\/www.bestbrokers.com\/es\/wp-json\/wp\/v2\/types\/page"}],"author":[{"embeddable":true,"href":"https:\/\/www.bestbrokers.com\/es\/wp-json\/wp\/v2\/users\/2"}],"replies":[{"embeddable":true,"href":"https:\/\/www.bestbrokers.com\/es\/wp-json\/wp\/v2\/comments?post=59711"}],"version-history":[{"count":10,"href":"https:\/\/www.bestbrokers.com\/es\/wp-json\/wp\/v2\/pages\/59711\/revisions"}],"predecessor-version":[{"id":74103,"href":"https:\/\/www.bestbrokers.com\/es\/wp-json\/wp\/v2\/pages\/59711\/revisions\/74103"}],"up":[{"embeddable":true,"href":"https:\/\/www.bestbrokers.com\/es\/wp-json\/wp\/v2\/pages\/10858"}],"wp:attachment":[{"href":"https:\/\/www.bestbrokers.com\/es\/wp-json\/wp\/v2\/media?parent=59711"}],"curies":[{"name":"wp","href":"https:\/\/api.w.org\/{rel}","templated":true}]}}