{"id":59712,"date":"2025-03-19T09:40:55","date_gmt":"2025-03-19T09:40:55","guid":{"rendered":"https:\/\/www.bestbrokers.com\/?page_id=59712"},"modified":"2025-10-21T14:23:51","modified_gmt":"2025-10-21T14:23:51","slug":"account-opening","status":"publish","type":"page","link":"https:\/\/www.bestbrokers.com\/es\/reviews\/global-prime\/account-opening\/","title":{"rendered":"C\u00f3mo abrir una cuenta en Global Prime"},"content":{"rendered":"<div class=\"author-line\">Escrito por <span class=\"author\">Naylyan Nazifova<div class=\"author-sub-box\"><div class=\"author-avatar\"><img decoding=\"async\" src=\"https:\/\/www.bestbrokers.com\/wp-content\/uploads\/2026\/04\/nnazifova.webp\" \/><\/div><div class=\"author-info-wrapper\"><div class=\"author-name\"><a href=\"https:\/\/www.bestbrokers.com\/es\/authors\/naylyan-nazifova\/\">Naylyan Nazifova<\/a><\/div><div class=\"author-bio\">Naylyan Nazifova es una reconocida experta en el campo del trading online. Cuenta con numerosas publicaciones y an\u00e1lisis sobre el trading de divisas, la inversi\u00f3n en bolsa y las finanzas personales. <\/div><\/div><\/div><\/span>,  <a rel=\"nofollow\" target=\"_blank\" href=\"https:\/\/www.linkedin.com\/in\/naylian-nazifova-58562a272\/\"><img decoding=\"async\" class=\"social-icon\" src=\"https:\/\/www.bestbrokers.com\/wp-content\/themes\/best-brokers\/assets\/images\/icon-linkedin.svg\" data-no-lazy=\"1\"><\/a> <span class=\"sep\">|<\/span> Traducido por <span class=\"author\">Estrella Fernandez<div class=\"author-sub-box\"><div class=\"author-avatar\"><img decoding=\"async\" src=\"https:\/\/www.bestbrokers.com\/wp-content\/uploads\/2024\/10\/Estrella-Fernandez.jpeg\" \/><\/div><div class=\"author-info-wrapper\"><div class=\"author-name\"><a href=\"https:\/\/www.bestbrokers.com\/es\/authors\/estrella-fernandez\/\">Estrella Fernandez<\/a><\/div><div class=\"author-bio\">Estrella Fernandez edita y revista contenidos financieros para blogs y websites y hace traducciones de franc\u00e9s e ingl\u00e9s a espa\u00f1ol.<\/div><\/div><\/div><\/span>, <a rel=\"nofollow\" target=\"_blank\" href=\"https:\/\/www.linkedin.com\/in\/estrella-fern%C3%A1ndez-gordillo-a54ab483\/?originalSubdomain=es\"><img decoding=\"async\" class=\"social-icon\" src=\"https:\/\/www.bestbrokers.com\/wp-content\/themes\/best-brokers\/assets\/images\/icon-linkedin.svg\" data-no-lazy=\"1\"><\/a> <span class=\"sep\">|<\/span> Actualizado: <time class=\"entry-date\" datetime=\"2025-10-21T14:23:51+00:00\">octubre 21, 2025<\/time><\/div>\n<h2 id=\"brief\"><i class=\"ico ico--assets\"><\/i>Tipos de cuenta en Global Prime, en s\u00edntesis<\/h2>\n<p>Global Prime facilita el trading de forex y CFDs a trav\u00e9s de un par de opciones de cuenta, cada una con excelentes condiciones para distintos tipos de traders. Si no tienes experiencia en trading o necesitas algo de tiempo para acostumbrarte a la plataforma de Global Prime, puedes abrir una cuenta Demo y operar con un presupuesto virtual.<\/p>\n<p>La cuenta demo de Global Prime est\u00e1 disponible en cuanto creas tu cuenta, un proceso r\u00e1pido y sin complicaciones. Puedes cargarla con hasta 1.000.000 $ de capital virtual, lo que te permitir\u00e1 operar en condiciones de mercado reales sin arriesgar dinero propio.<\/p>\n<p>Una vez que est\u00e9s listo para operar en vivo, podr\u00e1s elegir entre dos tipos de cuenta minorista. Seg\u00fan tus objetivos de trading, podr\u00e1s optar por una cuenta Standard o por abrir una cuenta Raw. Ambas comparten algunas similitudes, como el trading con microlotes y un tama\u00f1o m\u00e1ximo de operaci\u00f3n de 1.000 lotes.<\/p>\n<p>La diferencia principal entre las cuentas Standard y Raw es el coste de trading. La primera ofrece spreads desde 0,9 pips y cero comisiones, mientras que la segunda cobra una peque\u00f1a comisi\u00f3n de 3,50 $ por cada lado de la operaci\u00f3n, pero reduce los spreads hasta 0,0 pips.<\/p>\n<p>Debido a los l\u00edmites regulatorios sobre apalancamiento impuestos por ASIC, las condiciones de trading para minoristas est\u00e1n limitadas. No obstante, el br\u00f3ker ofrece a los traders experimentados la posibilidad de actualizarse a una cuenta profesional. Estas cuentas especiales proporcionan mayor apalancamiento y funciones avanzadas, aunque exigen cumplir varios requisitos para demostrar que se puede asumir un riesgo elevado.<\/p>\n\n\t\t\t\t<div class=\"table\">\n\t\t\t\t\t<table class=\"table table-striped table-bordered\">\n\t\t\t\t\t\t<tr>\n\t\t\t\t\t\t\t<td style=\"width: 250px;\"><strong>Cuenta demo<\/strong><\/td>\n\t\t\t\t\t\t\t<td><img decoding=\"async\" width=\"24\" height=\"24\" src=\"\/wp-content\/themes\/best-brokers\/assets\/images\/ico-check.svg\" alt=\"Available\" \/><\/td>\n\t\t\t\t\t\t<\/tr>\n\t\t\t\t\t\t<tr>\n\t\t\t\t\t\t\t<td><strong>Islamic Account<\/strong><\/td>\n\t\t\t\t\t\t\t<td><img decoding=\"async\" width=\"24\" height=\"24\" src=\"\/wp-content\/themes\/best-brokers\/assets\/images\/ico-xmark.svg\" alt=\"Not Available\" \/><\/td>\n\t\t\t\t\t\t<\/tr>\n\t\t\t\t\t\t<tr>\n\t\t\t\t\t\t\t<td><strong>Cuenta ECN<\/strong><\/td>\n\t\t\t\t\t\t\t<td><img decoding=\"async\" width=\"24\" height=\"24\" src=\"\/wp-content\/themes\/best-brokers\/assets\/images\/ico-check.svg\" alt=\"Available\" \/><\/td>\n\t\t\t\t\t\t<\/tr>\n\t\t\t\t\t\t<tr>\n\t\t\t\t\t\t\t<td><strong>Cuenta Pro<\/strong><\/td>\n\t\t\t\t\t\t\t<td><img decoding=\"async\" width=\"24\" height=\"24\" src=\"\/wp-content\/themes\/best-brokers\/assets\/images\/ico-check.svg\" alt=\"Available\" \/><\/td>\n\t\t\t\t\t\t<\/tr>\n\t\t\t\t\t\t<tr>\n\t\t\t\t\t\t\t<td><strong>MAM Account<\/strong><\/td>\n\t\t\t\t\t\t\t<td><img decoding=\"async\" width=\"24\" height=\"24\" src=\"\/wp-content\/themes\/best-brokers\/assets\/images\/ico-xmark.svg\" alt=\"Not Available\" \/><\/td>\n\t\t\t\t\t\t<\/tr>\n\t\t\t\t\t<\/table>\n\t\t\t\t<\/div>\n\t\t\t\n<h2 id=\"deposit\"><i class=\"ico ico--money-supply\"><\/i>Requisitos de dep\u00f3sito m\u00ednimo en Global Prime<\/h2>\n<p>Una vez completado el proceso de registro en Global Prime y cuando est\u00e9s listo para operar en vivo, podr\u00e1s elegir el m\u00e9todo de pago que prefieras y financiar tu cuenta. Lo mejor de comenzar tu experiencia de trading en Global Prime es que no existe un requisito de dep\u00f3sito m\u00ednimo para ninguno de los tipos de cuenta.<\/p>\n<p>Algunas de las soluciones de pago admitidas podr\u00e1n fijar un l\u00edmite m\u00ednimo de dep\u00f3sito, aunque rara vez supera los 10 $. La ausencia de un dep\u00f3sito m\u00ednimo permitir\u00e1 a los traders empezar con la cantidad que les resulte m\u00e1s c\u00f3moda. La posibilidad de operar con microlotes tambi\u00e9n favorece operaciones m\u00e1s peque\u00f1as, adecuadas para traders con menos experiencia y para quienes no deseen asumir grandes riesgos. Dicho esto, recordamos a los traders que 0,01 lotes equivalen a 1.000 unidades de la divisa base, lo que significa que necesitar\u00e1n ingresar al menos 1.000 $ o su equivalente en otra divisa para empezar a operar.<\/p>\n<h2 id=\"instruments\"><i class=\"ico ico--common-technical-analysis-tools\"><\/i>\u00bfQu\u00e9 mercados se pueden negociar en Global Prime?<\/h2>\n<p>Actualmente, Global Prime facilita el trading a trav\u00e9s de las plataformas de terceros MT4 y MT5, que brindan acceso a una amplia variedad de mercados negociables, entre ellos, forex, CFDs sobre materias primas, CFDs sobre criptomonedas, \u00edndices, CFDs sobre acciones estadounidenses y CFDs sobre bonos. Operar con CFDs (Contracts for Difference) posibilita que los traders especular con las fluctuaciones de precios de distintos activos sin obtener su propiedad. Dado que Global Prime permite a sus clientes tomar posiciones tanto cortas como largas, estos pueden generar beneficios con precios en descenso y en alza. El mercado forex incluye pares mayores, menores y ex\u00f3ticos, sumando m\u00e1s de 50 pares de divisas que pueden negociarse tanto con la cuenta Standard como con la Raw de Global Prime. La integraci\u00f3n con TradingView est\u00e1 casi a punto, lo que aportar\u00e1 herramientas de gr\u00e1ficos avanzados directamente a los traders y facilitar\u00e1 una experiencia de trading m\u00e1s gratificante.<\/p>\n<h2 id=\"steps\"><i class=\"ico ico--account\"><\/i>Registro paso a paso en Global Prime: aprox. 1-2 minutos<\/h2>\n<ol class=\"list list--steps\">\n<li>Accede a la p\u00e1gina de registro a trav\u00e9s del bot\u00f3n \u00abSign Up\u00bb en la p\u00e1gina de inicio.<img decoding=\"async\" class=\"aligncenter\" src=\"https:\/\/www.bestbrokers.com\/wp-content\/uploads\/2025\/02\/global-prime-registration-1.webp\" alt=\"Global Prime Registration Step 1\" \/><\/li>\n<li>Introduce tu direcci\u00f3n de correo electr\u00f3nico y contrase\u00f1a. Repite la contrase\u00f1a elegida. Confirma que eres mayor de edad.<img decoding=\"async\" class=\"aligncenter\" src=\"https:\/\/www.bestbrokers.com\/wp-content\/uploads\/2025\/02\/global-prime-registration-2.webp\" alt=\"Global Prime Registration Step 2\" \/><\/li>\n<\/ol>\n<h2 id=\"verification\"><i class=\"ico ico--approve\"><\/i>Verificaci\u00f3n de la cuenta (KYC): unos 10\u201312 minutos<\/h2>\n<ol class=\"list list--steps\">\n<li>Despu\u00e9s de seleccionar \u00abSign Up\u00bb, tu cuenta estar\u00e1 creada. Para abrir una cuenta real ser\u00e1 necesario verificarla.\n<p><img decoding=\"async\" class=\"aligncenter\" src=\"https:\/\/www.bestbrokers.com\/wp-content\/uploads\/2025\/02\/global-prime-registration-3.webp\" alt=\"Global Prime Registration Step 3\" \/><\/li>\n<li>Introduce tus datos personales para completar el primer paso del proceso de verificaci\u00f3n. Aseg\u00farate de que coincidan con los de tu documento de identidad oficial.<img decoding=\"async\" class=\"aligncenter\" src=\"https:\/\/www.bestbrokers.com\/wp-content\/uploads\/2025\/02\/global-prime-registration-4.webp\" alt=\"Global Prime Registration Step 4\" \/><\/li>\n<li>Configura los ajustes de tu cuenta seg\u00fan tus preferencias de trading. Elige una pregunta de seguridad y proporciona una respuesta que se pueda usar en el futuro para verificar tu identidad.<img decoding=\"async\" class=\"aligncenter\" src=\"https:\/\/www.bestbrokers.com\/wp-content\/uploads\/2025\/02\/global-prime-registration-5.webp\" alt=\"Global Prime Registration Step 5\" \/><\/li>\n<li>Sube im\u00e1genes de un documento de identidad oficial. Contin\u00faa con el segundo paso del proceso de verificaci\u00f3n.<img decoding=\"async\" class=\"aligncenter\" src=\"https:\/\/www.bestbrokers.com\/wp-content\/uploads\/2025\/02\/global-prime-registration-6.webp\" alt=\"Global Prime Registration Step 6\" \/><\/li>\n<li>Sube un documento o imagen adicional para aportar m\u00e1s pruebas de tu identidad.<img decoding=\"async\" class=\"aligncenter\" src=\"https:\/\/www.bestbrokers.com\/wp-content\/uploads\/2025\/02\/global-prime-registration-7.webp\" alt=\"Global Prime Registration Step 7\" \/><\/li>\n<li>Haz clic en \u00abVerify My Account\u00bb y tu solicitud de verificaci\u00f3n se enviar\u00e1 para su aprobaci\u00f3n.<img decoding=\"async\" class=\"aligncenter\" src=\"https:\/\/www.bestbrokers.com\/wp-content\/uploads\/2025\/02\/global-prime-registration-8.webp\" alt=\"Global Prime Registration Step 8\" \/>\n<p><img decoding=\"async\" class=\"aligncenter\" src=\"https:\/\/www.bestbrokers.com\/wp-content\/uploads\/2025\/02\/global-prime-registration-9.webp\" alt=\"Global Prime Registration Step 9\" \/><\/li>\n<\/ol>\n<h2 id=\"conclusion\"><i class=\"ico ico--pen\"><\/i>Conclusi\u00f3n<\/h2>\n<p>El proceso de registro en Global Prime es \u00e1gil y sencillo, y te permitir\u00e1 crear tu cuenta de trading en pocos minutos. Las cuentas demo pueden activarse en cuanto el trader se registre en el br\u00f3ker. Para operar en vivo, sin embargo, es necesaria la verificaci\u00f3n, un tr\u00e1mite igualmente r\u00e1pido que no deber\u00eda llevar m\u00e1s de unos minutos. Siguiendo los pasos anteriores, podr\u00e1s configurar tu cuenta real con Global Prime en muy poco tiempo.<\/p>\n","protected":false},"excerpt":{"rendered":"<p>Tipos de cuenta en Global Prime, en s\u00edntesis Global Prime facilita el trading de forex y CFDs a trav\u00e9s de un par de opciones de cuenta, cada una con excelentes condiciones para distintos tipos de traders. Si no tienes experiencia en trading o necesitas algo de tiempo para acostumbrarte a la plataforma de Global Prime, [&hellip;]<\/p>\n","protected":false},"author":2,"featured_media":0,"parent":10863,"menu_order":0,"comment_status":"closed","ping_status":"closed","template":"templates\/review.php","meta":{"footnotes":""},"class_list":["post-59712","page","type-page","status-publish","hentry"],"aioseo_notices":[],"_links":{"self":[{"href":"https:\/\/www.bestbrokers.com\/es\/wp-json\/wp\/v2\/pages\/59712","targetHints":{"allow":["GET"]}}],"collection":[{"href":"https:\/\/www.bestbrokers.com\/es\/wp-json\/wp\/v2\/pages"}],"about":[{"href":"https:\/\/www.bestbrokers.com\/es\/wp-json\/wp\/v2\/types\/page"}],"author":[{"embeddable":true,"href":"https:\/\/www.bestbrokers.com\/es\/wp-json\/wp\/v2\/users\/2"}],"replies":[{"embeddable":true,"href":"https:\/\/www.bestbrokers.com\/es\/wp-json\/wp\/v2\/comments?post=59712"}],"version-history":[{"count":8,"href":"https:\/\/www.bestbrokers.com\/es\/wp-json\/wp\/v2\/pages\/59712\/revisions"}],"predecessor-version":[{"id":71614,"href":"https:\/\/www.bestbrokers.com\/es\/wp-json\/wp\/v2\/pages\/59712\/revisions\/71614"}],"up":[{"embeddable":true,"href":"https:\/\/www.bestbrokers.com\/es\/wp-json\/wp\/v2\/pages\/10863"}],"wp:attachment":[{"href":"https:\/\/www.bestbrokers.com\/es\/wp-json\/wp\/v2\/media?parent=59712"}],"curies":[{"name":"wp","href":"https:\/\/api.w.org\/{rel}","templated":true}]}}