{"id":59713,"date":"2025-03-19T09:40:56","date_gmt":"2025-03-19T09:40:56","guid":{"rendered":"https:\/\/www.bestbrokers.com\/?page_id=59713"},"modified":"2025-10-21T14:23:55","modified_gmt":"2025-10-21T14:23:55","slug":"account-opening","status":"publish","type":"page","link":"https:\/\/www.bestbrokers.com\/es\/reviews\/pepperstone\/account-opening\/","title":{"rendered":"C\u00f3mo abrir una cuenta en Pepperstone"},"content":{"rendered":"<div class=\"author-line\">Escrito por <span class=\"author\">Naylyan Nazifova<div class=\"author-sub-box\"><div class=\"author-avatar\"><img decoding=\"async\" src=\"https:\/\/www.bestbrokers.com\/wp-content\/uploads\/2026\/04\/nnazifova.webp\" \/><\/div><div class=\"author-info-wrapper\"><div class=\"author-name\"><a href=\"https:\/\/www.bestbrokers.com\/es\/authors\/naylyan-nazifova\/\">Naylyan Nazifova<\/a><\/div><div class=\"author-bio\">Naylyan Nazifova es una reconocida experta en el campo del trading online. Cuenta con numerosas publicaciones y an\u00e1lisis sobre el trading de divisas, la inversi\u00f3n en bolsa y las finanzas personales. <\/div><\/div><\/div><\/span>,  <a rel=\"nofollow\" target=\"_blank\" href=\"https:\/\/www.linkedin.com\/in\/naylian-nazifova-58562a272\/\"><img decoding=\"async\" class=\"social-icon\" src=\"https:\/\/www.bestbrokers.com\/wp-content\/themes\/best-brokers\/assets\/images\/icon-linkedin.svg\" data-no-lazy=\"1\"><\/a> <span class=\"sep\">|<\/span> Traducido por <span class=\"author\">Estrella Fernandez<div class=\"author-sub-box\"><div class=\"author-avatar\"><img decoding=\"async\" src=\"https:\/\/www.bestbrokers.com\/wp-content\/uploads\/2024\/10\/Estrella-Fernandez.jpeg\" \/><\/div><div class=\"author-info-wrapper\"><div class=\"author-name\"><a href=\"https:\/\/www.bestbrokers.com\/es\/authors\/estrella-fernandez\/\">Estrella Fernandez<\/a><\/div><div class=\"author-bio\">Estrella Fernandez edita y revista contenidos financieros para blogs y websites y hace traducciones de franc\u00e9s e ingl\u00e9s a espa\u00f1ol.<\/div><\/div><\/div><\/span>, <a rel=\"nofollow\" target=\"_blank\" href=\"https:\/\/www.linkedin.com\/in\/estrella-fern%C3%A1ndez-gordillo-a54ab483\/?originalSubdomain=es\"><img decoding=\"async\" class=\"social-icon\" src=\"https:\/\/www.bestbrokers.com\/wp-content\/themes\/best-brokers\/assets\/images\/icon-linkedin.svg\" data-no-lazy=\"1\"><\/a> <span class=\"sep\">|<\/span> Actualizado: <time class=\"entry-date\" datetime=\"2025-10-21T14:23:55+00:00\">octubre 21, 2025<\/time><\/div>\n<h2 id=\"brief\"><i class=\"ico ico--assets\"><\/i>Tipos de cuenta en Pepperstone, en s\u00edntesis<\/h2>\n<p>Al abrir una cuenta en Pepperstone, los traders dispondr\u00e1n de varias opciones seg\u00fan sus objetivos de trading. Las modalidades disponibles son: Individual, Conjunta, Empresa e Introducing Broker. Como sugieren sus nombres, los traders minoristas que gestionen sus propias operaciones deber\u00e1n optar por la Individual, mientras que las restantes est\u00e1n destinadas a instituciones financieras y profesionales que administren m\u00faltiples carteras.<\/p>\n<p>Los traders particulares podr\u00e1n iniciarse en Pepperstone con una cuenta Demo, que les permitir\u00e1 probar las condiciones, plataformas y estrategias de trading con dinero virtual. Por su parte, las operaciones en vivo se pueden realizar a trav\u00e9s de las cuentas Standard y Razor. Ambos tipos admiten microlotes, diferentes divisas base, coberturas (hedging), scalping y una amplia gama de instrumentos negociables.<\/p>\n<p>Las cuentas Standard a\u00f1aden 1 pip al spread bruto y no aplican comisiones. La cuenta Razor reduce los spreads hasta 0,0 pips y aplica una peque\u00f1a comisi\u00f3n de 2,60 \u20ac \/ 3,50 $ por lote y por lado en cada operaci\u00f3n de forex. Las plataformas de trading disponibles incluyen la plataforma propietaria del br\u00f3ker, TradingView, MT5, MT4 y cTrader.<\/p>\n<p>Dado que los traders minoristas no podr\u00e1n utilizar un apalancamiento superior a 1:30 en los pares principales de forex, Pepperstone ofrece la opci\u00f3n de abrir una cuenta profesional y acceder a ratios de apalancamiento m\u00e1s altos. Sin embargo, para el trading profesional ser\u00e1 necesario cumplir ciertos requisitos de capital y experiencia en los mercados.<\/p>\n\n\t\t\t\t<div class=\"table\">\n\t\t\t\t\t<table class=\"table table-striped table-bordered\">\n\t\t\t\t\t\t<tr>\n\t\t\t\t\t\t\t<td style=\"width: 250px;\"><strong>Cuenta demo<\/strong><\/td>\n\t\t\t\t\t\t\t<td><img decoding=\"async\" width=\"24\" height=\"24\" src=\"\/wp-content\/themes\/best-brokers\/assets\/images\/ico-xmark.svg\" alt=\"Not Available\" \/><\/td>\n\t\t\t\t\t\t<\/tr>\n\t\t\t\t\t\t<tr>\n\t\t\t\t\t\t\t<td><strong>Islamic Account<\/strong><\/td>\n\t\t\t\t\t\t\t<td><img decoding=\"async\" width=\"24\" height=\"24\" src=\"\/wp-content\/themes\/best-brokers\/assets\/images\/ico-xmark.svg\" alt=\"Not Available\" \/><\/td>\n\t\t\t\t\t\t<\/tr>\n\t\t\t\t\t\t<tr>\n\t\t\t\t\t\t\t<td><strong>Cuenta ECN<\/strong><\/td>\n\t\t\t\t\t\t\t<td><img decoding=\"async\" width=\"24\" height=\"24\" src=\"\/wp-content\/themes\/best-brokers\/assets\/images\/ico-xmark.svg\" alt=\"Not Available\" \/><\/td>\n\t\t\t\t\t\t<\/tr>\n\t\t\t\t\t\t<tr>\n\t\t\t\t\t\t\t<td><strong>Cuenta Pro<\/strong><\/td>\n\t\t\t\t\t\t\t<td><img decoding=\"async\" width=\"24\" height=\"24\" src=\"\/wp-content\/themes\/best-brokers\/assets\/images\/ico-xmark.svg\" alt=\"Not Available\" \/><\/td>\n\t\t\t\t\t\t<\/tr>\n\t\t\t\t\t\t<tr>\n\t\t\t\t\t\t\t<td><strong>MAM Account<\/strong><\/td>\n\t\t\t\t\t\t\t<td><img decoding=\"async\" width=\"24\" height=\"24\" src=\"\/wp-content\/themes\/best-brokers\/assets\/images\/ico-xmark.svg\" alt=\"Not Available\" \/><\/td>\n\t\t\t\t\t\t<\/tr>\n\t\t\t\t\t<\/table>\n\t\t\t\t<\/div>\n\t\t\t\n<h2 id=\"deposit\"><i class=\"ico ico--money-supply\"><\/i>Requisitos de dep\u00f3sito m\u00ednimo en Pepperstone<\/h2>\n<p>Para operar en vivo, en primer lugar deber\u00e1s depositar fondos en tu cuenta de Pepperstone, lo que podr\u00e1s hacer mediante varios m\u00e9todos de pago fiables y f\u00e1ciles de usar. El br\u00f3ker no impone un importe de dep\u00f3sito obligatorio para activar la cuenta, por lo que podr\u00e1s recargar tu cuenta Standard o Razor con la cantidad que consideres conveniente.<\/p>\n<p>Ten en cuenta que cada m\u00e9todo de pago podr\u00e1 fijar su propio dep\u00f3sito m\u00ednimo. Aunque no existe un importe m\u00ednimo para activar la cuenta, deber\u00e1s asegurarte de ingresar una cantidad suficiente para operar. Independientemente del tipo de cuenta elegido, el tama\u00f1o m\u00ednimo de contrato en Pepperstone es de 0,01 lotes, lo que equivaldr\u00e1 a 1.000 unidades de tu divisa base. Las divisas base admitidas en las cuentas Standard y Raw de Pepperstone incluyen EUR, USD, GBP y CHF. Por lo tanto, necesitar\u00e1s al menos 1.000 $\/\u20ac de saldo para abrir una operaci\u00f3n.<\/p>\n<h2 id=\"instruments\"><i class=\"ico ico--common-technical-analysis-tools\"><\/i>\u00bfQu\u00e9 mercados se pueden negociar en Pepperstone?<\/h2>\n<p>En Pepperstone, tanto si operas con una cuenta Standard como con una Razor, tendr\u00e1s acceso a m\u00e1s de 1.200 instrumentos negociables. Estos se distribuyen en varios mercados de CFD, entre ellos, forex, materias primas, \u00edndices, criptomonedas, ETF y acciones. Adem\u00e1s de estas categor\u00edas, Pepperstone garantiza a los traders una exposici\u00f3n m\u00e1s amplia mediante \u00edndices de divisas, forwards de CFD y dividendos de CFDs sobre \u00edndices y acciones. El mercado de forex permite abrir posiciones largas y cortas en m\u00e1s de 90 pares de divisas, obteniendo beneficios tanto en mercados alcistas como bajistas.<\/p>\n<h2 id=\"steps\"><i class=\"ico ico--account\"><\/i>Registro paso a paso en Pepperstone: aprox: 1-2 minutos (cuenta demo)<\/h2>\n<ol class=\"list list--steps\">\n<li>Si est\u00e1s listo para convertirte en miembro de Pepperstone, podr\u00e1s acceder a los formularios de registro desde el bot\u00f3n \u00abJoin now\u00bb en la p\u00e1gina principal del sitio web del br\u00f3ker.<br \/>\n<img decoding=\"async\" class=\"aligncenter\" src=\"https:\/\/www.bestbrokers.com\/wp-content\/uploads\/2025\/02\/pepperstone-registration-1.webp\" alt=\"Pepperstone Registration Step 1\" \/><\/li>\n<li>El paso siguiente ser\u00e1 elegir un m\u00e9todo de alta; podr\u00e1s registrarte con tus cuentas de Apple, Google o Facebook. Tambi\u00e9n tendr\u00e1s la opci\u00f3n de registrarte con tu direcci\u00f3n de correo electr\u00f3nico, lo que te redirigir\u00e1 al siguiente paso del proceso.<br \/>\n<img decoding=\"async\" class=\"aligncenter\" src=\"https:\/\/www.bestbrokers.com\/wp-content\/uploads\/2025\/02\/pepperstone-registration-2.webp\" alt=\"Pepperstone Registration Step 2\" \/><\/li>\n<li>Proporciona algunos datos personales, como tu direcci\u00f3n de correo electr\u00f3nico y la contrase\u00f1a que desees usar en el futuro. Tambi\u00e9n deber\u00e1s elegir el tipo de cuenta seg\u00fan la forma de trading que vayas a realizar. La opci\u00f3n de cuenta Individual es la correspondiente al trading minorista.<br \/>\n<img decoding=\"async\" class=\"aligncenter\" src=\"https:\/\/www.bestbrokers.com\/wp-content\/uploads\/2025\/02\/pepperstone-registration-3.webp\" alt=\"Pepperstone Registration Step 3\" \/><br \/>\n<img decoding=\"async\" class=\"aligncenter\" src=\"https:\/\/www.bestbrokers.com\/wp-content\/uploads\/2025\/02\/pepperstone-registration-4.webp\" alt=\"Pepperstone Registration Step 4\" \/><\/li>\n<li>Tu perfil ya est\u00e1 listo para empezar a operar con una cuenta Demo de inmediato.<br \/>\n<img decoding=\"async\" class=\"aligncenter\" src=\"https:\/\/www.bestbrokers.com\/wp-content\/uploads\/2025\/02\/pepperstone-registration-5.webp\" alt=\"Pepperstone Registration Step 5\" \/><br \/>\n<img decoding=\"async\" class=\"aligncenter\" src=\"https:\/\/www.bestbrokers.com\/wp-content\/uploads\/2025\/02\/pepperstone-registration-6.webp\" alt=\"Pepperstone Registration Step 6\" \/><\/li>\n<li>Si deseas abrir una cuenta real, deber\u00e1s pasar por un proceso adicional de evaluaci\u00f3n de tu solvencia y verificaci\u00f3n de identidad. El primer paso consistir\u00e1 en configurar la cuenta real: elegir plataforma, tipo de cuenta y divisa base, entre otros par\u00e1metros.<br \/>\n<img decoding=\"async\" class=\"aligncenter\" src=\"https:\/\/www.bestbrokers.com\/wp-content\/uploads\/2025\/02\/pepperstone-registration-7.webp\" alt=\"Pepperstone Registration Step 7\" \/><br \/>\n<img decoding=\"async\" class=\"aligncenter\" src=\"https:\/\/www.bestbrokers.com\/wp-content\/uploads\/2025\/02\/pepperstone-registration-8.webp\" alt=\"Pepperstone Registration Step 8\" \/><\/li>\n<li>A continuaci\u00f3n, deber\u00e1s proporcionar algunos datos sobre tu empleo y nivel de ingresos.<br \/>\n<img decoding=\"async\" class=\"aligncenter\" src=\"https:\/\/www.bestbrokers.com\/wp-content\/uploads\/2025\/02\/pepperstone-registration-9.webp\" alt=\"Pepperstone Registration Step 9\" \/><br \/>\n<img decoding=\"async\" class=\"aligncenter\" src=\"https:\/\/www.bestbrokers.com\/wp-content\/uploads\/2025\/02\/pepperstone-registration-10.webp\" alt=\"Pepperstone Registration Step 10\" \/><br \/>\n<img decoding=\"async\" class=\"aligncenter\" src=\"https:\/\/www.bestbrokers.com\/wp-content\/uploads\/2025\/02\/pepperstone-registration-11.webp\" alt=\"Pepperstone Registration Step 11\" \/><\/li>\n<li>El paso siguiente para crear tu cuenta real en Pepperstone sre\u00e1 completar una prueba de idoneidad en la que deber\u00e1s responder a varias preguntas que determinar\u00e1n si eres apto para operar.<br \/>\n<img decoding=\"async\" class=\"aligncenter\" src=\"https:\/\/www.bestbrokers.com\/wp-content\/uploads\/2025\/02\/pepperstone-registration-12.webp\" alt=\"Pepperstone Registration Step 12\" \/><br \/>\n<img decoding=\"async\" class=\"aligncenter\" src=\"https:\/\/www.bestbrokers.com\/wp-content\/uploads\/2025\/02\/pepperstone-registration-13.webp\" alt=\"Pepperstone Registration Step 13\" \/><br \/>\n<img decoding=\"async\" class=\"aligncenter\" src=\"https:\/\/www.bestbrokers.com\/wp-content\/uploads\/2025\/02\/pepperstone-registration-14.webp\" alt=\"Pepperstone Registration Step 14\" \/><br \/>\n<img decoding=\"async\" class=\"aligncenter\" src=\"https:\/\/www.bestbrokers.com\/wp-content\/uploads\/2025\/02\/pepperstone-registration-15.webp\" alt=\"Pepperstone Registration Step 15\" \/><br \/>\n<img decoding=\"async\" class=\"aligncenter\" src=\"https:\/\/www.bestbrokers.com\/wp-content\/uploads\/2025\/02\/pepperstone-registration-16.webp\" alt=\"Pepperstone Registration Step 16\" \/><br \/>\n<img decoding=\"async\" class=\"aligncenter\" src=\"https:\/\/www.bestbrokers.com\/wp-content\/uploads\/2025\/02\/pepperstone-registration-17.webp\" alt=\"Pepperstone Registration Step 17\" \/><\/li>\n<li>Una vez completada la prueba de idoneidad, podr\u00e1s confirmar tus datos y aceptar los T\u00e9rminos y Condiciones y dem\u00e1s pol\u00edticas del br\u00f3ker.<br \/>\n<img decoding=\"async\" class=\"aligncenter\" src=\"https:\/\/www.bestbrokers.com\/wp-content\/uploads\/2025\/02\/pepperstone-registration-18.webp\" alt=\"Pepperstone Registration Step 18\" \/><br \/>\n<img decoding=\"async\" class=\"aligncenter\" src=\"https:\/\/www.bestbrokers.com\/wp-content\/uploads\/2025\/02\/pepperstone-registration-19.webp\" alt=\"Pepperstone Registration Step 19\" \/><br \/>\n<img decoding=\"async\" class=\"aligncenter\" src=\"https:\/\/www.bestbrokers.com\/wp-content\/uploads\/2025\/02\/pepperstone-registration-20.webp\" alt=\"Pepperstone Registration Step 20\" \/><\/li>\n<\/ol>\n<h2 id=\"verification\"><i class=\"ico ico--approve\"><\/i>Verificaci\u00f3n de la cuenta: unos 10 minutos<\/h2>\n<p>Dado que Pepperstone cumple con las directrices KYC (Know Your Customer) impuestas por reguladores como CySEC, exige una verificaci\u00f3n de identidad exhaustiva antes de permitir el uso de cuentas reales. Aunque pueda resultar tedioso, este paso es obligatorio para garantizar un entorno seguro de trading. Si sigues los pasos que describimos a continuaci\u00f3n, podr\u00e1s reducir considerablemente el tiempo necesario para verificar tu identidad y empezar a operar con Pepperstone.<\/p>\n<p><img decoding=\"async\" class=\"aligncenter\" src=\"https:\/\/www.bestbrokers.com\/wp-content\/uploads\/2025\/02\/pepperstone-registration-21.webp\" alt=\"Pepperstone Registration Step 21\" \/><\/p>\n<p><img decoding=\"async\" class=\"aligncenter\" src=\"https:\/\/www.bestbrokers.com\/wp-content\/uploads\/2025\/02\/pepperstone-registration-22.webp\" alt=\"Pepperstone Registration Step 22\" \/><\/p>\n<ol class=\"list list--steps\">\n<li>Comienza por leer y aceptar la Pol\u00edtica de datos y privacidad de Pepperstone, asegur\u00e1ndote de comprender los motivos de este tr\u00e1mite. Contin\u00faa solo si est\u00e1s de acuerdo en compartir la informaci\u00f3n requerida para la verificaci\u00f3n de identidad.\n<p><img decoding=\"async\" class=\"aligncenter\" src=\"https:\/\/www.bestbrokers.com\/wp-content\/uploads\/2025\/02\/pepperstone-registration-23.webp\" alt=\"Pepperstone Registration Step 23\" \/><\/li>\n<li>El primer paso es seleccionar un tipo de documento y subir fotograf\u00edas del mismo para verificar tus datos personales.<br \/>\n<img decoding=\"async\" class=\"aligncenter\" src=\"https:\/\/www.bestbrokers.com\/wp-content\/uploads\/2025\/02\/pepperstone-registration-24.webp\" alt=\"Pepperstone Registration Step 24\" \/><br \/>\n<img decoding=\"async\" class=\"aligncenter\" src=\"https:\/\/www.bestbrokers.com\/wp-content\/uploads\/2025\/02\/pepperstone-registration-25.webp\" alt=\"Pepperstone Registration Step 25\" \/><br \/>\n<img decoding=\"async\" class=\"aligncenter\" src=\"https:\/\/www.bestbrokers.com\/wp-content\/uploads\/2025\/02\/pepperstone-registration-26.webp\" alt=\"Pepperstone Registration Step 26\" \/><\/li>\n<li>Se requiere un segundo documento de verificaci\u00f3n; podr\u00e1s elegir, por ejemplo, tu permiso de conducir o pasaporte y escanearlo o fotografiarlo.<br \/>\n<img decoding=\"async\" class=\"aligncenter\" src=\"https:\/\/www.bestbrokers.com\/wp-content\/uploads\/2025\/02\/pepperstone-registration-27.webp\" alt=\"Pepperstone Registration Step 27\" \/><br \/>\n<img decoding=\"async\" class=\"aligncenter\" src=\"https:\/\/www.bestbrokers.com\/wp-content\/uploads\/2025\/02\/pepperstone-registration-28.webp\" alt=\"Pepperstone Registration Step 28\" \/><br \/>\n<img decoding=\"async\" class=\"aligncenter\" src=\"https:\/\/www.bestbrokers.com\/wp-content\/uploads\/2025\/02\/pepperstone-registration-29.webp\" alt=\"Pepperstone Registration Step 29\" \/><\/li>\n<li>Una vez cargadas las im\u00e1genes de tus documentos, se te pedir\u00e1 que subas una selfie usando la c\u00e1mara de tu ordenador. Como alternativa, podr\u00e1s continuar desde tu smartphone y tomar la foto directamente desde el dispositivo.<\/li>\n<li>Tambi\u00e9n se solicita un comprobante de domicilio, que puede ser una factura de servicios, un extracto bancario o un documento fiscal.<\/li>\n<li>Cuando hayas proporcionado toda la documentaci\u00f3n necesaria, tu solicitud se enviar\u00e1 para su aprobaci\u00f3n. El equipo de Pepperstone podr\u00e1 tardar entre 24 y 48 horas en revisar y aprobar tu cuenta real.<\/li>\n<\/ol>\n<h2 id=\"conclusion\"><i class=\"ico ico--pen\"><\/i>Conclusi\u00f3n<\/h2>\n<p>Si solo deseas registrarte en Pepperstone y practicar con una cuenta demo, estar\u00e1s listo para operar en cuesti\u00f3n de minutos. Sin embargo, debido a los requisitos normativos, los traders de determinadas regiones deber\u00e1n superar una verificaci\u00f3n de identidad estricta antes de poder abrir una cuenta real con el br\u00f3ker. Adem\u00e1s, el proceso de creaci\u00f3n de una cuenta real se alarga por la realizaci\u00f3n de la prueba de idoneidad y la aportaci\u00f3n de informaci\u00f3n sobre empleo e ingresos. En l\u00edneas generales, abrir una cuenta real con Pepperstone podr\u00e1 llevar unos 10 minutos, sobre todo si resides en una jurisdicci\u00f3n con regulaci\u00f3n estricta.<\/p>\n","protected":false},"excerpt":{"rendered":"<p>Tipos de cuenta en Pepperstone, en s\u00edntesis Al abrir una cuenta en Pepperstone, los traders dispondr\u00e1n de varias opciones seg\u00fan sus objetivos de trading. Las modalidades disponibles son: Individual, Conjunta, Empresa e Introducing Broker. Como sugieren sus nombres, los traders minoristas que gestionen sus propias operaciones deber\u00e1n optar por la Individual, mientras que las restantes [&hellip;]<\/p>\n","protected":false},"author":2,"featured_media":0,"parent":10649,"menu_order":0,"comment_status":"closed","ping_status":"closed","template":"templates\/review.php","meta":{"footnotes":""},"class_list":["post-59713","page","type-page","status-publish","hentry"],"aioseo_notices":[],"_links":{"self":[{"href":"https:\/\/www.bestbrokers.com\/es\/wp-json\/wp\/v2\/pages\/59713","targetHints":{"allow":["GET"]}}],"collection":[{"href":"https:\/\/www.bestbrokers.com\/es\/wp-json\/wp\/v2\/pages"}],"about":[{"href":"https:\/\/www.bestbrokers.com\/es\/wp-json\/wp\/v2\/types\/page"}],"author":[{"embeddable":true,"href":"https:\/\/www.bestbrokers.com\/es\/wp-json\/wp\/v2\/users\/2"}],"replies":[{"embeddable":true,"href":"https:\/\/www.bestbrokers.com\/es\/wp-json\/wp\/v2\/comments?post=59713"}],"version-history":[{"count":7,"href":"https:\/\/www.bestbrokers.com\/es\/wp-json\/wp\/v2\/pages\/59713\/revisions"}],"predecessor-version":[{"id":71616,"href":"https:\/\/www.bestbrokers.com\/es\/wp-json\/wp\/v2\/pages\/59713\/revisions\/71616"}],"up":[{"embeddable":true,"href":"https:\/\/www.bestbrokers.com\/es\/wp-json\/wp\/v2\/pages\/10649"}],"wp:attachment":[{"href":"https:\/\/www.bestbrokers.com\/es\/wp-json\/wp\/v2\/media?parent=59713"}],"curies":[{"name":"wp","href":"https:\/\/api.w.org\/{rel}","templated":true}]}}