{"id":59718,"date":"2025-03-19T09:40:56","date_gmt":"2025-03-19T09:40:56","guid":{"rendered":"https:\/\/www.bestbrokers.com\/?page_id=59718"},"modified":"2025-10-21T14:23:57","modified_gmt":"2025-10-21T14:23:57","slug":"spreads-fees-and-commissions","status":"publish","type":"page","link":"https:\/\/www.bestbrokers.com\/es\/reviews\/plus500\/spreads-fees-and-commissions\/","title":{"rendered":"Spreads, tarifas y comisiones de Plus500"},"content":{"rendered":"<div class=\"author-line\">Escrito por <span class=\"author\">Zornitsa Stefanova<div class=\"author-sub-box\"><div class=\"author-avatar\"><img decoding=\"async\" src=\"https:\/\/www.bestbrokers.com\/wp-content\/uploads\/2024\/09\/zornica-stefanova.jpeg\" \/><\/div><div class=\"author-info-wrapper\"><div class=\"author-name\"><a href=\"https:\/\/www.bestbrokers.com\/es\/authors\/zornitsa-stefanova\/\">Zornitsa Stefanova<\/a><\/div><div class=\"author-bio\">Zornitsa Stefanova es una analista con amplia experiencia en el mercado de divisas y criptomonedas. Tambi\u00e9n es especialista en temas financieros, como el trading de acciones y las inversiones para la jubilaci\u00f3n.<\/div><\/div><\/div><\/span>,  <a rel=\"nofollow\" target=\"_blank\" href=\"https:\/\/www.linkedin.com\/in\/zornica-stefanova-73ab39287\/\"><img decoding=\"async\" class=\"social-icon\" src=\"https:\/\/www.bestbrokers.com\/wp-content\/themes\/best-brokers\/assets\/images\/icon-linkedin.svg\" data-no-lazy=\"1\"><\/a> <span class=\"sep\">|<\/span> Traducido por <span class=\"author\">Estrella Fernandez<div class=\"author-sub-box\"><div class=\"author-avatar\"><img decoding=\"async\" src=\"https:\/\/www.bestbrokers.com\/wp-content\/uploads\/2024\/10\/Estrella-Fernandez.jpeg\" \/><\/div><div class=\"author-info-wrapper\"><div class=\"author-name\"><a href=\"https:\/\/www.bestbrokers.com\/es\/authors\/estrella-fernandez\/\">Estrella Fernandez<\/a><\/div><div class=\"author-bio\">Estrella Fernandez edita y revista contenidos financieros para blogs y websites y hace traducciones de franc\u00e9s e ingl\u00e9s a espa\u00f1ol.<\/div><\/div><\/div><\/span>, <a rel=\"nofollow\" target=\"_blank\" href=\"https:\/\/www.linkedin.com\/in\/estrella-fern%C3%A1ndez-gordillo-a54ab483\/?originalSubdomain=es\"><img decoding=\"async\" class=\"social-icon\" src=\"https:\/\/www.bestbrokers.com\/wp-content\/themes\/best-brokers\/assets\/images\/icon-linkedin.svg\" data-no-lazy=\"1\"><\/a> <span class=\"sep\">|<\/span> Actualizado: <time class=\"entry-date\" datetime=\"2025-10-21T14:23:57+00:00\">octubre 21, 2025<\/time><\/div>\n<p>Si te preguntas si Plus500 ofrece condiciones de trading competitivas, has llegado al lugar indicado. Desde <strong>BestBrokers te presentamos una gu\u00eda completa sobre los costes relacionados y no relacionados con el trading que los clientes de Plus500 podr\u00edan asumir<\/strong>, entre los que se incluyen los spreads, costes de financiaci\u00f3n nocturna, tarifas administrativas de las cuentas sin swap y otros cargos asociados a la cuenta. Nuestro equipo ha dedicado muchas horas investigando a este br\u00f3ker multirregulado para ofrecer una imagen clara de su estructura de precios y <strong>proporcionar una significativa base de comparaci\u00f3n respecto a otras plataformas de trading de primer nivel<\/strong>. Para contestar a tu pregunta, \u00bfpuedes obtener ventajas competitivas en Plus500? \u00a1sigue leyendo para descubrirlo!<\/p>\n<h2 id=\"costs\"><i class=\"ico ico--money-supply\"><\/i>Costes de trading en Plus500<\/h2>\n<p>Plus500 presume de un amplio portafolio de forex con m\u00e1s de 60 pares de divisas y obtiene sus precios de proveedores de liquidez independientes. Los costes de trading est\u00e1n integrados directamente en el spread sin cargos adicionales, m\u00e1s all\u00e1 de los precios cotizados. A diferencia de muchos brokers rivales, <strong>Plus500 no cobra comisiones en las operaciones de forex<\/strong>. Solo existe un tipo de cuenta minorista, y los nuevos clientes podr\u00e1n probarla en formato demo con cr\u00e9ditos virtuales ilimitados.<\/p>\n<p><strong>Los spreads en Plus500 son variables<\/strong> y dependen en gran medida de las condiciones actuales del mercado y de la volatilidad. Quienes operen el par EUR\/USD deber\u00e1n asumir spreads promedio de 1 pip bajo la entidad regulada por CySEC, aunque estos pueden bajar a 0,8 pips para los clientes de fuera de Europa. Si <strong>operas un lote est\u00e1ndar en EUR\/USD con un spread de 1 pip, pagar\u00e1s en promedio 10 $ por cada lado<\/strong>. Los clientes que operen minilotes y microlotes (10.000 y 1.000 unidades) pagar\u00e1n 1 $ y 0,10 $ por lado, respectivamente. Si cierras tu posici\u00f3n en EUR\/USD al mismo spread de 1 pip, tus gastos totales ascender\u00e1n a 20 $ solo en concepto de spreads.<\/p>\n<div class=\"table-responsive\">\n<table class=\"table table--colorful\">\n<thead>\n<tr>\n<th style=\"background-color: #fff;\" colspan=\"5\">Costes promedio de spread* para cuentas minoristas en Plus500<\/th>\n<\/tr>\n<tr>\n<th>Par de forex<\/th>\n<th>Spread (en pips)<\/th>\n<th>Comisi\u00f3n<\/th>\n<th>Coste por minilote<\/th>\n<th>Coste por lote est\u00e1ndar<\/th>\n<\/tr>\n<\/thead>\n<tbody>\n<tr>\n<td>EUR\/USD<\/td>\n<td style=\"text-align: center;\">1,0<\/td>\n<td style=\"text-align: center;\">0 USD<\/td>\n<td style=\"text-align: center;\">1,00 USD<\/td>\n<td style=\"text-align: center;\">10,00 USD<\/td>\n<\/tr>\n<tr>\n<td>USD\/JPY<\/td>\n<td style=\"text-align: center;\">1,7<\/td>\n<td style=\"text-align: center;\">0 USD<\/td>\n<td style=\"text-align: center;\">1,15 USD<\/td>\n<td style=\"text-align: center;\">11,49 USD<\/td>\n<\/tr>\n<tr>\n<td>EUR\/GBP<\/td>\n<td style=\"text-align: center;\">1,5<\/td>\n<td style=\"text-align: center;\">0 USD<\/td>\n<td style=\"text-align: center;\">2,03 USD<\/td>\n<td style=\"text-align: center;\">20,34 USD<\/td>\n<\/tr>\n<tr>\n<td>GBP\/USD<\/td>\n<td style=\"text-align: center;\">1,6<\/td>\n<td style=\"text-align: center;\">0 USD<\/td>\n<td style=\"text-align: center;\">1,60 USD<\/td>\n<td style=\"text-align: center;\">16,00 USD<\/td>\n<\/tr>\n<tr>\n<td>AUD\/USD<\/td>\n<td style=\"text-align: center;\">0,9<\/td>\n<td style=\"text-align: center;\">0 USD<\/td>\n<td style=\"text-align: center;\">0,90 USD<\/td>\n<td style=\"text-align: center;\">9,00 USD<\/td>\n<\/tr>\n<tr>\n<td>USD\/CAD<\/td>\n<td style=\"text-align: center;\">2,0<\/td>\n<td style=\"text-align: center;\">0 USD<\/td>\n<td style=\"text-align: center;\">1,45 USD<\/td>\n<td style=\"text-align: center;\">14,50 USD<\/td>\n<\/tr>\n<tr>\n<td>USD\/CHF<\/td>\n<td style=\"text-align: center;\">1,7<\/td>\n<td style=\"text-align: center;\">0 USD<\/td>\n<td style=\"text-align: center;\">2,13 USD<\/td>\n<td style=\"text-align: center;\">21,32 USD<\/td>\n<\/tr>\n<tr>\n<td>USD\/CNH<\/td>\n<td style=\"text-align: center;\">12,0<\/td>\n<td style=\"text-align: center;\">0 USD<\/td>\n<td style=\"text-align: center;\">1,67 USD<\/td>\n<td style=\"text-align: center;\">16,74 USD<\/td>\n<\/tr>\n<tr>\n<td>NZD\/USD<\/td>\n<td style=\"text-align: center;\">2,2<\/td>\n<td style=\"text-align: center;\">0 USD<\/td>\n<td style=\"text-align: center;\">2,20 USD<\/td>\n<td style=\"text-align: center;\">22,00 USD<\/td>\n<\/tr>\n<\/tbody>\n<\/table>\n<\/div>\n<p style=\"text-align: center; font-size: 13px;\"><em>*Los costes de trading indicados anteriormente son exactos para cuentas denominadas en d\u00f3lares estadounidenses y representan los gastos que los traders asumir\u00e1n por lado.<\/em><\/p>\n<h2 id=\"overnight\"><i class=\"ico ico--clock\"><\/i>Costes de financiaci\u00f3n ovenight en Plus500<\/h2>\n<p>Si piensas mantener posiciones abiertas despu\u00e9s del cierre de la jornada burs\u00e1til, debes prepararte para asumir gastos adicionales en forma de comisiones de financiaci\u00f3n overnight. Tambi\u00e9n conocidas como <em>\u00abswaps\u00bb<\/em>, estas comisiones se <strong>a\u00f1aden o deducen de tu saldo real disponible siempre que tus operaciones apalancadas permanezcan abiertas<\/strong> tras una hora espec\u00edfica de corte (23:00 GMT en Plus500).<\/p>\n<div class=\"table-responsive\">\n<table class=\"table table--colorful\">\n<thead>\n<tr>\n<th style=\"background-color: #fff;\" colspan=\"3\">Tasas swap de Plus500 para pares Forex populares<\/th>\n<\/tr>\n<tr>\n<th>Par de forex<\/th>\n<th>Swap de compra<\/th>\n<th>Swap de venta<\/th>\n<\/tr>\n<\/thead>\n<tbody>\n<tr>\n<td>EUR\/USD<\/td>\n<td style=\"text-align: center;\">-0,01079 %<\/td>\n<td style=\"text-align: center;\">0,00257 %<\/td>\n<\/tr>\n<tr>\n<td>USD\/JPY<\/td>\n<td style=\"text-align: center;\">0,00613 %<\/td>\n<td style=\"text-align: center;\">-0,01435 %<\/td>\n<\/tr>\n<tr>\n<td>EUR\/GBP<\/td>\n<td style=\"text-align: center;\">-0,0105 %<\/td>\n<td style=\"text-align: center;\">0,00228 %<\/td>\n<\/tr>\n<tr>\n<td>GBP\/USD<\/td>\n<td style=\"text-align: center;\">-0,0044 %<\/td>\n<td style=\"text-align: center;\">-0,00382 %<\/td>\n<\/tr>\n<tr>\n<td>AUD\/USD<\/td>\n<td style=\"text-align: center;\">-0,00532 %<\/td>\n<td style=\"text-align: center;\">-0,0029 %<\/td>\n<\/tr>\n<tr>\n<td>USD\/CAD<\/td>\n<td style=\"text-align: center;\">0,00062 %<\/td>\n<td style=\"text-align: center;\">-0,00884 %<\/td>\n<\/tr>\n<tr>\n<td>USD\/CHF<\/td>\n<td style=\"text-align: center;\">0,00787 %<\/td>\n<td style=\"text-align: center;\">-0,01609 %<\/td>\n<\/tr>\n<tr>\n<td>USD\/CNH<\/td>\n<td style=\"text-align: center;\">-0,00813 %<\/td>\n<td style=\"text-align: center;\">-0,02337 %<\/td>\n<\/tr>\n<tr>\n<td>NZD\/USD<\/td>\n<td style=\"text-align: center;\">-0,01178 %<\/td>\n<td style=\"text-align: center;\">-0,00603 %<\/td>\n<\/tr>\n<\/tbody>\n<\/table>\n<\/div>\n<p>Los clientes podr\u00e1n consultar las tasas swap vigentes en los detalles de cada par de divisas despu\u00e9s de iniciar sesi\u00f3n en sus cuentas de Plus500. Podr\u00e1n calcular sus comisiones diarias de financiaci\u00f3n nocturna mediante la f\u00f3rmula facilitada por el br\u00f3ker:<\/p>\n<p><strong>OFF= PS x OP x SR,<\/strong> donde:<\/p>\n<ul class=\"list-checks\">\n<li>OFF representa las comisiones de financiaci\u00f3n overnight.<\/li>\n<li>PS corresponde al tama\u00f1o de la posici\u00f3n.<\/li>\n<li>OP denota el precio de apertura.<\/li>\n<li>SR indica la tasa swap actual (positiva o negativa).<\/li>\n<\/ul>\n<p>Para ilustrarlo con un ejemplo, supongamos que abres una posici\u00f3n larga equivalente a un minilote en EUR\/USD a un precio actual de 1,03080 y tasas swap de -0,01079 %. Con la f\u00f3rmula anterior establecemos que <strong>tu comisi\u00f3n de financiaci\u00f3n nocturna ser\u00e1 10.000 x 1,03080 x -0,01079 % = -1,11 $<\/strong>. Plus500 deducir\u00e1 este importe de tu saldo cada d\u00eda mientras mantengas la posici\u00f3n abierta. Si cierras la operaci\u00f3n 5 d\u00edas despu\u00e9s de colocar la orden, tus gastos totales ascender\u00e1n a 6,66 $.<\/p>\n<h2 id=\"swap\">Costes de trading sin swap en Plus500<\/h2>\n<p>Los traders cuyas creencias religiosas les impidan pagar o recibir intereses podr\u00e1n abrir cuentas isl\u00e1micas, en las que las posiciones mantenidas tras el fin de la jornada no generar\u00e1n comisiones diarias de financiaci\u00f3n overnight. Este tipo de cuenta <strong>est\u00e1 disponible para traders de pa\u00edses espec\u00edficos como Catar y Arabia Saud\u00ed<\/strong>. Los clientes de dichas regiones pagan tarifas administrativas fijas en lugar de swaps.<\/p>\n<p>Suele existir un per\u00edodo de gracia que les permitir\u00e1 mantener posiciones durante varios d\u00edas sin incurrir en cargos administrativos. Sin embargo, el br\u00f3ker ofrece <strong>poca o ninguna informaci\u00f3n sobre la estructura de tarifas de las cuentas sin swap<\/strong> en su sitio web. Hemos deducido que los clientes elegibles deber\u00e1n ponerse en contacto con el servicio de atenci\u00f3n al cliente y solicitar informaci\u00f3n adicional sobre los posibles costes.<\/p>\n<h2 id=\"other\"><i class=\"ico ico--administration-fees\"><\/i>Costes no relacionados con el trading en Plus500<\/h2>\n<p>Plus500 aplica varias comisiones que no est\u00e1n directamente vinculadas a la ejecuci\u00f3n de \u00f3rdenes en la plataforma. Recomendamos a los traders ocasionales que accedan a sus cuentas y operen de vez en cuando para evitar las tarifas por inactividad. El br\u00f3ker deduce una <strong>comisi\u00f3n mensual de 10 $ si no se detecta ning\u00fan inicio de sesi\u00f3n ni actividad de trading en una cuenta real durante tres meses o m\u00e1s<\/strong>. Podr\u00e1s evitar estos cargos simplemente accediendo a tu cuenta de vez en cuando.<\/p>\n<hr style=\"height: 2px; border-width: 0; color: #dee2e6; background-color: #dee2e6; clear: both;\" \/>\n<h3 style=\"text-align: center;\">Tarifas de conversi\u00f3n de divisas en Plus500<\/h3>\n<p><img decoding=\"async\" class=\"alignleft\" src=\"https:\/\/www.bestbrokers.com\/wp-content\/uploads\/2021\/07\/eur-usd-most-traded.svg\" alt=\"Currency Conversion Fees\" width=\"80\" \/>Abrir posiciones en instrumentos denominados en divisas distintas de la divisa base de la cuenta tambi\u00e9n conllevar\u00e1 un coste adicional. El br\u00f3ker <strong>cobra una tarifa de conversi\u00f3n de divisas del 0,70 % que se deducir\u00e1 de tus p\u00e9rdidas o ganancias netas<\/strong>. Supongamos que tu cuenta est\u00e1 denominada en USD y obtienes un beneficio de 10 \u20ac en una posici\u00f3n en EUR. Esto se mostrar\u00e1 como 10,34 $, es decir, 10 \u20ac al precio spot actual de EUR\/USD de 1,03411.<\/p>\n<p>Sin conversi\u00f3n de divisas, tu beneficio simplemente ascender\u00eda a 10,34 $ (10 \u20ac x 1,03411). <strong>El tipo de conversi\u00f3n de divisas del 0,70 % es menos favorable que el precio spot actual<\/strong>, lo que har\u00e1 que obtengas unas ganancias ligeramente inferiores: 1,03411 x (1 &#8211; 0,7 %) = 1,02687. En otras palabras, tus beneficios tras la deducci\u00f3n de la tarifa de conversi\u00f3n ser\u00edan de 10,27 $ (10 \u20ac x 1,02687) en lugar de 10,34 $, lo que equivaldr\u00eda a un cargo de 0,07 $ por conversi\u00f3n.<\/p>\n<hr style=\"height: 2px; border-width: 0; color: #dee2e6; background-color: #dee2e6; clear: both;\" \/>\n<h3 style=\"text-align: center;\">Tarifas por \u00f3rdenes stop garantizadas<\/h3>\n<p><img decoding=\"async\" class=\"alignleft\" src=\"https:\/\/www.bestbrokers.com\/wp-content\/uploads\/2021\/10\/shortcomings.svg\" alt=\"Fees for Guarantee Stop Orders\" width=\"80\" \/>Plus500 permite a sus clientes gestionar el riesgo de manera m\u00e1s eficiente ofreciendo \u00f3rdenes stop garantizadas (GSO). Esta funci\u00f3n garantiza que tus posiciones se cerrar\u00e1n autom\u00e1ticamente al precio que prefieras, independientemente de las condiciones del mercado y de la volatilidad. La GSO te protege de p\u00e9rdidas adicionales cuando el mercado se mueva en tu contra y, alternativamente, te permitir\u00e1 asegurar un beneficio concreto cuando el precio evolucione a tu favor. Sin embargo, <strong>el uso de GSOs implica spreads m\u00e1s amplios<\/strong>. Los clientes podr\u00e1n encontrar informaci\u00f3n adicional sobre el c\u00e1lculo de estas tarifas en la documentaci\u00f3n de informaci\u00f3n esencial de forex del br\u00f3ker.<\/p>\n<hr style=\"height: 2px; border-width: 0; color: #dee2e6; background-color: #dee2e6; clear: both;\" \/>\n<h3 style=\"text-align: center;\">Tarifas por transacci\u00f3n<\/h3>\n<p><img decoding=\"async\" class=\"alignleft\" src=\"https:\/\/www.bestbrokers.com\/wp-content\/uploads\/2021\/10\/transaction-fees.svg\" alt=\"Transaction Fees\" width=\"80\" \/>En lo que respecta a los movimientos de fondos hacia y desde tu saldo real, Plus500 no cobrar\u00e1 comisiones adicionales por los dep\u00f3sitos. Las retiradas mediante transferencias bancarias internacionales conllevan un cargo de 6 $. Los clientes tambi\u00e9n pagar\u00e1n una <strong>tarifa de procesamiento de 10 $ cuando soliciten retiradas por debajo del importe m\u00ednimo<\/strong>, que ser\u00e1 de 100 $ para transferencias bancarias y tarjetas, y de 50 $ para PayPal y Skrill. Cada cliente tendr\u00e1 derecho a cinco retiradas gratuitas al mes. Cada solicitud adicional por encima de este l\u00edmite tambi\u00e9n conllevar\u00e1 una tarifa de 10 $.<\/p>\n<hr style=\"height: 2px; border-width: 0; color: #dee2e6; background-color: #dee2e6; clear: both;\" \/>\n<div class=\"table-responsive\">\n<table class=\"table\">\n<thead>\n<tr>\n<th colspan=\"2\">Resumen de los costes no relacionados con el trading en Plus500<\/th>\n<\/tr>\n<\/thead>\n<tbody>\n<tr>\n<td>Tarifas de dep\u00f3sito<\/td>\n<td>Gratis<\/td>\n<\/tr>\n<tr>\n<td>Tarifas de retirada<\/td>\n<td>\n<ul class=\"list-checks\">\n<li>10 $ por solicitudes de retirada por debajo del importe m\u00ednimo<\/li>\n<li>10 $ tras solicitar cinco retiradas en un mes<\/li>\n<li>6 $ por retiradas mediante transferencia bancaria internacional<\/li>\n<\/ul>\n<\/td>\n<\/tr>\n<tr>\n<td>Tarifas de apertura de cuenta<\/td>\n<td>Ninguna<\/td>\n<\/tr>\n<tr>\n<td>Tarifas por inactividad<\/td>\n<td>10 $ al mes (despu\u00e9s de 3 meses)<\/td>\n<\/tr>\n<tr>\n<td>Suscripci\u00f3n a alojamiento VPS<\/td>\n<td>No aplica<\/td>\n<\/tr>\n<tr>\n<td>Tarifas de copy trading<\/td>\n<td>No aplica<\/td>\n<\/tr>\n<tr>\n<td>\u00d3rdenes stop garantizadas<\/td>\n<td>Tarifas en forma de spreads m\u00e1s amplios<\/td>\n<\/tr>\n<\/tbody>\n<\/table>\n<\/div>\n<h2 id=\"conclusion\"><i class=\"ico ico--pen\"><\/i>Conclusi\u00f3n sobre las comisiones de Plus500<\/h2>\n<p>Tras una investigaci\u00f3n exhaustiva, comprobamos que los costes de trading en Plus500, en general, <strong>son similares a los que aplican la mayor\u00eda de los br\u00f3kers que ofrecen cuentas basadas en spreads<\/strong>. Los spreads son quiz\u00e1 ligeramente m\u00e1s amplios que los que proponen las plataformas con precios \u00abRaw\u00bb en cuentas con comisi\u00f3n, auneue las variaciones de precio resultan, en conjunto, insignificantes. Sin embargo, los clientes deber\u00e1n <strong>considerar detenidamente los costes no relacionados con el trading en Plus500<\/strong>. Los gastos derivados de solicitar retiradas adicionales, utilizar \u00f3rdenes stop garantizadas y la inactividad, podr\u00edan ir mermando poco a poco tus beneficios, especialmente si eres un trader a peque\u00f1a escala. Puedes encontrar m\u00e1s informaci\u00f3n sobre el br\u00f3ker en nuestro an\u00e1lisis en profundidad de <a href=\"https:\/\/www.bestbrokers.com\/es\/reviews\/plus500\/\">Plus500<\/a>.<\/p>\n","protected":false},"excerpt":{"rendered":"<p>Si te preguntas si Plus500 ofrece condiciones de trading competitivas, has llegado al lugar indicado. Desde BestBrokers te presentamos una gu\u00eda completa sobre los costes relacionados y no relacionados con el trading que los clientes de Plus500 podr\u00edan asumir, entre los que se incluyen los spreads, costes de financiaci\u00f3n nocturna, tarifas administrativas de las cuentas [&hellip;]<\/p>\n","protected":false},"author":2,"featured_media":0,"parent":10643,"menu_order":0,"comment_status":"closed","ping_status":"closed","template":"templates\/review.php","meta":{"footnotes":""},"class_list":["post-59718","page","type-page","status-publish","hentry"],"aioseo_notices":[],"_links":{"self":[{"href":"https:\/\/www.bestbrokers.com\/es\/wp-json\/wp\/v2\/pages\/59718","targetHints":{"allow":["GET"]}}],"collection":[{"href":"https:\/\/www.bestbrokers.com\/es\/wp-json\/wp\/v2\/pages"}],"about":[{"href":"https:\/\/www.bestbrokers.com\/es\/wp-json\/wp\/v2\/types\/page"}],"author":[{"embeddable":true,"href":"https:\/\/www.bestbrokers.com\/es\/wp-json\/wp\/v2\/users\/2"}],"replies":[{"embeddable":true,"href":"https:\/\/www.bestbrokers.com\/es\/wp-json\/wp\/v2\/comments?post=59718"}],"version-history":[{"count":9,"href":"https:\/\/www.bestbrokers.com\/es\/wp-json\/wp\/v2\/pages\/59718\/revisions"}],"predecessor-version":[{"id":71668,"href":"https:\/\/www.bestbrokers.com\/es\/wp-json\/wp\/v2\/pages\/59718\/revisions\/71668"}],"up":[{"embeddable":true,"href":"https:\/\/www.bestbrokers.com\/es\/wp-json\/wp\/v2\/pages\/10643"}],"wp:attachment":[{"href":"https:\/\/www.bestbrokers.com\/es\/wp-json\/wp\/v2\/media?parent=59718"}],"curies":[{"name":"wp","href":"https:\/\/api.w.org\/{rel}","templated":true}]}}