{"id":59719,"date":"2025-03-19T09:40:56","date_gmt":"2025-03-19T09:40:56","guid":{"rendered":"https:\/\/www.bestbrokers.com\/?page_id=59719"},"modified":"2025-10-21T14:23:56","modified_gmt":"2025-10-21T14:23:56","slug":"spreads-fees-and-commissions","status":"publish","type":"page","link":"https:\/\/www.bestbrokers.com\/es\/reviews\/pepperstone\/spreads-fees-and-commissions\/","title":{"rendered":"Spreads, tarifas y comisiones de Pepperstone"},"content":{"rendered":"<div class=\"author-line\">Escrito por <span class=\"author\">Naylyan Nazifova<div class=\"author-sub-box\"><div class=\"author-avatar\"><img decoding=\"async\" src=\"https:\/\/www.bestbrokers.com\/wp-content\/uploads\/2026\/04\/nnazifova.webp\" \/><\/div><div class=\"author-info-wrapper\"><div class=\"author-name\"><a href=\"https:\/\/www.bestbrokers.com\/es\/authors\/naylyan-nazifova\/\">Naylyan Nazifova<\/a><\/div><div class=\"author-bio\">Naylyan Nazifova es una reconocida experta en el campo del trading online. Cuenta con numerosas publicaciones y an\u00e1lisis sobre el trading de divisas, la inversi\u00f3n en bolsa y las finanzas personales. <\/div><\/div><\/div><\/span>,  <a rel=\"nofollow\" target=\"_blank\" href=\"https:\/\/www.linkedin.com\/in\/naylian-nazifova-58562a272\/\"><img decoding=\"async\" class=\"social-icon\" src=\"https:\/\/www.bestbrokers.com\/wp-content\/themes\/best-brokers\/assets\/images\/icon-linkedin.svg\" data-no-lazy=\"1\"><\/a> <span class=\"sep\">|<\/span> Traducido por <span class=\"author\">Estrella Fernandez<div class=\"author-sub-box\"><div class=\"author-avatar\"><img decoding=\"async\" src=\"https:\/\/www.bestbrokers.com\/wp-content\/uploads\/2024\/10\/Estrella-Fernandez.jpeg\" \/><\/div><div class=\"author-info-wrapper\"><div class=\"author-name\"><a href=\"https:\/\/www.bestbrokers.com\/es\/authors\/estrella-fernandez\/\">Estrella Fernandez<\/a><\/div><div class=\"author-bio\">Estrella Fernandez edita y revista contenidos financieros para blogs y websites y hace traducciones de franc\u00e9s e ingl\u00e9s a espa\u00f1ol.<\/div><\/div><\/div><\/span>, <a rel=\"nofollow\" target=\"_blank\" href=\"https:\/\/www.linkedin.com\/in\/estrella-fern%C3%A1ndez-gordillo-a54ab483\/?originalSubdomain=es\"><img decoding=\"async\" class=\"social-icon\" src=\"https:\/\/www.bestbrokers.com\/wp-content\/themes\/best-brokers\/assets\/images\/icon-linkedin.svg\" data-no-lazy=\"1\"><\/a> <span class=\"sep\">|<\/span> Actualizado: <time class=\"entry-date\" datetime=\"2025-10-21T14:23:56+00:00\">octubre 21, 2025<\/time><\/div>\n<p>Al elegir el mejor br\u00f3ker, siempre se recomienda comprobar el coste de las operaciones para escoger la marca que ofrezca las condiciones m\u00e1s rentables. En Pepperstone, los usuarios podr\u00e1n operar con numerosos instrumentos de forex y CFD, y sus <strong>bajas comisiones y spreads ajustados<\/strong> se traducen en un coste de negociaci\u00f3n muy reducido. En este art\u00edculo analizaremos todas las comisiones de trading, as\u00ed como las tasas no vinculadas al trading que podr\u00edan aplicarse a tu cuenta de Pepperstone. Si quieres conocer el coste total de operar con este br\u00f3ker, te sugerimos que sigas leyendo.<\/p>\n<h2 id=\"costs\"><i class=\"ico ico--money-supply\"><\/i>Costes de trading en Pepperstone<\/h2>\n<p>Cuando abras una cuenta con Pepperstone, podr\u00e1s comenzar con una cuenta Demo, que te permitir\u00e1 explorar los mercados en tiempo real sin arriesgar tu dinero. En cuanto a las opciones de cuentas reales, los traders pueden elegir <strong>entre las variantes Standard y Razor<\/strong>. Aunque ambas versiones comparten bastantes similitudes en cuanto a tama\u00f1o de contrato, divisas admitidas y apalancamiento, siguen modelos de precios diferentes.<\/p>\n<p>La cuenta Standard de Pepperstone se basa en un modelo de costes \u00fanicamente por spread, de modo que solo se cobra el spread cada vez que compras o vendes un par de divisas u otro activo negociable. Podr\u00e1s operar los principales pares de forex con <strong>spreads desde 1 pip<\/strong> y cero comisiones.<\/p>\n<p>Aunque la cuenta Standard ofrece precios relativamente competitivos, con la opci\u00f3n Razor podr\u00e1s disfrutar de unos costes de trading a\u00fan m\u00e1s bajos. Se aplica una <strong>peque\u00f1a comisi\u00f3n de 3,50 $ por lote<\/strong> en cada lado de la operaci\u00f3n, pero la cuenta Razor ofrece spreads en los principales pares de forex, que podr\u00e1n empezar por 0,0 pips.<\/p>\n<div class=\"table-responsive\">\n<table class=\"table table--colorful\">\n<thead>\n<tr>\n<th style=\"background-color: #fff;\" colspan=\"4\">Comisiones ida y vuelta de la cuenta Razor seg\u00fan la divisa de la cuenta<\/th>\n<\/tr>\n<tr>\n<th>Divisa base<\/th>\n<th>Por lote est\u00e1ndar<\/th>\n<th>Por mini lote<\/th>\n<th>Por micro lote<\/th>\n<\/tr>\n<\/thead>\n<tbody>\n<tr>\n<td>USD<\/td>\n<td style=\"text-align: center;\">7 USD<\/td>\n<td style=\"text-align: center;\">0,7 USD<\/td>\n<td style=\"text-align: center;\">0,07 USD<\/td>\n<\/tr>\n<tr>\n<td>EUR<\/td>\n<td style=\"text-align: center;\">5,20 EUR<\/td>\n<td style=\"text-align: center;\">0,52 EUR<\/td>\n<td style=\"text-align: center;\">0,052 EUR<\/td>\n<\/tr>\n<tr>\n<td>GBP<\/td>\n<td style=\"text-align: center;\">4,50 GBP<\/td>\n<td style=\"text-align: center;\">0,45 GBP<\/td>\n<td style=\"text-align: center;\">0,045 GBP<\/td>\n<\/tr>\n<tr>\n<td>CHF<\/td>\n<td style=\"text-align: center;\">6,60 CHF<\/td>\n<td style=\"text-align: center;\">0,66 CHF<\/td>\n<td style=\"text-align: center;\">0,066 CHF<\/td>\n<\/tr>\n<\/tbody>\n<\/table>\n<\/div>\n<p>Para ayudarte a comprender el coste real de participar en el mercado de Forex con las cuentas Standard y Razor de Pepperstone, vamos a ofrecer un ejemplo de negociaci\u00f3n del mismo par con cada una de las dos cuentas disponibles para los clientes minoristas. En nuestro ejemplo analizaremos <strong>una operaci\u00f3n de un lote est\u00e1ndar de EUR\/USD<\/strong>, donde cada movimiento de 1 pip equivale a 10 $. Para simplificar los c\u00e1lculos, supondremos que la operaci\u00f3n se abre y se cierra en el mismo nivel de precio.<\/p>\n<p>En el momento de redactar este art\u00edculo, el spread medio en EUR\/USD para la cuenta Standard es de 1,1 pips, sin <strong>comisi\u00f3n adicional<\/strong>. Por su parte, el spread medio del mismo par operado con una cuenta Razor es de 0,1 pips, con una comisi\u00f3n de 3,50 $ por lado para una operaci\u00f3n de un lote. Esto significa que el coste de la operaci\u00f3n ser\u00c1 el siguiente:<\/p>\n<hr style=\"height: 2px; border-width: 0; color: #dee2e6; background-color: #dee2e6; clear: both;\" \/>\n<p><strong>Cuenta Standard:<\/strong><\/p>\n<p>Spread: 1,1 pips<br \/>\nCoste total: 1,10 x 10 $ = 11 $ por lado o 22 $ para una operaci\u00f3n ida y vuelta<\/p>\n<hr style=\"height: 2px; border-width: 0; color: #dee2e6; background-color: #dee2e6; clear: both;\" \/>\n<p><strong>Cuenta Razor:<\/strong><\/p>\n<p>Spread: 0,1 pips<br \/>\nCoste del spread: 0,1 x 10 $ = 1 $ por lado<br \/>\nComisi\u00f3n: 3,50 $ por lado<br \/>\nCoste total: (1 $)x2 + (3,50 $)x2 = 2 $ + 7 $ = 9 $ para una operaci\u00f3n ida y vuelta<\/p>\n<hr style=\"height: 2px; border-width: 0; color: #dee2e6; background-color: #dee2e6; clear: both;\" \/>\n<p>Como habr\u00e1s comprobado, aunque con la cuenta Razor pagas una comisi\u00f3n por operar el par EUR\/USD en Pepperstone, el coste final de la operaci\u00f3n es considerablemente inferior al que asumen los titulares de cuentas Standard gracias a la gran diferencia en los spreads.<\/p>\n<p>A continuaci\u00f3n encontrar\u00e1s tablas con el <strong>coste total por operaci\u00f3n<\/strong> y por lado en los pares de forex m\u00e1s populares. Hemos basado los c\u00e1lculos en los spreads vigentes para las cuentas Standard y Razor, y mostramos el coste tanto para un micro lote como para un lote est\u00e1ndar.<\/p>\n<div class=\"table-responsive\">\n<table class=\"table table--colorful\">\n<thead>\n<tr>\n<th style=\"background-color: #fff;\" colspan=\"5\">Costes medios de spread con cuentas Standard<\/th>\n<\/tr>\n<tr>\n<th>Par de divisas<\/th>\n<th>Spread (en pips)<\/th>\n<th>Comisi\u00f3n por lado<\/th>\n<th>Coste por micro lote<\/th>\n<th>Coste por lote est\u00e1ndar<\/th>\n<\/tr>\n<\/thead>\n<tbody>\n<tr>\n<td>EUR\/USD<\/td>\n<td style=\"text-align: center;\">1,1<\/td>\n<td style=\"text-align: center;\">0 USD<\/td>\n<td style=\"text-align: center;\">0,110 USD<\/td>\n<td style=\"text-align: center;\">11,00 USD<\/td>\n<\/tr>\n<tr>\n<td>USD\/JPY<\/td>\n<td style=\"text-align: center;\">1,2<\/td>\n<td style=\"text-align: center;\">0 USD<\/td>\n<td style=\"text-align: center;\">0,082 USD<\/td>\n<td style=\"text-align: center;\">8,16 USD<\/td>\n<\/tr>\n<tr>\n<td>EUR\/GBP<\/td>\n<td style=\"text-align: center;\">1,3<\/td>\n<td style=\"text-align: center;\">0 USD<\/td>\n<td style=\"text-align: center;\">0,176 USD<\/td>\n<td style=\"text-align: center;\">17,58 USD<\/td>\n<\/tr>\n<tr>\n<td>GBP\/USD<\/td>\n<td style=\"text-align: center;\">1,2<\/td>\n<td style=\"text-align: center;\">0 USD<\/td>\n<td style=\"text-align: center;\">0,093 USD<\/td>\n<td style=\"text-align: center;\">9,35 USD<\/td>\n<\/tr>\n<tr>\n<td>AUD\/USD<\/td>\n<td style=\"text-align: center;\">1,1<\/td>\n<td style=\"text-align: center;\">0 USD<\/td>\n<td style=\"text-align: center;\">0,110 USD<\/td>\n<td style=\"text-align: center;\">11,00 USD<\/td>\n<\/tr>\n<tr>\n<td>USD\/CAD<\/td>\n<td style=\"text-align: center;\">1,5<\/td>\n<td style=\"text-align: center;\">0 USD<\/td>\n<td style=\"text-align: center;\">0,109 USD<\/td>\n<td style=\"text-align: center;\">10,91 USD<\/td>\n<\/tr>\n<tr>\n<td>USD\/CHF<\/td>\n<td style=\"text-align: center;\">1,40<\/td>\n<td style=\"text-align: center;\">0 USD<\/td>\n<td style=\"text-align: center;\">0,175 USD<\/td>\n<td style=\"text-align: center;\">17,51 USD<\/td>\n<\/tr>\n<tr>\n<td>USD\/CNH<\/td>\n<td style=\"text-align: center;\">8,0<\/td>\n<td style=\"text-align: center;\">0 USD<\/td>\n<td style=\"text-align: center;\">0,112 USD<\/td>\n<td style=\"text-align: center;\">11,22 USD<\/td>\n<\/tr>\n<tr>\n<td>NZD\/USD<\/td>\n<td style=\"text-align: center;\">1,4<\/td>\n<td style=\"text-align: center;\">0 USD<\/td>\n<td style=\"text-align: center;\">0,140 USD<\/td>\n<td style=\"text-align: center;\">14,00 USD<\/td>\n<\/tr>\n<\/tbody>\n<\/table>\n<\/div>\n<p style=\"text-align: center; font-size: 13px;\"><em>*Todos los costes de trading de los pares de divisas se expresan en USD<\/em><\/p>\n<div class=\"table-responsive\">\n<table class=\"table table--colorful\">\n<thead>\n<tr>\n<th style=\"background-color: #fff;\" colspan=\"5\">Costes medios de spread con cuentas Razor<\/th>\n<\/tr>\n<tr>\n<th>Par de divisas<\/th>\n<th>Spread (en pips)<\/th>\n<th>Comisi\u00f3n por lado<\/th>\n<th>Coste por micro lote<\/th>\n<th>Coste por lote est\u00e1ndar<\/th>\n<\/tr>\n<\/thead>\n<tbody>\n<tr>\n<td>EUR\/USD<\/td>\n<td style=\"text-align: center;\">0,1<\/td>\n<td style=\"text-align: center;\">3,50 USD\/0,035 USD<\/td>\n<td style=\"text-align: center;\">0,045 USD<\/td>\n<td style=\"text-align: center;\">4,50 USD<\/td>\n<\/tr>\n<tr>\n<td>USD\/JPY<\/td>\n<td style=\"text-align: center;\">0,2<\/td>\n<td style=\"text-align: center;\">3,50 USD\/0,035 USD<\/td>\n<td style=\"text-align: center;\">0,049 USD<\/td>\n<td style=\"text-align: center;\">4,86 USD<\/td>\n<\/tr>\n<tr>\n<td>EUR\/GBP<\/td>\n<td style=\"text-align: center;\">0,3<\/td>\n<td style=\"text-align: center;\">3,50 USD\/0,035 USD<\/td>\n<td style=\"text-align: center;\">0,441 USD<\/td>\n<td style=\"text-align: center;\">7,56 USD<\/td>\n<\/tr>\n<tr>\n<td>GBP\/USD<\/td>\n<td style=\"text-align: center;\">0,2<\/td>\n<td style=\"text-align: center;\">3,50 USD\/0,035 USD<\/td>\n<td style=\"text-align: center;\">0,055 USD<\/td>\n<td style=\"text-align: center;\">5,50 USD<\/td>\n<\/tr>\n<tr>\n<td>AUD\/USD<\/td>\n<td style=\"text-align: center;\">0,1<\/td>\n<td style=\"text-align: center;\">3,50 USD\/0,035 USD<\/td>\n<td style=\"text-align: center;\">0,045 USD<\/td>\n<td style=\"text-align: center;\">4,50 USD<\/td>\n<\/tr>\n<tr>\n<td>USD\/CAD<\/td>\n<td style=\"text-align: center;\">0,5<\/td>\n<td style=\"text-align: center;\">3,50 USD\/0,035 USD<\/td>\n<td style=\"text-align: center;\">0,071 USD<\/td>\n<td style=\"text-align: center;\">7,14 USD<\/td>\n<\/tr>\n<tr>\n<td>USD\/CHF<\/td>\n<td style=\"text-align: center;\">0,4<\/td>\n<td style=\"text-align: center;\">3,50 USD\/0,035 USD<\/td>\n<td style=\"text-align: center;\">0,085 USD<\/td>\n<td style=\"text-align: center;\">8,50 USD<\/td>\n<\/tr>\n<tr>\n<td>USD\/CNH<\/td>\n<td style=\"text-align: center;\">7,0<\/td>\n<td style=\"text-align: center;\">3,50 USD\/0,035 USD<\/td>\n<td style=\"text-align: center;\">0,133 USD<\/td>\n<td style=\"text-align: center;\">13,32 USD<\/td>\n<\/tr>\n<tr>\n<td>NZD\/USD<\/td>\n<td style=\"text-align: center;\">0,4<\/td>\n<td style=\"text-align: center;\">3,50 USD\/0,035 USD<\/td>\n<td style=\"text-align: center;\">0,075 USD<\/td>\n<td style=\"text-align: center;\">7,50 USD<\/td>\n<\/tr>\n<\/tbody>\n<\/table>\n<\/div>\n<p style=\"text-align: center; font-size: 13px;\"><em>*Todos los costes de trading de los pares de divisas se expresan en USD<\/em><\/p>\n<h2 id=\"overnight\"><i class=\"ico ico--clock\"><\/i>Costes de financiaci\u00f3n overnight en Pepperstone<\/h2>\n<p>Aunque los operadores intrad\u00eda pueden beneficiarse de cualquiera de los tipos de cuenta que ofrece Pepperstone, hay quienes prefieren obtener intereses por las posiciones que permanecen abiertas durante la noche. Cabe se\u00f1alar que este inter\u00e9s, tambi\u00e9n conocido como tasa swap, puede abonarse o cobrarse por mantener las posiciones abiertas, seg\u00fan hayas tomado una posici\u00f3n larga o corta.<\/p>\n<p>Dado que las tasas swap son variables, pues dependen de los tipos interbancarios y de otras condiciones del mercado, hemos incluido una tabla con las tasas vigentes para los pares de divisas m\u00e1s populares en el momento de la redacci\u00f3n. Ten en cuenta que, dado que el mercado de forex no opera los fines de semana y no se cargan ni se abonan swaps, <strong>los mi\u00e9rcoles las tasas se triplican<\/strong>.<\/p>\n<p>Si lo deseas, podr\u00e1s consultar f\u00e1cilmente las tasas swap actuales de cada instrumento accediendo a la lista de productos disponibles en cualquiera de las plataformas de trading que Pepperstone pone a disposici\u00f3n de sus clientes; sin embargo, tambi\u00e9n es \u00fatil saber c\u00f3mo calcula el br\u00f3ker dichos swaps. Para forex y metales, Pepperstone aplica la f\u00f3rmula siguiente:<\/p>\n<blockquote><p>Cargo\/abono diario por swap = Punto \u00fanico \u00d7 (Tama\u00f1o de la operaci\u00f3n o valor nominal de la operaci\u00f3n \u00d7 tipo tom-next*)<\/p><\/blockquote>\n<p style=\"text-align: center; font-size: 13px;\"><em>*Pepperstone recurre a datos facilitados por bancos de inversi\u00f3n globales de primer nivel para determinar sus tipos tom-next.<\/em><\/p>\n<div class=\"table-responsive\">\n<table class=\"table table--colorful\">\n<thead>\n<tr>\n<th style=\"background-color: #fff;\" colspan=\"5\">Tasas swap en los pares de forex m\u00e1s populares<\/th>\n<\/tr>\n<tr>\n<th>S\u00edmbolo<\/th>\n<th>Divisa base<\/th>\n<th>Volumen en lotes<\/th>\n<th>Swap largo<\/th>\n<th>Swap corto<\/th>\n<\/tr>\n<\/thead>\n<tbody>\n<tr>\n<td>EUR\/USD<\/td>\n<td style=\"text-align: center;\">USD<\/td>\n<td style=\"text-align: center;\">1<\/td>\n<td style=\"text-align: center;\">0,61000<\/td>\n<td style=\"text-align: center;\">0,20000<\/td>\n<\/tr>\n<tr>\n<td>USD\/JPY<\/td>\n<td style=\"text-align: center;\">USD<\/td>\n<td style=\"text-align: center;\">1<\/td>\n<td style=\"text-align: center;\">-0,710<\/td>\n<td style=\"text-align: center;\">-2,130<\/td>\n<\/tr>\n<tr>\n<td>EUR\/GBP<\/td>\n<td style=\"text-align: center;\">USD<\/td>\n<td style=\"text-align: center;\">1<\/td>\n<td style=\"text-align: center;\">0,64000<\/td>\n<td style=\"text-align: center;\">0,21000<\/td>\n<\/tr>\n<tr>\n<td>GBP\/USD<\/td>\n<td style=\"text-align: center;\">USD<\/td>\n<td style=\"text-align: center;\">1<\/td>\n<td style=\"text-align: center;\">0,14000<\/td>\n<td style=\"text-align: center;\">-0,36000<\/td>\n<\/tr>\n<tr>\n<td>AUD\/USD<\/td>\n<td style=\"text-align: center;\">USD<\/td>\n<td style=\"text-align: center;\">1<\/td>\n<td style=\"text-align: center;\">0,16000<\/td>\n<td style=\"text-align: center;\">-0,11000<\/td>\n<\/tr>\n<tr>\n<td>USD\/CAD<\/td>\n<td style=\"text-align: center;\">USD<\/td>\n<td style=\"text-align: center;\">1<\/td>\n<td style=\"text-align: center;\">-0,30000<\/td>\n<td style=\"text-align: center;\">-0,92000<\/td>\n<\/tr>\n<tr>\n<td>USD\/CHF<\/td>\n<td style=\"text-align: center;\">USD<\/td>\n<td style=\"text-align: center;\">1<\/td>\n<td style=\"text-align: center;\">-0,44000<\/td>\n<td style=\"text-align: center;\">-1,21000<\/td>\n<\/tr>\n<tr>\n<td>NZD\/USD<\/td>\n<td style=\"text-align: center;\">USD<\/td>\n<td style=\"text-align: center;\">1<\/td>\n<td style=\"text-align: center;\">0,16000<\/td>\n<td style=\"text-align: center;\">-0,12000<\/td>\n<\/tr>\n<\/tbody>\n<\/table>\n<\/div>\n<p style=\"text-align: center; font-size: 13px;\"><em>* Las tasas swap se expresan en formato de ajuste por puntos<\/em><\/p>\n<h2 id=\"swap\"><i class=\"ico ico--islamic-account\"><\/i>Costes de trading sin swap en Pepperstone<\/h2>\n<p>Dado que la ley isl\u00e1mica proh\u00edbe pagar o recibir intereses, Pepperstone ofrece a los residentes de determinados pa\u00edses musulmanes la posibilidad de abrir cuentas sin swap. Esto significa que no recibir\u00e1n ni pagar\u00e1n comisiones swap cuando sus posiciones permanezcan abiertas durante la noche. Aunque este tipo de cuenta <strong>elimina las comisiones swap<\/strong>, los traders que operen sin swap deber\u00e1n abonar los denominados cargos de administraci\u00f3n. Este coste se aplica cuando una operaci\u00f3n realizada a trav\u00e9s de una cuenta sin swap permanece abierta durante m\u00e1s de 5 d\u00edas.<\/p>\n<p>Los cargos de administraci\u00f3n se aplican por cada lote est\u00e1ndar y se deducen del saldo de la cuenta del usuario. En operaciones de forex y metales realizadas con cuentas sin swap, el cargo administrativo asciende a 100 $ por lote negociado.<\/p>\n<p>La opci\u00f3n de cuenta sin swap est\u00e1 disponible \u00fanicamente para residentes de Albania, Banglad\u00e9s, Burkina Faso, Bar\u00e9in, Brun\u00e9i, Brun\u00e9i Darussalam, Argelia, Egipto, Indonesia, Jordania, Kirguist\u00e1n, Kuwait, Marruecos, Mauritania, Maldivas, Malasia, N\u00edger, Om\u00e1n, Pakist\u00e1n, Catar, Sierra Leona, Turqu\u00eda, Uzbekist\u00e1n y Kosovo.<\/p>\n<p>Las cuentas Standard tambi\u00e9n pueden ser sin swap y ofrecen un spread medio en EUR\/USD de <strong>0,77 pips<\/strong>. El tama\u00f1o m\u00ednimo de operaci\u00f3n en una cuenta sin swap de Pepperstone es de 0,01 lotes y llega hasta 100 lotes est\u00e1ndar. No se aplica ninguna comisi\u00f3n, al igual que en la cuenta Standard regular de Pepperstone. Hay cuatro divisas base de cuenta: AUD, EUR, GBP y USD. Est\u00e1n permitidos el scalping, el hedging y el uso de EA.<\/p>\n<h2 id=\"other\"><i class=\"ico ico--administration-fees\"><\/i>Costes no relacionados con el trading en Pepperstone<\/h2>\n<p>Tras analizar comisiones, spreads, swaps y cargos de administraci\u00f3n, tambi\u00e9n debemos tener en cuenta los costes no relacionados con la operativa que podr\u00edan aplicarse al operar con Pepperstone. Podr\u00e1s abrir tu cuenta de forma gratuita y el mantenimiento de la misma tampoco conlleva ning\u00fan cargo. Aunque algunos br\u00f3kers cobran una comisi\u00f3n por inactividad, si tu cuenta de Pepperstone permanece inactiva, es decir, sin uso durante m\u00e1s de 3 meses, se archivar\u00e1 y <strong>no se aplicar\u00e1 ninguna comisi\u00f3n por inactividad<\/strong>.<\/p>\n<p>A la hora de financiar tu cuenta de trading, podr\u00e1s elegir entre varias soluciones de pago, cuya disponibilidad puede variar seg\u00fan el pa\u00eds. Lo mejor es que Pepperstone no cobra comisiones por dep\u00f3sitos, de modo que los traders podr\u00e1n utilizar \u00edntegramente la cantidad ingresada en su operativa. Cuando llega el momento de retirar fondos, el br\u00f3ker <strong>tampoco aplica cargos adicionales<\/strong>, por lo que el proceso de pagos en Pepperstone resulta muy rentable.<\/p>\n<p>Todos los clientes de Pepperstone tambi\u00e9n tienen acceso a un servicio de VPS (servidor privado virtual) que el br\u00f3ker cubre \u00edntegramente siempre que se cumplan determinadas condiciones. Para utilizar el servicio de VPS de Pepperstone, los traders deben acumular un <strong>volumen de negociaci\u00f3n de 1.000.000 $ o m\u00e1s<\/strong> en un periodo de 60 d\u00edas. Para seguir disfrutando del VPS gratuito de Pepperstone hay que seguir cumpliendo el requisito m\u00ednimo de volumen.<\/p>\n<div class=\"table-responsive\">\n<table class=\"table\">\n<thead>\n<tr>\n<th colspan=\"2\">Costes no relacionados con la operativa en Pepperstone<\/th>\n<\/tr>\n<\/thead>\n<tbody>\n<tr>\n<td>Comisi\u00f3n por dep\u00f3sito<\/td>\n<td>Gratis<\/td>\n<\/tr>\n<tr>\n<td>Comisi\u00f3n por retirada<\/td>\n<td>Gratis<\/td>\n<\/tr>\n<tr>\n<td>Comisi\u00f3n de apertura de cuenta<\/td>\n<td>Gratis<\/td>\n<\/tr>\n<tr>\n<td>Comisi\u00f3n por inactividad<\/td>\n<td>Ninguna<\/td>\n<\/tr>\n<tr>\n<td>Suscripci\u00f3n al VPS<\/td>\n<td>Gratis para los traders que mantengan un volumen de negociaci\u00f3n de 1.000.000\u00a0US$ o m\u00e1s en un periodo de 60 d\u00edas<\/td>\n<\/tr>\n<\/tbody>\n<\/table>\n<\/div>\n<h2 id=\"conclusion\"><i class=\"ico ico--pen\"><\/i>Conclusi\u00f3n sobre las comisiones de Pepperstone<\/h2>\n<p>Pepperstone es un br\u00f3ker de reconocido prestigio que ofrece condiciones de trading muy competitivas en varias opciones de cuenta. Tanto si eliges la cuenta Standard como la Razor, podr\u00e1s disfrutar de unos <strong>costes de negociaci\u00f3n muy bajos<\/strong> en una amplia gama de pares de forex y numerosos instrumentos CFD. Te recomendamos que revises el coste total de ambos tipos de cuenta disponibles en Pepperstone y que valores tambi\u00e9n las tasas swap si planeas mantener posiciones abiertas durante la noche.<\/p>\n<p>Lo mejor de operar con Pepperstone es que <strong>el br\u00f3ker no cobra comisiones ajenas al trading<\/strong>. Esto significa que no hay recargos por dep\u00f3sitos o retiradas, ni comisiones por inactividad ni ning\u00fan otro tipo de cargo adicional que incremente tus costes.<\/p>\n","protected":false},"excerpt":{"rendered":"<p>Al elegir el mejor br\u00f3ker, siempre se recomienda comprobar el coste de las operaciones para escoger la marca que ofrezca las condiciones m\u00e1s rentables. En Pepperstone, los usuarios podr\u00e1n operar con numerosos instrumentos de forex y CFD, y sus bajas comisiones y spreads ajustados se traducen en un coste de negociaci\u00f3n muy reducido. En este [&hellip;]<\/p>\n","protected":false},"author":2,"featured_media":0,"parent":10649,"menu_order":0,"comment_status":"closed","ping_status":"closed","template":"templates\/review.php","meta":{"footnotes":""},"class_list":["post-59719","page","type-page","status-publish","hentry"],"aioseo_notices":[],"_links":{"self":[{"href":"https:\/\/www.bestbrokers.com\/es\/wp-json\/wp\/v2\/pages\/59719","targetHints":{"allow":["GET"]}}],"collection":[{"href":"https:\/\/www.bestbrokers.com\/es\/wp-json\/wp\/v2\/pages"}],"about":[{"href":"https:\/\/www.bestbrokers.com\/es\/wp-json\/wp\/v2\/types\/page"}],"author":[{"embeddable":true,"href":"https:\/\/www.bestbrokers.com\/es\/wp-json\/wp\/v2\/users\/2"}],"replies":[{"embeddable":true,"href":"https:\/\/www.bestbrokers.com\/es\/wp-json\/wp\/v2\/comments?post=59719"}],"version-history":[{"count":9,"href":"https:\/\/www.bestbrokers.com\/es\/wp-json\/wp\/v2\/pages\/59719\/revisions"}],"predecessor-version":[{"id":71656,"href":"https:\/\/www.bestbrokers.com\/es\/wp-json\/wp\/v2\/pages\/59719\/revisions\/71656"}],"up":[{"embeddable":true,"href":"https:\/\/www.bestbrokers.com\/es\/wp-json\/wp\/v2\/pages\/10649"}],"wp:attachment":[{"href":"https:\/\/www.bestbrokers.com\/es\/wp-json\/wp\/v2\/media?parent=59719"}],"curies":[{"name":"wp","href":"https:\/\/api.w.org\/{rel}","templated":true}]}}