{"id":59720,"date":"2025-03-19T09:40:57","date_gmt":"2025-03-19T09:40:57","guid":{"rendered":"https:\/\/www.bestbrokers.com\/?page_id=59720"},"modified":"2025-11-20T08:19:38","modified_gmt":"2025-11-20T08:19:38","slug":"spreads-fees-and-commissions","status":"publish","type":"page","link":"https:\/\/www.bestbrokers.com\/es\/reviews\/blackbull-markets\/spreads-fees-and-commissions\/","title":{"rendered":"Spreads, tarifas y comisiones de BlackBull Markets"},"content":{"rendered":"<div class=\"author-line\">Escrito por <span class=\"author\">Naylyan Nazifova<div class=\"author-sub-box\"><div class=\"author-avatar\"><img decoding=\"async\" src=\"https:\/\/www.bestbrokers.com\/wp-content\/uploads\/2026\/04\/nnazifova.webp\" \/><\/div><div class=\"author-info-wrapper\"><div class=\"author-name\"><a href=\"https:\/\/www.bestbrokers.com\/es\/authors\/naylyan-nazifova\/\">Naylyan Nazifova<\/a><\/div><div class=\"author-bio\">Naylyan Nazifova es una reconocida experta en el campo del trading online. Cuenta con numerosas publicaciones y an\u00e1lisis sobre el trading de divisas, la inversi\u00f3n en bolsa y las finanzas personales. <\/div><\/div><\/div><\/span>,  <a rel=\"nofollow\" target=\"_blank\" href=\"https:\/\/www.linkedin.com\/in\/naylian-nazifova-58562a272\/\"><img decoding=\"async\" class=\"social-icon\" src=\"https:\/\/www.bestbrokers.com\/wp-content\/themes\/best-brokers\/assets\/images\/icon-linkedin.svg\" data-no-lazy=\"1\"><\/a> <span class=\"sep\">|<\/span> Traducido por <span class=\"author\">Estrella Fernandez<div class=\"author-sub-box\"><div class=\"author-avatar\"><img decoding=\"async\" src=\"https:\/\/www.bestbrokers.com\/wp-content\/uploads\/2024\/10\/Estrella-Fernandez.jpeg\" \/><\/div><div class=\"author-info-wrapper\"><div class=\"author-name\"><a href=\"https:\/\/www.bestbrokers.com\/es\/authors\/estrella-fernandez\/\">Estrella Fernandez<\/a><\/div><div class=\"author-bio\">Estrella Fernandez edita y revista contenidos financieros para blogs y websites y hace traducciones de franc\u00e9s e ingl\u00e9s a espa\u00f1ol.<\/div><\/div><\/div><\/span>, <a rel=\"nofollow\" target=\"_blank\" href=\"https:\/\/www.linkedin.com\/in\/estrella-fern%C3%A1ndez-gordillo-a54ab483\/?originalSubdomain=es\"><img decoding=\"async\" class=\"social-icon\" src=\"https:\/\/www.bestbrokers.com\/wp-content\/themes\/best-brokers\/assets\/images\/icon-linkedin.svg\" data-no-lazy=\"1\"><\/a> <span class=\"sep\">|<\/span> Actualizado: <time class=\"entry-date\" datetime=\"2025-11-20T08:19:38+00:00\">noviembre 20, 2025<\/time><\/div>\n<p>Con m\u00e1s de 26.000 instrumentos negociables, innovadoras plataformas de trading y bajas comisiones, BlackBull ofrece algunas de las condiciones de trading m\u00e1s competitivas que se puedan desear. Para ayudarte a comprender el coste de operar en BlackBull, hemos analizado todas las <strong>comisiones de trading y no trading que podr\u00e1s encontrar<\/strong> como cliente del br\u00f3ker. Los spreads, comisiones y tasas swap son solo algunos de los gastos clave que hemos cubierto para que los inversores determinen si BlackBull es la mejor opci\u00f3n de intermediaci\u00f3n para tus futuras operaciones. Para familiarizarte con los costes generales de trading en BlackBull, te sugerimos que contin\u00faes leyendo nuestro an\u00e1lisis detallado de la estructura de tarifas del br\u00f3ker.<\/p>\n<h2 id=\"costs\"><i class=\"ico ico--money-supply\"><\/i>Costes de trading en BlackBull<\/h2>\n<p>Los spreads y las comisiones son factores clave que influyen en el c\u00e1lculo del coste de trading en BlackBull. Cabe se\u00f1alar que el br\u00f3ker ofrece tres tipos de cuenta que se adaptan a los distintos estilos de los traders. Estas tres opciones tambi\u00e9n tienen modelos de precios diferentes: una ofrece <strong>un modelo basado \u00fanicamente en el spread<\/strong>, mientras que las otras dos brindan sperads m\u00e1s ajustados y bajas comisiones.<\/p>\n<p>Los tipos de cuenta ECN Standard, ECN Prime y ECN Institutional son las tres versiones que los traders podr\u00e1n elegir al abrir una cuenta real en BlackBull. <strong>Las tres admiten microlotes<\/strong>, con un tama\u00f1o m\u00ednimo de contrato de 0,01 lotes. Todas las plataformas de trading que ofrece el br\u00f3ker est\u00e1n disponibles en las tres cuentas, lo que brindar\u00e1 acceso a m\u00e1s de 26.000 instrumentos negociables. El apalancamiento m\u00e1ximo que podr\u00e1n utilizar los traders tambi\u00e9n ser\u00e1 el mismo en las tres versiones.<\/p>\n<p>Las cuentas ECN Standard y ECN Prime permiten el trading sin swaps, disponible exclusivamente para los clientes elegibles de determinados pa\u00edses musulmanes. Sin embargo, para financiar tu cuenta y empezar a operar en vivo, deber\u00e1s cumplir con <strong>una serie de requisitos de dep\u00f3sito m\u00ednimo<\/strong>. Los importes m\u00ednimos ser\u00e1n de 0 $ para la ECN Standard, 0 $ para la ECN Prime y 20.000 $ para la ECN Institutional, respectivamente.<\/p>\n<p>La <strong>cuenta ECN Standard tiene una pol\u00edtica de cero comisiones<\/strong>, lo que significa que todo el coste de la operaci\u00f3n se incorpora al spread, cuyos valores empiezan en 0,8 pips en los principales pares de forex. Las otras dos cuentas reducen el coste de trading al ofrecer spreads m\u00e1s ajustados y cobrar peque\u00f1as comisiones por lote operado. Los <strong>spreads en ECN Prime comienzan en 0,0 pips<\/strong>, con una comisi\u00f3n de 6 $ por lote est\u00e1ndar para la ida y vuelta. La ECN Institutional ofrece diferenciales que parten de 0,0 pips y una comisi\u00f3n a\u00fan m\u00e1s baja de 4 $ por lote para la ida y vuelta.<\/p>\n<div class=\"table-responsive\">\n<table class=\"table table--colorful\">\n<thead>\n<tr>\n<th style=\"background-color: #fff;\" colspan=\"4\">Tarifas de comisi\u00f3n por ida y vuelta de BlackBull seg\u00fan el tipo de cuenta<\/th>\n<\/tr>\n<tr>\n<th>Tipo de cuenta<\/th>\n<th>Por lote est\u00e1ndar<\/th>\n<th>Por mini lote<\/th>\n<th>Por microlote<\/th>\n<\/tr>\n<\/thead>\n<tbody>\n<tr>\n<td>ECN Standard<\/td>\n<td style=\"text-align: center;\">0 USD<\/td>\n<td style=\"text-align: center;\">0 USD<\/td>\n<td style=\"text-align: center;\">0 USD<\/td>\n<\/tr>\n<tr>\n<td>ECN Prime<\/td>\n<td style=\"text-align: center;\">6 USD<\/td>\n<td style=\"text-align: center;\">0,6 USD<\/td>\n<td style=\"text-align: center;\">0,06 USD<\/td>\n<\/tr>\n<tr>\n<td>ECN Institutional<\/td>\n<td style=\"text-align: center;\">4 USD<\/td>\n<td style=\"text-align: center;\">0,4 USD<\/td>\n<td style=\"text-align: center;\">0,04 USD<\/td>\n<\/tr>\n<\/tbody>\n<\/table>\n<\/div>\n<p>Para ayudarte a calcular el coste total de operar pares de forex con cada tipo de cuenta, proporcionaremos un ejemplo sencillo con una operaci\u00f3n EUR\/USD de un lote est\u00e1ndar donde 1 pip equivale a 10 USD. Para el ejemplo, consideraremos que la posici\u00f3n se abre y se cierra al mismo precio. En el momento de redactar este art\u00edculo, BlackBull ofrec\u00eda un spread en vivo en el par EUR\/USD de 1,0 pips, 0,3 pips y 0,2 pips en sus cuentas ECN Standard, ECN Prime y ECN Institutional, respectivamente. Ten en cuenta que el br\u00f3ker ofrece spreads flotantes en vivo, que se actualizan constantemente, seg\u00fan las condiciones del mercado.<\/p>\n<p>Teniendo en cuenta los spreads mencionados, la operaci\u00f3n EUR\/USD con las cuentas de BlackBull quedar\u00eda as\u00ed:<\/p>\n<hr style=\"height: 2px; border-width: 0; color: #dee2e6; background-color: #dee2e6; clear: both;\" \/>\n<p><strong>Cuenta ECN Standard:<\/strong><\/p>\n<p>Spread: 1,0<br \/>\nComisi\u00f3n: 0 $<br \/>\nCoste total: 1,0 \u00d7 10 $ = 10 USD por lado o 20 $ por operaci\u00f3n ida y vuelta<\/p>\n<hr style=\"height: 2px; border-width: 0; color: #dee2e6; background-color: #dee2e6; clear: both;\" \/>\n<p><strong>Cuenta ECN Prime:<\/strong><\/p>\n<p>Spread: 0,3<br \/>\nCoste del spread: 0,3 \u00d7 10 $ = 3 $<br \/>\nComisi\u00f3n por lado: 3 $<br \/>\nCoste total: (3 $) \u00d7 2 + (3 $)\u00d72 = 6 $ + 6 $ = 12 $ por operaci\u00f3n ida y vuelta<\/p>\n<hr style=\"height: 2px; border-width: 0; color: #dee2e6; background-color: #dee2e6; clear: both;\" \/>\n<p><strong>Cuenta ECN Institutional:<\/strong><\/p>\n<p>Spread: 0,2<br \/>\nCoste del spread: 0,2 \u00d7 10 $ = 2 $<br \/>\nComisi\u00f3n por lado: 2 $<br \/>\nCoste total: (2 $) \u00d7 2 + (2 $) \u00d7 2 = 4 $ + 4 $ = 8 $ por operaci\u00f3n ida y vuelta<\/p>\n<hr style=\"height: 2px; border-width: 0; color: #dee2e6; background-color: #dee2e6; clear: both;\" \/>\n<p>Como habr\u00e1s observados en los ejemplos proporcionados, cuanto m\u00e1s ajustado es el spread ofrecido en los pares, menor es el coste final de la operaci\u00f3n. Esto significa que, aunque las cuentas ECN Prime y ECN Institutional cobran comisiones, el coste final por operaci\u00f3n seguir\u00e1 siendo significativamente inferior al que se aplica al operar con la cuenta ECN Standard.<\/p>\n<p>A continuaci\u00f3n, encontrar\u00e1s tablas con los spreads en vivo ofrecidos en populares pares de forex, en los tres tipos de cuenta de BlackBull. Ten en cuenta que el br\u00f3ker solo muestra spreads en vivo, que se actualizan constantemente y pueden no corresponder a los valores indicados a continuaci\u00f3n.<\/p>\n<div class=\"table-responsive\">\n<table class=\"table table--colorful\">\n<thead>\n<tr>\n<th style=\"background-color: #fff;\" colspan=\"5\">Costes medios de spread con cuentas ECN Standard<\/th>\n<\/tr>\n<tr>\n<th>Par de divisas<\/th>\n<th>Spread (en pips)<\/th>\n<th>Comisi\u00f3n por lado<\/th>\n<th>Coste por microlote<\/th>\n<th>Coste por lote est\u00e1ndar<\/th>\n<\/tr>\n<\/thead>\n<tbody>\n<tr>\n<td>EUR\/USD<\/td>\n<td style=\"text-align: center;\">1,0<\/td>\n<td style=\"text-align: center;\">0 USD<\/td>\n<td style=\"text-align: center;\">0,10 USD<\/td>\n<td style=\"text-align: center;\">10,00 USD<\/td>\n<\/tr>\n<tr>\n<td>USD\/JPY<\/td>\n<td style=\"text-align: center;\">1,0<\/td>\n<td style=\"text-align: center;\">0 USD<\/td>\n<td style=\"text-align: center;\">0,0677 USD<\/td>\n<td style=\"text-align: center;\">6,76 USD<\/td>\n<\/tr>\n<tr>\n<td>EUR\/GBP<\/td>\n<td style=\"text-align: center;\">1,6<\/td>\n<td style=\"text-align: center;\">0 USD<\/td>\n<td style=\"text-align: center;\">0,2152 USD<\/td>\n<td style=\"text-align: center;\">21,52 USD<\/td>\n<\/tr>\n<tr>\n<td>GBP\/USD<\/td>\n<td style=\"text-align: center;\">1,0<\/td>\n<td style=\"text-align: center;\">0 USD<\/td>\n<td style=\"text-align: center;\">0,10 USD<\/td>\n<td style=\"text-align: center;\">10,00 USD<\/td>\n<\/tr>\n<tr>\n<td>AUD\/USD<\/td>\n<td style=\"text-align: center;\">1,0<\/td>\n<td style=\"text-align: center;\">0 USD<\/td>\n<td style=\"text-align: center;\">0,10 USD<\/td>\n<td style=\"text-align: center;\">10,00 USD<\/td>\n<\/tr>\n<tr>\n<td>USD\/CAD<\/td>\n<td style=\"text-align: center;\">1,1<\/td>\n<td style=\"text-align: center;\">0 USD<\/td>\n<td style=\"text-align: center;\">0,0794 USD<\/td>\n<td style=\"text-align: center;\">7,94 USD<\/td>\n<\/tr>\n<tr>\n<td>USD\/CHF<\/td>\n<td style=\"text-align: center;\">1,4<\/td>\n<td style=\"text-align: center;\">0 USD<\/td>\n<td style=\"text-align: center;\">0,1737 USD<\/td>\n<td style=\"text-align: center;\">17,37 USD<\/td>\n<\/tr>\n<tr>\n<td>USD\/CNH<\/td>\n<td style=\"text-align: center;\">4,3<\/td>\n<td style=\"text-align: center;\">0 USD<\/td>\n<td style=\"text-align: center;\">0,0601 USD<\/td>\n<td style=\"text-align: center;\">6,01 USD<\/td>\n<\/tr>\n<tr>\n<td>NZD\/USD<\/td>\n<td style=\"text-align: center;\">1,4<\/td>\n<td style=\"text-align: center;\">0 USD<\/td>\n<td style=\"text-align: center;\">0,14 USD<\/td>\n<td style=\"text-align: center;\">14,00 USD<\/td>\n<\/tr>\n<\/tbody>\n<\/table>\n<\/div>\n<p style=\"text-align: center; font-size: 13px;\"><em>*Todos los costes de negociaci\u00f3n de los pares de divisas se expresan en USD<\/em><\/p>\n<div class=\"table-responsive\">\n<table class=\"table table--colorful\">\n<thead>\n<tr>\n<th style=\"background-color: #fff;\" colspan=\"5\">Costes medios de spread con cuentas ECN Prime<\/th>\n<\/tr>\n<tr>\n<th>Par de divisas<\/th>\n<th>Spread (en pips)<\/th>\n<th>Comisi\u00f3n por lado<\/th>\n<th>Coste por microlote<\/th>\n<th>Coste por lote est\u00e1ndar<\/th>\n<\/tr>\n<\/thead>\n<tbody>\n<tr>\n<td>EUR\/USD<\/td>\n<td style=\"text-align: center;\">0,3<\/td>\n<td style=\"text-align: center;\">3 USD\/0,030 USD<\/td>\n<td style=\"text-align: center;\">0,06 USD<\/td>\n<td style=\"text-align: center;\">6,00 USD<\/td>\n<\/tr>\n<tr>\n<td>USD\/JPY<\/td>\n<td style=\"text-align: center;\">0,3<\/td>\n<td style=\"text-align: center;\">3 USD\/0,030 USD<\/td>\n<td style=\"text-align: center;\">0,0503 USD<\/td>\n<td style=\"text-align: center;\">5,03 USD<\/td>\n<\/tr>\n<tr>\n<td>EUR\/GBP<\/td>\n<td style=\"text-align: center;\">0,9<\/td>\n<td style=\"text-align: center;\">3 USD\/0,030 USD<\/td>\n<td style=\"text-align: center;\">0,1510 USD<\/td>\n<td style=\"text-align: center;\">15,10 USD<\/td>\n<\/tr>\n<tr>\n<td>GBP\/USD<\/td>\n<td style=\"text-align: center;\">0,3<\/td>\n<td style=\"text-align: center;\">3 USD\/0,030 USD<\/td>\n<td style=\"text-align: center;\">0,06 USD<\/td>\n<td style=\"text-align: center;\">6,00 USD<\/td>\n<\/tr>\n<tr>\n<td>AUD\/USD<\/td>\n<td style=\"text-align: center;\">0,3<\/td>\n<td style=\"text-align: center;\">3 USD\/0,030 USD<\/td>\n<td style=\"text-align: center;\">0,06 USD<\/td>\n<td style=\"text-align: center;\">6,00 USD<\/td>\n<\/tr>\n<tr>\n<td>USD\/CAD<\/td>\n<td style=\"text-align: center;\">0,4<\/td>\n<td style=\"text-align: center;\">3 USD\/0,030 USD<\/td>\n<td style=\"text-align: center;\">0,0589 USD<\/td>\n<td style=\"text-align: center;\">5,89 USD<\/td>\n<\/tr>\n<tr>\n<td>USD\/CHF<\/td>\n<td style=\"text-align: center;\">0,7<\/td>\n<td style=\"text-align: center;\">3 USD\/0,030 USD<\/td>\n<td style=\"text-align: center;\">0,1169 USD<\/td>\n<td style=\"text-align: center;\">11,69 USD<\/td>\n<\/tr>\n<tr>\n<td>USD\/CNH<\/td>\n<td style=\"text-align: center;\">3,6<\/td>\n<td style=\"text-align: center;\">3 USD\/0,030 USD<\/td>\n<td style=\"text-align: center;\">0,0803 USD<\/td>\n<td style=\"text-align: center;\">8,03 USD<\/td>\n<\/tr>\n<tr>\n<td>NZD\/USD<\/td>\n<td style=\"text-align: center;\">0,7<\/td>\n<td style=\"text-align: center;\">3 USD\/0,030 USD<\/td>\n<td style=\"text-align: center;\">0,10 USD<\/td>\n<td style=\"text-align: center;\">10,00 USD<\/td>\n<\/tr>\n<\/tbody>\n<\/table>\n<\/div>\n<p style=\"text-align: center; font-size: 13px;\"><em>*Todos los costes de negociaci\u00f3n de los pares de divisas se expresan en USD<\/em><\/p>\n<div class=\"table-responsive\">\n<table class=\"table table--colorful\">\n<thead>\n<tr>\n<th style=\"background-color: #fff;\" colspan=\"5\">Costes medios de spread con cuentas ECN Institutional<\/th>\n<\/tr>\n<tr>\n<th>Par de divisas<\/th>\n<th>Spread (en pips)<\/th>\n<th>Comisi\u00f3n por lado<\/th>\n<th>Coste por microlote<\/th>\n<th>Coste por lote est\u00e1ndar<\/th>\n<\/tr>\n<\/thead>\n<tbody>\n<tr>\n<td>EUR\/USD<\/td>\n<td style=\"text-align: center;\">0,2<\/td>\n<td style=\"text-align: center;\">2 USD\/0,020 USD<\/td>\n<td style=\"text-align: center;\">0,04 USD<\/td>\n<td style=\"text-align: center;\">4,00 USD<\/td>\n<\/tr>\n<tr>\n<td>USD\/JPY<\/td>\n<td style=\"text-align: center;\">0,2<\/td>\n<td style=\"text-align: center;\">2 USD\/0,020 USD<\/td>\n<td style=\"text-align: center;\">0,0335 USD<\/td>\n<td style=\"text-align: center;\">3,35 USD<\/td>\n<\/tr>\n<tr>\n<td>EUR\/GBP<\/td>\n<td style=\"text-align: center;\">0,8<\/td>\n<td style=\"text-align: center;\">2 USD\/0,020 USD<\/td>\n<td style=\"text-align: center;\">0,1276 USD<\/td>\n<td style=\"text-align: center;\">12,76 USD<\/td>\n<\/tr>\n<tr>\n<td>GBP\/USD<\/td>\n<td style=\"text-align: center;\">0,2<\/td>\n<td style=\"text-align: center;\">2 USD\/0,020 USD<\/td>\n<td style=\"text-align: center;\">0,04 USD<\/td>\n<td style=\"text-align: center;\">4,00 USD<\/td>\n<\/tr>\n<tr>\n<td>AUD\/USD<\/td>\n<td style=\"text-align: center;\">0,2<\/td>\n<td style=\"text-align: center;\">2 USD\/0,020 USD<\/td>\n<td style=\"text-align: center;\">0,04 USD<\/td>\n<td style=\"text-align: center;\">4,00 USD<\/td>\n<\/tr>\n<tr>\n<td>USD\/CAD<\/td>\n<td style=\"text-align: center;\">0,3<\/td>\n<td style=\"text-align: center;\">2 USD\/0,020 USD<\/td>\n<td style=\"text-align: center;\">0,0417 USD<\/td>\n<td style=\"text-align: center;\">4,17 USD<\/td>\n<\/tr>\n<tr>\n<td>USD\/CHF<\/td>\n<td style=\"text-align: center;\">0,6<\/td>\n<td style=\"text-align: center;\">2 USD\/0,020 USD<\/td>\n<td style=\"text-align: center;\">0,0944 USD<\/td>\n<td style=\"text-align: center;\">9,44 USD<\/td>\n<\/tr>\n<tr>\n<td>USD\/CNH<\/td>\n<td style=\"text-align: center;\">3,5<\/td>\n<td style=\"text-align: center;\">2 USD\/0,020 USD<\/td>\n<td style=\"text-align: center;\">0,0689 USD<\/td>\n<td style=\"text-align: center;\">6,89 USD<\/td>\n<\/tr>\n<tr>\n<td>NZD\/USD<\/td>\n<td style=\"text-align: center;\">0,6<\/td>\n<td style=\"text-align: center;\">2 USD\/0,020 USD<\/td>\n<td style=\"text-align: center;\">0,08 USD<\/td>\n<td style=\"text-align: center;\">8,00 USD<\/td>\n<\/tr>\n<\/tbody>\n<\/table>\n<\/div>\n<p style=\"text-align: center; font-size: 13px;\"><em>*Todos los costes de negociaci\u00f3n de los pares de divisas se expresan en USD<\/em><\/p>\n<h2 id=\"overnight\"><i class=\"ico ico--clock\"><\/i>Costes de financiaci\u00f3n overnight en BlackBull<\/h2>\n<p>Adem\u00e1s de los spreads y las comisiones, si mantienes tus posiciones abiertas durante la noche podr\u00e1s estar sujeto a tasas swap, que son tipos de inter\u00e9s que los traders pagan o reciben. Cabe destacar que BlackBull calcula las tasas swap en funci\u00f3n de los tipos de inter\u00e9s facilitados por bancos de primer nivel y proveedores de liquidez globales.<\/p>\n<blockquote><p>Para sus c\u00e1lculos de swaps, BlackBull recurre a la siguiente f\u00f3rmula:<\/p>\n<p>(Un punto \/ tipo de cambio) \u00d7 tama\u00f1o de la operaci\u00f3n (o tama\u00f1o del lote) \u00d7 valor del swap (expresado en puntos)<\/p><\/blockquote>\n<p>Aunque resulta \u00fatil saber c\u00f3mo obtiene el br\u00f3ker sus tasas swap, no es necesario realizar estos c\u00e1lculos cada vez que planees mantener posiciones abiertas durante la noche. En su lugar, podr\u00e1s utilizar la <strong>calculadora de swaps<\/strong> de BlackBull para elegir el instrumento, la moneda base de su cuenta y el tama\u00f1o de tu operaci\u00f3n. De este modo, ver\u00e1s al instante las tasas swap actuales que se aplicar\u00e1n a tus operaciones.<\/p>\n<p>Dado que las tasas swap dependen de varias condiciones del mercado, se actualizan constantemente. Aun as\u00ed, a continuaci\u00f3n hemos listado las tasas swap vigentes en USD para los pares de forex m\u00e1s populares, tanto para posiciones largas como cortas.<\/p>\n<div class=\"table-responsive\">\n<table class=\"table table--colorful\">\n<thead>\n<tr>\n<th style=\"background-color: #fff;\" colspan=\"5\">Tasas swap en pares de forex populares (tama\u00f1o de lote est\u00e1ndar)<\/th>\n<\/tr>\n<tr>\n<th>S\u00edmbolo<\/th>\n<th>Moneda base<\/th>\n<th>Volumen en lotes<\/th>\n<th>Swap largo del par en la moneda base<\/th>\n<th>Swap corto del par en la moneda base<\/th>\n<\/tr>\n<\/thead>\n<tbody>\n<tr>\n<td>EUR\/USD<\/td>\n<td style=\"text-align: center;\">USD<\/td>\n<td style=\"text-align: center;\">1<\/td>\n<td style=\"text-align: center;\">-12,62990<\/td>\n<td style=\"text-align: center;\">3,96510<\/td>\n<\/tr>\n<tr>\n<td>USD\/JPY<\/td>\n<td style=\"text-align: center;\">USD<\/td>\n<td style=\"text-align: center;\">1<\/td>\n<td style=\"text-align: center;\">7,91500<\/td>\n<td style=\"text-align: center;\">-28,13400<\/td>\n<\/tr>\n<tr>\n<td>EUR\/GBP<\/td>\n<td style=\"text-align: center;\">USD<\/td>\n<td style=\"text-align: center;\">1<\/td>\n<td style=\"text-align: center;\">-4,97852<\/td>\n<td style=\"text-align: center;\">0,91176<\/td>\n<\/tr>\n<tr>\n<td>GBP\/USD<\/td>\n<td style=\"text-align: center;\">USD<\/td>\n<td style=\"text-align: center;\">1<\/td>\n<td style=\"text-align: center;\">-4,01910<\/td>\n<td style=\"text-align: center;\">-2,96420<\/td>\n<\/tr>\n<tr>\n<td>AUD\/USD<\/td>\n<td style=\"text-align: center;\">USD<\/td>\n<td style=\"text-align: center;\">1<\/td>\n<td style=\"text-align: center;\">-4,04550<\/td>\n<td style=\"text-align: center;\">-1,81910<\/td>\n<\/tr>\n<tr>\n<td>USD\/CAD<\/td>\n<td style=\"text-align: center;\">USD<\/td>\n<td style=\"text-align: center;\">1<\/td>\n<td style=\"text-align: center;\">1,50000<\/td>\n<td style=\"text-align: center;\">-6,57000<\/td>\n<\/tr>\n<tr>\n<td>USD\/CHF<\/td>\n<td style=\"text-align: center;\">USD<\/td>\n<td style=\"text-align: center;\">1<\/td>\n<td style=\"text-align: center;\">5,79570<\/td>\n<td style=\"text-align: center;\">-15,21600<\/td>\n<\/tr>\n<tr>\n<td>NZD\/USD<\/td>\n<td style=\"text-align: center;\">USD<\/td>\n<td style=\"text-align: center;\">1<\/td>\n<td style=\"text-align: center;\">-4,23800<\/td>\n<td style=\"text-align: center;\">-0,18600<\/td>\n<\/tr>\n<\/tbody>\n<\/table>\n<\/div>\n<p>Un aspecto a tener en cuenta si decides operar manteniendo posiciones abiertas tras el cierre de la sesi\u00f3n diaria es que <strong>los swaps de los mi\u00e9rcoles se cobran por triplicado<\/strong>. Esto se debe a que el mercado cierra los s\u00e1bados y domingos, por lo que no es posible cargar swaps durante el fin de semana.<\/p>\n<h2 id=\"swap\"><i class=\"ico ico--islamic-account\"><\/i>Costes de trading sin swaps en BlackBull<\/h2>\n<p>Para los traders que, por motivos religiosos, no puedan pagar ni recibir intereses, BlackBull ofrece <strong>trading sin swaps<\/strong> en las cuentas ECN Standard o ECN Prime. Existen algunas recomendaciones para quienes deseen mantener sus cuentas sin swap y no pagar\/recibir intereses. El principal consejo del br\u00f3ker es realizar operaciones intrad\u00eda y evitar mantener posiciones abiertas durante la noche.<\/p>\n<p>Si bien la cuenta sin swaps no cobra intereses ni otras comisiones, mantener posiciones abiertas durante la noche pondr\u00e1 a tu cuenta sin swap en riesgo de <strong>volver a ser una cuenta ECN Standard o ECN Prime convencional<\/strong>. En ese caso, empezar\u00e1s a pagar o recibir intereses por cualquier posici\u00f3n que hubieses mantenido abierta durante la noche.<\/p>\n<h2 id=\"other\"><i class=\"ico ico--administration-fees\"><\/i>Costes no relacionados con el trading en BlackBull<\/h2>\n<p>Tras haber cubierto todas las comisiones de trading que pueden aplicarse a tus operaciones en BlackBull, tambi\u00e9n queremos comentar los recargos no relacionados con el trading, en caso de que los hubiera. Independientemente del tipo de cuenta que abras con el br\u00f3ker, podr\u00e1s utilizar <strong>diferentes c\u00f3modos m\u00e9todos<\/strong> para depositar fondos en tu monedero de trading. Afortunadamente, el br\u00f3ker no impone comisiones por los dep\u00f3sitos realizados en tu cuenta BlackBull. Aunque los traders pueden recargar sus cuentas sin coste alguno, cada vez que soliciten una retirada, el br\u00f3ker aplicar\u00e1 una <strong>peque\u00f1a comisi\u00f3n de 5 $<\/strong>.<\/p>\n<p>Abrir una cuenta en BlackBull es totalmente gratis, aunque debes saber que, si no hay actividad de trading durante m\u00e1s de 90 d\u00edas, el br\u00f3ker deducir\u00e1 de tu saldo <strong>una comisi\u00f3n por inactividad de 5 $<\/strong>. Antes de que venza el periodo de gracia de 90 d\u00edas, el br\u00f3ker te notificar\u00e1 el cargo inminente. Si tu cuenta sigue inactiva, se te cobrar\u00e1 una comisi\u00f3n de 5 $ por cada mes posterior. Si el saldo de la cuenta es cero despu\u00e9s de aplicar la comisi\u00f3n por inactividad, el br\u00f3ker tendr\u00e1 derecho a cerrar la cuenta.<\/p>\n<p>Para los traders que deseen mejorar su operativa reduciendo la latencia, potenciando las operaciones automatizadas y desbloqueando otras funciones exclusivas, algunos socios de BlackBull ofrecen un servicio de alojamiento VPS. Activar el VPS requiere una <strong>suscripci\u00f3n de pago que parte de 30 $ al mes<\/strong>. Los traders activos que generen un mayor volumen de operaciones podr\u00e1n reducir el coste de la suscripci\u00f3n al VPS.<\/p>\n<div class=\"table-responsive\">\n<table class=\"table\">\n<thead>\n<tr>\n<th colspan=\"2\">Costes no relacionados con el trading de BlackBull<\/th>\n<\/tr>\n<\/thead>\n<tbody>\n<tr>\n<td>Comisiones de dep\u00f3sito<\/td>\n<td>Gratis<\/td>\n<\/tr>\n<tr>\n<td>Comisiones de retirada<\/td>\n<td>5 $<\/td>\n<\/tr>\n<tr>\n<td>Comisi\u00f3n de apertura de cuenta<\/td>\n<td>Gratis<\/td>\n<\/tr>\n<tr>\n<td>Comisi\u00f3n por inactividad<\/td>\n<td>5 $<\/td>\n<\/tr>\n<tr>\n<td>Suscripci\u00f3n al alojamiento VPS<\/td>\n<td>Desde 30 $ al mes<\/td>\n<\/tr>\n<\/tbody>\n<\/table>\n<\/div>\n<h2 id=\"conclusion\"><i class=\"ico ico--pen\"><\/i>Conclusiones sobre las comisiones de BlackBull<\/h2>\n<p>Los traders que se unan a BlackBull podr\u00e1n disfrutar de condiciones de trading competitivas en distintos tipos de cuenta. Tanto si eres principiante y prefieres operaciones peque\u00f1as como si prefieres realizar operaciones de gran volumen, en BlackBull encontrar\u00e1s la opci\u00f3n adecuada y <strong>pagar\u00e1s un precio muy bajo por operar con el br\u00f3ker<\/strong>. Los spreads ajustados y las bajas comisiones son algunas de las ventajas m\u00e1s destacadas de operar en BlackBull.<\/p>\n<p>Lamentablemente, los clientes del br\u00f3ker podr\u00e1n estar sujetos a ciertas comisiones no relacionadas con el trading, ya que las cuentas inactivas se gravan con una <strong>comisi\u00f3n de 5 $ por inactividad<\/strong>. Adem\u00e1s, las retiradas, con independiencia del m\u00e9todo de pago seleccionado, tambi\u00e9n conllevan una comisi\u00f3n de 5 $. Aparte de esto, no existen otros recargos que puedan afectar al coste de operar en BlackBull, lo que hace que la experiencia con el br\u00f3ker sea muy rentable.<\/p>\n","protected":false},"excerpt":{"rendered":"<p>Con m\u00e1s de 26.000 instrumentos negociables, innovadoras plataformas de trading y bajas comisiones, BlackBull ofrece algunas de las condiciones de trading m\u00e1s competitivas que se puedan desear. Para ayudarte a comprender el coste de operar en BlackBull, hemos analizado todas las comisiones de trading y no trading que podr\u00e1s encontrar como cliente del br\u00f3ker. Los [&hellip;]<\/p>\n","protected":false},"author":2,"featured_media":0,"parent":10858,"menu_order":0,"comment_status":"closed","ping_status":"closed","template":"templates\/review.php","meta":{"footnotes":""},"class_list":["post-59720","page","type-page","status-publish","hentry"],"aioseo_notices":[],"_links":{"self":[{"href":"https:\/\/www.bestbrokers.com\/es\/wp-json\/wp\/v2\/pages\/59720","targetHints":{"allow":["GET"]}}],"collection":[{"href":"https:\/\/www.bestbrokers.com\/es\/wp-json\/wp\/v2\/pages"}],"about":[{"href":"https:\/\/www.bestbrokers.com\/es\/wp-json\/wp\/v2\/types\/page"}],"author":[{"embeddable":true,"href":"https:\/\/www.bestbrokers.com\/es\/wp-json\/wp\/v2\/users\/2"}],"replies":[{"embeddable":true,"href":"https:\/\/www.bestbrokers.com\/es\/wp-json\/wp\/v2\/comments?post=59720"}],"version-history":[{"count":12,"href":"https:\/\/www.bestbrokers.com\/es\/wp-json\/wp\/v2\/pages\/59720\/revisions"}],"predecessor-version":[{"id":74109,"href":"https:\/\/www.bestbrokers.com\/es\/wp-json\/wp\/v2\/pages\/59720\/revisions\/74109"}],"up":[{"embeddable":true,"href":"https:\/\/www.bestbrokers.com\/es\/wp-json\/wp\/v2\/pages\/10858"}],"wp:attachment":[{"href":"https:\/\/www.bestbrokers.com\/es\/wp-json\/wp\/v2\/media?parent=59720"}],"curies":[{"name":"wp","href":"https:\/\/api.w.org\/{rel}","templated":true}]}}