{"id":59721,"date":"2025-03-19T09:40:57","date_gmt":"2025-03-19T09:40:57","guid":{"rendered":"https:\/\/www.bestbrokers.com\/?page_id=59721"},"modified":"2025-10-21T14:23:55","modified_gmt":"2025-10-21T14:23:55","slug":"spreads-fees-and-commissions","status":"publish","type":"page","link":"https:\/\/www.bestbrokers.com\/es\/reviews\/oanda\/spreads-fees-and-commissions\/","title":{"rendered":"Spreads, tarifas y comisiones de OANDA"},"content":{"rendered":"<div class=\"author-line\">Escrito por <span class=\"author\">Zornitsa Stefanova<div class=\"author-sub-box\"><div class=\"author-avatar\"><img decoding=\"async\" src=\"https:\/\/www.bestbrokers.com\/wp-content\/uploads\/2024\/09\/zornica-stefanova.jpeg\" \/><\/div><div class=\"author-info-wrapper\"><div class=\"author-name\"><a href=\"https:\/\/www.bestbrokers.com\/es\/authors\/zornitsa-stefanova\/\">Zornitsa Stefanova<\/a><\/div><div class=\"author-bio\">Zornitsa Stefanova es una analista con amplia experiencia en el mercado de divisas y criptomonedas. Tambi\u00e9n es especialista en temas financieros, como el trading de acciones y las inversiones para la jubilaci\u00f3n.<\/div><\/div><\/div><\/span>,  <a rel=\"nofollow\" target=\"_blank\" href=\"https:\/\/www.linkedin.com\/in\/zornica-stefanova-73ab39287\/\"><img decoding=\"async\" class=\"social-icon\" src=\"https:\/\/www.bestbrokers.com\/wp-content\/themes\/best-brokers\/assets\/images\/icon-linkedin.svg\" data-no-lazy=\"1\"><\/a> <span class=\"sep\">|<\/span> Traducido por <span class=\"author\">Estrella Fernandez<div class=\"author-sub-box\"><div class=\"author-avatar\"><img decoding=\"async\" src=\"https:\/\/www.bestbrokers.com\/wp-content\/uploads\/2024\/10\/Estrella-Fernandez.jpeg\" \/><\/div><div class=\"author-info-wrapper\"><div class=\"author-name\"><a href=\"https:\/\/www.bestbrokers.com\/es\/authors\/estrella-fernandez\/\">Estrella Fernandez<\/a><\/div><div class=\"author-bio\">Estrella Fernandez edita y revista contenidos financieros para blogs y websites y hace traducciones de franc\u00e9s e ingl\u00e9s a espa\u00f1ol.<\/div><\/div><\/div><\/span>, <a rel=\"nofollow\" target=\"_blank\" href=\"https:\/\/www.linkedin.com\/in\/estrella-fern%C3%A1ndez-gordillo-a54ab483\/?originalSubdomain=es\"><img decoding=\"async\" class=\"social-icon\" src=\"https:\/\/www.bestbrokers.com\/wp-content\/themes\/best-brokers\/assets\/images\/icon-linkedin.svg\" data-no-lazy=\"1\"><\/a> <span class=\"sep\">|<\/span> Actualizado: <time class=\"entry-date\" datetime=\"2025-10-21T14:23:55+00:00\">octubre 21, 2025<\/time><\/div>\n<p>OANDA es un br\u00f3ker de renombre internacional, que recibe a traders de Europa, Asia, o Estados Unidos, entre otros pa\u00edses. Su oferta de forex es destacable, ya que abarca m\u00e1s de 60 pares de divisas, entre ellos, pares principales, secundarios y ex\u00f3ticos. Dado que operar con divisas conlleva una serie de costes que podr\u00edan afectar considerablemente la experiencia de trading, nuestro equipo se ha propuesto ofrecer informaci\u00f3n sobre la estructura general de comisiones de OANDA.<\/p>\n<h2 id=\"costs\"><i class=\"ico ico--money-supply\"><\/i>Costes de trading en OANDA<\/h2>\n<p>En determinadas entidades de OANDA es posible elegir entre dos principales modelos de precios: solo spread, o precios base + comisi\u00f3n. El \u00abprecio base\u00bb del segundo modelo hace referencia a los spreads, que suelen ser m\u00e1s bajos que los del primer modelo. Asimismo, cabe se\u00f1alar que los tipos de cuenta de OANDA son: Standard Trader, Premium Trader y Premium Plus Trader. Solo la cuenta Premium Plus Trader ofrece el modelo de spreads reducidos. Estos modelos est\u00e1n disponibles para traders de EEUU, Australia y de los pa\u00edses donde opera OANDA Global Markets Ltd.<\/p>\n<h3><i class=\"ico ico--pro-ecn-account\"><\/i>Costes solo de spread<\/h3>\n<p>OANDA ofrece dos modelos de precios a sus clientes, comenzando por aquel que incorpora los costes directamente en el spread. Al operar el par EUR\/USD con este modelo, se obtienen spreads medios de 1,0 pip. Si la divisa base de tu cuenta es USD, el spread se traducir\u00e1 en un coste de 10 $ por lote est\u00e1ndar tras multiplicar el valor del spread de 0,00010 por 100.000 unidades de divisa. No se cobrar\u00e1n comisiones.<\/p>\n<p>Tambi\u00e9n existe la opci\u00f3n de operar con microlotes. En el caso del par EUR\/USD, ello implica multiplicar el spread por 1.000, lo que dar\u00e1 como resultado 0,10 $. Los costes de otros pares de divisas se recogen en la siguiente tabla:<\/p>\n<div class=\"table-responsive\">\n<table class=\"table table--colorful\">\n<thead>\n<tr>\n<th style=\"background-color: #fff;\" colspan=\"5\">Costes medios de spread con el modelo de precios solo de spread<\/th>\n<\/tr>\n<tr>\n<th>Par de divisas<\/th>\n<th>Spreads<\/th>\n<th>Comisi\u00f3n por lote, por lado<\/th>\n<th>Costes por microlote<\/th>\n<th>Costes por lote est\u00e1ndar<\/th>\n<\/tr>\n<\/thead>\n<tbody>\n<tr>\n<td>AUD\/USD<\/td>\n<td style=\"text-align: center;\">1,1<\/td>\n<td style=\"text-align: center;\">0 USD<\/td>\n<td style=\"text-align: center;\">0,1100 USD<\/td>\n<td style=\"text-align: center;\">11,00 USD<\/td>\n<\/tr>\n<tr>\n<td>EUR\/GBP<\/td>\n<td style=\"text-align: center;\">1,1<\/td>\n<td style=\"text-align: center;\">0 USD<\/td>\n<td style=\"text-align: center;\">0,1482 USD<\/td>\n<td style=\"text-align: center;\">14,82 USD<\/td>\n<\/tr>\n<tr>\n<td>EUR\/JPY<\/td>\n<td style=\"text-align: center;\">1,6<\/td>\n<td style=\"text-align: center;\">0 USD<\/td>\n<td style=\"text-align: center;\">0,1085 USD<\/td>\n<td style=\"text-align: center;\">10,85 USD<\/td>\n<\/tr>\n<tr>\n<td>EUR\/USD<\/td>\n<td style=\"text-align: center;\">1,0<\/td>\n<td style=\"text-align: center;\">0 USD<\/td>\n<td style=\"text-align: center;\">0,1000 USD<\/td>\n<td style=\"text-align: center;\">10,00 USD<\/td>\n<\/tr>\n<tr>\n<td>GBP\/JPY<\/td>\n<td style=\"text-align: center;\">1,0<\/td>\n<td style=\"text-align: center;\">0 USD<\/td>\n<td style=\"text-align: center;\">0,0678 USD<\/td>\n<td style=\"text-align: center;\">6,78 USD<\/td>\n<\/tr>\n<tr>\n<td>GBP\/USD<\/td>\n<td style=\"text-align: center;\">1,2<\/td>\n<td style=\"text-align: center;\">0 USD<\/td>\n<td style=\"text-align: center;\">0,1200 USD<\/td>\n<td style=\"text-align: center;\">12,00 USD<\/td>\n<\/tr>\n<tr>\n<td>NZD\/USD<\/td>\n<td style=\"text-align: center;\">1,4<\/td>\n<td style=\"text-align: center;\">0 USD<\/td>\n<td style=\"text-align: center;\">0,1400 USD<\/td>\n<td style=\"text-align: center;\">14,00 USD<\/td>\n<\/tr>\n<tr>\n<td>USD\/CAD<\/td>\n<td style=\"text-align: center;\">1,5<\/td>\n<td style=\"text-align: center;\">0 USD<\/td>\n<td style=\"text-align: center;\">0,1083 USD<\/td>\n<td style=\"text-align: center;\">10,83 USD<\/td>\n<\/tr>\n<tr>\n<td>USD\/CHF<\/td>\n<td style=\"text-align: center;\">1,3<\/td>\n<td style=\"text-align: center;\">0 US$<\/td>\n<td style=\"text-align: center;\">0,1614 USD<\/td>\n<td style=\"text-align: center;\">16,14 USD<\/td>\n<\/tr>\n<tr>\n<td>USD\/JPY<\/td>\n<td style=\"text-align: center;\">1,1<\/td>\n<td style=\"text-align: center;\">0 USD<\/td>\n<td style=\"text-align: center;\">0,0746 USD<\/td>\n<td style=\"text-align: center;\">7,46 USD<\/td>\n<\/tr>\n<\/tbody>\n<\/table>\n<\/div>\n<p style=\"text-align: center; font-size: 13px;\"><em>*Para simplificar, los costes medios se calcularon para operaciones de 100.000 USD y 1.000 USD sin apalancamiento. Todos los costes de spread se muestran en d\u00f3lares estadounidenses y reflejan tus gastos al abrir una posici\u00f3n (es decir, en una sola direcci\u00f3n de la operaci\u00f3n).<\/em><\/p>\n<h3><i class=\"ico ico--account\"><\/i>Costes de comisi\u00f3n + precios base<\/h3>\n<p>El otro modelo de precios ofrece spreads m\u00e1s bajos y conlleva una comisi\u00f3n fija de 5 $ por lado. Al aplicar los mismos c\u00e1lculos al spread del EUR\/USD (0,1 pips) obtenemos: 0,00001 \u00d7 100.000 = 1 $.<\/p>\n<p>Una vez establecido el precio base, solo queda a\u00f1adir la comisi\u00f3n. As\u00ed obtenemos un coste por lote est\u00e1ndar de 6 $, notablemente inferior a los 10 $ que los clientes pagar\u00edan con el modelo solo de spread. En el caso de los microlotes, el coste asciende a 0,06 $ tras sumar el valor del spread base y la comisi\u00f3n por microlote.<\/p>\n<p>Como se indic\u00f3 anteriormente, este modelo de precios es exclusivo de la cuenta Premium Plus Trader. Si deseas probar este tipo de cuenta y ver los costes de pares como USD\/JPY, AUD\/USD y otros, la tabla siguiente te resultar\u00e1 \u00fatil:<\/p>\n<div class=\"table-responsive\">\n<table class=\"table table--colorful\">\n<thead>\n<tr>\n<th style=\"background-color: #fff;\" colspan=\"5\">Costes medios de spread con el modelo de comisi\u00f3n + precios base<\/th>\n<\/tr>\n<tr>\n<th>Par de divisas<\/th>\n<th>Spreads<\/th>\n<th>Comisi\u00f3n por lote, por lado<\/th>\n<th>Costes por microlote<\/th>\n<th>Costes por lote est\u00e1ndar<\/th>\n<\/tr>\n<\/thead>\n<tbody>\n<tr>\n<td>AUD\/USD<\/td>\n<td style=\"text-align: center;\">0,3*<\/td>\n<td style=\"text-align: center;\">0,05 USD**\/5,00 USD<\/td>\n<td style=\"text-align: center;\">0,0703 USD<\/td>\n<td style=\"text-align: center;\">7,03 USD<\/td>\n<\/tr>\n<tr>\n<td>EUR\/GBP<\/td>\n<td style=\"text-align: center;\">0,2<\/td>\n<td style=\"text-align: center;\">0,05 USD\/5,00 USD<\/td>\n<td style=\"text-align: center;\">0,0636 USD<\/td>\n<td style=\"text-align: center;\">6,36 USD<\/td>\n<\/tr>\n<tr>\n<td>EUR\/JPY<\/td>\n<td style=\"text-align: center;\">0,6<\/td>\n<td style=\"text-align: center;\">0,05 USD\/5,00 USD<\/td>\n<td style=\"text-align: center;\">0,0907 USD<\/td>\n<td style=\"text-align: center;\">9,07 USD<\/td>\n<\/tr>\n<tr>\n<td>EUR\/USD<\/td>\n<td style=\"text-align: center;\">0,1<\/td>\n<td style=\"text-align: center;\">0,05 USD\/5,00 USD<\/td>\n<td style=\"text-align: center;\">0,0600 USD<\/td>\n<td style=\"text-align: center;\">6,00 USD<\/td>\n<\/tr>\n<tr>\n<td>GBP\/JPY<\/td>\n<td style=\"text-align: center;\">0,3<\/td>\n<td style=\"text-align: center;\">0,05 USD\/5,00 USD<\/td>\n<td style=\"text-align: center;\">0,0703 USD<\/td>\n<td style=\"text-align: center;\">7,03 USD<\/td>\n<\/tr>\n<tr>\n<td>GBP\/USD<\/td>\n<td style=\"text-align: center;\">0,1<\/td>\n<td style=\"text-align: center;\">0,05 USD\/5,00 USD<\/td>\n<td style=\"text-align: center;\">0,0600 USD<\/td>\n<td style=\"text-align: center;\">6,00 USD<\/td>\n<\/tr>\n<tr>\n<td>NZD\/USD<\/td>\n<td style=\"text-align: center;\">0,4<\/td>\n<td style=\"text-align: center;\">0,05 USD\/5,00 USD<\/td>\n<td style=\"text-align: center;\">0,0900 USD<\/td>\n<td style=\"text-align: center;\">9,00 USD<\/td>\n<\/tr>\n<tr>\n<td>USD\/CAD<\/td>\n<td style=\"text-align: center;\">0,3<\/td>\n<td style=\"text-align: center;\">0,05 USD\/5,00 USD<\/td>\n<td style=\"text-align: center;\">0,0717 USD<\/td>\n<td style=\"text-align: center;\">7,17 USD<\/td>\n<\/tr>\n<tr>\n<td>USD\/CHF<\/td>\n<td style=\"text-align: center;\">0,1<\/td>\n<td style=\"text-align: center;\">0,05 USD\/5,00 USD<\/td>\n<td style=\"text-align: center;\">0,0624 USD<\/td>\n<td style=\"text-align: center;\">6,24 USD<\/td>\n<\/tr>\n<tr>\n<td>USD\/JPY<\/td>\n<td style=\"text-align: center;\">0,1<\/td>\n<td style=\"text-align: center;\">0,05 USD\/5,00 USD<\/td>\n<td style=\"text-align: center;\">0,0568 USD<\/td>\n<td style=\"text-align: center;\">5,68 USD<\/td>\n<\/tr>\n<\/tbody>\n<\/table>\n<\/div>\n<p style=\"text-align: center; font-size: 13px;\"><em>*Los valores corresponden a los costes medios de spread del modelo Core Pricing. **El primer valor corresponde a la comisi\u00f3n cobrada por microlote en cada direcci\u00f3n. <strong>El coste por lote incluye los gastos combinados de spread y comisi\u00f3n<\/strong>.<\/em><\/p>\n<h2 id=\"overnight\"><i class=\"ico ico--clock\"><\/i>Costes de financiaci\u00f3n overnight en OANDA<\/h2>\n<p>Seg\u00fan la p\u00e1gina de costes de financiaci\u00f3n de OANDA, las tarifas del br\u00f3ker se publican cada d\u00eda poco despu\u00e9s de las 17:00 h ET. OANDA especifica tanto los tipos anuales como los costes diarios. En forex, los cargos de financiaci\u00f3n se calculan sobre la base de 100.000 unidades de divisa. En cuanto a otros instrumentos, las unidades son:<\/p>\n<ul class=\"list-checks\">\n<li>CFD sobre acciones: 100 unidades<\/li>\n<li>\u00cdndices: 1 unidad<\/li>\n<li>Metales: 10 unidades (excepto cobre)<\/li>\n<li>Materias primas (incluido el cobre): 100 unidades<\/li>\n<\/ul>\n<p>La siguiente tabla muestra los swaps de forex que OANDA public\u00f3 el 26.08.2025. Al consultar la p\u00e1gina de costes de financiaci\u00f3n de OANDA, donde se encuentran las tarifas diarias, ten en cuenta que las tasas finales de tus posiciones podr\u00edan diferir ligeramente en funci\u00f3n de tu tipo de cuenta.<\/p>\n<div class=\"table-responsive\">\n<table class=\"table table--colorful\">\n<thead>\n<tr>\n<th style=\"background-color: #fff;\" colspan=\"8\">Comisiones de swap de OANDA (26.08.2025)<\/th>\n<\/tr>\n<tr>\n<th>Par de divisas<\/th>\n<th>Divisa base<\/th>\n<th>Volumen en lotes<\/th>\n<th>Tasa anualizada (larga)<\/th>\n<th>Tasa anualizada (corta)<\/th>\n<th>Largo<\/th>\n<th>Corto<\/th>\n<th>N\u00famero de d\u00edas<\/th>\n<\/tr>\n<\/thead>\n<tbody>\n<tr>\n<td>AUD\/USD<\/td>\n<td style=\"text-align: center;\">USD<\/td>\n<td style=\"text-align: center;\">1<\/td>\n<td style=\"text-align: center;\">-1,71 %<\/td>\n<td style=\"text-align: center;\">-0,34 %<\/td>\n<td style=\"text-align: center;\">-3,04 USD<\/td>\n<td style=\"text-align: center;\">-0,60 USD<\/td>\n<td style=\"text-align: center;\">1<\/td>\n<\/tr>\n<tr>\n<td>EUR\/GBP<\/td>\n<td style=\"text-align: center;\">USD<\/td>\n<td style=\"text-align: center;\">1<\/td>\n<td style=\"text-align: center;\">-3,01 %<\/td>\n<td style=\"text-align: center;\">0,94 %<\/td>\n<td style=\"text-align: center;\">-9,60 USD<\/td>\n<td style=\"text-align: center;\">3,00 USD<\/td>\n<td style=\"text-align: center;\">1<\/td>\n<\/tr>\n<tr>\n<td>EUR\/JPY<\/td>\n<td style=\"text-align: center;\">USD<\/td>\n<td style=\"text-align: center;\">1<\/td>\n<td style=\"text-align: center;\">0,52 %<\/td>\n<td style=\"text-align: center;\">-2,55 %<\/td>\n<td style=\"text-align: center;\">1,66 USD<\/td>\n<td style=\"text-align: center;\">-8,14 USD<\/td>\n<td style=\"text-align: center;\">1<\/td>\n<\/tr>\n<tr>\n<td>EUR\/USD<\/td>\n<td style=\"text-align: center;\">USD<\/td>\n<td style=\"text-align: center;\">1<\/td>\n<td style=\"text-align: center;\">-3,44 %<\/td>\n<td style=\"text-align: center;\">1,41 %<\/td>\n<td style=\"text-align: center;\">-10,98 USD<\/td>\n<td style=\"text-align: center;\">4,50 USD<\/td>\n<td style=\"text-align: center;\">1<\/td>\n<\/tr>\n<tr>\n<td>GBP\/USD<\/td>\n<td style=\"text-align: center;\">USD<\/td>\n<td style=\"text-align: center;\">1<\/td>\n<td style=\"text-align: center;\">-1,46 %<\/td>\n<td style=\"text-align: center;\">-0,57 %<\/td>\n<td style=\"text-align: center;\">-5,39 USD<\/td>\n<td style=\"text-align: center;\">-2,11 USD<\/td>\n<td style=\"text-align: center;\">1<\/td>\n<\/tr>\n<tr>\n<td>NZD\/USD<\/td>\n<td style=\"text-align: center;\">USD<\/td>\n<td style=\"text-align: center;\">1<\/td>\n<td style=\"text-align: center;\">-2,52 %<\/td>\n<td style=\"text-align: center;\">0,42 %<\/td>\n<td style=\"text-align: center;\">-4,04 USD<\/td>\n<td style=\"text-align: center;\">0,67 USD<\/td>\n<td style=\"text-align: center;\">1<\/td>\n<\/tr>\n<tr>\n<td>USD\/CAD<\/td>\n<td style=\"text-align: center;\">USD<\/td>\n<td style=\"text-align: center;\">1<\/td>\n<td style=\"text-align: center;\">0,71 %<\/td>\n<td style=\"text-align: center;\">-2,78 %<\/td>\n<td style=\"text-align: center;\">1,95 USD<\/td>\n<td style=\"text-align: center;\">-7,62 USD<\/td>\n<td style=\"text-align: center;\">1<\/td>\n<\/tr>\n<tr>\n<td>USD\/CHF<\/td>\n<td style=\"text-align: center;\">USD<\/td>\n<td style=\"text-align: center;\">1<\/td>\n<td style=\"text-align: center;\">3,47 %<\/td>\n<td style=\"text-align: center;\">-5,55 %<\/td>\n<td style=\"text-align: center;\">9,51 USD<\/td>\n<td style=\"text-align: center;\">-15,21 USD<\/td>\n<td style=\"text-align: center;\">1<\/td>\n<\/tr>\n<tr>\n<td>USD\/JPY<\/td>\n<td style=\"text-align: center;\">USD<\/td>\n<td style=\"text-align: center;\">1<\/td>\n<td style=\"text-align: center;\">2,95 %<\/td>\n<td style=\"text-align: center;\">-4,97 %<\/td>\n<td style=\"text-align: center;\">8,08 USD<\/td>\n<td style=\"text-align: center;\">-13,62 USD<\/td>\n<td style=\"text-align: center;\">1<\/td>\n<\/tr>\n<\/tbody>\n<\/table>\n<\/div>\n<h2 id=\"swap\"><i class=\"ico ico--islamic-account\"><\/i>Costes de trading sin swap en OANDA<\/h2>\n<p>Conviene se\u00f1alar que no todas las entidades de OANDA admiten cuentas sin swap. Esta pr\u00e1ctica se ha suspendido en la entidad regulada por la Comisi\u00f3n de Servicios Financieros de las Islas V\u00edrgenes Brit\u00e1nicas (BVI). Si deseas operar sin swaps, OANDA Global Markets Ltd no ser\u00e1 una opci\u00f3n viable.<\/p>\n<p>Otras entidades de OANDA, como la de EEUU, permiten el trading sin swap. En consecuencia, aplicar\u00e1n comisiones administrativas a las cuentas sin swap (4 % en pares con TRY, 2 % en pares con CZK, HUF, SAR, THB y ZAR y 1 % en los dem\u00e1s pares).<\/p>\n<h2 id=\"other\"><i class=\"ico ico--administration-fees\"><\/i>Costes no relacionados con el trading en OANDA<\/h2>\n<p>Para obtener una visi\u00f3n completa de cu\u00e1nto cuesta operar en OANDA, los aficionados al forex deben familiarizarse con las comisiones no relacionadas con el trading que el br\u00f3ker puede aplicar. A continuaci\u00f3n, un breve resumen de dichos costes:<\/p>\n<div class=\"table-responsive\">\n<table class=\"table\">\n<thead>\n<tr>\n<th colspan=\"2\">Costes de OANDA de un vistazo<\/th>\n<\/tr>\n<\/thead>\n<tbody>\n<tr>\n<td>Comisiones de dep\u00f3sito<\/td>\n<td>Gratis<\/td>\n<\/tr>\n<tr>\n<td>Comisiones de retiro<\/td>\n<td>20 $ (BVI, solo transferencias bancarias)<\/td>\n<\/tr>\n<tr>\n<td>Comisiones de apertura de cuenta<\/td>\n<td>Gratis<\/td>\n<\/tr>\n<tr>\n<td>Comisiones por inactividad<\/td>\n<td>10 unidades monetarias al mes tras 12 meses de inactividad<\/td>\n<\/tr>\n<tr>\n<td>Suscripci\u00f3n a hosting VPS<\/td>\n<td>\n<ul class=\"list-checks\">\n<li>Cuota mensual de Liquidity Connect: 30 $ (VPS1); 50 $ (VPS2); 75 $ (VPS3); 95 $ (VPS4)<\/li>\n<li>Cuota mensual de Beeks: 30 \u00a3 (Bronze); 53 \u00a3 (Silver); 94 \u00a3 (Gold)<\/li>\n<li>Los traders con cuentas Premium Plus Trader pueden disfrutar de un VPS gratuito.<\/li>\n<\/ul>\n<\/td>\n<\/tr>\n<\/tbody>\n<\/table>\n<\/div>\n<p>En la mayor\u00eda de los casos, OANDA no aplica comisiones a las transacciones. Los dep\u00f3sitos son gratuitos, los traders no pagan por abrir una cuenta y la mayor\u00eda de los m\u00e9todos de retiro no incluyen comisiones por parte de OANDA. La \u00fanica excepci\u00f3n ser\u00e1n los retiros mediante transferencia bancaria. Los clientes de OANDA Global Markets Ltd, regulada por la Comisi\u00f3n de Servicios Financieros de las Islas V\u00edrgenes Brit\u00e1nicas, deber\u00e1n pagar 20 $ por transacci\u00f3n cuando utilicen transferencias bancarias.<\/p>\n<p>Otros costes potenciales pueden surgir si se decide operar mediante un servidor privado virtual. Conocido habitualmente como VPS, este recurso ofrece velocidades de ejecuci\u00f3n superiores y hace que el trading sea m\u00e1s seguro. OANDA se ha asociado con dos servicios VPS, comenzando por BeeksFX. Sus servidores se encuentran en Londres y los clientes de Beeks disfrutan de diversas ventajas seg\u00fan el plan elegido. A continuaci\u00f3n, puedes ver un breve resumen de las ofertas del proveedor:<\/p>\n<ul class=\"list-checks\">\n<li>Bronze: 30 \u00a3 al mes, 2.560 MB de RAM, 30 GB de espacio en disco, 1 vCPU<\/li>\n<li>Silver: 53 \u00a3 al mes, 4.096 MB de RAM, 50 GB de espacio en disco, 2 vCPU<\/li>\n<li>Gold: 94 \u00a3 al mes, 6.656 MB de RAM, 75 GB de espacio en disco, 4 vCPU<\/li>\n<\/ul>\n<p>El otro servicio VPS es Liquidity Connect. Sus servidores est\u00e1n alojados en Londres y Nueva York, y sus tarifas son las siguientes:<\/p>\n<ul class=\"list-checks\">\n<li>VPS1: 30 $ al mes, 1\u00d7 n\u00facleo vCPU, 3.096 MB \/ 3 GB de RAM, 50 GB SSD<\/li>\n<li>VPS2: 50 $ al mes, 2\u00d7 n\u00facleos vCPU, 4.096 MB \/ 4,0 GB de RAM, 60 GB SSD<\/li>\n<li>VPS3: 75 $ al mes, 3\u00d7 n\u00facleos vCPU, 6.144 MB \/ 6,0 GB de RAM, 75 GB SSD<\/li>\n<li>VPS4: 95 $ al mes, 4\u00d7 n\u00facleos vCPU, 8.192 MB \/ 8,0 GB de RAM, 100 GB SSD<\/li>\n<\/ul>\n<p>Los clientes de OANDA con una cuenta Premium Plus Trader pueden disfrutar de las ventajas de un VPS sin pagar ninguna cuota mensual. Por supuesto, conviene se\u00f1alar que el uso de un VPS al operar en OANDA no es obligatorio, por lo que las tarifas anteriores son opcionales incluso aunque no dispongas de una cuenta Premium Plus Trader.<\/p>\n<p>Otro coste potencial al que quiz\u00e1 no tengas que hacer frente es la comisi\u00f3n por inactividad. OANDA cobra 10 unidades monetarias al mes por inactividad, pero solo si la cuenta ha permanecido inactiva durante 12 meses. Tena en cuenta que, en este contexto, tanto \u00abinactividad\u00bb como \u00ablatencia\u00bb se refieren a la ausencia de ejecuci\u00f3n de operaciones.<\/p>\n<h2 id=\"conclusion\"><i class=\"ico ico--pen\"><\/i>Conclusiones sobre las comisiones de OANDA<\/h2>\n<p>En resumen, OANDA merece la pena si buscas un br\u00f3ker con costes razonables y una amplia selecci\u00f3n de pares de forex. Sus dos modelos de precios ofrecen flexibilidad y la posibilidad de aprovechar un VPS gratuito es una de las ventajas m\u00e1s destacables para los traders con experiencia.<\/p>\n","protected":false},"excerpt":{"rendered":"<p>OANDA es un br\u00f3ker de renombre internacional, que recibe a traders de Europa, Asia, o Estados Unidos, entre otros pa\u00edses. Su oferta de forex es destacable, ya que abarca m\u00e1s de 60 pares de divisas, entre ellos, pares principales, secundarios y ex\u00f3ticos. Dado que operar con divisas conlleva una serie de costes que podr\u00edan afectar [&hellip;]<\/p>\n","protected":false},"author":2,"featured_media":0,"parent":10828,"menu_order":0,"comment_status":"closed","ping_status":"closed","template":"templates\/review.php","meta":{"footnotes":""},"class_list":["post-59721","page","type-page","status-publish","hentry"],"aioseo_notices":[],"_links":{"self":[{"href":"https:\/\/www.bestbrokers.com\/es\/wp-json\/wp\/v2\/pages\/59721","targetHints":{"allow":["GET"]}}],"collection":[{"href":"https:\/\/www.bestbrokers.com\/es\/wp-json\/wp\/v2\/pages"}],"about":[{"href":"https:\/\/www.bestbrokers.com\/es\/wp-json\/wp\/v2\/types\/page"}],"author":[{"embeddable":true,"href":"https:\/\/www.bestbrokers.com\/es\/wp-json\/wp\/v2\/users\/2"}],"replies":[{"embeddable":true,"href":"https:\/\/www.bestbrokers.com\/es\/wp-json\/wp\/v2\/comments?post=59721"}],"version-history":[{"count":9,"href":"https:\/\/www.bestbrokers.com\/es\/wp-json\/wp\/v2\/pages\/59721\/revisions"}],"predecessor-version":[{"id":71648,"href":"https:\/\/www.bestbrokers.com\/es\/wp-json\/wp\/v2\/pages\/59721\/revisions\/71648"}],"up":[{"embeddable":true,"href":"https:\/\/www.bestbrokers.com\/es\/wp-json\/wp\/v2\/pages\/10828"}],"wp:attachment":[{"href":"https:\/\/www.bestbrokers.com\/es\/wp-json\/wp\/v2\/media?parent=59721"}],"curies":[{"name":"wp","href":"https:\/\/api.w.org\/{rel}","templated":true}]}}