{"id":59722,"date":"2025-03-19T09:40:57","date_gmt":"2025-03-19T09:40:57","guid":{"rendered":"https:\/\/www.bestbrokers.com\/?page_id=59722"},"modified":"2025-10-21T14:23:41","modified_gmt":"2025-10-21T14:23:41","slug":"spreads-fees-and-commissions","status":"publish","type":"page","link":"https:\/\/www.bestbrokers.com\/es\/reviews\/admiral-markets\/spreads-fees-and-commissions\/","title":{"rendered":"Spreads, tarifas y comisiones de Admirals"},"content":{"rendered":"<div class=\"author-line\">Escrito por <span class=\"author\">Naylyan Nazifova<div class=\"author-sub-box\"><div class=\"author-info-wrapper\"><div class=\"author-name\"><a href=\"https:\/\/www.bestbrokers.com\/es\/authors\/naylyan-nazifova\/\">Naylyan Nazifova<\/a><\/div><div class=\"author-bio\">Naylyan Nazifova es una reconocida experta en el campo del trading online. Cuenta con numerosas publicaciones y an\u00e1lisis sobre el trading de divisas, la inversi\u00f3n en bolsa y las finanzas personales. <\/div><\/div><\/div><\/span>,  <a rel=\"nofollow\" target=\"_blank\" href=\"https:\/\/www.linkedin.com\/in\/naylian-nazifova-58562a272\/\"><img decoding=\"async\" class=\"social-icon\" src=\"https:\/\/www.bestbrokers.com\/wp-content\/themes\/best-brokers\/assets\/images\/icon-linkedin.svg\" data-no-lazy=\"1\"><\/a> <span class=\"sep\">|<\/span> Traducido por <span class=\"author\">Estrella Fernandez<div class=\"author-sub-box\"><div class=\"author-avatar\"><img decoding=\"async\" src=\"https:\/\/www.bestbrokers.com\/wp-content\/uploads\/2024\/10\/Estrella-Fernandez.jpeg\" \/><\/div><div class=\"author-info-wrapper\"><div class=\"author-name\"><a href=\"https:\/\/www.bestbrokers.com\/es\/authors\/estrella-fernandez\/\">Estrella Fernandez<\/a><\/div><div class=\"author-bio\">Estrella Fernandez edita y revista contenidos financieros para blogs y websites y hace traducciones de franc\u00e9s e ingl\u00e9s a espa\u00f1ol.<\/div><\/div><\/div><\/span>, <a rel=\"nofollow\" target=\"_blank\" href=\"https:\/\/www.linkedin.com\/in\/estrella-fern%C3%A1ndez-gordillo-a54ab483\/?originalSubdomain=es\"><img decoding=\"async\" class=\"social-icon\" src=\"https:\/\/www.bestbrokers.com\/wp-content\/themes\/best-brokers\/assets\/images\/icon-linkedin.svg\" data-no-lazy=\"1\"><\/a> <span class=\"sep\">|<\/span> Actualizado: <time class=\"entry-date\" datetime=\"2025-10-21T14:23:41+00:00\">octubre 21, 2025<\/time><\/div>\n<p>Admirals es un consolidado br\u00f3ker de forex y CFD, regulado a nivel mundial. Ofrece m\u00e1s de 8.000 instrumentos financieros, entre los que se incluyen m\u00e1s de 80 pares de divisas, a trav\u00e9s de las plataformas MetaTrader 4 y MetaTrader 5. Los posibles clientes pueden conocer al detalle los spreads y comisiones que cobra este br\u00f3ker. Adem\u00e1s de estos costes, analizaremos otros gastos operativos como las comisiones de swap y las tarifas no relacionadas con la operativa, entre ellas los dep\u00f3sitos, las retiradas y la inactividad. Seg\u00fan tus preferencias de trading y el tipo de cuenta elegido, podr\u00e1s calcular sus costes antes de abrir una cuenta real. As\u00ed pues, sin m\u00e1s pre\u00e1mbulos, examinemos el precio de operar con esta marca de primer nivel.<\/p>\n<h2 id=\"costs\"><i class=\"ico ico--money-supply\"><\/i>Costes de trading en Admirals<\/h2>\n<p>Admirals ofrece dos tipos principales de cuentas de trading: Trade y Zero. Ambas est\u00e1n disponibles para los usuarios de MetaTrader 4 y 5. Aunque estos tipos de cuenta comparten algunas caracter\u00edsticas comunes, como el dep\u00f3sito m\u00ednimo requerido, el tama\u00f1o m\u00ednimo y m\u00e1ximo de las \u00f3rdenes y el n\u00famero m\u00e1ximo de \u00f3rdenes abiertas y pendientes, presentan distintas estructuras de precios para adaptarse a diferentes preferencias de trading.<\/p>\n<p>Las cuentas Trade de Admirals aplican una estructura de precios basada en spreads, en la que todos los costes de la operaci\u00f3n se incluyen en estos. Por ejemplo, operar con los principales pares de divisas, implica spreads que parten de 0,5 pips en ambas plataformas MT. La diferencia principal radica en la cantidad de instrumentos de forex disponibles: m\u00e1s de 80 en MT5 y m\u00e1s de 45 en la plataforma MT4. Las comisiones est\u00e1n exentas para la mayor\u00eda de los instrumentos; la excepci\u00f3n son los CFD sobre acciones individuales y ETF, que conllevan un coste adicional de al menos 0,02 $ por acci\u00f3n.<\/p>\n<p>Las cuentas Zero del br\u00f3ker ofrecen spreads a partir de 0,0 pips y comisiones vinculadas al volumen mensual del cliente, lo que significa que los traders m\u00e1s activos pagar\u00e1n menos. Las comisiones para forex y metales oscilan entre 1,80 y 3 $ por lote est\u00e1ndar operado. Los \u00edndices al contado llevan una comisi\u00f3n de entre 0,05 y 3 $, mientras que las energ\u00edas tienen una comisi\u00f3n fija de 1 $ por lote.<\/p>\n<p>En la siguiente tabla los traders podr\u00e1n consultar las comisiones de ida y vuelta seg\u00fan la divisa de la cuenta y el volumen mensual operado.<\/p>\n<div class=\"table-responsive\">\n<table class=\"table table--colorful\">\n<thead>\n<tr>\n<th style=\"background-color: #fff;\" colspan=\"4\">Comisiones de ida y vuelta de las cuentas Zero MT5 y MT4 seg\u00fan la divisa de la cuenta<\/th>\n<\/tr>\n<tr>\n<th rowspan=\"2\">Divisa base<\/th>\n<th colspan=\"3\">Volumen mensual, USD<\/th>\n<\/tr>\n<tr>\n<th style=\"background-color: #ff6340;\">Hasta 10.000.000<\/th>\n<th style=\"background-color: #3aaee8;\">10.000.000 &#8211; 50.000.000<\/th>\n<th>M\u00e1s de 50.000.000<\/th>\n<\/tr>\n<\/thead>\n<tbody>\n<tr>\n<td>USD<\/td>\n<td style=\"text-align: center;\">6,0<\/td>\n<td style=\"text-align: center;\">4,8<\/td>\n<td style=\"text-align: center;\">3,6<\/td>\n<\/tr>\n<tr>\n<td>EUR<\/td>\n<td style=\"text-align: center;\">5,2<\/td>\n<td style=\"text-align: center;\">4,2<\/td>\n<td style=\"text-align: center;\">3,2<\/td>\n<\/tr>\n<tr>\n<td>GBP<\/td>\n<td style=\"text-align: center;\">4,8<\/td>\n<td style=\"text-align: center;\">3,8<\/td>\n<td style=\"text-align: center;\">2,8<\/td>\n<\/tr>\n<tr>\n<td>CHF<\/td>\n<td style=\"text-align: center;\">6,0<\/td>\n<td style=\"text-align: center;\">4,8<\/td>\n<td style=\"text-align: center;\">3,2<\/td>\n<\/tr>\n<tr>\n<td>PLN<\/td>\n<td style=\"text-align: center;\">24,0<\/td>\n<td style=\"text-align: center;\">18,0<\/td>\n<td style=\"text-align: center;\">14,0<\/td>\n<\/tr>\n<tr>\n<td>AUD<\/td>\n<td style=\"text-align: center;\">8,0<\/td>\n<td style=\"text-align: center;\">6,8<\/td>\n<td style=\"text-align: center;\">5,0<\/td>\n<\/tr>\n<tr>\n<td>BGN<\/td>\n<td style=\"text-align: center;\">10,0<\/td>\n<td style=\"text-align: center;\">8<\/td>\n<td style=\"text-align: center;\">6<\/td>\n<\/tr>\n<tr>\n<td>CZK<\/td>\n<td style=\"text-align: center;\">140,0<\/td>\n<td style=\"text-align: center;\">109,4<\/td>\n<td style=\"text-align: center;\">80<\/td>\n<\/tr>\n<tr>\n<td>HRK<\/td>\n<td style=\"text-align: center;\">40,0<\/td>\n<td style=\"text-align: center;\">32,0<\/td>\n<td style=\"text-align: center;\">24,0<\/td>\n<\/tr>\n<tr>\n<td>HUF<\/td>\n<td style=\"text-align: center;\">1.700,0<\/td>\n<td style=\"text-align: center;\">1.360,0<\/td>\n<td style=\"text-align: center;\">1.000,0<\/td>\n<\/tr>\n<tr>\n<td>RON<\/td>\n<td style=\"text-align: center;\">24,0<\/td>\n<td style=\"text-align: center;\">20<\/td>\n<td style=\"text-align: center;\">15,0<\/td>\n<\/tr>\n<\/tbody>\n<\/table>\n<\/div>\n<p>Para ayudar a los traders a entender mejor los costes asociados, tomemos como ejemplo la operaci\u00f3n de 1 lote est\u00e1ndar del par EUR\/USD, donde 1 pip equivale a 10 $. Para el EUR\/USD, Admirals ofrece un spread t\u00edpico de 0,8 pips en las cuentas Trade MT5 y Trade MT4. El spread t\u00edpico para el mismo par en las cuentas Zero MT5 y Zero MT4 ser\u00eda de 0,1 pips m\u00e1s una comisi\u00f3n de 3 $ por lote y por cada lado. En resumen, los costes de trading para ambos tipos de cuenta ser\u00edan los siguientes:<\/p>\n<hr style=\"height: 2px; border-width: 0; color: #dee2e6; background-color: #dee2e6; clear: both;\" \/>\n<p><strong>Cuentas Trade MT5 y Trade MT4 de Admirals:<\/strong><\/p>\n<p>Spread: 0,8 pips<br \/>\nCoste total: 0,8 \u00d7 10 $ = 8 $ por lado o 16 $ ida y vuelta por 1 lote est\u00e1ndar<\/p>\n<hr style=\"height: 2px; border-width: 0; color: #dee2e6; background-color: #dee2e6; clear: both;\" \/>\n<p><strong>Cuentas Zero MT5 y Zero MT4 de Admirals:<\/strong><\/p>\n<p>Spread: 0,1 pips<br \/>\nCoste de spread: 0,1 \u00d7 10 $ = 1 $ por lado o 2 $ ida y vuelta por 1 lote est\u00e1ndar<br \/>\nComisi\u00f3n: 3 $ por lado<br \/>\nCoste total: (1 $ \u00d7 2) + (3 $ \u00d7 2) = 2 $ + 6 $ = 8 $ ida y vuelta por 1 lote est\u00e1ndar<\/p>\n<hr style=\"height: 2px; border-width: 0; color: #dee2e6; background-color: #dee2e6; clear: both;\" \/>\n<p>Ahora que hemos calculado los costes totales de las cuentas Trade y Zero, podemos comprobar que la segunda ofrece condiciones m\u00e1s favorables, a pesar de que las comisiones se suman al spread.<\/p>\n<p>La tabla siguiente muestra los costes totales de trading para varios pares de divisas populares con las cuentas Trade MT5 y Trade MT4 de Admirals, las cuales aplican 0 $ de comisi\u00f3n por operaci\u00f3n. Los costes indicados se refieren a cada lado de la operaci\u00f3n para lotes Micro y Est\u00e1ndar.<\/p>\n<div class=\"table-responsive\">\n<table class=\"table table--colorful\">\n<thead>\n<tr>\n<th style=\"background-color: #fff;\" colspan=\"5\">Costes medios de spread con las cuentas Trade MT5 y MT4 de Admirals<\/th>\n<\/tr>\n<tr>\n<th>Par de divisas<\/th>\n<th>Spread (en pips)<\/th>\n<th>Comisi\u00f3n por lado<\/th>\n<th>Coste por micro lote<\/th>\n<th>Coste por lote est\u00e1ndar<\/th>\n<\/tr>\n<\/thead>\n<tbody>\n<tr>\n<td>EUR\/USD<\/td>\n<td style=\"text-align: center;\">0,8<\/td>\n<td style=\"text-align: center;\">0 USD<\/td>\n<td style=\"text-align: center;\">0,08 USD<\/td>\n<td style=\"text-align: center;\">8 USD<\/td>\n<\/tr>\n<tr>\n<td>USD\/JPY<\/td>\n<td style=\"text-align: center;\">1,2<\/td>\n<td style=\"text-align: center;\">0 USD<\/td>\n<td style=\"text-align: center;\">0,081 USD<\/td>\n<td style=\"text-align: center;\">8,13 USD<\/td>\n<\/tr>\n<tr>\n<td>EUR\/GBP<\/td>\n<td style=\"text-align: center;\">0,9<\/td>\n<td style=\"text-align: center;\">0 USD<\/td>\n<td style=\"text-align: center;\">0,1212 USD<\/td>\n<td style=\"text-align: center;\">12,12 USD<\/td>\n<\/tr>\n<tr>\n<td>GBP\/USD<\/td>\n<td style=\"text-align: center;\">1,0<\/td>\n<td style=\"text-align: center;\">0 USD<\/td>\n<td style=\"text-align: center;\">0,10 USD<\/td>\n<td style=\"text-align: center;\">10 USD<\/td>\n<\/tr>\n<tr>\n<td>AUD\/USD<\/td>\n<td style=\"text-align: center;\">1,0<\/td>\n<td style=\"text-align: center;\">0 USD<\/td>\n<td style=\"text-align: center;\">0,10 USD<\/td>\n<td style=\"text-align: center;\">10 USD<\/td>\n<\/tr>\n<tr>\n<td>USD\/CAD<\/td>\n<td style=\"text-align: center;\">1,8<\/td>\n<td style=\"text-align: center;\">0 USD<\/td>\n<td style=\"text-align: center;\">0,13 USD<\/td>\n<td style=\"text-align: center;\">13 USD<\/td>\n<\/tr>\n<tr>\n<td>USD\/CHF<\/td>\n<td style=\"text-align: center;\">1,6<\/td>\n<td style=\"text-align: center;\">0 USD<\/td>\n<td style=\"text-align: center;\">0,198 USD<\/td>\n<td style=\"text-align: center;\">19,84 USD<\/td>\n<\/tr>\n<tr>\n<td>AUD\/CAD<\/td>\n<td style=\"text-align: center;\">2,9<\/td>\n<td style=\"text-align: center;\">0 USD<\/td>\n<td style=\"text-align: center;\">0,209 USD<\/td>\n<td style=\"text-align: center;\">20,94 USD<\/td>\n<\/tr>\n<tr>\n<td>NZD\/USD<\/td>\n<td style=\"text-align: center;\">1,9<\/td>\n<td style=\"text-align: center;\">0 USD<\/td>\n<td style=\"text-align: center;\">0,19 USD<\/td>\n<td style=\"text-align: center;\">19 USD<\/td>\n<\/tr>\n<\/tbody>\n<\/table>\n<\/div>\n<p style=\"text-align: center; font-size: 13px;\"><em>*El coste de trading de los pares de divisas se expresa en USD<\/em><\/p>\n<p>A continuaci\u00f3n, examinaremos los costes de trading de Admirals para los mismos pares de divisas con las cuentas Zero MT5 y Zero MT4, por micro y lote est\u00e1ndar operados en un solo lado de la operaci\u00f3n.<\/p>\n<div class=\"table-responsive\">\n<table class=\"table table--colorful\">\n<thead>\n<tr>\n<th style=\"background-color: #fff;\" colspan=\"5\">Costes medios de spread con las cuentas Zero MT5 y MT4 de Admirals<\/th>\n<\/tr>\n<tr>\n<th>Par de divisas<\/th>\n<th>Spread (en pips)<\/th>\n<th>Comisi\u00f3n por lado<\/th>\n<th>Coste por micro lote<\/th>\n<th>Coste por lote est\u00e1ndar<\/th>\n<\/tr>\n<\/thead>\n<tbody>\n<tr>\n<td>EUR\/USD<\/td>\n<td style=\"text-align: center;\">0,1<\/td>\n<td style=\"text-align: center;\">0,03\/3,00 USD<\/td>\n<td style=\"text-align: center;\">0,04 USD<\/td>\n<td style=\"text-align: center;\">4 USD<\/td>\n<\/tr>\n<tr>\n<td>USD\/JPY<\/td>\n<td style=\"text-align: center;\">0,5<\/td>\n<td style=\"text-align: center;\">0,03\/3,00 USD<\/td>\n<td style=\"text-align: center;\">0,064 USD<\/td>\n<td style=\"text-align: center;\">6,40 USD<\/td>\n<\/tr>\n<tr>\n<td>EUR\/GBP<\/td>\n<td style=\"text-align: center;\">0,5<\/td>\n<td style=\"text-align: center;\">0,03\/3,00 USD<\/td>\n<td style=\"text-align: center;\">0,097 USD<\/td>\n<td style=\"text-align: center;\">9,73 USD<\/td>\n<\/tr>\n<tr>\n<td>GBP\/USD<\/td>\n<td style=\"text-align: center;\">0,6<\/td>\n<td style=\"text-align: center;\">0,03\/3,00 USD<\/td>\n<td style=\"text-align: center;\">0,09 USD<\/td>\n<td style=\"text-align: center;\">9 USD<\/td>\n<\/tr>\n<tr>\n<td>AUD\/USD<\/td>\n<td style=\"text-align: center;\">0,5<\/td>\n<td style=\"text-align: center;\">0,03\/3,00 USD<\/td>\n<td style=\"text-align: center;\">0,08 USD<\/td>\n<td style=\"text-align: center;\">8 USD<\/td>\n<\/tr>\n<tr>\n<td>USD\/CAD<\/td>\n<td style=\"text-align: center;\">1,4<\/td>\n<td style=\"text-align: center;\">0,03\/3,00 USD<\/td>\n<td style=\"text-align: center;\">0,131 USD<\/td>\n<td style=\"text-align: center;\">13,11 USD<\/td>\n<\/tr>\n<tr>\n<td>USD\/CHF<\/td>\n<td style=\"text-align: center;\">1,0<\/td>\n<td style=\"text-align: center;\">0,03\/3,00 USD<\/td>\n<td style=\"text-align: center;\">0,154 USD<\/td>\n<td style=\"text-align: center;\">15,40 USD<\/td>\n<\/tr>\n<tr>\n<td>AUD\/CAD<\/td>\n<td style=\"text-align: center;\">1,5<\/td>\n<td style=\"text-align: center;\">0,03\/3,00 USD<\/td>\n<td style=\"text-align: center;\">0,138 USD<\/td>\n<td style=\"text-align: center;\">13,83 USD<\/td>\n<\/tr>\n<tr>\n<td>NZD\/USD<\/td>\n<td style=\"text-align: center;\">1,4<\/td>\n<td style=\"text-align: center;\">0,03\/3,00 USD<\/td>\n<td style=\"text-align: center;\">0,17 USD<\/td>\n<td style=\"text-align: center;\">17 USD<\/td>\n<\/tr>\n<\/tbody>\n<\/table>\n<\/div>\n<p style=\"text-align: center; font-size: 13px;\"><em>*El coste de trading de los pares de divisas se expresa en USD<\/em><\/p>\n<h2 id=\"overnight\"><i class=\"ico ico--clock\"><\/i>Costes de financiaci\u00f3n overnight en Admirals<\/h2>\n<p>Las comisiones del br\u00f3ker son un aspecto fundamental del trading y su impacto en la rentabilidad y el rendimiento no debe subestimarse. Adem\u00e1s de los spreads y comisiones, que hemos analizado en la secci\u00f3n anterior, existen otros costes que los traders deben tener en cuenta.<\/p>\n<p>Los swaps son un tipo habitual de comisi\u00f3n aplicada a las posiciones mantenidas de un d\u00eda para otro. Por lo tanto, no afectan a los traders a corto plazo, como los day traders y los scalpers. Tambi\u00e9n se les conoce como comisiones de rollover y se aplican a las posiciones de compra o venta al pasar de un d\u00eda de negociaci\u00f3n al siguiente, es decir, como tasas de financiaci\u00f3n nocturna. Las comisiones por swap son cargos de intereses que pueden cargarse o abonarse en la cuenta al cierre de cada jornada. Dependiendo de la direcci\u00f3n de la operaci\u00f3n, el usuario podr\u00e1 pagar o recibir estos intereses, lo que podr\u00e1 repercutir de forma significativa en su rendimiento global.<\/p>\n<p>Las tasas de swap que aplica Admirals pueden consultarse en la plataforma MetaTrader de Admirals, en la secci\u00f3n \u00abMarket Watch\u00bb. Una vez elegido un instrumento, el usuario debe hacer clic derecho sobre \u00e9l y abrir la p\u00e1gina \u00abEspecificaci\u00f3n del contrato\u00bb. La ventana de descripci\u00f3n mostrar\u00e1 los valores de Swap Long y Swap Short. Ten en cuenta que estos tipos de swap variar\u00e1n y depender\u00e1n de factores como el instrumento negociado, el tama\u00f1o del contrato y las condiciones actuales del mercado.<\/p>\n<p>Por ejemplo, la comisi\u00f3n de swap para EUR\/USD y USD\/JPY no ser\u00e1 la misma. En Admirals, los traders podr\u00e1n utilizar la calculadora de trading para comprobar el swap de una operaci\u00f3n concreta. Solo tendr\u00e1n que introducir los par\u00e1metros principales \u2014instrumento, lote, apalancamiento y divisa base de la cuenta\u2014 y, opcionalmente, el precio de apertura y cierre y la direcci\u00f3n de la posici\u00f3n (larga o corta).<\/p>\n<p>Adem\u00e1s, los traders deber\u00e1n tener en cuenta el swap de 3 d\u00edas, que es un swap triple cargado o abonado para compensar los d\u00edas de fin de semana en los que los mercados est\u00e1n cerrados. En los pares de forex, los swaps de 3 d\u00edas de Admirals se aplicar\u00e1n, por lo general, los mi\u00e9rcoles.<\/p>\n<p>A continuaci\u00f3n ofrecemos informaci\u00f3n sobre los swaps de Admirals en algunos de los m\u00e1s populares pares de forex. Como se indic\u00f3, estos valores est\u00e1n sujetos a cambios y pueden no reflejar las tasas vigentes.<\/p>\n<div class=\"table-responsive\">\n<table class=\"table table--colorful\">\n<thead>\n<tr>\n<th style=\"background-color: #fff;\" colspan=\"4\">Swaps en pares de Forex populares (lote est\u00e1ndar)<\/th>\n<\/tr>\n<tr>\n<th>S\u00edmbolo<\/th>\n<th>Divisa base<\/th>\n<th>Valor SWAP (largo), pips<\/th>\n<th>Valor SWAP (corto), pips<\/th>\n<\/tr>\n<\/thead>\n<tbody>\n<tr>\n<td>EUR\/USD<\/td>\n<td style=\"text-align: center;\">USD<\/td>\n<td style=\"text-align: center;\">-1,234<\/td>\n<td style=\"text-align: center;\">0,25<\/td>\n<\/tr>\n<tr>\n<td>USD\/JPY<\/td>\n<td style=\"text-align: center;\">USD<\/td>\n<td style=\"text-align: center;\">0,902<\/td>\n<td style=\"text-align: center;\">-2,361<\/td>\n<\/tr>\n<tr>\n<td>EUR\/GBP<\/td>\n<td style=\"text-align: center;\">USD<\/td>\n<td style=\"text-align: center;\">-0,95<\/td>\n<td style=\"text-align: center;\">0,041<\/td>\n<\/tr>\n<tr>\n<td>GBP\/USD<\/td>\n<td style=\"text-align: center;\">USD<\/td>\n<td style=\"text-align: center;\">-0,593<\/td>\n<td style=\"text-align: center;\">-0,298<\/td>\n<\/tr>\n<tr>\n<td>AUD\/USD<\/td>\n<td style=\"text-align: center;\">USD<\/td>\n<td style=\"text-align: center;\">-0,323<\/td>\n<td style=\"text-align: center;\">-0,207<\/td>\n<\/tr>\n<tr>\n<td>USD\/CAD<\/td>\n<td style=\"text-align: center;\">USD<\/td>\n<td style=\"text-align: center;\">-0,38<\/td>\n<td style=\"text-align: center;\">-1,874<\/td>\n<\/tr>\n<tr>\n<td>USD\/CHF<\/td>\n<td style=\"text-align: center;\">USD<\/td>\n<td style=\"text-align: center;\">0,323<\/td>\n<td style=\"text-align: center;\">-1,851<\/td>\n<\/tr>\n<tr>\n<td>AUD\/CAD<\/td>\n<td style=\"text-align: center;\">USD<\/td>\n<td style=\"text-align: center;\">-0,105<\/td>\n<td style=\"text-align: center;\">-0,746<\/td>\n<\/tr>\n<tr>\n<td>NZD\/USD<\/td>\n<td style=\"text-align: center;\">USD<\/td>\n<td style=\"text-align: center;\">-0,4<\/td>\n<td style=\"text-align: center;\">-0,193<\/td>\n<\/tr>\n<\/tbody>\n<\/table>\n<\/div>\n<h2 id=\"swap\"><i class=\"ico ico--islamic-account\"><\/i>Costes de trading sin swaps en Admirals<\/h2>\n<p>Admirals ofrece cuentas de forex sin swap, lo que permitir\u00e1 a los traders isl\u00e1micos operar en condiciones est\u00e1ndar sin pagar ni recibir intereses. La cuenta sin swap est\u00e1 disponible en la cuenta Trade MT5. Presenta los mismos spreads ajustados, ejecuci\u00f3n r\u00e1pida y tecnolog\u00eda de trading avanzada para una amplia gama de instrumentos, entre los que se incluyen pares de divisas digitales, materias primas, \u00edndices, ETF, bonos y acciones, con la excepci\u00f3n de los pares ex\u00f3ticos y las monedas digitales.<\/p>\n<p>En Admirals se aplica una tarifa administrativa fija a las operaciones abiertas con un periodo de mantenimiento superior a 3 d\u00edas. La pol\u00edtica de transparencia de precios de Admirals permite que los traders isl\u00e1micos puedan consultar las comisiones administrativas de la cuenta sin swap aplicadas a sus operaciones. Ten en cuenta que estas tarifas podr\u00e1n variar seg\u00fan la entidad de Admirals con la que operes.<\/p>\n<div class=\"table-responsive\">\n<table class=\"table table--colorful\">\n<thead>\n<tr>\n<th style=\"background-color: #fff;\" colspan=\"3\">Comisiones administrativas de la cuenta sin swap de Admirals<\/th>\n<\/tr>\n<tr>\n<th>Par de divisas<\/th>\n<th>D\u00eda de inicio de la comisi\u00f3n administrativa<\/th>\n<th>Comisi\u00f3n administrativa en USD (por lote)<\/th>\n<\/tr>\n<\/thead>\n<tbody>\n<tr>\n<td>EUR\/USD<\/td>\n<td style=\"text-align: center;\">3<\/td>\n<td style=\"text-align: center;\">14 USD<\/td>\n<\/tr>\n<tr>\n<td>USD\/JPY<\/td>\n<td style=\"text-align: center;\">3<\/td>\n<td style=\"text-align: center;\">16 USD<\/td>\n<\/tr>\n<tr>\n<td>EUR\/GBP<\/td>\n<td style=\"text-align: center;\">3<\/td>\n<td style=\"text-align: center;\">12 USD<\/td>\n<\/tr>\n<tr>\n<td>GBP\/USD<\/td>\n<td style=\"text-align: center;\">3<\/td>\n<td style=\"text-align: center;\">6 USD<\/td>\n<\/tr>\n<tr>\n<td>AUD\/USD<\/td>\n<td style=\"text-align: center;\">3<\/td>\n<td style=\"text-align: center;\">4 USD<\/td>\n<\/tr>\n<tr>\n<td>USD\/CAD<\/td>\n<td style=\"text-align: center;\">3<\/td>\n<td style=\"text-align: center;\">16 USD<\/td>\n<\/tr>\n<tr>\n<td>USD\/CHF<\/td>\n<td style=\"text-align: center;\">3<\/td>\n<td style=\"text-align: center;\">25 USD<\/td>\n<\/tr>\n<tr>\n<td>AUD\/CAD<\/td>\n<td style=\"text-align: center;\">3<\/td>\n<td style=\"text-align: center;\">6 USD<\/td>\n<\/tr>\n<tr>\n<td>NZD\/USD<\/td>\n<td style=\"text-align: center;\">3<\/td>\n<td style=\"text-align: center;\">4 USD<\/td>\n<\/tr>\n<\/tbody>\n<\/table>\n<\/div>\n<h2 id=\"other\"><i class=\"ico ico--administration-fees\"><\/i>Costes no relacionados con el trading en Admirals<\/h2>\n<p>Hasta ahora hemos cubierto todas las comisiones de trading de Admirals. Sin embargo, para ofrecer a los traders una visi\u00f3n completa de los costes que pueden esperar, tambi\u00e9n debemos revisar los costes no operativos del br\u00f3ker.<\/p>\n<p>Empezando por los dep\u00f3sitos, el br\u00f3ker no cobra comisiones adicionales por transferir fondos a la cuenta de trading. La primera solicitud de retirada dentro de un mismo mes tambi\u00e9n es gratuita. Las retiradas posteriores \u2014mediante m\u00e9todos como transferencias bancarias, tarjetas y monederos electr\u00f3nicos como Skrill\u2014 s\u00ed conllevar\u00e1n una comisi\u00f3n, tal como se indica en la tabla siguiente.<\/p>\n<p>Abrir una cuenta con Admirals es totalmente gratuito. Ten en cuenta que se aplicar\u00e1 una comisi\u00f3n de inactividad de 10 \u20ac a las cuentas que no hayan tenido actividad en los \u00faltimos 24 meses.<\/p>\n<p>La suscripci\u00f3n al alojamiento VPS de Admirals es gratuita para los clientes que mantengan un capital en cuenta real superior a 5.000 \u20ac (o su equivalente en otra divisa). La elegibilidad para este servicio se eval\u00faa al final de cada mes natural.<\/p>\n<div class=\"table-responsive\">\n<table class=\"table\">\n<thead>\n<tr>\n<th colspan=\"2\">Costes no relacionados con el trading en Admirals<\/th>\n<\/tr>\n<\/thead>\n<tbody>\n<tr>\n<td>Comisiones de dep\u00f3sito<\/td>\n<td>Gratis<\/td>\n<\/tr>\n<tr>\n<td>Comisiones por retirada<\/td>\n<td>1 retirada gratuita al mes<br \/>\nRetiradas posteriores:<\/p>\n<ul class=\"list-checks\">\n<li>Transferencias bancarias &#8211; 1 EUR \/ 6 CHF \/ 25 PLN \/ 1.500 HUF \/ 10 BGN \/ 150 CZK \/ 25 RON \/ 50 SEK<\/li>\n<li>Visa, MasterCard &#8211; 1 %, m\u00edn. 1 EUR \/ GBP \/ CHF \/ PLN \/ HUF \/ BGN \/ CZK \/ HRK \/ RON \/ SEK<\/li>\n<li>Skrill &#8211; 1 %, m\u00edn. 1 EUR \/ USD<\/li>\n<li>Brite &#8211; 1 %<\/li>\n<\/ul>\n<\/td>\n<\/tr>\n<tr>\n<td>Comisi\u00f3n de apertura de cuenta<\/td>\n<td>Gratis<\/td>\n<\/tr>\n<tr>\n<td>Comisi\u00f3n por inactividad<\/td>\n<td>10 EUR (al mes)<\/p>\n<ul class=\"list-checks\">\n<li>Cobrada a las cuentas de trading que no hayan registrado actividad en los \u00faltimos 24 meses<\/li>\n<li>Solo se aplica a saldos superiores a cero<\/li>\n<\/ul>\n<\/td>\n<\/tr>\n<tr>\n<td>Comisi\u00f3n por conversi\u00f3n de divisa<\/td>\n<td>0,3 %<\/td>\n<\/tr>\n<tr>\n<td>Suscripci\u00f3n VPS<\/td>\n<td>Gratis para clientes con un capital en cuenta real de 5.000 EUR o equivalente.<\/td>\n<\/tr>\n<\/tbody>\n<\/table>\n<\/div>\n<h2 id=\"conclusion\"><i class=\"ico ico--pen\"><\/i>Conclusiones sobre las comisiones de Admirals<\/h2>\n<p>En general, Admirals es una empresa de trading, reconocida a nivel mundial, que ofrece una amplia gama de productos financieros y competivivas condiciones, para adaptarse a diferentes necesidades. La compa\u00f1\u00eda presenta una estructura de precios transparente que permite elegir entre spreads competitivos o spreads cero m\u00e1s una comisi\u00f3n, seg\u00fan el tipo de cuenta elegido. En cuanto a la financiaci\u00f3n, los dep\u00f3sitos son gratuitos y los traders podr\u00e1n retirar fondos sin coste una vez al mes. Las retiradas adicionales conllevan una tarifa. Hay que tener presente que se aplicar\u00e1 una comisi\u00f3n de inactividad de 10 $ a las cuentas con saldo superior a cero que no hayan registrado actividad durante 24 meses. Adem\u00e1s, existen comisiones de financiaci\u00f3n nocturna que variar\u00e1n en funci\u00f3n de diferentes factores, como las condiciones de mercado o el tipo de instrumento. Pese a ello, la transparente y competitiva estructura de tarifas de Admirals, unida a sus favorables condiciones de trading, la convierte en una atractiva opci\u00f3n para traders de todos los niveles y estrategias, desde principiantes hasta profesionales con experiencia.<\/p>\n","protected":false},"excerpt":{"rendered":"<p>Admirals es un consolidado br\u00f3ker de forex y CFD, regulado a nivel mundial. Ofrece m\u00e1s de 8.000 instrumentos financieros, entre los que se incluyen m\u00e1s de 80 pares de divisas, a trav\u00e9s de las plataformas MetaTrader 4 y MetaTrader 5. Los posibles clientes pueden conocer al detalle los spreads y comisiones que cobra este br\u00f3ker. [&hellip;]<\/p>\n","protected":false},"author":2,"featured_media":0,"parent":10638,"menu_order":0,"comment_status":"closed","ping_status":"closed","template":"templates\/review.php","meta":{"footnotes":""},"class_list":["post-59722","page","type-page","status-publish","hentry"],"aioseo_notices":[],"_links":{"self":[{"href":"https:\/\/www.bestbrokers.com\/es\/wp-json\/wp\/v2\/pages\/59722","targetHints":{"allow":["GET"]}}],"collection":[{"href":"https:\/\/www.bestbrokers.com\/es\/wp-json\/wp\/v2\/pages"}],"about":[{"href":"https:\/\/www.bestbrokers.com\/es\/wp-json\/wp\/v2\/types\/page"}],"author":[{"embeddable":true,"href":"https:\/\/www.bestbrokers.com\/es\/wp-json\/wp\/v2\/users\/2"}],"replies":[{"embeddable":true,"href":"https:\/\/www.bestbrokers.com\/es\/wp-json\/wp\/v2\/comments?post=59722"}],"version-history":[{"count":7,"href":"https:\/\/www.bestbrokers.com\/es\/wp-json\/wp\/v2\/pages\/59722\/revisions"}],"predecessor-version":[{"id":71636,"href":"https:\/\/www.bestbrokers.com\/es\/wp-json\/wp\/v2\/pages\/59722\/revisions\/71636"}],"up":[{"embeddable":true,"href":"https:\/\/www.bestbrokers.com\/es\/wp-json\/wp\/v2\/pages\/10638"}],"wp:attachment":[{"href":"https:\/\/www.bestbrokers.com\/es\/wp-json\/wp\/v2\/media?parent=59722"}],"curies":[{"name":"wp","href":"https:\/\/api.w.org\/{rel}","templated":true}]}}