{"id":59723,"date":"2025-03-19T09:40:57","date_gmt":"2025-03-19T09:40:57","guid":{"rendered":"https:\/\/www.bestbrokers.com\/?page_id=59723"},"modified":"2025-10-21T14:24:01","modified_gmt":"2025-10-21T14:24:01","slug":"spreads-fees-and-commissions","status":"publish","type":"page","link":"https:\/\/www.bestbrokers.com\/es\/reviews\/xtb\/spreads-fees-and-commissions\/","title":{"rendered":"Spreads, tarifas y comisiones de XTB"},"content":{"rendered":"<div class=\"author-line\">Escrito por <span class=\"author\">Naylyan Nazifova<div class=\"author-sub-box\"><div class=\"author-avatar\"><img decoding=\"async\" src=\"https:\/\/www.bestbrokers.com\/wp-content\/uploads\/2026\/04\/nnazifova.webp\" \/><\/div><div class=\"author-info-wrapper\"><div class=\"author-name\"><a href=\"https:\/\/www.bestbrokers.com\/es\/authors\/naylyan-nazifova\/\">Naylyan Nazifova<\/a><\/div><div class=\"author-bio\">Naylyan Nazifova es una reconocida experta en el campo del trading online. Cuenta con numerosas publicaciones y an\u00e1lisis sobre el trading de divisas, la inversi\u00f3n en bolsa y las finanzas personales. <\/div><\/div><\/div><\/span>,  <a rel=\"nofollow\" target=\"_blank\" href=\"https:\/\/www.linkedin.com\/in\/naylian-nazifova-58562a272\/\"><img decoding=\"async\" class=\"social-icon\" src=\"https:\/\/www.bestbrokers.com\/wp-content\/themes\/best-brokers\/assets\/images\/icon-linkedin.svg\" data-no-lazy=\"1\"><\/a> <span class=\"sep\">|<\/span> Traducido por <span class=\"author\">Estrella Fernandez<div class=\"author-sub-box\"><div class=\"author-avatar\"><img decoding=\"async\" src=\"https:\/\/www.bestbrokers.com\/wp-content\/uploads\/2024\/10\/Estrella-Fernandez.jpeg\" \/><\/div><div class=\"author-info-wrapper\"><div class=\"author-name\"><a href=\"https:\/\/www.bestbrokers.com\/es\/authors\/estrella-fernandez\/\">Estrella Fernandez<\/a><\/div><div class=\"author-bio\">Estrella Fernandez edita y revista contenidos financieros para blogs y websites y hace traducciones de franc\u00e9s e ingl\u00e9s a espa\u00f1ol.<\/div><\/div><\/div><\/span>, <a rel=\"nofollow\" target=\"_blank\" href=\"https:\/\/www.linkedin.com\/in\/estrella-fern%C3%A1ndez-gordillo-a54ab483\/?originalSubdomain=es\"><img decoding=\"async\" class=\"social-icon\" src=\"https:\/\/www.bestbrokers.com\/wp-content\/themes\/best-brokers\/assets\/images\/icon-linkedin.svg\" data-no-lazy=\"1\"><\/a> <span class=\"sep\">|<\/span> Actualizado: <time class=\"entry-date\" datetime=\"2025-10-21T14:24:01+00:00\">octubre 21, 2025<\/time><\/div>\n<p>Antes de abrir una cuenta de trading real con XTB, los traders podr\u00e1n encontrar en esta gu\u00eda la informaci\u00f3n que necesitan para decidir con propiedad. Ofrecemos una vista detallada de los spreads, comisiones y tarifas de XTB, para que conozcan los costes que supondr\u00e1 operar en la plataforma. Tambi\u00e9n proporcionamos ejemplos de c\u00f3mo calcular los costes de trading, a fin de que los traders puedan entender claramente todo lo qu\u00e9 implica operar con este br\u00f3ker. Sigue leyendo para descubrir m\u00e1s sobre la estructura de precios de XTB.<\/p>\n<h2 id=\"costs\"><i class=\"ico ico--money-supply\"><\/i>Costes de trading en XTB<\/h2>\n<p>XTB ofrece tres tipos de cuentas de trading: Standard, Pro e Isl\u00e1mica. En esta secci\u00f3n analizaremos los costes asociados a la cuenta Standard, adecuada para traders minoristas. Tambi\u00e9n examinaremos la cuenta Pro y su estructura de precios.<\/p>\n<p>La cuenta Standard de XTB utiliza un modelo de fijaci\u00f3n de precios basado en el spread, en el que se integran todos los costes de trading. Las comisiones para los mercados de CFD, excepto los CFD sobre acciones y ETF, est\u00e1n exentas.<\/p>\n<p>Las \u00f3rdenes m\u00ednimas comienzan en 0,01 lote y el apalancamiento m\u00e1ximo permitido para los clientes de la UE est\u00e1 limitado a 1:30. Los traders se beneficiar\u00e1n de la protecci\u00f3n de saldo negativo y de fondos segregados, que se mantienen separados de los activos operativos del br\u00f3ker. Aunque XTB no ofrece las populares plataformas MT4 y MT5, pone a disposici\u00f3n la innovadora plataforma propietaria xStation, con m\u00e1s de 2.500 instrumentos financieros (para la entidad regulada por CySEC) en varias clases de activos. Adem\u00e1s de forex, XTB ofrece opciones de trading sobre CFD de acciones, ETF, \u00edndices, materias primas y criptomonedas. El n\u00famero de instrumentos negociables variar\u00e1 en funci\u00f3n de la entidad de XTB y de la normativa correspondiente.<\/p>\n<p>La cuenta pro de XTB ofrece spreads m\u00e1s ajustados, junto a una comisi\u00f3n por cada lado de la operaci\u00f3n. La comisi\u00f3n es de 3,50 $ por lado o de 7 $ por vuelta completa.<\/p>\n<p>Podemos utilizar el par EUR\/USD para ilustrar c\u00f3mo los traders podr\u00e1n calcular sus costes de trading en forex con las cuentas Standard y Pro de XTB. Tomaremos en consideraci\u00f3n la negociaci\u00f3n de un lote est\u00e1ndar del par EUR\/USD, donde un solo pip equivale a 10 USD. Supongamos que la operaci\u00f3n se abre y se cierra al mismo precio, utilizando una cuenta denominada en USD. Para el par EUR\/USD, XTB ofrece un spread objetivo de 0,9 pips para la cuenta Standard, y de 0,1 pips para la cuenta Pro. Veamos ahora c\u00f3mo se calculan los costes de trading.<\/p>\n<hr style=\"height: 2px; border-width: 0; color: #dee2e6; background-color: #dee2e6; clear: both;\" \/>\n<p><strong>Cuenta Standard de XTB:<\/strong><\/p>\n<p>Spread: 0,9 pips<br \/>\nCoste total: 0,9 x 10 $ = 9,00 $ por lado o 18,00 $ por operaci\u00f3n de ida y vuelta de 1 lote est\u00e1ndar<\/p>\n<hr style=\"height: 2px; border-width: 0; color: #dee2e6; background-color: #dee2e6; clear: both;\" \/>\n<p><strong>Cuenta Pro de XTB:<\/strong><\/p>\n<p>Spread: 0,1 pips<br \/>\nCoste por spread: 0,1 x 10 $ = 1,00 $ por lado o 2,00 $ por operaci\u00f3n de ida y vuelta de 1 lote est\u00e1ndar<br \/>\nComisi\u00f3n: 3,50 $ por lote y por lado o 7,00 $ por vuelta completa<br \/>\nCoste total: (1,00 x 2) + (3,50 x 2) = 9,00 $ por operaci\u00f3n de ida y vuelta de 1 lote est\u00e1ndar<\/p>\n<hr style=\"height: 2px; border-width: 0; color: #dee2e6; background-color: #dee2e6; clear: both;\" \/>\n<p>Los traders pueden comprobar que, aunque la cuenta Pro de XTB cobra una comisi\u00f3n, los costes de trading totales son inferiores en comparaci\u00f3n con la cuenta Standard. Como es de esperar, los traders profesionales operan con vol\u00famenes m\u00e1s altos y, por tanto, disfrutan de spreads m\u00e1s ajustados y de menores costes totales. Dicho esto, los traders profesionales pierden algunos de los mecanismos de protecci\u00f3n de la cuenta reservados a los clientes minoristas del br\u00f3ker, incluida la protecci\u00f3n de saldo negativo.<\/p>\n<p>Los traders pueden consultar la tabla siguiente y comprobar los spreads de XTB para varios populares pares de forex. Hemos calculado los costes por microlote y lote est\u00e1ndar para la cuenta Standard.<\/p>\n<div class=\"table-responsive\">\n<table class=\"table table--colorful\">\n<thead>\n<tr>\n<th style=\"background-color: #fff;\" colspan=\"5\">Costes medios de spread con la cuenta Standard de XTB<\/th>\n<\/tr>\n<tr>\n<th>Par de divisas<\/th>\n<th>Spread (en pips)<\/th>\n<th>Comisi\u00f3n por lado<\/th>\n<th>Coste por microlote<\/th>\n<th>Coste por lote est\u00e1ndar<\/th>\n<\/tr>\n<\/thead>\n<tbody>\n<tr>\n<td>EUR\/USD<\/td>\n<td style=\"text-align: center;\">0,9<\/td>\n<td style=\"text-align: center;\">0 USD<\/td>\n<td style=\"text-align: center;\">0,09 USD<\/td>\n<td style=\"text-align: center;\">9,00 USD<\/td>\n<\/tr>\n<tr>\n<td>USD\/JPY<\/td>\n<td style=\"text-align: center;\">1,4<\/td>\n<td style=\"text-align: center;\">0 USD<\/td>\n<td style=\"text-align: center;\">0,0953 USD<\/td>\n<td style=\"text-align: center;\">9,53 USD<\/td>\n<\/tr>\n<tr>\n<td>EUR\/GBP<\/td>\n<td style=\"text-align: center;\">2,1<\/td>\n<td style=\"text-align: center;\">0 USD<\/td>\n<td style=\"text-align: center;\">0,2848 USD<\/td>\n<td style=\"text-align: center;\">28,48 USD<\/td>\n<\/tr>\n<tr>\n<td>GBP\/USD<\/td>\n<td style=\"text-align: center;\">2,2<\/td>\n<td style=\"text-align: center;\">0 USD<\/td>\n<td style=\"text-align: center;\">0,22 USD<\/td>\n<td style=\"text-align: center;\">22,00 USD<\/td>\n<\/tr>\n<tr>\n<td>AUD\/USD<\/td>\n<td style=\"text-align: center;\">1,3<\/td>\n<td style=\"text-align: center;\">0 USD<\/td>\n<td style=\"text-align: center;\">0,13 USD<\/td>\n<td style=\"text-align: center;\">13,00 USD<\/td>\n<\/tr>\n<tr>\n<td>USD\/CAD<\/td>\n<td style=\"text-align: center;\">1,8<\/td>\n<td style=\"text-align: center;\">0 USD<\/td>\n<td style=\"text-align: center;\">0,1315 USD<\/td>\n<td style=\"text-align: center;\">13,15 USD<\/td>\n<\/tr>\n<tr>\n<td>USD\/CHF<\/td>\n<td style=\"text-align: center;\">1,9<\/td>\n<td style=\"text-align: center;\">0 USD<\/td>\n<td style=\"text-align: center;\">0,2383 USD<\/td>\n<td style=\"text-align: center;\">23,83 USD<\/td>\n<\/tr>\n<tr>\n<td>USD\/CNH<\/td>\n<td style=\"text-align: center;\">13,00<\/td>\n<td style=\"text-align: center;\">0 USD<\/td>\n<td style=\"text-align: center;\">0,1813 USD<\/td>\n<td style=\"text-align: center;\">18,13 USD<\/td>\n<\/tr>\n<tr>\n<td>NZD\/USD<\/td>\n<td style=\"text-align: center;\">2,0<\/td>\n<td style=\"text-align: center;\">0 USD<\/td>\n<td style=\"text-align: center;\">0,20 USD<\/td>\n<td style=\"text-align: center;\">20,00 USD<\/td>\n<\/tr>\n<\/tbody>\n<\/table>\n<\/div>\n<p style=\"text-align: center; font-size: 13px;\"><em>*El coste de negociaci\u00f3n de los pares de divisas se expresa en USD<\/em><\/p>\n<p>A continuaci\u00f3n, los titulares de cuentas pro de XTB pueden consultar las comisiones de ida y vuelta que se cobran por operar 1 lote est\u00e1ndar, mini y micro.<\/p>\n<div class=\"table-responsive\">\n<table class=\"table table--colorful\">\n<thead>\n<tr>\n<th style=\"background-color: #fff;\" colspan=\"3\">Comisiones de ida y vuelta para la cuenta Pro de XTB<\/th>\n<\/tr>\n<tr>\n<th>Lote<\/th>\n<th>Unidades<\/th>\n<th>Comisi\u00f3n ida y vuelta<\/th>\n<\/tr>\n<\/thead>\n<tbody>\n<tr>\n<td>1 lote est\u00e1ndar<\/td>\n<td style=\"text-align: center;\">100.000<\/td>\n<td style=\"text-align: center;\">7,00 USD<\/td>\n<\/tr>\n<tr>\n<td>1 lote mini<\/td>\n<td style=\"text-align: center;\">10.000<\/td>\n<td style=\"text-align: center;\">0,70 USD<\/td>\n<\/tr>\n<tr>\n<td>1 microlote<\/td>\n<td style=\"text-align: center;\">1.000<\/td>\n<td style=\"text-align: center;\">0,07 USD<\/td>\n<\/tr>\n<\/tbody>\n<\/table>\n<\/div>\n<h2 id=\"overnight\"><i class=\"ico ico--clock\"><\/i>Costes de financiaci\u00f3n overnight de XTB<\/h2>\n<p>A los traders interesados en mantener sus posiciones abiertas durante m\u00e1s de un d\u00eda de negociaci\u00f3n les interesar\u00e1 conocer los costes de financiaci\u00f3n nocturna de XTB. Las operaciones que se mantienen de un d\u00eda para otro est\u00e1n sujetas a comisiones de roll-over, tambi\u00e9n conocidas como tasas swap.<\/p>\n<p>El swap representa la cantidad de inter\u00e9s que se cobra o abona en la cuenta del trader para mantener la operaci\u00f3n. Esta cantidad variar\u00e1 seg\u00fan los distintos pares de divisas. Los puntos swap pueden calcularse manualmente multiplicando la tasa de puntos swap por el valor del pip. Pueden ser positivos o negativos, lo que se traducir\u00e1 en un d\u00e9bito o abono en la cuenta del trader.<\/p>\n<p>Como alternativa, los traders podr\u00e1n utilizar la calculadora incorporada de XTB, una de las funcionalidades exclusivas de xStation. Solo necesitan introducir el volumen de la operaci\u00f3n, el valor del contrato y el margen, para ver las tasas swap diarias para posiciones largas y cortas en un determinado instrumento de forex.<\/p>\n<p>Los devengos y cargos relacionados con los distintos instrumentos financieros depender\u00e1n de varios factores, como el tipo de instrumento y la direcci\u00f3n de la operaci\u00f3n. Est\u00e1n sujetos a cambios y variar\u00e1n en funci\u00f3n de las condiciones del mercado. Algunos de los instrumentos m\u00e1s populares para obtener los devengos m\u00e1s altos son los pares EUR\/AUD, USD\/TRY y USD\/MXN.<\/p>\n<p>La tabla siguiente contiene informaci\u00f3n sobre las tasas de financiaci\u00f3n nocturna de XTB para varios populares pares de forex:<\/p>\n<div class=\"table-responsive\">\n<table class=\"table table--colorful\">\n<thead>\n<tr>\n<th style=\"background-color: #fff;\" colspan=\"4\">Tasas swap de XTB en pares forex populares (tama\u00f1o de lote est\u00e1ndar)<\/th>\n<\/tr>\n<tr>\n<th>S\u00edmbolo<\/th>\n<th>Divisa base<\/th>\n<th>Valor SWAP (largo)<\/th>\n<th>Valor SWAP (corto)<\/th>\n<\/tr>\n<\/thead>\n<tbody>\n<tr>\n<td>EUR\/USD<\/td>\n<td style=\"text-align: center;\">USD<\/td>\n<td style=\"text-align: center;\">-0,009397 %<\/td>\n<td style=\"text-align: center;\">0,003843 %<\/td>\n<\/tr>\n<tr>\n<td>USD\/JPY<\/td>\n<td style=\"text-align: center;\">USD<\/td>\n<td style=\"text-align: center;\">0,007172 %<\/td>\n<td style=\"text-align: center;\">-0,014109 %<\/td>\n<\/tr>\n<tr>\n<td>EUR\/GBP<\/td>\n<td style=\"text-align: center;\">USD<\/td>\n<td style=\"text-align: center;\">-0,008276 %<\/td>\n<td style=\"text-align: center;\">0,002760 %<\/td>\n<\/tr>\n<tr>\n<td>GBP\/USD<\/td>\n<td style=\"text-align: center;\">USD<\/td>\n<td style=\"text-align: center;\">-0,003859 %<\/td>\n<td style=\"text-align: center;\">-0,001655 %<\/td>\n<\/tr>\n<tr>\n<td>AUD\/USD<\/td>\n<td style=\"text-align: center;\">USD<\/td>\n<td style=\"text-align: center;\">-0,005333 %<\/td>\n<td style=\"text-align: center;\">-0,001550 %<\/td>\n<\/tr>\n<tr>\n<td>USD\/CAD<\/td>\n<td style=\"text-align: center;\">USD<\/td>\n<td style=\"text-align: center;\">0,001651 %<\/td>\n<td style=\"text-align: center;\">-0,007163 %<\/td>\n<\/tr>\n<tr>\n<td>USD\/CHF<\/td>\n<td style=\"text-align: center;\">USD<\/td>\n<td style=\"text-align: center;\">0,009338 %<\/td>\n<td style=\"text-align: center;\">-0,014886 %<\/td>\n<\/tr>\n<tr>\n<td>AUD\/CAD<\/td>\n<td style=\"text-align: center;\">USD<\/td>\n<td style=\"text-align: center;\">-0,000906 %<\/td>\n<td style=\"text-align: center;\">-0,005938 %<\/td>\n<\/tr>\n<tr>\n<td>NZD\/USD<\/td>\n<td style=\"text-align: center;\">USD<\/td>\n<td style=\"text-align: center;\">-0,007159 %<\/td>\n<td style=\"text-align: center;\">0,000275 %<\/td>\n<\/tr>\n<\/tbody>\n<\/table>\n<\/div>\n<h2 id=\"swap\"><i class=\"ico ico--islamic-account\"><\/i>Costes de trading sin swaps en XTB<\/h2>\n<p>Los clientes de la divisi\u00f3n internacional de XTB tendr\u00e1n la opci\u00f3n de abrir cuentas sin swap (isl\u00e1micas). La disponibilidad de estas cuentas est\u00e1 limitada a determinadas jurisdicciones, entre ellas los EAU, Arabia Saud\u00ed, Egipto y Malasia, entre otras. Las cuentas sin swap est\u00e1n dise\u00f1adas para traders musulmanes que quieren operar de acuerdo con la ley isl\u00e1mica. Este tipo de cuenta est\u00e1 disponible tanto para la cuenta Standard como para la Pro.<\/p>\n<p>Como indica su nombre, a los traders no se les cobrar\u00e1 por mantener abiertas sus posiciones durante la noche. Por tanto, este tipo de cuenta es una opci\u00f3n viable para los traders que no puedan pagar ni recibir swaps por motivos religiosos. En su lugar, se cobrar\u00e1 una peque\u00f1a comisi\u00f3n administrativa, que podr\u00e1 variar seg\u00fan el instrumento.<\/p>\n<p>La cuenta isl\u00e1mica del br\u00f3ker ofrece 10.100 mercados para inversi\u00f3n directa y trading con CFD, entre los que se incluyen, forex, \u00edndices, materias primas, criptomonedas y ETF. El apalancamiento m\u00e1ximo permitido es 1:500 y los traders podr\u00e1n utilizar la plataforma propietaria xStation.<\/p>\n<p>Adem\u00e1s de no aplicarse comisiones ni intereses espec\u00edficos a las cuentas isl\u00e1micas, XTB ofrece un programa de devoluci\u00f3n de efectivo, cuyo importe se basa en el volumen mensual de trading de los traders. El sistema calcula autom\u00e1ticamente la cantidad a devolver y la ingresa en efectivo en los fondos de la cuenta. La oferta de devoluci\u00f3n de efectivo es v\u00e1lida para clientes de determinadas jurisdicciones.<\/p>\n<h2 id=\"other\"><i class=\"ico ico--administration-fees\"><\/i>Costes no relacionados con el trading en XTB<\/h2>\n<p>Ahora repasemos r\u00e1pidamente las comisiones no relacionadas con el trading de XTB para que los traders tengan una mejor idea de todos los costes que podr\u00e1n esperar una vez que creen cuentas reales con este br\u00f3ker. El br\u00f3ker no cobra comisiones, ni por el registro ni por el mantenimiento de la cuenta. Ambos servicios son gratuitos para todos los clientes, con independencia de su saldo.<\/p>\n<p>Aunque no hay comisiones de mantenimiento, los traders deber\u00e1n tener en cuenta que se aplicar\u00e1 una comisi\u00f3n de 10 \u20ac, por inactividad, a los titulares de cuentas que no hayan realizado ninguna operaci\u00f3n en los \u00faltimos 365 d\u00edas, o que no hayan realizado un dep\u00f3sito en los \u00faltimos 90 d\u00edas.<\/p>\n<p>Todos los m\u00e9todos de dep\u00f3sito, entre ellos, las transacciones mediante tarjetas o transferencias bancarias y los pagos online a trav\u00e9s de PayU, Skrill y PayPal, no conllevan comisiones por parte del br\u00f3ker. Dicho esto, algunos m\u00e9todos de dep\u00f3sito podr\u00e1n conllevar comisiones cobradas por los proveedores de pagos.<\/p>\n<p>Los retiros superiores a 100 \u20ac tambi\u00e9n son gratuitos. Sin embargo, los traders deben tener en cuenta que las retiradas por debajo de este umbral conllevan una comisi\u00f3n de 10 \u20ac. Las transferencias de fondos entre cuentas en dos divisas diferentes estar\u00e1n sujetas a una comisi\u00f3n de conversi\u00f3n de divisa del 0,5 %, entre semana, y del 0,8 %, los fines de semana.<\/p>\n<div class=\"table-responsive\">\n<table class=\"table\">\n<thead>\n<tr>\n<th colspan=\"2\">Costes no relacionados con el trading en XTB<\/th>\n<\/tr>\n<\/thead>\n<tbody>\n<tr>\n<td>Comisiones de dep\u00f3sito<\/td>\n<td>Gratis<\/td>\n<\/tr>\n<tr>\n<td>Comisiones de retiro<\/td>\n<td>Gratis, a partir de 100 \u20ac o 50 $, seg\u00fan la entidad de XTB<\/td>\n<\/tr>\n<tr>\n<td>Comisi\u00f3n de apertura de cuenta<\/td>\n<td>Gratis<\/td>\n<\/tr>\n<tr>\n<td>Comisi\u00f3n por inactividad<\/td>\n<td>XTB no cobra comisiones de mantenimiento de cuenta. Se aplica una comisi\u00f3n por inactividad de 10 \u20ac cuando los traders no hayan realizado transacciones de compra o venta en los \u00faltimos 365 d\u00edas o no hayan depositado en los \u00faltimos 90 d\u00edas.<\/td>\n<\/tr>\n<tr>\n<td>Comisi\u00f3n por conversi\u00f3n de divisa<\/td>\n<td>0,5 % entre semana, 0,8 % los fines de semana y festivos<\/td>\n<\/tr>\n<\/tbody>\n<\/table>\n<\/div>\n<h2 id=\"conclusion\"><i class=\"ico ico--pen\"><\/i>Conclusiones sobre las comisiones de XTB<\/h2>\n<p>En funci\u00f3n del tipo de cuenta elegido \u2014Standard, Pro o Isl\u00e1mica\u2014, XTB ofrece distintos modelos de precios. La cuenta Standard presenta spreads ajustados, mientras que los titulares de la cuenta Pro podr\u00e1n beneficiarse de competitivas comisiones y menores costes totales, gracias a sus mayores vol\u00famenes de trading. Las cuentas isl\u00e1micas est\u00e1n disponibles para traders de determinados pa\u00edses, con el beneficio a\u00f1adido de recibir devoluciones de efectivo que se acreditar\u00e1n directamente en sus saldos. Por todo ello, XTB se perfila como una opci\u00f3n atractiva para traders de todos los perfiles y niveles de experiencia.<\/p>\n","protected":false},"excerpt":{"rendered":"<p>Antes de abrir una cuenta de trading real con XTB, los traders podr\u00e1n encontrar en esta gu\u00eda la informaci\u00f3n que necesitan para decidir con propiedad. Ofrecemos una vista detallada de los spreads, comisiones y tarifas de XTB, para que conozcan los costes que supondr\u00e1 operar en la plataforma. Tambi\u00e9n proporcionamos ejemplos de c\u00f3mo calcular los [&hellip;]<\/p>\n","protected":false},"author":2,"featured_media":0,"parent":10654,"menu_order":0,"comment_status":"closed","ping_status":"closed","template":"templates\/review.php","meta":{"footnotes":""},"class_list":["post-59723","page","type-page","status-publish","hentry"],"aioseo_notices":[],"_links":{"self":[{"href":"https:\/\/www.bestbrokers.com\/es\/wp-json\/wp\/v2\/pages\/59723","targetHints":{"allow":["GET"]}}],"collection":[{"href":"https:\/\/www.bestbrokers.com\/es\/wp-json\/wp\/v2\/pages"}],"about":[{"href":"https:\/\/www.bestbrokers.com\/es\/wp-json\/wp\/v2\/types\/page"}],"author":[{"embeddable":true,"href":"https:\/\/www.bestbrokers.com\/es\/wp-json\/wp\/v2\/users\/2"}],"replies":[{"embeddable":true,"href":"https:\/\/www.bestbrokers.com\/es\/wp-json\/wp\/v2\/comments?post=59723"}],"version-history":[{"count":10,"href":"https:\/\/www.bestbrokers.com\/es\/wp-json\/wp\/v2\/pages\/59723\/revisions"}],"predecessor-version":[{"id":71650,"href":"https:\/\/www.bestbrokers.com\/es\/wp-json\/wp\/v2\/pages\/59723\/revisions\/71650"}],"up":[{"embeddable":true,"href":"https:\/\/www.bestbrokers.com\/es\/wp-json\/wp\/v2\/pages\/10654"}],"wp:attachment":[{"href":"https:\/\/www.bestbrokers.com\/es\/wp-json\/wp\/v2\/media?parent=59723"}],"curies":[{"name":"wp","href":"https:\/\/api.w.org\/{rel}","templated":true}]}}