{"id":59724,"date":"2025-03-19T09:40:57","date_gmt":"2025-03-19T09:40:57","guid":{"rendered":"https:\/\/www.bestbrokers.com\/?page_id=59724"},"modified":"2025-10-21T14:23:50","modified_gmt":"2025-10-21T14:23:50","slug":"spreads-fees-and-commissions","status":"publish","type":"page","link":"https:\/\/www.bestbrokers.com\/es\/reviews\/fxpro\/spreads-fees-and-commissions\/","title":{"rendered":"Spreads, tarifas y comisiones de FxPro"},"content":{"rendered":"<div class=\"author-line\">Escrito por <span class=\"author\">Naylyan Nazifova<div class=\"author-sub-box\"><div class=\"author-avatar\"><img decoding=\"async\" src=\"https:\/\/www.bestbrokers.com\/wp-content\/uploads\/2026\/04\/nnazifova.webp\" \/><\/div><div class=\"author-info-wrapper\"><div class=\"author-name\"><a href=\"https:\/\/www.bestbrokers.com\/es\/authors\/naylyan-nazifova\/\">Naylyan Nazifova<\/a><\/div><div class=\"author-bio\">Naylyan Nazifova es una reconocida experta en el campo del trading online. Cuenta con numerosas publicaciones y an\u00e1lisis sobre el trading de divisas, la inversi\u00f3n en bolsa y las finanzas personales. <\/div><\/div><\/div><\/span>,  <a rel=\"nofollow\" target=\"_blank\" href=\"https:\/\/www.linkedin.com\/in\/naylian-nazifova-58562a272\/\"><img decoding=\"async\" class=\"social-icon\" src=\"https:\/\/www.bestbrokers.com\/wp-content\/themes\/best-brokers\/assets\/images\/icon-linkedin.svg\" data-no-lazy=\"1\"><\/a> <span class=\"sep\">|<\/span> Traducido por <span class=\"author\">Estrella Fernandez<div class=\"author-sub-box\"><div class=\"author-avatar\"><img decoding=\"async\" src=\"https:\/\/www.bestbrokers.com\/wp-content\/uploads\/2024\/10\/Estrella-Fernandez.jpeg\" \/><\/div><div class=\"author-info-wrapper\"><div class=\"author-name\"><a href=\"https:\/\/www.bestbrokers.com\/es\/authors\/estrella-fernandez\/\">Estrella Fernandez<\/a><\/div><div class=\"author-bio\">Estrella Fernandez edita y revista contenidos financieros para blogs y websites y hace traducciones de franc\u00e9s e ingl\u00e9s a espa\u00f1ol.<\/div><\/div><\/div><\/span>, <a rel=\"nofollow\" target=\"_blank\" href=\"https:\/\/www.linkedin.com\/in\/estrella-fern%C3%A1ndez-gordillo-a54ab483\/?originalSubdomain=es\"><img decoding=\"async\" class=\"social-icon\" src=\"https:\/\/www.bestbrokers.com\/wp-content\/themes\/best-brokers\/assets\/images\/icon-linkedin.svg\" data-no-lazy=\"1\"><\/a> <span class=\"sep\">|<\/span> Actualizado: <time class=\"entry-date\" datetime=\"2025-10-21T14:23:50+00:00\">octubre 21, 2025<\/time><\/div>\n<p>Antes de empezar a operar con FxPro, te recomendamos familiarizarte con su modelo de precios, ya que as\u00ed tendr\u00e1s una idea clara del coste final de operar con este br\u00f3ker. Para ayudarte a determinar qu\u00e9 presupuesto ser\u00e1 adecuado para tu sesi\u00f3n de trading, o qu\u00e9 cuenta ofrece la mejor relaci\u00f3n calidad-precio para tus operaciones, hemos elaborado un an\u00e1lisis detallado de todas las <strong>comisiones de trading y de no trading en FxPro<\/strong>.<\/p>\n<p>Nuestro equipo de expertos ha analizado las comisiones, spreads, tasas de swap y otros recargos que podr\u00e1s encontrar al operar forex, metales y otros instrumentos con este br\u00f3ker. Si quieres obtener m\u00e1s informaci\u00f3n sobre el coste total de operar en FxPro, te recomendamos seguir leyendo.<\/p>\n<h2 id=\"costs\"><i class=\"ico ico--money-supply\"><\/i>Costes de trading en FxPro<\/h2>\n<p>Para ayudarte a determinar los costes de trading de FxPro, primero debemos explicar los <strong>diferentes modelos de precios<\/strong> que aplican los tipos de cuenta que ofrece el br\u00f3ker. Seg\u00fan tus preferencias de trading, podr\u00e1s abrir una cuenta Standard, Raw+ o cTrader. Las cuentas Standard y Raw+ permiten operar en las plataformas MT4 y MT5, mientras que la cuenta cTrader, como su nombre indica, solo permite operar en la plataforma cTrader.<\/p>\n<p>Los tres tipos de cuenta admiten microlotes, con un <strong>tama\u00f1o m\u00ednimo de orden de 0,01 lotes<\/strong>. Aunque en las tres cuentas podr\u00e1s utilizar cobertura como estrategia de gesti\u00f3n de posiciones, la compensaci\u00f3n (netting) solo est\u00e1 disponible en las cuentas Standard y Raw+.<\/p>\n<p>La cuenta Standard no cobrar\u00e1 comisiones por operar forex, metales y otros instrumentos. En su lugar, todo el coste se integrar\u00e1 en el spread, que suele ser m\u00e1s amplio que el de las dem\u00e1s cuentas de FxPro. La <strong>cuenta Raw+ ofrece spreads m\u00e1s ajustados que parten de 0,0 pips en los principales pares de forex<\/strong>, con una peque\u00f1a comisi\u00f3n de 3,50 $ por lado en cada lote est\u00e1ndar. La cuenta cTrader tambi\u00e9n reduce el coste de trading al ofrecer spreads significativamente m\u00e1s ajustados y cobrar la misma comisi\u00f3n de 3,50 $ por lote y por lado.<\/p>\n<div class=\"table-responsive\">\n<table class=\"table table--colorful\">\n<thead>\n<tr>\n<th style=\"background-color: #fff;\" colspan=\"4\">Comisiones de ida y vuelta en FxPro seg\u00fan el tipo de cuenta<\/th>\n<\/tr>\n<tr>\n<th>Tipo de cuenta<\/th>\n<th>Por lote est\u00e1ndar<\/th>\n<th>Por mini lote<\/th>\n<th>Por micro lote<\/th>\n<\/tr>\n<\/thead>\n<tbody>\n<tr>\n<td>MT4\/5 Standard<\/td>\n<td style=\"text-align: center;\">0 USD<\/td>\n<td style=\"text-align: center;\">0 USD<\/td>\n<td style=\"text-align: center;\">0 USD<\/td>\n<\/tr>\n<tr>\n<td>MT5 Raw+<\/td>\n<td style=\"text-align: center;\">7 USD<\/td>\n<td style=\"text-align: center;\">0,7 USD<\/td>\n<td style=\"text-align: center;\">0,07 USD<\/td>\n<\/tr>\n<tr>\n<td>Cuenta cTrader<\/td>\n<td style=\"text-align: center;\">7 USD<\/td>\n<td style=\"text-align: center;\">0,7 USD<\/td>\n<td style=\"text-align: center;\">0,07 USD<\/td>\n<\/tr>\n<\/tbody>\n<\/table>\n<\/div>\n<p>Si no tienes claro si te conviene operar sin comisi\u00f3n o elegir spreads m\u00e1s ajustados, te mostramos un ejemplo muy sencillo que te permitir\u00e1 ver el coste total de trading en ambos casos. Analicemos una operaci\u00f3n de un lote est\u00e1ndar en EUR\/USD, donde un movimiento de un pip equivale a 10 $. Para este ejemplo, consideraremos que los precios de apertura y cierre son iguales. En el momento de redactar esta rese\u00f1a, el diferencial del par EUR\/USD es de <strong>1,45 pips<\/strong> en la cuenta Standard, y de <strong>0,45 pips<\/strong> en la cuenta cTrader. Teniendo en cuenta estos par\u00e1metros, la operaci\u00f3n ser\u00eda la siguiente:<\/p>\n<hr style=\"height: 2px; border-width: 0; color: #dee2e6; background-color: #dee2e6; clear: both;\" \/>\n<p><strong>Cuenta Standard:<\/strong><br \/>\nSpread: 1,45<br \/>\nComisi\u00f3n por lado: 0 $<br \/>\nCoste total: 1,45 x 10 $ = 14,5 $ por lado o 29 $ por operaci\u00f3n ida y vuelta<\/p>\n<hr style=\"height: 2px; border-width: 0; color: #dee2e6; background-color: #dee2e6; clear: both;\" \/>\n<p><strong>Cuenta cTrader:<\/strong><\/p>\n<p>Spread: 0,45<br \/>\nCoste por spread: 0,45 x 10 $ = 4,50 $<br \/>\nComisi\u00f3n por lado: 3,50 $<br \/>\nCoste total: (4,50 x 2) + (3,50 x 2) = 9 + 7 = 16 $ por operaci\u00f3n ida y vuelta<\/p>\n<hr style=\"height: 2px; border-width: 0; color: #dee2e6; background-color: #dee2e6; clear: both;\" \/>\n<p>Como puedes comprobar, el coste final de trading con un spread m\u00e1s ajustado en la cuenta cTrader se reduce significativamente en comparaci\u00f3n con operar el par EUR\/USD con la cuenta Standard.<\/p>\n<p>A continuaci\u00f3n, incluimos el coste total de trading en los pares de forex m\u00e1s populares con la cuenta MT4\/MT5 Standard y la cuenta cTrader. Ten presente que los spreads son flotantes, por lo que los valores que aparecen a continuaci\u00f3n podr\u00edan no coincidir exactamente con el spread que veas al operar con cualquiera de las cuentas de FxPro descritas m\u00e1s abajo.<\/p>\n<div class=\"table-responsive\">\n<table class=\"table table--colorful\">\n<thead>\n<tr>\n<th style=\"background-color: #fff;\" colspan=\"5\">Coste medio del spread con cuentas MT4\/5 Standard<\/th>\n<\/tr>\n<tr>\n<th>Par de divisas<\/th>\n<th>Spread (en pips)<\/th>\n<th>Comisi\u00f3n por lado<\/th>\n<th>Coste por micro lote<\/th>\n<th>Coste por lote est\u00e1ndar<\/th>\n<\/tr>\n<\/thead>\n<tbody>\n<tr>\n<td>EUR\/USD<\/td>\n<td style=\"text-align: center;\">1,45<\/td>\n<td style=\"text-align: center;\">0 USD<\/td>\n<td style=\"text-align: center;\">0,145 USD<\/td>\n<td style=\"text-align: center;\">14,5 USD<\/td>\n<\/tr>\n<tr>\n<td>USD\/JPY<\/td>\n<td style=\"text-align: center;\">1,85<\/td>\n<td style=\"text-align: center;\">0 USD<\/td>\n<td style=\"text-align: center;\">0,126 USD<\/td>\n<td style=\"text-align: center;\">12,60 USD<\/td>\n<\/tr>\n<tr>\n<td>EUR\/GBP<\/td>\n<td style=\"text-align: center;\">1,85<\/td>\n<td style=\"text-align: center;\">0 USD<\/td>\n<td style=\"text-align: center;\">0,250 USD<\/td>\n<td style=\"text-align: center;\">25,01 USD<\/td>\n<\/tr>\n<tr>\n<td>GBP\/USD<\/td>\n<td style=\"text-align: center;\">1,99<\/td>\n<td style=\"text-align: center;\">0 USD<\/td>\n<td style=\"text-align: center;\">0,199 USD<\/td>\n<td style=\"text-align: center;\">19,90 USD<\/td>\n<\/tr>\n<tr>\n<td>AUD\/USD<\/td>\n<td style=\"text-align: center;\">2,09<\/td>\n<td style=\"text-align: center;\">0 USD<\/td>\n<td style=\"text-align: center;\">0,209 USD<\/td>\n<td style=\"text-align: center;\">20,90 USD<\/td>\n<\/tr>\n<tr>\n<td>USD\/CAD<\/td>\n<td style=\"text-align: center;\">1,81<\/td>\n<td style=\"text-align: center;\">0 USD<\/td>\n<td style=\"text-align: center;\">0,132 USD<\/td>\n<td style=\"text-align: center;\">13,15 USD<\/td>\n<\/tr>\n<tr>\n<td>USD\/CHF<\/td>\n<td style=\"text-align: center;\">2,14<\/td>\n<td style=\"text-align: center;\">0 USD<\/td>\n<td style=\"text-align: center;\">0,336 USD<\/td>\n<td style=\"text-align: center;\">33,68 USD<\/td>\n<\/tr>\n<tr>\n<td>USD\/CNH<\/td>\n<td style=\"text-align: center;\">12,75<\/td>\n<td style=\"text-align: center;\">0 USD<\/td>\n<td style=\"text-align: center;\">0,179 USD<\/td>\n<td style=\"text-align: center;\">17,91 USD<\/td>\n<\/tr>\n<tr>\n<td>NZD\/USD<\/td>\n<td style=\"text-align: center;\">2,92<\/td>\n<td style=\"text-align: center;\">0 USD<\/td>\n<td style=\"text-align: center;\">0,292 USD<\/td>\n<td style=\"text-align: center;\">29,20 USD<\/td>\n<\/tr>\n<\/tbody>\n<\/table>\n<\/div>\n<p style=\"text-align: center; font-size: 13px;\"><em>*Todos los costes de negociaci\u00f3n de los pares se calculan en USD<\/em><\/p>\n<div class=\"table-responsive\">\n<table class=\"table table--colorful\">\n<thead>\n<tr>\n<th style=\"background-color: #fff;\" colspan=\"5\">Coste medio del spread con cuentas cTrader<\/th>\n<\/tr>\n<tr>\n<th>Par de divisas<\/th>\n<th>Spread (en pips)<\/th>\n<th>Comisi\u00f3n por lado<\/th>\n<th>Coste por micro lote<\/th>\n<th>Coste por lote est\u00e1ndar<\/th>\n<\/tr>\n<\/thead>\n<tbody>\n<tr>\n<td>EUR\/USD<\/td>\n<td style=\"text-align: center;\">0,45<\/td>\n<td style=\"text-align: center;\">3,50\/0,035 USD<\/td>\n<td style=\"text-align: center;\">0,08 USD<\/td>\n<td style=\"text-align: center;\">8 USD<\/td>\n<\/tr>\n<tr>\n<td>USD\/JPY<\/td>\n<td style=\"text-align: center;\">0,60<\/td>\n<td style=\"text-align: center;\">3,50\/0,035 USD<\/td>\n<td style=\"text-align: center;\">0,076 USD<\/td>\n<td style=\"text-align: center;\">7,58 USD<\/td>\n<\/tr>\n<tr>\n<td>EUR\/GBP<\/td>\n<td style=\"text-align: center;\">1,03<\/td>\n<td style=\"text-align: center;\">3,50\/0,035 USD<\/td>\n<td style=\"text-align: center;\">0,174 USD<\/td>\n<td style=\"text-align: center;\">17,42 USD<\/td>\n<\/tr>\n<tr>\n<td>GBP\/USD<\/td>\n<td style=\"text-align: center;\">0,95<\/td>\n<td style=\"text-align: center;\">3,50\/0,035 USD<\/td>\n<td style=\"text-align: center;\">0,130 USD<\/td>\n<td style=\"text-align: center;\">13 USD<\/td>\n<\/tr>\n<tr>\n<td>AUD\/USD<\/td>\n<td style=\"text-align: center;\">0,60<\/td>\n<td style=\"text-align: center;\">3,50\/0,035 USD<\/td>\n<td style=\"text-align: center;\">0,095 USD<\/td>\n<td style=\"text-align: center;\">9,50 USD<\/td>\n<\/tr>\n<tr>\n<td>USD\/CAD<\/td>\n<td style=\"text-align: center;\">0,54<\/td>\n<td style=\"text-align: center;\">3,50\/0,035 USD<\/td>\n<td style=\"text-align: center;\">0,074 USD<\/td>\n<td style=\"text-align: center;\">7,42 USD<\/td>\n<\/tr>\n<tr>\n<td>USD\/CHF<\/td>\n<td style=\"text-align: center;\">1,60<\/td>\n<td style=\"text-align: center;\">3,50\/0,035 USD<\/td>\n<td style=\"text-align: center;\">0,235 USD<\/td>\n<td style=\"text-align: center;\">23,46 USD<\/td>\n<\/tr>\n<tr>\n<td>USD\/CNH<\/td>\n<td style=\"text-align: center;\">8,70<\/td>\n<td style=\"text-align: center;\">3,50\/0,035 USD<\/td>\n<td style=\"text-align: center;\">0,157 USD<\/td>\n<td style=\"text-align: center;\">15,72 USD<\/td>\n<\/tr>\n<tr>\n<td>NZD\/USD<\/td>\n<td style=\"text-align: center;\">1,14<\/td>\n<td style=\"text-align: center;\">3,50\/0,035 USD<\/td>\n<td style=\"text-align: center;\">0,149 USD<\/td>\n<td style=\"text-align: center;\">14,90 USD<\/td>\n<\/tr>\n<\/tbody>\n<\/table>\n<\/div>\n<p style=\"text-align: center; font-size: 13px;\"><em>*Todos los costes de negociaci\u00f3n de los pares se calculan en USD<\/em><\/p>\n<h2 id=\"overnight\"><i class=\"ico ico--clock\"><\/i>Costes de financiaci\u00f3n overnight en FxPro<\/h2>\n<p>Aunque los day traders pueden realizar operaciones intrad\u00eda con cualquiera de las cuentas de FxPro, tambi\u00e9n existe la opci\u00f3n de mantener las posiciones abiertas durante la noche. Dichas operaciones generan intereses, que el trader paga (swaps negativos), o recibe (swaps positivos), seg\u00fan la evoluci\u00f3n del mercado durante la noche. Estas <strong>tasas de inter\u00e9s se conocen como swaps<\/strong>, y FxPro los calcula a\u00f1adiendo una comisi\u00f3n de roll-over para las posiciones nocturnas a los tipos de inter\u00e9s de la divisa del par negociado.<\/p>\n<blockquote><p>Para los pares de forex, la f\u00f3rmula para calcular los swaps es: valor del pip x valor del swap (expresado en puntos) \/ 10<\/p>\n<p>Para los instrumentos que no son de forex, la f\u00f3rmula es: tama\u00f1o del lote x valor del swap x n\u00famero de noches que la posici\u00f3n se mantuvo abierta<\/p><\/blockquote>\n<p>Los swaps se cargan una vez cada d\u00eda laborable, pero como no pueden aplicarse durante el fin de semana porque los mercados est\u00e1n cerrados s\u00e1bado y domingo, <strong>los mi\u00e9rcoles se cobra un swap triple para forex y metales<\/strong>. En el resto de instrumentos, el cargo triple se aplica los viernes.<\/p>\n<p>Aunque las tasas de swap se actualizan con regularidad debido a su <strong>naturaleza din\u00e1mica<\/strong>, incluimos una tabla con los swaps de los pares de forex m\u00e1s populares vigentes en el momento de redactar este art\u00edculo. Cabe se\u00f1alar que el br\u00f3ker ofrece una calculadora de swaps que te permitir\u00e1 consultar el posible cargo por swap en cualquier instrumento que devengue intereses al mantenerse abierto durante la noche.<\/p>\n<div class=\"table-responsive\">\n<table class=\"table table--colorful\">\n<thead>\n<tr>\n<th style=\"background-color: #fff;\" colspan=\"5\">Tasas de swap en pares de forex populares (lote est\u00e1ndar)<\/th>\n<\/tr>\n<tr>\n<th>S\u00edmbolo<\/th>\n<th>Divisa base<\/th>\n<th>Volumen en lotes<\/th>\n<th>Swap largo del par en USD<\/th>\n<th>Swap corto del par en USD<\/th>\n<\/tr>\n<\/thead>\n<tbody>\n<tr>\n<td>EUR\/USD<\/td>\n<td style=\"text-align: center;\">USD<\/td>\n<td style=\"text-align: center;\">1<\/td>\n<td style=\"text-align: center;\">-8,01<\/td>\n<td style=\"text-align: center;\">1,9<\/td>\n<\/tr>\n<tr>\n<td>USD\/JPY<\/td>\n<td style=\"text-align: center;\">USD<\/td>\n<td style=\"text-align: center;\">1<\/td>\n<td style=\"text-align: center;\">4,5<\/td>\n<td style=\"text-align: center;\">-18,25<\/td>\n<\/tr>\n<tr>\n<td>EUR\/GBP<\/td>\n<td style=\"text-align: center;\">USD<\/td>\n<td style=\"text-align: center;\">1<\/td>\n<td style=\"text-align: center;\">-10,27<\/td>\n<td style=\"text-align: center;\">1,67<\/td>\n<\/tr>\n<tr>\n<td>GBP\/USD<\/td>\n<td style=\"text-align: center;\">USD<\/td>\n<td style=\"text-align: center;\">1<\/td>\n<td style=\"text-align: center;\">-3,3<\/td>\n<td style=\"text-align: center;\">-4,1<\/td>\n<\/tr>\n<tr>\n<td>AUD\/USD<\/td>\n<td style=\"text-align: center;\">USD<\/td>\n<td style=\"text-align: center;\">1<\/td>\n<td style=\"text-align: center;\">-3,6<\/td>\n<td style=\"text-align: center;\">-1,1<\/td>\n<\/tr>\n<tr>\n<td>USD\/CAD<\/td>\n<td style=\"text-align: center;\">USD<\/td>\n<td style=\"text-align: center;\">1<\/td>\n<td style=\"text-align: center;\">0,31<\/td>\n<td style=\"text-align: center;\">-5,97<\/td>\n<\/tr>\n<tr>\n<td>USD\/CHF<\/td>\n<td style=\"text-align: center;\">USD<\/td>\n<td style=\"text-align: center;\">1<\/td>\n<td style=\"text-align: center;\">6,13<\/td>\n<td style=\"text-align: center;\">-16,91<\/td>\n<\/tr>\n<tr>\n<td>USD\/CNH<\/td>\n<td style=\"text-align: center;\">USD<\/td>\n<td style=\"text-align: center;\">1<\/td>\n<td style=\"text-align: center;\">-6,01<\/td>\n<td style=\"text-align: center;\">-12,15<\/td>\n<\/tr>\n<tr>\n<td>NZD\/USD<\/td>\n<td style=\"text-align: center;\">USD<\/td>\n<td style=\"text-align: center;\">1<\/td>\n<td style=\"text-align: center;\">-2,5<\/td>\n<td style=\"text-align: center;\">-2,1<\/td>\n<\/tr>\n<\/tbody>\n<\/table>\n<\/div>\n<h2 id=\"swap\"><i class=\"ico ico--islamic-account\"><\/i>Costes de trading sin swaps en FxPro<\/h2>\n<p>Como algunos traders no pueden pagar ni recibir intereses por motivos religiosos, FxPro permite a los clientes de determinados pa\u00edses musulmanes abrir cuentas sin swap. Este tipo de trading permite operar indefinidamente, \u00edndices, futuros y acciones, <strong>sin pagar ni recibir intereses<\/strong>. Otros instrumentos disponen de un periodo de gracia para operar sin swap, tras el cual el br\u00f3ker cobrar\u00e1 una comisi\u00f3n.<\/p>\n<p>El periodo de gracia var\u00eda seg\u00fan el instrumento; los pares principales de forex ofrecen el mayor n\u00famero de noches sin swap antes de que se aplique la comisi\u00f3n. A continuaci\u00f3n, mostramos una <strong>tabla detallada con el periodo de gracia<\/strong> de la mayor\u00eda de los instrumentos negociables, junto con la comisi\u00f3n que se aplica una vez finalizado dicho periodo.<\/p>\n<div class=\"table-responsive\">\n<table class=\"table table--colorful\">\n<thead>\n<tr>\n<th style=\"background-color: #fff;\" colspan=\"4\">Periodo de gracia y comisiones por renovaci\u00f3n en cuentas sin swap de FxPro<\/th>\n<\/tr>\n<tr>\n<th>Instrumento<\/th>\n<th>Periodo de gracia (n.\u00ba de noches)<\/th>\n<th>Comisi\u00f3n de renovaci\u00f3n en cuenta cTrader sin swap<\/th>\n<th>Comisi\u00f3n de renovaci\u00f3n en cuentas MT4 y FxPro Edge sin swap<\/th>\n<\/tr>\n<\/thead>\n<tbody>\n<tr>\n<td>EUR\/USD<\/td>\n<td style=\"text-align: center;\">8<\/td>\n<td style=\"text-align: center;\">7,50 USD<\/td>\n<td style=\"text-align: center;\">Calculada seg\u00fan las tasas de swap<\/td>\n<\/tr>\n<tr>\n<td>USD\/JPY<\/td>\n<td style=\"text-align: center;\">8<\/td>\n<td style=\"text-align: center;\">7,50 USD<\/td>\n<td style=\"text-align: center;\">Calculada seg\u00fan las tasas de swap<\/td>\n<\/tr>\n<tr>\n<td>EUR\/GBP<\/td>\n<td style=\"text-align: center;\">8<\/td>\n<td style=\"text-align: center;\">7,50 USD<\/td>\n<td style=\"text-align: center;\">Calculada seg\u00fan las tasas de swap<\/td>\n<\/tr>\n<tr>\n<td>GBP\/USD<\/td>\n<td style=\"text-align: center;\">8<\/td>\n<td style=\"text-align: center;\">7,50 USD<\/td>\n<td style=\"text-align: center;\">Calculada seg\u00fan las tasas de swap<\/td>\n<\/tr>\n<tr>\n<td>AUD\/USD<\/td>\n<td style=\"text-align: center;\">3<\/td>\n<td style=\"text-align: center;\">7,50 USD<\/td>\n<td style=\"text-align: center;\">Calculada seg\u00fan las tasas de swap<\/td>\n<\/tr>\n<tr>\n<td>USD\/CAD<\/td>\n<td style=\"text-align: center;\">8<\/td>\n<td style=\"text-align: center;\">7,50 USD<\/td>\n<td style=\"text-align: center;\">Calculada seg\u00fan las tasas de swap<\/td>\n<\/tr>\n<tr>\n<td>USD\/CHF<\/td>\n<td style=\"text-align: center;\">8<\/td>\n<td style=\"text-align: center;\">7,50 USD<\/td>\n<td style=\"text-align: center;\">Calculada seg\u00fan las tasas de swap<\/td>\n<\/tr>\n<tr>\n<td>USD\/CNH<\/td>\n<td style=\"text-align: center;\">3<\/td>\n<td style=\"text-align: center;\">7,50 USD<\/td>\n<td style=\"text-align: center;\">Calculada seg\u00fan las tasas de swap<\/td>\n<\/tr>\n<tr>\n<td>NZD\/USD<\/td>\n<td style=\"text-align: center;\">3<\/td>\n<td style=\"text-align: center;\">7,50 USD<\/td>\n<td style=\"text-align: center;\">Calculada seg\u00fan las tasas de swap<\/td>\n<\/tr>\n<tr>\n<td>Metales spot<\/td>\n<td style=\"text-align: center;\">4<\/td>\n<td style=\"text-align: center;\">7,50 USD<\/td>\n<td style=\"text-align: center;\">Calculada seg\u00fan las tasas de swap<\/td>\n<\/tr>\n<tr>\n<td>Metales spot (paladio, platino)<\/td>\n<td style=\"text-align: center;\">3<\/td>\n<td style=\"text-align: center;\">7,50 USD<\/td>\n<td style=\"text-align: center;\">Calculada seg\u00fan las tasas de swap<\/td>\n<\/tr>\n<tr>\n<td>Energ\u00eda spot<\/td>\n<td style=\"text-align: center;\">1<\/td>\n<td style=\"text-align: center;\">25 USD<\/td>\n<td style=\"text-align: center;\">Calculada seg\u00fan las tasas de swap<\/td>\n<\/tr>\n<tr>\n<td>Criptomonedas<\/td>\n<td style=\"text-align: center;\">3<\/td>\n<td style=\"text-align: center;\">&#8211;<\/td>\n<td style=\"text-align: center;\">Calculada seg\u00fan las tasas de swap<\/td>\n<\/tr>\n<\/tbody>\n<\/table>\n<\/div>\n<h2 id=\"other\"><i class=\"ico ico--administration-fees\"><\/i>Costes no relacionados con el trading en FxPro<\/h2>\n<p>Adem\u00e1s de las comisiones de trading, los clientes de FxPro podr\u00edan tener que afrontar algunos recargos no relacionados con la operativa. Dicho esto, apenas hemos encontrado otros costes que los traders deban abonar fuera de los <strong>spreads y comisiones vinculados a las cuentas de FxPro<\/strong>. Para empezar, abrir una cuenta con el br\u00f3ker es totalmente gratuito y, aun cuando no haya actividad durante m\u00e1s de tres meses, <strong>no se aplicar\u00e1 ninguna comisi\u00f3n por inactividad<\/strong>. En su lugar, el br\u00f3ker desactivar\u00e1 tu cuenta FxPro, que podr\u00e1s reactivar poni\u00e9ndote en contacto con el servicio de asistencia.<\/p>\n<p>Puedes depositar fondos en tu cuenta FxPro mediante varios m\u00e9todos de pago. Sea cual sea la opci\u00f3n que elijas, el br\u00f3ker no impone comisiones. En l\u00edneas generales, los retiros en FxPro tambi\u00e9n son gratuitos. Sin embargo, si no ha habido actividad de trading y el usuario solicita un retiro a trav\u00e9s de Skrill o Neteller, se <strong>deducir\u00e1 una comisi\u00f3n del 2,6 % o del 2 %<\/strong> de su saldo.<\/p>\n<p>Para quienes deseen llevar su operativa al siguiente nivel, e incluso mantener sus EAs activos sin abrir ninguna de las plataformas del br\u00f3ker, hay disponible un servicio VPS (servidor privado virtual). Este servicio, proporcionado por BeeksFX, requiere una <strong>suscripci\u00f3n de pago de 30 $ al mes<\/strong>. No obstante, los titulares de cuentas Premium podr\u00e1n utilizar el VPS de FxPro de forma gratuita.<\/p>\n<div class=\"table-responsive\">\n<table class=\"table\">\n<thead>\n<tr>\n<th colspan=\"2\">Costes no relacionados con el trading en FxPro<\/th>\n<\/tr>\n<\/thead>\n<tbody>\n<tr>\n<td>Comisiones por dep\u00f3sito<\/td>\n<td>Gratis<\/td>\n<\/tr>\n<tr>\n<td>Comisiones por retirada<\/td>\n<td>\n<ul>\n<li>Neteller: 2,6 % si el usuario no ha operado<\/li>\n<li>Skrill: 2 % si el usuario no ha operado<\/li>\n<li>PayPal: 2,7 % si el usuario no ha operado<\/li>\n<\/ul>\n<\/td>\n<\/tr>\n<tr>\n<td>Comisi\u00f3n de apertura de cuenta<\/td>\n<td>Gratis<\/td>\n<\/tr>\n<tr>\n<td>Comisi\u00f3n por inactividad<\/td>\n<td>Ninguna<\/td>\n<\/tr>\n<tr>\n<td>Suscripci\u00f3n a VPS<\/td>\n<td>\n<ul class=\"list-checks\">\n<li>30 $ al mes para traders minoristas;<\/li>\n<li>gratis para los titulares de cuentas Premium<\/li>\n<\/ul>\n<\/td>\n<\/tr>\n<\/tbody>\n<\/table>\n<\/div>\n<h2 id=\"conclusion\"><i class=\"ico ico--pen\"><\/i>Conclusiones sobre las comisiones de FxPro<\/h2>\n<p>Si deseas operar con FxPro, tendr\u00e1s la posibilidad de elegir entre tres tipos de cuenta, cada uno de los cuales ofrece condiciones de trading bastante econ\u00f3micas. Tanto si prefieres eliminar el factor comisi\u00f3n como si los spreads m\u00e1s ajustados se adaptan mejor <strong>a ti, dispondr\u00e1s de varias opciones de cuenta<\/strong> que encajar\u00e1n perfectamente con tu experiencia.<\/p>\n<p>Los traders no solo podr\u00e1n reducir los costes de trading mediante los distintos tipos de cuenta de FxPro, sino que tambi\u00e9n podr\u00e1n gestionar sus fondos con <strong>cero comisiones en dep\u00f3sitos y retiros<\/strong>. Tambi\u00e9n est\u00e1 disponible la operativa sin swap, que ofrece un amplio periodo de gracia en m\u00faltiples instrumentos y unas comisiones de renovaci\u00f3n muy razonables una vez expirado dicho periodo. Todo ello demuestra que FxPro es un br\u00f3ker que ofrece trading de bajo coste a muy diferentes tipos de traders.<\/p>\n","protected":false},"excerpt":{"rendered":"<p>Antes de empezar a operar con FxPro, te recomendamos familiarizarte con su modelo de precios, ya que as\u00ed tendr\u00e1s una idea clara del coste final de operar con este br\u00f3ker. Para ayudarte a determinar qu\u00e9 presupuesto ser\u00e1 adecuado para tu sesi\u00f3n de trading, o qu\u00e9 cuenta ofrece la mejor relaci\u00f3n calidad-precio para tus operaciones, hemos [&hellip;]<\/p>\n","protected":false},"author":2,"featured_media":0,"parent":10838,"menu_order":0,"comment_status":"closed","ping_status":"closed","template":"templates\/review.php","meta":{"footnotes":""},"class_list":["post-59724","page","type-page","status-publish","hentry"],"aioseo_notices":[],"_links":{"self":[{"href":"https:\/\/www.bestbrokers.com\/es\/wp-json\/wp\/v2\/pages\/59724","targetHints":{"allow":["GET"]}}],"collection":[{"href":"https:\/\/www.bestbrokers.com\/es\/wp-json\/wp\/v2\/pages"}],"about":[{"href":"https:\/\/www.bestbrokers.com\/es\/wp-json\/wp\/v2\/types\/page"}],"author":[{"embeddable":true,"href":"https:\/\/www.bestbrokers.com\/es\/wp-json\/wp\/v2\/users\/2"}],"replies":[{"embeddable":true,"href":"https:\/\/www.bestbrokers.com\/es\/wp-json\/wp\/v2\/comments?post=59724"}],"version-history":[{"count":9,"href":"https:\/\/www.bestbrokers.com\/es\/wp-json\/wp\/v2\/pages\/59724\/revisions"}],"predecessor-version":[{"id":71652,"href":"https:\/\/www.bestbrokers.com\/es\/wp-json\/wp\/v2\/pages\/59724\/revisions\/71652"}],"up":[{"embeddable":true,"href":"https:\/\/www.bestbrokers.com\/es\/wp-json\/wp\/v2\/pages\/10838"}],"wp:attachment":[{"href":"https:\/\/www.bestbrokers.com\/es\/wp-json\/wp\/v2\/media?parent=59724"}],"curies":[{"name":"wp","href":"https:\/\/api.w.org\/{rel}","templated":true}]}}