{"id":59725,"date":"2025-03-19T09:40:57","date_gmt":"2025-03-19T09:40:57","guid":{"rendered":"https:\/\/www.bestbrokers.com\/?page_id=59725"},"modified":"2025-10-21T14:23:45","modified_gmt":"2025-10-21T14:23:45","slug":"spreads-fees-and-commissions","status":"publish","type":"page","link":"https:\/\/www.bestbrokers.com\/es\/reviews\/cmc-markets\/spreads-fees-and-commissions\/","title":{"rendered":"Spreads, tarifas y comisiones de CMC Markets"},"content":{"rendered":"<div class=\"author-line\">Escrito por <span class=\"author\">Zornitsa Stefanova<div class=\"author-sub-box\"><div class=\"author-avatar\"><img decoding=\"async\" src=\"https:\/\/www.bestbrokers.com\/wp-content\/uploads\/2024\/09\/zornica-stefanova.jpeg\" \/><\/div><div class=\"author-info-wrapper\"><div class=\"author-name\"><a href=\"https:\/\/www.bestbrokers.com\/es\/authors\/zornitsa-stefanova\/\">Zornitsa Stefanova<\/a><\/div><div class=\"author-bio\">Zornitsa Stefanova es una analista con amplia experiencia en el mercado de divisas y criptomonedas. Tambi\u00e9n es especialista en temas financieros, como el trading de acciones y las inversiones para la jubilaci\u00f3n.<\/div><\/div><\/div><\/span>,  <a rel=\"nofollow\" target=\"_blank\" href=\"https:\/\/www.linkedin.com\/in\/zornica-stefanova-73ab39287\/\"><img decoding=\"async\" class=\"social-icon\" src=\"https:\/\/www.bestbrokers.com\/wp-content\/themes\/best-brokers\/assets\/images\/icon-linkedin.svg\" data-no-lazy=\"1\"><\/a> <span class=\"sep\">|<\/span> Traducido por <span class=\"author\">Estrella Fernandez<div class=\"author-sub-box\"><div class=\"author-avatar\"><img decoding=\"async\" src=\"https:\/\/www.bestbrokers.com\/wp-content\/uploads\/2024\/10\/Estrella-Fernandez.jpeg\" \/><\/div><div class=\"author-info-wrapper\"><div class=\"author-name\"><a href=\"https:\/\/www.bestbrokers.com\/es\/authors\/estrella-fernandez\/\">Estrella Fernandez<\/a><\/div><div class=\"author-bio\">Estrella Fernandez edita y revista contenidos financieros para blogs y websites y hace traducciones de franc\u00e9s e ingl\u00e9s a espa\u00f1ol.<\/div><\/div><\/div><\/span>, <a rel=\"nofollow\" target=\"_blank\" href=\"https:\/\/www.linkedin.com\/in\/estrella-fern%C3%A1ndez-gordillo-a54ab483\/?originalSubdomain=es\"><img decoding=\"async\" class=\"social-icon\" src=\"https:\/\/www.bestbrokers.com\/wp-content\/themes\/best-brokers\/assets\/images\/icon-linkedin.svg\" data-no-lazy=\"1\"><\/a> <span class=\"sep\">|<\/span> Actualizado: <time class=\"entry-date\" datetime=\"2025-10-21T14:23:45+00:00\">octubre 21, 2025<\/time><\/div>\n<p>CMC Markets es un br\u00f3ker, con sede en el Reino Unido, que lleva m\u00e1s de treinta a\u00f1os operando. Fundado en 1989, CMC Markets sigue siendo la opci\u00f3n preferida de muchos traders de todo el mundo, quienes lo valoran por su gama de productos, variedad de plataformas y razonables costes de trading.<\/p>\n<p>Los spreads pueden caer por debajo de 1 pip, y uno de los tipos de cuenta conlleva una comisi\u00f3n de solo 2,50 $ por lote y por lado. Hay disponibles m\u00e1s de 12.000 instrumentos financieros, tanto en la potente plataforma web como en la app del br\u00f3ker, as\u00ed como en plataformas externas tan populares como MT4, MT5 y TradingView. En esta gu\u00eda encontrar\u00e1s m\u00e1s informaci\u00f3n sobre los costes de CMC Markets.<\/p>\n<h2 id=\"costs\"><i class=\"ico ico--money-supply\"><\/i>Costes de trading en CMC Markets<\/h2>\n<p>A la hora de operar divisas, los principales costes que los traders de forex deben tener en cuenta son los spreads y las comisiones. CMC Markets ofrece la posibilidad de abrir una cuenta CFD Standard, en la que todos los costes de negociaci\u00f3n est\u00e1n incluidos en el spread. Otro tipo de cuenta, denominada FX Active, est\u00e1 disponible para quienes buscan spreads m\u00e1s bajos. Las cuentas FX Active se ofrecen en las filiales de CMC Markets reguladas en el Reino Unido, Canad\u00e1 y Bermudas.<\/p>\n<h3><i class=\"ico ico--pro-ecn-account\"><\/i>Costes de trading con la cuenta CFD Standard<\/h3>\n<p>En CMC Markets los clientes disfrutan de spreads relativamente competitivos si se decantan por la cuenta CFD Standard. El par EUR\/USD, por ejemplo, puede ofrecer spreads de hasta 0,5 pips. Con este spread, el coste por lote est\u00e1ndar es de 5 $, mientras que los microlotes cuestan apenas 0,05 $. Para calcular el coste del spread por lote est\u00e1ndar, el trader debe multiplicar el valor del spread por 100.000 cuando opera con una cuenta denominada en USD.<\/p>\n<p>0,00005 \u00d7 100.000 = 5 $.<\/p>\n<p>El proceso es similar en el caso de los microlotes, salvo que solo habr\u00e1 que multiplicar el spread por 1.000. A continuaci\u00f3n, resumimos el coste m\u00ednimo asociado a algunos de los pares m\u00e1s populares de CMC Markets:<\/p>\n<div class=\"table-responsive\">\n<table class=\"table table--colorful\">\n<thead>\n<tr>\n<th style=\"background-color: #fff;\" colspan=\"5\">Coste m\u00ednimo del spread con la cuenta CFD Standard<\/th>\n<\/tr>\n<tr>\n<th>Par de divisas<\/th>\n<th>Spread<\/th>\n<th>Comisi\u00f3n por lote y por lado<\/th>\n<th>Coste por microlote<\/th>\n<th>Coste por lote est\u00e1ndar<\/th>\n<\/tr>\n<\/thead>\n<tbody>\n<tr>\n<td>AUD\/USD<\/td>\n<td style=\"text-align: center;\">0,6<\/td>\n<td style=\"text-align: center;\">0 USD<\/td>\n<td style=\"text-align: center;\">0,06 USD<\/td>\n<td style=\"text-align: center;\">6 USD<\/td>\n<\/tr>\n<tr>\n<td>EUR\/GBP<\/td>\n<td style=\"text-align: center;\">0,7<\/td>\n<td style=\"text-align: center;\">0 USD<\/td>\n<td style=\"text-align: center;\">0,094 USD<\/td>\n<td style=\"text-align: center;\">9,41 USD<\/td>\n<\/tr>\n<tr>\n<td>EUR\/JPY<\/td>\n<td style=\"text-align: center;\">1,2<\/td>\n<td style=\"text-align: center;\">0 USD<\/td>\n<td style=\"text-align: center;\">0,081 USD<\/td>\n<td style=\"text-align: center;\">8,11 USD<\/td>\n<\/tr>\n<tr>\n<td>EUR\/USD<\/td>\n<td style=\"text-align: center;\">0,5<\/td>\n<td style=\"text-align: center;\">0 USD<\/td>\n<td style=\"text-align: center;\">0,05 USD<\/td>\n<td style=\"text-align: center;\">5 USD<\/td>\n<\/tr>\n<tr>\n<td>GBP\/JPY<\/td>\n<td style=\"text-align: center;\">1,7<\/td>\n<td style=\"text-align: center;\">0 USD<\/td>\n<td style=\"text-align: center;\">0,115 USD<\/td>\n<td style=\"text-align: center;\">11,49 USD<\/td>\n<\/tr>\n<tr>\n<td>GBP\/USD<\/td>\n<td style=\"text-align: center;\">0,9<\/td>\n<td style=\"text-align: center;\">0 USD<\/td>\n<td style=\"text-align: center;\">0,09 USD<\/td>\n<td style=\"text-align: center;\">9 USD<\/td>\n<\/tr>\n<tr>\n<td>NZD\/USD<\/td>\n<td style=\"text-align: center;\">1,7<\/td>\n<td style=\"text-align: center;\">0 USD<\/td>\n<td style=\"text-align: center;\">0,17 USD<\/td>\n<td style=\"text-align: center;\">17 USD<\/td>\n<\/tr>\n<tr>\n<td>USD\/CAD<\/td>\n<td style=\"text-align: center;\">1,3<\/td>\n<td style=\"text-align: center;\">0 USD<\/td>\n<td style=\"text-align: center;\">0,094 USD<\/td>\n<td style=\"text-align: center;\">9,39 USD<\/td>\n<\/tr>\n<tr>\n<td>USD\/CNH<\/td>\n<td style=\"text-align: center;\">2<\/td>\n<td style=\"text-align: center;\">0 USD<\/td>\n<td style=\"text-align: center;\">0,028 USD<\/td>\n<td style=\"text-align: center;\">2,79 USD<\/td>\n<\/tr>\n<tr>\n<td>USD\/JPY<\/td>\n<td style=\"text-align: center;\">0,7<\/td>\n<td style=\"text-align: center;\">0 USD<\/td>\n<td style=\"text-align: center;\">0,047 USD<\/td>\n<td style=\"text-align: center;\">4,73 USD<\/td>\n<\/tr>\n<\/tbody>\n<\/table>\n<\/div>\n<h3><i class=\"ico ico--account\"><\/i>Costes de trading con la cuenta FX Active<\/h3>\n<p>Si deseas operar con spreads m\u00e1s bajos, conviene analizar la cuenta FX Active de CMC Markets. Esta modalidad incluye comisiones, lo que significa que el coste total por lote est\u00e1ndar y por lado se determina a\u00f1adiendo el coste del spread a la comisi\u00f3n. Dado que pares como EUR\/USD, GBP\/USD, AUD\/USD, USD\/CAD, USD\/JPY y NZD\/USD pueden alcanzar spreads de 0 pips, el coste m\u00ednimo ser\u00e1 precisamente la comisi\u00f3n:<\/p>\n<div class=\"table-responsive\">\n<table class=\"table table--colorful\">\n<thead>\n<tr>\n<th style=\"background-color: #fff;\" colspan=\"5\">Coste m\u00ednimo del spread con la cuenta FX Active<\/th>\n<\/tr>\n<tr>\n<th>Par de divisas<\/th>\n<th>Spread<\/th>\n<th>Comisi\u00f3n por lote y por lado<\/th>\n<th>Coste por microlote<\/th>\n<th>Coste por lote est\u00e1ndar<\/th>\n<\/tr>\n<\/thead>\n<tbody>\n<tr>\n<td>AUD\/USD<\/td>\n<td style=\"text-align: center;\">0<\/td>\n<td style=\"text-align: center;\">0,025 USD \/ 2,50 USD<\/td>\n<td style=\"text-align: center;\">0,025 USD<\/td>\n<td style=\"text-align: center;\">2,50 USD<\/td>\n<\/tr>\n<tr>\n<td>EUR\/GBP<\/td>\n<td style=\"text-align: center;\">0,5<\/td>\n<td style=\"text-align: center;\">0,025 USD \/ 2,50 USD<\/td>\n<td style=\"text-align: center;\">0,092 USD<\/td>\n<td style=\"text-align: center;\">9,22 USD<\/td>\n<\/tr>\n<tr>\n<td>EUR\/JPY<\/td>\n<td style=\"text-align: center;\">0,9<\/td>\n<td style=\"text-align: center;\">0,025 USD \/ 2,50 USD<\/td>\n<td style=\"text-align: center;\">0,086 USD<\/td>\n<td style=\"text-align: center;\">8,58 USD<\/td>\n<\/tr>\n<tr>\n<td>EUR\/USD<\/td>\n<td style=\"text-align: center;\">0<\/td>\n<td style=\"text-align: center;\">0,025 USD \/ 2,50 USD<\/td>\n<td style=\"text-align: center;\">0,025 USD<\/td>\n<td style=\"text-align: center;\">2,50 USD<\/td>\n<\/tr>\n<tr>\n<td>GBP\/JPY<\/td>\n<td style=\"text-align: center;\">1,35<\/td>\n<td style=\"text-align: center;\">0,025 USD \/ 2,50 USD<\/td>\n<td style=\"text-align: center;\">0,116 USD<\/td>\n<td style=\"text-align: center;\">11,63 USD<\/td>\n<\/tr>\n<tr>\n<td>GBP\/USD<\/td>\n<td style=\"text-align: center;\">0<\/td>\n<td style=\"text-align: center;\">0,025 USD \/ 2,50 USD<\/td>\n<td style=\"text-align: center;\">0,025 USD<\/td>\n<td style=\"text-align: center;\">2,50 USD<\/td>\n<\/tr>\n<tr>\n<td>NZD\/USD<\/td>\n<td style=\"text-align: center;\">0<\/td>\n<td style=\"text-align: center;\">0,025 USD \/ 2,50 USD<\/td>\n<td style=\"text-align: center;\">0,025 USD<\/td>\n<td style=\"text-align: center;\">2,50 USD<\/td>\n<\/tr>\n<tr>\n<td>USD\/CAD<\/td>\n<td style=\"text-align: center;\">0<\/td>\n<td style=\"text-align: center;\">0,025 USD \/ 2,50 USD<\/td>\n<td style=\"text-align: center;\">0,025 USD<\/td>\n<td style=\"text-align: center;\">2,50 USD<\/td>\n<\/tr>\n<tr>\n<td>USD\/CNH<\/td>\n<td style=\"text-align: center;\">1,5<\/td>\n<td style=\"text-align: center;\">0,025 USD \/ 2,50 USD<\/td>\n<td style=\"text-align: center;\">0,046 USD<\/td>\n<td style=\"text-align: center;\">4,59 USD<\/td>\n<\/tr>\n<tr>\n<td>USD\/JPY<\/td>\n<td style=\"text-align: center;\">0<\/td>\n<td style=\"text-align: center;\">0,025 USD \/ 2,50 USD<\/td>\n<td style=\"text-align: center;\">0,025 USD<\/td>\n<td style=\"text-align: center;\">2,50 USD<\/td>\n<\/tr>\n<\/tbody>\n<\/table>\n<\/div>\n<p>Conviene subrayar que el tipo de cuenta FX Active no est\u00e1 disponible en todas las entidades de CMC Markets. Por ejemplo, los clientes de la mayor parte de Europa solo podr\u00e1n elegir entre una cuenta CFD, una cuenta MT4 y una cuenta corporativa, y sus spreads en forex partir\u00e1n de 0,2 pips, con independencia de la opci\u00f3n seleccionada. En algunas jurisdicciones tambi\u00e9n existe la posibilidad de abrir una cuenta de spread betting. Las entidades de CMC Markets que s\u00ed ofrecen cuentas FX Active est\u00e1n supervisadas por las autoridades financieras de jurisdicciones como el Reino Unido, Canad\u00e1 o Bermudas, entre otras. Adem\u00e1s, los traders deben tener en cuenta que la cuenta FX Active est\u00e1 disponible en la plataforma propietaria del br\u00f3ker y en la plataforma MetaTrader 4.<\/p>\n<h2 id=\"overnight\"><i class=\"ico ico--clock\"><\/i>Costes de financiaci\u00f3n overnight en CMC Markets<\/h2>\n<p>Si decides mantener tus posiciones abiertas durante la noche se te podr\u00e1n aplicar las comisiones swap de CMC Markets basadas en la diferencia entre los tipos de inter\u00e9s de las divisas. Si la divisa que se vende tiene un tipo de inter\u00e9s superior al de la divisa que se compra, se te cobrar\u00e1 una comisi\u00f3n. Por el contrario, si la posici\u00f3n te resulta favorable porque el tipo de la divisa comprada supera al de la divisa vendida, la tasa swap ser\u00e1 positiva; es decir, recibir\u00e1s intereses.<\/p>\n<p>Seg\u00fan se indica en la web de CMC Markets, las comisiones swap se aplican cada d\u00eda a las 5:00 h de Nueva York. Los costes que se muestran a continuaci\u00f3n se publicaron el 27 de agosto de 2025:<\/p>\n<div class=\"table-responsive\">\n<table class=\"table table--colorful\">\n<thead>\n<tr>\n<th style=\"background-color: #fff;\" colspan=\"7\">Comisiones swap de CMC Markets (27 de agosto de 2025)<\/th>\n<\/tr>\n<tr>\n<th>Par de divisas<\/th>\n<th>Divisa base<\/th>\n<th>Volumen en lotes<\/th>\n<th>Coste de mantenimiento compra (diario)<\/th>\n<th>Coste de mantenimiento venta (diario)<\/th>\n<th>Coste de mantenimiento compra (anual)<\/th>\n<th>Coste de mantenimiento venta (anual)<\/th>\n<\/tr>\n<\/thead>\n<tbody>\n<tr>\n<td>AUD\/USD<\/td>\n<td style=\"text-align: center;\">USD<\/td>\n<td style=\"text-align: center;\">1<\/td>\n<td style=\"text-align: center;\">-0,00434 %<\/td>\n<td style=\"text-align: center;\">0,00122 %<\/td>\n<td style=\"text-align: center;\">-1,58480 %<\/td>\n<td style=\"text-align: center;\">0,44530 %<\/td>\n<\/tr>\n<tr>\n<td>EUR\/GBP<\/td>\n<td style=\"text-align: center;\">USD<\/td>\n<td style=\"text-align: center;\">1<\/td>\n<td style=\"text-align: center;\">-0,00829 %<\/td>\n<td style=\"text-align: center;\">-0,00251 %<\/td>\n<td style=\"text-align: center;\">-3,02710 %<\/td>\n<td style=\"text-align: center;\">-0,91470 %<\/td>\n<\/tr>\n<tr>\n<td>EUR\/JPY<\/td>\n<td style=\"text-align: center;\">USD<\/td>\n<td style=\"text-align: center;\">1<\/td>\n<td style=\"text-align: center;\">0,00148 %<\/td>\n<td style=\"text-align: center;\">0,00716 %<\/td>\n<td style=\"text-align: center;\">0,53920 %<\/td>\n<td style=\"text-align: center;\">2,61400 %<\/td>\n<\/tr>\n<tr>\n<td>EUR\/USD<\/td>\n<td style=\"text-align: center;\">USD<\/td>\n<td style=\"text-align: center;\">1<\/td>\n<td style=\"text-align: center;\">-0,00942 %<\/td>\n<td style=\"text-align: center;\">-0,00384 %<\/td>\n<td style=\"text-align: center;\">-1,40220 %<\/td>\n<td style=\"text-align: center;\">-3,43940 %<\/td>\n<\/tr>\n<tr>\n<td>GBP\/JPY<\/td>\n<td style=\"text-align: center;\">USD<\/td>\n<td style=\"text-align: center;\">1<\/td>\n<td style=\"text-align: center;\">0,00837 %<\/td>\n<td style=\"text-align: center;\">0,01439 %<\/td>\n<td style=\"text-align: center;\">3,05590 %<\/td>\n<td style=\"text-align: center;\">5,25280 %<\/td>\n<\/tr>\n<tr>\n<td>GBP\/USD<\/td>\n<td style=\"text-align: center;\">USD<\/td>\n<td style=\"text-align: center;\">1<\/td>\n<td style=\"text-align: center;\">-0,00400 %<\/td>\n<td style=\"text-align: center;\">0,00156 %<\/td>\n<td style=\"text-align: center;\">0,56810 %<\/td>\n<td style=\"text-align: center;\">-1,45870 %<\/td>\n<\/tr>\n<tr>\n<td>NZD\/USD<\/td>\n<td style=\"text-align: center;\">USD<\/td>\n<td style=\"text-align: center;\">1<\/td>\n<td style=\"text-align: center;\">-0,00719 %<\/td>\n<td style=\"text-align: center;\">-0,00064 %<\/td>\n<td style=\"text-align: center;\">-2,62390 %<\/td>\n<td style=\"text-align: center;\">-0,23370 %<\/td>\n<\/tr>\n<tr>\n<td>USD\/CAD<\/td>\n<td style=\"text-align: center;\">USD<\/td>\n<td style=\"text-align: center;\">1<\/td>\n<td style=\"text-align: center;\">0,00184 %<\/td>\n<td style=\"text-align: center;\">0,00752 %<\/td>\n<td style=\"text-align: center;\">0,67240 %<\/td>\n<td style=\"text-align: center;\">2,74500 %<\/td>\n<\/tr>\n<tr>\n<td>USD\/CNH<\/td>\n<td style=\"text-align: center;\">USD<\/td>\n<td style=\"text-align: center;\">1<\/td>\n<td style=\"text-align: center;\">0,00578 %<\/td>\n<td style=\"text-align: center;\">0,01158 %<\/td>\n<td style=\"text-align: center;\">2,10820 %<\/td>\n<td style=\"text-align: center;\">4,22580 %<\/td>\n<\/tr>\n<tr>\n<td>USD\/JPY<\/td>\n<td style=\"text-align: center;\">USD<\/td>\n<td style=\"text-align: center;\">1<\/td>\n<td style=\"text-align: center;\">0,00813 %<\/td>\n<td style=\"text-align: center;\">0,01365 %<\/td>\n<td style=\"text-align: center;\">2,96820 %<\/td>\n<td style=\"text-align: center;\">4,98300 %<\/td>\n<\/tr>\n<\/tbody>\n<\/table>\n<\/div>\n<p>Como puedes observar, CMC Markets muestra tanto las tasas swap anuales como las diarias. Las primeras son, esencialmente, datos hist\u00f3ricos, mientras que las segundas var\u00edan con regularidad. Los traders deber\u00edan consultar la tasa diaria en la web de CMC Markets cada vez que piensen dejar una posici\u00f3n abierta durante la noche.<\/p>\n<h2 id=\"swap\"><i class=\"ico ico--islamic-account\"><\/i>Costes de trading sin swaps en CMC Markets<\/h2>\n<p>En el momento de escribir estas l\u00edneas, ninguna de las entidades de CMC Markets ofrece cuentas sin swap. Las tasas swap son, b\u00e1sicamente, obligatorias para las posiciones de forex mantenidas de un d\u00eda para otro. Si esto supone un problema, CMC Markets no ser\u00e1 adecuado para ti.<\/p>\n<h2 id=\"other\"><i class=\"ico ico--administration-fees\"><\/i>Costes no relacionados con el trading en CMC Markets<\/h2>\n<p>Adem\u00e1s de los costes ya tratados, existen otros cargos que deber\u00edan considerarse antes de abrir una cuenta en CMC Markets. En general, el br\u00f3ker no cobra comisiones por abrir una cuenta, realizar un dep\u00f3sito o retirar fondos, aunque esto puede variar seg\u00fan la jurisdicci\u00f3n del trader. En Canad\u00e1, por ejemplo, los dep\u00f3sitos y retiradas mediante transferencia bancaria pueden conllevar una comisi\u00f3n de 15 $.<\/p>\n<p>Si deseas operar con un servidor privado virtual (VPS), debes saber que Beeks es el proveedor elegido por CMC Markets. Normalmente, contratar y utilizar un servidor Beeks implica una tarifa mensual que oscila entre 31 \u00a3 y 97 \u00a3, seg\u00fan el plan. No obstante, podr\u00e1s obtener un VPS gratis si operas con CMC Markets y tu volumen mensual alcanza al menos 15 lotes est\u00e1ndar. Entre las ventajas de un VPS destacan la velocidad de ejecuci\u00f3n, la excelente seguridad, la baja latencia y la posibilidad de operar de forma automatizada.<\/p>\n<p>Por \u00faltimo, si decides que ya no deseas utilizar tu cuenta de trading de CMC Markets, ten en cuenta que el br\u00f3ker podr\u00eda cobrarte una comisi\u00f3n por inactividad. Tu cuenta se considerar\u00e1 inactiva si no ejecutas operaciones durante 12 meses, y la comisi\u00f3n variar\u00e1 seg\u00fan la entidad local de CMC Markets. Por ejemplo, los traders del Reino Unido con una cuenta inactiva deber\u00e1n pagar una cuota mensual de 10 \u00a3. Adem\u00e1s, CMC Markets cobra una comisi\u00f3n mensual de 15 $ en Singapur y Canad\u00e1. En cambio, los entusiastas del forex en Europa que tengan cuenta en la entidad de CMC Markets autorizada por BaFin no est\u00e1n sujetos a comisiones por inactividad.<\/p>\n<div class=\"table-responsive\">\n<table class=\"table\">\n<thead>\n<tr>\n<th colspan=\"2\">Resumen de costes de CMC Markets<\/th>\n<\/tr>\n<\/thead>\n<tbody>\n<tr>\n<td>Comisiones por dep\u00f3sito<\/td>\n<td>Gratis*<\/td>\n<\/tr>\n<tr>\n<td>Comisiones por retirada<\/td>\n<td>Gratis*<\/td>\n<\/tr>\n<tr>\n<td>Comisi\u00f3n de apertura de cuenta<\/td>\n<td>Gratis<\/td>\n<\/tr>\n<tr>\n<td>Comisi\u00f3n por inactividad<\/td>\n<td>15 US$\/10 \u00a3 de cuota mensual** tras 12 meses sin actividad<\/td>\n<\/tr>\n<tr>\n<td>Suscripci\u00f3n al hosting VPS<\/td>\n<td>Tarifa mensual de Beeks: 31 \u00a3 (Bronce), 55 \u00a3 (Plata), 97 \u00a3 (Oro)<\/td>\n<\/tr>\n<\/tbody>\n<\/table>\n<\/div>\n<p style=\"text-align: center; font-size: 13px;\"><em>* Pueden aplicarse comisiones seg\u00fan su jurisdicci\u00f3n y m\u00e9todo de pago<\/em><\/p>\n<p style=\"text-align: center; font-size: 13px;\"><em>** No se cobra en CMC Markets Germany GmbH<\/em><\/p>\n<h2 id=\"conclusion\"><i class=\"ico ico--pen\"><\/i>Conclusiones sobre las comisiones de CMC Markets<\/h2>\n<p>Muchos traders considerar\u00e1n que las comisiones de CMC Markets son relativamente bajas. Esto, unido al hecho de que este reconocido br\u00f3ker cuenta con la aprobaci\u00f3n regulatoria de organismos como la Autoridad Federal de Supervisi\u00f3n Financiera de Alemania (BaFin) y la Autoridad de Conducta Financiera del Reino Unido (FCA), convierte a CMC Markets en una opci\u00f3n atractiva para numerosos entusiastas del forex. Si surge cualquier problema relacionado con los costes o simplemente tienes preguntas sobre tu cuenta, puedes ponerte en contacto con el servicio de asistencia de CMC Markets por correo electr\u00f3nico, tel\u00e9fono o chat en vivo. El equipo de soporte est\u00e1 disponible las 24 horas, cinco d\u00edas a la semana.<\/p>\n","protected":false},"excerpt":{"rendered":"<p>CMC Markets es un br\u00f3ker, con sede en el Reino Unido, que lleva m\u00e1s de treinta a\u00f1os operando. Fundado en 1989, CMC Markets sigue siendo la opci\u00f3n preferida de muchos traders de todo el mundo, quienes lo valoran por su gama de productos, variedad de plataformas y razonables costes de trading. Los spreads pueden caer [&hellip;]<\/p>\n","protected":false},"author":2,"featured_media":0,"parent":10833,"menu_order":0,"comment_status":"closed","ping_status":"closed","template":"templates\/review.php","meta":{"footnotes":""},"class_list":["post-59725","page","type-page","status-publish","hentry"],"aioseo_notices":[],"_links":{"self":[{"href":"https:\/\/www.bestbrokers.com\/es\/wp-json\/wp\/v2\/pages\/59725","targetHints":{"allow":["GET"]}}],"collection":[{"href":"https:\/\/www.bestbrokers.com\/es\/wp-json\/wp\/v2\/pages"}],"about":[{"href":"https:\/\/www.bestbrokers.com\/es\/wp-json\/wp\/v2\/types\/page"}],"author":[{"embeddable":true,"href":"https:\/\/www.bestbrokers.com\/es\/wp-json\/wp\/v2\/users\/2"}],"replies":[{"embeddable":true,"href":"https:\/\/www.bestbrokers.com\/es\/wp-json\/wp\/v2\/comments?post=59725"}],"version-history":[{"count":10,"href":"https:\/\/www.bestbrokers.com\/es\/wp-json\/wp\/v2\/pages\/59725\/revisions"}],"predecessor-version":[{"id":71643,"href":"https:\/\/www.bestbrokers.com\/es\/wp-json\/wp\/v2\/pages\/59725\/revisions\/71643"}],"up":[{"embeddable":true,"href":"https:\/\/www.bestbrokers.com\/es\/wp-json\/wp\/v2\/pages\/10833"}],"wp:attachment":[{"href":"https:\/\/www.bestbrokers.com\/es\/wp-json\/wp\/v2\/media?parent=59725"}],"curies":[{"name":"wp","href":"https:\/\/api.w.org\/{rel}","templated":true}]}}