{"id":59727,"date":"2025-03-19T09:40:58","date_gmt":"2025-03-19T09:40:58","guid":{"rendered":"https:\/\/www.bestbrokers.com\/?page_id=59727"},"modified":"2025-10-21T14:23:47","modified_gmt":"2025-10-21T14:23:47","slug":"account-opening","status":"publish","type":"page","link":"https:\/\/www.bestbrokers.com\/es\/reviews\/fp-markets\/account-opening\/","title":{"rendered":"C\u00f3mo abrir una cuenta en FP Markets"},"content":{"rendered":"<div class=\"author-line\">Escrito por <span class=\"author\">Zornitsa Stefanova<div class=\"author-sub-box\"><div class=\"author-avatar\"><img decoding=\"async\" src=\"https:\/\/www.bestbrokers.com\/wp-content\/uploads\/2024\/09\/zornica-stefanova.jpeg\" \/><\/div><div class=\"author-info-wrapper\"><div class=\"author-name\"><a href=\"https:\/\/www.bestbrokers.com\/es\/authors\/zornitsa-stefanova\/\">Zornitsa Stefanova<\/a><\/div><div class=\"author-bio\">Zornitsa Stefanova es una analista con amplia experiencia en el mercado de divisas y criptomonedas. Tambi\u00e9n es especialista en temas financieros, como el trading de acciones y las inversiones para la jubilaci\u00f3n.<\/div><\/div><\/div><\/span>,  <a rel=\"nofollow\" target=\"_blank\" href=\"https:\/\/www.linkedin.com\/in\/zornica-stefanova-73ab39287\/\"><img decoding=\"async\" class=\"social-icon\" src=\"https:\/\/www.bestbrokers.com\/wp-content\/themes\/best-brokers\/assets\/images\/icon-linkedin.svg\" data-no-lazy=\"1\"><\/a> <span class=\"sep\">|<\/span> Traducido por <span class=\"author\">Estrella Fernandez<div class=\"author-sub-box\"><div class=\"author-avatar\"><img decoding=\"async\" src=\"https:\/\/www.bestbrokers.com\/wp-content\/uploads\/2024\/10\/Estrella-Fernandez.jpeg\" \/><\/div><div class=\"author-info-wrapper\"><div class=\"author-name\"><a href=\"https:\/\/www.bestbrokers.com\/es\/authors\/estrella-fernandez\/\">Estrella Fernandez<\/a><\/div><div class=\"author-bio\">Estrella Fernandez edita y revista contenidos financieros para blogs y websites y hace traducciones de franc\u00e9s e ingl\u00e9s a espa\u00f1ol.<\/div><\/div><\/div><\/span>, <a rel=\"nofollow\" target=\"_blank\" href=\"https:\/\/www.linkedin.com\/in\/estrella-fern%C3%A1ndez-gordillo-a54ab483\/?originalSubdomain=es\"><img decoding=\"async\" class=\"social-icon\" src=\"https:\/\/www.bestbrokers.com\/wp-content\/themes\/best-brokers\/assets\/images\/icon-linkedin.svg\" data-no-lazy=\"1\"><\/a> <span class=\"sep\">|<\/span> Actualizado: <time class=\"entry-date\" datetime=\"2025-10-21T14:23:47+00:00\">octubre 21, 2025<\/time><\/div>\n<h2 id=\"brief\"><i class=\"ico ico--assets\"><\/i>Tipos de cuenta en FP Markets, en s\u00edntesis<\/h2>\n<p>FP Markets ofrece dos tipos de cuentas reales: Standard y Raw. La primera ofrece spreads desde 1,0 pip y cero comisiones. Si quieres beneficiarte de spreads m\u00e1s bajos, la segunda opci\u00f3n es una excelente alternativa. Los titulares de una cuenta Raw podr\u00e1n disfrutar de spreads desde 0 pips m\u00e1s una comisi\u00f3n de 3 $ por cada lado.<\/p>\n<p>Estas son las principales diferencias entre las cuentas Raw y Standard. Las avanzadas plataformas de terceros, como MT4, MT5, TradingView y cTrader, est\u00e1n disponibles, con independencia del tipo de cuenta elegida. Los clientes minoristas podr\u00e1n operar con un apalancamiento de hasta 1:30.<\/p>\n<p>Quienes deseen operar con un apalancamiento mayor deber\u00e1n abrir en primer lugar una cuenta minorista. Posteriormente, podr\u00e1n solicitar una cuenta profesional, que permitir\u00e1 un apalancamiento m\u00e1ximo de 1:500, en forex. El br\u00f3ker aprobar\u00e1 la solicitud si el trader cumple dos de los tres criterios siguientes:<\/p>\n<ul class=\"list-checks\">\n<li>Ha realizado operaciones, como m\u00ednimo, de 1 lote, al menos 10 veces por trimestre durante los 4 trimestres anteriores<\/li>\n<li>Tiene una cartera superior a 500.000 \u20ac<\/li>\n<li>Cuenta con un a\u00f1o de experiencia profesional en el sector financiero.<\/li>\n<\/ul>\n\n\t\t\t\t<div class=\"table\">\n\t\t\t\t\t<table class=\"table table-striped table-bordered\">\n\t\t\t\t\t\t<tr>\n\t\t\t\t\t\t\t<td style=\"width: 250px;\"><strong>Cuenta demo<\/strong><\/td>\n\t\t\t\t\t\t\t<td><img decoding=\"async\" width=\"24\" height=\"24\" src=\"\/wp-content\/themes\/best-brokers\/assets\/images\/ico-check.svg\" alt=\"Available\" \/><\/td>\n\t\t\t\t\t\t<\/tr>\n\t\t\t\t\t\t<tr>\n\t\t\t\t\t\t\t<td><strong>Islamic Account<\/strong><\/td>\n\t\t\t\t\t\t\t<td><img decoding=\"async\" width=\"24\" height=\"24\" src=\"\/wp-content\/themes\/best-brokers\/assets\/images\/ico-check.svg\" alt=\"Available\" \/><\/td>\n\t\t\t\t\t\t<\/tr>\n\t\t\t\t\t\t<tr>\n\t\t\t\t\t\t\t<td><strong>Cuenta ECN<\/strong><\/td>\n\t\t\t\t\t\t\t<td><img decoding=\"async\" width=\"24\" height=\"24\" src=\"\/wp-content\/themes\/best-brokers\/assets\/images\/ico-check.svg\" alt=\"Available\" \/><\/td>\n\t\t\t\t\t\t<\/tr>\n\t\t\t\t\t\t<tr>\n\t\t\t\t\t\t\t<td><strong>Cuenta Pro<\/strong><\/td>\n\t\t\t\t\t\t\t<td><img decoding=\"async\" width=\"24\" height=\"24\" src=\"\/wp-content\/themes\/best-brokers\/assets\/images\/ico-check.svg\" alt=\"Available\" \/><\/td>\n\t\t\t\t\t\t<\/tr>\n\t\t\t\t\t\t<tr>\n\t\t\t\t\t\t\t<td><strong>MAM Account<\/strong><\/td>\n\t\t\t\t\t\t\t<td><img decoding=\"async\" width=\"24\" height=\"24\" src=\"\/wp-content\/themes\/best-brokers\/assets\/images\/ico-check.svg\" alt=\"Available\" \/><\/td>\n\t\t\t\t\t\t<\/tr>\n\t\t\t\t\t<\/table>\n\t\t\t\t<\/div>\n\t\t\t\n<h2 id=\"deposit\"><i class=\"ico ico--money-supply\"><\/i>Requisitos de dep\u00f3sito m\u00ednimo en FP Markets<\/h2>\n<p>Por lo que respecta a las cuentas minoristas de FP Markets, el br\u00f3ker no exige distintos dep\u00f3sitos m\u00ednimos. Por eso, independientemente de que abras una cuenta Standard o Raw, tendr\u00e1s que depositar, como m\u00ednimo, 50 $\/\u20ac\/\u00a3. Esto hace que FP Markets sea relativamente accesible, ya que existen muchos otros br\u00f3kers con requisitos de dep\u00f3sito inicial mucho m\u00e1s altos. Dicho esto, los traders deber\u00e1n tener en cuenta que el tama\u00f1o m\u00ednimo de operaci\u00f3n en FP Markets es de 0,01 lote, equivalente a 1.000 unidades de la divisa base de la cuenta.<\/p>\n<h2 id=\"instruments\"><i class=\"ico ico--common-technical-analysis-tools\"><\/i>\u00bfQu\u00e9 mercados se pueden negociar en FP Markets?<\/h2>\n<p>La oferta de instrumentos de FP Markets abarca una amplia gama de contratos por diferencia (CFDs), empezando por los CFDs sobre forex. Hay m\u00e1s de 60 pares de divisas disponibles, entre ellos EUR\/USD, AUD\/CAD, USD\/JPY y EUR\/GBP. Ten en cuenta que, al operar pares de divisas en FP Markets mediante CFDs, no adquieres el activo subyacente.<\/p>\n<p>Los CFDs sobre acciones constituyen otro punto fuerte, ya que FP Markets ofrece la posibilidad de operar con t\u00edtulos de empresas como Apple Inc (AAPL.xnas), PayPal Holdings Inc (PYPL.xnas), Microsoft Corp (MSFT.xnas) y Tesla Inc (TSLA.xnas), entre otras. Asimismo, hay m\u00e1s de una docena de \u00edndices disponibles, entre ellos, US500, CHINA50 y EURO50. Si te interesan las criptomonedas, encontrar\u00e1s tambi\u00e9n m\u00e1s de una docena de CFDs sobre criptoactivos. Otros tipos de instrumentos disponibles son los metales, materias primas y ETFs.<\/p>\n<h2 id=\"steps\"><i class=\"ico ico--account\"><\/i>Registro paso a paso en FP Markets: aproximadamente 2 minutos (cuenta demo)<\/h2>\n<ol class=\"list list--steps\">\n<li>Abre la p\u00e1gina principal de FP Markets y haz clic en \u00abQuick Start\u00bb. En la opci\u00f3n \u00abYour Account\u00bb, selecciona \u00abTry a Demo\u00bb.<img decoding=\"async\" class=\"aligncenter\" src=\"https:\/\/www.bestbrokers.com\/wp-content\/uploads\/2025\/02\/fp-markets-registration-1.webp\" alt=\"FP Markets Registration Step 1\" \/><\/li>\n<li>Introduce tu nombre y correo electr\u00f3nico, selecciona tu pa\u00eds y facilita tu n\u00famero de tel\u00e9fono. A continuaci\u00f3n, elige MetaTrader4, MetaTrader5, cTrader o TradingView. Crea una contrase\u00f1a robusta, elige entre abrir una cuenta demo Raw o Standard y selecciona tu divisa. Por \u00faltimo, completa el CAPTCHA y pasa al siguiente paso.<img decoding=\"async\" class=\"aligncenter\" src=\"https:\/\/www.bestbrokers.com\/wp-content\/uploads\/2025\/02\/fp-markets-registration-2.webp\" alt=\"FP Markets Registration Step 2\" \/><\/li>\n<li>FP Markets te pedir\u00e1 que instales la plataforma elegida utilizando las credenciales que se enviaron a tu correo electr\u00f3nico. En cualqier caso, tambi\u00e9n tendr\u00e1s disponible la versi\u00f3n web trader. Una vez abras la plataforma, podr\u00e1s iniciar sesi\u00f3n y empezar a usar tu cuenta demo.<img decoding=\"async\" class=\"aligncenter\" src=\"https:\/\/www.bestbrokers.com\/wp-content\/uploads\/2025\/02\/fp-markets-registration-3.webp\" alt=\"FP Markets Registration Step 3\" \/><\/li>\n<\/ol>\n<h2 id=\"live\"><i class=\"ico ico--approve\"><\/i>Registro de cuenta en FP Markets: aproximadamente 10 minutos (cuenta real)<\/h2>\n<p>FP Markets ha procurado que el proceso de registro sea lo m\u00e1s sencillo y directo posible. Siguiendo los pasos que detallamos a continuaci\u00f3n, lo completar\u00e1s en muy poco tiempo.<\/p>\n<ol class=\"list list--steps\">\n<li>Ve a la p\u00e1gina principal de FP Markets y haz clic en el bot\u00f3n \u00abOpen Live\u00bb para iniciar el proceso de registro.<img decoding=\"async\" class=\"aligncenter\" src=\"https:\/\/www.bestbrokers.com\/wp-content\/uploads\/2025\/02\/fp-markets-registration-4.webp\" alt=\"FP Markets Registration Step 4\" \/><\/li>\n<li>A continuaci\u00f3n, podr\u00e1s registrarte con tu correo electr\u00f3nico, tu cuenta de Google o tu cuenta de Facebook. Seguidamente, escribe tu nombre y apellido y selecciona \u00abIndividual\u00bb en la secci\u00f3n de tipo de cuenta. Indica tu pa\u00eds de residencia, elige tu tratamiento, facilita tu n\u00famero de tel\u00e9fono y confirma que eres mayor de 18 a\u00f1os. Por \u00faltimo, pulsa el bot\u00f3n \u00abSave and Next\u00bb.<img decoding=\"async\" class=\"aligncenter\" src=\"https:\/\/www.bestbrokers.com\/wp-content\/uploads\/2025\/02\/fp-markets-registration-5.webp\" alt=\"FP Markets Registration Step 5\" \/><\/li>\n<li>En el siguiente paso deber\u00e1s facilitar al br\u00f3ker informaci\u00f3n personal, como tu fecha y lugar de nacimiento, n\u00famero de pasaporte y direcci\u00f3n. Encontrar\u00e1s varias secciones relativas a los impuestos y a tu pa\u00eds de residencia. Si respondes \u00abs\u00ed\u00bb a la pregunta \u00ab\u00bfDispone de un n\u00famero de identificaci\u00f3n fiscal?\u00bb, aparecer\u00e1 un campo para introducir dicho n\u00famero. Si respondes \u00abno\u00bb, tendr\u00e1s que especificar el motivo. A continuaci\u00f3n, deber\u00e1s indicar tu situaci\u00f3n laboral, ingresos anuales y cantidad de dinero que puedes destinar al trading. Por \u00faltimo, explica por qu\u00e9 deseas abrir una cuenta en FP Markets y contin\u00faa.<img decoding=\"async\" class=\"aligncenter\" src=\"https:\/\/www.bestbrokers.com\/wp-content\/uploads\/2025\/02\/fp-markets-registration-6.webp\" alt=\"FP Markets Registration Step 6\" \/><\/li>\n<li>Ahora pasar\u00e1s a configurar tu cuenta. Elige tu plataforma de trading preferida y selecciona el tipo de cuenta que deseas utilizar. A continuaci\u00f3n, elige la divisa y el m\u00e9todo de dep\u00f3sito que piensas usar. Por \u00faltimo, crea una contrase\u00f1a segura. Ya podr\u00e1s continuar con el siguiente paso.<img decoding=\"async\" class=\"aligncenter\" src=\"https:\/\/www.bestbrokers.com\/wp-content\/uploads\/2025\/02\/fp-markets-registration-7.webp\" alt=\"FP Markets Registration Step 7\" \/><\/li>\n<li>En este punto, FP Markets te preguntar\u00e1 por tu experiencia de trading, conocimientos y tolerancia al riesgo. Una vez respondidas todas las preguntas, haz clic en \u00abAccept and Submit\u00bb.<img decoding=\"async\" class=\"aligncenter\" src=\"https:\/\/www.bestbrokers.com\/wp-content\/uploads\/2025\/02\/fp-markets-registration-8.webp\" alt=\"FP Markets Registration Step 8\" \/><\/li>\n<li>A continuaci\u00f3n, deber\u00e1s leer los T\u00e9rminos y condiciones y la Pol\u00edtica de privacidad de FP Markets. Una vez marques las dos casillas, podr\u00e1s hacer clic en \u00abAccept and Open Account\u00bb. FP Markets te enviar\u00e1 un correo electr\u00f3nico confirmando que te has registrado correctamente. El correo incluir\u00e1 los datos de tu cuenta, incluido tu n\u00famero de cuenta de trading.<img decoding=\"async\" class=\"aligncenter\" src=\"https:\/\/www.bestbrokers.com\/wp-content\/uploads\/2025\/02\/fp-markets-registration-9.webp\" alt=\"FP Markets Registration Step 9\" \/><\/li>\n<li>Ya te has registrado con \u00e9xito, pero ten en cuenta que, cuando llegues a la p\u00e1gina de la cuenta, se te pedir\u00e1 que completes el proceso KYC de FP Markets. Esto implica subir la documentaci\u00f3n pertinente y esperar la aprobaci\u00f3n. Este paso es obligatorio porque lo exigen los organismos reguladores que han otorgado las licencias a FP Markets.<img decoding=\"async\" class=\"aligncenter\" src=\"https:\/\/www.bestbrokers.com\/wp-content\/uploads\/2025\/02\/fp-markets-registration-10.webp\" alt=\"FP Markets Registration Step 10\" \/><\/li>\n<\/ol>\n<h2 id=\"conclusion\"><i class=\"ico ico--pen\"><\/i>Conclusi\u00f3n<\/h2>\n<p>En definitiva, el proceso de registro en FP Markets puede hacerse un poco largo, aunque no deber\u00eda llevarte m\u00e1s de 10 minutos. Adem\u00e1s, los traders no deben preocuparse porque se les soliciten numerosos datos personales; esta pr\u00e1ctica es habitual en el trading de forex, ya que los br\u00f3kers deben cumplir las normativas AML (Anti-Money Laundering) y CFT (Combating the Financing of Terrorism). El equipo de FP Markets intentar\u00e1 verificar tu informaci\u00f3n en el plazo de una hora, aunque en ciertos casos podr\u00eda tardar hasta un d\u00eda laborable.<\/p>\n","protected":false},"excerpt":{"rendered":"<p>Tipos de cuenta en FP Markets, en s\u00edntesis FP Markets ofrece dos tipos de cuentas reales: Standard y Raw. La primera ofrece spreads desde 1,0 pip y cero comisiones. Si quieres beneficiarte de spreads m\u00e1s bajos, la segunda opci\u00f3n es una excelente alternativa. Los titulares de una cuenta Raw podr\u00e1n disfrutar de spreads desde 0 [&hellip;]<\/p>\n","protected":false},"author":2,"featured_media":0,"parent":10894,"menu_order":0,"comment_status":"closed","ping_status":"closed","template":"templates\/review.php","meta":{"footnotes":""},"class_list":["post-59727","page","type-page","status-publish","hentry"],"aioseo_notices":[],"_links":{"self":[{"href":"https:\/\/www.bestbrokers.com\/es\/wp-json\/wp\/v2\/pages\/59727","targetHints":{"allow":["GET"]}}],"collection":[{"href":"https:\/\/www.bestbrokers.com\/es\/wp-json\/wp\/v2\/pages"}],"about":[{"href":"https:\/\/www.bestbrokers.com\/es\/wp-json\/wp\/v2\/types\/page"}],"author":[{"embeddable":true,"href":"https:\/\/www.bestbrokers.com\/es\/wp-json\/wp\/v2\/users\/2"}],"replies":[{"embeddable":true,"href":"https:\/\/www.bestbrokers.com\/es\/wp-json\/wp\/v2\/comments?post=59727"}],"version-history":[{"count":11,"href":"https:\/\/www.bestbrokers.com\/es\/wp-json\/wp\/v2\/pages\/59727\/revisions"}],"predecessor-version":[{"id":71358,"href":"https:\/\/www.bestbrokers.com\/es\/wp-json\/wp\/v2\/pages\/59727\/revisions\/71358"}],"up":[{"embeddable":true,"href":"https:\/\/www.bestbrokers.com\/es\/wp-json\/wp\/v2\/pages\/10894"}],"wp:attachment":[{"href":"https:\/\/www.bestbrokers.com\/es\/wp-json\/wp\/v2\/media?parent=59727"}],"curies":[{"name":"wp","href":"https:\/\/api.w.org\/{rel}","templated":true}]}}