{"id":59728,"date":"2025-03-19T09:40:58","date_gmt":"2025-03-19T09:40:58","guid":{"rendered":"https:\/\/www.bestbrokers.com\/?page_id=59728"},"modified":"2025-10-21T14:23:56","modified_gmt":"2025-10-21T14:23:56","slug":"account-opening","status":"publish","type":"page","link":"https:\/\/www.bestbrokers.com\/es\/reviews\/plus500\/account-opening\/","title":{"rendered":"C\u00f3mo abrir una cuenta en Plus500"},"content":{"rendered":"<div class=\"author-line\">Escrito por <span class=\"author\">Zornitsa Stefanova<div class=\"author-sub-box\"><div class=\"author-avatar\"><img decoding=\"async\" src=\"https:\/\/www.bestbrokers.com\/wp-content\/uploads\/2024\/09\/zornica-stefanova.jpeg\" \/><\/div><div class=\"author-info-wrapper\"><div class=\"author-name\"><a href=\"https:\/\/www.bestbrokers.com\/es\/authors\/zornitsa-stefanova\/\">Zornitsa Stefanova<\/a><\/div><div class=\"author-bio\">Zornitsa Stefanova es una analista con amplia experiencia en el mercado de divisas y criptomonedas. Tambi\u00e9n es especialista en temas financieros, como el trading de acciones y las inversiones para la jubilaci\u00f3n.<\/div><\/div><\/div><\/span>,  <a rel=\"nofollow\" target=\"_blank\" href=\"https:\/\/www.linkedin.com\/in\/zornica-stefanova-73ab39287\/\"><img decoding=\"async\" class=\"social-icon\" src=\"https:\/\/www.bestbrokers.com\/wp-content\/themes\/best-brokers\/assets\/images\/icon-linkedin.svg\" data-no-lazy=\"1\"><\/a> <span class=\"sep\">|<\/span> Traducido por <span class=\"author\">Estrella Fernandez<div class=\"author-sub-box\"><div class=\"author-avatar\"><img decoding=\"async\" src=\"https:\/\/www.bestbrokers.com\/wp-content\/uploads\/2024\/10\/Estrella-Fernandez.jpeg\" \/><\/div><div class=\"author-info-wrapper\"><div class=\"author-name\"><a href=\"https:\/\/www.bestbrokers.com\/es\/authors\/estrella-fernandez\/\">Estrella Fernandez<\/a><\/div><div class=\"author-bio\">Estrella Fernandez edita y revista contenidos financieros para blogs y websites y hace traducciones de franc\u00e9s e ingl\u00e9s a espa\u00f1ol.<\/div><\/div><\/div><\/span>, <a rel=\"nofollow\" target=\"_blank\" href=\"https:\/\/www.linkedin.com\/in\/estrella-fern%C3%A1ndez-gordillo-a54ab483\/?originalSubdomain=es\"><img decoding=\"async\" class=\"social-icon\" src=\"https:\/\/www.bestbrokers.com\/wp-content\/themes\/best-brokers\/assets\/images\/icon-linkedin.svg\" data-no-lazy=\"1\"><\/a> <span class=\"sep\">|<\/span> Actualizado: <time class=\"entry-date\" datetime=\"2025-10-21T14:23:56+00:00\">octubre 21, 2025<\/time><\/div>\n<h2 id=\"brief\"><i class=\"ico ico--assets\"><\/i>Tipos de cuenta en Plus500, en s\u00edntesis<\/h2>\n<p>Seg\u00fan sus objetivos de trading, los entusiastas del forex podr\u00e1n abrir una cuenta minorista de CFD en Plus500, o bien optar por la modalidad reservada a profesionales, siempre que cumplan determinados criterios de elegibilidad. En lugar de ofrecer una cuenta demo independiente, la plataforma de Plus500 incluye un modo de negociaci\u00f3n demo que los usuarios podr\u00e1n activar cuando lo deseen.<\/p>\n<p>Los traders minoristas estar\u00e1n limitados a un apalancamiento m\u00e1ximo de 1:30. En cambio, las cuentas profesionales ofrecen diversas ventajas, entre ellas un l\u00edmite de apalancamiento de hasta 1:300, reembolsos en efectivo, excelente ejecuci\u00f3n de \u00f3rdenes y acceso al servicio del defensor financiero. Sin embargo, los clientes profesionales no tendr\u00e1n derecho a la protecci\u00f3n del Fondo de Compensaci\u00f3n al Inversor (ICF).<br \/>\nPara optar a una cuenta profesional, deber\u00e1s cumplir, al menos, dos de los siguientes requisitos:<\/p>\n<ul class=\"list-checks\">\n<li>Ejecuci\u00f3n de 10 o m\u00e1s operaciones significativas por trimestre (en los \u00faltimos cuatro trimestres)<\/li>\n<li>Una cartera financiera superior a 500.000 \u20ac<\/li>\n<li>M\u00e1s de 1 a\u00f1o de experiencia profesional en el sector financiero<\/li>\n<\/ul>\n\n\t\t\t\t<div class=\"table\">\n\t\t\t\t\t<table class=\"table table-striped table-bordered\">\n\t\t\t\t\t\t<tr>\n\t\t\t\t\t\t\t<td style=\"width: 250px;\"><strong>Cuenta demo<\/strong><\/td>\n\t\t\t\t\t\t\t<td><img decoding=\"async\" width=\"24\" height=\"24\" src=\"\/wp-content\/themes\/best-brokers\/assets\/images\/ico-xmark.svg\" alt=\"Not Available\" \/><\/td>\n\t\t\t\t\t\t<\/tr>\n\t\t\t\t\t\t<tr>\n\t\t\t\t\t\t\t<td><strong>Islamic Account<\/strong><\/td>\n\t\t\t\t\t\t\t<td><img decoding=\"async\" width=\"24\" height=\"24\" src=\"\/wp-content\/themes\/best-brokers\/assets\/images\/ico-xmark.svg\" alt=\"Not Available\" \/><\/td>\n\t\t\t\t\t\t<\/tr>\n\t\t\t\t\t\t<tr>\n\t\t\t\t\t\t\t<td><strong>Cuenta ECN<\/strong><\/td>\n\t\t\t\t\t\t\t<td><img decoding=\"async\" width=\"24\" height=\"24\" src=\"\/wp-content\/themes\/best-brokers\/assets\/images\/ico-xmark.svg\" alt=\"Not Available\" \/><\/td>\n\t\t\t\t\t\t<\/tr>\n\t\t\t\t\t\t<tr>\n\t\t\t\t\t\t\t<td><strong>Cuenta Pro<\/strong><\/td>\n\t\t\t\t\t\t\t<td><img decoding=\"async\" width=\"24\" height=\"24\" src=\"\/wp-content\/themes\/best-brokers\/assets\/images\/ico-xmark.svg\" alt=\"Not Available\" \/><\/td>\n\t\t\t\t\t\t<\/tr>\n\t\t\t\t\t\t<tr>\n\t\t\t\t\t\t\t<td><strong>MAM Account<\/strong><\/td>\n\t\t\t\t\t\t\t<td><img decoding=\"async\" width=\"24\" height=\"24\" src=\"\/wp-content\/themes\/best-brokers\/assets\/images\/ico-xmark.svg\" alt=\"Not Available\" \/><\/td>\n\t\t\t\t\t\t<\/tr>\n\t\t\t\t\t<\/table>\n\t\t\t\t<\/div>\n\t\t\t\n<h2 id=\"deposit\"><i class=\"ico ico--money-supply\"><\/i>Requisitos de dep\u00f3sito m\u00ednimo\u00a0en Plus500<\/h2>\n<p>El dep\u00f3sito m\u00ednimo en Plus500 es de 100 $ \/ 100 \u20ac. Aunque hay br\u00f3kers que exigen dep\u00f3sitos m\u00ednimos de 250 $ \/ 250 \u20ac, o incluso superiores, tambi\u00e9n existen otros que han eliminado por completo este requisito. Por ello, la percepci\u00f3n que los traders tengan de esos 100 $ \/ 100 \u20ac de Plus500 depender\u00e1 de sus preferencias y de su experiencia previa en el trading online.<\/p>\n<h2 id=\"instruments\"><i class=\"ico ico--common-technical-analysis-tools\"><\/i>\u00bfQu\u00e9 mercados se pueden negociar en Plus500?<\/h2>\n<p>Plus500 est\u00e1 disponible en numerosos pa\u00edses, lo que lo convierte en una opci\u00f3n viable para muchos traders. Por ello, no sorprende que el cat\u00e1logo de productos de Plus500 se caracterice por su variedad.<\/p>\n<p>Plus500 permite operar con m\u00e1s de 70 pares de divisas, entre los que se incluyen pares principales como EUR\/USD, EUR\/GBP, AUD\/USD o GBP\/USD, y muchos otros secundarios y ex\u00f3ticos. Las criptomonedas constituyen otra categor\u00eda de mercado popular en Plus500, ya que los usuarios podr\u00e1n negociar CFDs sobre Bitcoin, Cardano o Ethereum, ente otros. Otros mercados disponibles son \u00edndices, materias primas, acciones, opciones y ETF.<\/p>\n<h2 id=\"steps\"><i class=\"ico ico--account\"><\/i>Registro paso a paso en Plus500: aproximadamente 2 minutos<\/h2>\n<p>Si deseas probar el br\u00f3ker Plus500, crear una cuenta no te resultar\u00e1 dif\u00edcil. El proceso es bastante sencillo y, si sigues los pasos que indicamos a continuaci\u00f3n, lo completar\u00e1s en un par de minutos:<\/p>\n<ol class=\"list list--steps\">\n<li>Visita la p\u00e1gina principal de Plus500 y haz clic en \u00abStart Trading\u00bb.<img decoding=\"async\" class=\"aligncenter\" src=\"https:\/\/www.bestbrokers.com\/wp-content\/uploads\/2025\/02\/plus500-registration-1-e1750929641412.webp\" alt=\"Plus500 Registration Step 1\" \/><\/li>\n<li>Cuando accedas a la p\u00e1gina de inicio de sesi\u00f3n, sigue el enlace \u00abDon\u2019t have an account? Create one now!\u00bb.<img decoding=\"async\" class=\"aligncenter\" src=\"https:\/\/www.bestbrokers.com\/wp-content\/uploads\/2025\/02\/plus500-registration-2.webp\" alt=\"Plus500 Registration Step 2\" \/><\/li>\n<li>Ahora habr\u00e1s llegado a la p\u00e1gina de registro. Introduce tu correo electr\u00f3nico, crea una contrase\u00f1a y haz clic en \u00abCreate Account\u00bb. De forma alternativa, puedes usar tu cuenta de Google, Facebook o Apple.<img decoding=\"async\" class=\"aligncenter\" src=\"https:\/\/www.bestbrokers.com\/wp-content\/uploads\/2025\/02\/plus500-registration-3-e1751446775642.webp\" alt=\"Plus500 Registration Step 3\" \/><\/li>\n<li>Al hacer clic en \u00abCreate Account\u00bb acceder\u00e1s a la plataforma web de trading de Plus500. Para continuar con el proceso de alta, pulsa \u00abGet Started\u00bb. A continuaci\u00f3n llegar\u00e1s a una p\u00e1gina en la que solo tendr\u00e1s que hacer clic en el bot\u00f3n \u00abLet\u2019s go!\u00bb para avanzar.<img decoding=\"async\" class=\"aligncenter\" src=\"https:\/\/www.bestbrokers.com\/wp-content\/uploads\/2025\/02\/plus500-registration-4.webp\" alt=\"Plus500 Registration Step 4\" \/><\/li>\n<li>Selecciona tu pa\u00eds de residencia.<img decoding=\"async\" class=\"aligncenter\" src=\"https:\/\/www.bestbrokers.com\/wp-content\/uploads\/2025\/02\/plus500-registration-5.webp\" alt=\"Plus500 Registration Step 5\" \/><\/li>\n<li>Si tu nacionalidad y lugar de nacimiento coinciden, marca la casilla correspondiente y contin\u00faa con la siguiente secci\u00f3n.<img decoding=\"async\" class=\"aligncenter\" src=\"https:\/\/www.bestbrokers.com\/wp-content\/uploads\/2025\/02\/plus500-registration-6.webp\" alt=\"Plus500 Registration Step 6\" \/><\/li>\n<li>A continuaci\u00f3n deber\u00e1s facilitar a Plus500 datos personales como tu nombre y apellidos. Despu\u00e9s, indica tu fecha de nacimiento y contin\u00faa.<img decoding=\"async\" class=\"aligncenter\" src=\"https:\/\/www.bestbrokers.com\/wp-content\/uploads\/2025\/02\/plus500-registration-7.webp\" alt=\"Plus500 Registration Step 7\" \/><\/li>\n<li>Introduce tu n\u00famero de tel\u00e9fono.<img decoding=\"async\" class=\"aligncenter\" src=\"https:\/\/www.bestbrokers.com\/wp-content\/uploads\/2025\/02\/plus500-registration-8.webp\" alt=\"Plus500 Registration Step 8\" \/><\/li>\n<li>Confirma que pagas impuestos en tu pa\u00eds de residencia y especifica si eres residente en EEUU.<img decoding=\"async\" class=\"aligncenter\" src=\"https:\/\/www.bestbrokers.com\/wp-content\/uploads\/2025\/02\/plus500-registration-9.webp\" alt=\"Plus500 Registration Step 9\" \/><\/li>\n<li>Indica tu direcci\u00f3n: calle, ciudad y c\u00f3digo postal.<img decoding=\"async\" class=\"aligncenter\" src=\"https:\/\/www.bestbrokers.com\/wp-content\/uploads\/2025\/02\/plus500-registration-10.webp\" alt=\"Plus500 Registration Step 10\" \/><\/li>\n<li>Ahora deber\u00e1s completar la Evaluaci\u00f3n de Mercado Objetivo y Adecuaci\u00f3n, que incluye preguntas sobre tus conocimientos de trading.<img decoding=\"async\" class=\"aligncenter\" src=\"https:\/\/www.bestbrokers.com\/wp-content\/uploads\/2025\/02\/plus500-registration-11.webp\" alt=\"Plus500 Registration Step 11\" \/><\/li>\n<li>Las preguntas siguientes permitir\u00e1n evaluar tu experiencia de trading. En concreto, cu\u00e1ntas veces has operado con determinados productos en el \u00faltimo a\u00f1o. Ten en cuenta que Plus500 te pedir\u00e1 expl\u00edcitamente que solo contabilices las operaciones realizadas sin la ayuda de un profesional.<img decoding=\"async\" class=\"aligncenter\" src=\"https:\/\/www.bestbrokers.com\/wp-content\/uploads\/2025\/02\/plus500-registration-12.webp\" alt=\"Plus500 Registration Step 12\" \/><\/li>\n<li>A continuaci\u00f3n, Plus500 preguntar\u00e1 por tu formaci\u00f3n acad\u00e9mica y si eres un profesional cualificado del sector financiero con al menos tres a\u00f1os de experiencia.<img decoding=\"async\" class=\"aligncenter\" src=\"https:\/\/www.bestbrokers.com\/wp-content\/uploads\/2025\/02\/plus500-registration-13.webp\" alt=\"Plus500 Registration Step 13\" \/><\/li>\n<li>Facilita detalles sobre tu situaci\u00f3n laboral y especifica si eres una persona pol\u00edticamente expuesta.<img decoding=\"async\" class=\"aligncenter\" src=\"https:\/\/www.bestbrokers.com\/wp-content\/uploads\/2025\/02\/plus500-registration-14.webp\" alt=\"Plus500 Registration Step 14\" \/><\/li>\n<li>En este apartado deber\u00e1s indicar a Plus500 tus ingresos anuales, ahorros, el origen de los fondos que deseas utilizar para operar y tus ingresos netos anuales disponibles.<img decoding=\"async\" class=\"aligncenter\" src=\"https:\/\/www.bestbrokers.com\/wp-content\/uploads\/2025\/02\/plus500-registration-15.webp\" alt=\"Plus500 Registration Step 15\" \/><\/li>\n<li>Define tus objetivos principales de trading y selecciona la opci\u00f3n que mejor describa tu tolerancia al riesgo.<img decoding=\"async\" class=\"aligncenter\" src=\"https:\/\/www.bestbrokers.com\/wp-content\/uploads\/2025\/02\/plus500-registration-16.webp\" alt=\"Plus500 Registration Step 16\" \/><\/li>\n<li>Acepta los t\u00e9rminos y condiciones de Plus500. Al hacerlo, ser\u00e1s redirigido a la p\u00e1gina de dep\u00f3sito.<img decoding=\"async\" class=\"aligncenter\" src=\"https:\/\/www.bestbrokers.com\/wp-content\/uploads\/2025\/02\/plus500-registration-17.webp\" alt=\"Plus500 Registration Step 17\" \/><\/li>\n<li>Ya puedes ingresar fondos en tu cuenta mediante Google Pay, PayPal o transferencia bancaria. Si lo prefieres, puedes omitir este paso y continuar con la verificaci\u00f3n.<img decoding=\"async\" class=\"aligncenter\" src=\"https:\/\/www.bestbrokers.com\/wp-content\/uploads\/2025\/02\/plus500-registration-18.webp\" alt=\"Plus500 Registration Step 18\" \/><\/li>\n<\/ol>\n<h2 id=\"verification\"><i class=\"ico ico--approve\"><\/i>Verificaci\u00f3n de la cuenta en Plus500: aproximadamente 5 minutos<\/h2>\n<p>En Plus500 debes verificar tanto tus datos personales como demostrar que los fondos que deseas depositar te pertenecen. El procedimiento concreto variar\u00e1 seg\u00fan el m\u00e9todo de pago elegido. Si utilizas tarjeta de cr\u00e9dito\/d\u00e9bito, Plus500 te solicitar\u00e1 una foto del extracto de la tarjeta, un documento emitido por tu banco o una foto de la propia tarjeta. Si depositas mediante transferencia bancaria, deber\u00e1s aportar una foto de un extracto bancario o un comprobante de pago. Las transferencias desde monederos digitales se verifican online.<\/p>\n<p>En cuanto a la verificaci\u00f3n de identidad, los pasos son los siguientes:<\/p>\n<ol class=\"list list--steps\">\n<li>Para acceder a la p\u00e1gina de verificaci\u00f3n, haz clic en el bot\u00f3n \u00abMenu\u00bb situado en la parte superior izquierda, abre el desplegable \u00abAccount\u00bb y selecciona \u00abVerify Account\u00bb.<img decoding=\"async\" class=\"aligncenter\" src=\"https:\/\/www.bestbrokers.com\/wp-content\/uploads\/2025\/02\/plus500-registration-19.webp\" alt=\"Plus500 Registration Step 19\" \/><\/li>\n<li>El primer paso consistir\u00e1 en verificar tu documento de identidad. Deber\u00e1s subir dos fotos (anverso y reverso de la tarjeta), que podr\u00e1s hacer desde tu ordenador o smartphone.<img decoding=\"async\" class=\"aligncenter\" src=\"https:\/\/www.bestbrokers.com\/wp-content\/uploads\/2025\/02\/plus500-registration-20.webp\" alt=\"Plus500 Registration Step 20\" \/><\/li>\n<li>Si necesitas subir otro documento de identidad, el proceso ser\u00e1 el mismo.<img decoding=\"async\" class=\"aligncenter\" src=\"https:\/\/www.bestbrokers.com\/wp-content\/uploads\/2025\/02\/plus500-registration-21.webp\" alt=\"Plus500 Registration Step 21\" \/><\/li>\n<li>El paso siguiente requiere una selfie que muestre la fecha de subida.<img decoding=\"async\" class=\"aligncenter\" src=\"https:\/\/www.bestbrokers.com\/wp-content\/uploads\/2025\/02\/plus500-registration-22.webp\" alt=\"Plus500 Registration Step 22\" \/><\/li>\n<li>Si dispones de un identificador nacional de cliente, puedes introducirlo en el siguiente campo.<img decoding=\"async\" class=\"aligncenter\" src=\"https:\/\/www.bestbrokers.com\/wp-content\/uploads\/2025\/02\/plus500-registration-23.webp\" alt=\"Plus500 Registration Step 23\" \/><\/li>\n<li>A continuaci\u00f3n, verifica tu tel\u00e9fono. Puedes hacerlo mediante SMS o llamada telef\u00f3nica.<img decoding=\"async\" class=\"aligncenter\" src=\"https:\/\/www.bestbrokers.com\/wp-content\/uploads\/2025\/02\/plus500-registration-24.webp\" alt=\"Plus500 Registration Step 24\" \/><\/li>\n<li>Por \u00faltimo, verifica tu correo electr\u00f3nico mediante un c\u00f3digo que deber\u00e1s introducir en el campo indicado.<img decoding=\"async\" class=\"aligncenter\" src=\"https:\/\/www.bestbrokers.com\/wp-content\/uploads\/2025\/02\/plus500-registration-25.webp\" alt=\"Plus500 Registration Step 25\" \/><\/li>\n<\/ol>\n<h2 id=\"conclusion\"><i class=\"ico ico--pen\"><\/i>Conclusi\u00f3n<\/h2>\n<p>En definitiva, para crear una cuenta en Plus500 hay que seguir varios pasos, aunque el proceso es bastante sencillo. Introducir los datos pertinentes no deber\u00eda llevarte m\u00e1s de 10 minutos. Sin embargo, debes tener en cuenta que la verificaci\u00f3n de los documentos no ser\u00e1 instant\u00e1nea por parte de Plus500. El miembro de nuestro equipo que abri\u00f3 cuenta en el br\u00f3ker esper\u00f3 una media hora hasta que se aprob\u00f3 su documento de identidad, un plazo relativamente r\u00e1pido.<\/p>\n","protected":false},"excerpt":{"rendered":"<p>Tipos de cuenta en Plus500, en s\u00edntesis Seg\u00fan sus objetivos de trading, los entusiastas del forex podr\u00e1n abrir una cuenta minorista de CFD en Plus500, o bien optar por la modalidad reservada a profesionales, siempre que cumplan determinados criterios de elegibilidad. En lugar de ofrecer una cuenta demo independiente, la plataforma de Plus500 incluye un [&hellip;]<\/p>\n","protected":false},"author":2,"featured_media":0,"parent":10643,"menu_order":0,"comment_status":"closed","ping_status":"closed","template":"templates\/review.php","meta":{"footnotes":""},"class_list":["post-59728","page","type-page","status-publish","hentry"],"aioseo_notices":[],"_links":{"self":[{"href":"https:\/\/www.bestbrokers.com\/es\/wp-json\/wp\/v2\/pages\/59728","targetHints":{"allow":["GET"]}}],"collection":[{"href":"https:\/\/www.bestbrokers.com\/es\/wp-json\/wp\/v2\/pages"}],"about":[{"href":"https:\/\/www.bestbrokers.com\/es\/wp-json\/wp\/v2\/types\/page"}],"author":[{"embeddable":true,"href":"https:\/\/www.bestbrokers.com\/es\/wp-json\/wp\/v2\/users\/2"}],"replies":[{"embeddable":true,"href":"https:\/\/www.bestbrokers.com\/es\/wp-json\/wp\/v2\/comments?post=59728"}],"version-history":[{"count":11,"href":"https:\/\/www.bestbrokers.com\/es\/wp-json\/wp\/v2\/pages\/59728\/revisions"}],"predecessor-version":[{"id":71356,"href":"https:\/\/www.bestbrokers.com\/es\/wp-json\/wp\/v2\/pages\/59728\/revisions\/71356"}],"up":[{"embeddable":true,"href":"https:\/\/www.bestbrokers.com\/es\/wp-json\/wp\/v2\/pages\/10643"}],"wp:attachment":[{"href":"https:\/\/www.bestbrokers.com\/es\/wp-json\/wp\/v2\/media?parent=59728"}],"curies":[{"name":"wp","href":"https:\/\/api.w.org\/{rel}","templated":true}]}}