{"id":59729,"date":"2025-03-19T09:40:58","date_gmt":"2025-03-19T09:40:58","guid":{"rendered":"https:\/\/www.bestbrokers.com\/?page_id=59729"},"modified":"2025-10-21T14:23:49","modified_gmt":"2025-10-21T14:23:49","slug":"account-opening","status":"publish","type":"page","link":"https:\/\/www.bestbrokers.com\/es\/reviews\/fxpro\/account-opening\/","title":{"rendered":"C\u00f3mo abrir una cuenta en FxPro"},"content":{"rendered":"<div class=\"author-line\">Escrito por <span class=\"author\">Zornitsa Stefanova<div class=\"author-sub-box\"><div class=\"author-avatar\"><img decoding=\"async\" src=\"https:\/\/www.bestbrokers.com\/wp-content\/uploads\/2024\/09\/zornica-stefanova.jpeg\" \/><\/div><div class=\"author-info-wrapper\"><div class=\"author-name\"><a href=\"https:\/\/www.bestbrokers.com\/es\/authors\/zornitsa-stefanova\/\">Zornitsa Stefanova<\/a><\/div><div class=\"author-bio\">Zornitsa Stefanova es una analista con amplia experiencia en el mercado de divisas y criptomonedas. Tambi\u00e9n es especialista en temas financieros, como el trading de acciones y las inversiones para la jubilaci\u00f3n.<\/div><\/div><\/div><\/span>,  <a rel=\"nofollow\" target=\"_blank\" href=\"https:\/\/www.linkedin.com\/in\/zornica-stefanova-73ab39287\/\"><img decoding=\"async\" class=\"social-icon\" src=\"https:\/\/www.bestbrokers.com\/wp-content\/themes\/best-brokers\/assets\/images\/icon-linkedin.svg\" data-no-lazy=\"1\"><\/a> <span class=\"sep\">|<\/span> Traducido por <span class=\"author\">Estrella Fernandez<div class=\"author-sub-box\"><div class=\"author-avatar\"><img decoding=\"async\" src=\"https:\/\/www.bestbrokers.com\/wp-content\/uploads\/2024\/10\/Estrella-Fernandez.jpeg\" \/><\/div><div class=\"author-info-wrapper\"><div class=\"author-name\"><a href=\"https:\/\/www.bestbrokers.com\/es\/authors\/estrella-fernandez\/\">Estrella Fernandez<\/a><\/div><div class=\"author-bio\">Estrella Fernandez edita y revista contenidos financieros para blogs y websites y hace traducciones de franc\u00e9s e ingl\u00e9s a espa\u00f1ol.<\/div><\/div><\/div><\/span>, <a rel=\"nofollow\" target=\"_blank\" href=\"https:\/\/www.linkedin.com\/in\/estrella-fern%C3%A1ndez-gordillo-a54ab483\/?originalSubdomain=es\"><img decoding=\"async\" class=\"social-icon\" src=\"https:\/\/www.bestbrokers.com\/wp-content\/themes\/best-brokers\/assets\/images\/icon-linkedin.svg\" data-no-lazy=\"1\"><\/a> <span class=\"sep\">|<\/span> Actualizado: <time class=\"entry-date\" datetime=\"2025-10-21T14:23:49+00:00\">octubre 21, 2025<\/time><\/div>\n<h2 id=\"brief\"><i class=\"ico ico--assets\"><\/i>Tipos de cuenta en FxPro, en s\u00edntesis<\/h2>\n<p>FxPro es un br\u00f3ker de buena reputaci\u00f3n, adecuado tanto para principiantes como para traders experimentados. Los primeros podr\u00e1n practicar con una cuenta demo o elegir una cuenta Standard MT4\/5, que ofrece spreads de forex desde 1,2 pips y permite utilizar el software de MetaQuotes, FxPro Webtrader o la aplicaci\u00f3n m\u00f3vil del br\u00f3ker. El tama\u00f1o m\u00ednimo de operaci\u00f3n es de 0,01 lotes.<\/p>\n<p>En cuanto a los traders que busquen spreads m\u00e1s bajos y no les importe pagar comisiones, podr\u00e1n optar por una cuenta Raw+. En este caso, los spreads de forex podr\u00e1n descender hasta 0 pips, aunque habr\u00e1 que tener en cuenta una comisi\u00f3n de 3,50 $ por lado. Tambi\u00e9n est\u00e1 disponible el trading con microlotes. La selecci\u00f3n de plataformas es la misma a la que tendr\u00e1n acceso los clientes de la cuenta Standard.<\/p>\n<p>Si no te interesa utilizar las plataformas mencionadas, podr\u00e1s optar por la cuenta cTrader de FxPro. Este tipo de cuenta ofrecee a los usuarios de FxPro m\u00e1s de 55 indicadores t\u00e9cnicos y una interfaz f\u00e1cil de usar, entre otras muchas ventajas.<\/p>\n<p>Tambi\u00e9n existe la cuenta FxPro VIP, que incluye servicio VPS gratuito, comisiones reducidas (descuento de hasta el 30 % con la plataforma cTrader), ejecuci\u00f3n inferior a 13 milisegundos y otras ventajas. FxPro tambi\u00e9n ofrece una cuenta corporativa.<\/p>\n\n\t\t\t\t<div class=\"table\">\n\t\t\t\t\t<table class=\"table table-striped table-bordered\">\n\t\t\t\t\t\t<tr>\n\t\t\t\t\t\t\t<td style=\"width: 250px;\"><strong>Cuenta demo<\/strong><\/td>\n\t\t\t\t\t\t\t<td><img decoding=\"async\" width=\"24\" height=\"24\" src=\"\/wp-content\/themes\/best-brokers\/assets\/images\/ico-check.svg\" alt=\"Available\" \/><\/td>\n\t\t\t\t\t\t<\/tr>\n\t\t\t\t\t\t<tr>\n\t\t\t\t\t\t\t<td><strong>Islamic Account<\/strong><\/td>\n\t\t\t\t\t\t\t<td><img decoding=\"async\" width=\"24\" height=\"24\" src=\"\/wp-content\/themes\/best-brokers\/assets\/images\/ico-check.svg\" alt=\"Available\" \/><\/td>\n\t\t\t\t\t\t<\/tr>\n\t\t\t\t\t\t<tr>\n\t\t\t\t\t\t\t<td><strong>Cuenta ECN<\/strong><\/td>\n\t\t\t\t\t\t\t<td><img decoding=\"async\" width=\"24\" height=\"24\" src=\"\/wp-content\/themes\/best-brokers\/assets\/images\/ico-xmark.svg\" alt=\"Not Available\" \/><\/td>\n\t\t\t\t\t\t<\/tr>\n\t\t\t\t\t\t<tr>\n\t\t\t\t\t\t\t<td><strong>Cuenta Pro<\/strong><\/td>\n\t\t\t\t\t\t\t<td><img decoding=\"async\" width=\"24\" height=\"24\" src=\"\/wp-content\/themes\/best-brokers\/assets\/images\/ico-check.svg\" alt=\"Available\" \/><\/td>\n\t\t\t\t\t\t<\/tr>\n\t\t\t\t\t\t<tr>\n\t\t\t\t\t\t\t<td><strong>MAM Account<\/strong><\/td>\n\t\t\t\t\t\t\t<td><img decoding=\"async\" width=\"24\" height=\"24\" src=\"\/wp-content\/themes\/best-brokers\/assets\/images\/ico-check.svg\" alt=\"Available\" \/><\/td>\n\t\t\t\t\t\t<\/tr>\n\t\t\t\t\t<\/table>\n\t\t\t\t<\/div>\n\t\t\t\n<h2 id=\"deposit\"><i class=\"ico ico--money-supply\"><\/i>Requisitos de dep\u00f3sito m\u00ednimo en FxPro<\/h2>\n<p>Si no deseas realizar un dep\u00f3sito elevado para comenzar tu aventura en el trading, pero aun as\u00ed quieres abrir una cuenta real, la cuenta Standard de FxPro ser\u00e1 ideal para ti. FxPro no impone un requisito de dep\u00f3sito m\u00ednimo; sin embargo, en su secci\u00f3n de preguntas frecuentes el br\u00f3ker recomienda empezar con 1.000 $ de fondos para trading.<\/p>\n<p>Si decides abrir una cuenta Raw+, podr\u00e1s hacerlo con un dep\u00f3sito inicial a partir de 250 $. Conviene reiterar que las cuentas Raw+ ofrecen spreads m\u00e1s bajos, por lo que muchos traders no se sentir\u00e1n desalentados por el requisito de dep\u00f3sito m\u00ednimo.<\/p>\n<p>El tipo de cuenta m\u00e1s dif\u00edcil de obtener es, con diferencia, FxPro VIP. Para abrirla y beneficiarte de sus diversas ventajas necesitar\u00e1s un dep\u00f3sito m\u00ednimo de 50.000 $.<\/p>\n<h2 id=\"instruments\"><i class=\"ico ico--common-technical-analysis-tools\"><\/i>\u00bfQu\u00e9 mercados se pueden negociar en FxPro?<\/h2>\n<p>En cuanto a mercados, los usuarios de FxPro podr\u00e1n elegir entre CFD sobre forex, acciones, energ\u00edas, criptomonedas, \u00edndices, futuros, metales y ETF. Se trata de una selecci\u00f3n excelente que se adaptar\u00e1 a las preferencias de muchos traders. La oferta de forex incluir\u00e1 docenas de pares de divisas, entre ellas, EUR\/USD, GBP\/USD y AUD\/NZD.<\/p>\n<h2 id=\"steps\"><i class=\"ico ico--account\"><\/i>Registro paso a paso en FxPro: aproximadamente 5 minutos (cuenta demo)<\/h2>\n<p>Si deseas abrir una cuenta en FxPro, te alegrar\u00e1 saber que el proceso no lleva mucho tiempo. Estos son los pasos que deber\u00e1s completar:<\/p>\n<ol class=\"list list--steps\">\n<li>Visita la p\u00e1gina principal de FxPro y haz clic en el bot\u00f3n \u00abRegistrarse\u00bb.<img decoding=\"async\" class=\"aligncenter\" src=\"https:\/\/www.bestbrokers.com\/wp-content\/uploads\/2025\/02\/fxpro-registration-1.webp\" alt=\"FxPro Registration Step 1\" \/><\/li>\n<li>Selecciona tu pa\u00eds de residencia, introduce tu correo electr\u00f3nico y crea una contrase\u00f1a segura.<img decoding=\"async\" class=\"aligncenter\" src=\"https:\/\/www.bestbrokers.com\/wp-content\/uploads\/2025\/02\/fxpro-registration-2.webp\" alt=\"FxPro Registration Step 2\" \/><\/li>\n<li>A continuaci\u00f3n, escribe tu nombre y apellidos, fecha de nacimiento y n\u00famero de tel\u00e9fono.<img decoding=\"async\" class=\"aligncenter\" src=\"https:\/\/www.bestbrokers.com\/wp-content\/uploads\/2025\/02\/fxpro-registration-3.webp\" alt=\"FxPro Registration Step 3\" \/><\/li>\n<li>Aqu\u00ed debes especificar tu nacionalidad y si eres residente en EEUU.<img decoding=\"async\" class=\"aligncenter\" src=\"https:\/\/www.bestbrokers.com\/wp-content\/uploads\/2025\/02\/fxpro-registration-4.webp\" alt=\"FxPro Registration Step 4\" \/><\/li>\n<li>A continuaci\u00f3n, introduce tu direcci\u00f3n de residencia con el n\u00famero de la calle, el c\u00f3digo postal y la poblaci\u00f3n.<img decoding=\"async\" class=\"aligncenter\" src=\"https:\/\/www.bestbrokers.com\/wp-content\/uploads\/2025\/02\/fxpro-registration-5.webp\" alt=\"FxPro Registration Step 5\" \/><\/li>\n<li>En esta p\u00e1gina, FxPro te preguntar\u00e1 por tu situaci\u00f3n laboral y nivel de estudios. Selecciona las respuestas pertinentes en los men\u00fas desplegables. Por \u00faltimo, haz clic en \u00abGuardar y continuar\u00bb.<img decoding=\"async\" class=\"aligncenter\" src=\"https:\/\/www.bestbrokers.com\/wp-content\/uploads\/2025\/02\/fxpro-registration-6.webp\" alt=\"FxPro Registration Step 6\" \/><\/li>\n<li>El paso siguiente consistir\u00e1 en facilitar informaci\u00f3n sobre tus finanzas: ingresos anuales, patrimonio neto, origen de los fondos y la cantidad que tienes previsto depositar en los pr\u00f3ximos 12 meses.<img decoding=\"async\" class=\"aligncenter\" src=\"https:\/\/www.bestbrokers.com\/wp-content\/uploads\/2025\/02\/fxpro-registration-7.webp\" alt=\"FxPro Registration Step 7\" \/><\/li>\n<li>Se trata de un breve cuestionario sobre tus conocimientos de trading. Las preguntas ser\u00e1n sobre el apalancamiento y otros aspectos del trading, y tambi\u00e9n sobre tu experiencia y tolerancia al riesgo. Una vez hayas respondido a todas las cuestiones, contin\u00faa con el siguiente paso.<img decoding=\"async\" class=\"aligncenter\" src=\"https:\/\/www.bestbrokers.com\/wp-content\/uploads\/2025\/02\/fxpro-registration-8.webp\" alt=\"FxPro Registration Step 8\" \/><\/li>\n<li>En esta secci\u00f3n podr\u00e1s elegir la divisa de tu cuenta. Las opciones son EUR, AUD, CHF, GBP y HUF. Aqu\u00ed tambi\u00e9n deber\u00e1s confirmar que est\u00e1s preparado para asumir los riesgos del trading y que aceptas el Acuerdo de Cliente y las pol\u00edticas de FxPro.<img decoding=\"async\" class=\"aligncenter\" src=\"https:\/\/www.bestbrokers.com\/wp-content\/uploads\/2025\/02\/fxpro-registration-9.webp\" alt=\"FxPro Registration Step 9\" \/><\/li>\n<li>Ahora se te dirigir\u00e1 a la p\u00e1gina de verificaci\u00f3n. Podr\u00e1s consultar la secci\u00f3n de verificaci\u00f3n de FxPro para obtener m\u00e1s informaci\u00f3n sobre el proceso.<img decoding=\"async\" class=\"aligncenter\" src=\"https:\/\/www.bestbrokers.com\/wp-content\/uploads\/2025\/02\/fxpro-registration-10.webp\" alt=\"FxPro Registration Step 10\" \/><\/li>\n<li>Una vez verificada, ya podr\u00e1s abrir la p\u00e1gina de tu cuenta. Tu perfil ya tendr\u00e1 creada una cuenta Standard con cobertura, aunque, si lo deseas, podr\u00e1s abrir primero una cuenta demo. En la p\u00e1gina \u00abCuentas\u00bb, selecciona \u00abCuentas demo\u00bb y a continuaci\u00f3n haz clic en \u00abCrear nueva cuenta\u00bb.<img decoding=\"async\" class=\"aligncenter\" src=\"https:\/\/www.bestbrokers.com\/wp-content\/uploads\/2025\/02\/fxpro-registration-11.webp\" alt=\"FxPro Registration Step 11\" \/><\/li>\n<li>La \u00fanica opci\u00f3n de cuenta demo es FxPro Raw+. Tras comprobar las caracter\u00edsticas de la cuenta, haz clic en el bot\u00f3n \u00abContinuar con Raw+ Demo\u00bb.<img decoding=\"async\" class=\"aligncenter\" src=\"https:\/\/www.bestbrokers.com\/wp-content\/uploads\/2025\/02\/fxpro-registration-12.webp\" alt=\"FxPro Registration Step 12\" \/><\/li>\n<li>Especifica el montante de fondos virtuales que deseas en tu saldo demo, elige entre Netting y Hedging y haz clic en \u00abCrear cuenta demo\u00bb. As\u00ed, tu cuenta demo estar\u00e1 lista.<img decoding=\"async\" class=\"aligncenter\" src=\"https:\/\/www.bestbrokers.com\/wp-content\/uploads\/2025\/02\/fxpro-registration-13.webp\" alt=\"FxPro Registration Step 13\" \/><\/li>\n<\/ol>\n<h2 id=\"verification\"><i class=\"ico ico--approve\"><\/i>Verificaci\u00f3n de la cuenta en FxPro: (aproximadamente 4 minutos)<\/h2>\n<p>La plataforma FxPro ha logrado que presentar tus documentos de verificaci\u00f3n sea un proceso r\u00e1pido y sencillo. Solo tendr\u00e1s que seguir los siguientes pasos:<\/p>\n<ol class=\"list list--steps\">\n<li>En la p\u00e1gina de verificaci\u00f3n, podr\u00e1s usar el c\u00f3digo QR para pasar a la verificaci\u00f3n por tel\u00e9fono o permanecer por el momento en el navegador de tu PC. En la p\u00e1gina siguiente, haz clic en \u00abContinuar\u00bb.<img decoding=\"async\" class=\"aligncenter\" src=\"https:\/\/www.bestbrokers.com\/wp-content\/uploads\/2025\/02\/fxpro-registration-14.webp\" alt=\"FxPro Registration Step 14\" \/><\/li>\n<li>El equipo de FxPro te informar\u00e1 de que necesitar\u00e1s subir un documento de identidad y realizar una prueba de vida. Haz clic en el bot\u00f3n \u00abContinuar\u00bb en el tel\u00e9fono.<img decoding=\"async\" class=\"aligncenter\" src=\"https:\/\/www.bestbrokers.com\/wp-content\/uploads\/2025\/02\/fxpro-registration-15.webp\" alt=\"FxPro Registration Step 15\" \/><\/li>\n<li>Utiliza el c\u00f3digo QR proporcionado y contin\u00faa el proceso de verificaci\u00f3n en tu smartphone. Ten en cuenta que necesitar\u00e1s documentos como tu DNI, pasaporte o permiso de conducir. Tambi\u00e9n se te solicitar\u00e1 una prueba de residencia como, por ejemplo, una factura de servicios p\u00fablicos emitida en los \u00faltimos 6 meses. Adem\u00e1s, deber\u00e1s realizar una prueba de vida con la c\u00e1mara de tu tel\u00e9fono. Una vez terminado el proceso, el equipo de FxPro revisar\u00e1 tus documentos.<img decoding=\"async\" class=\"aligncenter\" src=\"https:\/\/www.bestbrokers.com\/wp-content\/uploads\/2025\/02\/fxpro-registration-16.webp\" alt=\"FxPro Registration Step 16\" \/><\/li>\n<li>En la p\u00e1gina \u00abCuentas\u00bb, selecciona el tipo de Cuentas de trading y haz clic en \u00abCrear nueva cuenta\u00bb.<img decoding=\"async\" class=\"aligncenter\" src=\"https:\/\/www.bestbrokers.com\/wp-content\/uploads\/2025\/02\/fxpro-registration-17.webp\" alt=\"FxPro Registration Step 17\" \/><\/li>\n<li>Si tienes previsto abrir una cuenta de trading, tendr\u00e1s la opci\u00f3n de elegir entre FxPro Standard y FxPro Raw+.<img decoding=\"async\" class=\"aligncenter\" src=\"https:\/\/www.bestbrokers.com\/wp-content\/uploads\/2025\/02\/fxpro-registration-18.webp\" alt=\"FxPro Registration Step 18\" \/><\/li>\n<li>Una vez hayas elegido tu tipo de cuenta preferido, reduce el l\u00edmite de apalancamiento, si lo consideras necesario, selecciona la divisa de la cuenta y elige entre Netting y Hedging en la secci\u00f3n \u00abM\u00e9todo de ejecuci\u00f3n\u00bb. A continuaci\u00f3n, haz clic en \u00abCrear cuenta\u00bb. Ten en cuenta que el estado de esta cuenta ser\u00e1 \u00abSolo lectura\u00bb si te saltaste el proceso de verificaci\u00f3n. Para activarla deber\u00e1s enviar a FxPro toda la documentaci\u00f3n requerida y realizar un dep\u00f3sito.<img decoding=\"async\" class=\"aligncenter\" src=\"https:\/\/www.bestbrokers.com\/wp-content\/uploads\/2025\/02\/fxpro-registration-19.webp\" alt=\"FxPro Registration Step 19\" \/><\/li>\n<\/ol>\n<h2 id=\"conclusion\"><i class=\"ico ico--pen\"><\/i>Conclusi\u00f3n<\/h2>\n<p>En t\u00e9rminos generales, nuestro equipo no tuvo ning\u00fan problema al probar el proceso de registro en FxPro. El br\u00f3ker hizo que los pasos fuesen bastante sencillos y f\u00e1ciles de seguir. Por nuestra experiencia, todas las acciones que debe realizar el usuario se pueden completar en menos de 10 minutos. La verificaci\u00f3n tambi\u00e9n es \u00e1gil, aunque deber\u00e1s tener en cuenta que FxPro tardar\u00e1 un poco m\u00e1s en comprobar tus documentos, y aprobarlos o solicitar que los vuelvas a cargar, en caso de que alguno sea incorrecto.<\/p>\n","protected":false},"excerpt":{"rendered":"<p>Tipos de cuenta en FxPro, en s\u00edntesis FxPro es un br\u00f3ker de buena reputaci\u00f3n, adecuado tanto para principiantes como para traders experimentados. Los primeros podr\u00e1n practicar con una cuenta demo o elegir una cuenta Standard MT4\/5, que ofrece spreads de forex desde 1,2 pips y permite utilizar el software de MetaQuotes, FxPro Webtrader o la [&hellip;]<\/p>\n","protected":false},"author":2,"featured_media":0,"parent":10838,"menu_order":0,"comment_status":"closed","ping_status":"closed","template":"templates\/review.php","meta":{"footnotes":""},"class_list":["post-59729","page","type-page","status-publish","hentry"],"aioseo_notices":[],"_links":{"self":[{"href":"https:\/\/www.bestbrokers.com\/es\/wp-json\/wp\/v2\/pages\/59729","targetHints":{"allow":["GET"]}}],"collection":[{"href":"https:\/\/www.bestbrokers.com\/es\/wp-json\/wp\/v2\/pages"}],"about":[{"href":"https:\/\/www.bestbrokers.com\/es\/wp-json\/wp\/v2\/types\/page"}],"author":[{"embeddable":true,"href":"https:\/\/www.bestbrokers.com\/es\/wp-json\/wp\/v2\/users\/2"}],"replies":[{"embeddable":true,"href":"https:\/\/www.bestbrokers.com\/es\/wp-json\/wp\/v2\/comments?post=59729"}],"version-history":[{"count":14,"href":"https:\/\/www.bestbrokers.com\/es\/wp-json\/wp\/v2\/pages\/59729\/revisions"}],"predecessor-version":[{"id":71355,"href":"https:\/\/www.bestbrokers.com\/es\/wp-json\/wp\/v2\/pages\/59729\/revisions\/71355"}],"up":[{"embeddable":true,"href":"https:\/\/www.bestbrokers.com\/es\/wp-json\/wp\/v2\/pages\/10838"}],"wp:attachment":[{"href":"https:\/\/www.bestbrokers.com\/es\/wp-json\/wp\/v2\/media?parent=59729"}],"curies":[{"name":"wp","href":"https:\/\/api.w.org\/{rel}","templated":true}]}}