{"id":59730,"date":"2025-03-19T09:40:58","date_gmt":"2025-03-19T09:40:58","guid":{"rendered":"https:\/\/www.bestbrokers.com\/?page_id=59730"},"modified":"2025-10-21T14:23:54","modified_gmt":"2025-10-21T14:23:54","slug":"account-opening","status":"publish","type":"page","link":"https:\/\/www.bestbrokers.com\/es\/reviews\/oanda\/account-opening\/","title":{"rendered":"C\u00f3mo abrir una cuenta en OANDA"},"content":{"rendered":"<div class=\"author-line\">Escrito por <span class=\"author\">Zornitsa Stefanova<div class=\"author-sub-box\"><div class=\"author-avatar\"><img decoding=\"async\" src=\"https:\/\/www.bestbrokers.com\/wp-content\/uploads\/2024\/09\/zornica-stefanova.jpeg\" \/><\/div><div class=\"author-info-wrapper\"><div class=\"author-name\"><a href=\"https:\/\/www.bestbrokers.com\/es\/authors\/zornitsa-stefanova\/\">Zornitsa Stefanova<\/a><\/div><div class=\"author-bio\">Zornitsa Stefanova es una analista con amplia experiencia en el mercado de divisas y criptomonedas. Tambi\u00e9n es especialista en temas financieros, como el trading de acciones y las inversiones para la jubilaci\u00f3n.<\/div><\/div><\/div><\/span>,  <a rel=\"nofollow\" target=\"_blank\" href=\"https:\/\/www.linkedin.com\/in\/zornica-stefanova-73ab39287\/\"><img decoding=\"async\" class=\"social-icon\" src=\"https:\/\/www.bestbrokers.com\/wp-content\/themes\/best-brokers\/assets\/images\/icon-linkedin.svg\" data-no-lazy=\"1\"><\/a> <span class=\"sep\">|<\/span> Traducido por <span class=\"author\">Estrella Fernandez<div class=\"author-sub-box\"><div class=\"author-avatar\"><img decoding=\"async\" src=\"https:\/\/www.bestbrokers.com\/wp-content\/uploads\/2024\/10\/Estrella-Fernandez.jpeg\" \/><\/div><div class=\"author-info-wrapper\"><div class=\"author-name\"><a href=\"https:\/\/www.bestbrokers.com\/es\/authors\/estrella-fernandez\/\">Estrella Fernandez<\/a><\/div><div class=\"author-bio\">Estrella Fernandez edita y revista contenidos financieros para blogs y websites y hace traducciones de franc\u00e9s e ingl\u00e9s a espa\u00f1ol.<\/div><\/div><\/div><\/span>, <a rel=\"nofollow\" target=\"_blank\" href=\"https:\/\/www.linkedin.com\/in\/estrella-fern%C3%A1ndez-gordillo-a54ab483\/?originalSubdomain=es\"><img decoding=\"async\" class=\"social-icon\" src=\"https:\/\/www.bestbrokers.com\/wp-content\/themes\/best-brokers\/assets\/images\/icon-linkedin.svg\" data-no-lazy=\"1\"><\/a> <span class=\"sep\">|<\/span> Actualizado: <time class=\"entry-date\" datetime=\"2025-10-21T14:23:54+00:00\">octubre 21, 2025<\/time><\/div>\n<h2 id=\"brief\"><i class=\"ico ico--assets\"><\/i>Tipos de cuenta en OANDA, en s\u00edntesis<\/h2>\n<p>OANDA, un br\u00f3ker cuyos or\u00edgenes se remontan a los a\u00f1os 90, tiene mucho que ofrecer a los amantes del forex. Entre otras ventajas, incluye una impresionante gama de instrumentos de trading y una excelente compatibilidad m\u00f3vil. Con el fin de adaptarse a traders de todos los niveles de experiencia, el br\u00f3ker tambi\u00e9n ofrece varios tipos de cuenta.<\/p>\n<p>Los traders sin experiencia o que carezcan de confianza en sus habilidades de trading pueden abrir una cuenta demo de OANDA. Esto permitir\u00e1 a los principiantes practicar sin arriesgar su capital.<\/p>\n<p>Si deseas operar en vivo en OANDA, podr\u00e1s elegir entre varias opciones de cuenta:<\/p>\n<ol class=\"list list--steps orange\">\n<li><strong>Basic:<\/strong> Es la primera cuenta real y ofrece los spreads medios de OANDA de m\u00e1s de 1 pip en pares como EUR\/USD y AUD\/USD. El dep\u00f3sito m\u00e1ximo para los titulares de una cuenta Basic es de hasta 3.000 \u20ac.<\/li>\n<li><strong>Premium:<\/strong> Quienes prefieran operar con vol\u00famenes mayores podr\u00e1n optar por la cuenta Premium (dep\u00f3sitos entre 3.000 \u20ac y 10.000 \u20ac). Esta opci\u00f3n ofrece spreads reducidos (hasta un 30 %) y concede al usuario un plan Essential de TradingView durante 1 a\u00f1o. Tambi\u00e9n incluye un gestor de cuenta personal.<\/li>\n<li><strong>Elite:<\/strong> El nivel m\u00e1s alto de cuenta para traders minoristas en OANDA. Es una opci\u00f3n indicada para traders con experiencia, ya que incluye una suscripci\u00f3n de 1 a\u00f1o al plan Plus de TradingView. Los usuarios que elijan este tipo de cuenta podr\u00e1n realizar dep\u00f3sitos de 10.000 \u20ac o m\u00e1s. Al igual que en el nivel anterior, la cuenta Elite incorpora un gestor de cuenta personal. Adem\u00e1s de permitir un mayor volumen de operaciones, ofrece spreads reducidos (hasta un 30 % m\u00e1s ajustados).<\/li>\n<\/ol>\n<p>Cabe se\u00f1alar que todos los tipos de cuenta real descritos anteriormente est\u00e1n destinados a traders minoristas y limitan el apalancamiento a un m\u00e1ximo de 1:30. Quienes deseen operar con un apalancamiento mayor pueden solicitar la condici\u00f3n de cliente profesional en OANDA, lo que aumenta el l\u00edmite hasta un mucho m\u00e1s flexible 1:200. Para ello debes contar con experiencia profesional en el sector financiero, disponer de un capital considerable (m\u00e1s de 500.000 \u20ac) o haber realizado m\u00e1s de 10 transacciones por trimestre en los \u00faltimos cuatro trimestres.<\/p>\n<p>Adem\u00e1s, los tipos de cuenta mencionados hasta ahora son los que corresponden a los usuarios registrados en la entidad de OANDA regulada por la KNF. Los traders de fuera de la UE podr\u00e1n disponer de opciones de cuenta alternativas con condiciones de trading diferentes.<br \/>\n\n\t\t\t\t<div class=\"table\">\n\t\t\t\t\t<table class=\"table table-striped table-bordered\">\n\t\t\t\t\t\t<tr>\n\t\t\t\t\t\t\t<td style=\"width: 250px;\"><strong>Cuenta demo<\/strong><\/td>\n\t\t\t\t\t\t\t<td><img decoding=\"async\" width=\"24\" height=\"24\" src=\"\/wp-content\/themes\/best-brokers\/assets\/images\/ico-check.svg\" alt=\"Available\" \/><\/td>\n\t\t\t\t\t\t<\/tr>\n\t\t\t\t\t\t<tr>\n\t\t\t\t\t\t\t<td><strong>Islamic Account<\/strong><\/td>\n\t\t\t\t\t\t\t<td><img decoding=\"async\" width=\"24\" height=\"24\" src=\"\/wp-content\/themes\/best-brokers\/assets\/images\/ico-xmark.svg\" alt=\"Not Available\" \/><\/td>\n\t\t\t\t\t\t<\/tr>\n\t\t\t\t\t\t<tr>\n\t\t\t\t\t\t\t<td><strong>Cuenta ECN<\/strong><\/td>\n\t\t\t\t\t\t\t<td><img decoding=\"async\" width=\"24\" height=\"24\" src=\"\/wp-content\/themes\/best-brokers\/assets\/images\/ico-xmark.svg\" alt=\"Not Available\" \/><\/td>\n\t\t\t\t\t\t<\/tr>\n\t\t\t\t\t\t<tr>\n\t\t\t\t\t\t\t<td><strong>Cuenta Pro<\/strong><\/td>\n\t\t\t\t\t\t\t<td><img decoding=\"async\" width=\"24\" height=\"24\" src=\"\/wp-content\/themes\/best-brokers\/assets\/images\/ico-check.svg\" alt=\"Available\" \/><\/td>\n\t\t\t\t\t\t<\/tr>\n\t\t\t\t\t\t<tr>\n\t\t\t\t\t\t\t<td><strong>MAM Account<\/strong><\/td>\n\t\t\t\t\t\t\t<td><img decoding=\"async\" width=\"24\" height=\"24\" src=\"\/wp-content\/themes\/best-brokers\/assets\/images\/ico-xmark.svg\" alt=\"Not Available\" \/><\/td>\n\t\t\t\t\t\t<\/tr>\n\t\t\t\t\t<\/table>\n\t\t\t\t<\/div>\n\t\t\t<\/p>\n<h2 id=\"deposit\"><i class=\"ico ico--money-supply\"><\/i>Requisitos de dep\u00f3sito m\u00ednimo en OANDA<\/h2>\n<p>Aunque OANDA no impone un requisito general de transacci\u00f3n, s\u00ed establece importes m\u00ednimos de dep\u00f3sito para determinados m\u00e9todos de recarga. Si deseas depositar mediante Visa o Mastercard, por ejemplo, la cantidad no podr\u00e1 ser inferior a 25 \u20ac o 25 $. Sin ambargo, debemos subrayar que esa suma resulta insuficiente para operar en el mercado de divisas. Por ejemplo, el valor m\u00ednimo de una orden de EUR\/USD en OANDA es de 0,01 lotes, es decir, 1.000 \u20ac.<\/p>\n<h2 id=\"instruments\"><i class=\"ico ico--common-technical-analysis-tools\"><\/i>\u00bfQu\u00e9 mercados se pueden negociar en OANDA?<\/h2>\n<p>OANDA, con un cat\u00e1logo de forex que incluye CFD sobre pares como EUR\/USD, EUR\/JPY, USD\/CHF y docenas de opciones m\u00e1s, es un excelente br\u00f3ker para los traders interesados en el mercado de divisas. Quienes valoren la variedad de instrumentos o, simplemente, prefieran otras alternativas, tambi\u00e9n hallar\u00e1n en OANDA un br\u00f3ker adecuado, pues ofrece CFD sobre materias primas, acciones, \u00edndices, criptomonedas y fondos cotizados (ETF). Tambi\u00e9n existe la posibilidad de invertir directamente en acciones e \u00edndices.<\/p>\n<h2 id=\"steps\"><i class=\"ico ico--account\"><\/i>Registro paso a paso en OANDA: aproximadamente 2 minutos (cuenta demo)<\/h2>\n<p>En primer lugar, repasaremos el proceso de creaci\u00f3n de una cuenta demo. A diferencia del registro para operar en vivo, abrir una cuenta demo es extremadamente r\u00e1pido y sencillo, lo que permitir\u00e1 a los traders novatos probar lo que OANDA ofrece lo antes posible.<\/p>\n<ol class=\"list list--steps\">\n<li>Visita la p\u00e1gina principal de OANDA y haz clic en el bot\u00f3n \u00abDemo\u00bb junto a las opciones de idioma.<img decoding=\"async\" class=\"aligncenter\" src=\"https:\/\/www.bestbrokers.com\/wp-content\/uploads\/2025\/07\/new-oanda-homepage-registration.webp\" alt=\"OANDA Registration Step 8\" \/><\/li>\n<li>Introduce tu correo electr\u00f3nico y n\u00famero de tel\u00e9fono, y crea una contrase\u00f1a segura. Cuando finalices, acepta los t\u00e9rminos de OANDA y contin\u00faa haciendo clic en el bot\u00f3n \u00abOpen Demo Account\u00bb.<img decoding=\"async\" class=\"aligncenter\" src=\"https:\/\/www.bestbrokers.com\/wp-content\/uploads\/2025\/02\/oanda-registration-2.webp\" alt=\"OANDA Registration Step 2\" \/><\/li>\n<li>A continuaci\u00f3n, OANDA te pedir\u00e1 que revises tu correo electr\u00f3nico y actives tu cuenta.<img decoding=\"async\" class=\"aligncenter\" src=\"https:\/\/www.bestbrokers.com\/wp-content\/uploads\/2025\/02\/oanda-registration-3.webp\" alt=\"OANDA Registration Step 3\" \/><\/li>\n<li>Al seguir el enlace de activaci\u00f3n llegar\u00e1s a una p\u00e1gina con tu c\u00f3digo de acceso. Para continuar, haz clic en el bot\u00f3n \u00abLogin\u00bb.<img decoding=\"async\" class=\"aligncenter\" src=\"https:\/\/www.bestbrokers.com\/wp-content\/uploads\/2025\/02\/oanda-registration-4.webp\" alt=\"OANDA Registration Step 4\" \/><\/li>\n<li>Inicia sesi\u00f3n con el c\u00f3digo proporcionado y tu contrase\u00f1a.<img decoding=\"async\" class=\"aligncenter\" src=\"https:\/\/www.bestbrokers.com\/wp-content\/uploads\/2025\/02\/oanda-registration-5.webp\" alt=\"OANDA Registration Step 5\" \/><\/li>\n<li>Lee la advertencia de OANDA sobre los riesgos de los productos apalancados. Si comprendes los riesgos y deseas continuar, haz clic en \u00abAccept\u00bb.<img decoding=\"async\" class=\"aligncenter\" src=\"https:\/\/www.bestbrokers.com\/wp-content\/uploads\/2025\/02\/oanda-registration-6.webp\" alt=\"OANDA Registration Step 6\" \/><\/li>\n<li>Ya est\u00e1s listo para usar tu cuenta Demo.<img decoding=\"async\" class=\"aligncenter\" src=\"https:\/\/www.bestbrokers.com\/wp-content\/uploads\/2025\/02\/oanda-registration-7.webp\" alt=\"OANDA Registration Step 7\" \/><\/li>\n<\/ol>\n<h2 id=\"verification\"><i class=\"ico ico--approve\"><\/i>Registro y verificaci\u00f3n de la cuenta en OANDA: aproximadamente 8 minutos (cuenta real)<\/h2>\n<p>A los entusiastas del trading que deseen escoger OANDA como su br\u00f3ker y est\u00e9n listos para operar con fondos reales se les recomienda seguir los pasos que se detallan a continuaci\u00f3n.<\/p>\n<ol class=\"list list--steps\">\n<li>En la p\u00e1gina principal de OANDA, haz clic en el bot\u00f3n \u00abStart Trading\u00bb para comenzar el proceso de registro.<img decoding=\"async\" class=\"aligncenter\" src=\"https:\/\/www.bestbrokers.com\/wp-content\/uploads\/2025\/07\/new-oanda-homepage-registration.webp\" alt=\"OANDA Registration Step 8\" \/><\/li>\n<li>Ahora selecciona tu pa\u00eds de residencia.<img decoding=\"async\" class=\"aligncenter\" src=\"https:\/\/www.bestbrokers.com\/wp-content\/uploads\/2025\/02\/oanda-registration-9.webp\" alt=\"OANDA Registration Step 9\" \/><\/li>\n<li>Introduce tu correo electr\u00f3nico en el campo correspondiente y haz clic en \u00abConfirm Email\u00bb.<br \/>\n<img decoding=\"async\" class=\"aligncenter\" src=\"https:\/\/www.bestbrokers.com\/wp-content\/uploads\/2025\/02\/oanda-registration-10.webp\" alt=\"OANDA Registration Step 10\" \/><\/li>\n<li>Crea una contrase\u00f1a segura y acepta los T\u00e9rminos de servicio de OANDA.<img decoding=\"async\" class=\"aligncenter\" src=\"https:\/\/www.bestbrokers.com\/wp-content\/uploads\/2025\/02\/oanda-registration-11.webp\" alt=\"OANDA Registration Step 11\" \/><\/li>\n<li>A continuaci\u00f3n, deber\u00e1s subir tu documento de identidad o pasaporte. Puedes hacerlo desde tu ordenador o dispositivo m\u00f3vil.<img decoding=\"async\" class=\"aligncenter\" src=\"https:\/\/www.bestbrokers.com\/wp-content\/uploads\/2025\/02\/oanda-registration-12.webp\" alt=\"OANDA Registration Step 12\" \/><\/li>\n<li>OANDA te indicar\u00e1 c\u00f3mo subir una foto adecuada para la verificaci\u00f3n. En l\u00edneas generales, deber\u00e1s asegurarte de que la informaci\u00f3n sea legible y de que nada quede tapado por reflejos o sombras.<img decoding=\"async\" class=\"aligncenter\" src=\"https:\/\/www.bestbrokers.com\/wp-content\/uploads\/2025\/02\/oanda-registration-13.webp\" alt=\"OANDA Registration Step 13\" \/><\/li>\n<li>Ahora toma la foto o selecciona una imagen existente en la memoria de tu dispositivo. Tendr\u00e1s que hacer la foto del anverso y reverso del documento. En caso de que algo est\u00e9 incorrecto, OANDA te solicitar\u00e1 que elijas otra foto.<img decoding=\"async\" class=\"aligncenter\" src=\"https:\/\/www.bestbrokers.com\/wp-content\/uploads\/2025\/02\/oanda-registration-14.webp\" alt=\"OANDA Registration Step 14\" \/><\/li>\n<li>Si la carga se ha realizado con \u00e9xito, haz clic en \u00abNext\u00bb y contin\u00faa.<img decoding=\"async\" class=\"aligncenter\" src=\"https:\/\/www.bestbrokers.com\/wp-content\/uploads\/2025\/02\/oanda-registration-15.webp\" alt=\"OANDA Registration Step 15\" \/><\/li>\n<li>En la p\u00e1gina \u00abPersonal Information\u00bb ver\u00e1s los datos incluidos en el documento que subiste. Revisa cada campo para asegurar que todo sea correcto. Si es as\u00ed, haz clic en \u00abNext\u00bb.<br \/>\n<img decoding=\"async\" class=\"aligncenter\" src=\"https:\/\/www.bestbrokers.com\/wp-content\/uploads\/2025\/02\/oanda-registration-16.webp\" alt=\"OANDA Registration Step 16\" \/><\/li>\n<li>Ahora deber\u00e1s verificar tu n\u00famero de tel\u00e9fono.<br \/>\n<img decoding=\"async\" class=\"aligncenter\" src=\"https:\/\/www.bestbrokers.com\/wp-content\/uploads\/2025\/02\/oanda-registration-17.webp\" alt=\"OANDA Registration Step 17\" \/><\/li>\n<li>Recibir\u00e1s un SMS en pocos segundos. Despu\u00e9s, introduce el c\u00f3digo y haz clic en \u00abConfirm\u00bb.<br \/>\n<img decoding=\"async\" class=\"aligncenter\" src=\"https:\/\/www.bestbrokers.com\/wp-content\/uploads\/2025\/02\/oanda-registration-18.webp\" alt=\"OANDA Registration Step 18\" \/><\/li>\n<li>El siguiente paso consiste en a\u00f1adir tu informaci\u00f3n de domicilio.<br \/>\n<img decoding=\"async\" class=\"aligncenter\" src=\"https:\/\/www.bestbrokers.com\/wp-content\/uploads\/2025\/02\/oanda-registration-19.webp\" alt=\"OANDA Registration Step 19\" \/><\/li>\n<li>En esta p\u00e1gina tendr\u00e1s que confirmar tu residencia fiscal e introducir tu n\u00famero de identificaci\u00f3n fiscal o equivalente.<br \/>\n<img decoding=\"async\" class=\"aligncenter\" src=\"https:\/\/www.bestbrokers.com\/wp-content\/uploads\/2025\/02\/oanda-registration-20.webp\" alt=\"OANDA Registration Step 20\" \/><\/li>\n<li>A continuaci\u00f3n, elige tu divisa preferida. Las opciones son EUR, PLN, USD y CZK.<br \/>\n<img decoding=\"async\" class=\"aligncenter\" src=\"https:\/\/www.bestbrokers.com\/wp-content\/uploads\/2025\/02\/oanda-registration-21.webp\" alt=\"OANDA Registration Step 21\" \/><\/li>\n<li>La p\u00e1gina siguiente se centra en tu perfil financiero y hace referencia a tu empleo, ingresos y ahorros. Una vez terminado, contin\u00faa haciendo clic en \u00abNext\u00bb.<br \/>\n<img decoding=\"async\" class=\"aligncenter\" src=\"https:\/\/www.bestbrokers.com\/wp-content\/uploads\/2025\/02\/oanda-registration-22.webp\" alt=\"OANDA Registration Step 22\" \/><\/li>\n<li>En la p\u00e1gina Statements, OANDA te pedir\u00e1 que indiques si eres contribuyente estadounidense o una persona pol\u00edticamente expuesta. Tambi\u00e9n tendr\u00e1s que especificar qu\u00e9 tipo de Data User eres. Seguidamente, lee los documentos relativos al contrato de cuenta de trading y confirma que los has le\u00eddo y aceptado. Por \u00faltimo, pasa a la siguiente etapa.<br \/>\n<img decoding=\"async\" class=\"aligncenter\" src=\"https:\/\/www.bestbrokers.com\/wp-content\/uploads\/2025\/02\/oanda-registration-23.webp\" alt=\"OANDA Registration Step 23\" \/><\/li>\n<li>Espera a que OANDA verifique tu informaci\u00f3n.<br \/>\n<img decoding=\"async\" class=\"aligncenter\" src=\"https:\/\/www.bestbrokers.com\/wp-content\/uploads\/2025\/02\/oanda-registration-24.webp\" alt=\"OANDA Registration Step 24\" \/><\/li>\n<li>Completa la encuesta de idoneidad, la cual eval\u00faa tus conocimientos sobre el trading de Forex y CFD. Una vez que hayas finalizado, confirma que tus respuestas son ver\u00eddicas y haz clic en \u00abSend\u00bb.<br \/>\n<img decoding=\"async\" class=\"aligncenter\" src=\"https:\/\/www.bestbrokers.com\/wp-content\/uploads\/2025\/02\/oanda-registration-25.webp\" alt=\"OANDA Registration Step 25\" \/><\/li>\n<li>Si se te considera apto para una cuenta de trading real, OANDA te permitir\u00e1 continuar.<br \/>\n<img decoding=\"async\" class=\"aligncenter\" src=\"https:\/\/www.bestbrokers.com\/wp-content\/uploads\/2025\/02\/oanda-registration-26.webp\" alt=\"OANDA Registration Step 26\" \/><\/li>\n<li>En la p\u00e1gina siguiente tendr\u00e1s la opci\u00f3n de depositar fondos en tu cuenta reci\u00e9n creada. Puedes omitir este paso por ahora.<br \/>\n<img decoding=\"async\" class=\"aligncenter\" src=\"https:\/\/www.bestbrokers.com\/wp-content\/uploads\/2025\/02\/oanda-registration-27.webp\" alt=\"OANDA Registration Step 27\" \/><\/li>\n<li>La \u00faltima p\u00e1gina de registro te proporcionar\u00e1 un enlace a la Client Zone, al que podr\u00e1s acceder haciendo clic en \u00abNext\u00bb.<br \/>\n<img decoding=\"async\" class=\"aligncenter\" src=\"https:\/\/www.bestbrokers.com\/wp-content\/uploads\/2025\/02\/oanda-registration-28.webp\" alt=\"OANDA Registration Step 28\" \/><\/li>\n<li>Has completado el proceso de registro con \u00e9xito. Lo que sigue es esperar a que el equipo de OANDA verifique tus documentos. Adem\u00e1s, OANDA te enviar\u00e1 un correo electr\u00f3nico en el que detallar\u00e1 cualquier documentaci\u00f3n adicional requerida. Ten en cuenta que, si depositas mediante tarjeta de cr\u00e9dito o d\u00e9bito, OANDA solicitar\u00e1 fotos de tu permiso de conducir, pasaporte o de la propia tarjeta. Tambi\u00e9n deber\u00e1s enviar un documento reciente (extracto bancario o de tarjeta, factura de servicios, documento gubernamental o registro del impuesto municipal) como prueba de domicilio.<br \/>\n<img decoding=\"async\" class=\"aligncenter\" src=\"https:\/\/www.bestbrokers.com\/wp-content\/uploads\/2025\/02\/oanda-registration-29.webp\" alt=\"OANDA Registration Step 29\" \/><\/li>\n<\/ol>\n<h2 id=\"conclusion\"><i class=\"ico ico--pen\"><\/i>Conclusi\u00f3n<\/h2>\n<p>Seg\u00fan OANDA, el proceso de registro requiere unos 8 minutos. Por nuestra experiencia, esa estimaci\u00f3n es bastante precisa, aunque podr\u00eda prolongarse un poco si necesitas volver a cargar tus documentos o surgen peque\u00f1os inconvenientes. La verificaci\u00f3n por SMS tambi\u00e9n fue r\u00e1pida, ya que OANDA envi\u00f3 el c\u00f3digo a nuestro equipo en cuesti\u00f3n de segundos. En cuanto a la aprobaci\u00f3n de los documentos de los usuarios, se suele tardar entre uno y varios d\u00edas.<\/p>\n","protected":false},"excerpt":{"rendered":"<p>Tipos de cuenta en OANDA, en s\u00edntesis OANDA, un br\u00f3ker cuyos or\u00edgenes se remontan a los a\u00f1os 90, tiene mucho que ofrecer a los amantes del forex. Entre otras ventajas, incluye una impresionante gama de instrumentos de trading y una excelente compatibilidad m\u00f3vil. Con el fin de adaptarse a traders de todos los niveles de [&hellip;]<\/p>\n","protected":false},"author":2,"featured_media":0,"parent":10828,"menu_order":0,"comment_status":"closed","ping_status":"closed","template":"templates\/review.php","meta":{"footnotes":""},"class_list":["post-59730","page","type-page","status-publish","hentry"],"aioseo_notices":[],"_links":{"self":[{"href":"https:\/\/www.bestbrokers.com\/es\/wp-json\/wp\/v2\/pages\/59730","targetHints":{"allow":["GET"]}}],"collection":[{"href":"https:\/\/www.bestbrokers.com\/es\/wp-json\/wp\/v2\/pages"}],"about":[{"href":"https:\/\/www.bestbrokers.com\/es\/wp-json\/wp\/v2\/types\/page"}],"author":[{"embeddable":true,"href":"https:\/\/www.bestbrokers.com\/es\/wp-json\/wp\/v2\/users\/2"}],"replies":[{"embeddable":true,"href":"https:\/\/www.bestbrokers.com\/es\/wp-json\/wp\/v2\/comments?post=59730"}],"version-history":[{"count":10,"href":"https:\/\/www.bestbrokers.com\/es\/wp-json\/wp\/v2\/pages\/59730\/revisions"}],"predecessor-version":[{"id":71354,"href":"https:\/\/www.bestbrokers.com\/es\/wp-json\/wp\/v2\/pages\/59730\/revisions\/71354"}],"up":[{"embeddable":true,"href":"https:\/\/www.bestbrokers.com\/es\/wp-json\/wp\/v2\/pages\/10828"}],"wp:attachment":[{"href":"https:\/\/www.bestbrokers.com\/es\/wp-json\/wp\/v2\/media?parent=59730"}],"curies":[{"name":"wp","href":"https:\/\/api.w.org\/{rel}","templated":true}]}}