{"id":59731,"date":"2025-03-19T09:40:58","date_gmt":"2025-03-19T09:40:58","guid":{"rendered":"https:\/\/www.bestbrokers.com\/?page_id=59731"},"modified":"2025-11-21T08:01:37","modified_gmt":"2025-11-21T08:01:37","slug":"account-opening","status":"publish","type":"page","link":"https:\/\/www.bestbrokers.com\/es\/reviews\/etoro\/account-opening\/","title":{"rendered":"C\u00f3mo abrir una cuenta en eToro"},"content":{"rendered":"<div class=\"author-line\">Escrito por <span class=\"author\">Zornitsa Stefanova<div class=\"author-sub-box\"><div class=\"author-avatar\"><img decoding=\"async\" src=\"https:\/\/www.bestbrokers.com\/wp-content\/uploads\/2024\/09\/zornica-stefanova.jpeg\" \/><\/div><div class=\"author-info-wrapper\"><div class=\"author-name\"><a href=\"https:\/\/www.bestbrokers.com\/es\/authors\/zornitsa-stefanova\/\">Zornitsa Stefanova<\/a><\/div><div class=\"author-bio\">Zornitsa Stefanova es una analista con amplia experiencia en el mercado de divisas y criptomonedas. Tambi\u00e9n es especialista en temas financieros, como el trading de acciones y las inversiones para la jubilaci\u00f3n.<\/div><\/div><\/div><\/span>,  <a rel=\"nofollow\" target=\"_blank\" href=\"https:\/\/www.linkedin.com\/in\/zornica-stefanova-73ab39287\/\"><img decoding=\"async\" class=\"social-icon\" src=\"https:\/\/www.bestbrokers.com\/wp-content\/themes\/best-brokers\/assets\/images\/icon-linkedin.svg\" data-no-lazy=\"1\"><\/a> <span class=\"sep\">|<\/span> Traducido por <span class=\"author\">Estrella Fernandez<div class=\"author-sub-box\"><div class=\"author-avatar\"><img decoding=\"async\" src=\"https:\/\/www.bestbrokers.com\/wp-content\/uploads\/2024\/10\/Estrella-Fernandez.jpeg\" \/><\/div><div class=\"author-info-wrapper\"><div class=\"author-name\"><a href=\"https:\/\/www.bestbrokers.com\/es\/authors\/estrella-fernandez\/\">Estrella Fernandez<\/a><\/div><div class=\"author-bio\">Estrella Fernandez edita y revista contenidos financieros para blogs y websites y hace traducciones de franc\u00e9s e ingl\u00e9s a espa\u00f1ol.<\/div><\/div><\/div><\/span>, <a rel=\"nofollow\" target=\"_blank\" href=\"https:\/\/www.linkedin.com\/in\/estrella-fern%C3%A1ndez-gordillo-a54ab483\/?originalSubdomain=es\"><img decoding=\"async\" class=\"social-icon\" src=\"https:\/\/www.bestbrokers.com\/wp-content\/themes\/best-brokers\/assets\/images\/icon-linkedin.svg\" data-no-lazy=\"1\"><\/a> <span class=\"sep\">|<\/span> Actualizado: <time class=\"entry-date\" datetime=\"2025-11-21T08:01:37+00:00\">noviembre 21, 2025<\/time><\/div>\n<h2 id=\"brief\"><i class=\"ico ico--assets\"><\/i>Tipos de cuenta en eToro, en s\u00edntesis<\/h2>\n<p>eToro ofrece varios tipos de cuenta que se ajustan a las preferencias de distintos traders, empezando por la cuenta personal, destinada a clientes minoristas.<\/p>\n<p>Adem\u00e1s, cabe destacar la cuenta sin swap de eToro, caracterizada por un inter\u00e9s cero en las posiciones abiertas m\u00e1s un periodo de gracia de siete d\u00edas, antes de aplicar comisiones administrativas. El br\u00f3ker tambi\u00e9n atiende a clientes corporativos mediante una adecuada cuenta profesional.<\/p>\n<p>Por \u00faltimo, los traders principiantes podr\u00e1n alternar entre el trading virtual y el real, una vez registrados. Con la cuenta Demo los traders que deseen practicar y perfeccionar sus habilidades obtendr\u00e1n fondos virtuales para probar sus habilidades en un entorno sin riesgo, sin la amenaza de perder dinero.<\/p>\n\n\t\t\t\t<div class=\"table\">\n\t\t\t\t\t<table class=\"table table-striped table-bordered\">\n\t\t\t\t\t\t<tr>\n\t\t\t\t\t\t\t<td style=\"width: 250px;\"><strong>Cuenta demo<\/strong><\/td>\n\t\t\t\t\t\t\t<td><img decoding=\"async\" width=\"24\" height=\"24\" src=\"\/wp-content\/themes\/best-brokers\/assets\/images\/ico-check.svg\" alt=\"Available\" \/><\/td>\n\t\t\t\t\t\t<\/tr>\n\t\t\t\t\t\t<tr>\n\t\t\t\t\t\t\t<td><strong>Islamic Account<\/strong><\/td>\n\t\t\t\t\t\t\t<td><img decoding=\"async\" width=\"24\" height=\"24\" src=\"\/wp-content\/themes\/best-brokers\/assets\/images\/ico-check.svg\" alt=\"Available\" \/><\/td>\n\t\t\t\t\t\t<\/tr>\n\t\t\t\t\t\t<tr>\n\t\t\t\t\t\t\t<td><strong>Cuenta ECN<\/strong><\/td>\n\t\t\t\t\t\t\t<td><img decoding=\"async\" width=\"24\" height=\"24\" src=\"\/wp-content\/themes\/best-brokers\/assets\/images\/ico-xmark.svg\" alt=\"Not Available\" \/><\/td>\n\t\t\t\t\t\t<\/tr>\n\t\t\t\t\t\t<tr>\n\t\t\t\t\t\t\t<td><strong>Cuenta Pro<\/strong><\/td>\n\t\t\t\t\t\t\t<td><img decoding=\"async\" width=\"24\" height=\"24\" src=\"\/wp-content\/themes\/best-brokers\/assets\/images\/ico-check.svg\" alt=\"Available\" \/><\/td>\n\t\t\t\t\t\t<\/tr>\n\t\t\t\t\t\t<tr>\n\t\t\t\t\t\t\t<td><strong>MAM Account<\/strong><\/td>\n\t\t\t\t\t\t\t<td><img decoding=\"async\" width=\"24\" height=\"24\" src=\"\/wp-content\/themes\/best-brokers\/assets\/images\/ico-xmark.svg\" alt=\"Not Available\" \/><\/td>\n\t\t\t\t\t\t<\/tr>\n\t\t\t\t\t<\/table>\n\t\t\t\t<\/div>\n\t\t\t\n<h2 id=\"deposit\"><i class=\"ico ico--money-supply\"><\/i>Requisitos de dep\u00f3sito m\u00ednimo en eToro<\/h2>\n<p>Los traders deber\u00e1n tener en cuenta que el dep\u00f3sito inicial m\u00ednimo de eToro variar\u00e1 en funci\u00f3n del pa\u00eds de residencia. En la mayor\u00eda de los pa\u00edses europeos, incluido el Reino Unido, el primer ingreso m\u00ednimo es de 50 $. Lo mismo se aplica a Taiw\u00e1n, Australia, Malasia, Singapur, Estados Unidos y los territorios de ultramar de Francia. En los Emiratos \u00c1rabes Unidos, el m\u00ednimo requerido es de 100 $. Quienes residan en lugares como Nueva Zelanda, Kuwait, Isla de Man, Jersey y Reuni\u00f3n estar\u00e1n sujetos a un dep\u00f3sito inicial de 1.000 $. En algunos pa\u00edses, como Bulgaria y Sud\u00e1frica, el requisito asciende a 2.000 $, mientras que los israel\u00edes deber\u00e1n cumplir un m\u00ednimo de 10.000 $. Por \u00faltimo, los traders de pa\u00edses elegibles no incluidos en la lista anterior estar\u00e1n sujetos a un m\u00ednimo de 200 $. Los dep\u00f3sitos posteriores deben ser de al menos 50 $, salvo en el Reino Unido (10 $) y Estados Unidos (1 $). Adem\u00e1s, las transferencias bancarias deben ser de un m\u00ednimo de 500 $.<\/p>\n<h2 id=\"instruments\"><i class=\"ico ico--common-technical-analysis-tools\"><\/i>\u00bfQu\u00e9 mercados se pueden negociar en eToro?<\/h2>\n<p>Una de las grandes ventajas de eToro es su cat\u00e1logo de productos, que ha convertido a eToro en una marca de referencia, tanto en el social trading como en las criptomonedas. Adem\u00e1s de cripto, eToro ofrece mercados como acciones y ETF.<\/p>\n<h2 id=\"steps\"><i class=\"ico ico--account\"><\/i>Registro paso a paso en eToro: aproximadamente unos 15 minutos (cuenta real)<\/h2>\n<p>El proceso de registro de eToro es bastante exhaustivo, auqnue si sigues los pasos que detallamos a continuaci\u00f3n no tardar\u00e1s demasiado tiempo. Tambi\u00e9n explicaremos c\u00f3mo verificar tu cuenta.<\/p>\n<ol class=\"list list--steps\">\n<li>El primer paso consiste en hacer clic en el bot\u00f3n \u00abJoin eToro\u00bb en la p\u00e1gina principal del br\u00f3ker.<img decoding=\"async\" class=\"aligncenter\" src=\"https:\/\/www.bestbrokers.com\/wp-content\/uploads\/2025\/02\/etoro-registration-1.webp\" alt=\"eToro Registration Step 1\" \/><\/li>\n<li>A continuaci\u00f3n, introduce tu correo electr\u00f3nico y crea un nombre de usuario y una contrase\u00f1a. Acepta los t\u00e9rminos y la pol\u00edtica de privacidad de eToro y haz clic en \u00abCreate Account\u00bb.<\/li>\n<li>Al activar tu cuenta recibir\u00e1s gratis una posici\u00f3n en cripto por valor de 10 $. Las opciones disponibles son Bitcoin, Ethereum, EOS, Ethereum Classic, Shiba Inu Coin, Dogecoin, Litecoin, Chainlink y Uniswap. Una vez que hayas elegido tu moneda, haz clic en \u00abContinue\u00bb.<br \/>\n<img decoding=\"async\" class=\"aligncenter\" src=\"https:\/\/www.bestbrokers.com\/wp-content\/uploads\/2025\/02\/etoro-registration-3.webp\" alt=\"eToro Registration Step 3\" \/><\/li>\n<li>Ahora eToro te pedir\u00e1 iniciar el proceso de verificaci\u00f3n.<br \/>\n<img decoding=\"async\" class=\"aligncenter\" src=\"https:\/\/www.bestbrokers.com\/wp-content\/uploads\/2025\/02\/etoro-registration-4.webp\" alt=\"eToro Registration Step 4\" \/><\/li>\n<li>Escribe tu nombre legal, selecciona tu g\u00e9nero e introduce tu fecha de nacimiento.<br \/>\n<img decoding=\"async\" class=\"aligncenter\" src=\"https:\/\/www.bestbrokers.com\/wp-content\/uploads\/2025\/02\/etoro-registration-5.webp\" alt=\"eToro Registration Step 5\" \/><\/li>\n<li>Indica tu direcci\u00f3n, confirma si el pa\u00eds seleccionado es tanto el de tu lugar de nacimiento como tu pa\u00eds de ciudadan\u00eda y especifica si eres ciudadano de Estados Unidos.<br \/>\n<img decoding=\"async\" class=\"aligncenter\" src=\"https:\/\/www.bestbrokers.com\/wp-content\/uploads\/2025\/02\/etoro-registration-6.webp\" alt=\"eToro Registration Step 6\" \/><\/li>\n<li>Ahora podr\u00e1s facilitar tu n\u00famero de identificaci\u00f3n nacional. Este paso es opcional.<br \/>\n<img decoding=\"async\" class=\"aligncenter\" src=\"https:\/\/www.bestbrokers.com\/wp-content\/uploads\/2025\/02\/etoro-registration-7.webp\" alt=\"eToro Registration Step 7\" \/><\/li>\n<li>Indica a eToro tu experiencia en el trading de acciones y ETF, as\u00ed como la cantidad de dinero que has invertido durante los \u00faltimos doce meses.<br \/>\n<img decoding=\"async\" class=\"aligncenter\" src=\"https:\/\/www.bestbrokers.com\/wp-content\/uploads\/2025\/02\/etoro-registration-8.webp\" alt=\"eToro Registration Step 8\" \/><\/li>\n<li>Seguidamente, haz lo mismo en relaci\u00f3n con las criptomonedas.<br \/>\n<img decoding=\"async\" class=\"aligncenter\" src=\"https:\/\/www.bestbrokers.com\/wp-content\/uploads\/2025\/02\/etoro-registration-9.webp\" alt=\"eToro Registration Step 9\" \/><\/li>\n<li>Si tienes un t\u00edtulo en finanzas, has realizado cursos de trading centrados en productos apalancados o eres un profesional certificado en el \u00e1mbito financiero, selecciona las opciones correspondientes. De lo contrario, elige \u00abNo Training\u00bb y contin\u00faa con el siguiente paso.<img decoding=\"async\" class=\"aligncenter\" src=\"https:\/\/www.bestbrokers.com\/wp-content\/uploads\/2025\/02\/etoro-registration-11.webp\" alt=\"eToro Registration Step 11\" \/><\/li>\n<li>Aqu\u00ed comienza la fase de evaluaci\u00f3n. El primer conjunto de preguntas se refiere al apalancamiento y otros conceptos b\u00e1sicos, mientras que el siguiente evaluar\u00e1 tu comprensi\u00f3n del trading con criptomonedas.<img decoding=\"async\" class=\"aligncenter\" src=\"https:\/\/www.bestbrokers.com\/wp-content\/uploads\/2025\/02\/etoro-registration-12.webp\" alt=\"eToro Registration Step 12\" \/><\/li>\n<li>Indica durante cu\u00e1nto tiempo mantendr\u00e1s tus pr\u00f3ximas posiciones.<img decoding=\"async\" class=\"aligncenter\" src=\"https:\/\/www.bestbrokers.com\/wp-content\/uploads\/2025\/02\/etoro-registration-13.webp\" alt=\"eToro Registration Step 13\" \/><\/li>\n<li>Comunica a eToro qu\u00e9 pretendes conseguir al operar en la plataforma y la cantidad de dinero que planeas depositar. Al final de la p\u00e1gina ver\u00e1s el dep\u00f3sito inicial m\u00ednimo para tu regi\u00f3n.<br \/>\n<img decoding=\"async\" class=\"aligncenter\" src=\"https:\/\/www.bestbrokers.com\/wp-content\/uploads\/2025\/02\/etoro-registration-14.webp\" alt=\"eToro Registration Step 14\" \/><\/li>\n<li>Elige la opci\u00f3n que mejor describa tu tolerancia al riesgo, es decir, cu\u00e1nto esperas ganar y perder. Por ejemplo, seleccionar 20 %\/-20 % significa que est\u00e1s dispuesto a arriesgar 10.000 $ para ganar 10.000 $.<br \/>\n<img decoding=\"async\" class=\"aligncenter\" src=\"https:\/\/www.bestbrokers.com\/wp-content\/uploads\/2025\/02\/etoro-registration-15.webp\" alt=\"eToro Registration Step 15\" \/><\/li>\n<li>La p\u00e1gina siguiente eval\u00faa si t\u00fa (o alg\u00fan familiar directo) eres una persona pol\u00edticamente expuesta.<br \/>\n<img decoding=\"async\" class=\"aligncenter\" src=\"https:\/\/www.bestbrokers.com\/wp-content\/uploads\/2025\/02\/etoro-registration-16.webp\" alt=\"eToro Registration Step 16\" \/><\/li>\n<li>eToro tambi\u00e9n preguntar\u00e1 por tu situaci\u00f3n financiera: la procedencia de tus fondos, tu ocupaci\u00f3n, tus ingresos netos anuales y tus ahorros.<br \/>\n<img decoding=\"async\" class=\"aligncenter\" src=\"https:\/\/www.bestbrokers.com\/wp-content\/uploads\/2025\/02\/etoro-registration-17.webp\" alt=\"eToro Registration Step 17\" \/><\/li>\n<li>eToro te pedir\u00e1 que introduzcas tu n\u00famero de tel\u00e9fono para verificarlo mediante un mensaje de texto.<br \/>\n<img decoding=\"async\" class=\"aligncenter\" src=\"https:\/\/www.bestbrokers.com\/wp-content\/uploads\/2025\/02\/etoro-registration-18.webp\" alt=\"eToro Registration Step 18\" \/><\/li>\n<li>Tambi\u00e9n se te solicitar\u00e1 una prueba de identidad (POI) mediante una o dos fotos de un documento v\u00e1lido. Puede ser tu pasaporte, permiso de conducir o documento nacional de identidad. Deber\u00e1s subir tanto el anverso como el reverso del documento.<br \/>\n<img decoding=\"async\" class=\"aligncenter\" src=\"https:\/\/www.bestbrokers.com\/wp-content\/uploads\/2025\/02\/etoro-registration-19.webp\" alt=\"eToro Registration Step 19\" \/><\/li>\n<li>Tambi\u00e9n ser\u00e1 obligatorio aportar una prueba de domicilio (POA). Son v\u00e1lidos los extractos bancarios, res\u00famenes de tarjeta de cr\u00e9dito, facturas de servicios (electricidad, agua, gas), impuesto municipal de vivienda, cartas de la administraci\u00f3n tributaria, contratos oficiales de alquiler emitidos por el gobierno, cartas del ayuntamiento y las facturas telef\u00f3nicas o de internet. Ten en cuenta que cualquiera de estas POA debe haberse emitido en los \u00faltimos tres meses.<br \/>\n<img decoding=\"async\" class=\"aligncenter\" src=\"https:\/\/www.bestbrokers.com\/wp-content\/uploads\/2025\/02\/etoro-registration-20.webp\" alt=\"eToro Registration Step 20\" \/><\/li>\n<li>Por \u00faltimo, abre la configuraci\u00f3n de tu cuenta y verifica tu correo electr\u00f3nico solicitando un c\u00f3digo de 6 d\u00edgitos.<br \/>\n<img decoding=\"async\" class=\"aligncenter\" src=\"https:\/\/www.bestbrokers.com\/wp-content\/uploads\/2025\/02\/etoro-registration-21.webp\" alt=\"eToro Registration Step 21\" \/><\/li>\n<\/ol>\n<h2 id=\"verification\"><i class=\"ico ico--approve\"><\/i>Proceso de activaci\u00f3n del trading virtual: menos de un minuto<\/h2>\n<p>Como ya hemos se\u00f1alado, eToro ofrece a los usuarios la posibilidad de probar el trading demo con fondos virtuales antes de pasar a operar con dinero real.<\/p>\n<ol class=\"list list--steps\">\n<li>Despu\u00e9s de registrarte, podr\u00e1s omitir el proceso de verificaci\u00f3n y hacer clic en el bot\u00f3n \u00abSwitch to Virtual\u00bb que se encuentra en la esquina inferior izquierda.<br \/>\n<img decoding=\"async\" class=\"aligncenter\" src=\"https:\/\/www.bestbrokers.com\/wp-content\/uploads\/2025\/02\/etoro-registration-22.webp\" alt=\"eToro Registration Step 22\" \/><\/li>\n<li>Se abrir\u00e1 entonces una ventana de confirmaci\u00f3n con un breve resumen de lo que permite el modo virtual. Haz clic en \u00abSwitch to Virtual Portfolio\u00bb.<br \/>\n<img decoding=\"async\" class=\"aligncenter\" src=\"https:\/\/www.bestbrokers.com\/wp-content\/uploads\/2025\/02\/etoro-registration-23.webp\" alt=\"eToro Registration Step 23\" \/><\/li>\n<li>Ahora ya podr\u00e1s explorar los instrumentos de eToro. Dispondr\u00e1s de un total de 100.000 $ en fondos virtuales.<\/li>\n<\/ol>\n<h2 id=\"conclusion\"><i class=\"ico ico--pen\"><\/i>Conclusi\u00f3n<\/h2>\n<p>En definitiva, el registro y la verificaci\u00f3n pueden llevar aproximadamente 15 minutos en total. Esto incluye introducir toda la informaci\u00f3n requerida y subir los documentos necesarios. Seg\u00fan eToro, las solicitudes de verificaci\u00f3n se procesan de forma autom\u00e1tica, pero la verificaci\u00f3n manual (cuando es necesaria) puede tardar hasta tres d\u00edas h\u00e1biles. Si se realizan revisiones adicionales, el plazo podr\u00eda prolongarse a\u00fan m\u00e1s.<\/p>\n<p><em>eToro es una plataforma de inversi\u00f3n multiactivos que permite operar con acciones y criptoactivos.<\/p>\n<p>Esta comunicaci\u00f3n tiene solo fines informativos y educativos y no debe considerarse como asesoramiento o recomendaci\u00f3n de inversi\u00f3n. La rentabilidad pasada no es un indicador de resultados futuros.<\/p>\n<p>El Copy Trading no constituye asesoramiento de inversi\u00f3n. El valor de sus inversiones puede subir o bajar. Su capital est\u00e1 en riesgo.<\/p>\n<p>Las inversiones en criptoactivos son arriesgadas y pueden no ser adecuadas para los inversores minoristas; podr\u00eda perder la totalidad de su inversi\u00f3n. <a href=\"https:\/\/www.bestbrokers.com\/out\/terms\/etoro?au=130&amp;bp=1\" target=\"_blank\" rel=\"nofollow noopener\">Inf\u00f3rmese sobre los riesgos aqu\u00ed<\/a>.<\/p>\n<p>eToro USA LLC no ofrece CFDs y no realiza ninguna declaraci\u00f3n ni asume responsabilidad alguna respecto a la exactitud o integridad del contenido de esta publicaci\u00f3n. Este texto ha sido elaborado por nuestro socio utilizando informaci\u00f3n p\u00fablica disponible sobre eToro que no se refiere espec\u00edficamente a dicha entidad.<\/em><\/p>\n","protected":false},"excerpt":{"rendered":"<p>Tipos de cuenta en eToro, en s\u00edntesis eToro ofrece varios tipos de cuenta que se ajustan a las preferencias de distintos traders, empezando por la cuenta personal, destinada a clientes minoristas. Adem\u00e1s, cabe destacar la cuenta sin swap de eToro, caracterizada por un inter\u00e9s cero en las posiciones abiertas m\u00e1s un periodo de gracia de [&hellip;]<\/p>\n","protected":false},"author":2,"featured_media":0,"parent":10888,"menu_order":0,"comment_status":"closed","ping_status":"closed","template":"templates\/review.php","meta":{"footnotes":""},"class_list":["post-59731","page","type-page","status-publish","hentry"],"aioseo_notices":[],"_links":{"self":[{"href":"https:\/\/www.bestbrokers.com\/es\/wp-json\/wp\/v2\/pages\/59731","targetHints":{"allow":["GET"]}}],"collection":[{"href":"https:\/\/www.bestbrokers.com\/es\/wp-json\/wp\/v2\/pages"}],"about":[{"href":"https:\/\/www.bestbrokers.com\/es\/wp-json\/wp\/v2\/types\/page"}],"author":[{"embeddable":true,"href":"https:\/\/www.bestbrokers.com\/es\/wp-json\/wp\/v2\/users\/2"}],"replies":[{"embeddable":true,"href":"https:\/\/www.bestbrokers.com\/es\/wp-json\/wp\/v2\/comments?post=59731"}],"version-history":[{"count":13,"href":"https:\/\/www.bestbrokers.com\/es\/wp-json\/wp\/v2\/pages\/59731\/revisions"}],"predecessor-version":[{"id":74198,"href":"https:\/\/www.bestbrokers.com\/es\/wp-json\/wp\/v2\/pages\/59731\/revisions\/74198"}],"up":[{"embeddable":true,"href":"https:\/\/www.bestbrokers.com\/es\/wp-json\/wp\/v2\/pages\/10888"}],"wp:attachment":[{"href":"https:\/\/www.bestbrokers.com\/es\/wp-json\/wp\/v2\/media?parent=59731"}],"curies":[{"name":"wp","href":"https:\/\/api.w.org\/{rel}","templated":true}]}}