{"id":59732,"date":"2025-03-19T09:40:58","date_gmt":"2025-03-19T09:40:58","guid":{"rendered":"https:\/\/www.bestbrokers.com\/?page_id=59732"},"modified":"2025-10-21T14:23:42","modified_gmt":"2025-10-21T14:23:42","slug":"spreads-fees-and-commissions","status":"publish","type":"page","link":"https:\/\/www.bestbrokers.com\/es\/reviews\/avatrade\/spreads-fees-and-commissions\/","title":{"rendered":"Spreads, tarifas y comisiones de AvaTrade"},"content":{"rendered":"<div class=\"author-line\">Escrito por <span class=\"author\">Naylyan Nazifova<div class=\"author-sub-box\"><div class=\"author-avatar\"><img decoding=\"async\" src=\"https:\/\/www.bestbrokers.com\/wp-content\/uploads\/2026\/04\/nnazifova.webp\" \/><\/div><div class=\"author-info-wrapper\"><div class=\"author-name\"><a href=\"https:\/\/www.bestbrokers.com\/es\/authors\/naylyan-nazifova\/\">Naylyan Nazifova<\/a><\/div><div class=\"author-bio\">Naylyan Nazifova es una reconocida experta en el campo del trading online. Cuenta con numerosas publicaciones y an\u00e1lisis sobre el trading de divisas, la inversi\u00f3n en bolsa y las finanzas personales. <\/div><\/div><\/div><\/span>,  <a rel=\"nofollow\" target=\"_blank\" href=\"https:\/\/www.linkedin.com\/in\/naylian-nazifova-58562a272\/\"><img decoding=\"async\" class=\"social-icon\" src=\"https:\/\/www.bestbrokers.com\/wp-content\/themes\/best-brokers\/assets\/images\/icon-linkedin.svg\" data-no-lazy=\"1\"><\/a> <span class=\"sep\">|<\/span> Traducido por <span class=\"author\">Estrella Fernandez<div class=\"author-sub-box\"><div class=\"author-avatar\"><img decoding=\"async\" src=\"https:\/\/www.bestbrokers.com\/wp-content\/uploads\/2024\/10\/Estrella-Fernandez.jpeg\" \/><\/div><div class=\"author-info-wrapper\"><div class=\"author-name\"><a href=\"https:\/\/www.bestbrokers.com\/es\/authors\/estrella-fernandez\/\">Estrella Fernandez<\/a><\/div><div class=\"author-bio\">Estrella Fernandez edita y revista contenidos financieros para blogs y websites y hace traducciones de franc\u00e9s e ingl\u00e9s a espa\u00f1ol.<\/div><\/div><\/div><\/span>, <a rel=\"nofollow\" target=\"_blank\" href=\"https:\/\/www.linkedin.com\/in\/estrella-fern%C3%A1ndez-gordillo-a54ab483\/?originalSubdomain=es\"><img decoding=\"async\" class=\"social-icon\" src=\"https:\/\/www.bestbrokers.com\/wp-content\/themes\/best-brokers\/assets\/images\/icon-linkedin.svg\" data-no-lazy=\"1\"><\/a> <span class=\"sep\">|<\/span> Actualizado: <time class=\"entry-date\" datetime=\"2025-10-21T14:23:42+00:00\">octubre 21, 2025<\/time><\/div>\n<p>AvaTrade, un br\u00f3ker de forex y CFD reconocido a nivel mundial, ofrece una amplia gama de m\u00e1s de 1.000 mercados negociables, siendo su principal fuente de ingresos el spread bid-ask. Esta exhaustiva rese\u00f1a tiene como objetivo informar a los futuros traders sobre los costes de trading y no trading asociados a AvaTrade, antes de abrir cuentas reales. La transparente estructura de spreads permite a los traders conocer todos los gastos, lo que les permite gestionar sus saldos de cuenta de forma sencilla y sin estr\u00e9s. El equipo de BestBrokers ha analizado en detalle la estructura de comisiones de AvaTrade, destacando los cargos clave, como los spreads, las tasas de financiaci\u00f3n overnight y las distintas comisiones no relacionadas con el trading.<\/p>\n<h2 id=\"costs\"><i class=\"ico ico--money-supply\"><\/i>Costes de trading en AvaTrade<\/h2>\n<p>AvaTrade ofrece dos tipos principales de cuenta: Cuenta Standard y Cuenta Profesional. La primera es adecuada para traders minoristas, mientras que la segunda est\u00e1 reservada para los traders que cumplan los criterios de elegibilidad del br\u00f3ker. Los titulares de cuentas Pro en AvaTrade disfrutan de spreads m\u00e1s ajustados y l\u00edmites de apalancamiento m\u00e1s altos.<\/p>\n<p>Adem\u00e1s de las cuentas Standard y Profesional, el br\u00f3ker ofrece una cuenta de spread betting para traders del Reino Unido e Irlanda, una cuenta isl\u00e1mica conforme a la Shar\u00eda y una cuenta AvaOptions adecuada para traders con la experiencia suficiente. Todos los tipos de cuenta permiten operar en lotes est\u00e1ndar, mini y micro, seg\u00fan el tama\u00f1o que deseen negociar los traders. En cuanto a las plataformas de trading compatibles, los clientes de la marca podr\u00e1n elegir entre MT4, MT5, la plataforma propietaria AvaOptions y las plataformas de copy trading.<\/p>\n<p>En esta secci\u00f3n nos centraremos en los costes de trading de las cuentas Standard y Pro de AvaTrade. La Cuenta Standard utiliza un modelo de precios basado en spreads que incorpora todos los costes de trading en el valor del spread. Los spreads son fijos, lo que permitir\u00e1 a los traders obtener el mismo precio, independientemente del momento en que operen.<\/p>\n<p>La cuenta Profesional ofrece diferenciales m\u00e1s ajustados debido al mayor volumen de negociaci\u00f3n y al tama\u00f1o de la cartera de los traders Pro. Tampoco se cobran comisiones, salvo que se indique lo contrario.<\/p>\n<p>Para aclarar el concepto de costes de trading asociados a las cuentas Standard y Pro de AvaTrade, analicemos una operaci\u00f3n de 1 lote est\u00e1ndar en EUR\/USD (100.000 unidades de divisa), teniendo en cuenta que un pip equivale a 10 $ y suponiendo que la operaci\u00f3n se abra y se cierre al mismo precio. Actualmente, el spread de AvaTrade para el par EUR\/USD es de 0,8 pips para los titulares de cuenta Standard y de 0,6 pips para los de cuenta Pro.<\/p>\n<hr style=\"height: 2px; border-width: 0; color: #dee2e6; background-color: #dee2e6; clear: both;\" \/>\n<p><strong>Cuenta Standard de AvaTrade:<\/strong><\/p>\n<p>Spread: 0,8<br \/>\nCoste total: 0,8 x 10 $ = 8 $ por lado o 16 $ por operaci\u00f3n ida y vuelta de 1 lote<\/p>\n<hr style=\"height: 2px; border-width: 0; color: #dee2e6; background-color: #dee2e6; clear: both;\" \/>\n<p><strong>Cuenta Pro de AvaTrade:<\/strong><\/p>\n<p>Spread: 0,6<br \/>\nCoste del spread: 0,6 x 10 $ = 6 $ por lado o 12 $ por operaci\u00f3n ida y vuelta de 1 lote<\/p>\n<hr style=\"height: 2px; border-width: 0; color: #dee2e6; background-color: #dee2e6; clear: both;\" \/>\n<p>Esta comparaci\u00f3n directa nos permite concluir que la cuenta Pro de AvaTrade ofrece spreads m\u00e1s ajustados. Para ser elegibles a una cuenta profesional, los traders deber\u00e1n cumplir al menos dos de los tres criterios principales relativos a su actividad de trading, la experiencia pertinente en el sector de los servicios financieros y el tama\u00f1o de su cartera de instrumentos. Sin embargo, los titulares de cuentas Pro estar\u00e1n renunciando a varios mecanismos de protecci\u00f3n, como la protecci\u00f3n de saldo negativo, lo que podr\u00eda llevarles a perder m\u00e1s fondos que su dep\u00f3sito inicial. Los riesgos se acent\u00faan a\u00fan m\u00e1s porque los traders minoristas pueden utilizar un apalancamiento m\u00e1ximo de 1:30, mientras que los traders Pro pueden llegar a 1:400.<\/p>\n<p>En la primera tabla siguiente, los traders podr\u00e1n consultar los spreads de la cuenta Standard para varios populares pares de forex, as\u00ed como los costes de las operaciones con lotes Micro y Standard.<\/p>\n<div class=\"table-responsive\">\n<table class=\"table table--colorful\">\n<thead>\n<tr>\n<th style=\"background-color: #fff;\" colspan=\"5\">Costes medios de spread con la cuenta Standard de AvaTrade<\/th>\n<\/tr>\n<tr>\n<th>Par de divisas<\/th>\n<th>Spread (en pips)<\/th>\n<th>Comisi\u00f3n por lado<\/th>\n<th>Coste por micro lote<\/th>\n<th>Coste por lote est\u00e1ndar<\/th>\n<\/tr>\n<\/thead>\n<tbody>\n<tr>\n<td>EUR\/USD<\/td>\n<td style=\"text-align: center;\">0,8<\/td>\n<td style=\"text-align: center;\">0 USD<\/td>\n<td style=\"text-align: center;\">0,08 USD<\/td>\n<td style=\"text-align: center;\">8,00 USD<\/td>\n<\/tr>\n<tr>\n<td>USD\/JPY<\/td>\n<td style=\"text-align: center;\">1,3<\/td>\n<td style=\"text-align: center;\">0 USD<\/td>\n<td style=\"text-align: center;\">0,09 USD<\/td>\n<td style=\"text-align: center;\">8,85 USD<\/td>\n<\/tr>\n<tr>\n<td>EUR\/GBP<\/td>\n<td style=\"text-align: center;\">1,2<\/td>\n<td style=\"text-align: center;\">0 USD<\/td>\n<td style=\"text-align: center;\">0,16 USD<\/td>\n<td style=\"text-align: center;\">16,27 USD<\/td>\n<\/tr>\n<tr>\n<td>GBP\/USD<\/td>\n<td style=\"text-align: center;\">1,2<\/td>\n<td style=\"text-align: center;\">0 USD<\/td>\n<td style=\"text-align: center;\">0,12 USD<\/td>\n<td style=\"text-align: center;\">12,00 USD<\/td>\n<\/tr>\n<tr>\n<td>AUD\/USD<\/td>\n<td style=\"text-align: center;\">0,90<\/td>\n<td style=\"text-align: center;\">0 USD<\/td>\n<td style=\"text-align: center;\">0,09 USD<\/td>\n<td style=\"text-align: center;\">11,00 USD<\/td>\n<\/tr>\n<tr>\n<td>USD\/CAD<\/td>\n<td style=\"text-align: center;\">1,8<\/td>\n<td style=\"text-align: center;\">0 USD<\/td>\n<td style=\"text-align: center;\">0,13 USD<\/td>\n<td style=\"text-align: center;\">13,14 USD<\/td>\n<\/tr>\n<tr>\n<td>USD\/CHF<\/td>\n<td style=\"text-align: center;\">1,3<\/td>\n<td style=\"text-align: center;\">0 USD<\/td>\n<td style=\"text-align: center;\">0,16 USD<\/td>\n<td style=\"text-align: center;\">16,31 USD<\/td>\n<\/tr>\n<tr>\n<td>NZD\/USD<\/td>\n<td style=\"text-align: center;\">1,4<\/td>\n<td style=\"text-align: center;\">0 USD<\/td>\n<td style=\"text-align: center;\">0,18 USD<\/td>\n<td style=\"text-align: center;\">17,56 USD<\/td>\n<\/tr>\n<\/tbody>\n<\/table>\n<\/div>\n<p style=\"text-align: center; font-size: 13px;\"><em>*El coste de negociaci\u00f3n de los pares de divisas se expresa en USD<\/em><\/p>\n<p>La segunda tabla muestra los spreads y c\u00e1lculos correspondientes para los mismos pares de forex con la Cuenta Pro de AvaTrade.<\/p>\n<div class=\"table-responsive\">\n<table class=\"table table--colorful\">\n<thead>\n<tr>\n<th style=\"background-color: #fff;\" colspan=\"5\">Costes medios de spread con la cuenta Pro de AvaTrade<\/th>\n<\/tr>\n<tr>\n<th>Par de divisas<\/th>\n<th>Spread (en pips)<\/th>\n<th>Comisi\u00f3n por lado<\/th>\n<th>Coste por micro lote<\/th>\n<th>Coste por lote est\u00e1ndar<\/th>\n<\/tr>\n<\/thead>\n<tbody>\n<tr>\n<td>EUR\/USD<\/td>\n<td style=\"text-align: center;\">0,6<\/td>\n<td style=\"text-align: center;\">0 USD<\/td>\n<td style=\"text-align: center;\">0,06 USD<\/td>\n<td style=\"text-align: center;\">6,00 USD<\/td>\n<\/tr>\n<tr>\n<td>USD\/JPY<\/td>\n<td style=\"text-align: center;\">1,1<\/td>\n<td style=\"text-align: center;\">0 USD<\/td>\n<td style=\"text-align: center;\">0,07 USD<\/td>\n<td style=\"text-align: center;\">7,49 USD<\/td>\n<\/tr>\n<tr>\n<td>EUR\/GBP<\/td>\n<td style=\"text-align: center;\">0,9<\/td>\n<td style=\"text-align: center;\">0 USD<\/td>\n<td style=\"text-align: center;\">0,12 USD<\/td>\n<td style=\"text-align: center;\">12,20 USD<\/td>\n<\/tr>\n<tr>\n<td>GBP\/USD<\/td>\n<td style=\"text-align: center;\">0,9<\/td>\n<td style=\"text-align: center;\">0 USD<\/td>\n<td style=\"text-align: center;\">0,09 USD<\/td>\n<td style=\"text-align: center;\">9,00 USD<\/td>\n<\/tr>\n<tr>\n<td>AUD\/USD<\/td>\n<td style=\"text-align: center;\">0,8<\/td>\n<td style=\"text-align: center;\">0 USD<\/td>\n<td style=\"text-align: center;\">0,08 USD<\/td>\n<td style=\"text-align: center;\">8,00 USD<\/td>\n<\/tr>\n<tr>\n<td>USD\/CAD<\/td>\n<td style=\"text-align: center;\">1,5<\/td>\n<td style=\"text-align: center;\">0 USD<\/td>\n<td style=\"text-align: center;\">0,11 USD<\/td>\n<td style=\"text-align: center;\">10,95 USD<\/td>\n<\/tr>\n<tr>\n<td>USD\/CHF<\/td>\n<td style=\"text-align: center;\">0,9<\/td>\n<td style=\"text-align: center;\">0 USD<\/td>\n<td style=\"text-align: center;\">0,11 USD<\/td>\n<td style=\"text-align: center;\">11,29 USD<\/td>\n<\/tr>\n<tr>\n<td>NZD\/USD<\/td>\n<td style=\"text-align: center;\">1,3<\/td>\n<td style=\"text-align: center;\">0 USD<\/td>\n<td style=\"text-align: center;\">0,13 USD<\/td>\n<td style=\"text-align: center;\">13,00 USD<\/td>\n<\/tr>\n<\/tbody>\n<\/table>\n<\/div>\n<p style=\"text-align: center; font-size: 13px;\"><em>*El coste de negociaci\u00f3n de los pares de divisas se expresa en USD<\/em><\/p>\n<h2 id=\"overnight\"><i class=\"ico ico--clock\"><\/i>Costes de financiaci\u00f3n overnight en AvaTrade<\/h2>\n<p>Los costes de financiaci\u00f3n nocturna, conocidos com\u00fanmente como tasas swap o comisiones de rollover, son los pagos de intereses que los traders reciben o pagan por mantener una posici\u00f3n abierta durante la noche. Estos costes son especialmente relevantes en el trading de divisas y CFD. Si la tasa swap es negativa, el trader recibe un pago del br\u00f3ker en lugar de asumir un coste. Sin embargo, es importante entender que las tasas swap negativas no est\u00e1n garantizadas y podr\u00e1n variar en funci\u00f3n de las condiciones del mercado.<\/p>\n<p>Todos los br\u00f3kers deben proporcionar informaci\u00f3n sobre las tasas swap aplicables al mantenimiento de posiciones durante la noche. AvaTrade no es una excepci\u00f3n y ofrece esta informaci\u00f3n de forma clara y transparente, junto a un v\u00eddeo tutorial dedicado a las tasas swap y a su forma de c\u00e1lculo.<\/p>\n<p>Tal como explica el br\u00f3ker en el v\u00eddeo tutorial, si un trader mantiene abierta una operaci\u00f3n AUD\/CHF durante la noche, obtendr\u00e1 un importe nocturno positivo, ya que el tipo de inter\u00e9s del AUD es m\u00e1s alto que el del CHF. Por lo general, tras comprar divisas frente al CHF, los traders reciben un swap positivo.<\/p>\n<p>Sin embargo, en la mayor\u00eda de los casos, mantener una posici\u00f3n durante la noche conllevar\u00e1 un cargo en la cuenta del trader. Los traders deben tener en cuenta que los swaps nocturnos suelen aplicarse despu\u00e9s de las 22:00 h GMT.<\/p>\n<p>Aunque AvaTrade calcula autom\u00e1ticamente las primas por mantener posiciones durante la noche, el br\u00f3ker facilita a los traders la f\u00f3rmula para que puedan realizarlas por s\u00ed mismos:<\/p>\n<blockquote><p>Prima = Importe de la operaci\u00f3n \u00d7 prima o inter\u00e9s \u00d7 n\u00famero de d\u00edas \/ 360 d\u00edas<\/p><\/blockquote>\n<p>En la tabla siguiente, los traders pueden consultar las tasas swap para posiciones largas y cortas mantenidas durante la noche en varios populares pares de forex.<\/p>\n<div class=\"table-responsive\">\n<table class=\"table table--colorful\">\n<thead>\n<tr>\n<th style=\"background-color: #fff;\" colspan=\"5\">Tasas swap en pares de forex populares (tama\u00f1o de lote est\u00e1ndar)<\/th>\n<\/tr>\n<tr>\n<th>S\u00edmbolo<\/th>\n<th>Divisa base<\/th>\n<th>Volumen en lotes<\/th>\n<th>Swap largo del par en %<\/th>\n<th>Swap corto del par en %<\/th>\n<\/tr>\n<\/thead>\n<tbody>\n<tr>\n<td>EUR\/USD<\/td>\n<td style=\"text-align: center;\">USD<\/td>\n<td style=\"text-align: center;\">1<\/td>\n<td style=\"text-align: center;\">-0,0076 %<\/td>\n<td style=\"text-align: center;\">0,0017 %<\/td>\n<\/tr>\n<tr>\n<td>USD\/JPY<\/td>\n<td style=\"text-align: center;\">USD<\/td>\n<td style=\"text-align: center;\">1<\/td>\n<td style=\"text-align: center;\">0,0079 %<\/td>\n<td style=\"text-align: center;\">-0,0147 %<\/td>\n<\/tr>\n<tr>\n<td>EUR\/GBP<\/td>\n<td style=\"text-align: center;\">USD<\/td>\n<td style=\"text-align: center;\">1<\/td>\n<td style=\"text-align: center;\">0,0011 %<\/td>\n<td style=\"text-align: center;\">-0,0089 %<\/td>\n<\/tr>\n<tr>\n<td>GBP\/USD<\/td>\n<td style=\"text-align: center;\">USD<\/td>\n<td style=\"text-align: center;\">1<\/td>\n<td style=\"text-align: center;\">-0,0026 %<\/td>\n<td style=\"text-align: center;\">-0,0033 %<\/td>\n<\/tr>\n<tr>\n<td>AUD\/USD<\/td>\n<td style=\"text-align: center;\">USD<\/td>\n<td style=\"text-align: center;\">1<\/td>\n<td style=\"text-align: center;\">-0,0035 %<\/td>\n<td style=\"text-align: center;\">-0,0022 %<\/td>\n<\/tr>\n<tr>\n<td>USD\/CAD<\/td>\n<td style=\"text-align: center;\">USD<\/td>\n<td style=\"text-align: center;\">1<\/td>\n<td style=\"text-align: center;\">0,0011 %<\/td>\n<td style=\"text-align: center;\">-0,0070 %<\/td>\n<\/tr>\n<tr>\n<td>USD\/CHF<\/td>\n<td style=\"text-align: center;\">USD<\/td>\n<td style=\"text-align: center;\">1<\/td>\n<td style=\"text-align: center;\">0,0082 %<\/td>\n<td style=\"text-align: center;\">-0,0141 %<\/td>\n<\/tr>\n<tr>\n<td>NZD\/USD<\/td>\n<td style=\"text-align: center;\">USD<\/td>\n<td style=\"text-align: center;\">1<\/td>\n<td style=\"text-align: center;\">-0,0051 %<\/td>\n<td style=\"text-align: center;\">-0,0023 %<\/td>\n<\/tr>\n<\/tbody>\n<\/table>\n<\/div>\n<h2 id=\"swap\"><i class=\"ico ico--islamic-account\"><\/i>Costes de trading sin swap en AvaTrade<\/h2>\n<p>AvaTrade ha incorporado la cuenta Isl\u00e1mica a su gama de opciones disponibles. Cumple plenamente con las normas isl\u00e1micas. Al abrir una cuenta isl\u00e1mica con AvaTrade, los clientes que re\u00fanan los requisitos no pagar\u00e1n swaps diarios en operaciones de forex y CFD mantenidas durante la noche. No obstante, deben tener en cuenta que las operaciones que permanezcan abiertas m\u00e1s de cinco d\u00edas s\u00ed devengar\u00e1n swaps. Se trata de una limitaci\u00f3n importante que deben considerar antes de abrir una cuenta isl\u00e1mica con AvaTrade.<\/p>\n<p>Una vez que hayan creado su cuenta con AvaTrade, los traders isl\u00e1micos deber\u00e1n ponerse en contacto con el servicio de atenci\u00f3n al cliente y solicitar la conversi\u00f3n a cuenta isl\u00e1mica. Las solicitudes se procesan normalmente en 1\u20132 d\u00edas h\u00e1biles.<\/p>\n<p>Cuando los traders carguen la plataforma MT4\/MT5, podr\u00e1n consultar las comisiones de administraci\u00f3n del br\u00f3ker, que se cobran en lugar de las tasas swap por posiciones nocturnas. Las tasas swap tradicionales se convertir\u00e1n en comisiones diarias de administraci\u00f3n para cada uno de los instrumentos de forex admitidos.<\/p>\n<p>Por lo general, los spreads para los titulares de cuentas isl\u00e1micas son m\u00e1s amplios que los disponibles para los de cuentas Standard. Esto compensa la ausencia de tasas swap en las posiciones nocturnas. Adem\u00e1s, los br\u00f3kers podr\u00e1n aplicar una comisi\u00f3n de administraci\u00f3n mensual que variar\u00e1 de una empresa a otra.<\/p>\n<p>En general, las cuentas isl\u00e1micas estar\u00e1n sujetas a ciertas limitaciones, como restricciones geogr\u00e1ficas (solo disponibles en determinados pa\u00edses) y un n\u00famero reducido de activos disponibles para operar. Los traders deben tener en cuenta que, en AvaTrade, el trading de criptomonedas no estar\u00e1 disponible para los titulares de cuentas isl\u00e1micas. Lo mismo sucede con ciertos instrumentos de forex, como RUB, MXN, TRY y ZAR.<\/p>\n<h2 id=\"other\"><i class=\"ico ico--administration-fees\"><\/i>Costes no relacionados con el trading en AvaTrade<\/h2>\n<p>En esencia, los costes no operativos que cobran los br\u00f3kers incluyen comisiones por dep\u00f3sito y retirada, comisiones por inactividad de la cuenta y comisiones por conversi\u00f3n de divisa. AvaTrade no cobra a los traders por depositar ni retirar fondos de sus cuentas de trading. No obstante, el proveedor de pagos utilizado puede aplicar comisiones por transacci\u00f3n.<\/p>\n<p>Abrir una cuenta en AvaTrade no conlleva comisi\u00f3n. Sin embargo, los clientes del br\u00f3ker deben tener en cuenta que se aplican comisiones por inactividad tras un determinado periodo de no utilizaci\u00f3n de la cuenta. Despu\u00e9s de 3 meses consecutivos de inactividad, se cargar\u00e1 una comisi\u00f3n de 50 $\/\u20ac\/\u00a3. Si la cuenta permanece inactiva durante 12 meses consecutivos, la comisi\u00f3n ser\u00e1 de 100 $\/\u20ac\/\u00a3. Estas comisiones podr\u00e1n cambiar.<\/p>\n<p>Los dep\u00f3sitos y las retiradas realizados en una divisa distinta de la divisa base de la cuenta est\u00e1n sujetos a una comisi\u00f3n de conversi\u00f3n del 0,5 % del importe.<\/p>\n<div class=\"table-responsive\">\n<table class=\"table\">\n<thead>\n<tr>\n<th colspan=\"2\">Costes no relacionados con el trading en AvaTrade<\/th>\n<\/tr>\n<\/thead>\n<tbody>\n<tr>\n<td>Comisiones por dep\u00f3sito<\/td>\n<td>Gratis<\/td>\n<\/tr>\n<tr>\n<td>Comisiones por retirada<\/td>\n<td>Gratis<\/td>\n<\/tr>\n<tr>\n<td>Comisi\u00f3n de apertura de cuenta<\/td>\n<td>Gratis<\/td>\n<\/tr>\n<tr>\n<td>Comisi\u00f3n por inactividad<\/td>\n<td>\n<ul class=\"list-checks\">\n<li>Tras 2 meses consecutivos &#8211; 10 $\/\u20ac\/\u00a3<\/li>\n<li>Tras 12 meses consecutivos &#8211; 100 $\/\u20ac\/\u00a3<\/li>\n<\/ul>\n<\/td>\n<\/tr>\n<tr>\n<td>Comisi\u00f3n por conversi\u00f3n de divisa<\/td>\n<td>0,5 %<\/td>\n<\/tr>\n<\/tbody>\n<\/table>\n<\/div>\n<h2 id=\"conclusion\"><i class=\"ico ico--pen\"><\/i>Conclusiones sobre las comisiones de AvaTrade<\/h2>\n<p>En conclusi\u00f3n, AvaTrade destaca como un br\u00f3ker de Forex y CFD con precios competitivos que atiende a traders de todos los niveles de experiencia. El br\u00f3ker aplica un modelo de precios sin comisiones, siendo el spread la principal remuneraci\u00f3n por sus servicios tanto en las cuentas Est\u00e1ndar como en las Pro. Adem\u00e1s, las caracter\u00edsticas que distinguen a AvaTrade \u2014su variada oferta de plataformas de trading, s\u00f3lidas medidas de seguridad de fondos e innovadoras herramientas de gesti\u00f3n del riesgo\u2014 consolidan su posici\u00f3n como br\u00f3ker de primer nivel. Al combinar estas ventajas con su compromiso con la transparencia y la satisfacci\u00f3n del cliente, AvaTrade se ha consolidado como una opci\u00f3n fiable y atractiva para quienes buscan una experiencia de trading completa y segura.<\/p>\n","protected":false},"excerpt":{"rendered":"<p>AvaTrade, un br\u00f3ker de forex y CFD reconocido a nivel mundial, ofrece una amplia gama de m\u00e1s de 1.000 mercados negociables, siendo su principal fuente de ingresos el spread bid-ask. Esta exhaustiva rese\u00f1a tiene como objetivo informar a los futuros traders sobre los costes de trading y no trading asociados a AvaTrade, antes de abrir [&hellip;]<\/p>\n","protected":false},"author":2,"featured_media":0,"parent":10883,"menu_order":0,"comment_status":"closed","ping_status":"closed","template":"templates\/review.php","meta":{"footnotes":""},"class_list":["post-59732","page","type-page","status-publish","hentry"],"aioseo_notices":[],"_links":{"self":[{"href":"https:\/\/www.bestbrokers.com\/es\/wp-json\/wp\/v2\/pages\/59732","targetHints":{"allow":["GET"]}}],"collection":[{"href":"https:\/\/www.bestbrokers.com\/es\/wp-json\/wp\/v2\/pages"}],"about":[{"href":"https:\/\/www.bestbrokers.com\/es\/wp-json\/wp\/v2\/types\/page"}],"author":[{"embeddable":true,"href":"https:\/\/www.bestbrokers.com\/es\/wp-json\/wp\/v2\/users\/2"}],"replies":[{"embeddable":true,"href":"https:\/\/www.bestbrokers.com\/es\/wp-json\/wp\/v2\/comments?post=59732"}],"version-history":[{"count":8,"href":"https:\/\/www.bestbrokers.com\/es\/wp-json\/wp\/v2\/pages\/59732\/revisions"}],"predecessor-version":[{"id":71659,"href":"https:\/\/www.bestbrokers.com\/es\/wp-json\/wp\/v2\/pages\/59732\/revisions\/71659"}],"up":[{"embeddable":true,"href":"https:\/\/www.bestbrokers.com\/es\/wp-json\/wp\/v2\/pages\/10883"}],"wp:attachment":[{"href":"https:\/\/www.bestbrokers.com\/es\/wp-json\/wp\/v2\/media?parent=59732"}],"curies":[{"name":"wp","href":"https:\/\/api.w.org\/{rel}","templated":true}]}}