{"id":59733,"date":"2025-03-19T09:40:58","date_gmt":"2025-03-19T09:40:58","guid":{"rendered":"https:\/\/www.bestbrokers.com\/?page_id=59733"},"modified":"2025-10-21T14:23:54","modified_gmt":"2025-10-21T14:23:54","slug":"spreads-fees-and-commissions","status":"publish","type":"page","link":"https:\/\/www.bestbrokers.com\/es\/reviews\/ig\/spreads-fees-and-commissions\/","title":{"rendered":"Spreads, tarifas y comisiones de IG"},"content":{"rendered":"<div class=\"author-line\">Escrito por <span class=\"author\">Naylyan Nazifova<div class=\"author-sub-box\"><div class=\"author-avatar\"><img decoding=\"async\" src=\"https:\/\/www.bestbrokers.com\/wp-content\/uploads\/2026\/04\/nnazifova.webp\" \/><\/div><div class=\"author-info-wrapper\"><div class=\"author-name\"><a href=\"https:\/\/www.bestbrokers.com\/es\/authors\/naylyan-nazifova\/\">Naylyan Nazifova<\/a><\/div><div class=\"author-bio\">Naylyan Nazifova es una reconocida experta en el campo del trading online. Cuenta con numerosas publicaciones y an\u00e1lisis sobre el trading de divisas, la inversi\u00f3n en bolsa y las finanzas personales. <\/div><\/div><\/div><\/span>,  <a rel=\"nofollow\" target=\"_blank\" href=\"https:\/\/www.linkedin.com\/in\/naylian-nazifova-58562a272\/\"><img decoding=\"async\" class=\"social-icon\" src=\"https:\/\/www.bestbrokers.com\/wp-content\/themes\/best-brokers\/assets\/images\/icon-linkedin.svg\" data-no-lazy=\"1\"><\/a> <span class=\"sep\">|<\/span> Traducido por <span class=\"author\">Estrella Fernandez<div class=\"author-sub-box\"><div class=\"author-avatar\"><img decoding=\"async\" src=\"https:\/\/www.bestbrokers.com\/wp-content\/uploads\/2024\/10\/Estrella-Fernandez.jpeg\" \/><\/div><div class=\"author-info-wrapper\"><div class=\"author-name\"><a href=\"https:\/\/www.bestbrokers.com\/es\/authors\/estrella-fernandez\/\">Estrella Fernandez<\/a><\/div><div class=\"author-bio\">Estrella Fernandez edita y revista contenidos financieros para blogs y websites y hace traducciones de franc\u00e9s e ingl\u00e9s a espa\u00f1ol.<\/div><\/div><\/div><\/span>, <a rel=\"nofollow\" target=\"_blank\" href=\"https:\/\/www.linkedin.com\/in\/estrella-fern%C3%A1ndez-gordillo-a54ab483\/?originalSubdomain=es\"><img decoding=\"async\" class=\"social-icon\" src=\"https:\/\/www.bestbrokers.com\/wp-content\/themes\/best-brokers\/assets\/images\/icon-linkedin.svg\" data-no-lazy=\"1\"><\/a> <span class=\"sep\">|<\/span> Actualizado: <time class=\"entry-date\" datetime=\"2025-10-21T14:23:54+00:00\">octubre 21, 2025<\/time><\/div>\n<p>Si te interesa operar con IG, primero deber\u00edas familiarizarte con el conjunto completo de condiciones de trading que el br\u00f3ker ofrece a sus clientes. Las <strong>comisiones de trading y los recargos no relacionados con la operativa<\/strong> son factores que debes tener en cuenta antes de invertir dinero real, con IG o con cualquier otro br\u00f3ker.<\/p>\n<p>En esta rese\u00f1a analizamos los spreads, las comisiones, las tarifas de financiaci\u00f3n overnight y cualquier otro recargo que pueda deducirse de tu saldo cuando operes con IG. Si quieres comprobar si IG ofrece soluciones de trading justas y ajustadas a tu presupuesto, te recomendamos que sigas leyendo.<\/p>\n<h2 id=\"costs\"><i class=\"ico ico--money-supply\"><\/i>Costes de trading en IG<\/h2>\n<p>IG es una excelente opci\u00f3n de br\u00f3ker para quienes buscan diversificar sus carteras. Seg\u00fan tu pa\u00eds de residencia y la normativa local aplicable, podr\u00e1s operar instrumentos forex en forma de <strong>turbos, opciones vanilla, opciones barrera, CFDs, apuestas por diferencias<\/strong> o incluso negociaci\u00f3n directa en el mercado a trav\u00e9s de una plataforma DMA.<\/p>\n<p>Con el trading de CFD, podr\u00e1s obtener beneficios sin importar la direcci\u00f3n del movimiento del precio del activo subyacente, ya que el br\u00f3ker permite abrir posiciones largas y cortas.<\/p>\n<p>Para ser totalmente transparente con tus clientes, IG ha adoptado un sencillo <strong>sistema de precios basado \u00fanicamente en el spread<\/strong>. Esto significa que el br\u00f3ker no cobra comisiones (pueden aplicarse otras tarifas) y que el coste total de la operaci\u00f3n se incorpora al spread, es decir, a la diferencia entre el precio Bid y el precio Ask del activo.<\/p>\n<p>Si decides operar mediante apuestas por diferencias o turbos forex, tus \u00f3rdenes tambi\u00e9n estar\u00e1n exentas de comisi\u00f3n. Aunque los <strong>spreads pueden variar con el tiempo,<\/strong> debido a los cambios del mercado, a continuaci\u00f3n indicamos el spread medio que IG ofrece actualmente en algunos de los pares de divisas m\u00e1s negociados y populares.<\/p>\n<p>Como los nuevos usuarios podr\u00e1n operar con contratos m\u00e1s peque\u00f1os, hemos incluido el coste total de operaci\u00f3n tanto para lotes est\u00e1ndar como para microlotes.<\/p>\n<div class=\"table-responsive\">\n<table class=\"table table--colorful\">\n<thead>\n<tr>\n<th style=\"background-color: #fff;\" colspan=\"5\">Costes medios del spread en IG<\/th>\n<\/tr>\n<tr>\n<th>Par de divisas<\/th>\n<th>Spread (en pips)<\/th>\n<th>Comisi\u00f3n por lado<\/th>\n<th>Coste por microlote<\/th>\n<th>Coste por lote est\u00e1ndar<\/th>\n<\/tr>\n<\/thead>\n<tbody>\n<tr>\n<td>EUR\/USD<\/td>\n<td style=\"text-align: center;\">0,86<\/td>\n<td style=\"text-align: center;\">0 USD<\/td>\n<td style=\"text-align: center;\">0,086 USD<\/td>\n<td style=\"text-align: center;\">8,60 USD<\/td>\n<\/tr>\n<tr>\n<td>USD\/JPY<\/td>\n<td style=\"text-align: center;\">0,97<\/td>\n<td style=\"text-align: center;\">0 USD<\/td>\n<td style=\"text-align: center;\">0,065 USD<\/td>\n<td style=\"text-align: center;\">6,52 USD<\/td>\n<\/tr>\n<tr>\n<td>EUR\/GBP<\/td>\n<td style=\"text-align: center;\">1,83<\/td>\n<td style=\"text-align: center;\">0 USD<\/td>\n<td style=\"text-align: center;\">0,244 USD<\/td>\n<td style=\"text-align: center;\">24,47 USD<\/td>\n<\/tr>\n<tr>\n<td>GBP\/USD<\/td>\n<td style=\"text-align: center;\">1,84<\/td>\n<td style=\"text-align: center;\">0 USD<\/td>\n<td style=\"text-align: center;\">0,184 USD<\/td>\n<td style=\"text-align: center;\">18,40 USD<\/td>\n<\/tr>\n<tr>\n<td>AUD\/USD<\/td>\n<td style=\"text-align: center;\">1,07<\/td>\n<td style=\"text-align: center;\">0 USD<\/td>\n<td style=\"text-align: center;\">0,107 USD<\/td>\n<td style=\"text-align: center;\">10,70 USD<\/td>\n<\/tr>\n<tr>\n<td>USD\/CAD<\/td>\n<td style=\"text-align: center;\">2,14<\/td>\n<td style=\"text-align: center;\">0 USD<\/td>\n<td style=\"text-align: center;\">0,155 USD<\/td>\n<td style=\"text-align: center;\">15,51 USD<\/td>\n<\/tr>\n<tr>\n<td>USD\/CHF<\/td>\n<td style=\"text-align: center;\">1,95<\/td>\n<td style=\"text-align: center;\">0 USD<\/td>\n<td style=\"text-align: center;\">0,242 USD<\/td>\n<td style=\"text-align: center;\">24,21 USD<\/td>\n<\/tr>\n<tr>\n<td>USD\/CNH<\/td>\n<td style=\"text-align: center;\">14,51<\/td>\n<td style=\"text-align: center;\">0 USD<\/td>\n<td style=\"text-align: center;\">0,203 USD<\/td>\n<td style=\"text-align: center;\">20,31 USD<\/td>\n<\/tr>\n<tr>\n<td>NZD\/USD<\/td>\n<td style=\"text-align: center;\">2,52<\/td>\n<td style=\"text-align: center;\">0 USD<\/td>\n<td style=\"text-align: center;\">0,252 USD<\/td>\n<td style=\"text-align: center;\">25,20 USD<\/td>\n<\/tr>\n<\/tbody>\n<\/table>\n<\/div>\n<p style=\"text-align: center; font-size: 13px;\"><em>*Todos los costes de negociaci\u00f3n de los pares se expresan en USD<\/em><\/p>\n<p>Los spreads en IG pueden llegar a ser muy competitivos, a partir de 0,6 pips en los pares principales de Forex. El br\u00f3ker se esfuerza por ofrecer spreads que se acerquen a ese m\u00ednimo, aunque los movimientos bruscos del mercado pueden provocar el incremento de los valores de los spreads.<\/p>\n<h2 id=\"overnight\"><i class=\"ico ico--clock\"><\/i>Costes de financiaci\u00f3n overnight en IG<\/h2>\n<p>Un recargo espec\u00edfico que debes tener en cuenta es la posible comisi\u00f3n de rollover, que se deduce siempre que mantengas tus posiciones abiertas durante la noche. Tambi\u00e9n conocidas como swaps, estas comisiones se aplican a las operaciones con pares de forex, \u00edndices y materias primas. Si mantienes abiertos tus turbo24 durante la noche, se realizar\u00e1 un peque\u00f1o ajuste en el nivel de knock-out en lugar de cobrarte una tarifa adicional. Por su parte, en las barreras y los CFD, el br\u00f3ker aplicar\u00e1 un ajuste de intereses a tu saldo.<\/p>\n<p>Los swaps pueden suponer un d\u00e9bito o un cr\u00e9dito para el trader, dependiendo de la evoluci\u00f3n del mercado. Para calcular los tipos de swap en los turbo24, IG utiliza las siguientes f\u00f3rmulas:<\/p>\n<blockquote><p>Para turbos largos de Forex: Tom-next rate + Knock-out level X (Admin fee* X [n**\/365])<br \/>\nPara turbos cortos de Forex: Tom-next rate &#8211; Knock-out level X (Admin fee* X [n**\/365])<\/p><\/blockquote>\n<p style=\"text-align: center; font-size: 13px;\"><em>* comisi\u00f3n fija del 2,5 % anual<\/em><\/p>\n<p style=\"text-align: center; font-size: 13px;\"><em>**n = 3 los viernes; n = 1 de lunes a jueves<\/em><\/p>\n<p>Para las barreras de forex, los tipos de swap se calculan con la siguiente f\u00f3rmula:<\/p>\n<blockquote><p>N\u00famero de contratos X Tom-next rate actual<\/p><\/blockquote>\n<p>Adem\u00e1s, se aplicar\u00e1 una <strong>comisi\u00f3n administrativa del 0,8 %<\/strong> anual por mantener opciones barrera abiertas durante la noche.<\/p>\n<p>Si el tom-next rate es inferior a cero, a los operadores de barreras se les cargar\u00e1 un inter\u00e9s por mantener una posici\u00f3n corta, mientras que las posiciones largas generar\u00e1n un abono de intereses en sus saldos.<\/p>\n<p>Un tom-next rate superior a cero significa que se cargar\u00e1 inter\u00e9s por mantener abierta una posici\u00f3n larga durante la noche, mientras que una posici\u00f3n corta vigente generar\u00e1 un abono de intereses al usuario.<\/p>\n<p>Si operas pares de forex mediante apuestas por diferencias o CFD, el br\u00f3ker aplicar\u00e1 la siguiente f\u00f3rmula:<\/p>\n<blockquote><p>N\u00famero de noches mantenidas X (Tom-next rate* incluida la comisi\u00f3n administrativa anual**) X Tama\u00f1o de la operaci\u00f3n<\/p><\/blockquote>\n<p style=\"text-align: center; font-size: 13px;\"><em>*Los tom-next rates se obtienen del mercado subyacente<\/em><\/p>\n<p style=\"text-align: center; font-size: 13px;\"><em>**una comisi\u00f3n administrativa del 0,8 % anual<\/em><\/p>\n<p>A continuaci\u00f3n presentamos los tipos de swap que se aplican actualmente a las operaciones de forex realizadas con una cuenta IG. Ten en cuenta que los swaps no son fijos y pueden diferir de los valores que se muestran, ya que el mercado subyacente est\u00e1 en constante cambio.<\/p>\n<div class=\"table-responsive\">\n<table class=\"table table--colorful\">\n<thead>\n<tr>\n<th style=\"background-color: #fff;\" colspan=\"4\">Tasas de swap en pares de forex populares (tama\u00f1o de minilote)<\/th>\n<\/tr>\n<tr>\n<th>S\u00edmbolo<\/th>\n<th>Volumen en lotes (mini)<\/th>\n<th>Swap largo<\/th>\n<th>Swap corto<\/th>\n<\/tr>\n<\/thead>\n<tbody>\n<tr>\n<td>EUR\/USD<\/td>\n<td style=\"text-align: center;\">1<\/td>\n<td style=\"text-align: center;\">-0,75<\/td>\n<td style=\"text-align: center;\">0,19<\/td>\n<\/tr>\n<tr>\n<td>USD\/JPY<\/td>\n<td style=\"text-align: center;\">1<\/td>\n<td style=\"text-align: center;\">3<\/td>\n<td style=\"text-align: center;\">-3,88<\/td>\n<\/tr>\n<tr>\n<td>EUR\/GBP<\/td>\n<td style=\"text-align: center;\">1<\/td>\n<td style=\"text-align: center;\">-0,63<\/td>\n<td style=\"text-align: center;\">0,17<\/td>\n<\/tr>\n<tr>\n<td>GBP\/USD<\/td>\n<td style=\"text-align: center;\">1<\/td>\n<td style=\"text-align: center;\">-0,30<\/td>\n<td style=\"text-align: center;\">-0,36<\/td>\n<\/tr>\n<tr>\n<td>AUD\/USD<\/td>\n<td style=\"text-align: center;\">1<\/td>\n<td style=\"text-align: center;\">-0,21<\/td>\n<td style=\"text-align: center;\">-0,17<\/td>\n<\/tr>\n<tr>\n<td>USD\/CAD<\/td>\n<td style=\"text-align: center;\">1<\/td>\n<td style=\"text-align: center;\">1,22<\/td>\n<td style=\"text-align: center;\">-2,14<\/td>\n<\/tr>\n<tr>\n<td>USD\/CHF<\/td>\n<td style=\"text-align: center;\">1<\/td>\n<td style=\"text-align: center;\">0,77<\/td>\n<td style=\"text-align: center;\">-1,27<\/td>\n<\/tr>\n<tr>\n<td>USD\/CNH<\/td>\n<td style=\"text-align: center;\">1<\/td>\n<td style=\"text-align: center;\">-4,47<\/td>\n<td style=\"text-align: center;\">-3,73<\/td>\n<\/tr>\n<tr>\n<td>NZD\/USD<\/td>\n<td style=\"text-align: center;\">1<\/td>\n<td style=\"text-align: center;\">-0,18<\/td>\n<td style=\"text-align: center;\">-0,16<\/td>\n<\/tr>\n<\/tbody>\n<\/table>\n<\/div>\n<h2 id=\"swap\"><i class=\"ico ico--islamic-account\"><\/i>Costes de trading sin swap en IG<\/h2>\n<p>Lamentablemente, IG ya no ofrece la opci\u00f3n de abrir una cuenta sin swap, ni siquiera a sus clientes musulmanes. Esto significa que se acreditar\u00e1n o cargar\u00e1n intereses en cualquier cuenta que mantenga posiciones abiertas durante la noche, lo que conlleva las <strong>comisiones nocturnas<\/strong> que hemos comentado anteriormente.<\/p>\n<h2 id=\"other\"><i class=\"ico ico--administration-fees\"><\/i>Costes no relacionados con el trading en IG<\/h2>\n<p>Adem\u00e1s de los spreads y los tipos de swap, los traders deben tener en cuenta otros recargos que podr\u00e1n aplicarse a sus cuentas de IG. Abrir una cuenta en IG es gratuito, al igual que mantener tu perfil de trading. En t\u00e9rminos generales, IG permite depositar fondos y retirar dinero sin cobrar comisiones por estas transacciones. No obstante, los pagos con tarjetas de cr\u00e9dito y con tarjetas de d\u00e9bito que no sean del Reino Unido podr\u00e1n conllevar ciertas comisiones; en concreto, las <strong>operaciones inferiores a 100 \u00a3 llevan una comisi\u00f3n de 15 \u00a3<\/strong>.<\/p>\n<p>Si tu cuenta de IG no registra actividad de trading durante m\u00e1s de 24 meses consecutivos, el br\u00f3ker cerrar\u00e1 tu cuenta. No se deducir\u00e1 ninguna comisi\u00f3n por inactividad, pero tendr\u00e1s que ponerte en contacto con el equipo de IG para reactivar la cuenta o retirar los fondos que queden en ella, si los hubiera.<\/p>\n<p>Para mejorar la experiencia de sus clientes, el br\u00f3ker ofrece un arsenal de herramientas y servicios que podr\u00e1n optimizar tus sesiones de trading. El VPS (servidor virtual privado) es uno de los servicios avanzados disponibles para los miembros de la firma, que podr\u00e1 ayudarte a reducir la latencia y a incrementar la tasa de \u00e9xito de tus operaciones algor\u00edtmicas. Podr\u00e1s acceder gratuitamente al servicio de alojamiento VPS para MT4 si mantienes un <strong>saldo de cuenta de 2.000 $<\/strong> o m\u00e1s, o bien contratar una suscripci\u00f3n de 50 $ al mes.<\/p>\n<p>Si has operado con acciones que pueden generar dividendos, debes presentar el formulario W-8 o W-9. Si no lo haces antes de la correspondiente fecha ex-dividendo, se aplicar\u00e1 una <strong>tarifa de documentaci\u00f3n de cuenta de 50 $<\/strong>.<\/p>\n<p>Algunos clientes de IG tambi\u00e9n pueden disponer de gr\u00e1ficos avanzados mediante ProRealTime. Quienes realicen <strong>cuatro o m\u00e1s operaciones de gran volumen al mes<\/strong> podr\u00e1n acceder a estos gr\u00e1ficos, sin coste adicional. Los usuarios que no re\u00fanan los requisitos para la gratuidad pueden suscribirse al servicio por 30 \u00a3 al mes.<\/p>\n<div class=\"table-responsive\">\n<table class=\"table\">\n<thead>\n<tr>\n<th colspan=\"2\">Costes no relacionados con el trading en IG<\/th>\n<\/tr>\n<\/thead>\n<tbody>\n<tr>\n<td>Comisiones de dep\u00f3sito<\/td>\n<td>Los pagos con tarjeta de cr\u00e9dito o d\u00e9bito pueden incluir comisiones; las transferencias del mismo d\u00eda inferiores a 100 \u00a3 llevan un recargo de 15 \u00a3<\/td>\n<\/tr>\n<tr>\n<td>Comisiones de retirada<\/td>\n<td>Gratis<\/td>\n<\/tr>\n<tr>\n<td>Comisi\u00f3n de apertura de cuenta<\/td>\n<td>Gratis<\/td>\n<\/tr>\n<tr>\n<td>Comisi\u00f3n por inactividad<\/td>\n<td>Ninguna<\/td>\n<\/tr>\n<tr>\n<td>Suscripci\u00f3n VPS<\/td>\n<td>\n<ul class=\"list-checks\">\n<li>50 $ al mes;<\/li>\n<li>Gratis para los traders con un saldo de cuenta MT4 de 2.000 $ o m\u00e1s<\/li>\n<\/ul>\n<\/td>\n<\/tr>\n<tr>\n<td>Gr\u00e1ficos ProRealTime<\/td>\n<td>\n<ul class=\"list-checks\">\n<li>Suscripci\u00f3n de 30 \u00a3 al mes;<\/li>\n<li>A los traders que realicen cuatro o m\u00e1s operaciones de gran volumen al mes se les reembolsa este importe<\/li>\n<\/ul>\n<\/td>\n<\/tr>\n<tr>\n<td>Tarifa de documentaci\u00f3n de cuenta<\/td>\n<td>Tarifa de 50 $ para las cuentas que no hayan presentado el formulario W-8 o W-9 obligatorio antes de la fecha ex-dividendo correspondiente a operaciones con acciones estadounidenses que den derecho a dividendo<\/td>\n<\/tr>\n<\/tbody>\n<\/table>\n<\/div>\n<h2 id=\"conclusion\"><i class=\"ico ico--pen\"><\/i>Conclusi\u00f3n sobre las comisiones de IG<\/h2>\n<p>Operar con IG brinda a los traders de Forex y CFD la libertad de explorar distintas opciones, diversificar sus carteras y disfrutar de un gran valor a\u00f1adido en cada operaci\u00f3n. Gracias a su sistema de pago basado \u00fanicamente en el diferencial, disponible en la mayor\u00eda de las modalidades de trading que ofrece IG, los usuarios de forex pueden operar de forma rentable, con spreads que a menudo parten de tan solo <strong>0,6 pips<\/strong> en los pares principales.<\/p>\n<p>No existen comisiones ocultas, e IG detalla con transparencia todos los recargos que puedan derivarse de mantener posiciones abiertas durante la noche o de solicitar acceso a herramientas de trading avanzadas como el alojamiento VPS y los gr\u00e1ficos ProRealTime. Adem\u00e1s, las operaciones de gran volumen pueden eliminar incluso las tarifas de estas herramientas, lo que refuerza las condiciones de trading extremadamente econ\u00f3micas que ofrece IG.<\/p>\n","protected":false},"excerpt":{"rendered":"<p>Si te interesa operar con IG, primero deber\u00edas familiarizarte con el conjunto completo de condiciones de trading que el br\u00f3ker ofrece a sus clientes. Las comisiones de trading y los recargos no relacionados con la operativa son factores que debes tener en cuenta antes de invertir dinero real, con IG o con cualquier otro br\u00f3ker. [&hellip;]<\/p>\n","protected":false},"author":2,"featured_media":0,"parent":10848,"menu_order":0,"comment_status":"closed","ping_status":"closed","template":"templates\/review.php","meta":{"footnotes":""},"class_list":["post-59733","page","type-page","status-publish","hentry"],"aioseo_notices":[],"_links":{"self":[{"href":"https:\/\/www.bestbrokers.com\/es\/wp-json\/wp\/v2\/pages\/59733","targetHints":{"allow":["GET"]}}],"collection":[{"href":"https:\/\/www.bestbrokers.com\/es\/wp-json\/wp\/v2\/pages"}],"about":[{"href":"https:\/\/www.bestbrokers.com\/es\/wp-json\/wp\/v2\/types\/page"}],"author":[{"embeddable":true,"href":"https:\/\/www.bestbrokers.com\/es\/wp-json\/wp\/v2\/users\/2"}],"replies":[{"embeddable":true,"href":"https:\/\/www.bestbrokers.com\/es\/wp-json\/wp\/v2\/comments?post=59733"}],"version-history":[{"count":9,"href":"https:\/\/www.bestbrokers.com\/es\/wp-json\/wp\/v2\/pages\/59733\/revisions"}],"predecessor-version":[{"id":71661,"href":"https:\/\/www.bestbrokers.com\/es\/wp-json\/wp\/v2\/pages\/59733\/revisions\/71661"}],"up":[{"embeddable":true,"href":"https:\/\/www.bestbrokers.com\/es\/wp-json\/wp\/v2\/pages\/10848"}],"wp:attachment":[{"href":"https:\/\/www.bestbrokers.com\/es\/wp-json\/wp\/v2\/media?parent=59733"}],"curies":[{"name":"wp","href":"https:\/\/api.w.org\/{rel}","templated":true}]}}