{"id":59735,"date":"2025-03-19T09:40:59","date_gmt":"2025-03-19T09:40:59","guid":{"rendered":"https:\/\/www.bestbrokers.com\/?page_id=59735"},"modified":"2026-03-11T09:49:16","modified_gmt":"2026-03-11T09:49:16","slug":"spreads-fees-and-commissions","status":"publish","type":"page","link":"https:\/\/www.bestbrokers.com\/es\/reviews\/vantage-fx\/spreads-fees-and-commissions\/","title":{"rendered":"Spreads, tarifas y comisiones de Vantage"},"content":{"rendered":"<div class=\"author-line\">Escrito por <span class=\"author\">Naylyan Nazifova<div class=\"author-sub-box\"><div class=\"author-info-wrapper\"><div class=\"author-name\"><a href=\"https:\/\/www.bestbrokers.com\/es\/authors\/naylyan-nazifova\/\">Naylyan Nazifova<\/a><\/div><div class=\"author-bio\">Naylyan Nazifova es una reconocida experta en el campo del trading online. Cuenta con numerosas publicaciones y an\u00e1lisis sobre el trading de divisas, la inversi\u00f3n en bolsa y las finanzas personales. <\/div><\/div><\/div><\/span>,  <a rel=\"nofollow\" target=\"_blank\" href=\"https:\/\/www.linkedin.com\/in\/naylian-nazifova-58562a272\/\"><img decoding=\"async\" class=\"social-icon\" src=\"https:\/\/www.bestbrokers.com\/wp-content\/themes\/best-brokers\/assets\/images\/icon-linkedin.svg\" data-no-lazy=\"1\"><\/a> <span class=\"sep\">|<\/span> Traducido por <span class=\"author\">Estrella Fernandez<div class=\"author-sub-box\"><div class=\"author-avatar\"><img decoding=\"async\" src=\"https:\/\/www.bestbrokers.com\/wp-content\/uploads\/2024\/10\/Estrella-Fernandez.jpeg\" \/><\/div><div class=\"author-info-wrapper\"><div class=\"author-name\"><a href=\"https:\/\/www.bestbrokers.com\/es\/authors\/estrella-fernandez\/\">Estrella Fernandez<\/a><\/div><div class=\"author-bio\">Estrella Fernandez edita y revista contenidos financieros para blogs y websites y hace traducciones de franc\u00e9s e ingl\u00e9s a espa\u00f1ol.<\/div><\/div><\/div><\/span>, <a rel=\"nofollow\" target=\"_blank\" href=\"https:\/\/www.linkedin.com\/in\/estrella-fern%C3%A1ndez-gordillo-a54ab483\/?originalSubdomain=es\"><img decoding=\"async\" class=\"social-icon\" src=\"https:\/\/www.bestbrokers.com\/wp-content\/themes\/best-brokers\/assets\/images\/icon-linkedin.svg\" data-no-lazy=\"1\"><\/a> <span class=\"sep\">|<\/span> Actualizado: <time class=\"entry-date\" datetime=\"2026-03-11T09:49:16+00:00\">marzo 11, 2026<\/time><\/div>\n<p>Fundado en 2009, Vantage es un br\u00f3ker de CFD l\u00edder mundial con m\u00e1s de 5 M de usuarios registrados y una cartera de m\u00e1s de 1.000 instrumentos financieros. Operar con esta marca ofrece numerosas ventajas, entre ellas spreads competitivos, herramientas y funciones de trading avanzadas, ejecuci\u00f3n r\u00e1pida y recursos educativos gratuitos. Adem\u00e1s, la estructura de precios transparente del br\u00f3ker permite a los traders comprender los costes asociados a sus operaciones. En esta gu\u00eda obtendr\u00e1s informaci\u00f3n detallada sobre los costes de trading y los no relacionados con el trading correspondientes a los tipos de cuenta m\u00e1s populares de Vantage.<\/p>\n<h2 id=\"costs\"><i class=\"ico ico--money-supply\"><\/i>Costes de trading en Vantage<\/h2>\n<p>Vantage ofrece varios tipos de cuentas de trading dise\u00f1adas para traders de todos los niveles de experiencia. Las opciones incluyen una <strong>cuenta Standard STP <\/strong>pensada para principiantes, una <strong>cuenta Raw ECN <\/strong>adecuada para traders con experiencia y una <strong>cuenta Pro ECN<\/strong> dirigida a profesionales. Adem\u00e1s, todas las opciones anteriores podr\u00e1n convertirse en una cuenta libre de swap para quienes, por motivos religiosos, no puedan pagar ni recibir swaps. Los principiantes tambi\u00e9n podr\u00e1n empezar con una cuenta Demo y mejorar sus habilidades de trading con fondos virtuales.<\/p>\n<p>Vantage admite varias plataformas de trading adaptadas a las diversas necesidades y preferencias de los traders. Los usuarios podr\u00e1n operar en la aplicaci\u00f3n todo-en-uno Vantage, MT4, MT5, ProTrader (impulsado por TradingView), Copy Trading o la plataforma de trading Demo.<\/p>\n<p>Independientemente del tipo de cuenta que elijan, los traders podr\u00e1n estar seguros de la competitividad y total transparencia de los precios. Con un tama\u00f1o m\u00ednimo de operaci\u00f3n de solo 0,01 lote, m\u00e1s de 1.000 activos entre los que escoger y diversas divisas base de cuenta, Vantage ofrece unas condiciones de trading excelentes.<\/p>\n<p>En esta secci\u00f3n nos centraremos principalmente en las caracter\u00edsticas de las cuentas Standard STP y Raw ECN del br\u00f3ker, calcularemos los costes de trading asociados y ofreceremos a los posibles clientes de la marca una idea clara de sus gastos de negociaci\u00f3n.<\/p>\n<p>Comencemos con las comisiones de ida y vuelta de la Cuenta Raw ECN seg\u00fan la divisa de la cuenta disponible para los clientes de Vantage, con c\u00e1lculos para operaciones con lotes est\u00e1ndar, mini y micro.<\/p>\n<div class=\"table-responsive\">\n<table class=\"table table--colorful\">\n<thead>\n<tr>\n<th style=\"background-color: #fff;\" colspan=\"4\">Comisiones de ida y vuelta de la cuenta Raw ECN seg\u00fan la divisa de la cuenta<\/th>\n<\/tr>\n<tr>\n<th>Divisa de la cuenta de trading<\/th>\n<th>Por lote est\u00e1ndar<\/th>\n<th>Por minilote<\/th>\n<th>Por microlote<\/th>\n<\/tr>\n<\/thead>\n<tbody>\n<tr>\n<td>AUD<\/td>\n<td style=\"text-align: center;\">6,00 AUD<\/td>\n<td style=\"text-align: center;\">0,60 AUD<\/td>\n<td style=\"text-align: center;\">0,06 AUD<\/td>\n<\/tr>\n<tr>\n<td>USD<\/td>\n<td style=\"text-align: center;\">6,00 USD<\/td>\n<td style=\"text-align: center;\">0,60 USD<\/td>\n<td style=\"text-align: center;\">0,06 USD<\/td>\n<\/tr>\n<tr>\n<td>GBP<\/td>\n<td style=\"text-align: center;\">4,00 GBP<\/td>\n<td style=\"text-align: center;\">0,40 GBP<\/td>\n<td style=\"text-align: center;\">0,04 GBP<\/td>\n<\/tr>\n<tr>\n<td>EUR<\/td>\n<td style=\"text-align: center;\">5,00 EUR<\/td>\n<td style=\"text-align: center;\">0,50 EUR<\/td>\n<td style=\"text-align: center;\">0,05 EUR<\/td>\n<\/tr>\n<tr>\n<td>SGD<\/td>\n<td style=\"text-align: center;\">7,00 SGD<\/td>\n<td style=\"text-align: center;\">0,70 SGD<\/td>\n<td style=\"text-align: center;\">0,07 SGD<\/td>\n<\/tr>\n<tr>\n<td>JPY<\/td>\n<td style=\"text-align: center;\">550,00 JPY<\/td>\n<td style=\"text-align: center;\">55,00 JPY<\/td>\n<td style=\"text-align: center;\">5,50 JPY<\/td>\n<\/tr>\n<tr>\n<td>NZD<\/td>\n<td style=\"text-align: center;\">6,50 NZD<\/td>\n<td style=\"text-align: center;\">0,65 NZD<\/td>\n<td style=\"text-align: center;\">0,065 NZD<\/td>\n<\/tr>\n<tr>\n<td>CAD<\/td>\n<td style=\"text-align: center;\">6,00 CAD<\/td>\n<td style=\"text-align: center;\">0,60 CAD<\/td>\n<td style=\"text-align: center;\">0,06 CAD<\/td>\n<\/tr>\n<tr>\n<td>PLN<\/td>\n<td style=\"text-align: center;\">30,00 PLN<\/td>\n<td style=\"text-align: center;\">3,00 PLN<\/td>\n<td style=\"text-align: center;\">0,30 PLN<\/td>\n<\/tr>\n<tr>\n<td>HKD<\/td>\n<td style=\"text-align: center;\">50,00 HKD<\/td>\n<td style=\"text-align: center;\">5,00 HKD<\/td>\n<td style=\"text-align: center;\">0,50 HKD<\/td>\n<\/tr>\n<tr>\n<td>INR<\/td>\n<td style=\"text-align: center;\">500,00 INR<\/td>\n<td style=\"text-align: center;\">50,00 INR<\/td>\n<td style=\"text-align: center;\">5,00 INR<\/td>\n<\/tr>\n<\/tbody>\n<\/table>\n<\/div>\n<p>Ahora explicaremos los costes de operar 1 lote est\u00e1ndar del par GBP\/USD con las cuentas Standard STP y Raw ECN de Vantage Markets, considerando que un pip equivale a 10 USD. El spread para el par GBP\/USD partir\u00e1 de 1,31 pips en la cuenta Standard STP, y de 0,21 pips en la cuenta Raw ECN, m\u00e1s comisi\u00f3n. Supondremos que la operaci\u00f3n se abre y cierra al mismo precio.<\/p>\n<hr style=\"height: 2px; border-width: 0; color: #dee2e6; background-color: #dee2e6; clear: both;\" \/>\n<p><strong>Cuenta Vantage Standard STP:<\/strong><\/p>\n<p>Spread: 1,31<br \/>\nCoste total: 1,31 \u00d7 10 USD = 13,10 USD por lado o 26,20 USD por operaci\u00f3n ida y vuelta de 1 lote<\/p>\n<hr style=\"height: 2px; border-width: 0; color: #dee2e6; background-color: #dee2e6; clear: both;\" \/>\n<p><strong>Cuenta Vantage Raw ECN:<\/strong><\/p>\n<p>Spread: 0,21<br \/>\nCoste del spread: 0,21 \u00d7 10 USD = 2,10 USD por lado<br \/>\nComisi\u00f3n: 3,00 USD por lado<br \/>\nCoste total: (2,10 USD) \u00d7 2 + (3,00 USD) \u00d7 2 = 4,20 USD + 6,00 USD = 10,20 USD por operaci\u00f3n ida y vuelta de 1 lote<\/p>\n<hr style=\"height: 2px; border-width: 0; color: #dee2e6; background-color: #dee2e6; clear: both;\" \/>\n<p>Ahora que hemos comparado los costes totales de trading de las cuentas Standard STP y Raw ECN de Vantage, podemos concluir que esta \u00faltima ofrece condiciones m\u00e1s competitivas.<\/p>\n<p>A continuaci\u00f3n puedes consultar los costes de trading de varios pares de divisas populares con la cuenta Standard STP de Vantage, que utiliza un modelo de precios sin comisiones. Ten en cuenta que los costes por microlote y por lote est\u00e1ndar se refieren a un solo lado de la operaci\u00f3n.<\/p>\n<div class=\"table-responsive\">\n<table class=\"table table--colorful\">\n<thead>\n<tr>\n<th style=\"background-color: #fff;\" colspan=\"5\">Costes medios de spread con la cuenta Standard de Vantage<\/th>\n<\/tr>\n<tr>\n<th>Par de divisas<\/th>\n<th>Spread (en pips)<\/th>\n<th>Comisi\u00f3n por lado<\/th>\n<th>Coste por microlote<\/th>\n<th>Coste por lote est\u00e1ndar<\/th>\n<\/tr>\n<\/thead>\n<tbody>\n<tr>\n<td>EUR\/USD<\/td>\n<td style=\"text-align: center;\">1,23<\/td>\n<td style=\"text-align: center;\">0 USD<\/td>\n<td style=\"text-align: center;\">0,123 USD<\/td>\n<td style=\"text-align: center;\">12,30 USD<\/td>\n<\/tr>\n<tr>\n<td>USD\/JPY<\/td>\n<td style=\"text-align: center;\">1,36<\/td>\n<td style=\"text-align: center;\">0 USD<\/td>\n<td style=\"text-align: center;\">0,092 USD<\/td>\n<td style=\"text-align: center;\">9,17 USD<\/td>\n<\/tr>\n<tr>\n<td>EUR\/GBP<\/td>\n<td style=\"text-align: center;\">1,29<\/td>\n<td style=\"text-align: center;\">0 USD<\/td>\n<td style=\"text-align: center;\">0,174 USD<\/td>\n<td style=\"text-align: center;\">17,35 USD<\/td>\n<\/tr>\n<tr>\n<td>GBP\/USD<\/td>\n<td style=\"text-align: center;\">1,31<\/td>\n<td style=\"text-align: center;\">0 USD<\/td>\n<td style=\"text-align: center;\">0,131 USD<\/td>\n<td style=\"text-align: center;\">13,10 USD<\/td>\n<\/tr>\n<tr>\n<td>AUD\/USD<\/td>\n<td style=\"text-align: center;\">1,45<\/td>\n<td style=\"text-align: center;\">0 USD<\/td>\n<td style=\"text-align: center;\">0,145 USD<\/td>\n<td style=\"text-align: center;\">14,50 USD<\/td>\n<\/tr>\n<tr>\n<td>USD\/CAD<\/td>\n<td style=\"text-align: center;\">1,17<\/td>\n<td style=\"text-align: center;\">0 USD<\/td>\n<td style=\"text-align: center;\">0,085 USD<\/td>\n<td style=\"text-align: center;\">8,47 USD<\/td>\n<\/tr>\n<tr>\n<td>USD\/CHF<\/td>\n<td style=\"text-align: center;\">1,84<\/td>\n<td style=\"text-align: center;\">0 USD<\/td>\n<td style=\"text-align: center;\">0,229 USD<\/td>\n<td style=\"text-align: center;\">22,86 USD<\/td>\n<\/tr>\n<tr>\n<td>USD\/CNH<\/td>\n<td style=\"text-align: center;\">3,75<\/td>\n<td style=\"text-align: center;\">0 USD<\/td>\n<td style=\"text-align: center;\">0,053 USD<\/td>\n<td style=\"text-align: center;\">5,25 USD<\/td>\n<\/tr>\n<tr>\n<td>NZD\/USD<\/td>\n<td style=\"text-align: center;\">1,41<\/td>\n<td style=\"text-align: center;\">0 USD<\/td>\n<td style=\"text-align: center;\">0,141 USD<\/td>\n<td style=\"text-align: center;\">14,10 USD<\/td>\n<\/tr>\n<\/tbody>\n<\/table>\n<\/div>\n<p style=\"text-align: center; font-size: 13px;\"><em>*El coste de trading de los pares de divisas se expresa en USD<\/em><\/p>\n<p>Utilizaremos los mismos pares de divisas para ilustrar los costes de trading asociados a la cuenta Vantage Raw ECN, que ofrece spreads m\u00e1s ajustados y un modelo de precios basado en comisiones. Los costes por microlote y por lote est\u00e1ndar se refieren a un solo lado de la operaci\u00f3n.<\/p>\n<div class=\"table-responsive\">\n<table class=\"table table--colorful\">\n<thead>\n<tr>\n<th style=\"background-color: #fff;\" colspan=\"5\">Costes medios de spread con la cuenta Raw de Vantage<\/th>\n<\/tr>\n<tr>\n<th>Par de divisas<\/th>\n<th>Spread (en pips)<\/th>\n<th>Comisi\u00f3n por lado<\/th>\n<th>Coste por microlote<\/th>\n<th>Coste por lote est\u00e1ndar<\/th>\n<\/tr>\n<\/thead>\n<tbody>\n<tr>\n<td>EUR\/USD<\/td>\n<td style=\"text-align: center;\">0,13<\/td>\n<td style=\"text-align: center;\">0,03\/3,00 USD<\/td>\n<td style=\"text-align: center;\">0,043 USD<\/td>\n<td style=\"text-align: center;\">4,30 USD<\/td>\n<\/tr>\n<tr>\n<td>USD\/JPY<\/td>\n<td style=\"text-align: center;\">0,26<\/td>\n<td style=\"text-align: center;\">0,03\/3,00 USD<\/td>\n<td style=\"text-align: center;\">0,048 USD<\/td>\n<td style=\"text-align: center;\">4,75 USD<\/td>\n<\/tr>\n<tr>\n<td>EUR\/GBP<\/td>\n<td style=\"text-align: center;\">0,19<\/td>\n<td style=\"text-align: center;\">0,03\/3,00 USD<\/td>\n<td style=\"text-align: center;\">0,056 USD<\/td>\n<td style=\"text-align: center;\">5,56 USD<\/td>\n<\/tr>\n<tr>\n<td>GBP\/USD<\/td>\n<td style=\"text-align: center;\">0,21<\/td>\n<td style=\"text-align: center;\">0,03\/3,00 USD<\/td>\n<td style=\"text-align: center;\">0,051 USD<\/td>\n<td style=\"text-align: center;\">5,10 USD<\/td>\n<\/tr>\n<tr>\n<td>AUD\/USD<\/td>\n<td style=\"text-align: center;\">0,35<\/td>\n<td style=\"text-align: center;\">0,03\/3,00 USD<\/td>\n<td style=\"text-align: center;\">0,065 USD<\/td>\n<td style=\"text-align: center;\">6,50 USD<\/td>\n<\/tr>\n<tr>\n<td>USD\/CAD<\/td>\n<td style=\"text-align: center;\">0,07<\/td>\n<td style=\"text-align: center;\">0,03\/3,00 USD<\/td>\n<td style=\"text-align: center;\">0,035 USD<\/td>\n<td style=\"text-align: center;\">3,51 USD<\/td>\n<\/tr>\n<tr>\n<td>USD\/CHF<\/td>\n<td style=\"text-align: center;\">0,74<\/td>\n<td style=\"text-align: center;\">0,03\/3,00 USD<\/td>\n<td style=\"text-align: center;\">0,122 USD<\/td>\n<td style=\"text-align: center;\">12,19 USD<\/td>\n<\/tr>\n<tr>\n<td>USD\/CNH<\/td>\n<td style=\"text-align: center;\">2,65<\/td>\n<td style=\"text-align: center;\">0,03\/3,00 USD<\/td>\n<td style=\"text-align: center;\">0,067 USD<\/td>\n<td style=\"text-align: center;\">6,71 USD<\/td>\n<\/tr>\n<tr>\n<td>NZD\/USD<\/td>\n<td style=\"text-align: center;\">0,31<\/td>\n<td style=\"text-align: center;\">0,03\/3,00 USD<\/td>\n<td style=\"text-align: center;\">0,061 USD<\/td>\n<td style=\"text-align: center;\">6,10 USD<\/td>\n<\/tr>\n<\/tbody>\n<\/table>\n<\/div>\n<p style=\"text-align: center; font-size: 13px;\"><em>*El coste de trading de los pares de divisas se expresa en USD<\/em><\/p>\n<p>Los spreads de las cuentas Pro ECN de Vantage son id\u00e9nticos a los de la cuenta Raw ECN, con el beneficio a\u00f1adido de una comisi\u00f3n reducida de 1,5 USD por lado, es decir, 3 USD por operaci\u00f3n ida y vuelta. Adem\u00e1s, el dep\u00f3sito m\u00ednimo exigido para este tipo de cuenta parte de 10.000 USD.<\/p>\n<h2 id=\"overnight\"><i class=\"ico ico--clock\"><\/i>Costes de financiaci\u00f3n overnight en Vantage<\/h2>\n<p>Adem\u00e1s de los spreads y comisiones de Vantage, los traders deben conocer los costes de financiaci\u00f3n overnight del br\u00f3ker. Tambi\u00e9n se conocen como tasas swap o tipos de inter\u00e9s de rollover y se cobran por mantener posiciones abiertas durante la noche.<\/p>\n<p>Cuando termina la jornada de trading, los traders pueden cerrar sus posiciones o mantenerlas abiertas, lo que genera intereses. Dependiendo del instrumento de forex y de la direcci\u00f3n de la operaci\u00f3n, los br\u00f3kers abonan o cargan esta tasa swap en las cuentas de los traders. Al comprar una divisa con un tipo de inter\u00e9s m\u00e1s alto que el de la divisa vendida, se aplica un cr\u00e9dito a la cuenta mediante el swap. Por el contrario, si el tipo de inter\u00e9s de la divisa comprada es inferior, el swap supondr\u00e1 un d\u00e9bito en la cuenta.<\/p>\n<p>Los traders pueden consultar las tasas swap del par de forex que les interese yendo a la plataforma de trading que prefieran y haciendo clic con el bot\u00f3n derecho sobre el instrumento correspondiente. En la secci\u00f3n \u00abEspecificaci\u00f3n del mercado\u00bb encontrar\u00e1n las tasas swap aplicables al par, expresadas en puntos.<\/p>\n<p>La siguiente tabla ofrece informaci\u00f3n sobre las tasas swap de Vantage para varios populares pares de forex. Los traders deben tener en cuenta que dichas tasas depender\u00e1n de las condiciones de mercado y, por tanto, est\u00e1n sujetas a cambios.<\/p>\n<div class=\"table-responsive\">\n<table class=\"table table--colorful\">\n<thead>\n<tr>\n<th style=\"background-color: #fff;\" colspan=\"4\">Tasas swap en populares pares de forex (tama\u00f1o de lote est\u00e1ndar)<\/th>\n<\/tr>\n<tr>\n<th>S\u00edmbolo<\/th>\n<th>Divisa base<\/th>\n<th>Volumen en lotes<\/th>\n<th>Swap largo del par, en puntos<\/th>\n<th>Swap corto del par, en puntos<\/th>\n<\/tr>\n<\/thead>\n<tbody>\n<tr>\n<td>EUR\/USD<\/td>\n<td style=\"text-align: center;\">USD<\/td>\n<td style=\"text-align: center;\">1<\/td>\n<td style=\"text-align: center;\">-5,03<\/td>\n<td style=\"text-align: center;\">2,03<\/td>\n<\/tr>\n<tr>\n<td>USD\/JPY<\/td>\n<td style=\"text-align: center;\">USD<\/td>\n<td style=\"text-align: center;\">1<\/td>\n<td style=\"text-align: center;\">7,72<\/td>\n<td style=\"text-align: center;\">-22,14<\/td>\n<\/tr>\n<tr>\n<td>EUR\/GBP<\/td>\n<td style=\"text-align: center;\">USD<\/td>\n<td style=\"text-align: center;\">1<\/td>\n<td style=\"text-align: center;\">-7,76<\/td>\n<td style=\"text-align: center;\">1,12<\/td>\n<\/tr>\n<tr>\n<td>GBP\/USD<\/td>\n<td style=\"text-align: center;\">USD<\/td>\n<td style=\"text-align: center;\">1<\/td>\n<td style=\"text-align: center;\">0,36<\/td>\n<td style=\"text-align: center;\">-2,29<\/td>\n<\/tr>\n<tr>\n<td>AUD\/USD<\/td>\n<td style=\"text-align: center;\">USD<\/td>\n<td style=\"text-align: center;\">1<\/td>\n<td style=\"text-align: center;\">-0,81<\/td>\n<td style=\"text-align: center;\">-18<\/td>\n<\/tr>\n<tr>\n<td>USD\/CAD<\/td>\n<td style=\"text-align: center;\">USD<\/td>\n<td style=\"text-align: center;\">1<\/td>\n<td style=\"text-align: center;\">1,45<\/td>\n<td style=\"text-align: center;\">-7,26<\/td>\n<\/tr>\n<tr>\n<td>USD\/CHF<\/td>\n<td style=\"text-align: center;\">USD<\/td>\n<td style=\"text-align: center;\">1<\/td>\n<td style=\"text-align: center;\">6,45<\/td>\n<td style=\"text-align: center;\">-14,21<\/td>\n<\/tr>\n<tr>\n<td>USD\/CNH<\/td>\n<td style=\"text-align: center;\">USD<\/td>\n<td style=\"text-align: center;\">1<\/td>\n<td style=\"text-align: center;\">-0,22<\/td>\n<td style=\"text-align: center;\">-51,37<\/td>\n<\/tr>\n<tr>\n<td>NZD\/USD<\/td>\n<td style=\"text-align: center;\">USD<\/td>\n<td style=\"text-align: center;\">1<\/td>\n<td style=\"text-align: center;\">-0,67<\/td>\n<td style=\"text-align: center;\">-1,44<\/td>\n<\/tr>\n<\/tbody>\n<\/table>\n<\/div>\n<h2 id=\"swap\"><i class=\"ico ico--islamic-account\"><\/i>Costes de trading sin swap en Vantage<\/h2>\n<p>Vantage ofrece cuentas sin swap que permiten a los traders musulmanes mantener posiciones durante la noche sin incurrir en comisiones adicionales o en las tasas swap que describimos en la secci\u00f3n anterior. Estas cuentas de trading libres de swap est\u00e1n dise\u00f1adas para traders que, por creencias religiosas, no puedan pagar ni recibir swaps.<\/p>\n<p>Las cuentas del br\u00f3ker, compatibles con la shar\u00eda, ofrecen spreads desde 0,0 pips, un dep\u00f3sito m\u00ednimo de 50 USD y sin comisiones por dep\u00f3sito. El n\u00famero de instrumentos negociables, incluidos forex, materias primas, acciones y bonos, supera los 1.000. En cuanto al tama\u00f1o m\u00ednimo de lote, las operaciones podr\u00e1n iniciarse desde 0,01 lote.<\/p>\n<p>En lugar de cobrar una tasa swap, el br\u00f3ker aplica una comisi\u00f3n de administraci\u00f3n por mantener posiciones abiertas durante la noche, que se deduce del saldo del trader. Esta comisi\u00f3n incluye los costes de los proveedores de liquidez de Vantage y una comisi\u00f3n interna de procesamiento de aproximadamente el 10 %.<\/p>\n<h2 id=\"other\"><i class=\"ico ico--administration-fees\"><\/i>Costes no relacionados con el trading en Vantage<\/h2>\n<p>Vantage no cobra comisiones por dep\u00f3sitos ni retiradas. Sin embargo, los traders deben tener en cuenta que las transacciones realizadas mediante determinados procesadores de pago pueden generar comisiones ajenas al br\u00f3ker. Adem\u00e1s, la empresa aplica una pol\u00edtica de \u00abretorno al origen\u00bb, que exige a los clientes utilizar el mismo m\u00e9todo para depositar y retirar fondos.<\/p>\n<p>Vantage no cobra por abrir ninguna de las cuentas disponibles. Sin embargo, los traders deber\u00e1n cumplir con el requisito m\u00ednimo de la cuenta, que parte de 50 USD. Vantage se diferencia de muchas otras compa\u00f1\u00edas de br\u00f3keres al no aplicar comisiones por inactividad, lo cual es ventajoso para los traders que no operan con regularidad.<\/p>\n<p>Gracias a los servidores privados virtuales (VPS) de forex, los traders podr\u00e1n evitar posibles ca\u00eddas por problemas de acceso a Internet o interrupciones del suministro el\u00e9ctrico. Vantage ofrece un pr\u00e1ctico tutorial en v\u00eddeo sobre c\u00f3mo contratar un VPS de forex directamente desde la cuenta MT4. Para obtener este servicio de VPS de forex gratuito, los clientes deber\u00e1n cumplir varios requisitos, descritos en la tabla siguiente.<\/p>\n<div class=\"table-responsive\">\n<table class=\"table\">\n<thead>\n<tr>\n<th colspan=\"2\">Costes no relacionados con el trading en Vantage<\/th>\n<\/tr>\n<\/thead>\n<tbody>\n<tr>\n<td>Comisiones por dep\u00f3sito<\/td>\n<td>Gratis<\/p>\n<ul class=\"list-checks\">\n<li>Los dep\u00f3sitos a trav\u00e9s de Skrill y Neteller est\u00e1n sujetos a comisiones<\/li>\n<li>Las transferencias bancarias internacionales pueden conllevar comisiones cobradas por las entidades financieras<\/li>\n<\/ul>\n<\/td>\n<\/tr>\n<tr>\n<td>Comisiones por retirada<\/td>\n<td>Gratis<\/p>\n<ul class=\"list-checks\">\n<li>El br\u00f3ker no cobra comisiones; sin embargo, los bancos o intermediarios financieros pueden aplicar cargos<\/li>\n<\/ul>\n<\/td>\n<\/tr>\n<tr>\n<td>Comisi\u00f3n de apertura de cuenta<\/td>\n<td>Gratis<\/td>\n<\/tr>\n<tr>\n<td>Comisi\u00f3n por inactividad<\/td>\n<td>Gratis<\/td>\n<\/tr>\n<tr>\n<td>Forex VPS<\/td>\n<td>Se ofrece gratis bajo las siguientes condiciones:<\/p>\n<ul class=\"list-checks\">\n<li>Dep\u00f3sito m\u00ednimo: 1.000 USD<\/li>\n<li>Seleccionar un proveedor de VPS (NYCServers, proveedor de VPS de forex preferido por Vantage) y activar la cuenta<\/li>\n<li>Valor nocional m\u00ednimo mensual de operaciones: 0,5 millones USD \/ 1 mill\u00f3n USD en operaciones cerradas<\/li>\n<li>Reembolso de la factura del VPS hasta 25\/50 USD directamente en la cuenta de trading<\/li>\n<li>L\u00edmite de un VPS por cliente<\/li>\n<\/ul>\n<\/td>\n<\/tr>\n<\/tbody>\n<\/table>\n<\/div>\n<h2 id=\"conclusion\"><i class=\"ico ico--pen\"><\/i>Conclusi\u00f3n sobre las comisiones de Vantage<\/h2>\n<p>Dado que las comisiones de trading y las no relacionadas con el trading pueden influir de forma considerable en el rendimiento, es fundamental elegir un br\u00f3ker que ofrezca precios competitivos. Vantage destaca como br\u00f3ker de forex y CFD en este aspecto. Tanto si prefieres la cuenta Standard STP basada en spreads como la cuenta Raw ECN basada en comisiones, disfrutar\u00e1s de unas condiciones de trading excelentes y de una estructura de precios transparente. Tambi\u00e9n hay disponibles cuentas profesionales y libres de swap para los clientes que re\u00fanan los requisitos. En conjunto, estas opciones permiten a los traders de todos los niveles elegir la que mejor se adapte a sus preferencias y estilo de trading.<\/p>\n","protected":false},"excerpt":{"rendered":"<p>Fundado en 2009, Vantage es un br\u00f3ker de CFD l\u00edder mundial con m\u00e1s de 5 M de usuarios registrados y una cartera de m\u00e1s de 1.000 instrumentos financieros. Operar con esta marca ofrece numerosas ventajas, entre ellas spreads competitivos, herramientas y funciones de trading avanzadas, ejecuci\u00f3n r\u00e1pida y recursos educativos gratuitos. Adem\u00e1s, la estructura de [&hellip;]<\/p>\n","protected":false},"author":2,"featured_media":0,"parent":10868,"menu_order":0,"comment_status":"closed","ping_status":"closed","template":"templates\/review.php","meta":{"footnotes":""},"class_list":["post-59735","page","type-page","status-publish","hentry"],"aioseo_notices":[],"_links":{"self":[{"href":"https:\/\/www.bestbrokers.com\/es\/wp-json\/wp\/v2\/pages\/59735","targetHints":{"allow":["GET"]}}],"collection":[{"href":"https:\/\/www.bestbrokers.com\/es\/wp-json\/wp\/v2\/pages"}],"about":[{"href":"https:\/\/www.bestbrokers.com\/es\/wp-json\/wp\/v2\/types\/page"}],"author":[{"embeddable":true,"href":"https:\/\/www.bestbrokers.com\/es\/wp-json\/wp\/v2\/users\/2"}],"replies":[{"embeddable":true,"href":"https:\/\/www.bestbrokers.com\/es\/wp-json\/wp\/v2\/comments?post=59735"}],"version-history":[{"count":11,"href":"https:\/\/www.bestbrokers.com\/es\/wp-json\/wp\/v2\/pages\/59735\/revisions"}],"predecessor-version":[{"id":82624,"href":"https:\/\/www.bestbrokers.com\/es\/wp-json\/wp\/v2\/pages\/59735\/revisions\/82624"}],"up":[{"embeddable":true,"href":"https:\/\/www.bestbrokers.com\/es\/wp-json\/wp\/v2\/pages\/10868"}],"wp:attachment":[{"href":"https:\/\/www.bestbrokers.com\/es\/wp-json\/wp\/v2\/media?parent=59735"}],"curies":[{"name":"wp","href":"https:\/\/api.w.org\/{rel}","templated":true}]}}