{"id":59736,"date":"2025-03-19T09:40:59","date_gmt":"2025-03-19T09:40:59","guid":{"rendered":"https:\/\/www.bestbrokers.com\/?page_id=59736"},"modified":"2025-10-21T14:24:00","modified_gmt":"2025-10-21T14:24:00","slug":"spreads-fees-and-commissions","status":"publish","type":"page","link":"https:\/\/www.bestbrokers.com\/es\/reviews\/xm\/spreads-fees-and-commissions\/","title":{"rendered":"Spreads, tarifas y comisiones de XM"},"content":{"rendered":"<div class=\"author-line\">Escrito por <span class=\"author\">Naylyan Nazifova<div class=\"author-sub-box\"><div class=\"author-avatar\"><img decoding=\"async\" src=\"https:\/\/www.bestbrokers.com\/wp-content\/uploads\/2026\/04\/nnazifova.webp\" \/><\/div><div class=\"author-info-wrapper\"><div class=\"author-name\"><a href=\"https:\/\/www.bestbrokers.com\/es\/authors\/naylyan-nazifova\/\">Naylyan Nazifova<\/a><\/div><div class=\"author-bio\">Naylyan Nazifova es una reconocida experta en el campo del trading online. Cuenta con numerosas publicaciones y an\u00e1lisis sobre el trading de divisas, la inversi\u00f3n en bolsa y las finanzas personales. <\/div><\/div><\/div><\/span>,  <a rel=\"nofollow\" target=\"_blank\" href=\"https:\/\/www.linkedin.com\/in\/naylian-nazifova-58562a272\/\"><img decoding=\"async\" class=\"social-icon\" src=\"https:\/\/www.bestbrokers.com\/wp-content\/themes\/best-brokers\/assets\/images\/icon-linkedin.svg\" width=\"22\" height=\"22\" data-no-lazy=\"1\"><\/a> <span class=\"sep\">|<\/span> Traducido por <span class=\"author\">Estrella Fernandez<div class=\"author-sub-box\"><div class=\"author-avatar\"><img decoding=\"async\" src=\"https:\/\/www.bestbrokers.com\/wp-content\/uploads\/2024\/10\/Estrella-Fernandez.jpeg\" \/><\/div><div class=\"author-info-wrapper\"><div class=\"author-name\"><a href=\"https:\/\/www.bestbrokers.com\/es\/authors\/estrella-fernandez\/\">Estrella Fernandez<\/a><\/div><div class=\"author-bio\">Estrella Fernandez edita y revista contenidos financieros para blogs y websites y hace traducciones de franc\u00e9s e ingl\u00e9s a espa\u00f1ol.<\/div><\/div><\/div><\/span>, <a rel=\"nofollow\" target=\"_blank\" href=\"https:\/\/www.linkedin.com\/in\/estrella-fern%C3%A1ndez-gordillo-a54ab483\/?originalSubdomain=es\"><img decoding=\"async\" class=\"social-icon\" src=\"https:\/\/www.bestbrokers.com\/wp-content\/themes\/best-brokers\/assets\/images\/icon-linkedin.svg\" width=\"22\" height=\"22\" data-no-lazy=\"1\"><\/a> <span class=\"sep\">|<\/span> Actualizado: <time class=\"entry-date\" datetime=\"2025-10-21T14:24:00+00:00\">octubre 21, 2025<\/time><\/div>\n<p>Para que puedas formarte una idea completa de c\u00f3mo es la experiencia de trading en XM, te recomendamos prestar mucha atenci\u00f3n a los costes de negociaci\u00f3n, ya que te ayudar\u00e1n a decidir si el br\u00f3ker es la opci\u00f3n adecuada para ti. Los spreads, comisiones y dem\u00e1s tarifas son lo suficientemente relevantes como para que sopeses correctamente tu presupuesto de trading. Por eso nuestro equipo de expertos ha analizado todos los <strong>recargos vinculados al trading con XM<\/strong>.<\/p>\n<p>Debido a las distintas restricciones regulatorias y a las ofertas espec\u00edficas de cada regi\u00f3n, <strong>los tipos de cuenta de XM podr\u00e1n variar entre las distintas entidades<\/strong> del br\u00f3ker. Dicho esto, nos hemos asegurado de probar todas las opciones de cuenta disponibles para los traders, abarcando el coste de negociaci\u00f3n de cada una de ellas. Sigue leyendo para ver un desglose de los modelos de precios de XM y c\u00f3mo afectan a cada tipo de cuenta.<\/p>\n<h2 id=\"costs\"><i class=\"ico ico--money-supply\"><\/i>Costes de trading en XM<\/h2>\n<p>En XM, los traders podr\u00e1n elegir entre varios tipos de cuentas, la que m\u00e1s se ajuste a su estilo de negociaci\u00f3n. Las entidades europeas y australianas del br\u00f3ker ofrecen acceso a dos tipos de cuenta principales: Ultra Low y Zero. La entidad regulada por la FSC a\u00f1ade adem\u00e1s la cuenta Standard a las opciones disponibles para los clientes de XM. Asimismo, los principiantes que deseen operar con vol\u00famenes m\u00e1s peque\u00f1os podr\u00e1n abrir las cuentas Standard Micro y Ultra Low Micro, que permiten operaciones con un <strong>tama\u00f1o de contrato m\u00ednimo de 0,01 lotes<\/strong>.<\/p>\n<p>Si comparamos las cuentas Standard, Ultra Low y Zero de XM, veremos que la primera opci\u00f3n ofrece spreads m\u00e1s amplios, mientras que las <strong>cuentas Ultra Low y Zero reducen el coste de trading gracias a spreads m\u00e1s ajustados<\/strong>. De hecho, los spreads de la cuenta Zero empiezan desde 0,0 pips en una amplia variedad de pares de forex. Aunque, en las cuentas Standard y Ultra Low no se aplican comisiones, en la cuenta Zero s\u00ed se cobra una peque\u00f1a comisi\u00f3n de 3,50 $ por cada lado de una operaci\u00f3n de un lote est\u00e1ndar.<\/p>\n<div class=\"table-responsive\">\n<table class=\"table table--colorful\">\n<thead>\n<tr>\n<th style=\"background-color: #fff;\" colspan=\"4\">Tasas de comisi\u00f3n ida y vuelta de XM seg\u00fan el tipo de cuenta<\/th>\n<\/tr>\n<tr>\n<th>Tipo de cuenta<\/th>\n<th>Por lote est\u00e1ndar<\/th>\n<th>Por mini lote<\/th>\n<th>Por micro lote<\/th>\n<\/tr>\n<\/thead>\n<tbody>\n<tr>\n<td>Cuentas Micro<\/td>\n<td style=\"text-align: center;\">0 USD<\/td>\n<td style=\"text-align: center;\">0 USD<\/td>\n<td style=\"text-align: center;\">0 USD<\/td>\n<\/tr>\n<tr>\n<td>Cuenta Standard<\/td>\n<td style=\"text-align: center;\">0 USD<\/td>\n<td style=\"text-align: center;\">0 USD<\/td>\n<td style=\"text-align: center;\">0 USD<\/td>\n<\/tr>\n<tr>\n<td>Cuenta Ultra Low<\/td>\n<td style=\"text-align: center;\">0 USD<\/td>\n<td style=\"text-align: center;\">0 USD<\/td>\n<td style=\"text-align: center;\">0 USD<\/td>\n<\/tr>\n<tr>\n<td>Cuenta Zero<\/td>\n<td style=\"text-align: center;\">7 USD<\/td>\n<td style=\"text-align: center;\">0,7 USD<\/td>\n<td style=\"text-align: center;\">0,07 USD<\/td>\n<\/tr>\n<\/tbody>\n<\/table>\n<\/div>\n<p>Aunque operar con las cuentas Standard o Ultra Low de XM no implica comisiones, los <strong>spreads m\u00e1s ajustados de la cuenta Zero<\/strong> son lo suficientemente bajos como para reducir de forma considerable el coste total de la operaci\u00f3n, incluso cuando se aplique una comisi\u00f3n. Para ilustrar la diferencia en el precio global de negociaci\u00f3n de cada tipo de cuenta, vamos a comparar una operaci\u00f3n de un lote en EUR\/USD con las tres cuentas de XM.<\/p>\n<p>Para nuestro ejemplo, supondremos que la operaci\u00f3n se abre y se cierra al mismo precio y que se negocia un solo lote (100.000 unidades), con un valor de pip igual a 10 $. En el momento de redactar esta rese\u00f1a, el spread medio en el par EUR\/USD es de 2 pips, 1,1 pips y 0,2 pips en las cuentas Standard, Ultra Low y Zero, respectivamente.<\/p>\n<p>En ese caso, la operaci\u00f3n tendr\u00eda el siguiente aspecto:<\/p>\n<hr style=\"height: 2px; border-width: 0; color: #dee2e6; background-color: #dee2e6; clear: both;\" \/>\n<p><strong>Cuenta Standard:<\/strong><\/p>\n<p>Spread: 2 pips<br \/>\nComisi\u00f3n por lado: 0 $<br \/>\nCoste total: 2 x 10 $ = 20 $ por lado y 40 $ en una operaci\u00f3n ida y vuelta<\/p>\n<hr style=\"height: 2px; border-width: 0; color: #dee2e6; background-color: #dee2e6; clear: both;\" \/>\n<p><strong>Cuenta Ultra Low:<\/strong><\/p>\n<p>Spread: 1,1 pips<br \/>\nComisi\u00f3n por lado: 0 $<br \/>\nCoste total: 1,1 x 10 $ = 11 $ por lado y 22 $ en una operaci\u00f3n ida y vuelta<\/p>\n<hr style=\"height: 2px; border-width: 0; color: #dee2e6; background-color: #dee2e6; clear: both;\" \/>\n<p><strong>Cuenta Zero:<\/strong><\/p>\n<p>Spread: 0,2 pips<br \/>\nCoste del spread: 0,2 x 10 $ = 2 $<br \/>\nComisi\u00f3n por lado: 3,50 $<br \/>\nCoste total: (2 $ x 2) + (3,50 $ x 2) = 4 $ + 7 $ = 11 $ en una operaci\u00f3n ida y vuelta<\/p>\n<hr style=\"height: 2px; border-width: 0; color: #dee2e6; background-color: #dee2e6; clear: both;\" \/>\n<p>Como ver\u00e1s, la cuenta Zero ofrece el coste de negociaci\u00f3n m\u00e1s bajo, aun aplicando comisi\u00f3n en ambos lados de la operaci\u00f3n.<\/p>\n<p>A continuaci\u00f3n, mostramos los spreads m\u00ednimos de los tres tipos de cuenta que XM ofrece a sus clientes. As\u00ed podr\u00e1s estimar el coste final por lote negociado en los pares de forex m\u00e1s populares. Ten en cuenta que el coste medio de negociaci\u00f3n de cada par podr\u00e1 ser ligeramente superior, ya que XM ofrece spreads flotantes que podr\u00edan ser algo m\u00e1s amplios que los valores m\u00ednimos indicados.<\/p>\n<div class=\"table-responsive\">\n<table class=\"table table--colorful\">\n<thead>\n<tr>\n<th style=\"background-color: #fff;\" colspan=\"5\">Costes m\u00ednimos de spread con cuentas Standard<\/th>\n<\/tr>\n<tr>\n<th>Par de divisas<\/th>\n<th>Spread desde (pips)<\/th>\n<th>Comisi\u00f3n por lado<\/th>\n<th>Coste por micro lote<\/th>\n<th>Coste por lote est\u00e1ndar<\/th>\n<\/tr>\n<\/thead>\n<tbody>\n<tr>\n<td>EUR\/USD<\/td>\n<td style=\"text-align: center;\">1,6<\/td>\n<td style=\"text-align: center;\">0 USD<\/td>\n<td style=\"text-align: center;\">0,16 USD<\/td>\n<td style=\"text-align: center;\">16,00 USD<\/td>\n<\/tr>\n<tr>\n<td>USD\/JPY<\/td>\n<td style=\"text-align: center;\">2,0<\/td>\n<td style=\"text-align: center;\">0 USD<\/td>\n<td style=\"text-align: center;\">0,1357 USD<\/td>\n<td style=\"text-align: center;\">13,57 USD<\/td>\n<\/tr>\n<tr>\n<td>EUR\/GBP<\/td>\n<td style=\"text-align: center;\">1,8<\/td>\n<td style=\"text-align: center;\">0 USD<\/td>\n<td style=\"text-align: center;\">0,2424 USD<\/td>\n<td style=\"text-align: center;\">24,24 USD<\/td>\n<\/tr>\n<tr>\n<td>GBP\/USD<\/td>\n<td style=\"text-align: center;\">1,8<\/td>\n<td style=\"text-align: center;\">0 USD<\/td>\n<td style=\"text-align: center;\">0,18 USD<\/td>\n<td style=\"text-align: center;\">18,00 USD<\/td>\n<\/tr>\n<tr>\n<td>AUD\/USD<\/td>\n<td style=\"text-align: center;\">2,3<\/td>\n<td style=\"text-align: center;\">0 USD<\/td>\n<td style=\"text-align: center;\">0,23 USD<\/td>\n<td style=\"text-align: center;\">23,00 USD<\/td>\n<\/tr>\n<tr>\n<td>USD\/CAD<\/td>\n<td style=\"text-align: center;\">2,3<\/td>\n<td style=\"text-align: center;\">0 USD<\/td>\n<td style=\"text-align: center;\">0,1679 USD<\/td>\n<td style=\"text-align: center;\">16,79 USD<\/td>\n<\/tr>\n<tr>\n<td>USD\/CHF<\/td>\n<td style=\"text-align: center;\">1,9<\/td>\n<td style=\"text-align: center;\">0 USD<\/td>\n<td style=\"text-align: center;\">0,2383 USD<\/td>\n<td style=\"text-align: center;\">23,83 USD<\/td>\n<\/tr>\n<tr>\n<td>USD\/CNH<\/td>\n<td style=\"text-align: center;\">3,6<\/td>\n<td style=\"text-align: center;\">0 USD<\/td>\n<td style=\"text-align: center;\">0,0502 USD<\/td>\n<td style=\"text-align: center;\">5,02 USD<\/td>\n<\/tr>\n<tr>\n<td>NZD\/USD<\/td>\n<td style=\"text-align: center;\">2,8<\/td>\n<td style=\"text-align: center;\">0 USD<\/td>\n<td style=\"text-align: center;\">0,28 USD<\/td>\n<td style=\"text-align: center;\">28,00 USD<\/td>\n<\/tr>\n<\/tbody>\n<\/table>\n<\/div>\n<p style=\"text-align: center; font-size: 13px;\"><em>*Todos los costes de trading de los pares est\u00e1n expresados en USD<\/em><\/p>\n<div class=\"table-responsive\">\n<table class=\"table table--colorful\">\n<thead>\n<tr>\n<th style=\"background-color: #fff;\" colspan=\"5\">Costes m\u00ednimos de spread con cuentas Ultra Low Standard<\/th>\n<\/tr>\n<tr>\n<th>Par de divisas<\/th>\n<th>Spread desde (pips)<\/th>\n<th>Comisi\u00f3n por lado<\/th>\n<th>Coste por micro lote<\/th>\n<th>Coste por lote est\u00e1ndar<\/th>\n<\/tr>\n<\/thead>\n<tbody>\n<tr>\n<td>EUR\/USD<\/td>\n<td style=\"text-align: center;\">0,8<\/td>\n<td style=\"text-align: center;\">0 USD<\/td>\n<td style=\"text-align: center;\">0,08 USD<\/td>\n<td style=\"text-align: center;\">8,00 USD<\/td>\n<\/tr>\n<tr>\n<td>USD\/JPY<\/td>\n<td style=\"text-align: center;\">0,8<\/td>\n<td style=\"text-align: center;\">0 USD<\/td>\n<td style=\"text-align: center;\">0,0543 USD<\/td>\n<td style=\"text-align: center;\">5,43 USD<\/td>\n<\/tr>\n<tr>\n<td>EUR\/GBP<\/td>\n<td style=\"text-align: center;\">1,7<\/td>\n<td style=\"text-align: center;\">0 USD<\/td>\n<td style=\"text-align: center;\">0,2289 USD<\/td>\n<td style=\"text-align: center;\">22,89 USD<\/td>\n<\/tr>\n<tr>\n<td>GBP\/USD<\/td>\n<td style=\"text-align: center;\">0,8<\/td>\n<td style=\"text-align: center;\">0 USD<\/td>\n<td style=\"text-align: center;\">0,08 USD<\/td>\n<td style=\"text-align: center;\">8,00 USD<\/td>\n<\/tr>\n<tr>\n<td>AUD\/USD<\/td>\n<td style=\"text-align: center;\">1,3<\/td>\n<td style=\"text-align: center;\">0 USD<\/td>\n<td style=\"text-align: center;\">0,13 USD<\/td>\n<td style=\"text-align: center;\">13,00 USD<\/td>\n<\/tr>\n<tr>\n<td>USD\/CAD<\/td>\n<td style=\"text-align: center;\">1,9<\/td>\n<td style=\"text-align: center;\">0 USD<\/td>\n<td style=\"text-align: center;\">0,1387 USD<\/td>\n<td style=\"text-align: center;\">13,87 USD<\/td>\n<\/tr>\n<tr>\n<td>USD\/CHF<\/td>\n<td style=\"text-align: center;\">1,1<\/td>\n<td style=\"text-align: center;\">0 USD<\/td>\n<td style=\"text-align: center;\">0,1380 USD<\/td>\n<td style=\"text-align: center;\">13,80 USD<\/td>\n<\/tr>\n<tr>\n<td>USD\/CNH<\/td>\n<td style=\"text-align: center;\">3,1<\/td>\n<td style=\"text-align: center;\">0 USD<\/td>\n<td style=\"text-align: center;\">0,0432 USD<\/td>\n<td style=\"text-align: center;\">4,32 USD<\/td>\n<\/tr>\n<tr>\n<td>NZD\/USD<\/td>\n<td style=\"text-align: center;\">2,0<\/td>\n<td style=\"text-align: center;\">0 USD<\/td>\n<td style=\"text-align: center;\">0,20 USD<\/td>\n<td style=\"text-align: center;\">20,00 USD<\/td>\n<\/tr>\n<\/tbody>\n<\/table>\n<\/div>\n<p style=\"text-align: center; font-size: 13px;\"><em>*Todos los costes de trading de los pares est\u00e1n expresados en USD<\/em><\/p>\n<div class=\"table-responsive\">\n<table class=\"table table--colorful\">\n<thead>\n<tr>\n<th style=\"background-color: #fff;\" colspan=\"5\">Costes m\u00ednimos de spread con cuentas Zero<\/th>\n<\/tr>\n<tr>\n<th>Par de divisas<\/th>\n<th>Spread desde (pips)<\/th>\n<th>Comisi\u00f3n por lado<\/th>\n<th>Coste por micro lote<\/th>\n<th>Coste por lote est\u00e1ndar<\/th>\n<\/tr>\n<\/thead>\n<tbody>\n<tr>\n<td>EUR\/USD<\/td>\n<td style=\"text-align: center;\">0,0<\/td>\n<td style=\"text-align: center;\">3,50 USD\/0,035 USD<\/td>\n<td style=\"text-align: center;\">0,035 USD<\/td>\n<td style=\"text-align: center;\">3,50 USD<\/td>\n<\/tr>\n<tr>\n<td>USD\/JPY<\/td>\n<td style=\"text-align: center;\">0,0<\/td>\n<td style=\"text-align: center;\">3,50 USD\/0,035 USD<\/td>\n<td style=\"text-align: center;\">0,035 USD<\/td>\n<td style=\"text-align: center;\">3,50 USD<\/td>\n<\/tr>\n<tr>\n<td>EUR\/GBP<\/td>\n<td style=\"text-align: center;\">0,0<\/td>\n<td style=\"text-align: center;\">3,50 USD\/0,035 USD<\/td>\n<td style=\"text-align: center;\">0,035 USD<\/td>\n<td style=\"text-align: center;\">3,50 USD<\/td>\n<\/tr>\n<tr>\n<td>GBP\/USD<\/td>\n<td style=\"text-align: center;\">0,0<\/td>\n<td style=\"text-align: center;\">3,50 USD\/0,035 USD<\/td>\n<td style=\"text-align: center;\">0,035 USD<\/td>\n<td style=\"text-align: center;\">3,50 USD<\/td>\n<\/tr>\n<tr>\n<td>AUD\/USD<\/td>\n<td style=\"text-align: center;\">0,0<\/td>\n<td style=\"text-align: center;\">3,50 USD\/0,035 USD<\/td>\n<td style=\"text-align: center;\">0,035 USD<\/td>\n<td style=\"text-align: center;\">3,50 USD<\/td>\n<\/tr>\n<tr>\n<td>USD\/CAD<\/td>\n<td style=\"text-align: center;\">0,0<\/td>\n<td style=\"text-align: center;\">3,50 USD\/0,035 USD<\/td>\n<td style=\"text-align: center;\">0,035 USD<\/td>\n<td style=\"text-align: center;\">3,50 USD<\/td>\n<\/tr>\n<tr>\n<td>USD\/CHF<\/td>\n<td style=\"text-align: center;\">0,0<\/td>\n<td style=\"text-align: center;\">3,50 USD\/0,035 USD<\/td>\n<td style=\"text-align: center;\">0,035 USD<\/td>\n<td style=\"text-align: center;\">3,50 USD<\/td>\n<\/tr>\n<tr>\n<td>USD\/CNH<\/td>\n<td style=\"text-align: center;\">0,0<\/td>\n<td style=\"text-align: center;\">3,50 USD\/0,035 USD<\/td>\n<td style=\"text-align: center;\">0,035 USD<\/td>\n<td style=\"text-align: center;\">3,50 USD<\/td>\n<\/tr>\n<tr>\n<td>NZD\/USD<\/td>\n<td style=\"text-align: center;\">0,0<\/td>\n<td style=\"text-align: center;\">3,50 USD\/0,035 USD<\/td>\n<td style=\"text-align: center;\">0,035 USD<\/td>\n<td style=\"text-align: center;\">3,50 USD<\/td>\n<\/tr>\n<\/tbody>\n<\/table>\n<\/div>\n<p style=\"text-align: center; font-size: 13px;\"><em>*Todos los costes de trading de los pares est\u00e1n expresados en USD<\/em><\/p>\n<h2 id=\"overnight\"><i class=\"ico ico--clock\"><\/i>Costes de financiaci\u00f3n overnight en XM<\/h2>\n<p>Aunque el trading intrad\u00eda es una popular estrategia que se puede aplicar f\u00e1cilmente con cualquier tipo de cuenta ofrecido por XM, los traders tambi\u00e9n podr\u00e1n mantener sus posiciones abiertas durante la noche y ganar intereses, dependiendo de la evoluci\u00f3n del mercado correspondiente. Este inter\u00e9s, conocido como swap, podr\u00e1 ser recibido o pagado por el trader seg\u00fan la diferencia entre las monedas que est\u00e9 negociando.<\/p>\n<p>Para operaciones de forex y metales, XM calcula los tipos de swap en funci\u00f3n de la <strong>tarifa tom-next m\u00e1s un peque\u00f1o margen<\/strong>. Las tarifas tom-next podr\u00e1n ser negativas o positivas, seg\u00fan el diferencial de tipos de inter\u00e9s entre las monedas del cruce correspondiente.<\/p>\n<p>Aunque los traders disponen de una calculadora que permite consultar los swaps vigentes para m\u00faltiples instrumentos, conviene se\u00f1alar que XM utiliza la siguiente f\u00f3rmula para calcular los swaps en forex y metales:<\/p>\n<blockquote><p>Tama\u00f1o de la operaci\u00f3n x (\u00b1 tarifa tom-next + margen)<\/p><\/blockquote>\n<div class=\"table-responsive\">\n<table class=\"table table--colorful\">\n<thead>\n<tr>\n<th style=\"background-color: #fff;\" colspan=\"4\">Tasas de swap en populares pares de forex (lote est\u00e1ndar)<\/th>\n<\/tr>\n<tr>\n<th>S\u00edmbolo<\/th>\n<th>Moneda base<\/th>\n<th>Volumen en lotes<\/th>\n<th>Swap largo del par<\/th>\n<th>Swap corto del par<\/th>\n<\/tr>\n<\/thead>\n<tbody>\n<tr>\n<td>EUR\/USD<\/td>\n<td style=\"text-align: center;\">USD<\/td>\n<td style=\"text-align: center;\">1<\/td>\n<td style=\"text-align: center;\">-6,84<\/td>\n<td style=\"text-align: center;\">1,06<\/td>\n<\/tr>\n<tr>\n<td>USD\/JPY<\/td>\n<td style=\"text-align: center;\">USD<\/td>\n<td style=\"text-align: center;\">1<\/td>\n<td style=\"text-align: center;\">4,31<\/td>\n<td style=\"text-align: center;\">-21,91<\/td>\n<\/tr>\n<tr>\n<td>EUR\/GBP<\/td>\n<td style=\"text-align: center;\">USD<\/td>\n<td style=\"text-align: center;\">1<\/td>\n<td style=\"text-align: center;\">-7,98<\/td>\n<td style=\"text-align: center;\">2,24<\/td>\n<\/tr>\n<tr>\n<td>GBP\/USD<\/td>\n<td style=\"text-align: center;\">USD<\/td>\n<td style=\"text-align: center;\">1<\/td>\n<td style=\"text-align: center;\">-1,99<\/td>\n<td style=\"text-align: center;\">-4,79<\/td>\n<\/tr>\n<tr>\n<td>AUD\/USD<\/td>\n<td style=\"text-align: center;\">USD<\/td>\n<td style=\"text-align: center;\">1<\/td>\n<td style=\"text-align: center;\">-1,98<\/td>\n<td style=\"text-align: center;\">-1,48<\/td>\n<\/tr>\n<tr>\n<td>USD\/CAD<\/td>\n<td style=\"text-align: center;\">USD<\/td>\n<td style=\"text-align: center;\">1<\/td>\n<td style=\"text-align: center;\">0,43<\/td>\n<td style=\"text-align: center;\">-7,32<\/td>\n<\/tr>\n<tr>\n<td>USD\/CHF<\/td>\n<td style=\"text-align: center;\">USD<\/td>\n<td style=\"text-align: center;\">1<\/td>\n<td style=\"text-align: center;\">5,01<\/td>\n<td style=\"text-align: center;\">-17,07<\/td>\n<\/tr>\n<tr>\n<td>USD\/CNH<\/td>\n<td style=\"text-align: center;\">USD<\/td>\n<td style=\"text-align: center;\">1<\/td>\n<td style=\"text-align: center;\">-14,47<\/td>\n<td style=\"text-align: center;\">-28,19<\/td>\n<\/tr>\n<tr>\n<td>NZD\/USD<\/td>\n<td style=\"text-align: center;\">USD<\/td>\n<td style=\"text-align: center;\">1<\/td>\n<td style=\"text-align: center;\">-2,44<\/td>\n<td style=\"text-align: center;\">-1,84<\/td>\n<\/tr>\n<\/tbody>\n<\/table>\n<\/div>\n<h2 id=\"swap\"><i class=\"ico ico--islamic-account\"><\/i>Costes de trading sin swap en XM<\/h2>\n<p>Como XM est\u00e1 comprometido con la inclusi\u00f3n, el br\u00f3ker ofrece a los traders musulmanes la posibilidad de abrir una cuenta isl\u00e1mica, que eliminar\u00e1 cualquier cargo por swap en sus cuentas. Esto significa que las <strong>posiciones abiertas durante la noche no generar\u00e1n intereses<\/strong>; por tanto, las cuentas isl\u00e1micas no pagar\u00e1n comisiones de financiaci\u00f3n overnight ni recibir\u00e1n swaps por sus posiciones nocturnas.<\/p>\n<p>El br\u00f3ker no menciona tasas administrativas por mantener posiciones abiertas varias noches en una cuenta isl\u00e1mica. Sin embargo, seg\u00fan los T\u00e9rminos y condiciones de XM, si la entidad considera que un trader est\u00e1 abusando de las ventajas de la cuenta isl\u00e1mica, se reservar\u00e1 el derecho de revocar el estatus sin swap de dicha cuenta y comenzar a aplicar swaps en las posiciones overnight.<\/p>\n<h2 id=\"other\"><i class=\"ico ico--administration-fees\"><\/i>Costes no relacionados con el trading en XM<\/h2>\n<p>Adem\u00e1s de los costes de trading en XM, conviene tener en cuenta otras tarifas que podr\u00e1n aplicarse a la cuenta del br\u00f3ker. Podr\u00e1s <strong>crear de forma gratuita una cuenta demo y otra real<\/strong>, lo que te permitir\u00e1 acceder a toda la gama de instrumentos negociables y a las soluciones de software de trading. Cuando est\u00e9s listo para operar con dinero real, podr\u00e1s realizar un dep\u00f3sito eligiendo entre varias c\u00f3modas opciones, sin comisiones. Las retiradas tambi\u00e9n son gratuitas, por lo que podr\u00e1s gestionar todos los pagos hacia y desde XM sin incurrir en costes adicionales.<\/p>\n<p>Si tu cuenta permanece <strong>inactiva durante m\u00e1s de 90 d\u00edas<\/strong>, se aplicar\u00e1 una <strong>tarifa de inactividad de 15 $<\/strong>. Si la inactividad contin\u00faa, se cobrar\u00e1 una comisi\u00f3n de 10 $ al mes. Si tu saldo llega a 0 mientras la cuenta est\u00e1 inactiva, el br\u00f3ker podr\u00e1 cerrar la cuenta.<\/p>\n<p>Para los traders que deseen mejorar su experiencia mediante un servicio de alojamiento VPS, XM ofrece un VPS para MT4, al que se podr\u00e1 acceder mediante una <strong>suscripci\u00f3n de pago de 28 $ al mes<\/strong>. De forma alternativa, los traders que mantengan un saldo m\u00ednimo de 5.000 $ entre todas sus cuentas con el br\u00f3ker y realicen al menos 5 operaciones ida y vuelta de un lote est\u00e1ndar al mes, podr\u00e1n acceder al servicio VPS de MT4 de forma gratuita.<\/p>\n<div class=\"table-responsive\">\n<table class=\"table\">\n<thead>\n<tr>\n<th colspan=\"2\">Costes no relativos al trading de XM<\/th>\n<\/tr>\n<\/thead>\n<tbody>\n<tr>\n<td>Comisiones de dep\u00f3sito<\/td>\n<td>Gratis<\/td>\n<\/tr>\n<tr>\n<td>Comisiones de retirada<\/td>\n<td>Gratis<\/td>\n<\/tr>\n<tr>\n<td>Comisi\u00f3n de apertura de cuenta<\/td>\n<td>Gratis<\/td>\n<\/tr>\n<tr>\n<td>Comisi\u00f3n de inactividad<\/td>\n<td>15 $ tras 90 d\u00edas sin actividad y luego 10 $ al mes<\/td>\n<\/tr>\n<tr>\n<td>Suscripci\u00f3n VPS<\/td>\n<td>28 $ al mes<\/td>\n<\/tr>\n<\/tbody>\n<\/table>\n<\/div>\n<h2 id=\"conclusion\"><i class=\"ico ico--pen\"><\/i>Conclusi\u00f3n sobre las comisiones de XM<\/h2>\n<p>El coste global de trading en XM es m\u00e1s que asequible, ya que permite elegir entre varias cuentas que eliminan la comisi\u00f3n o reducen el precio de negociaci\u00f3n gracias a spreads m\u00e1s estrechos. Adem\u00e1s, <strong>el br\u00f3ker no aplica comisiones por dep\u00f3sitos ni retiradas<\/strong>, as\u00ed que los traders podr\u00e1n gestionar sus fondos de manera rentable. Ten en cuenta que, tras tres meses sin actividad en tu cuenta, se cobrar\u00e1 una comisi\u00f3n de inactividad; por ello, te conviene revisar tus cuentas de XM con regularidad. Aunque el servicio de VPS est\u00e1 disponible mediante una suscripci\u00f3n de 28 $ al mes, <strong>los traders de alto volumen podr\u00e1n optar a un uso gratuito del VPS MT4<\/strong>.<\/p>\n","protected":false},"excerpt":{"rendered":"<p>Para que puedas formarte una idea completa de c\u00f3mo es la experiencia de trading en XM, te recomendamos prestar mucha atenci\u00f3n a los costes de negociaci\u00f3n, ya que te ayudar\u00e1n a decidir si el br\u00f3ker es la opci\u00f3n adecuada para ti. Los spreads, comisiones y dem\u00e1s tarifas son lo suficientemente relevantes como para que sopeses [&hellip;]<\/p>\n","protected":false},"author":2,"featured_media":0,"parent":10907,"menu_order":0,"comment_status":"closed","ping_status":"closed","template":"templates\/review.php","meta":{"footnotes":""},"class_list":["post-59736","page","type-page","status-publish","hentry"],"aioseo_notices":[],"_links":{"self":[{"href":"https:\/\/www.bestbrokers.com\/es\/wp-json\/wp\/v2\/pages\/59736","targetHints":{"allow":["GET"]}}],"collection":[{"href":"https:\/\/www.bestbrokers.com\/es\/wp-json\/wp\/v2\/pages"}],"about":[{"href":"https:\/\/www.bestbrokers.com\/es\/wp-json\/wp\/v2\/types\/page"}],"author":[{"embeddable":true,"href":"https:\/\/www.bestbrokers.com\/es\/wp-json\/wp\/v2\/users\/2"}],"replies":[{"embeddable":true,"href":"https:\/\/www.bestbrokers.com\/es\/wp-json\/wp\/v2\/comments?post=59736"}],"version-history":[{"count":10,"href":"https:\/\/www.bestbrokers.com\/es\/wp-json\/wp\/v2\/pages\/59736\/revisions"}],"predecessor-version":[{"id":71666,"href":"https:\/\/www.bestbrokers.com\/es\/wp-json\/wp\/v2\/pages\/59736\/revisions\/71666"}],"up":[{"embeddable":true,"href":"https:\/\/www.bestbrokers.com\/es\/wp-json\/wp\/v2\/pages\/10907"}],"wp:attachment":[{"href":"https:\/\/www.bestbrokers.com\/es\/wp-json\/wp\/v2\/media?parent=59736"}],"curies":[{"name":"wp","href":"https:\/\/api.w.org\/{rel}","templated":true}]}}