{"id":59737,"date":"2025-03-19T09:40:59","date_gmt":"2025-03-19T09:40:59","guid":{"rendered":"https:\/\/www.bestbrokers.com\/?page_id=59737"},"modified":"2025-10-21T14:23:51","modified_gmt":"2025-10-21T14:23:51","slug":"spreads-fees-and-commissions","status":"publish","type":"page","link":"https:\/\/www.bestbrokers.com\/es\/reviews\/fxtm\/spreads-fees-and-commissions\/","title":{"rendered":"Spreads, tarifas y comisiones de FXTM"},"content":{"rendered":"<div class=\"author-line\">Escrito por <span class=\"author\">Zornitsa Stefanova<div class=\"author-sub-box\"><div class=\"author-avatar\"><img decoding=\"async\" src=\"https:\/\/www.bestbrokers.com\/wp-content\/uploads\/2024\/09\/zornica-stefanova.jpeg\" \/><\/div><div class=\"author-info-wrapper\"><div class=\"author-name\"><a href=\"https:\/\/www.bestbrokers.com\/es\/authors\/zornitsa-stefanova\/\">Zornitsa Stefanova<\/a><\/div><div class=\"author-bio\">Zornitsa Stefanova es una analista con amplia experiencia en el mercado de divisas y criptomonedas. Tambi\u00e9n es especialista en temas financieros, como el trading de acciones y las inversiones para la jubilaci\u00f3n.<\/div><\/div><\/div><\/span>,  <a rel=\"nofollow\" target=\"_blank\" href=\"https:\/\/www.linkedin.com\/in\/zornica-stefanova-73ab39287\/\"><img decoding=\"async\" class=\"social-icon\" src=\"https:\/\/www.bestbrokers.com\/wp-content\/themes\/best-brokers\/assets\/images\/icon-linkedin.svg\" data-no-lazy=\"1\"><\/a> <span class=\"sep\">|<\/span> Traducido por <span class=\"author\">Estrella Fernandez<div class=\"author-sub-box\"><div class=\"author-avatar\"><img decoding=\"async\" src=\"https:\/\/www.bestbrokers.com\/wp-content\/uploads\/2024\/10\/Estrella-Fernandez.jpeg\" \/><\/div><div class=\"author-info-wrapper\"><div class=\"author-name\"><a href=\"https:\/\/www.bestbrokers.com\/es\/authors\/estrella-fernandez\/\">Estrella Fernandez<\/a><\/div><div class=\"author-bio\">Estrella Fernandez edita y revista contenidos financieros para blogs y websites y hace traducciones de franc\u00e9s e ingl\u00e9s a espa\u00f1ol.<\/div><\/div><\/div><\/span>, <a rel=\"nofollow\" target=\"_blank\" href=\"https:\/\/www.linkedin.com\/in\/estrella-fern%C3%A1ndez-gordillo-a54ab483\/?originalSubdomain=es\"><img decoding=\"async\" class=\"social-icon\" src=\"https:\/\/www.bestbrokers.com\/wp-content\/themes\/best-brokers\/assets\/images\/icon-linkedin.svg\" data-no-lazy=\"1\"><\/a> <span class=\"sep\">|<\/span> Actualizado: <time class=\"entry-date\" datetime=\"2025-10-21T14:23:51+00:00\">octubre 21, 2025<\/time><\/div>\n<p>FXTM abri\u00f3 sus puertas virtuales en 2011 y ahora atiende a m\u00e1s de un mill\u00f3n de clientes en decenas de pa\u00edses. Entre los mercados que pone a disposici\u00f3n de sus clientes se incluyen, forex, acciones, criptomonedas, \u00edndices y materias primas. El br\u00f3ker tambi\u00e9n es vers\u00e1til en t\u00e9rminos de costes, ya que los clientes de FXTM podr\u00e1n operar sin comisiones con la cuenta Advantage Plus o disfrutar de spreads m\u00e1s ajustados si optan por la cuenta Advantage, basada en comisiones. Nuestro equipo de expertos ha examinado minuciosamente la estructura de costes de FXTM abriendo una cuenta real. Adem\u00e1s de los recargos mencionados, en esta gu\u00eda encontrar\u00e1s informaci\u00f3n de utilidad sobre las comisiones no relacionadas con el trading.<\/p>\n<p>Tambi\u00e9n probamos las plataformas disponibles en FXTM. Aunque el br\u00f3ker no ofrece software propio para operar desde el escritorio, admite plataformas de terceros tan populares como MetaTrader 4 y MetaTrader 5. Los traders que operan en movimiento tambi\u00e9n est\u00e1n cubiertos, ya que la entidad es compatible con dispositivos m\u00f3viles.<\/p>\n<h2 id=\"costs\"><i class=\"ico ico--money-supply\"><\/i>Costes de trading en FXTM<\/h2>\n<p>FXTM ha preparado dos tipos de cuentas reales dise\u00f1adas para cubrir las distintas preferencias de los operadores de forex y de otros productos. Estas opciones son Advantage y Advantage Plus. La primera es una cuenta con spread cero, lo que significa que sus spreads podr\u00e1n descender hasta 0 pips, aunque se aplicar\u00e1 una comisi\u00f3n de 3,5 $ por lote est\u00e1ndar en el caso de los pares de divisas. Por su parte, Advantage Plus, es ideal para quienes no desean pagar comisiones y prefieren que el spread sea su principal coste de trading.<\/p>\n<p>Adem\u00e1s de las opciones anteriores, FXTM ofrece dos tipos de cuenta adicionales. Quienes est\u00e9n interesados \u00fanicamente en acciones podr\u00e1n abrir una cuenta Advantage Stocks, que tiene spreads desde 6 centavos y sin comisiones. Asimismo, los principiantes pueden iniciar su trayectoria con la cuenta demo de FXTM. Es gratuita y ofrece un entorno sin riesgo que permite operar sin poner en juego capital real.<\/p>\n<h3><i class=\"ico ico--pro-ecn-account\"><\/i>Cuenta Advantage Plus<\/h3>\n<p>El primer tipo de cuenta disponible en FXTM es la Advantage Plus, que ofrece spreads desde 1,5 pips. Facilita el trading sin comisiones a quienes valoran unos costes sencillos.<\/p>\n<p>Veamos el par AUD\/USD para ilustrar c\u00f3mo calcular el coste medio de operar en forex. En primer lugar, debemos multiplicar el spread de 0,00021 por 100.000, lo que dar\u00e1 como resultado 21 $ por lote est\u00e1ndar. En el caso de los microlotes, el coste es inferior, 0,21 $, si se utilizan las 1.000 unidades que componen un microlote. Respectivamente, se pagar\u00e1n 2,10 $ por minilote, compuesto por 10.000 unidades de la divisa base. A continuaci\u00f3n puedes consultar los costes de otros populares pares:<\/p>\n<div class=\"table-responsive\">\n<table class=\"table table--colorful\">\n<thead>\n<tr>\n<th style=\"background-color: #fff;\" colspan=\"5\">Coste medio del spread con la cuenta Advantage Plus<\/th>\n<\/tr>\n<tr>\n<th>Par de divisas<\/th>\n<th>Spread<\/th>\n<th>Comisi\u00f3n por lote, por lado<\/th>\n<th>Coste por microlote<\/th>\n<th>Coste por lote est\u00e1ndar<\/th>\n<\/tr>\n<\/thead>\n<tbody>\n<tr>\n<td>AUD\/USD<\/td>\n<td style=\"text-align: center;\">2,1<\/td>\n<td style=\"text-align: center;\">0 USD<\/td>\n<td style=\"text-align: center;\">0,21 USD<\/td>\n<td style=\"text-align: center;\">21 USD<\/td>\n<\/tr>\n<tr>\n<td>EUR\/GBP<\/td>\n<td style=\"text-align: center;\">2,7<\/td>\n<td style=\"text-align: center;\">0 USD<\/td>\n<td style=\"text-align: center;\">0,364 USD<\/td>\n<td style=\"text-align: center;\">36,38 USD<\/td>\n<\/tr>\n<tr>\n<td>EUR\/JPY<\/td>\n<td style=\"text-align: center;\">2,5<\/td>\n<td style=\"text-align: center;\">0 USD<\/td>\n<td style=\"text-align: center;\">0,17 USD<\/td>\n<td style=\"text-align: center;\">17 USD<\/td>\n<\/tr>\n<tr>\n<td>EUR\/USD<\/td>\n<td style=\"text-align: center;\">2,1<\/td>\n<td style=\"text-align: center;\">0 USD<\/td>\n<td style=\"text-align: center;\">0,21 USD<\/td>\n<td style=\"text-align: center;\">21 USD<\/td>\n<\/tr>\n<tr>\n<td>GBP\/JPY<\/td>\n<td style=\"text-align: center;\">6,9<\/td>\n<td style=\"text-align: center;\">0 USD<\/td>\n<td style=\"text-align: center;\">0,469 USD<\/td>\n<td style=\"text-align: center;\">46,94 USD<\/td>\n<\/tr>\n<tr>\n<td>GBP\/USD<\/td>\n<td style=\"text-align: center;\">2,5<\/td>\n<td style=\"text-align: center;\">0 USD<\/td>\n<td style=\"text-align: center;\">0,25 USD<\/td>\n<td style=\"text-align: center;\">25 USD<\/td>\n<\/tr>\n<tr>\n<td>NZD\/USD<\/td>\n<td style=\"text-align: center;\">15<\/td>\n<td style=\"text-align: center;\">0 USD<\/td>\n<td style=\"text-align: center;\">1,5 USD<\/td>\n<td style=\"text-align: center;\">150 USD<\/td>\n<\/tr>\n<tr>\n<td>USD\/CAD<\/td>\n<td style=\"text-align: center;\">2,8<\/td>\n<td style=\"text-align: center;\">0 USD<\/td>\n<td style=\"text-align: center;\">0,204 USD<\/td>\n<td style=\"text-align: center;\">20,36 USD<\/td>\n<\/tr>\n<tr>\n<td>USD\/CHF<\/td>\n<td style=\"text-align: center;\">2,7<\/td>\n<td style=\"text-align: center;\">0 USD<\/td>\n<td style=\"text-align: center;\">0,337 USD<\/td>\n<td style=\"text-align: center;\">33,72 USD<\/td>\n<\/tr>\n<tr>\n<td>USD\/CNH<\/td>\n<td style=\"text-align: center;\">19,8<\/td>\n<td style=\"text-align: center;\">0 USD<\/td>\n<td style=\"text-align: center;\">0,278 USD<\/td>\n<td style=\"text-align: center;\">27,79 USD<\/td>\n<\/tr>\n<tr>\n<td>USD\/JPY<\/td>\n<td style=\"text-align: center;\">2,5<\/td>\n<td style=\"text-align: center;\">0 USD<\/td>\n<td style=\"text-align: center;\">0,17 USD<\/td>\n<td style=\"text-align: center;\">17 USD<\/td>\n<\/tr>\n<\/tbody>\n<\/table>\n<\/div>\n<h3><i class=\"ico ico--account\"><\/i>Cuenta Advantage<\/h3>\n<p>A continuaci\u00f3n analizamos la cuenta denominada \u00abAdvantage\u00bb. Aunque este tipo de cuenta conlleva una comisi\u00f3n de 3,5 $, permite operar con spreads mucho m\u00e1s bajos. De hecho, los spreads medios de la mayor\u00eda de los pares que examinamos fueron inferiores a 1 pip, lo que se traduce en costes relativamente reducidos.<\/p>\n<p>El proceso para hallar el coste total es pr\u00e1cticamente el mismo que ya cubrimos en la secci\u00f3n anterior, con la diferencia de que aqu\u00ed debemos tener en cuenta la comisi\u00f3n. Como el coste inicial del par AUD\/USD por lote est\u00e1ndar asciende a 5 $ (0,00005 \u00d7 100.000 = 5 $), al sumar la comisi\u00f3n de 3,5 $ obtenemos un coste total de 8,5 $. La comisi\u00f3n es de 0,035 $ para microlotes, que, al a\u00f1adirse al spread inicial (0,00005 \u00d7 1.000 = 0,05 $), da lugar a un coste total de 0,085 $.<\/p>\n<div class=\"table-responsive\">\n<table class=\"table table--colorful\">\n<thead>\n<tr>\n<th style=\"background-color: #fff;\" colspan=\"5\">Coste medio del spread con la cuenta Advantage<\/th>\n<\/tr>\n<tr>\n<th>Par de divisas<\/th>\n<th>Spread<\/th>\n<th>Comisi\u00f3n por lote, por lado<\/th>\n<th>Coste por microlote<\/th>\n<th>Coste por lote est\u00e1ndar<\/th>\n<\/tr>\n<\/thead>\n<tbody>\n<tr>\n<td>AUD\/USD<\/td>\n<td style=\"text-align: center;\">0,5<\/td>\n<td style=\"text-align: center;\">0,035\/3,5 USD<\/td>\n<td style=\"text-align: center;\">0,085 USD<\/td>\n<td style=\"text-align: center;\">8,5 USD<\/td>\n<\/tr>\n<tr>\n<td>EUR\/GBP<\/td>\n<td style=\"text-align: center;\">0,6<\/td>\n<td style=\"text-align: center;\">3,5 USD<\/td>\n<td style=\"text-align: center;\">0,11578 USD<\/td>\n<td style=\"text-align: center;\">11,57798 USD<\/td>\n<\/tr>\n<tr>\n<td>EUR\/JPY<\/td>\n<td style=\"text-align: center;\">0,4<\/td>\n<td style=\"text-align: center;\">3,5 USD<\/td>\n<td style=\"text-align: center;\">0,07573 USD<\/td>\n<td style=\"text-align: center;\">7,57268 USD<\/td>\n<\/tr>\n<tr>\n<td>EUR\/USD<\/td>\n<td style=\"text-align: center;\">0,1<\/td>\n<td style=\"text-align: center;\">3,5 USD<\/td>\n<td style=\"text-align: center;\">0,045 USD<\/td>\n<td style=\"text-align: center;\">4,5 USD<\/td>\n<\/tr>\n<tr>\n<td>GBP\/JPY<\/td>\n<td style=\"text-align: center;\">0,9<\/td>\n<td style=\"text-align: center;\">3,5 USD<\/td>\n<td style=\"text-align: center;\">0,09609 USD<\/td>\n<td style=\"text-align: center;\">9,60903 USD<\/td>\n<\/tr>\n<tr>\n<td>GBP\/USD<\/td>\n<td style=\"text-align: center;\">2<\/td>\n<td style=\"text-align: center;\">3,5 USD<\/td>\n<td style=\"text-align: center;\">0,235 USD<\/td>\n<td style=\"text-align: center;\">23,5 USD<\/td>\n<\/tr>\n<tr>\n<td>NZD\/USD<\/td>\n<td style=\"text-align: center;\">4<\/td>\n<td style=\"text-align: center;\">3,5 USD<\/td>\n<td style=\"text-align: center;\">0,435 USD<\/td>\n<td style=\"text-align: center;\">43,5 USD<\/td>\n<\/tr>\n<tr>\n<td>USD\/CAD<\/td>\n<td style=\"text-align: center;\">0,6<\/td>\n<td style=\"text-align: center;\">3,5 USD<\/td>\n<td style=\"text-align: center;\">0,07881 USD<\/td>\n<td style=\"text-align: center;\">7,88091 USD<\/td>\n<\/tr>\n<tr>\n<td>USD\/CHF<\/td>\n<td style=\"text-align: center;\">0,5<\/td>\n<td style=\"text-align: center;\">3,5 USD<\/td>\n<td style=\"text-align: center;\">0,09771 USD<\/td>\n<td style=\"text-align: center;\">9,77054 USD<\/td>\n<\/tr>\n<tr>\n<td>USD\/CNH<\/td>\n<td style=\"text-align: center;\">16,8<\/td>\n<td style=\"text-align: center;\">3,5 USD<\/td>\n<td style=\"text-align: center;\">0,26928 USD<\/td>\n<td style=\"text-align: center;\">26,92828 USD<\/td>\n<\/tr>\n<tr>\n<td>USD\/JPY<\/td>\n<td style=\"text-align: center;\">0,6<\/td>\n<td style=\"text-align: center;\">3,5 USD<\/td>\n<td style=\"text-align: center;\">0,07573 USD<\/td>\n<td style=\"text-align: center;\">7,57268 USD<\/td>\n<\/tr>\n<\/tbody>\n<\/table>\n<\/div>\n<p>Cabe se\u00f1alar que las comisiones var\u00edan en el caso de los metales al contado (25 US$ por mill\u00f3n nocional). Los CFD sobre \u00edndices y materias primas, en cambio, tienen comisiones de 35 $ por mill\u00f3n nocional. Se aplica una comisi\u00f3n de 0,02 $ por lado y lote negociado a los CFD sobre acciones, con una comisi\u00f3n m\u00ednima de 0,01 $. Quienes operen con criptomonedas tambi\u00e9n estar\u00e1n sujetos a una comisi\u00f3n si eligen este tipo de cuenta, actualmente del 0,03 % del valor nocional.<\/p>\n<h2 id=\"overnight\"><i class=\"ico ico--clock\"><\/i>Costes de financiaci\u00f3n overnight en FXTM<\/h2>\n<p>Si piensas operar con divisas y mantener posiciones largas o cortas durante la noche, deber\u00e1s controlar las comisiones swap, ya que cambian a diario. Se puede pagar o ganar inter\u00e9s con los swaps; lo segundo ocurre cuando la divisa comprada tiene un tipo de inter\u00e9s superior al de la divisa vendida. La siguiente tabla resume los tipos vigentes en la fecha de redacci\u00f3n.<\/p>\n<div class=\"table-responsive\">\n<table class=\"table table--colorful\">\n<thead>\n<tr>\n<th style=\"background-color: #fff;\" colspan=\"3\">Comisiones swap de FXTM (29 de agosto de 2025)<\/th>\n<\/tr>\n<tr>\n<th>Par de divisas<\/th>\n<th>Corto (venta)<\/th>\n<th>Largo (compra)<\/th>\n<\/tr>\n<\/thead>\n<tbody>\n<tr>\n<td>AUD\/USD<\/td>\n<td style=\"text-align: center;\">-0,005<\/td>\n<td style=\"text-align: center;\">-0,0211<\/td>\n<\/tr>\n<tr>\n<td>EUR\/GBP<\/td>\n<td style=\"text-align: center;\">0,0093<\/td>\n<td style=\"text-align: center;\">-0,0977<\/td>\n<\/tr>\n<tr>\n<td>EUR\/JPY<\/td>\n<td style=\"text-align: center;\">-0,1671<\/td>\n<td style=\"text-align: center;\">0,0109<\/td>\n<\/tr>\n<tr>\n<td>EUR\/USD<\/td>\n<td style=\"text-align: center;\">0,0476<\/td>\n<td style=\"text-align: center;\">-0,1041<\/td>\n<\/tr>\n<tr>\n<td>GBP\/JPY<\/td>\n<td style=\"text-align: center;\">-0,3167<\/td>\n<td style=\"text-align: center;\">0,0883<\/td>\n<\/tr>\n<tr>\n<td>GBP\/USD<\/td>\n<td style=\"text-align: center;\">-0,0211<\/td>\n<td style=\"text-align: center;\">-0,0314<\/td>\n<\/tr>\n<tr>\n<td>NZD\/USD<\/td>\n<td style=\"text-align: center;\">0,0056<\/td>\n<td style=\"text-align: center;\">-0,0309<\/td>\n<\/tr>\n<tr>\n<td>USD\/CAD<\/td>\n<td style=\"text-align: center;\">-0,0982<\/td>\n<td style=\"text-align: center;\">0,0407<\/td>\n<\/tr>\n<tr>\n<td>USD\/CHF<\/td>\n<td style=\"text-align: center;\">-0,1321<\/td>\n<td style=\"text-align: center;\">0,0659<\/td>\n<\/tr>\n<tr>\n<td>USD\/CNH<\/td>\n<td style=\"text-align: center;\">-1,1748<\/td>\n<td style=\"text-align: center;\">0,0462<\/td>\n<\/tr>\n<tr>\n<td>USD\/JPY<\/td>\n<td style=\"text-align: center;\">-0,2204<\/td>\n<td style=\"text-align: center;\">0,0826<\/td>\n<\/tr>\n<\/tbody>\n<\/table>\n<\/div>\n<h2 id=\"swap\"><i class=\"ico ico--islamic-account\"><\/i>Costes de trading sin swap en FXTM<\/h2>\n<p>Podr\u00e1s acceder al trading sin swap tanto con la cuenta Advantage como con la Advantage Plus. Este servicio te eximir\u00e1 de pagar o recibir intereses por rollover y, en su lugar, aplicar\u00e1 cargos diarios sencillos. Solo se facturar\u00e1n si no cierras la posici\u00f3n despu\u00e9s de un periodo de gracia de siete d\u00edas.<\/p>\n<p>Podr\u00e1s activarlo desde la secci\u00f3n \u00abAccounts Overview\u00bb del panel MyFXTM. Ten en cuenta que estas opciones podr\u00edan no estar disponibles de inmediato. Antes, FXTM podr\u00eda solicitarte que demuestres que eres musulm\u00e1n enviando al equipo de soporte un documento acreditativo. Seg\u00fan indica FXTM, suele tratarse de un certificado expedido por un l\u00edder religioso, como un im\u00e1n u otra autoridad reconocida.<\/p>\n<div class=\"table-responsive\">\n<table class=\"table table--colorful\">\n<thead>\n<tr>\n<th style=\"background-color: #fff;\" colspan=\"3\">Comisiones administrativas de la cuenta isl\u00e1mica de FXTM<\/th>\n<\/tr>\n<tr>\n<th>Par<\/th>\n<th>Sin swap (cargo diario), $ por lote<\/th>\n<th>D\u00edas de gracia sin swap<\/th>\n<\/tr>\n<\/thead>\n<tbody>\n<tr>\n<td>AUD\/USD<\/td>\n<td style=\"text-align: center;\">-5<\/td>\n<td style=\"text-align: center;\">7<\/td>\n<\/tr>\n<tr>\n<td>EUR\/GBP<\/td>\n<td style=\"text-align: center;\">-5<\/td>\n<td style=\"text-align: center;\">7<\/td>\n<\/tr>\n<tr>\n<td>EUR\/JPY<\/td>\n<td style=\"text-align: center;\">-15<\/td>\n<td style=\"text-align: center;\">7<\/td>\n<\/tr>\n<tr>\n<td>EUR\/USD<\/td>\n<td style=\"text-align: center;\">-10<\/td>\n<td style=\"text-align: center;\">7<\/td>\n<\/tr>\n<tr>\n<td>GBP\/JPY<\/td>\n<td style=\"text-align: center;\">-15<\/td>\n<td style=\"text-align: center;\">7<\/td>\n<\/tr>\n<tr>\n<td>GBP\/USD<\/td>\n<td style=\"text-align: center;\">-5<\/td>\n<td style=\"text-align: center;\">7<\/td>\n<\/tr>\n<tr>\n<td>NZD\/USD<\/td>\n<td style=\"text-align: center;\">-1,5<\/td>\n<td style=\"text-align: center;\">7<\/td>\n<\/tr>\n<tr>\n<td>USD\/CAD<\/td>\n<td style=\"text-align: center;\">-5<\/td>\n<td style=\"text-align: center;\">7<\/td>\n<\/tr>\n<tr>\n<td>USD\/CHF<\/td>\n<td style=\"text-align: center;\">-10<\/td>\n<td style=\"text-align: center;\">7<\/td>\n<\/tr>\n<tr>\n<td>USD\/CNH<\/td>\n<td style=\"text-align: center;\">-50<\/td>\n<td style=\"text-align: center;\">7<\/td>\n<\/tr>\n<tr>\n<td>USD\/JPY<\/td>\n<td style=\"text-align: center;\">-20<\/td>\n<td style=\"text-align: center;\">7<\/td>\n<\/tr>\n<\/tbody>\n<\/table>\n<\/div>\n<h2 id=\"other\"><i class=\"ico ico--administration-fees\"><\/i>Costes no relacionados con el trading en FXTM<\/h2>\n<p>FXTM ha introducido una comisi\u00f3n fija de 3 $ que se aplica a dep\u00f3sitos y retiradas de 30 $ o menos. Con esta salvedad, los dep\u00f3sitos est\u00e1n libres de comisiones. Tampoco se cobrar\u00e1 ninguna tasa por abrir una cuenta, aunque deber\u00e1s cumplir con el dep\u00f3sito m\u00ednimo de 200 $\/\u20ac\/\u00a3.<\/p>\n<div class=\"table-responsive\">\n<table class=\"table\">\n<thead>\n<tr>\n<th colspan=\"2\">Resumen de costes no relacionados con el trading en FXTM<\/th>\n<\/tr>\n<\/thead>\n<tbody>\n<tr>\n<td>Comisiones por dep\u00f3sito<\/td>\n<td>\n<ul class=\"list-checks\">\n<li>Dep\u00f3sitos de 30 $ o menos: comisi\u00f3n de transacci\u00f3n de 3 $<\/li>\n<li>Dep\u00f3sitos superiores a 30 $: sin comisi\u00f3n<\/li>\n<\/ul>\n<\/td>\n<\/tr>\n<tr>\n<td>Comisiones por retirada<\/td>\n<td>\n<ul class=\"list-checks\">\n<li>Retiradas de 30 $ o menos: comisi\u00f3n de transacci\u00f3n de 3 $<\/li>\n<li>Retiradas superiores a 30 $: pueden aplicarse comisiones<\/li>\n<\/ul>\n<\/td>\n<\/tr>\n<tr>\n<td>Coste de apertura de cuenta<\/td>\n<td>Sin coste<\/td>\n<\/tr>\n<tr>\n<td>Comisi\u00f3n por inactividad<\/td>\n<td>10 $ al mes tras 3 meses de inactividad<\/td>\n<\/tr>\n<tr>\n<td>Suscripci\u00f3n al VPS<\/td>\n<td>El servicio VPS de FXTM es gratuito si el cliente mantiene un saldo de 3.000 $. Los usuarios podr\u00e1n utilizar servicios VPS externos bajo su propia responsabilidad.<\/td>\n<\/tr>\n<\/tbody>\n<\/table>\n<\/div>\n<p>FXTM no cobra comisiones en la mayor\u00eda de las soluciones de retirada que acepta, siempre que el usuario solicite importes superiores a 30 $. Perfect Money es uno de estos m\u00e9todos, y entre las opciones sin comisiones tambi\u00e9n se incluyen Skrill, TC Pay Wallet, GlobePay y determinadas soluciones dependientes de la regi\u00f3n. Sin embargo, existen diversos m\u00e9todos de pago que s\u00ed conllevan recargos, cuyos costes puedes consultar a continuaci\u00f3n:<\/p>\n<div class=\"table-responsive\">\n<table class=\"table table--orange\">\n<thead>\n<tr>\n<th style=\"background-color: #fff;\" colspan=\"2\">Comisiones por retiradas de FXTM<\/th>\n<\/tr>\n<tr>\n<th>M\u00e9todo<\/th>\n<th>Comisiones<\/th>\n<\/tr>\n<\/thead>\n<tbody>\n<tr>\n<td>FasaPay<\/td>\n<td style=\"text-align: center;\">0,5 %<\/td>\n<\/tr>\n<tr>\n<td>Soluciones locales africanas (C) (NGN)<\/td>\n<td style=\"text-align: center;\">1 US$<\/td>\n<\/tr>\n<tr>\n<td>Transferencia bancaria vietnamita<\/td>\n<td style=\"text-align: center;\">4 %<\/td>\n<\/tr>\n<tr>\n<td>Banca en l\u00ednea del Sudeste Asi\u00e1tico<\/td>\n<td style=\"text-align: center;\">1,4 %<\/td>\n<\/tr>\n<tr>\n<td>Nganluong (monedero electr\u00f3nico y canal bancario) (VND)<\/td>\n<td style=\"text-align: center;\">1,1 % + 0,05 US$<\/td>\n<\/tr>\n<tr>\n<td>Visa<\/td>\n<td style=\"text-align: center;\">2 \u20ac\/3 US$\/2 \u00a3<\/td>\n<\/tr>\n<tr>\n<td>Mastercard<\/td>\n<td style=\"text-align: center;\">2 \u20ac\/3 US$\/2 \u00a3<\/td>\n<\/tr>\n<tr>\n<td>Maestro<\/td>\n<td style=\"text-align: center;\">2 \u20ac\/3 US$\/2 \u00a3<\/td>\n<\/tr>\n<tr>\n<td>WebMoney<\/td>\n<td style=\"text-align: center;\">2 %<\/td>\n<\/tr>\n<tr>\n<td>Yandex.Money<\/td>\n<td style=\"text-align: center;\">1,5 %<\/td>\n<\/tr>\n<tr>\n<td>QIWI<\/td>\n<td style=\"text-align: center;\">1,5 %<\/td>\n<\/tr>\n<tr>\n<td>Konnexone<\/td>\n<td style=\"text-align: center;\">2 %<\/td>\n<\/tr>\n<tr>\n<td>Transferencia bancaria<\/td>\n<td style=\"text-align: center;\">30 \u20ac<\/td>\n<\/tr>\n<\/tbody>\n<\/table>\n<\/div>\n<p>Quienes est\u00e9n interesados en un servidor privado virtual estar\u00e1n encantados de saber que pueden acceder a un VPS sin coste alguno. Para conocer los requisitos de elegibilidad para un VPS gratuito, ponte en contacto con tu Account Service Manager asignado o con el equipo de soporte.<\/p>\n<p>Estas son las especificaciones t\u00e9cnicas del VPS: 1 CPU (2,2 GHz), 1 GB RAM, 30 GB HDD, Windows Server 2008 R2. Tambi\u00e9n podr\u00e1s utilizar un VPS externo, aunque FXTM insiste en que lo har\u00e1 bajo su propia responsabilidad.<\/p>\n<p>Por \u00faltimo, te recomendamos utilizar tu cuenta para operar o desactivarla si decides dejar de operar de forma permanente. De lo contrario, tu cuenta podr\u00eda estar sujeta a la comisi\u00f3n por inactividad. FXTM carga una comisi\u00f3n de inactividad de 10 $\/\u20ac \/\u00a3 al mes si la cuenta permanece inactiva durante tres meses consecutivos.<\/p>\n<h2 id=\"conclusion\"><i class=\"ico ico--pen\"><\/i>Conclusi\u00f3n sobre las comisiones de FXTM<\/h2>\n<p>FXTM resulta algo intermedio en materia de costes. Los spreads medios que ofrece a los usuarios de Advantage Plus distan de ser los m\u00e1s bajos del sector, pero existe una cuenta con spread cero apta para quienes buscan spreads reducidos. El br\u00f3ker es transparente acerca de sus comisiones por rollover, as\u00ed como de los costes administrativos que deben considerar los clientes con cuentas isl\u00e1micas. La ausencia de comisiones por dep\u00f3sito es otra ventaja de la que podr\u00e1s beneficiarte, siempre que no recargues tu cuenta con menos de 30 $.<\/p>\n","protected":false},"excerpt":{"rendered":"<p>FXTM abri\u00f3 sus puertas virtuales en 2011 y ahora atiende a m\u00e1s de un mill\u00f3n de clientes en decenas de pa\u00edses. Entre los mercados que pone a disposici\u00f3n de sus clientes se incluyen, forex, acciones, criptomonedas, \u00edndices y materias primas. El br\u00f3ker tambi\u00e9n es vers\u00e1til en t\u00e9rminos de costes, ya que los clientes de FXTM [&hellip;]<\/p>\n","protected":false},"author":2,"featured_media":0,"parent":10843,"menu_order":0,"comment_status":"closed","ping_status":"closed","template":"templates\/review.php","meta":{"footnotes":""},"class_list":["post-59737","page","type-page","status-publish","hentry"],"aioseo_notices":[],"_links":{"self":[{"href":"https:\/\/www.bestbrokers.com\/es\/wp-json\/wp\/v2\/pages\/59737","targetHints":{"allow":["GET"]}}],"collection":[{"href":"https:\/\/www.bestbrokers.com\/es\/wp-json\/wp\/v2\/pages"}],"about":[{"href":"https:\/\/www.bestbrokers.com\/es\/wp-json\/wp\/v2\/types\/page"}],"author":[{"embeddable":true,"href":"https:\/\/www.bestbrokers.com\/es\/wp-json\/wp\/v2\/users\/2"}],"replies":[{"embeddable":true,"href":"https:\/\/www.bestbrokers.com\/es\/wp-json\/wp\/v2\/comments?post=59737"}],"version-history":[{"count":9,"href":"https:\/\/www.bestbrokers.com\/es\/wp-json\/wp\/v2\/pages\/59737\/revisions"}],"predecessor-version":[{"id":71655,"href":"https:\/\/www.bestbrokers.com\/es\/wp-json\/wp\/v2\/pages\/59737\/revisions\/71655"}],"up":[{"embeddable":true,"href":"https:\/\/www.bestbrokers.com\/es\/wp-json\/wp\/v2\/pages\/10843"}],"wp:attachment":[{"href":"https:\/\/www.bestbrokers.com\/es\/wp-json\/wp\/v2\/media?parent=59737"}],"curies":[{"name":"wp","href":"https:\/\/api.w.org\/{rel}","templated":true}]}}