{"id":59738,"date":"2025-03-19T09:40:59","date_gmt":"2025-03-19T09:40:59","guid":{"rendered":"https:\/\/www.bestbrokers.com\/?page_id=59738"},"modified":"2025-11-21T08:01:46","modified_gmt":"2025-11-21T08:01:46","slug":"spreads-fees-and-commissions","status":"publish","type":"page","link":"https:\/\/www.bestbrokers.com\/es\/reviews\/etoro\/spreads-fees-and-commissions\/","title":{"rendered":"Spreads, tarifas y comisiones de eToro"},"content":{"rendered":"<div class=\"author-line\">Escrito por <span class=\"author\">Zornitsa Stefanova<div class=\"author-sub-box\"><div class=\"author-avatar\"><img decoding=\"async\" src=\"https:\/\/www.bestbrokers.com\/wp-content\/uploads\/2024\/09\/zornica-stefanova.jpeg\" \/><\/div><div class=\"author-info-wrapper\"><div class=\"author-name\"><a href=\"https:\/\/www.bestbrokers.com\/es\/authors\/zornitsa-stefanova\/\">Zornitsa Stefanova<\/a><\/div><div class=\"author-bio\">Zornitsa Stefanova es una analista con amplia experiencia en el mercado de divisas y criptomonedas. Tambi\u00e9n es especialista en temas financieros, como el trading de acciones y las inversiones para la jubilaci\u00f3n.<\/div><\/div><\/div><\/span>,  <a rel=\"nofollow\" target=\"_blank\" href=\"https:\/\/www.linkedin.com\/in\/zornica-stefanova-73ab39287\/\"><img decoding=\"async\" class=\"social-icon\" src=\"https:\/\/www.bestbrokers.com\/wp-content\/themes\/best-brokers\/assets\/images\/icon-linkedin.svg\" data-no-lazy=\"1\"><\/a> <span class=\"sep\">|<\/span> Traducido por <span class=\"author\">Estrella Fernandez<div class=\"author-sub-box\"><div class=\"author-avatar\"><img decoding=\"async\" src=\"https:\/\/www.bestbrokers.com\/wp-content\/uploads\/2024\/10\/Estrella-Fernandez.jpeg\" \/><\/div><div class=\"author-info-wrapper\"><div class=\"author-name\"><a href=\"https:\/\/www.bestbrokers.com\/es\/authors\/estrella-fernandez\/\">Estrella Fernandez<\/a><\/div><div class=\"author-bio\">Estrella Fernandez edita y revista contenidos financieros para blogs y websites y hace traducciones de franc\u00e9s e ingl\u00e9s a espa\u00f1ol.<\/div><\/div><\/div><\/span>, <a rel=\"nofollow\" target=\"_blank\" href=\"https:\/\/www.linkedin.com\/in\/estrella-fern%C3%A1ndez-gordillo-a54ab483\/?originalSubdomain=es\"><img decoding=\"async\" class=\"social-icon\" src=\"https:\/\/www.bestbrokers.com\/wp-content\/themes\/best-brokers\/assets\/images\/icon-linkedin.svg\" data-no-lazy=\"1\"><\/a> <span class=\"sep\">|<\/span> Actualizado: <time class=\"entry-date\" datetime=\"2025-11-21T08:01:46+00:00\">noviembre 21, 2025<\/time><\/div>\n<p>Entre sus capacidades de social trading y su impresionante variedad de mercados, eToro es un br\u00f3ker que puede atraer a los perfiles de traders de todo el mundo. Sin embargo, antes de registrarte, se recomienda que conozcas los cargos que afectar\u00e1n tus sesiones de trading.<\/p>\n<p>Por suerte, las comisiones de eToro son relativamente asumibles, lo que lo convierte en una opci\u00f3n excelente tanto para principiantes como para traders experimentados. Si est\u00e1s considerando eToro y deseas familiarizarte con los costes de operar con este br\u00f3ker, nuestro equipo de expertos ha examinado los spreads, swaps, comisiones de retirada y cualquier otra tarifa potencial que los usuarios deber\u00e1n tener en cuenta.<\/p>\n<h2 id=\"costs\"><i class=\"ico ico--money-supply\"><\/i>Costes de trading en eToro<\/h2>\n<p>En eToro, existen varios tipos de cuenta entre las que podr\u00e1s elegir. La primera es la cuenta minorista (personal).<\/p>\n<p>eToro ofrece spreads flotantes, y los spreads m\u00ednimos de algunos pares de divisas pueden ser tan bajos como 1 pip. Aunque los spreads de eToro no son los m\u00e1s competitivos, muchos apreciar\u00e1n la ausencia de comisiones. Tomemos como ejemplo el par EUR\/USD. Si el spread actual del par est\u00e1 en su m\u00ednimo (1 pip), entonces podemos encontrar el coste por lote est\u00e1ndar multiplicando el spread por 100.000 unidades. Como no hay comisiones, la f\u00f3rmula es la siguiente:<\/p>\n<p>0,0001 x 100.000 = 10 $.<\/p>\n<p>La f\u00f3rmula es casi id\u00e9ntica cuando se trata de operar micro lotes, salvo que debes multiplicar el spread por 1.000 unidades:<\/p>\n<p>0,0001 x 1.000 = 0,1 $<\/p>\n<p>eToro tambi\u00e9n cuenta con un tipo de cuenta orientado a profesionales. Abrir una cuenta de este tipo es mucho m\u00e1s dif\u00edcil que crear una cuenta minorista. Si resides en el Reino Unido o en Europa, deber\u00e1s cumplir dos de los tres criterios siguientes para ser elegible:<\/p>\n<ul class=\"list-checks\">\n<li>Haber realizado al menos 10 operaciones significativas por trimestre durante los \u00faltimos cuatro trimestres<\/li>\n<li>Tener una cartera superior a 500.000 \u20ac<\/li>\n<li>Contar con al menos un a\u00f1o de experiencia profesional en el sector financiero<\/li>\n<\/ul>\n<p>Tambi\u00e9n existe una cuenta isl\u00e1mica, que se diferencia del resto por la ausencia de comisiones nocturnas. Por \u00faltimo, encontramos la cuenta corporativa de eToro, no pensada para clientes individuales sino para entidades jur\u00eddicas que utilicen su capital empresarial para operar.<\/p>\n<p>Todas las opciones descritas hasta ahora son cuentas de trading en vivo. Si deseas practicar y aprender los conceptos b\u00e1sicos sin arriesgar tu dinero real, podr\u00e1s activar el modo de trading virtual de eToro, que incluye 100.000 $ en fondos de demostraci\u00f3n.<\/p>\n<p>Adem\u00e1s de los traders de forex, eToro atiende a quienes est\u00e1n interesados en acciones, ETF y criptomonedas. Las acciones son los \u00fanicos instrumentos en eToro que implican una comisi\u00f3n, que ser\u00e1 de 1 o 2 $ seg\u00fan el lugar de residencia del cliente y la bolsa en la que cotice el valor. Como eToro es ampliamente conocido por su oferta cripto, queremos destacar que el br\u00f3ker cobra solo un 1 % al comprar y vender criptomonedas.<\/p>\n<h2 id=\"overnight\"><i class=\"ico ico--clock\"><\/i>Costes de financiaci\u00f3n overnight en eToro<\/h2>\n<p>eToro aplica las tasas overnight cada d\u00eda a las 21:00 GMT. Durante el horario de verano, las comisiones se cargan o abonan a las 22:00 GMT.<\/p>\n<p>El br\u00f3ker ha subrayado que las comisiones swap no son fijas y podr\u00e1n verse afectadas por condiciones globales. Por ello, siempre se deber\u00e1n comprobar de nuevo las tasas publicadas en una fecha determinada y planificar las operaciones en consecuencia. <\/p>\n<h2 id=\"swap\"><i class=\"ico ico--islamic-account\"><\/i>Costes de trading sin swap en eToro<\/h2>\n<p>Seg\u00fan la ley Shar\u00eda, obtener y pagar intereses est\u00e1 prohibido, lo que hace que las cuentas de trading ordinarias sean inadecuadas para los traders musulmanes. Con esto en mente, eToro ofrece cuentas sin swap que no implican costes nocturnos y, en su lugar, cargar\u00e1n comisiones administrativas despu\u00e9s de un per\u00edodo de gracia de siete d\u00edas. Estas comisiones var\u00edan en funci\u00f3n de las divisas que componen el par y pueden oscilar entre 10 y 20 $. Como las tasas de rollover del fin de semana se triplican, esto supondr\u00e1 el triple de la comisi\u00f3n administrativa para los traders musulmanes. Las comisiones de tres d\u00edas se cargar\u00e1n los mi\u00e9rcoles.<\/p>\n<h2 id=\"other\"><i class=\"ico ico--administration-fees\"><\/i>Costes no relacionados con el trading en eToro<\/h2>\n<p>Existen varios cargos que no est\u00e1n directamente vinculados al trading y que tambi\u00e9n influir\u00e1n en el coste total de usar una cuenta de eToro. Aunque el br\u00f3ker no aplica comisiones por dep\u00f3sito ni costes por la apertura de una cuenta, podr\u00e1 aplicarse una comisi\u00f3n de 5 $ cuando un cliente decida retirar fondos. eToro impondr\u00e1 esta tarifa si el trader tiene una cuenta en USD y retira a una cuenta externa. En cambio, las retiradas en EUR son gratuitas, y lo mismo ocurre con las cuentas en GBP:<\/p>\n<div class=\"table-responsive\">\n<table class=\"table\">\n<thead>\n<tr>\n<th colspan=\"2\">Costes no relacionados con el trading en eToro de un vistazo<\/th>\n<\/tr>\n<\/thead>\n<tbody>\n<tr>\n<td>Comisiones por dep\u00f3sito<\/td>\n<td>Gratis<\/td>\n<\/tr>\n<tr>\n<td>Comisiones por retirada<\/td>\n<td>\n<ul class=\"list-checks\">\n<li>Cuenta en USD a cuenta externa: 5 $<\/li>\n<li>Cuenta en GBP\/EUR a cuenta externa GBP\/EUR: Gratis<\/li>\n<\/ul>\n<\/td>\n<\/tr>\n<tr>\n<td>Comisiones de apertura de cuenta<\/td>\n<td>Gratis<\/td>\n<\/tr>\n<tr>\n<td>Comisiones por inactividad<\/td>\n<td>10 $ al mes tras 12 meses de inactividad*<\/td>\n<\/tr>\n<tr>\n<td>Comisiones de gesti\u00f3n<\/td>\n<td>Gratis<\/td>\n<\/tr>\n<tr>\n<td>Suscripci\u00f3n de alojamiento VPS<\/td>\n<td>Sin servicio VPS<\/td>\n<\/tr>\n<\/tbody>\n<\/table>\n<\/div>\n<p style=\"text-align: center; font-size: 13px;\"><em>* Aqu\u00ed, inactividad se refiere a no iniciar sesi\u00f3n en la cuenta<\/em><\/p>\n<p>No existen comisiones de gesti\u00f3n y, dado que eToro no ofrece un servicio de alojamiento de servidor privado virtual (VPS), tampoco tendr\u00e1s que preocuparte por costes relacionados con VPS. Eso s\u00ed, procura iniciar sesi\u00f3n en tu cuenta con regularidad, ya que se aplicar\u00e1 una comisi\u00f3n mensual de 10 $ si la cuenta ha estado inactiva durante 12 meses. Adem\u00e1s de los costes mencionados, eToro tambi\u00e9n cobra comisiones por conversi\u00f3n de divisas. Puedes obtener m\u00e1s informaci\u00f3n en la siguiente secci\u00f3n.<\/p>\n<h3><i class=\"ico ico--exchange\"><\/i>Comisiones por conversi\u00f3n de divisas<\/h3>\n<p>La divisa predeterminada de la cuenta en eToro es USD, con EUR y GBP disponibles en Europa y el Reino Unido, respectivamente. Bajo ciertas circunstancias, los clientes de eToro deber\u00e1n pagar una comisi\u00f3n de conversi\u00f3n. Por ejemplo, los dep\u00f3sitos y retiradas vinculados a cuentas en USD implicar\u00e1n comisiones de conversi\u00f3n si la divisa no coincide con la divisa de la cuenta del usuario. Es decir, si utilizas una tarjeta bancaria, la comisi\u00f3n de conversi\u00f3n relacionada con el franco suizo ser\u00e1 del 1 %, mientras que usar PayPal u otra billetera digital conlleva una comisi\u00f3n de 150 pips. Las transferencias de activos entre cuentas con divisas diferentes tambi\u00e9n requerir\u00e1n conversi\u00f3n y, por tanto, generar\u00e1n cargos.<\/p>\n<p>A continuaci\u00f3n, podr\u00e1s consultar las comisiones de conversi\u00f3n de eToro. Ten en cuenta que los cargos podr\u00edan cambiar, por lo que es importante revisar la p\u00e1gina de Comisiones de conversi\u00f3n de eToro para asegurarte de que est\u00e1s al d\u00eda sobre los costes que podr\u00edas asumir cada vez que decidas realizar transferencias.<\/p>\n<div class=\"table-responsive\">\n<table class=\"table table--colorful\">\n<thead>\n<tr>\n<th style=\"background-color: #fff;\" colspan=\"6\">Comisiones de conversi\u00f3n de eToro<\/th>\n<\/tr>\n<tr>\n<th>Divisa<\/th>\n<th>Comisiones tarjetas de cr\u00e9dito\/d\u00e9bito<\/th>\n<th>Comisiones PayPal, Neteller, Skrill<\/th>\n<th>Comisiones Trustly, Przelewy24, iDEAL, RapidTransfer<\/th>\n<th>Comisiones transferencia bancaria<\/th>\n<th>Comisiones cuenta GBP\/EUR de eToro<\/th>\n<\/tr>\n<\/thead>\n<tbody>\n<tr>\n<td>EUR, GBP<\/td>\n<td style=\"text-align: center;\">150 pips<\/td>\n<td style=\"text-align: center;\">150 pips<\/td>\n<td style=\"text-align: center;\">150 pips<\/td>\n<td style=\"text-align: center;\">150 pips<\/td>\n<td style=\"text-align: center;\">0,75 %<\/td>\n<\/tr>\n<tr>\n<td>AUD<\/td>\n<td style=\"text-align: center;\">150 pips<\/td>\n<td style=\"text-align: center;\">150 pips<\/td>\n<td style=\"text-align: center;\">150 pips<\/td>\n<td style=\"text-align: center;\">150 pips<\/td>\n<td style=\"text-align: center;\">\u2013<\/td>\n<\/tr>\n<tr>\n<td>CHF<\/td>\n<td style=\"text-align: center;\">1 %<\/td>\n<td style=\"text-align: center;\">150 pips<\/td>\n<td style=\"text-align: center;\">150 pips<\/td>\n<td style=\"text-align: center;\">\u2013<\/td>\n<td style=\"text-align: center;\">\u2013<\/td>\n<\/tr>\n<tr>\n<td>DKK<\/td>\n<td style=\"text-align: center;\">1 %<\/td>\n<td style=\"text-align: center;\">1.000 pips<\/td>\n<td style=\"text-align: center;\">1.000 pips<\/td>\n<td style=\"text-align: center;\">\u2013<\/td>\n<td style=\"text-align: center;\">\u2013<\/td>\n<\/tr>\n<tr>\n<td>NOK<\/td>\n<td style=\"text-align: center;\">1 %<\/td>\n<td style=\"text-align: center;\">1.600 pips<\/td>\n<td style=\"text-align: center;\">1.600 pips<\/td>\n<td style=\"text-align: center;\">\u2013<\/td>\n<td style=\"text-align: center;\">\u2013<\/td>\n<\/tr>\n<tr>\n<td>PLN<\/td>\n<td style=\"text-align: center;\">1 %<\/td>\n<td style=\"text-align: center;\">650 pips<\/td>\n<td style=\"text-align: center;\">650 pips<\/td>\n<td style=\"text-align: center;\">\u2013<\/td>\n<td style=\"text-align: center;\">\u2013<\/td>\n<\/tr>\n<tr>\n<td>SEK<\/td>\n<td style=\"text-align: center;\">1 %<\/td>\n<td style=\"text-align: center;\">1.600 pips<\/td>\n<td style=\"text-align: center;\">1.600 pips<\/td>\n<td style=\"text-align: center;\">\u2013<\/td>\n<td style=\"text-align: center;\">\u2013<\/td>\n<\/tr>\n<tr>\n<td>HUF<\/td>\n<td style=\"text-align: center;\">1 %<\/td>\n<td style=\"text-align: center;\">550 pips<\/td>\n<td style=\"text-align: center;\">550 pips<\/td>\n<td style=\"text-align: center;\">\u2013<\/td>\n<td style=\"text-align: center;\">\u2013<\/td>\n<\/tr>\n<tr>\n<td>RON<\/td>\n<td style=\"text-align: center;\">1 %<\/td>\n<td style=\"text-align: center;\">\u2013<\/td>\n<td style=\"text-align: center;\">\u2013<\/td>\n<td style=\"text-align: center;\">\u2013<\/td>\n<td style=\"text-align: center;\">\u2013<\/td>\n<\/tr>\n<tr>\n<td>CZK<\/td>\n<td style=\"text-align: center;\">1 %<\/td>\n<td style=\"text-align: center;\">3.300 pips<\/td>\n<td style=\"text-align: center;\">3.300 pips<\/td>\n<td style=\"text-align: center;\">\u2013<\/td>\n<td style=\"text-align: center;\">\u2013<\/td>\n<\/tr>\n<tr>\n<td>MYR<\/td>\n<td style=\"text-align: center;\">1.330 pips<\/td>\n<td style=\"text-align: center;\">\u2013<\/td>\n<td style=\"text-align: center;\">1.330 pips<\/td>\n<td style=\"text-align: center;\">\u2013<\/td>\n<td style=\"text-align: center;\">\u2013<\/td>\n<\/tr>\n<tr>\n<td>SGD<\/td>\n<td style=\"text-align: center;\">410 pips<\/td>\n<td style=\"text-align: center;\">\u2013<\/td>\n<td style=\"text-align: center;\">410 pips<\/td>\n<td style=\"text-align: center;\">\u2013<\/td>\n<td style=\"text-align: center;\">\u2013<\/td>\n<\/tr>\n<tr>\n<td>IDR<\/td>\n<td style=\"text-align: center;\">450 pips<\/td>\n<td style=\"text-align: center;\">\u2013<\/td>\n<td style=\"text-align: center;\">450 pips<\/td>\n<td style=\"text-align: center;\">\u2013<\/td>\n<td style=\"text-align: center;\">\u2013<\/td>\n<\/tr>\n<tr>\n<td>VND<\/td>\n<td style=\"text-align: center;\">71.000 pips<\/td>\n<td style=\"text-align: center;\">\u2013<\/td>\n<td style=\"text-align: center;\">71.000 pips<\/td>\n<td style=\"text-align: center;\">\u2013<\/td>\n<td style=\"text-align: center;\">\u2013<\/td>\n<\/tr>\n<tr>\n<td>PHP<\/td>\n<td style=\"text-align: center;\">\u2013<\/td>\n<td style=\"text-align: center;\">\u2013<\/td>\n<td style=\"text-align: center;\">8.500 pips<\/td>\n<td style=\"text-align: center;\">\u2013<\/td>\n<td style=\"text-align: center;\">\u2013<\/td>\n<\/tr>\n<tr>\n<td>THB<\/td>\n<td style=\"text-align: center;\">\u2013<\/td>\n<td style=\"text-align: center;\">\u2013<\/td>\n<td style=\"text-align: center;\">100 pips<\/td>\n<td style=\"text-align: center;\">\u2013<\/td>\n<td style=\"text-align: center;\">\u2013<\/td>\n<\/tr>\n<tr>\n<td>PEN<\/td>\n<td style=\"text-align: center;\">790 pips<\/td>\n<td style=\"text-align: center;\">\u2013<\/td>\n<td style=\"text-align: center;\">\u2013<\/td>\n<td style=\"text-align: center;\">\u2013<\/td>\n<td style=\"text-align: center;\">\u2013<\/td>\n<\/tr>\n<tr>\n<td>MXN<\/td>\n<td style=\"text-align: center;\">6.000 pips<\/td>\n<td style=\"text-align: center;\">\u2013<\/td>\n<td style=\"text-align: center;\">\u2013<\/td>\n<td style=\"text-align: center;\">\u2013<\/td>\n<td style=\"text-align: center;\">\u2013<\/td>\n<\/tr>\n<tr>\n<td>QAR<\/td>\n<td style=\"text-align: center;\">820 pips<\/td>\n<td style=\"text-align: center;\">\u2013<\/td>\n<td style=\"text-align: center;\">\u2013<\/td>\n<td style=\"text-align: center;\">\u2013<\/td>\n<td style=\"text-align: center;\">\u2013<\/td>\n<\/tr>\n<tr>\n<td>BHD<\/td>\n<td style=\"text-align: center;\">7.900 pips<\/td>\n<td style=\"text-align: center;\">\u2013<\/td>\n<td style=\"text-align: center;\">\u2013<\/td>\n<td style=\"text-align: center;\">\u2013<\/td>\n<td style=\"text-align: center;\">\u2013<\/td>\n<\/tr>\n<tr>\n<td>OMR<\/td>\n<td style=\"text-align: center;\">7.800 pips<\/td>\n<td style=\"text-align: center;\">\u2013<\/td>\n<td style=\"text-align: center;\">\u2013<\/td>\n<td style=\"text-align: center;\">\u2013<\/td>\n<td style=\"text-align: center;\">\u2013<\/td>\n<\/tr>\n<tr>\n<td>AED<\/td>\n<td style=\"text-align: center;\">820 pips<\/td>\n<td style=\"text-align: center;\">\u2013<\/td>\n<td style=\"text-align: center;\">\u2013<\/td>\n<td style=\"text-align: center;\">820 pips<\/td>\n<td style=\"text-align: center;\">\u2013<\/td>\n<\/tr>\n<tr>\n<td>KRW<\/td>\n<td style=\"text-align: center;\">390.000 pips<\/td>\n<td style=\"text-align: center;\">\u2013<\/td>\n<td style=\"text-align: center;\">\u2013<\/td>\n<td style=\"text-align: center;\">\u2013<\/td>\n<td style=\"text-align: center;\">\u2013<\/td>\n<\/tr>\n<tr>\n<td>BRL<\/td>\n<td style=\"text-align: center;\">15.555 pips<\/td>\n<td style=\"text-align: center;\">\u2013<\/td>\n<td style=\"text-align: center;\">\u2013<\/td>\n<td style=\"text-align: center;\">\u2013<\/td>\n<td style=\"text-align: center;\">\u2013<\/td>\n<\/tr>\n<tr>\n<td>CLP<\/td>\n<td style=\"text-align: center;\">2.300.000 pips<\/td>\n<td style=\"text-align: center;\">\u2013<\/td>\n<td style=\"text-align: center;\">\u2013<\/td>\n<td style=\"text-align: center;\">\u2013<\/td>\n<td style=\"text-align: center;\">\u2013<\/td>\n<\/tr>\n<\/tbody>\n<\/table>\n<\/div>\n<h2 id=\"conclusion\"><i class=\"ico ico--pen\"><\/i>Conclusi\u00f3n sobre las comisiones de eToro<\/h2>\n<p>Nuestro equipo qued\u00f3 impresionado con la estructura de comisiones de eToro. Aunque la ausencia de trading basado en comisiones podr\u00eda ser un inconveniente para algunos traders veteranos, los novatos probablemente apreciar\u00e1n la falta de estos cargos y lo transparente que resulta el coste de trading en general. Los dep\u00f3sitos son gratuitos, lo cual siempre es un punto a favor, y se cobra una modesta comisi\u00f3n de 5 $ en determinadas retiradas.<\/p>\n<p><em>eToro es una plataforma de inversi\u00f3n multiactivos que permite operar con acciones y criptoactivos.<\/p>\n<p>Esta comunicaci\u00f3n tiene solo fines informativos y educativos y no debe considerarse como asesoramiento o recomendaci\u00f3n de inversi\u00f3n. La rentabilidad pasada no es un indicador de resultados futuros.<\/p>\n<p>El Copy Trading no constituye asesoramiento de inversi\u00f3n. El valor de sus inversiones puede subir o bajar. Su capital est\u00e1 en riesgo.<\/p>\n<p>Las inversiones en criptoactivos son arriesgadas y pueden no ser adecuadas para los inversores minoristas; podr\u00eda perder la totalidad de su inversi\u00f3n. <a href=\"https:\/\/www.bestbrokers.com\/out\/terms\/etoro?au=130&amp;bp=1\" target=\"_blank\" rel=\"nofollow noopener\">Inf\u00f3rmese sobre los riesgos aqu\u00ed<\/a>.<\/p>\n<p>eToro USA LLC no ofrece CFDs y no realiza ninguna declaraci\u00f3n ni asume responsabilidad alguna respecto a la exactitud o integridad del contenido de esta publicaci\u00f3n. Este texto ha sido elaborado por nuestro socio utilizando informaci\u00f3n p\u00fablica disponible sobre eToro que no se refiere espec\u00edficamente a dicha entidad.<\/em><\/p>\n","protected":false},"excerpt":{"rendered":"<p>Entre sus capacidades de social trading y su impresionante variedad de mercados, eToro es un br\u00f3ker que puede atraer a los perfiles de traders de todo el mundo. Sin embargo, antes de registrarte, se recomienda que conozcas los cargos que afectar\u00e1n tus sesiones de trading. Por suerte, las comisiones de eToro son relativamente asumibles, lo [&hellip;]<\/p>\n","protected":false},"author":2,"featured_media":0,"parent":10888,"menu_order":0,"comment_status":"closed","ping_status":"closed","template":"templates\/review.php","meta":{"footnotes":""},"class_list":["post-59738","page","type-page","status-publish","hentry"],"aioseo_notices":[],"_links":{"self":[{"href":"https:\/\/www.bestbrokers.com\/es\/wp-json\/wp\/v2\/pages\/59738","targetHints":{"allow":["GET"]}}],"collection":[{"href":"https:\/\/www.bestbrokers.com\/es\/wp-json\/wp\/v2\/pages"}],"about":[{"href":"https:\/\/www.bestbrokers.com\/es\/wp-json\/wp\/v2\/types\/page"}],"author":[{"embeddable":true,"href":"https:\/\/www.bestbrokers.com\/es\/wp-json\/wp\/v2\/users\/2"}],"replies":[{"embeddable":true,"href":"https:\/\/www.bestbrokers.com\/es\/wp-json\/wp\/v2\/comments?post=59738"}],"version-history":[{"count":15,"href":"https:\/\/www.bestbrokers.com\/es\/wp-json\/wp\/v2\/pages\/59738\/revisions"}],"predecessor-version":[{"id":74200,"href":"https:\/\/www.bestbrokers.com\/es\/wp-json\/wp\/v2\/pages\/59738\/revisions\/74200"}],"up":[{"embeddable":true,"href":"https:\/\/www.bestbrokers.com\/es\/wp-json\/wp\/v2\/pages\/10888"}],"wp:attachment":[{"href":"https:\/\/www.bestbrokers.com\/es\/wp-json\/wp\/v2\/media?parent=59738"}],"curies":[{"name":"wp","href":"https:\/\/api.w.org\/{rel}","templated":true}]}}