{"id":82650,"date":"2026-03-11T12:54:39","date_gmt":"2026-03-11T12:54:39","guid":{"rendered":"https:\/\/www.bestbrokers.com\/?page_id=82650"},"modified":"2026-03-11T13:36:07","modified_gmt":"2026-03-11T13:36:07","slug":"eugene-lee-cfa","status":"publish","type":"page","link":"https:\/\/www.bestbrokers.com\/es\/authors\/eugene-lee-cfa\/","title":{"rendered":"Eugene Lee, CFA"},"content":{"rendered":"<p><img decoding=\"async\" src=\"https:\/\/www.bestbrokers.com\/wp-content\/uploads\/2026\/03\/elee-150x150.webp\" alt=\"Eugene Lee, CFA - Autor en BestBrokers\" width=\"150\" height=\"150\" class=\"alignleft size-thumbnail wp-image-82552\" srcset=\"https:\/\/www.bestbrokers.com\/wp-content\/uploads\/2026\/03\/elee-150x150.webp 150w, https:\/\/www.bestbrokers.com\/wp-content\/uploads\/2026\/03\/elee.webp 250w\" sizes=\"(max-width: 150px) 100vw, 150px\" \/>Eugene Lee, CFA, es un estratega de inversiones e investigador cuantitativo con m\u00e1s de dos d\u00e9cadas de experiencia en los mercados globales. Ha trabajado en equipos de negociaci\u00f3n y gesti\u00f3n de carteras, entre las que se incluyen multimillonarias carteras de acciones, renta fija y derivados, y es experto en convertir estrategias sistem\u00e1ticas complejas en conocimientos pr\u00e1cticos tanto para inversores institucionales como para minoristas.<\/p>\n<p>Adem\u00e1s de trabajar en la gesti\u00f3n de activos institucionales, Eugene ha pasado la \u00faltima d\u00e9cada en el punto de intersecci\u00f3n entre la tecnolog\u00eda financiera y el riesgo crediticio, creando modelos predictivos y marcos anal\u00edticos para las principales plataformas de pr\u00e9stamo. Actualmente est\u00e1 centrado en el coaching de inversiones y la formaci\u00f3n en opciones, para ayudar a los traders a desarrollar un enfoque disciplinado y basado en datos para la construcci\u00f3n de carteras y la gesti\u00f3n de riesgos.<\/p>\n<p><a target=\"_blank\" href=\"https:\/\/www.linkedin.com\/in\/etlpro\" rel=\"noopener\"><img decoding=\"async\" width=\"25\" src=\"\/wp-content\/themes\/best-brokers\/assets\/images\/icon-linkedin.svg\" \/><\/a> <a target=\"_blank\" href=\"https:\/\/credentials.cfainstitute.org\/54800944-5857-4ebf-9ffe-ecd57e54c8ac\" rel=\"noopener\"><img decoding=\"async\" width=\"25\" src=\"\/wp-content\/themes\/best-brokers\/assets\/images\/icon-cfa.svg\" \/><\/a><\/p>\n","protected":false},"excerpt":{"rendered":"<p>Eugene Lee, CFA, es un estratega de inversiones e investigador cuantitativo con m\u00e1s de dos d\u00e9cadas de experiencia en los mercados globales. Ha trabajado en equipos de negociaci\u00f3n y gesti\u00f3n de carteras, entre las que se incluyen multimillonarias carteras de acciones, renta fija y derivados, y es experto en convertir estrategias sistem\u00e1ticas complejas en conocimientos [&hellip;]<\/p>\n","protected":false},"author":1,"featured_media":82552,"parent":10925,"menu_order":0,"comment_status":"closed","ping_status":"closed","template":"templates\/full-width.php","meta":{"footnotes":""},"class_list":["post-82650","page","type-page","status-publish","has-post-thumbnail","hentry"],"aioseo_notices":[],"_links":{"self":[{"href":"https:\/\/www.bestbrokers.com\/es\/wp-json\/wp\/v2\/pages\/82650","targetHints":{"allow":["GET"]}}],"collection":[{"href":"https:\/\/www.bestbrokers.com\/es\/wp-json\/wp\/v2\/pages"}],"about":[{"href":"https:\/\/www.bestbrokers.com\/es\/wp-json\/wp\/v2\/types\/page"}],"author":[{"embeddable":true,"href":"https:\/\/www.bestbrokers.com\/es\/wp-json\/wp\/v2\/users\/1"}],"replies":[{"embeddable":true,"href":"https:\/\/www.bestbrokers.com\/es\/wp-json\/wp\/v2\/comments?post=82650"}],"version-history":[{"count":5,"href":"https:\/\/www.bestbrokers.com\/es\/wp-json\/wp\/v2\/pages\/82650\/revisions"}],"predecessor-version":[{"id":82713,"href":"https:\/\/www.bestbrokers.com\/es\/wp-json\/wp\/v2\/pages\/82650\/revisions\/82713"}],"up":[{"embeddable":true,"href":"https:\/\/www.bestbrokers.com\/es\/wp-json\/wp\/v2\/pages\/10925"}],"wp:featuredmedia":[{"embeddable":true,"href":"https:\/\/www.bestbrokers.com\/es\/wp-json\/wp\/v2\/media\/82552"}],"wp:attachment":[{"href":"https:\/\/www.bestbrokers.com\/es\/wp-json\/wp\/v2\/media?parent=82650"}],"curies":[{"name":"wp","href":"https:\/\/api.w.org\/{rel}","templated":true}]}}