{"id":82652,"date":"2026-03-11T12:56:32","date_gmt":"2026-03-11T12:56:32","guid":{"rendered":"https:\/\/www.bestbrokers.com\/?page_id=82652"},"modified":"2026-03-11T13:36:59","modified_gmt":"2026-03-11T13:36:59","slug":"matthew-levy-cfa","status":"publish","type":"page","link":"https:\/\/www.bestbrokers.com\/es\/authors\/matthew-levy-cfa\/","title":{"rendered":"Matthew Levy, CFA"},"content":{"rendered":"<p><img decoding=\"async\" src=\"https:\/\/www.bestbrokers.com\/wp-content\/uploads\/2026\/03\/mlevy-150x150.webp\" alt=\"Matthew Levy, CFA - Autor en BestBrokers\" width=\"150\" height=\"150\" class=\"alignleft size-thumbnail wp-image-82542\" srcset=\"https:\/\/www.bestbrokers.com\/wp-content\/uploads\/2026\/03\/mlevy-150x150.webp 150w, https:\/\/www.bestbrokers.com\/wp-content\/uploads\/2026\/03\/mlevy.webp 250w\" sizes=\"(max-width: 150px) 100vw, 150px\" \/>Matthew Levy, CFA, es un reputado especialista y redactor financiero, con una s\u00f3lida formaci\u00f3n en servicios financieros, econom\u00eda y an\u00e1lisis de inversiones. Es licenciado en Econom\u00eda, con especializaci\u00f3n en negocios y finanzas y certificaci\u00f3n CFA Charterholder, lo que refleja tanto su experiencia t\u00e9cnica como su compromiso con los m\u00e1s altos est\u00e1ndares profesionales. Matthew, originario de Vancouver, Canad\u00e1, confiere a su trabajo una perspectiva global, al combinar su profundo conocimiento del sector con su talento para expresarse sobre temas financieros complejos de forma clara, atractiva y accesible.<\/p>\n<p>Bas\u00e1ndose en su experiencia pr\u00e1ctica en \u00e1reas como la gesti\u00f3n de carteras, an\u00e1lisis de valores, trading y desarrollo de contenidos financieros, Matthew se ha labrado una s\u00f3lida reputaci\u00f3n por sus perspicaces y fiables art\u00edculos financieros, orientados al p\u00fablico. Su trayectoria profesional le permite crear contenidos que no solo son precisos y est\u00e1n bien documentados, sino que tambi\u00e9n sirvan de referencia para las empresas, inversores y marcas financieras que busquen veracidad, fiabilidad y claridad en sus comunicaciones.<\/p>\n<p><a target=\"_blank\" href=\"https:\/\/ca.linkedin.com\/in\/matthewlevycfa\" rel=\"noopener\"><img decoding=\"async\" width=\"25\" src=\"\/wp-content\/themes\/best-brokers\/assets\/images\/icon-linkedin.svg\" \/><\/a> <a target=\"_blank\" href=\"https:\/\/credentials.cfainstitute.org\/7abb354d-8618-44e1-97d0-e8d5c70f831e?record_view=true\" rel=\"noopener\"><img decoding=\"async\" width=\"25\" src=\"\/wp-content\/themes\/best-brokers\/assets\/images\/icon-cfa.svg\" \/><\/a><\/p>\n","protected":false},"excerpt":{"rendered":"<p>Matthew Levy, CFA, es un reputado especialista y redactor financiero, con una s\u00f3lida formaci\u00f3n en servicios financieros, econom\u00eda y an\u00e1lisis de inversiones. Es licenciado en Econom\u00eda, con especializaci\u00f3n en negocios y finanzas y certificaci\u00f3n CFA Charterholder, lo que refleja tanto su experiencia t\u00e9cnica como su compromiso con los m\u00e1s altos est\u00e1ndares profesionales. Matthew, originario de [&hellip;]<\/p>\n","protected":false},"author":1,"featured_media":82542,"parent":10925,"menu_order":0,"comment_status":"closed","ping_status":"closed","template":"templates\/full-width.php","meta":{"footnotes":""},"class_list":["post-82652","page","type-page","status-publish","has-post-thumbnail","hentry"],"aioseo_notices":[],"_links":{"self":[{"href":"https:\/\/www.bestbrokers.com\/es\/wp-json\/wp\/v2\/pages\/82652","targetHints":{"allow":["GET"]}}],"collection":[{"href":"https:\/\/www.bestbrokers.com\/es\/wp-json\/wp\/v2\/pages"}],"about":[{"href":"https:\/\/www.bestbrokers.com\/es\/wp-json\/wp\/v2\/types\/page"}],"author":[{"embeddable":true,"href":"https:\/\/www.bestbrokers.com\/es\/wp-json\/wp\/v2\/users\/1"}],"replies":[{"embeddable":true,"href":"https:\/\/www.bestbrokers.com\/es\/wp-json\/wp\/v2\/comments?post=82652"}],"version-history":[{"count":3,"href":"https:\/\/www.bestbrokers.com\/es\/wp-json\/wp\/v2\/pages\/82652\/revisions"}],"predecessor-version":[{"id":82714,"href":"https:\/\/www.bestbrokers.com\/es\/wp-json\/wp\/v2\/pages\/82652\/revisions\/82714"}],"up":[{"embeddable":true,"href":"https:\/\/www.bestbrokers.com\/es\/wp-json\/wp\/v2\/pages\/10925"}],"wp:featuredmedia":[{"embeddable":true,"href":"https:\/\/www.bestbrokers.com\/es\/wp-json\/wp\/v2\/media\/82542"}],"wp:attachment":[{"href":"https:\/\/www.bestbrokers.com\/es\/wp-json\/wp\/v2\/media?parent=82652"}],"curies":[{"name":"wp","href":"https:\/\/api.w.org\/{rel}","templated":true}]}}