{"id":87396,"date":"2026-04-01T14:04:09","date_gmt":"2026-04-01T14:04:09","guid":{"rendered":"https:\/\/www.bestbrokers.com\/?page_id=87396"},"modified":"2026-04-06T07:16:23","modified_gmt":"2026-04-06T07:16:23","slug":"how-we-rank-and-test-brokers","status":"publish","type":"page","link":"https:\/\/www.bestbrokers.com\/es\/how-we-rank-and-test-brokers\/","title":{"rendered":"C\u00f3mo clasificamos y evaluamos a los brokers"},"content":{"rendered":"<p>Hemos creado BestBrokers para ayudar a los traders a elegir la mejor plataforma de trading, facilit\u00e1ndoles toda la informaci\u00f3n que precisan. Nuestras clasificaciones tienen como objetivo facilitar la comparaci\u00f3n y selecci\u00f3n de brokers de forex tanto para principiantes como para traders con experiencia. Evaluamos los diferentes brokers de forex, acciones, criptomonedas, CFD y materias primas mediante una metodolog\u00eda que prioriza la precisi\u00f3n, la objetividad y la aportaci\u00f3n de valor pr\u00e1ctico a los usuarios.<\/p>\n<p>BestBrokers <strong>opera a trav\u00e9s de AFF MEDIA Ltd<\/strong>. Nuestro equipo est\u00e1 liderado por Miroslav Nikolov, cofundador y estratega de contenidos; Ivaylo Nedev, cofundador y analista de datos, y Pavel Stoychev, director tecnol\u00f3gico.<\/p>\n<p>Desarrollamos nuestro contenido con la valiosa aportaci\u00f3n de colaboradores que cuentan con la certificaci\u00f3n CFA (Analista Financiero Acreditado), lo que garantiza un alto nivel de precisi\u00f3n t\u00e9cnica. Nuestro CFA, Eugene Lee, es estratega de inversi\u00f3n e investigador cuantitativo con m\u00e1s de dos d\u00e9cadas de experiencia en an\u00e1lisis de mercados y gesti\u00f3n de carteras por valor de miles de millones de d\u00f3lares. Matthew Levy, tambi\u00e9n con acreditaci\u00f3n CFA, est\u00e1 especializado en servicios financieros, econom\u00eda y an\u00e1lisis de inversiones. Su trayectoria profesional nos ayuda a mantener los m\u00e1s altos est\u00e1ndares en el contenido t\u00e9cnico de nuestro sitio.<\/p>\n<section class=\"section-team\">\n<h2 id=\"our-team\"><i class=\"ico ico--pro-ecn-account\"><\/i>Nuestro equipo<\/h2>\n<ul class=\"list-team\">\n<li>\n<div class=\"member-card\">\n<div class=\"member-photo\">\n                    <img decoding=\"async\" src=\"\/wp-content\/themes\/best-brokers\/assets\/images\/team\/miro-nikolov.jpg\" alt=\"Miro Nikolov\">\n<\/div>\n<div class=\"member-info\">\n<div class=\"member-name\">\n                            <span>Miro Nikolov<\/span><br \/>\n                            <a href=\"https:\/\/www.linkedin.com\/in\/miro-nikolov-1946b9141\/\" target=\"_blank\" class=\"member-link\" rel=\"noopener\"><i class=\"ico-linkedin\"><\/i><\/a>\n                        <\/div>\n<p class=\"member-title\"><b>Cofundador y CEO<\/b><\/p>\n<p class=\"member-resume\">Miro es el cofundador y principal estratega de contenidos de BestBrokers.<\/p>\n<\/p><\/div>\n<\/p><\/div>\n<\/li>\n<li>\n<div class=\"member-card\">\n<div class=\"member-photo\">\n                    <img decoding=\"async\" src=\"\/wp-content\/themes\/best-brokers\/assets\/images\/team\/ivo.jpg\" alt=\"Ivo Nedev\">\n<\/div>\n<div class=\"member-info\">\n<div class=\"member-name\">\n                            <span>Ivo Nedev<\/span><br \/>\n                            <a href=\"https:\/\/www.linkedin.com\/in\/ivo-nedev-23a3052aa\/\" target=\"_blank\" class=\"member-link\" rel=\"noopener\"><i class=\"ico-linkedin\"><\/i><\/a>\n                        <\/div>\n<p class=\"member-title\"><b>Cofundador y analista de datos<\/b><\/p>\n<p class=\"member-resume\">Ivo cofund\u00f3 BestBrokers y es responsable de construir el modelo de datos para nuestros an\u00e1lisis de brokers.<\/p>\n<\/p><\/div>\n<\/p><\/div>\n<\/li>\n<li>\n<div class=\"member-card\">\n<div class=\"member-photo\">\n                    <img decoding=\"async\" src=\"\/wp-content\/themes\/best-brokers\/assets\/images\/team\/pavel.jpeg\" alt=\"Pavel Stoychev\">\n<\/div>\n<div class=\"member-info\">\n<div class=\"member-name\">\n                            <span>Pavel Stoychev<\/span>\n                        <\/div>\n<p class=\"member-title\"><b>CTO<\/b><\/p>\n<p class=\"member-resume\">Pavel se encarga de que la compleja infraestructura inform\u00e1tica y tecnol\u00f3gica de BestBrokers funcione sin problemas en todo momento.<\/p>\n<\/p><\/div>\n<\/p><\/div>\n<\/li>\n<li>\n<div class=\"member-card\">\n<div class=\"member-photo\">\n                    <img decoding=\"async\" src=\"\/wp-content\/uploads\/2026\/03\/elee.webp\" alt=\"Eugene Lee, CFA\">\n<\/div>\n<div class=\"member-info\">\n<div class=\"member-name\">\n                            <span>Eugene Lee, CFA<\/span><\/p>\n<p>                            <a href=\"https:\/\/www.linkedin.com\/in\/etlpro\" target=\"_blank\" class=\"member-link\" rel=\"noopener\"><i class=\"ico-linkedin\"><\/i><\/a><a href=\"https:\/\/credentials.cfainstitute.org\/54800944-5857-4ebf-9ffe-ecd57e54c8ac\" target=\"_blank\" class=\"member-link\" rel=\"noopener\"><i class=\"ico-cfa\"><\/i><\/a>\n                        <\/div>\n<p class=\"member-title\"><b>Autor<\/b><\/p>\n<p class=\"member-resume\">Eugene Lee, CFA, es estratega de inversi\u00f3n e investigador cuantitativo con m\u00e1s de dos d\u00e9cadas de experiencia navegando en los mercados globales. Tras haber trabajado en equipos de trading y gesti\u00f3n, entre ellas, la gesti\u00f3n de carteras de miles de millones de d\u00f3lares en renta variable, renta fija y derivados, se especializ\u00f3 en convertir estrategias sistem\u00e1ticas complejas en conocimientos aplicables tanto para inversores institucionales como para minoristas.<\/p>\n<\/p><\/div>\n<\/p><\/div>\n<\/li>\n<li>\n<div class=\"member-card\">\n<div class=\"member-photo\">\n                    <img decoding=\"async\" src=\"\/wp-content\/uploads\/2026\/03\/mlevy.webp\" alt=\"Foto de perfil de Matthew Levy, CFA\">\n<\/div>\n<div class=\"member-info\">\n<div class=\"member-name\">\n                            <span>Matthew Levy, CFA<\/span><\/p>\n<p>                            <a href=\"https:\/\/ca.linkedin.com\/in\/matthewlevycfa\" target=\"_blank\" class=\"member-link\" rel=\"noopener\"><i class=\"ico-linkedin\"><\/i><\/a><a href=\"https:\/\/credentials.corporatefinanceinstitute.com\/profile\/matthewlevy193646\/wallet\" target=\"_blank\" class=\"member-link\" rel=\"noopener\"><i class=\"ico-cfa\"><\/i><\/a>\n                        <\/div>\n<p class=\"member-title\"><b>Autor<\/b><\/p>\n<p class=\"member-resume\">Matthew Levy, CFA, es un experimentado redactor financiero y especialista en contenidos con una s\u00f3lida trayectoria en servicios financieros, econom\u00eda y an\u00e1lisis de inversiones. Posee una Licenciatura en Ciencias Econ\u00f3micas con especializaci\u00f3n en negocios y finanzas. Tambi\u00e9n es titular de la acreditaci\u00f3n CFA, lo que refleja tanto su experiencia t\u00e9cnica como su compromiso con los m\u00e1s altos est\u00e1ndares profesionales.<\/p>\n<\/p><\/div>\n<\/p><\/div>\n<\/li>\n<li>\n<div class=\"member-card\">\n<div class=\"member-photo\">\n                    <img decoding=\"async\" src=\"\/wp-content\/uploads\/2022\/03\/rperry-150x150.webp\" alt=\"Foto de perfil de Richard Perry\">\n<\/div>\n<div class=\"member-info\">\n<div class=\"member-name\">\n                            <span>Richard Perry<\/span><\/p>\n<p>                            <a href=\"https:\/\/www.linkedin.com\/in\/richard-perry-5918921b\/\" target=\"_blank\" class=\"member-link\" rel=\"noopener\"><i class=\"ico-linkedin\"><\/i><\/a>\n                        <\/div>\n<p class=\"member-title\"><b>Autor<\/b><\/p>\n<p class=\"member-resume\">Richard es un reconocido experto en an\u00e1lisis t\u00e9cnico y estrategia de mercados, con amplia experiencia en los mercados de divisas y renta variable. Ha creado su propia firma, Perry Market Analysis, desde la que ofrece an\u00e1lisis de consultor\u00eda sobre los principales mercados, incluyendo la difusi\u00f3n de sus investigaciones a trav\u00e9s de webinars, v\u00eddeos y an\u00e1lisis escritos.<\/p>\n<\/p><\/div>\n<\/p><\/div>\n<\/li>\n<\/ul>\n<\/section>\n<h2><i class=\"ico ico--seasonality-analysis\"><\/i>El prop\u00f3sito de nuestra metodolog\u00eda<\/h2>\n<p>No nos limitamos a clasificar a los brokers bas\u00e1ndonos \u00fanicamente en su popularidad o visibilidad de marketing. Los evaluamos en funci\u00f3n de m\u00faltiples par\u00e1metros, entre ellos, la <strong>seguridad, costes de trading, transparencia en los precios y facilidad de uso<\/strong>. Miramos m\u00e1s all\u00e1 de los spreads y promociones proclamados para evaluar la experiencia real de trading: desde la licencia y apertura de cuenta hasta la calidad de ejecuci\u00f3n de \u00f3rdenes, funcionalidad de la plataforma, o retiros. Adem\u00e1s, analizamos los comentarios de los consumidores para identificar cualquier problema recurrente reportado por otros traders.<\/p>\n<h2><i class=\"ico ico--detecting-the-best-stocks-to-buy\"><\/i>C\u00f3mo recopilamos la informaci\u00f3n<\/h2>\n<p>Elaboramos nuestras rese\u00f1as y clasificaciones a partir de la informaci\u00f3n facilitada por los brokers, la que est\u00e1 publicada en sus sitios web y la que est\u00e1 disponible en los registros oficiales de los reguladores. Adem\u00e1s, analizamos sus condiciones de servicio, probamos sus plataformas y leemos las opiniones de los clientes para ofrecer una visi\u00f3n general y completa de cada br\u00f3ker. La informaci\u00f3n facilitada por los brokers <strong>se contrasta con datos de reguladores financieros y fuentes independientes<\/strong>. En los casos en que los datos sean inconsistentes o no est\u00e9n confirmados, realizamos comprobaciones adicionales antes de actualizar nuestras clasificaciones.<\/p>\n<h2><i class=\"ico ico--desktop\"><\/i>C\u00f3mo probamos las plataformas de trading<\/h2>\n<p>Al efectuar la evaluaci\u00f3n de los brokers, analizamos todos los factores clave implicados a la hora de elegir d\u00f3nde abrir una cuenta de trading real. Revisamos el software de trading del br\u00f3ker, plataformas disponibles, instrumentos, opciones de cuenta, comisiones, m\u00e9todos de financiaci\u00f3n, condiciones de retirada y requisitos de registro. Tambi\u00e9n calificamos la claridad con la que se presenta esta informaci\u00f3n, y si la plataforma ofrece la <strong>usabilidad, herramientas y entorno de trading<\/strong> necesarios para adaptarse a distintos tipos de traders.<\/p>\n<p>Probamos la compatibilidad de la plataforma en dispositivos web, de escritorio y m\u00f3viles, evaluando las herramientas gr\u00e1ficas disponibles, los indicadores t\u00e9cnicos y los tipos de \u00f3rdenes para valorar su funcionalidad general. Adem\u00e1s, comprobamos si un br\u00f3ker admite plataformas de terceros ampliamente utilizadas, como MetaTrader 4, MetaTrader 5, cTrader y TradingView. Tambi\u00e9n evaluamos el software propio del br\u00f3ker, si est\u00e1 disponible.<\/p>\n<h2><i class=\"ico ico--pros-cons\"><\/i>C\u00f3mo clasificamos a los brokers<\/h2>\n<p>Nuestra calificaci\u00f3n final se basa en un modelo de puntuaci\u00f3n ponderada. Para obtenerla, revisamos multitud de aspectos de cada br\u00f3ker. A cada uno de ellos les asignamos una calificaci\u00f3n individual, de la que obtendremos la calificaci\u00f3n general despu\u00e9s de ponderar los distintos valores. Aunque damos valor prioritario a las licencias, la seguridad o los precios, tambi\u00e9n valoramos aspectos como la calidad de ejecuci\u00f3n de \u00f3rdenes, la velocidad de los retiros y la usabilidad general de la plataforma.<\/p>\n<p>Solo incluimos brokers que <strong>cumplen nuestros est\u00e1ndares editoriales de transparencia y confianza<\/strong>. La licencia es un factor clave durante el proceso de clasificaci\u00f3n, por lo que solo tenemos en cuenta a plataformas autorizadas en jurisdicciones con organismos regulatorios reconocidos. Todo br\u00f3ker que no cumpla nuestros requisitos b\u00e1sicos de calificaci\u00f3n quedar\u00e1 excluido de nuestra evaluaci\u00f3n o recibir\u00e1 una valoraci\u00f3n acorde a sus caracter\u00edsticas.<\/p>\n<h2><i class=\"ico ico--document\"><\/i>Los principales factores que influyen en nuestras puntuaciones<\/h2>\n<ul class=\"list--steps\">\n<li>\n<h3><i class=\"ico ico--regulation\"><\/i>Regulaci\u00f3n y licencias<\/h3>\n<p>        Las licencias y el cumplimiento normativo son los primeros aspectos que examinamos. Damos prioridad a los brokers autorizados por reguladores financieros de nivel 1 y prestamos mucha atenci\u00f3n a las jurisdicciones bajo las que se ampara a los clientes. Los reguladores que reconocemos como principales autoridades del sector son la <strong>FCA, ASIC, NFA, FINMA y CySEC<\/strong>. La situaci\u00f3n regulatoria del br\u00f3ker es un factor clave porque repercute directamente en el nivel de protecci\u00f3n del cliente, est\u00e1ndares operativos y nivel general de transparencia.<\/p>\n<\/li>\n<li>\n<h3><i class=\"ico ico--administration-fees\"><\/i>Costes y comisiones de trading<\/h3>\n<p>        Para evaluar la eficiencia general de un br\u00f3ker, en t\u00e9rminos de costes, <strong>analizamos los spreads, comisiones y gastos no relacionados con el trading<\/strong>, entre los que se incluyen las posibles comisiones por dep\u00f3sito, retirada o inactividad. Dichos costes forman parte integral de nuestro sistema de clasificaci\u00f3n porque influyen directamente en los resultados finales de los traders.<\/p>\n<\/li>\n<li>\n<h3><i class=\"ico ico--exchange\"><\/i>Ejecuci\u00f3n de \u00f3rdenes<\/h3>\n<p>        La calidad de ejecuci\u00f3n de \u00f3rdenes es otro factor clave que tenemos en cuenta y resulta especialmente importante para los traders activos. Evaluamos la <strong>velocidad de ejecuci\u00f3n y la infraestructura del br\u00f3ker para determinar su capacidad de minimizar el slippage, las recotizaciones o los rechazos de \u00f3rdenes<\/strong>. El equipo analiza el entorno t\u00e9cnico y los protocolos de enrutamiento que utiliza el br\u00f3ker para procesar las \u00f3rdenes de los clientes, asignando calificaciones m\u00e1s altas a los que permiten ejecutar \u00f3rdenes de forma fiable en distintas condiciones de mercado.\n    <\/li>\n<li>\n<h3><i class=\"ico ico--hardware-wallets\"><\/i>Financiaci\u00f3n y retiros de la cuenta<\/h3>\n<p>        Nuestra evaluaci\u00f3n no solo consiste en calificar la facilidad para depositar fondos, ya que tambi\u00e9n analizamos la eficiencia y rapidez del proceso de retiros. Los <strong>brokers que procesan los retiros sin retrasos innecesarios<\/strong> tras la verificaci\u00f3n KYC reciben puntuaciones m\u00e1s altas en este apartado. Tambi\u00e9n evaluamos en profundidad la transparencia de los brokers en cuanto a l\u00edmites de transacci\u00f3n, comisiones adicionales y variedad de m\u00e9todos de pago.\n    <\/li>\n<li>\n<h3><i class=\"ico ico--account\"><\/i>Apertura de cuenta y proceso KYC<\/h3>\n<p>        Evaluamos el proceso de registro para <strong>determinar el grado de facilidad o dificultad de abrir una cuenta con cada br\u00f3ker<\/strong>. En este apartado, tambi\u00e9n comprobamos si el br\u00f3ker proporciona informaci\u00f3n suficiente sobre los documentos necesarios para completar la verificaci\u00f3n KYC. Por \u00faltimo, confirmamos si el proceso de incorporaci\u00f3n se ajusta a los requisitos normativos de la jurisdicci\u00f3n correspondiente.\n    <\/li>\n<li>\n<h3><i class=\"ico ico--forex-broker-software-platforms\"><\/i>Variedad de plataformas de trading y herramientas de an\u00e1lisis de mercado<\/h3>\n<p>        Tambi\u00e9n analizamos las plataformas compatibles, sus <strong>caracter\u00edsticas y funcionalidad<\/strong>, ya que estos factores influyen directamente en la experiencia general de trading. Los brokers con plataformas intuitivas y amplia variedad de funciones recibir\u00e1n puntuaciones m\u00e1s altas en esta valoraci\u00f3n, especialmente, si ofrecen una buena gama de herramientas gr\u00e1ficas y de an\u00e1lisis t\u00e9cnico. Por el contrario, las plataformas inestables o que carezcan de funciones esenciales obtendr\u00e1n una puntuaci\u00f3n m\u00e1s reducida, aunque el br\u00f3ker tenga un buen rendimiento en otros aspectos.\n    <\/li>\n<li>\n<h3><i class=\"ico ico--announcing\"><\/i>Opiniones de los clientes y reputaci\u00f3n<\/h3>\n<p>        Nuestro equipo eval\u00faa a los brokers dentro del contexto de la comunidad de trading en general, <strong>recopilando y analizando rese\u00f1as y comentarios de consumidores para garantizar una evaluaci\u00f3n equilibrada<\/strong>. Tambi\u00e9n tenemos en cuenta las puntuaciones de Trustpilot, ya que las opiniones de los clientes pueden hacer notar problemas persistentes en el servicio o puntos fuertes que, de no ser as\u00ed, no se mencionar\u00edan en los materiales oficiales de marketing.\n    <\/li>\n<li>\n<h3><i class=\"ico ico--forex-brokers-business-models\"><\/i>Variedad de mercados y oferta general de productos<\/h3>\n<p>        Al calificar a un br\u00f3ker tambi\u00e9n tenemos en cuenta la amplitud de su oferta de productos. Consideramos la <strong>variedad de mercados que ofrece para operar en diferentes tipos de activos<\/strong>, entre ellos, forex, acciones, criptomonedas y materias primas. Esto nos ayudar\u00e1 a determinar si el br\u00f3ker permite una adecuada diversificaci\u00f3n de la cartera de productos. Adem\u00e1s, evaluamos la variedad de tipos de cuenta que ofrece para ver hasta qu\u00e9 punto se puede adaptar a distintos niveles de experiencia y de estrategias de trading.<\/p>\n<\/li>\n<\/ul>\n<h2><i class=\"ico ico--theory-of-purchasing-power-parity\"><\/i>El papel de nuestros autores y analistas<\/h2>\n<p>Nuestras rese\u00f1as est\u00e1n redactadas por un equipo multidisciplinar de especialistas, con experiencia en forex, renta variable, criptomonedas y an\u00e1lisis t\u00e9cnico. Su experiencia les permite ofrecer evaluaciones basadas en conocimientos pr\u00e1cticos del mercado.<\/p>\n<p>Nuestros <strong>colaboradores CFA<\/strong> aportan conocimientos adicionales sobre materias m\u00e1s t\u00e9cnicas, como la construcci\u00f3n de carteras, el an\u00e1lisis cualitativo y la terminolog\u00eda de inversi\u00f3n. Esto nos permite ofrecer contenido que conecte, tanto con traders avanzados como con principiantes, transformando la informaci\u00f3n compleja en art\u00edculos m\u00e1s comprensibles sin alterar el sentido original.<\/p>\n<h2><i class=\"ico ico--our-standards-and-rating-methodology\"><\/i>Independencia editorial y nuestra forma de generar ingresos<\/h2>\n<p>BestBrokers es de uso gratuito y puede ganar comisiones de algunas de las plataformas de trading destacadas, lo que no afecta a nuestro compromiso con la imparcialidad. <strong>La objetividad y la precisi\u00f3n son dos de nuestros valores fundamentales<\/strong>, ya que nos esforzamos por mantener evaluaciones fundamentadas, transparentes y basadas en evidencias. La puntuaci\u00f3n que asignamos a un br\u00f3ker no est\u00e1 influida por la visibilidad que \u00e9ste pueda tener por campa\u00f1as de marketing.<\/p>\n<h2><i class=\"ico ico--pen\"><\/i>Una \u00faltima puntualizaci\u00f3n sobre el riesgo<\/h2>\n<p>Operar con productos apalancados conlleva un alto riesgo y no es adecuado para todos los inversores. <strong>El principal objetivo de BestBrokers es ayudar a los lectores a tomar decisiones fundamentadas y aprender las bases del trading, y en ning\u00fan caso es el de proporcionar asesoramiento financiero<\/strong>. Por tanto, nuestras clasificaciones y rese\u00f1as deben utilizarse tan solo como herramientas de consulta y apoyo, y no como recomendaciones personalizadas de inversi\u00f3n.<\/p>\n","protected":false},"excerpt":{"rendered":"<p>Hemos creado BestBrokers para ayudar a los traders a elegir la mejor plataforma de trading, facilit\u00e1ndoles toda la informaci\u00f3n que precisan. Nuestras clasificaciones tienen como objetivo facilitar la comparaci\u00f3n y selecci\u00f3n de brokers de forex tanto para principiantes como para traders con experiencia. Evaluamos los diferentes brokers de forex, acciones, criptomonedas, CFD y materias primas [&hellip;]<\/p>\n","protected":false},"author":2,"featured_media":0,"parent":0,"menu_order":0,"comment_status":"closed","ping_status":"closed","template":"templates\/full-width.php","meta":{"footnotes":""},"class_list":["post-87396","page","type-page","status-publish","hentry"],"aioseo_notices":[],"_links":{"self":[{"href":"https:\/\/www.bestbrokers.com\/es\/wp-json\/wp\/v2\/pages\/87396","targetHints":{"allow":["GET"]}}],"collection":[{"href":"https:\/\/www.bestbrokers.com\/es\/wp-json\/wp\/v2\/pages"}],"about":[{"href":"https:\/\/www.bestbrokers.com\/es\/wp-json\/wp\/v2\/types\/page"}],"author":[{"embeddable":true,"href":"https:\/\/www.bestbrokers.com\/es\/wp-json\/wp\/v2\/users\/2"}],"replies":[{"embeddable":true,"href":"https:\/\/www.bestbrokers.com\/es\/wp-json\/wp\/v2\/comments?post=87396"}],"version-history":[{"count":4,"href":"https:\/\/www.bestbrokers.com\/es\/wp-json\/wp\/v2\/pages\/87396\/revisions"}],"predecessor-version":[{"id":87461,"href":"https:\/\/www.bestbrokers.com\/es\/wp-json\/wp\/v2\/pages\/87396\/revisions\/87461"}],"wp:attachment":[{"href":"https:\/\/www.bestbrokers.com\/es\/wp-json\/wp\/v2\/media?parent=87396"}],"curies":[{"name":"wp","href":"https:\/\/api.w.org\/{rel}","templated":true}]}}