{"id":12088,"date":"2024-08-26T06:53:22","date_gmt":"2024-08-26T06:53:22","guid":{"rendered":"https:\/\/www.bestbrokers.com\/?page_id=12088"},"modified":"2026-03-11T13:39:33","modified_gmt":"2026-03-11T13:39:33","slug":"authors","status":"publish","type":"page","link":"https:\/\/www.bestbrokers.com\/fr\/authors\/","title":{"rendered":"Auteurs"},"content":{"rendered":"<p>Ci-dessous, vous trouverez des informations sur nos auteurs.<\/p>\n<p><img decoding=\"async\" src=\"https:\/\/www.bestbrokers.com\/wp-content\/uploads\/2026\/03\/elee-150x150.webp\" alt=\"Eugene Lee, CFA - Auteur chez BestBrokers\" width=\"150\" height=\"150\" class=\"alignleft size-thumbnail wp-image-82552\" srcset=\"https:\/\/www.bestbrokers.com\/wp-content\/uploads\/2026\/03\/elee-150x150.webp 150w, https:\/\/www.bestbrokers.com\/wp-content\/uploads\/2026\/03\/elee.webp 250w\" sizes=\"(max-width: 150px) 100vw, 150px\" \/><a href=\"https:\/\/www.bestbrokers.com\/fr\/authors\/eugene-lee-cfa\/\">Eugene Lee, CFA<\/a> (analyste financier agr\u00e9\u00e9), est un strat\u00e8ge en investissement et chercheur quantitatif qui compte plus de vingt ans d&rsquo;exp\u00e9rience sur les march\u00e9s mondiaux. Gr\u00e2ce \u00e0 son exp\u00e9rience au sein d&rsquo;\u00e9quipes de trading et de gestion de portefeuilles pouvant contenir plusieurs milliards de dollars d\u2019actions, de titres \u00e0 revenu fixe et de produits d\u00e9riv\u00e9s.<\/p>\n<p><a target=\"_blank\" href=\"https:\/\/www.linkedin.com\/in\/etlpro\" rel=\"noopener\"><img decoding=\"async\" width=\"25\" src=\"\/wp-content\/themes\/best-brokers\/assets\/images\/icon-linkedin.svg\" \/><\/a> <a target=\"_blank\" href=\"https:\/\/credentials.cfainstitute.org\/54800944-5857-4ebf-9ffe-ecd57e54c8ac\" rel=\"noopener\"><img decoding=\"async\" width=\"25\" src=\"\/wp-content\/themes\/best-brokers\/assets\/images\/icon-cfa.svg\" \/><\/a><\/p>\n<div class=\"clearfix\"><\/div>\n<p><img decoding=\"async\" src=\"https:\/\/www.bestbrokers.com\/wp-content\/uploads\/2026\/03\/mlevy-150x150.webp\" alt=\"Matthew Levy, CFA - Auteur chez BestBrokers\" width=\"150\" height=\"150\" class=\"alignleft size-thumbnail wp-image-82542\" srcset=\"https:\/\/www.bestbrokers.com\/wp-content\/uploads\/2026\/03\/mlevy-150x150.webp 150w, https:\/\/www.bestbrokers.com\/wp-content\/uploads\/2026\/03\/mlevy.webp 250w\" sizes=\"(max-width: 150px) 100vw, 150px\" \/><a href=\"https:\/\/www.bestbrokers.com\/fr\/authors\/matthew-levy-cfa\/\">Matthew Levy, CFA<\/a> (analyste financier agr\u00e9\u00e9), est un r\u00e9dacteur financier exp\u00e9riment\u00e9 et un sp\u00e9cialiste du contenu qui poss\u00e8de une solide exp\u00e9rience dans les services financiers, l&rsquo;\u00e9conomie et l&rsquo;analyse des investissements.<\/p>\n<p><a target=\"_blank\" href=\"https:\/\/ca.linkedin.com\/in\/matthewlevycfa\" rel=\"noopener\"><img decoding=\"async\" width=\"25\" src=\"\/wp-content\/themes\/best-brokers\/assets\/images\/icon-linkedin.svg\" \/><\/a> <a target=\"_blank\" href=\"https:\/\/credentials.cfainstitute.org\/7abb354d-8618-44e1-97d0-e8d5c70f831e?record_view=true\" rel=\"noopener\"><img decoding=\"async\" width=\"25\" src=\"\/wp-content\/themes\/best-brokers\/assets\/images\/icon-cfa.svg\" \/><\/a><\/p>\n<div class=\"clearfix\"><\/div>\n<p><img decoding=\"async\" class=\"alignleft size-thumbnail wp-image-1408\" src=\"https:\/\/www.bestbrokers.com\/wp-content\/uploads\/2022\/03\/eifeanyi-150x150.webp\" alt=\"Emmanuel Ifeanyi - Auteur chez BestBrokers\" width=\"150\" height=\"150\" srcset=\"https:\/\/www.bestbrokers.com\/wp-content\/uploads\/2022\/03\/eifeanyi-150x150.webp 150w, https:\/\/www.bestbrokers.com\/wp-content\/uploads\/2022\/03\/eifeanyi.webp 200w\" sizes=\"(max-width: 150px) 100vw, 150px\" \/><a href=\"https:\/\/www.bestbrokers.com\/fr\/authors\/emmanuel-ifeanyi\/\"><strong>Emmanuel Ifeanyi Ekwomadu<\/strong><\/a> est un r\u00e9dacteur financier sp\u00e9cialis\u00e9 dans le trading Forex, boursier et crypto. Il est l&rsquo;auteur de la plupart des avis sur les courtiers que vous trouverez sur BestBrokers.com<\/p>\n<p><a href=\"https:\/\/www.linkedin.com\/in\/emmanuel-ifeanyi-e-309512182\/\" target=\"_blank\" rel=\"noopener\"><img decoding=\"async\" src=\"\/wp-content\/themes\/best-brokers\/assets\/images\/icon-linkedin.svg\" width=\"25\" \/><\/a><\/p>\n<div class=\"clearfix\"><\/div>\n<p><img decoding=\"async\" class=\"alignleft size-thumbnail wp-image-1409\" src=\"https:\/\/www.bestbrokers.com\/wp-content\/uploads\/2022\/03\/rperry-150x150.webp\" alt=\"Richard Perry - Auteur chez BestBrokers\" width=\"150\" height=\"150\" srcset=\"https:\/\/www.bestbrokers.com\/wp-content\/uploads\/2022\/03\/rperry-150x150.webp 150w, https:\/\/www.bestbrokers.com\/wp-content\/uploads\/2022\/03\/rperry.webp 200w\" sizes=\"(max-width: 150px) 100vw, 150px\" \/><a href=\"https:\/\/www.bestbrokers.com\/fr\/authors\/richard-perry\/\"><strong>Richard Perry<\/strong><\/a> est un expert reconnu en analyse technique et strat\u00e9gie de march\u00e9, avec une exp\u00e9rience significative sur les march\u00e9s des devises et des actions. Il a cr\u00e9\u00e9 son propre cabinet, appel\u00e9 Perry Market Analysis, qui fournit des analyses de conseil sur les principaux march\u00e9s, y compris des recherches via des webinaires, des vid\u00e9os et des analyses \u00e9crites.<br \/>\n<a href=\"https:\/\/www.linkedin.com\/in\/richard-perry-5918921b\/\" target=\"_blank\" rel=\"noopener\"><img decoding=\"async\" src=\"\/wp-content\/themes\/best-brokers\/assets\/images\/icon-linkedin.svg\" width=\"25\" \/><\/a><\/p>\n<div class=\"clearfix\"><\/div>\n<p><img decoding=\"async\" class=\"alignleft size-thumbnail wp-image-15480\" src=\"https:\/\/www.bestbrokers.com\/wp-content\/uploads\/2026\/04\/nnazifova.webp\" alt=\"Naylian Nazifova - Auteur chez BestBrokers\" width=\"150\" height=\"150\" \/><a href=\"https:\/\/www.bestbrokers.com\/fr\/authors\/naylyan-nazifova\/\"><strong>Naylyan Nazifova<\/strong><\/a> est une experte reconnue dans le domaine du trading en ligne. Elle est l&rsquo;auteur de nombreuses publications et analyses portant sur le trading Forex, l&rsquo;investissement en actions et les finances personnelles.<br \/>\n<a href=\"https:\/\/www.linkedin.com\/in\/naylian-nazifova-58562a272\/\" target=\"_blank\" rel=\"noopener\"><img decoding=\"async\" src=\"\/wp-content\/themes\/best-brokers\/assets\/images\/icon-linkedin.svg\" width=\"25\" \/><\/a><\/p>\n<div class=\"clearfix\"><\/div>\n<p><img decoding=\"async\" class=\"alignleft size-thumbnail wp-image-15490\" src=\"https:\/\/www.bestbrokers.com\/wp-content\/uploads\/2024\/09\/zornica-stefanova-150x150.jpeg\" alt=\"Zornitsa Stefanova - Auteur chez BestBrokers\" width=\"150\" height=\"150\" srcset=\"https:\/\/www.bestbrokers.com\/wp-content\/uploads\/2024\/09\/zornica-stefanova-150x150.jpeg 150w, https:\/\/www.bestbrokers.com\/wp-content\/uploads\/2024\/09\/zornica-stefanova.jpeg 200w\" sizes=\"(max-width: 150px) 100vw, 150px\" \/><a href=\"https:\/\/www.bestbrokers.com\/fr\/authors\/zornitsa-stefanova\/\"><strong>Zornitsa Stefanova<\/strong><\/a> est analyste exp\u00e9riment\u00e9e en Forex et crypto-monnaies. Elle couvre \u00e9galement divers sujets financiers tels que le trading d&rsquo;actions et les investissements pour la retraite.<\/p>\n<p><a href=\"https:\/\/www.linkedin.com\/in\/zornica-stefanova-73ab39287\/\" target=\"_blank\" rel=\"noopener\"><img decoding=\"async\" src=\"\/wp-content\/themes\/best-brokers\/assets\/images\/icon-linkedin.svg\" width=\"25\" \/><\/a><\/p>\n<div class=\"clearfix\"><\/div>\n","protected":false},"excerpt":{"rendered":"<p>Ci-dessous, vous trouverez des informations sur nos auteurs. Eugene Lee, CFA (analyste financier agr\u00e9\u00e9), est un strat\u00e8ge en investissement et chercheur quantitatif qui compte plus de vingt ans d&rsquo;exp\u00e9rience sur les march\u00e9s mondiaux. Gr\u00e2ce \u00e0 son exp\u00e9rience au sein d&rsquo;\u00e9quipes de trading et de gestion de portefeuilles pouvant contenir plusieurs milliards de dollars d\u2019actions, de [&hellip;]<\/p>\n","protected":false},"author":2,"featured_media":0,"parent":0,"menu_order":0,"comment_status":"closed","ping_status":"closed","template":"templates\/full-width.php","meta":{"footnotes":""},"class_list":["post-12088","page","type-page","status-publish","hentry"],"aioseo_notices":[],"_links":{"self":[{"href":"https:\/\/www.bestbrokers.com\/fr\/wp-json\/wp\/v2\/pages\/12088","targetHints":{"allow":["GET"]}}],"collection":[{"href":"https:\/\/www.bestbrokers.com\/fr\/wp-json\/wp\/v2\/pages"}],"about":[{"href":"https:\/\/www.bestbrokers.com\/fr\/wp-json\/wp\/v2\/types\/page"}],"author":[{"embeddable":true,"href":"https:\/\/www.bestbrokers.com\/fr\/wp-json\/wp\/v2\/users\/2"}],"replies":[{"embeddable":true,"href":"https:\/\/www.bestbrokers.com\/fr\/wp-json\/wp\/v2\/comments?post=12088"}],"version-history":[{"count":13,"href":"https:\/\/www.bestbrokers.com\/fr\/wp-json\/wp\/v2\/pages\/12088\/revisions"}],"predecessor-version":[{"id":82717,"href":"https:\/\/www.bestbrokers.com\/fr\/wp-json\/wp\/v2\/pages\/12088\/revisions\/82717"}],"wp:attachment":[{"href":"https:\/\/www.bestbrokers.com\/fr\/wp-json\/wp\/v2\/media?parent=12088"}],"curies":[{"name":"wp","href":"https:\/\/api.w.org\/{rel}","templated":true}]}}