{"id":12095,"date":"2024-08-26T06:54:04","date_gmt":"2024-08-26T06:54:04","guid":{"rendered":"https:\/\/www.bestbrokers.com\/?page_id=12095"},"modified":"2026-03-11T13:23:19","modified_gmt":"2026-03-11T13:23:19","slug":"emmanuel-ifeanyi","status":"publish","type":"page","link":"https:\/\/www.bestbrokers.com\/fr\/authors\/emmanuel-ifeanyi\/","title":{"rendered":"Emmanuel Ifeanyi"},"content":{"rendered":"<p><img decoding=\"async\" class=\"alignleft size-thumbnail wp-image-1408\" src=\"https:\/\/www.bestbrokers.com\/wp-content\/uploads\/2022\/03\/eifeanyi-150x150.webp\" alt=\"Emmanuel Ifeanyi - Auteur chez BestBrokers\" width=\"150\" height=\"150\" srcset=\"https:\/\/www.bestbrokers.com\/wp-content\/uploads\/2022\/03\/eifeanyi-150x150.webp 150w, https:\/\/www.bestbrokers.com\/wp-content\/uploads\/2022\/03\/eifeanyi.webp 200w\" sizes=\"(max-width: 150px) 100vw, 150px\" \/><strong>Emmanuel Ifeanyi Ekwomadu<\/strong> est un r\u00e9dacteur financier sp\u00e9cialis\u00e9 dans le trading Forex, boursier et crypto. Il est l&rsquo;auteur de la plupart des avis sur les courtiers que vous trouverez sur BestBrokers.com<\/p>\n<p><a href=\"https:\/\/www.linkedin.com\/in\/emmanuel-ifeanyi-e-309512182\/\" target=\"_blank\" rel=\"noopener\"><img decoding=\"async\" src=\"\/wp-content\/themes\/best-brokers\/assets\/images\/icon-linkedin.svg\" width=\"25\" \/><\/a><\/p>\n","protected":false},"excerpt":{"rendered":"<p>Emmanuel Ifeanyi Ekwomadu est un r\u00e9dacteur financier sp\u00e9cialis\u00e9 dans le trading Forex, boursier et crypto. Il est l&rsquo;auteur de la plupart des avis sur les courtiers que vous trouverez sur BestBrokers.com<\/p>\n","protected":false},"author":2,"featured_media":15478,"parent":12088,"menu_order":0,"comment_status":"closed","ping_status":"closed","template":"templates\/full-width.php","meta":{"footnotes":""},"class_list":["post-12095","page","type-page","status-publish","has-post-thumbnail","hentry"],"aioseo_notices":[],"_links":{"self":[{"href":"https:\/\/www.bestbrokers.com\/fr\/wp-json\/wp\/v2\/pages\/12095","targetHints":{"allow":["GET"]}}],"collection":[{"href":"https:\/\/www.bestbrokers.com\/fr\/wp-json\/wp\/v2\/pages"}],"about":[{"href":"https:\/\/www.bestbrokers.com\/fr\/wp-json\/wp\/v2\/types\/page"}],"author":[{"embeddable":true,"href":"https:\/\/www.bestbrokers.com\/fr\/wp-json\/wp\/v2\/users\/2"}],"replies":[{"embeddable":true,"href":"https:\/\/www.bestbrokers.com\/fr\/wp-json\/wp\/v2\/comments?post=12095"}],"version-history":[{"count":7,"href":"https:\/\/www.bestbrokers.com\/fr\/wp-json\/wp\/v2\/pages\/12095\/revisions"}],"predecessor-version":[{"id":82695,"href":"https:\/\/www.bestbrokers.com\/fr\/wp-json\/wp\/v2\/pages\/12095\/revisions\/82695"}],"up":[{"embeddable":true,"href":"https:\/\/www.bestbrokers.com\/fr\/wp-json\/wp\/v2\/pages\/12088"}],"wp:featuredmedia":[{"embeddable":true,"href":"https:\/\/www.bestbrokers.com\/fr\/wp-json\/wp\/v2\/media\/15478"}],"wp:attachment":[{"href":"https:\/\/www.bestbrokers.com\/fr\/wp-json\/wp\/v2\/media?parent=12095"}],"curies":[{"name":"wp","href":"https:\/\/api.w.org\/{rel}","templated":true}]}}