{"id":12109,"date":"2024-08-26T06:55:13","date_gmt":"2024-08-26T06:55:13","guid":{"rendered":"https:\/\/www.bestbrokers.com\/?page_id=12109"},"modified":"2026-03-11T13:23:31","modified_gmt":"2026-03-11T13:23:31","slug":"richard-perry","status":"publish","type":"page","link":"https:\/\/www.bestbrokers.com\/fr\/authors\/richard-perry\/","title":{"rendered":"Richard Perry"},"content":{"rendered":"<p><img decoding=\"async\" class=\"alignleft size-thumbnail wp-image-1409\" src=\"https:\/\/www.bestbrokers.com\/wp-content\/uploads\/2022\/03\/rperry-150x150.webp\" alt=\"Richard Perry - Auteur chez BestBrokers\" width=\"150\" height=\"150\" srcset=\"https:\/\/www.bestbrokers.com\/wp-content\/uploads\/2022\/03\/rperry-150x150.webp 150w, https:\/\/www.bestbrokers.com\/wp-content\/uploads\/2022\/03\/rperry.webp 200w\" sizes=\"(max-width: 150px) 100vw, 150px\" \/><strong>Richard Perry<\/strong> est un expert reconnu en analyse technique et en strat\u00e9gie de march\u00e9, avec une exp\u00e9rience significative dans les march\u00e9s des devises et des actions. Il a cr\u00e9\u00e9 son propre cabinet appel\u00e9 Perry Market Analysis, qui fournit des analyses de conseil sur les principaux march\u00e9s, y compris des recherches via des webinaires, des vid\u00e9os et des analyses \u00e9crites.<\/p>\n<p><a href=\"https:\/\/www.linkedin.com\/in\/richard-perry-5918921b\/\" target=\"_blank\" rel=\"noopener\"><img decoding=\"async\" src=\"\/wp-content\/themes\/best-brokers\/assets\/images\/icon-linkedin.svg\" width=\"25\" \/><\/a><\/p>\n","protected":false},"excerpt":{"rendered":"<p>Richard Perry est un expert reconnu en analyse technique et en strat\u00e9gie de march\u00e9, avec une exp\u00e9rience significative dans les march\u00e9s des devises et des actions. Il a cr\u00e9\u00e9 son propre cabinet appel\u00e9 Perry Market Analysis, qui fournit des analyses de conseil sur les principaux march\u00e9s, y compris des recherches via des webinaires, des vid\u00e9os [&hellip;]<\/p>\n","protected":false},"author":2,"featured_media":15476,"parent":12088,"menu_order":0,"comment_status":"closed","ping_status":"closed","template":"templates\/full-width.php","meta":{"footnotes":""},"class_list":["post-12109","page","type-page","status-publish","has-post-thumbnail","hentry"],"aioseo_notices":[],"_links":{"self":[{"href":"https:\/\/www.bestbrokers.com\/fr\/wp-json\/wp\/v2\/pages\/12109","targetHints":{"allow":["GET"]}}],"collection":[{"href":"https:\/\/www.bestbrokers.com\/fr\/wp-json\/wp\/v2\/pages"}],"about":[{"href":"https:\/\/www.bestbrokers.com\/fr\/wp-json\/wp\/v2\/types\/page"}],"author":[{"embeddable":true,"href":"https:\/\/www.bestbrokers.com\/fr\/wp-json\/wp\/v2\/users\/2"}],"replies":[{"embeddable":true,"href":"https:\/\/www.bestbrokers.com\/fr\/wp-json\/wp\/v2\/comments?post=12109"}],"version-history":[{"count":6,"href":"https:\/\/www.bestbrokers.com\/fr\/wp-json\/wp\/v2\/pages\/12109\/revisions"}],"predecessor-version":[{"id":82696,"href":"https:\/\/www.bestbrokers.com\/fr\/wp-json\/wp\/v2\/pages\/12109\/revisions\/82696"}],"up":[{"embeddable":true,"href":"https:\/\/www.bestbrokers.com\/fr\/wp-json\/wp\/v2\/pages\/12088"}],"wp:featuredmedia":[{"embeddable":true,"href":"https:\/\/www.bestbrokers.com\/fr\/wp-json\/wp\/v2\/media\/15476"}],"wp:attachment":[{"href":"https:\/\/www.bestbrokers.com\/fr\/wp-json\/wp\/v2\/media?parent=12109"}],"curies":[{"name":"wp","href":"https:\/\/api.w.org\/{rel}","templated":true}]}}