{"id":12124,"date":"2024-08-26T06:56:38","date_gmt":"2024-08-26T06:56:38","guid":{"rendered":"https:\/\/www.bestbrokers.com\/?page_id=12124"},"modified":"2024-12-02T09:22:11","modified_gmt":"2024-12-02T09:22:11","slug":"about-us","status":"publish","type":"page","link":"https:\/\/www.bestbrokers.com\/fr\/about-us\/","title":{"rendered":"\u00c0 propos de nous"},"content":{"rendered":"<h2 id=\"mission-statement\">Notre mission<\/h2>\n<p>Mon nom est <a href=\"https:\/\/www.linkedin.com\/in\/miro-nikolov-1946b9141\/\" rel=\"nofollow noopener noreferrer\" target=\"_blank\">Miro Nikolov<\/a>, et je suis le cofondateur de <strong>BestBrokers.com<\/strong>. La mission de notre \u00e9quipe est d&rsquo;aider les traders \u00e0 prendre des d\u00e9cisions \u00e9clair\u00e9es lorsqu&rsquo;ils choisissent une plateforme de trading. Tous les courtiers r\u00e9pertori\u00e9s sur BestBrokers sont agr\u00e9\u00e9s dans des juridictions de niveau 1 (l&rsquo;<a href=\"https:\/\/www.bestbrokers.com\/fr\/forex-brokers\/asic-regulated-forex-brokers\/\">Asic en Australie,<\/a> la <a href=\"https:\/\/www.bestbrokers.com\/fr\/forex-brokers\/fca-regulated-forex-brokers\/\">FCA au Royaume-Uni<\/a> ou la<a href=\"https:\/\/www.bestbrokers.com\/fr\/forex-brokers\/cysec-regulated-forex-brokers\/\"> CYSEC \u00e0 Chypre<\/a>).<\/p>\n<p>L&rsquo;impartialit\u00e9 et la pr\u00e9cision faisant partie de nos valeurs fondamentales, nous avons mis au point une m\u00e9thodologie exclusive qui nous permet de fournir une \u00e9valuation impartiale des courtiers que nous examinons et recommandons. Notre m\u00e9thodologie exhaustive couvre des domaines tels que les licences, les commentaires de la communaut\u00e9 bas\u00e9s sur les <a href=\"https:\/\/www.trustpilot.com\/\" rel=\"nofollow noopener noreferrer\" target=\"_blank\">scores Trustpilot<\/a>, les logiciels de trading, la diversit\u00e9 des portefeuilles, l&rsquo;ex\u00e9cution des ordres et bien d&rsquo;autres aspects.<\/p>\n<p>Vous trouverez toutes les informations essentielles sur les courtiers, telles que les <a href=\"https:\/\/www.bestbrokers.com\/fr\/forex-brokers\/best-low-cost-forex-brokers\/\">co\u00fbts de trading<\/a>, les m\u00e9thodes de paiement, les classes d&rsquo;actifs et les r\u00e9glementations. Que vous soyez d\u00e9butant ou investisseur chevronn\u00e9, nous pouvons vous aider \u00e0 faire le bon choix. Cependant, nous ne nous limitons pas aux <a href=\"https:\/\/www.bestbrokers.com\/fr\/reviews\/\">revues sur les courtiers<\/a>.<\/p>\n<p>Ce site propose des guides d\u00e9taill\u00e9s sur les principaux instruments financiers tels que les paires de devises Forex, les <a href=\"https:\/\/www.bestbrokers.com\/fr\/stock-brokers\/\">actions<\/a>, les <a href=\"https:\/\/www.bestbrokers.com\/fr\/crypto-brokers\/\">cryptomonnaies<\/a> et les mati\u00e8res premi\u00e8res. Ici, vous pouvez \u00e9galement apprendre les bases de l&rsquo;<a href=\"https:\/\/www.bestbrokers.com\/fr\/technical-analysis-trading\/\">analyse technique<\/a> et de l&rsquo;<a href=\"https:\/\/www.bestbrokers.com\/fr\/fundamental-analysis-trading\/\">analyse fondamentale<\/a>, et d\u00e9couvrir diverses strat\u00e9gies de trading qui peuvent vous aider \u00e0 vous am\u00e9liorer.<\/p>\n<p>Notre principale motivation pour ce que nous faisons est simple : nous croyons fermement que la connaissance elle-m\u00eame est un pouvoir. L&rsquo;acqu\u00e9rir est l&rsquo;\u00e9tape la plus importante dans le processus pour devenir un trader prosp\u00e8re.<\/p>\n<section class=\"section-team\">\n<h2 id=\"our-team\">Notre \u00e9quipe<\/h2>\n<ul class=\"list-team\">\n<li>\n<div class=\"member-card\">\n<div class=\"member-photo\">\n      <img decoding=\"async\" src=\"\/wp-content\/themes\/best-brokers\/assets\/images\/team\/miro-nikolov.jpg\" alt=\"Miro Nikolov\">\n    <\/div>\n<div class=\"member-info\">\n<div class=\"member-name\">\n        <span>Miro Nikolov<\/span><br \/>\n        <a href=\"https:\/\/www.linkedin.com\/in\/miro-nikolov-1946b9141\/\" target=\"_blank\" class=\"member-link\" rel=\"noopener\"><i class=\"ico-linkedin\"><\/i><\/a>\n      <\/div>\n<p class=\"member-title\"><b>Co-fondateur &#038; PDG<\/b><\/p>\n<p class=\"member-resume\">Miro est le co-fondateur et le principal strat\u00e8ge en mati\u00e8re de contenu chez BestBrokers.<\/p>\n<\/p><\/div>\n<\/p><\/div>\n<\/li>\n<li>\n<div class=\"member-card\">\n<div class=\"member-photo\">\n      <img decoding=\"async\" src=\"\/wp-content\/themes\/best-brokers\/assets\/images\/team\/ivo.jpg\" alt=\"Ivo Nedev\">\n    <\/div>\n<div class=\"member-info\">\n<div class=\"member-name\">\n        <span>Ivo Nedev<\/span><br \/>\n        <a href=\"https:\/\/www.linkedin.com\/in\/ivo-nedev-23a3052aa\/\" target=\"_blank\" class=\"member-link\" rel=\"noopener\"><i class=\"ico-linkedin\"><\/i><\/a>\n      <\/div>\n<p class=\"member-title\"><b>Co-fondateur &#038; analyste de donn\u00e9es<\/b><\/p>\n<p class=\"member-resume\">Ivo a co-fond\u00e9 BestBrokers, il est responsable de la cr\u00e9ation du mod\u00e8le de donn\u00e9es pour nos analyses de courtiers.<\/p>\n<\/p><\/div>\n<\/p><\/div>\n<\/li>\n<li>\n<div class=\"member-card\">\n<div class=\"member-photo\">\n      <img decoding=\"async\" src=\"\/wp-content\/themes\/best-brokers\/assets\/images\/team\/pavel.jpeg\" alt=\"Pavel Stoychev\">\n    <\/div>\n<div class=\"member-info\">\n<div class=\"member-name\">\n        <span>Pavel Stoychev<\/span>\n      <\/div>\n<p class=\"member-title\"><b>Directeur technique<\/b><\/p>\n<p class=\"member-resume\">Pavel veille \u00e0 ce que l&rsquo;infrastructure informatique complexe de BestBrokers fonctionne parfaitement \u00e0 tout moment.<\/p>\n<\/p><\/div>\n<\/p><\/div>\n<\/li>\n<li>\n<div class=\"member-card\">\n<div class=\"member-photo\">\n      <img decoding=\"async\" src=\"\/wp-content\/themes\/best-brokers\/assets\/images\/team\/dennis.jpg\" alt=\"Denis\">\n    <\/div>\n<div class=\"member-info\">\n<div class=\"member-name\">\n        <span>Denis Dervishev<\/span><br \/>\n        <a href=\"https:\/\/www.linkedin.com\/in\/denis-dervishev\/\" target=\"_blank\" class=\"member-link\" rel=\"noopener\"><i class=\"ico-linkedin\"><\/i><\/a>\n      <\/div>\n<p class=\"member-title\"><b>Relations avec les m\u00e9dias<\/b><\/p>\n<p class=\"member-resume\">Denis s&rsquo;occupe de la communication avec les m\u00e9dias et des relations publiques.<\/p>\n<\/p><\/div>\n<\/p><\/div>\n<\/li>\n<li>\n<div class=\"member-card\">\n<div class=\"member-photo\">\n      <img decoding=\"async\" src=\"\/wp-content\/themes\/best-brokers\/assets\/images\/team\/vicky.png\" alt=\"Vicky\">\n    <\/div>\n<div class=\"member-info\">\n<div class=\"member-name\">\n        <span>Veronica Hristova<\/span><br \/>\n        <a href=\"https:\/\/www.linkedin.com\/in\/veronica-hristova-4638841bb\/\" class=\"member-link\"><i class=\"ico-linkedin\"><\/i><\/a>\n      <\/div>\n<p class=\"member-title\"><b>D\u00e9veloppeuse front-end<\/b><\/p>\n<p class=\"member-resume\">Veronica est la d\u00e9veloppeuse front-end chez BestBrokers, responsable de l&rsquo;interface utilisateur de notre site Web.<\/p>\n<\/p><\/div>\n<\/p><\/div>\n<\/li>\n<\/ul>\n<\/section>\n<section class=\"section-team\">\n<h2 id=\"authors\">Nos auteurs<\/h2>\n<ul class=\"list-team\">\n<li>\n<div class=\"member-card\">\n<div class=\"member-photo\">\n          <img decoding=\"async\" src=\"\/wp-content\/themes\/best-brokers\/assets\/images\/team\/diliana.jpg\" alt=\"Profile picture of Diliana Hristova\">\n        <\/div>\n<div class=\"member-info\">\n<div class=\"member-name\">\n              <span>Diliana Hristova<\/span>\n            <\/div>\n<p class=\"member-title\"><b>Responsable du contenu<\/b><\/p>\n<p class=\"member-resume\">Diliana est responsable du contenu chez BestBrokers, elle est en charge de certaines des recherches originales que nous effectuons ici.<\/p>\n<\/p><\/div>\n<\/p><\/div>\n<\/li>\n<li>\n<div class=\"member-card\">\n<div class=\"member-photo\">\n          <img decoding=\"async\" src=\"\/wp-content\/uploads\/2022\/03\/eifeanyi-150x150.webp\" alt=\"Profile picture of Emmanuel Ifeanyi Ekwomadu\">\n        <\/div>\n<div class=\"member-info\">\n<div class=\"member-name\">\n              <span>Emmanuel Ekwomadu<\/span><br \/>\n              <a href=\"https:\/\/www.linkedin.com\/in\/emmanuel-ifeanyi-e-309512182\/\" target=\"_blank\" class=\"member-link\" rel=\"noopener\"><i class=\"ico-linkedin\"><\/i><\/a>\n            <\/div>\n<p class=\"member-title\"><b>Autrice<\/b><\/p>\n<p class=\"member-resume\">Emmanuel est un r\u00e9dacteur de contenu financier sp\u00e9cialis\u00e9 dans le trading Forex, d\u2019actions et de crypto. Il est l&rsquo;auteur de la plupart des revues de courtiers que vous trouverez sur BestBrokers.com.<\/p>\n<\/p><\/div>\n<\/p><\/div>\n<\/li>\n<li>\n<div class=\"member-card\">\n<div class=\"member-photo\">\n          <img decoding=\"async\" src=\"\/wp-content\/uploads\/2024\/09\/zornica-stefanova-150x150.jpeg\" alt=\"Profile picture of Zornitsa Stefanova\">\n        <\/div>\n<div class=\"member-info\">\n<div class=\"member-name\">\n              <span>Zornitsa Stefanova<\/span><\/p>\n<p>              <a href=\"https:\/\/www.linkedin.com\/in\/zornica-stefanova-73ab39287\/\" target=\"_blank\" class=\"member-link\" rel=\"noopener\"><i class=\"ico-linkedin\"><\/i><\/a>\n            <\/div>\n<p class=\"member-title\"><b>Autrice<\/b><\/p>\n<p class=\"member-resume\">Zornitsa est une analyste exp\u00e9riment\u00e9e en Forex et en crypto. Elle couvre \u00e9galement divers sujets financiers tels que le trading d&rsquo;actions et les investissements pour la retraite.<\/p>\n<\/p><\/div>\n<\/p><\/div>\n<\/li>\n<li>\n<div class=\"member-card\">\n<div class=\"member-photo\">\n          <img decoding=\"async\" src=\"\/wp-content\/uploads\/2026\/04\/nnazifova.webp\" alt=\"Profile picture of Naylyan Nazifova\">\n        <\/div>\n<div class=\"member-info\">\n<div class=\"member-name\">\n              <span>Naylyan Nazifova<\/span><br \/>\n              <a href=\"https:\/\/www.linkedin.com\/in\/naylian-nazifova-58562a272\/\" target=\"_blank\" class=\"member-link\" rel=\"noopener\"><i class=\"ico-linkedin\"><\/i><\/a>\n            <\/div>\n<p class=\"member-title\"><b>Autrice<\/b><\/p>\n<p class=\"member-resume\">Naylyan est une experte reconnue dans le domaine du trading en ligne. Elle a \u00e0 son actif de nombreuses publications et analyses qui couvrent le trading Forex, l&rsquo;investissement en actions et les finances personnelles.<\/p>\n<\/p><\/div>\n<\/p><\/div>\n<\/li>\n<li>\n<div class=\"member-card\">\n<div class=\"member-photo\">\n          <img decoding=\"async\" src=\"\/wp-content\/uploads\/2022\/03\/rperry-150x150.webp\" alt=\"Profile picture of Richard Perry\">\n        <\/div>\n<div class=\"member-info\">\n<div class=\"member-name\">\n              <span>Richard Perry<\/span><\/p>\n<p>              <a href=\"https:\/\/www.linkedin.com\/in\/richard-perry-5918921b\/\" target=\"_blank\" class=\"member-link\" rel=\"noopener\"><i class=\"ico-linkedin\"><\/i><\/a>\n            <\/div>\n<p class=\"member-title\"><b>Auteur<\/b><\/p>\n<p class=\"member-resume\">Richard est un expert reconnu en analyse technique et en strat\u00e9gie de march\u00e9, avec une grande exp\u00e9rience des march\u00e9s des devises et des actions. Il a cr\u00e9\u00e9 sa propre entreprise de consultant, Perry Market Analysis, qui fournit des analyses et des recherches sur les principaux march\u00e9s, dans des webinaires, des vid\u00e9os et des analyses \u00e9crites.<\/p>\n<\/p><\/div>\n<\/p><\/div>\n<\/li>\n<\/ul>\n<\/section>\n<section class=\"section-team\">\n<h2 id=\"translators\">Nos traducteurs<\/h2>\n<ul class=\"list-team\">\n<li>\n<div class=\"member-card\">\n<div class=\"member-photo\">\n          <img decoding=\"async\" src=\"\/wp-content\/themes\/best-brokers\/assets\/images\/team\/luca-mele.jpg\" alt=\"Profile picture of Luca Mele\">\n        <\/div>\n<div class=\"member-info\">\n<div class=\"member-name\">\n              <span>Luca Mele<\/span><br \/>\n              <a href=\"https:\/\/www.linkedin.com\/in\/luca-mele\/?locale=it_IT\" target=\"_blank\" class=\"member-link\" rel=\"noopener\"><i class=\"ico-linkedin\"><\/i><\/a>\n            <\/div>\n<p class=\"member-title\"><b>Traducteur italien<\/b><\/p>\n<p class=\"member-resume\">Luca est responsable de la traduction de notre contenu en italien.<\/p>\n<\/p><\/div>\n<\/p><\/div>\n<\/li>\n<li>\n<div class=\"member-card\">\n<div class=\"member-photo\">\n          <img decoding=\"async\" src=\"\/wp-content\/themes\/best-brokers\/assets\/images\/team\/estrella-fernandez.jpg\" alt=\"Profile picture of Estrella Fernandez\">\n        <\/div>\n<div class=\"member-info\">\n<div class=\"member-name\">\n              <span>Estrella Fernandez<\/span><br \/>\n              <a href=\"https:\/\/www.linkedin.com\/in\/estrella-fern%C3%A1ndez-gordillo-a54ab483\/?originalSubdomain=es\" target=\"_blank\" class=\"member-link\" rel=\"noopener\"><i class=\"ico-linkedin\"><\/i><\/a>\n            <\/div>\n<p class=\"member-title\"><b>Traductrice espagnole<\/b><\/p>\n<p class=\"member-resume\">Estrella fait partie de l&rsquo;\u00e9quipe de traduction espagnole chez BestBrokers.<\/p>\n<\/p><\/div>\n<\/p><\/div>\n<\/li>\n<li>\n<div class=\"member-card\">\n<div class=\"member-photo\">\n          <img decoding=\"async\" src=\"\/wp-content\/themes\/best-brokers\/assets\/images\/team\/profile-avatar.webp\" alt=\"Profile picture\">\n        <\/div>\n<div class=\"member-info\">\n<div class=\"member-name\">\n              <span>Raimon Moreno<\/span><br \/>\n              <a href=\"https:\/\/www.linkedin.com\/in\/raimon-moreno-ruiz-carrillo\/\" target=\"_blank\" class=\"member-link\" rel=\"noopener\"><i class=\"ico-linkedin\"><\/i><\/a>\n            <\/div>\n<p class=\"member-title\"><b>Traducteur espagnol<\/b><\/p>\n<p class=\"member-resume\">Raimon fait partie de l&rsquo;\u00e9quipe de traduction espagnole chez BestBrokers.<\/p>\n<\/p><\/div>\n<\/p><\/div>\n<\/li>\n<\/ul>\n<\/section>\n<h2 id=\"in-the-media\">Citations de notre travail dans les m\u00e9dias<\/h2>\n\n\t\t<section class=\"section-journalists\">\t<div class=\"module-team\">\n\t\t\t\t<div class=\"team\">\n\t\t\t\t\t<div class=\"team-cards\">\n\t\t\t\t\t\t<div class=\"j-container\">\n\t\t\t\t\t\t\t<div class=\"j-wrapper\">\n\t\n\t\t\t<div class=\"j-slide\">\n\t            <div class=\"card\">\n\t\t            <span class=\"bg\"><\/span>\n\n\t\t            <figure class=\"photo\"><img decoding=\"async\" src=\"https:\/\/www.bestbrokers.com\/wp-content\/themes\/best-brokers\/assets\/images\/resources\/section-journalists\/simon.webp\"\" alt=\"Simon Constable\"><\/figure>\n\n\t\t            <article class=\"text\">\n\t\t\t            <p class=\"name\">Simon Constable<\/p>\n\n\t\t\t            <a class=\"icon-brand\" href=\"https:\/\/www.forbes.com\/sites\/simonconstable\/2023\/08\/31\/new-data-shows-how-scotlands-economic-policies-snuff-out-entrepreneurialism\/\" target=\"_blank\" rel=\"nofollow\" data-index=\"0\"><img decoding=\"async\" src=\"https:\/\/www.bestbrokers.com\/wp-content\/themes\/best-brokers\/assets\/images\/resources\/section-journalists\/forbes-logo.webp\" alt=\"Logo of Forbes\"><i class=\"ico ico--click\"><\/i><\/a>\n\t\t            <\/article>\n\n\t\t\t        <div class=\"social\">\n\t\t\t            <div class=\"icons\">\n\t\t\t            <a class=\"icon\" href=\"https:\/\/www.linkedin.com\/in\/simonconstable\/\" target=\"_blank\" rel=\"nofollow\" data-index=\"2\"><img decoding=\"async\" src=\"https:\/\/www.bestbrokers.com\/wp-content\/themes\/best-brokers\/assets\/images\/resources\/section-journalists\/linkedin.svg\"><\/a>\n\t\t\t            <a class=\"icon\" href=\"https:\/\/x.com\/RealConstable\" target=\"_blank\" rel=\"nofollow\" data-index=\"3\"><img decoding=\"async\" src=\"https:\/\/www.bestbrokers.com\/wp-content\/themes\/best-brokers\/assets\/images\/resources\/section-journalists\/twitter-x.svg\"><\/a>            \n\t\t\t            <\/div>\n\t\t            <\/div>\n\t            <\/div>\n            <\/div>\n\t\t\n\t\t\t<div class=\"j-slide\">\n\t            <div class=\"card\">\n\t\t            <span class=\"bg\"><\/span>\n\n\t\t            <figure class=\"photo\"><img decoding=\"async\" src=\"https:\/\/www.bestbrokers.com\/wp-content\/themes\/best-brokers\/assets\/images\/resources\/section-journalists\/jessica.webp\"\" alt=\"Jessica Dickler\"><\/figure>\n\n\t\t            <article class=\"text\">\n\t\t\t            <p class=\"name\">Jessica Dickler<\/p>\n\n\t\t\t            <a class=\"icon-brand\" href=\"https:\/\/www.cnbc.com\/amp\/2024\/06\/02\/heres-whats-wrong-with-tiktoks-viral-money-hacks.html\" target=\"_blank\" rel=\"nofollow\" data-index=\"0\"><img decoding=\"async\" src=\"https:\/\/www.bestbrokers.com\/wp-content\/themes\/best-brokers\/assets\/images\/resources\/section-journalists\/cbnc-logo.webp\" alt=\"Logo of CNBC\"><i class=\"ico ico--click\"><\/i><\/a>\n\t\t            <\/article>\n\n\t\t\t        <div class=\"social\">\n\t\t\t            <div class=\"icons\">\n\t\t\t            <a class=\"icon\" href=\"https:\/\/www.linkedin.com\/in\/jessicadickler\/\" target=\"_blank\" rel=\"nofollow\" data-index=\"2\"><img decoding=\"async\" src=\"https:\/\/www.bestbrokers.com\/wp-content\/themes\/best-brokers\/assets\/images\/resources\/section-journalists\/linkedin.svg\"><\/a>\n\t\t\t            <a class=\"icon\" href=\"https:\/\/x.com\/jdickler\" target=\"_blank\" rel=\"nofollow\" data-index=\"3\"><img decoding=\"async\" src=\"https:\/\/www.bestbrokers.com\/wp-content\/themes\/best-brokers\/assets\/images\/resources\/section-journalists\/twitter-x.svg\"><\/a>            \n\t\t\t            <\/div>\n\t\t            <\/div>\n\t            <\/div>\n            <\/div>\n\t\t\n\t\t\t<div class=\"j-slide\">\n\t            <div class=\"card\">\n\t\t            <span class=\"bg\"><\/span>\n\n\t\t            <figure class=\"photo\"><img decoding=\"async\" src=\"https:\/\/www.bestbrokers.com\/wp-content\/themes\/best-brokers\/assets\/images\/resources\/section-journalists\/anna.webp\"\" alt=\"Anna Baydakova\"><\/figure>\n\n\t\t            <article class=\"text\">\n\t\t\t            <p class=\"name\">Anna Baydakova<\/p>\n\n\t\t\t            <a class=\"icon-brand\" href=\"https:\/\/www.coindesk.com\/consensus-magazine\/2023\/07\/13\/nexo-in-court-with-a-co-founder-over-12m-in-missing-assets\/\" target=\"_blank\" rel=\"nofollow\" data-index=\"0\"><img decoding=\"async\" src=\"https:\/\/www.bestbrokers.com\/wp-content\/themes\/best-brokers\/assets\/images\/resources\/section-journalists\/coindesk-logo.webp\" alt=\"Logo of Coindesk\"><i class=\"ico ico--click\"><\/i><\/a>\n\t\t            <\/article>\n\n\t\t\t        <div class=\"social\">\n\t\t\t            <div class=\"icons\">\n\t\t\t            <a class=\"icon\" href=\"https:\/\/www.linkedin.com\/in\/anna-baydakova\/\" target=\"_blank\" rel=\"nofollow\" data-index=\"2\"><img decoding=\"async\" src=\"https:\/\/www.bestbrokers.com\/wp-content\/themes\/best-brokers\/assets\/images\/resources\/section-journalists\/linkedin.svg\"><\/a>\n\t\t\t            <a class=\"icon\" href=\"https:\/\/x.com\/baidakova\" target=\"_blank\" rel=\"nofollow\" data-index=\"3\"><img decoding=\"async\" src=\"https:\/\/www.bestbrokers.com\/wp-content\/themes\/best-brokers\/assets\/images\/resources\/section-journalists\/twitter-x.svg\"><\/a>            \n\t\t\t            <\/div>\n\t\t            <\/div>\n\t            <\/div>\n            <\/div>\n\t\t\n\t\t\t<div class=\"j-slide\">\n\t            <div class=\"card\">\n\t\t            <span class=\"bg\"><\/span>\n\n\t\t            <figure class=\"photo\"><img decoding=\"async\" src=\"https:\/\/www.bestbrokers.com\/wp-content\/themes\/best-brokers\/assets\/images\/resources\/section-journalists\/chris.webp\"\" alt=\"Chris Matthews\"><\/figure>\n\n\t\t            <article class=\"text\">\n\t\t\t            <p class=\"name\">Chris Matthews<\/p>\n\n\t\t\t            <a class=\"icon-brand\" href=\"https:\/\/www.dailymail.co.uk\/news\/article-13379119\/Gen-Z-youngsters-rich-quick-hustles-jobs-ambitious-lazy-kids-moan-society-positively.html\" target=\"_blank\" rel=\"nofollow\" data-index=\"0\"><img decoding=\"async\" src=\"https:\/\/www.bestbrokers.com\/wp-content\/themes\/best-brokers\/assets\/images\/resources\/section-journalists\/mailonline-logo.webp\" alt=\"Logo of Daily Mail\"><i class=\"ico ico--click\"><\/i><\/a>\n\t\t            <\/article>\n\n\t\t\t        <div class=\"social\">\n\t\t\t            <div class=\"icons\">\n\t\t\t            <a class=\"icon\" href=\"https:\/\/www.linkedin.com\/in\/chris-matthews\/\" target=\"_blank\" rel=\"nofollow\" data-index=\"2\"><img decoding=\"async\" src=\"https:\/\/www.bestbrokers.com\/wp-content\/themes\/best-brokers\/assets\/images\/resources\/section-journalists\/linkedin.svg\"><\/a>\n\t\t\t            <a class=\"icon\" href=\"https:\/\/x.com\/bychrismatthews\" target=\"_blank\" rel=\"nofollow\" data-index=\"3\"><img decoding=\"async\" src=\"https:\/\/www.bestbrokers.com\/wp-content\/themes\/best-brokers\/assets\/images\/resources\/section-journalists\/twitter-x.svg\"><\/a>            \n\t\t\t            <\/div>\n\t\t            <\/div>\n\t            <\/div>\n            <\/div>\n\t\t\n\t\t\t<div class=\"j-slide\">\n\t            <div class=\"card\">\n\t\t            <span class=\"bg\"><\/span>\n\n\t\t            <figure class=\"photo\"><img decoding=\"async\" src=\"https:\/\/www.bestbrokers.com\/wp-content\/themes\/best-brokers\/assets\/images\/resources\/section-journalists\/kit.webp\"\" alt=\"Kit Eaton\"><\/figure>\n\n\t\t            <article class=\"text\">\n\t\t\t            <p class=\"name\">Kit Eaton<\/p>\n\n\t\t\t            <a class=\"icon-brand\" href=\"https:\/\/www.inc.com\/kit-eaton\/ai-companies-lead-2024-crop-of-new-unicorn-startups.html\" target=\"_blank\" rel=\"nofollow\" data-index=\"0\"><img decoding=\"async\" src=\"https:\/\/www.bestbrokers.com\/wp-content\/themes\/best-brokers\/assets\/images\/resources\/section-journalists\/inc-logo.webp\" alt=\"Logo of INC.com\"><i class=\"ico ico--click\"><\/i><\/a>\n\t\t            <\/article>\n\n\t\t\t        <div class=\"social\">\n\t\t\t            <div class=\"icons\">\n\t\t\t            <a class=\"icon\" href=\"https:\/\/www.linkedin.com\/in\/kit-eaton-26434926\/\" target=\"_blank\" rel=\"nofollow\" data-index=\"2\"><img decoding=\"async\" src=\"https:\/\/www.bestbrokers.com\/wp-content\/themes\/best-brokers\/assets\/images\/resources\/section-journalists\/linkedin.svg\"><\/a>\n\t\t\t            <a class=\"icon\" href=\"https:\/\/x.com\/kiteaton\" target=\"_blank\" rel=\"nofollow\" data-index=\"3\"><img decoding=\"async\" src=\"https:\/\/www.bestbrokers.com\/wp-content\/themes\/best-brokers\/assets\/images\/resources\/section-journalists\/twitter-x.svg\"><\/a>            \n\t\t\t            <\/div>\n\t\t            <\/div>\n\t            <\/div>\n            <\/div>\n\t\t\t\t\t\t\t\t\n\t\t\t\t\t\t\t<\/div>\n\t\t\t\t\t\t<\/div>\n\t\t\t\t\t<\/div>\n\t\t\t\t<\/div>\n\t\t\t<\/div>\n\n\t\t<\/section>\n\t\n<h2 id=\"contact-information\">Informations de contact<\/h2>\n<p>Pour toute question, n&rsquo;h\u00e9sitez pas \u00e0 me contacter par e-mail \u00e0 <strong><a href=\"mailto:info@bestbrokers.com\">info@bestbrokers.com<\/a><\/strong> ou via <a href=\"https:\/\/www.linkedin.com\/in\/miro-nikolov-1946b9141\" rel=\"nofollow noopener noreferrer\" target=\"_blank\">LinkedIn<\/a>.<\/p>\n<div class=\"alert alert-primary\" role=\"alert\">\nBestBrokers.com est exploit\u00e9 par AFF MEDIA Ltd.<br \/>\nAdresse de l&rsquo;entreprise : 15 rue Strahil Voyvoda, Varna 9000, Bulgarie<br \/>\nNum\u00e9ro d&rsquo;enregistrement de l&rsquo;entreprise : 202678029.\n<\/div>\n","protected":false},"excerpt":{"rendered":"<p>Notre mission Mon nom est Miro Nikolov, et je suis le cofondateur de BestBrokers.com. La mission de notre \u00e9quipe est d&rsquo;aider les traders \u00e0 prendre des d\u00e9cisions \u00e9clair\u00e9es lorsqu&rsquo;ils choisissent une plateforme de trading. Tous les courtiers r\u00e9pertori\u00e9s sur BestBrokers sont agr\u00e9\u00e9s dans des juridictions de niveau 1 (l&rsquo;Asic en Australie, la FCA au Royaume-Uni [&hellip;]<\/p>\n","protected":false},"author":2,"featured_media":0,"parent":0,"menu_order":0,"comment_status":"closed","ping_status":"closed","template":"templates\/full-width.php","meta":{"footnotes":""},"class_list":["post-12124","page","type-page","status-publish","hentry"],"aioseo_notices":[],"_links":{"self":[{"href":"https:\/\/www.bestbrokers.com\/fr\/wp-json\/wp\/v2\/pages\/12124","targetHints":{"allow":["GET"]}}],"collection":[{"href":"https:\/\/www.bestbrokers.com\/fr\/wp-json\/wp\/v2\/pages"}],"about":[{"href":"https:\/\/www.bestbrokers.com\/fr\/wp-json\/wp\/v2\/types\/page"}],"author":[{"embeddable":true,"href":"https:\/\/www.bestbrokers.com\/fr\/wp-json\/wp\/v2\/users\/2"}],"replies":[{"embeddable":true,"href":"https:\/\/www.bestbrokers.com\/fr\/wp-json\/wp\/v2\/comments?post=12124"}],"version-history":[{"count":9,"href":"https:\/\/www.bestbrokers.com\/fr\/wp-json\/wp\/v2\/pages\/12124\/revisions"}],"predecessor-version":[{"id":49365,"href":"https:\/\/www.bestbrokers.com\/fr\/wp-json\/wp\/v2\/pages\/12124\/revisions\/49365"}],"wp:attachment":[{"href":"https:\/\/www.bestbrokers.com\/fr\/wp-json\/wp\/v2\/media?parent=12124"}],"curies":[{"name":"wp","href":"https:\/\/api.w.org\/{rel}","templated":true}]}}