{"id":12131,"date":"2024-08-26T06:57:23","date_gmt":"2024-08-26T06:57:23","guid":{"rendered":"https:\/\/www.bestbrokers.com\/?page_id=12131"},"modified":"2026-01-16T12:54:01","modified_gmt":"2026-01-16T12:54:01","slug":"contact-us","status":"publish","type":"page","link":"https:\/\/www.bestbrokers.com\/fr\/contact-us\/","title":{"rendered":"Contactez-nous"},"content":{"rendered":"<p>BestBrokers propose des avis d&rsquo;experts fiables et r\u00e9dig\u00e9s avec soin sur les courtiers qui proposent du trading sur les devises et les actions, ainsi que des informations actualis\u00e9es et utiles li\u00e9es au secteur du trading, et notamment des statistiques et des rapports. Les informations fournies sur <a href=\"https:\/\/www.bestbrokers.com\/fr\/\">BestBrokers<\/a> sont cr\u00e9\u00e9es en tenant compte des traders, de leurs probl\u00e8mes, de leur besoin de connaissances, de transparence, et de leur capacit\u00e9 \u00e0 prendre la bonne d\u00e9cision financi\u00e8re lors du choix d&rsquo;une plateforme de trading.<\/p>\n<p>Vous pouvez nous contacter par e-mail \u00e0 l&rsquo;adresse <strong>info@bestbrokers.com<\/strong> ou en utilisant le formulaire de contact ci-dessous.<\/p>\n<p>Adresse du bureau en Bulgarie : Varna Center, Odesos, ul. \u201cStrahil voyvoda\u201d 15, 9000 Varna<br \/>\nAdresse du bureau au Royaume-Uni : 25 Cabot Square, Londres E14 4QZ, Royaume-Uni<br \/>\nAdresse du bureau aux \u00c9tats-Unis : 6127 S University Ave, Chicago, IL 60637, \u00c9tats-Unis<\/p>\n<p class=\"text-center\">N&rsquo;h\u00e9sitez pas \u00e0 nous contacter !<\/p>\n<div class=\"text-center\">\n<div class=\"wpcf7 no-js\" id=\"wpcf7-f20757-o1\" lang=\"fr-FR\" dir=\"ltr\" data-wpcf7-id=\"20757\">\n<div class=\"screen-reader-response\"><p role=\"status\" aria-live=\"polite\" aria-atomic=\"true\"><\/p> <ul><\/ul><\/div>\n<form action=\"\/fr\/wp-json\/wp\/v2\/pages\/12131#wpcf7-f20757-o1\" method=\"post\" class=\"wpcf7-form init\" aria-label=\"Formulaire de contact\" novalidate=\"novalidate\" data-status=\"init\">\n<fieldset class=\"hidden-fields-container\"><input type=\"hidden\" name=\"_wpcf7\" value=\"20757\" \/><input type=\"hidden\" name=\"_wpcf7_version\" value=\"6.1.4\" \/><input type=\"hidden\" name=\"_wpcf7_locale\" value=\"fr_FR\" \/><input type=\"hidden\" name=\"_wpcf7_unit_tag\" value=\"wpcf7-f20757-o1\" \/><input type=\"hidden\" name=\"_wpcf7_container_post\" value=\"0\" \/><input type=\"hidden\" name=\"_wpcf7_posted_data_hash\" value=\"\" \/>\n<\/fieldset>\n<p><label> Votre nom<br \/>\n<span class=\"wpcf7-form-control-wrap\" data-name=\"your-name\"><input size=\"40\" maxlength=\"400\" class=\"wpcf7-form-control wpcf7-text wpcf7-validates-as-required\" aria-required=\"true\" aria-invalid=\"false\" value=\"\" type=\"text\" name=\"your-name\" \/><\/span> <\/label>\n<\/p>\n<p><label> Votre e-mail<br \/>\n<span class=\"wpcf7-form-control-wrap\" data-name=\"your-email\"><input size=\"40\" maxlength=\"400\" class=\"wpcf7-form-control wpcf7-email wpcf7-validates-as-required wpcf7-text wpcf7-validates-as-email\" aria-required=\"true\" aria-invalid=\"false\" value=\"\" type=\"email\" name=\"your-email\" \/><\/span> <\/label>\n<\/p>\n<p><label> Sujet<br \/>\n<span class=\"wpcf7-form-control-wrap\" data-name=\"your-subject\"><input size=\"40\" maxlength=\"400\" class=\"wpcf7-form-control wpcf7-text wpcf7-validates-as-required\" aria-required=\"true\" aria-invalid=\"false\" value=\"\" type=\"text\" name=\"your-subject\" \/><\/span> <\/label>\n<\/p>\n<p><label> Votre message (optionnel)<br \/>\n<span class=\"wpcf7-form-control-wrap\" data-name=\"your-message\"><textarea cols=\"40\" rows=\"10\" maxlength=\"2000\" class=\"wpcf7-form-control wpcf7-textarea\" aria-invalid=\"false\" name=\"your-message\"><\/textarea><\/span> <\/label>\n<\/p>\n<p><input type=\"hidden\" name=\"_wpcf7_captcha_challenge_your-captcha-fr\" value=\"1094243217\" \/><img decoding=\"async\" class=\"wpcf7-form-control wpcf7-captchac wpcf7-captcha-your-captcha-fr\" width=\"72\" height=\"24\" alt=\"captcha\" src=\"https:\/\/www.bestbrokers.com\/wp-content\/uploads\/wpcf7_captcha\/1094243217.png\" \/><br \/>\n<span class=\"wpcf7-form-control-wrap\" data-name=\"your-captcha-fr\"><input size=\"40\" class=\"wpcf7-form-control wpcf7-captchar\" autocomplete=\"off\" aria-invalid=\"false\" value=\"\" type=\"text\" name=\"your-captcha-fr\" \/><\/span>\n<\/p>\n<p><input class=\"wpcf7-form-control wpcf7-submit has-spinner\" type=\"submit\" value=\"Envoyer\" \/>\n<\/p><div class=\"wpcf7-response-output\" aria-hidden=\"true\"><\/div>\n<\/form>\n<\/div>\n<\/div>\n","protected":false},"excerpt":{"rendered":"<p>BestBrokers propose des avis d&rsquo;experts fiables et r\u00e9dig\u00e9s avec soin sur les courtiers qui proposent du trading sur les devises et les actions, ainsi que des informations actualis\u00e9es et utiles li\u00e9es au secteur du trading, et notamment des statistiques et des rapports. Les informations fournies sur BestBrokers sont cr\u00e9\u00e9es en tenant compte des traders, de [&hellip;]<\/p>\n","protected":false},"author":2,"featured_media":0,"parent":0,"menu_order":0,"comment_status":"closed","ping_status":"closed","template":"templates\/full-width.php","meta":{"footnotes":""},"class_list":["post-12131","page","type-page","status-publish","hentry"],"aioseo_notices":[],"_links":{"self":[{"href":"https:\/\/www.bestbrokers.com\/fr\/wp-json\/wp\/v2\/pages\/12131","targetHints":{"allow":["GET"]}}],"collection":[{"href":"https:\/\/www.bestbrokers.com\/fr\/wp-json\/wp\/v2\/pages"}],"about":[{"href":"https:\/\/www.bestbrokers.com\/fr\/wp-json\/wp\/v2\/types\/page"}],"author":[{"embeddable":true,"href":"https:\/\/www.bestbrokers.com\/fr\/wp-json\/wp\/v2\/users\/2"}],"replies":[{"embeddable":true,"href":"https:\/\/www.bestbrokers.com\/fr\/wp-json\/wp\/v2\/comments?post=12131"}],"version-history":[{"count":10,"href":"https:\/\/www.bestbrokers.com\/fr\/wp-json\/wp\/v2\/pages\/12131\/revisions"}],"predecessor-version":[{"id":79327,"href":"https:\/\/www.bestbrokers.com\/fr\/wp-json\/wp\/v2\/pages\/12131\/revisions\/79327"}],"wp:attachment":[{"href":"https:\/\/www.bestbrokers.com\/fr\/wp-json\/wp\/v2\/media?parent=12131"}],"curies":[{"name":"wp","href":"https:\/\/api.w.org\/{rel}","templated":true}]}}