{"id":12238,"date":"2024-08-26T07:17:36","date_gmt":"2024-08-26T07:17:36","guid":{"rendered":"https:\/\/www.bestbrokers.com\/?page_id=12238"},"modified":"2024-11-25T12:28:01","modified_gmt":"2024-11-25T12:28:01","slug":"reviews","status":"publish","type":"page","link":"https:\/\/www.bestbrokers.com\/fr\/reviews\/","title":{"rendered":"Avis sur les meilleures courtiers et les plateformes de trading"},"content":{"rendered":"<h2>Trouvez les meilleurs courtiers pour investir vos fonds<\/h2>\n<p>Nos revues et avis couvrent les informations les plus importantes pour chaque courtier, y compris les spreads, les services bancaires et la r\u00e9glementation. Tous les avis sont r\u00e9dig\u00e9s par des traders professionnels et visent \u00e0 fournir des informations concr\u00e8tes tant aux traders novices qu&rsquo;aux traders exp\u00e9riment\u00e9s.<\/p>\n<div class=\"clearfix\"><\/div><div class=\"row list--brokers\"><div class=\"col-12 col-sm-6 col-md-4 col-lg-3 mb-3 item-wrapper\"><div class=\"col-12 item\"><a href=\"https:\/\/www.bestbrokers.com\/fr\/reviews\/oanda\/\"><ul class=\"list list--stars four\"><li><span class=\"star\"><\/span><\/li><li><span class=\"star\"><\/span><\/li><li><span class=\"star\"><\/span><\/li><li><span class=\"star\"><\/span><\/li><li><span class=\"star\"><\/span><\/li><\/ul><img decoding=\"async\" src=\"https:\/\/www.bestbrokers.com\/wp-content\/uploads\/2021\/05\/oanda-review-logo.svg\" \/><span class=\"item-btn\">OANDA Avis<\/span><\/a><\/div><\/div><div class=\"col-12 col-sm-6 col-md-4 col-lg-3 mb-3 item-wrapper\"><div class=\"col-12 item\"><a href=\"https:\/\/www.bestbrokers.com\/fr\/reviews\/xm\/\"><ul class=\"list list--stars four\"><li><span class=\"star\"><\/span><\/li><li><span class=\"star\"><\/span><\/li><li><span class=\"star\"><\/span><\/li><li><span class=\"star\"><\/span><\/li><li><span class=\"star\"><\/span><\/li><\/ul><img decoding=\"async\" src=\"https:\/\/www.bestbrokers.com\/wp-content\/uploads\/2024\/08\/xm-logo.webp\" \/><span class=\"item-btn\">XM Avis<\/span><\/a><\/div><\/div><div class=\"col-12 col-sm-6 col-md-4 col-lg-3 mb-3 item-wrapper\"><div class=\"col-12 item\"><a href=\"https:\/\/www.bestbrokers.com\/fr\/reviews\/fusion-markets\/\"><ul class=\"list list--stars four-half\"><li><span class=\"star\"><\/span><\/li><li><span class=\"star\"><\/span><\/li><li><span class=\"star\"><\/span><\/li><li><span class=\"star\"><\/span><\/li><li><span class=\"star\"><\/span><\/li><\/ul><img decoding=\"async\" src=\"https:\/\/www.bestbrokers.com\/wp-content\/uploads\/2024\/08\/fusion-markets-logo-white.webp\" \/><span class=\"item-btn\">Fusion Markets Avis<\/span><\/a><\/div><\/div><div class=\"col-12 col-sm-6 col-md-4 col-lg-3 mb-3 item-wrapper\"><div class=\"col-12 item\"><a href=\"https:\/\/www.bestbrokers.com\/fr\/reviews\/fp-markets\/\"><ul class=\"list list--stars four\"><li><span class=\"star\"><\/span><\/li><li><span class=\"star\"><\/span><\/li><li><span class=\"star\"><\/span><\/li><li><span class=\"star\"><\/span><\/li><li><span class=\"star\"><\/span><\/li><\/ul><img decoding=\"async\" src=\"https:\/\/www.bestbrokers.com\/wp-content\/uploads\/2021\/09\/fp-markets-logo.webp\" \/><span class=\"item-btn\">FP Markets Avis<\/span><\/a><\/div><\/div><div class=\"col-12 col-sm-6 col-md-4 col-lg-3 mb-3 item-wrapper\"><div class=\"col-12 item\"><a href=\"https:\/\/www.bestbrokers.com\/fr\/reviews\/etoro\/\"><ul class=\"list list--stars three\"><li><span class=\"star\"><\/span><\/li><li><span class=\"star\"><\/span><\/li><li><span class=\"star\"><\/span><\/li><li><span class=\"star\"><\/span><\/li><li><span class=\"star\"><\/span><\/li><\/ul><img decoding=\"async\" src=\"https:\/\/www.bestbrokers.com\/wp-content\/uploads\/2021\/09\/etoro-logo.webp\" \/><span class=\"item-btn\">eToro Avis<\/span><\/a><\/div><\/div><div class=\"col-12 col-sm-6 col-md-4 col-lg-3 mb-3 item-wrapper\"><div class=\"col-12 item\"><a href=\"https:\/\/www.bestbrokers.com\/fr\/reviews\/avatrade\/\"><ul class=\"list list--stars four\"><li><span class=\"star\"><\/span><\/li><li><span class=\"star\"><\/span><\/li><li><span class=\"star\"><\/span><\/li><li><span class=\"star\"><\/span><\/li><li><span class=\"star\"><\/span><\/li><\/ul><img decoding=\"async\" src=\"https:\/\/www.bestbrokers.com\/wp-content\/uploads\/2024\/08\/avatrade-logo.webp\" \/><span class=\"item-btn\">AvaTrade Avis<\/span><\/a><\/div><\/div><div class=\"col-12 col-sm-6 col-md-4 col-lg-3 mb-3 item-wrapper\"><div class=\"col-12 item\"><a href=\"https:\/\/www.bestbrokers.com\/fr\/reviews\/fpm-trading\/\"><ul class=\"list list--stars four\"><li><span class=\"star\"><\/span><\/li><li><span class=\"star\"><\/span><\/li><li><span class=\"star\"><\/span><\/li><li><span class=\"star\"><\/span><\/li><li><span class=\"star\"><\/span><\/li><\/ul><img decoding=\"async\" src=\"https:\/\/www.bestbrokers.com\/wp-content\/uploads\/2025\/11\/fpm-trading-logo.webp\" \/><span class=\"item-btn\">FPM Trading Avis<\/span><\/a><\/div><\/div><div class=\"col-12 col-sm-6 col-md-4 col-lg-3 mb-3 item-wrapper\"><div class=\"col-12 item\"><a href=\"https:\/\/www.bestbrokers.com\/fr\/reviews\/activtrades\/\"><ul class=\"list list--stars four-half\"><li><span class=\"star\"><\/span><\/li><li><span class=\"star\"><\/span><\/li><li><span class=\"star\"><\/span><\/li><li><span class=\"star\"><\/span><\/li><li><span class=\"star\"><\/span><\/li><\/ul><img decoding=\"async\" src=\"https:\/\/www.bestbrokers.com\/wp-content\/uploads\/2024\/05\/activtrades-logo.webp\" \/><span class=\"item-btn\">ActivTrades Avis<\/span><\/a><\/div><\/div><div class=\"col-12 col-sm-6 col-md-4 col-lg-3 mb-3 item-wrapper\"><div class=\"col-12 item\"><a href=\"https:\/\/www.bestbrokers.com\/fr\/reviews\/cmc-markets\/\"><ul class=\"list list--stars three-half\"><li><span class=\"star\"><\/span><\/li><li><span class=\"star\"><\/span><\/li><li><span class=\"star\"><\/span><\/li><li><span class=\"star\"><\/span><\/li><li><span class=\"star\"><\/span><\/li><\/ul><img decoding=\"async\" src=\"https:\/\/www.bestbrokers.com\/wp-content\/uploads\/2021\/10\/cmc-markets-copy.webp\" \/><span class=\"item-btn\">CMC Markets Avis<\/span><\/a><\/div><\/div><div class=\"col-12 col-sm-6 col-md-4 col-lg-3 mb-3 item-wrapper\"><div class=\"col-12 item\"><a href=\"https:\/\/www.bestbrokers.com\/fr\/reviews\/fxpro\/\"><ul class=\"list list--stars four-half\"><li><span class=\"star\"><\/span><\/li><li><span class=\"star\"><\/span><\/li><li><span class=\"star\"><\/span><\/li><li><span class=\"star\"><\/span><\/li><li><span class=\"star\"><\/span><\/li><\/ul><img decoding=\"async\" src=\"https:\/\/www.bestbrokers.com\/wp-content\/uploads\/2021\/12\/fxpro-logo.png\" \/><span class=\"item-btn\">FxPro Avis<\/span><\/a><\/div><\/div><div class=\"col-12 col-sm-6 col-md-4 col-lg-3 mb-3 item-wrapper\"><div class=\"col-12 item\"><a href=\"https:\/\/www.bestbrokers.com\/fr\/reviews\/fxtm\/\"><ul class=\"list list--stars four-half\"><li><span class=\"star\"><\/span><\/li><li><span class=\"star\"><\/span><\/li><li><span class=\"star\"><\/span><\/li><li><span class=\"star\"><\/span><\/li><li><span class=\"star\"><\/span><\/li><\/ul><img decoding=\"async\" src=\"https:\/\/www.bestbrokers.com\/wp-content\/uploads\/2021\/12\/fxtm-logo.png\" \/><span class=\"item-btn\">FXTM Avis<\/span><\/a><\/div><\/div><div class=\"col-12 col-sm-6 col-md-4 col-lg-3 mb-3 item-wrapper\"><div class=\"col-12 item\"><a href=\"https:\/\/www.bestbrokers.com\/fr\/reviews\/admiral-markets\/\"><ul class=\"list list--stars four\"><li><span class=\"star\"><\/span><\/li><li><span class=\"star\"><\/span><\/li><li><span class=\"star\"><\/span><\/li><li><span class=\"star\"><\/span><\/li><li><span class=\"star\"><\/span><\/li><\/ul><img decoding=\"async\" src=\"https:\/\/www.bestbrokers.com\/wp-content\/uploads\/2022\/01\/admiral-broker-logo.webp\" \/><span class=\"item-btn\">Admiral Markets Avis<\/span><\/a><\/div><\/div><div class=\"col-12 col-sm-6 col-md-4 col-lg-3 mb-3 item-wrapper\"><div class=\"col-12 item\"><a href=\"https:\/\/www.bestbrokers.com\/fr\/reviews\/ig\/\"><ul class=\"list list--stars four-half\"><li><span class=\"star\"><\/span><\/li><li><span class=\"star\"><\/span><\/li><li><span class=\"star\"><\/span><\/li><li><span class=\"star\"><\/span><\/li><li><span class=\"star\"><\/span><\/li><\/ul><img decoding=\"async\" src=\"https:\/\/www.bestbrokers.com\/wp-content\/uploads\/2026\/01\/ig-review-logo.webp\" \/><span class=\"item-btn\">IG Avis<\/span><\/a><\/div><\/div><div class=\"col-12 col-sm-6 col-md-4 col-lg-3 mb-3 item-wrapper\"><div class=\"col-12 item\"><a href=\"https:\/\/www.bestbrokers.com\/fr\/reviews\/pepperstone\/\"><ul class=\"list list--stars four-half\"><li><span class=\"star\"><\/span><\/li><li><span class=\"star\"><\/span><\/li><li><span class=\"star\"><\/span><\/li><li><span class=\"star\"><\/span><\/li><li><span class=\"star\"><\/span><\/li><\/ul><img decoding=\"async\" src=\"https:\/\/www.bestbrokers.com\/wp-content\/uploads\/2021\/09\/pepperstone-logo.webp\" \/><span class=\"item-btn\">Pepperstone Avis<\/span><\/a><\/div><\/div><div class=\"col-12 col-sm-6 col-md-4 col-lg-3 mb-3 item-wrapper\"><div class=\"col-12 item\"><a href=\"https:\/\/www.bestbrokers.com\/fr\/reviews\/swissquote\/\"><ul class=\"list list--stars four-half\"><li><span class=\"star\"><\/span><\/li><li><span class=\"star\"><\/span><\/li><li><span class=\"star\"><\/span><\/li><li><span class=\"star\"><\/span><\/li><li><span class=\"star\"><\/span><\/li><\/ul><img decoding=\"async\" src=\"https:\/\/www.bestbrokers.com\/wp-content\/uploads\/2022\/01\/Swissquote-logo.png\" \/><span class=\"item-btn\">Swissquote Avis<\/span><\/a><\/div><\/div><div class=\"col-12 col-sm-6 col-md-4 col-lg-3 mb-3 item-wrapper\"><div class=\"col-12 item\"><a href=\"https:\/\/www.bestbrokers.com\/fr\/reviews\/xtb\/\"><ul class=\"list list--stars four-half\"><li><span class=\"star\"><\/span><\/li><li><span class=\"star\"><\/span><\/li><li><span class=\"star\"><\/span><\/li><li><span class=\"star\"><\/span><\/li><li><span class=\"star\"><\/span><\/li><\/ul><img decoding=\"async\" src=\"https:\/\/www.bestbrokers.com\/wp-content\/uploads\/2022\/01\/xtb-logo-1.webp\" \/><span class=\"item-btn\">XTB Avis<\/span><\/a><\/div><\/div><div class=\"col-12 col-sm-6 col-md-4 col-lg-3 mb-3 item-wrapper\"><div class=\"col-12 item\"><a href=\"https:\/\/www.bestbrokers.com\/fr\/reviews\/blackbull-markets\/\"><ul class=\"list list--stars four\"><li><span class=\"star\"><\/span><\/li><li><span class=\"star\"><\/span><\/li><li><span class=\"star\"><\/span><\/li><li><span class=\"star\"><\/span><\/li><li><span class=\"star\"><\/span><\/li><\/ul><img decoding=\"async\" src=\"https:\/\/www.bestbrokers.com\/wp-content\/uploads\/2025\/09\/blackbull-logo.webp\" \/><span class=\"item-btn\">BlackBull Markets Avis<\/span><\/a><\/div><\/div><div class=\"col-12 col-sm-6 col-md-4 col-lg-3 mb-3 item-wrapper\"><div class=\"col-12 item\"><a href=\"https:\/\/www.bestbrokers.com\/fr\/reviews\/global-prime\/\"><ul class=\"list list--stars four-half\"><li><span class=\"star\"><\/span><\/li><li><span class=\"star\"><\/span><\/li><li><span class=\"star\"><\/span><\/li><li><span class=\"star\"><\/span><\/li><li><span class=\"star\"><\/span><\/li><\/ul><img decoding=\"async\" src=\"https:\/\/www.bestbrokers.com\/wp-content\/uploads\/2022\/01\/global-prime-logo.webp\" \/><span class=\"item-btn\">Global Prime Avis<\/span><\/a><\/div><\/div><div class=\"col-12 col-sm-6 col-md-4 col-lg-3 mb-3 item-wrapper\"><div class=\"col-12 item\"><a href=\"https:\/\/www.bestbrokers.com\/fr\/reviews\/vantage-fx\/\"><ul class=\"list list--stars four\"><li><span class=\"star\"><\/span><\/li><li><span class=\"star\"><\/span><\/li><li><span class=\"star\"><\/span><\/li><li><span class=\"star\"><\/span><\/li><li><span class=\"star\"><\/span><\/li><\/ul><img decoding=\"async\" src=\"https:\/\/www.bestbrokers.com\/wp-content\/uploads\/2026\/02\/vantage-markets-logo-white.webp\" \/><span class=\"item-btn\">Vantage Markets Avis<\/span><\/a><\/div><\/div><div class=\"col-12 col-sm-6 col-md-4 col-lg-3 mb-3 item-wrapper\"><div class=\"col-12 item\"><a href=\"https:\/\/www.bestbrokers.com\/fr\/reviews\/ic-markets\/\"><ul class=\"list list--stars four\"><li><span class=\"star\"><\/span><\/li><li><span class=\"star\"><\/span><\/li><li><span class=\"star\"><\/span><\/li><li><span class=\"star\"><\/span><\/li><li><span class=\"star\"><\/span><\/li><\/ul><img decoding=\"async\" src=\"https:\/\/www.bestbrokers.com\/wp-content\/uploads\/2021\/08\/ic-markets-logo.webp\" \/><span class=\"item-btn\">IC Markets Avis<\/span><\/a><\/div><\/div><div class=\"col-12 col-sm-6 col-md-4 col-lg-3 mb-3 item-wrapper\"><div class=\"col-12 item\"><a href=\"https:\/\/www.bestbrokers.com\/fr\/reviews\/axi\/\"><ul class=\"list list--stars four\"><li><span class=\"star\"><\/span><\/li><li><span class=\"star\"><\/span><\/li><li><span class=\"star\"><\/span><\/li><li><span class=\"star\"><\/span><\/li><li><span class=\"star\"><\/span><\/li><\/ul><img decoding=\"async\" src=\"https:\/\/www.bestbrokers.com\/wp-content\/uploads\/2021\/09\/axi-logo.webp\" \/><span class=\"item-btn\">Axi Avis<\/span><\/a><\/div><\/div><\/div><div class=\"clearfix\"><\/div>\n<h2>Facteurs pris en compte lors de l\u2019\u00e9valuation des courtiers<\/h2>\n<p>Notre \u00e9quipe d&rsquo;experts examine soigneusement chaque courtier pr\u00e9sent\u00e9 sur notre site, en accordant une attention particuli\u00e8re \u00e0 tous les d\u00e9tails relatifs \u00e0 l&rsquo;exp\u00e9rience des clients. Ci-dessous, vous pouvez voir les \u00e9l\u00e9ments que nous nous assurons d&rsquo;examiner dans chaque revue de courtier sur notre site.<\/p>\n<hr style=\"height: 2px;border-width: 0;color: #dee2e6;background-color: #dee2e6;clear: both\" \/>\n<h3 style=\"text-align: center\">Informations g\u00e9n\u00e9rales sur la soci\u00e9t\u00e9<\/h3>\n<p><img decoding=\"async\" class=\"alignleft\" src=\"https:\/\/www.bestbrokers.com\/wp-content\/uploads\/2021\/07\/newsflow.svg\" alt=\"Informations G\u00e9n\u00e9rales sur l'Entreprise\" width=\"80\" \/>Faire une v\u00e9rification approfondie des ant\u00e9c\u00e9dents est un \u00e9l\u00e9ment cl\u00e9 des recherches que tout trader avis\u00e9 se doit de faire sur les courtiers. Nous nous assurons de fournir tous les d\u00e9tails importants sur les entit\u00e9s examin\u00e9es sur notre site, couvrant des informations telles que la date de cr\u00e9ation de l&rsquo;entreprise, son si\u00e8ge, son domaine d&rsquo;activit\u00e9 et son bref historique.<\/p>\n<hr style=\"height: 2px;border-width: 0;color: #dee2e6;background-color: #dee2e6;clear: both\" \/>\n<h3 style=\"text-align: center\">R\u00e9gulation<\/h3>\n<p><img decoding=\"async\" class=\"alignleft\" src=\"https:\/\/www.bestbrokers.com\/wp-content\/uploads\/2021\/10\/regulations.svg\" alt=\"R\u00e9gulation\" width=\"80\" \/>Lors du choix d&rsquo;un courtier Forex, les traders doivent \u00eatre certains qu&rsquo;ils n\u00e9gocieront avec un courtier fiable, r\u00e9glement\u00e9 par des autorit\u00e9s de premier plan. Nous fournissons toujours des informations d\u00e9taill\u00e9es sur les organisations r\u00e9glementant les services d&rsquo;un courtier, en fournissant des num\u00e9ros de licence facilement v\u00e9rifiables par nos lecteurs. Vous pouvez \u00e9galement consulter notre section o\u00f9 nous avons examin\u00e9 les r\u00e9gulateurs de premier niveau comme <a href=\"https:\/\/www.bestbrokers.com\/fr\/forex-brokers\/cysec-regulated-forex-brokers\/\">CySEC (Chypre)<\/a>, <a href=\"https:\/\/www.bestbrokers.com\/fr\/forex-brokers\/fca-regulated-forex-brokers\/\">FCA (Royaume-Uni)<\/a>, <a href=\"https:\/\/www.bestbrokers.com\/fr\/forex-brokers\/asic-regulated-forex-brokers\/\">ASIC (Australie)<\/a> et plus encore.<\/p>\n<hr style=\"height: 2px;border-width: 0;color: #dee2e6;background-color: #dee2e6;clear: both\" \/>\n<h3 style=\"text-align: center\">Co\u00fbts de trading<\/h3>\n<p><img decoding=\"async\" class=\"alignleft\" src=\"https:\/\/www.bestbrokers.com\/wp-content\/uploads\/2021\/07\/outlook-of-interest-rates.svg\" alt=\"Co\u00fbt du Trading\" width=\"80\" \/>Un facteur cl\u00e9 que tout trader doit consid\u00e9rer avant d&rsquo;ouvrir un compte chez un courtier de d\u00e9tail est le co\u00fbt du trading appliqu\u00e9 par la soci\u00e9t\u00e9 de courtage. Nous nous assurons de couvrir les spreads les plus r\u00e9cents sur les principales paires de devises et de comparer les prix entre diff\u00e9rents types de comptes propos\u00e9s par les courtiers Forex que nous examinons. Nous comparons \u00e9galement les spreads sur les principales paires de devises entre plusieurs concurrents de chaque courtier que nous avons examin\u00e9, ce qui vous donne une id\u00e9e pr\u00e9cise des courtiers qui proposent les spreads les plus serr\u00e9s.<\/p>\n<p>Les commissions sont \u00e9galement un type de frais que les courtiers peuvent facturer aux traders Forex pour ex\u00e9cuter leurs ordres. Alors que de nombreux courtiers ne factureront pas de commission sur les transactions Forex effectu\u00e9es avec un compte standard, il est probable que vous paierez une petite charge si vous utilisez un compte raw avec des spreads plus faibles. Pour faciliter votre d\u00e9cision, nous avons \u00e9galement pass\u00e9s en revue plusieurs <a href=\"https:\/\/www.bestbrokers.com\/fr\/forex-brokers\/best-low-cost-forex-brokers\/\">courtiers Forex de premier plan qui disposent des co\u00fbts de trading les plus bas<\/a>. Nos experts veillent \u00e9galement \u00e0 couvrir tous les frais suppl\u00e9mentaires tels que les frais de swap, les frais de d\u00e9p\u00f4t\/retrait, les frais d&rsquo;inactivit\u00e9, etc.<\/p>\n<hr style=\"height: 2px;border-width: 0;color: #dee2e6;background-color: #dee2e6;clear: both\" \/>\n<h3 style=\"text-align: center\">Ouverture de compte<\/h3>\n<p><img decoding=\"async\" class=\"alignleft\" src=\"https:\/\/www.bestbrokers.com\/wp-content\/uploads\/2021\/07\/set-up-an-account.svg\" alt=\"Ouverture de Compte\" width=\"80\" \/>Pour vous aider \u00e0 d\u00e9marrer votre parcours avec l&rsquo;un des courtiers Forex que nous avons examin\u00e9s, nous nous assurons de pr\u00e9senter en d\u00e9tail le processus d&rsquo;ouverture de compte. Nous vous guiderons \u00e0 travers toutes les \u00e9tapes n\u00e9cessaires pour ouvrir votre compte de trading, en portant une attention particuli\u00e8re au processus Know Your Customer (KYC), requis par la plupart des courtiers r\u00e9glement\u00e9s.<\/p>\n<p>Nos \u00e9valuations de courtiers comparent les diff\u00e9rents types de comptes que vous pouvez ouvrir avec un courtier, en couvrant leurs spreads, commissions, plateformes support\u00e9es et fonctionnalit\u00e9s sp\u00e9cifiques. Nous fournissons \u00e9galement des informations sur les <a href=\"https:\/\/www.bestbrokers.com\/fr\/forex-brokers\/best-forex-brokers-with-demo-accounts\/\">comptes d\u00e9mo<\/a>, g\u00e9n\u00e9ralement disponibles chez tout courtier Forex r\u00e9put\u00e9.<\/p>\n<hr style=\"height: 2px;border-width: 0;color: #dee2e6;background-color: #dee2e6;clear: both\" \/>\n<h3 style=\"text-align: center\">March\u00e9s et plateformes pris en charge<\/h3>\n<p><img decoding=\"async\" class=\"alignleft\" src=\"https:\/\/www.bestbrokers.com\/wp-content\/uploads\/2021\/10\/desktop-wallets.svg\" alt=\"March\u00e9s et Plateformes Support\u00e9s\" width=\"80\" \/>Nos \u00e9valuations fourniront des informations d\u00e9taill\u00e9es sur le Forex et les autres march\u00e9s auxquels vous donneront acc\u00e8s les courtiers de d\u00e9tail pr\u00e9sent\u00e9s sur notre site web. Le co\u00fbt du trading, les paires de devises propos\u00e9es et les moyens de n\u00e9gocier diff\u00e9rents instruments sont des points que nous nous assurons de couvrir dans toutes nos \u00e9valuations. Les plateformes de trading prises en charge comme <a href=\"https:\/\/www.bestbrokers.com\/fr\/forex-brokers\/metatrader-4-forex-brokers\/\">MT4<\/a>, <a href=\"https:\/\/www.bestbrokers.com\/fr\/forex-brokers\/metatrader-5-forex-brokers\/\">MT5<\/a>, <a href=\"https:\/\/www.bestbrokers.com\/fr\/forex-brokers\/ctrader-forex-brokers\/\">cTrader<\/a>, ou d&rsquo;autres, sont \u00e9galement des \u00e9l\u00e9ments cl\u00e9s sur lesquels nous nous concentrons, permettant \u00e0 nos lecteurs de savoir \u00e0 quelles plateformes ils peuvent acc\u00e9der pendant leur s\u00e9ance Forex avec un courtier.<\/p>\n<hr style=\"height: 2px;border-width: 0;color: #dee2e6;background-color: #dee2e6;clear: both\" \/>\n<h3 style=\"text-align: center\">M\u00e9thodes de paiement prises en charge<\/h3>\n<p><img decoding=\"async\" class=\"alignleft\" src=\"https:\/\/www.bestbrokers.com\/wp-content\/uploads\/2021\/11\/a-store-of-wealth.svg\" alt=\"M\u00e9thodes de Paiement Support\u00e9es\" width=\"80\" \/>Puisque le financement est un processus cl\u00e9 de votre exp\u00e9rience de trading, nous fournissons \u00e9galement des informations sur les diff\u00e9rentes solutions de paiement disponibles avec chaque courtier Forex que nous avons examin\u00e9. Il est important de garder \u00e0 l&rsquo;esprit que certaines options que nous avons list\u00e9es peuvent ne pas \u00eatre disponibles pour vous en raison de restrictions par pays. Cela dit, nous nous assurons de fournir des limites minimales de d\u00e9p\u00f4t et de retrait, des frais li\u00e9s aux paiements et des restrictions associ\u00e9es \u00e0 certaines m\u00e9thodes bancaires.<\/p>\n<hr style=\"height: 2px;border-width: 0;color: #dee2e6;background-color: #dee2e6;clear: both\" \/>\n<h3 style=\"text-align: center\">Avis clients<\/h3>\n<p><img decoding=\"async\" class=\"alignleft\" src=\"https:\/\/www.bestbrokers.com\/wp-content\/uploads\/2021\/07\/sentiment.svg\" alt=\"Avis Clients\" width=\"80\" \/>\u00c9tant donn\u00e9 que notre \u00e9quipe attache une grande importance \u00e0 l&rsquo;opinion de nos lecteurs, nous veillons \u00e0 classer les courtiers sur la base des commentaires de v\u00e9ritables traders. Nous nous effor\u00e7ons \u00e9galement de vous tenir inform\u00e9 de la note Trustpilot actuelle de chaque courtier Forex, en veillant \u00e0 mettre \u00e0 jour r\u00e9guli\u00e8rement les \u00e9valuations de tous les prestataires que nous avons examin\u00e9s.<\/p>\n<p>Si vous souhaitez nous laisser votre avis sur un courtier examin\u00e9 sur notre site, vous pouvez contacter notre \u00e9quipe de support d\u00e9di\u00e9e. Si vous avez des plaintes concernant un courtier ou le r\u00e9gulateur officiel supervisant les activit\u00e9s financi\u00e8res dans votre pays de r\u00e9sidence, vous pouvez vous rendre sur le site officiel du r\u00e9gulateur concern\u00e9 et d\u00e9poser une plainte. Pour les traders britanniques, il y a le <a href=\"https:\/\/www.fca.org.uk\/consumers\/how-complain\" target=\"_blank\" rel=\"noopener nofollow\">site officiel de la FCA<\/a> qui fournit des informations d\u00e9taill\u00e9es sur la mani\u00e8re de d\u00e9poser de telles plaintes. Vous pouvez \u00e9galement signaler une mauvaise conduite \u00e0 l&rsquo;ASIC <a href=\"https:\/\/asic.gov.au\/about-asic\/contact-us\/reporting-misconduct-to-asic\/\" target=\"_blank\" rel=\"noopener nofollow\">en cliquant sur ce lien<\/a>, ou <a href=\"https:\/\/www.cysec.gov.cy\/en-GB\/investor-protection\/how-to-complain\/\" target=\"_blank\" rel=\"noopener nofollow\">d\u00e9poser une plainte aupr\u00e8s de la CySEC,<\/a> si c&rsquo;est l&rsquo;organisme de r\u00e9glementation de votre r\u00e9gion.<\/p>\n<hr style=\"height: 2px;border-width: 0;color: #dee2e6;background-color: #dee2e6;clear: both\" \/>\n","protected":false},"excerpt":{"rendered":"<p>Trouvez les meilleurs courtiers pour investir vos fonds Nos revues et avis couvrent les informations les plus importantes pour chaque courtier, y compris les spreads, les services bancaires et la r\u00e9glementation. Tous les avis sont r\u00e9dig\u00e9s par des traders professionnels et visent \u00e0 fournir des informations concr\u00e8tes tant aux traders novices qu&rsquo;aux traders exp\u00e9riment\u00e9s. Facteurs [&hellip;]<\/p>\n","protected":false},"author":2,"featured_media":0,"parent":0,"menu_order":0,"comment_status":"closed","ping_status":"closed","template":"templates\/full-width.php","meta":{"footnotes":""},"class_list":["post-12238","page","type-page","status-publish","hentry"],"aioseo_notices":[],"_links":{"self":[{"href":"https:\/\/www.bestbrokers.com\/fr\/wp-json\/wp\/v2\/pages\/12238","targetHints":{"allow":["GET"]}}],"collection":[{"href":"https:\/\/www.bestbrokers.com\/fr\/wp-json\/wp\/v2\/pages"}],"about":[{"href":"https:\/\/www.bestbrokers.com\/fr\/wp-json\/wp\/v2\/types\/page"}],"author":[{"embeddable":true,"href":"https:\/\/www.bestbrokers.com\/fr\/wp-json\/wp\/v2\/users\/2"}],"replies":[{"embeddable":true,"href":"https:\/\/www.bestbrokers.com\/fr\/wp-json\/wp\/v2\/comments?post=12238"}],"version-history":[{"count":9,"href":"https:\/\/www.bestbrokers.com\/fr\/wp-json\/wp\/v2\/pages\/12238\/revisions"}],"predecessor-version":[{"id":45796,"href":"https:\/\/www.bestbrokers.com\/fr\/wp-json\/wp\/v2\/pages\/12238\/revisions\/45796"}],"wp:attachment":[{"href":"https:\/\/www.bestbrokers.com\/fr\/wp-json\/wp\/v2\/media?parent=12238"}],"curies":[{"name":"wp","href":"https:\/\/api.w.org\/{rel}","templated":true}]}}