{"id":46116,"date":"2024-11-26T10:31:11","date_gmt":"2024-11-26T10:31:11","guid":{"rendered":"https:\/\/www.bestbrokers.com\/?page_id=46116"},"modified":"2024-11-26T10:36:19","modified_gmt":"2024-11-26T10:36:19","slug":"agnes-orieux","status":"publish","type":"page","link":"https:\/\/www.bestbrokers.com\/fr\/authors\/agnes-orieux\/","title":{"rendered":"Agnes Orieux"},"content":{"rendered":"<p>Agnes Orieux est une traductrice et r\u00e9dactrice de l&rsquo;anglais vers le fran\u00e7ais, avec une exp\u00e9rience dans les march\u00e9s financiers. Elle est la r\u00e9dactrice principale de la version fran\u00e7aise de BestBrokers.com.<\/p>\n","protected":false},"excerpt":{"rendered":"<p>Agnes Orieux est une traductrice et r\u00e9dactrice de l&rsquo;anglais vers le fran\u00e7ais, avec une exp\u00e9rience dans les march\u00e9s financiers. Elle est la r\u00e9dactrice principale de la version fran\u00e7aise de BestBrokers.com.<\/p>\n","protected":false},"author":2,"featured_media":0,"parent":12088,"menu_order":0,"comment_status":"closed","ping_status":"closed","template":"templates\/full-width.php","meta":{"footnotes":""},"class_list":["post-46116","page","type-page","status-publish","hentry"],"aioseo_notices":[],"_links":{"self":[{"href":"https:\/\/www.bestbrokers.com\/fr\/wp-json\/wp\/v2\/pages\/46116","targetHints":{"allow":["GET"]}}],"collection":[{"href":"https:\/\/www.bestbrokers.com\/fr\/wp-json\/wp\/v2\/pages"}],"about":[{"href":"https:\/\/www.bestbrokers.com\/fr\/wp-json\/wp\/v2\/types\/page"}],"author":[{"embeddable":true,"href":"https:\/\/www.bestbrokers.com\/fr\/wp-json\/wp\/v2\/users\/2"}],"replies":[{"embeddable":true,"href":"https:\/\/www.bestbrokers.com\/fr\/wp-json\/wp\/v2\/comments?post=46116"}],"version-history":[{"count":5,"href":"https:\/\/www.bestbrokers.com\/fr\/wp-json\/wp\/v2\/pages\/46116\/revisions"}],"predecessor-version":[{"id":46122,"href":"https:\/\/www.bestbrokers.com\/fr\/wp-json\/wp\/v2\/pages\/46116\/revisions\/46122"}],"up":[{"embeddable":true,"href":"https:\/\/www.bestbrokers.com\/fr\/wp-json\/wp\/v2\/pages\/12088"}],"wp:attachment":[{"href":"https:\/\/www.bestbrokers.com\/fr\/wp-json\/wp\/v2\/media?parent=46116"}],"curies":[{"name":"wp","href":"https:\/\/api.w.org\/{rel}","templated":true}]}}