{"id":59579,"date":"2025-03-19T09:33:21","date_gmt":"2025-03-19T09:33:21","guid":{"rendered":"https:\/\/www.bestbrokers.com\/?page_id=59579"},"modified":"2025-10-22T13:20:24","modified_gmt":"2025-10-22T13:20:24","slug":"account-opening","status":"publish","type":"page","link":"https:\/\/www.bestbrokers.com\/fr\/reviews\/avatrade\/account-opening\/","title":{"rendered":"Comment cr\u00e9er un compte sur AvaTrade"},"content":{"rendered":"<div class=\"author-line\">\u00c9crit par <span class=\"author\">Zornitsa Stefanova<div class=\"author-sub-box\"><div class=\"author-avatar\"><img decoding=\"async\" src=\"https:\/\/www.bestbrokers.com\/wp-content\/uploads\/2024\/09\/zornica-stefanova.jpeg\" \/><\/div><div class=\"author-info-wrapper\"><div class=\"author-name\"><a href=\"https:\/\/www.bestbrokers.com\/fr\/authors\/zornitsa-stefanova\/\">Zornitsa Stefanova<\/a><\/div><div class=\"author-bio\">Zornitsa Stefanova est une analyste exp\u00e9riment\u00e9e dans le domaine du Forex et des cryptomonnaies.  Elle couvre \u00e9galement divers sujets financiers tels que le trading d\u2019actions et les investissements pour la retraite.<\/div><\/div><\/div><\/span>,  <a rel=\"nofollow\" target=\"_blank\" href=\"https:\/\/www.linkedin.com\/in\/zornica-stefanova-73ab39287\/\"><img decoding=\"async\" class=\"social-icon\" src=\"https:\/\/www.bestbrokers.com\/wp-content\/themes\/best-brokers\/assets\/images\/icon-linkedin.svg\" data-no-lazy=\"1\"><\/a> <span class=\"sep\">|<\/span> Traduit par <span class=\"author\">Agnes Orieux<div class=\"author-sub-box\"><div class=\"author-info-wrapper\"><div class=\"author-name\"><a href=\"https:\/\/www.bestbrokers.com\/fr\/authors\/agnes-orieux\/\">Agnes Orieux<\/a><\/div><div class=\"author-bio\">Agnes Orieux est une traductrice et r\u00e9dactrice de l'anglais vers le fran\u00e7ais, avec une exp\u00e9rience dans les march\u00e9s financiers. Elle est la r\u00e9dactrice principale de la version fran\u00e7aise de BestBrokers.com.<\/div><\/div><\/div><\/span> <span class=\"sep\">|<\/span> Mis \u00e0 jour : <time class=\"entry-date\" datetime=\"2025-10-22T13:20:24+00:00\">octobre 22, 2025<\/time><\/div>\n<h2 id=\"brief\"><i class=\"ico ico--assets\"><\/i>Les types de comptes propos\u00e9s par AvaTrade en bref<\/h2>\n<p>Les clients europ\u00e9ens enregistr\u00e9s aupr\u00e8s de l\u2019entit\u00e9 AvaTrade r\u00e9gul\u00e9e par la CySEC peuvent ouvrir un compte Standard, qui permet de n\u00e9gocier le Forex via des CFD, sans commission. Les spreads minimums pour ce type de compte d\u00e9butent \u00e0 0,8 pip et varient selon les paires de devises n\u00e9goci\u00e9es. La taille minimale d\u2019ordre est de 0,01 lot, soit l\u2019\u00e9quivalent de 1 000 unit\u00e9s de devise. Les nouveaux clients peuvent connecter leur compte de d\u00e9tail fra\u00eechement cr\u00e9\u00e9 \u00e0 MT4 ou MT5.<\/p>\n<p>L\u2019ouverture d\u2019un compte Professionnel est une autre possibilit\u00e9 pour les clients qui rel\u00e8vent de la CySEC, \u00e0 condition de r\u00e9pondre aux crit\u00e8res d\u2019\u00e9ligibilit\u00e9. Parmi ceux-ci, citons une activit\u00e9 de trading suffisante au cours des douze derniers mois, une exp\u00e9rience pertinente dans la finance et un portefeuille financier sup\u00e9rieur \u00e0 500 000 \u20ac. Les comptes Professionnels offrent des spreads plus serr\u00e9s, \u00e0 partir de 0,6 pip sur les principales paires, et un effet de levier maximal de 1:400. Ce type de compte est r\u00e9serv\u00e9 aux clients r\u00e9sidant dans certains pays, notamment la Su\u00e8de, l\u2019Allemagne, l\u2019Espagne, la Bulgarie, la France, l\u2019Italie, le Portugal, la Pologne, le Danemark et le Royaume-Uni. Un compte AvaOptions est \u00e9galement accessible aux traders exp\u00e9riment\u00e9s.<\/p>\n<p>Par ailleurs, les clients qui ne peuvent pas payer ou recevoir d\u2019int\u00e9r\u00eats pour des raisons religieuses peuvent demander un compte islamique, qui permet de faire du trading sans swap sur le Forex, l\u2019or, l\u2019argent et les indices. Les positions \u00e0 effet de levier peuvent rester ouvertes jusqu\u2019\u00e0 cinq jours sans frais de rollover (swaps). AvaTrade propose \u00e9galement des comptes de spread betting, disponibles pour les r\u00e9sidents du Royaume-Uni et d\u2019Irlande sous la supervision de la FCA. Le compte D\u00e9mo illimit\u00e9 permet aux traders de tester la plateforme propri\u00e9taire WebTrader du courtier, ainsi que MT4, MT5 et l\u2019application AvaTrade, sans risquer de fonds r\u00e9els.<\/p>\n\n\t\t\t\t<div class=\"table\">\n\t\t\t\t\t<table class=\"table table-striped table-bordered\">\n\t\t\t\t\t\t<tr>\n\t\t\t\t\t\t\t<td style=\"width: 250px;\"><strong>Compte d\u00e9mo<\/strong><\/td>\n\t\t\t\t\t\t\t<td><img decoding=\"async\" width=\"24\" height=\"24\" src=\"\/wp-content\/themes\/best-brokers\/assets\/images\/ico-check.svg\" alt=\"Available\" \/><\/td>\n\t\t\t\t\t\t<\/tr>\n\t\t\t\t\t\t<tr>\n\t\t\t\t\t\t\t<td><strong>Islamic Account<\/strong><\/td>\n\t\t\t\t\t\t\t<td><img decoding=\"async\" width=\"24\" height=\"24\" src=\"\/wp-content\/themes\/best-brokers\/assets\/images\/ico-check.svg\" alt=\"Available\" \/><\/td>\n\t\t\t\t\t\t<\/tr>\n\t\t\t\t\t\t<tr>\n\t\t\t\t\t\t\t<td><strong>Compte ECN<\/strong><\/td>\n\t\t\t\t\t\t\t<td><img decoding=\"async\" width=\"24\" height=\"24\" src=\"\/wp-content\/themes\/best-brokers\/assets\/images\/ico-xmark.svg\" alt=\"Not Available\" \/><\/td>\n\t\t\t\t\t\t<\/tr>\n\t\t\t\t\t\t<tr>\n\t\t\t\t\t\t\t<td><strong>Compte pro<\/strong><\/td>\n\t\t\t\t\t\t\t<td><img decoding=\"async\" width=\"24\" height=\"24\" src=\"\/wp-content\/themes\/best-brokers\/assets\/images\/ico-check.svg\" alt=\"Available\" \/><\/td>\n\t\t\t\t\t\t<\/tr>\n\t\t\t\t\t\t<tr>\n\t\t\t\t\t\t\t<td><strong>MAM Account<\/strong><\/td>\n\t\t\t\t\t\t\t<td><img decoding=\"async\" width=\"24\" height=\"24\" src=\"\/wp-content\/themes\/best-brokers\/assets\/images\/ico-check.svg\" alt=\"Available\" \/><\/td>\n\t\t\t\t\t\t<\/tr>\n\t\t\t\t\t<\/table>\n\t\t\t\t<\/div>\n\t\t\t\n<h2 id=\"deposit\"><i class=\"ico ico--money-supply\"><\/i>D\u00e9p\u00f4t minimum exig\u00e9 chez AvaTrade<\/h2>\n<p>Le d\u00e9p\u00f4t minimum chez AvaTrade est de 100 \u20ac ou l\u2019\u00e9quivalent dans une autre devise de base prise en charge, telle que GBP, USD ou AUD. Dans cette optique, le courtier recommande aux nouveaux clients de d\u00e9poser au moins 1 000 \u20ac pour n\u00e9gocier dans de bonnes conditions. Les nouveaux traders peuvent approvisionner leur compte r\u00e9el par carte bancaire ou virement.<\/p>\n<p>Les portefeuilles \u00e9lectroniques tels que Neteller, WebMoney et Skrill sont disponibles pour les clients de certains pays. AvaTrade facture des frais d\u2019inactivit\u00e9 de 50 \u20ac apr\u00e8s trois mois cons\u00e9cutifs sans activit\u00e9. Les comptes dormants supportent des frais administratifs suppl\u00e9mentaires de 100 \u20ac apr\u00e8s 12 mois cons\u00e9cutifs d\u2019inactivit\u00e9.<\/p>\n<h2 id=\"what\"><i class=\"ico ico--question\"><\/i>Que pouvez-vous n\u00e9gocier chez AvaTrade ?<\/h2>\n<p>Les clients d\u2019AvaTrade peuvent acc\u00e9der \u00e0 plus de 1 200 march\u00e9s financiers, dont plus de 50 paires de devises, des indices, des mati\u00e8res premi\u00e8res, des actions, des cryptomonnaies et des options. Tous les frais de trading sont int\u00e9gr\u00e9s dans le spread, qui d\u00e9bute \u00e0 0,8 pip pour les clients particuliers. La gamme de plateformes prises en charge comprend MetaTrader 4, MetaTrader 5, DupliTrade, WebTrader et AvaOptions. Les deux derni\u00e8res sont des solutions propri\u00e9taires. Quant \u00e0 AvaSocial, \u00e9galement propri\u00e9taire, il permet le copy trading.<\/p>\n<h2 id=\"steps\"><i class=\"ico ico--account\"><\/i>Inscription pas \u00e0 pas sur AvaTrade \u2013 comptez environ 20 minutes<\/h2>\n<ol class=\"list list--steps\">\n<li>Rendez-vous sur www.avatrade.com, puis cliquez (ou appuyez) sur le bouton orange \u00ab Register Now \u00bb (ou \u00ab Cr\u00e9er un compte \u00bb apr\u00e8s avoir choisi le fran\u00e7ais) situ\u00e9 en haut \u00e0 droite de votre \u00e9cran.<img decoding=\"async\" class=\"aligncenter\" src=\"https:\/\/www.bestbrokers.com\/wp-content\/uploads\/2024\/08\/account-opening-img-1.webp\" alt=\"Registration Steps\" width=\"900\" \/><\/li>\n<li>Saisissez une adresse e-mail valide enregistr\u00e9e \u00e0 votre nom, choisissez un mot de passe robuste, puis s\u00e9lectionnez votre pays dans le menu d\u00e9roulant.<img decoding=\"async\" class=\"aligncenter\" src=\"https:\/\/www.bestbrokers.com\/wp-content\/uploads\/2024\/08\/account-opening-img-2.webp\" alt=\"Registration Steps\" width=\"900\" \/><\/li>\n<li>Renseignez vos donn\u00e9es personnelles dans le formulaire d\u2019inscription, notamment vos pr\u00e9nom et nom, date de naissance, adresse, ville et code postal. Indiquez un num\u00e9ro de mobile valable, puis passez \u00e0 l\u2019\u00e9tape suivante.<img decoding=\"async\" class=\"aligncenter\" src=\"https:\/\/www.bestbrokers.com\/wp-content\/uploads\/2024\/08\/account-opening-img-3.webp\" alt=\"Registration Steps\" width=\"900\" \/><\/li>\n<li>\u00c0 cette \u00e9tape, vous devez fournir des informations financi\u00e8res telles que votre activit\u00e9 professionnelle principale, votre statut d\u2019emploi, l\u2019origine de vos fonds, votre revenu annuel moyen, vos investissements et votre \u00e9pargne. Indiquez \u00e9galement le niveau de risque que vous \u00eates pr\u00eat \u00e0 accepter. Ces renseignements aident AvaTrade \u00e0 d\u00e9terminer si le trading de produits d\u00e9riv\u00e9s vous convient.<img decoding=\"async\" class=\"aligncenter\" src=\"https:\/\/www.bestbrokers.com\/wp-content\/uploads\/2024\/08\/account-opening-img-4.webp\" alt=\"Registration Steps\" width=\"900\" \/><\/li>\n<li>AvaTrade \u00e9valuera aussi votre exp\u00e9rience et vos connaissances en vous demandant de r\u00e9pondre \u00e0 un court questionnaire sur le trading avec effet de levier.<img decoding=\"async\" class=\"aligncenter\" src=\"https:\/\/www.bestbrokers.com\/wp-content\/uploads\/2024\/08\/account-opening-img-5.webp\" alt=\"Registration Steps\" width=\"900\" \/><\/li>\n<li>Acceptez les conditions g\u00e9n\u00e9rales, et confirmez que vous n\u2019\u00eates pas r\u00e9sident fiscal des \u00c9tats-Unis. Vous pouvez \u00e9galement choisir de recevoir des mises \u00e0 jour relatives \u00e0 votre compte via WhatsApp.<img decoding=\"async\" class=\"aligncenter\" src=\"https:\/\/www.bestbrokers.com\/wp-content\/uploads\/2024\/08\/account-opening-img-6.webp\" alt=\"Registration Steps\" width=\"900\" \/><\/li>\n<li>AvaTrade examinera votre demande en fonction de vos informations financi\u00e8res et des r\u00e9sultats du questionnaire. Une fois votre demande approuv\u00e9e, vous pourrez vous connecter \u00e0 votre nouveau compte afin de v\u00e9rifier votre identit\u00e9 et votre adresse.<img decoding=\"async\" class=\"aligncenter\" src=\"https:\/\/www.bestbrokers.com\/wp-content\/uploads\/2024\/08\/account-opening-img-7.webp\" alt=\"Registration Steps\" width=\"900\" \/><\/li>\n<li><strong>V\u00e9rification KYC des comptes AvaTrade &#8211; environ 5 \u00e0 10 minutes<\/strong>Vous devez t\u00e9l\u00e9charger les documents demand\u00e9s avant de pouvoir d\u00e9poser des fonds et passer des ordres.<img decoding=\"async\" class=\"aligncenter\" src=\"https:\/\/www.bestbrokers.com\/wp-content\/uploads\/2024\/08\/account-opening-img-8.webp\" alt=\"Registration Steps\" width=\"900\" \/>\n<p>Commencez par envoyer votre pi\u00e8ce d\u2019identit\u00e9 : carte nationale d\u2019identit\u00e9, passeport ou permis de conduire. Quel que soit le document choisi, veillez \u00e0 t\u00e9l\u00e9verser des copies lisibles des faces recto et verso.<\/p>\n<p><img decoding=\"async\" class=\"aligncenter\" src=\"https:\/\/www.bestbrokers.com\/wp-content\/uploads\/2024\/08\/account-opening-img-9.webp\" alt=\"Registration Steps\" width=\"900\" \/><\/li>\n<li>Fournissez ensuite une facture de services publics r\u00e9cente afin qu\u2019AvaTrade puisse confirmer que l\u2019adresse r\u00e9sidentielle saisie dans le formulaire correspond bien \u00e0 la v\u00f4tre.<img decoding=\"async\" class=\"aligncenter\" src=\"https:\/\/www.bestbrokers.com\/wp-content\/uploads\/2024\/08\/account-opening-img-10.webp\" alt=\"Registration Steps\" width=\"900\" \/><\/li>\n<li>Cochez la case attestant que votre nationalit\u00e9 correspond \u00e0 votre pays de r\u00e9sidence, ou ajoutez une autre nationalit\u00e9 le cas \u00e9ch\u00e9ant. Enfin, indiquez si vous payez vos imp\u00f4ts dans ce pays et fournissez votre num\u00e9ro d\u2019identification fiscale (NIF). Dans certains pays de l\u2019UE, comme la Bulgarie, il s\u2019agit du num\u00e9ro d\u2019identification civile (UCN) qui figure sur vos pi\u00e8ces d\u2019identit\u00e9. Cliquez sur \u00ab Submit \u00bb et patientez pendant l\u2019examen de vos documents par AvaTrade.<img decoding=\"async\" class=\"aligncenter\" src=\"https:\/\/www.bestbrokers.com\/wp-content\/uploads\/2024\/08\/account-opening-img-11.webp\" alt=\"Registration Steps\" width=\"900\" \/><\/li>\n<\/ol>\n<h2 id=\"conclusion\"><i class=\"ico ico--pen\"><\/i>Conclusion<\/h2>\n<p>L\u2019ensemble de la proc\u00e9dure d\u2019inscription chez AvaTrade ne prend pas plus de 20 minutes \u00e0 condition de disposer de tous les documents n\u00e9cessaires. Le questionnaire portant sur vos finances et vos connaissances devrait \u00eatre facile \u00e0 r\u00e9ussir si vous poss\u00e9dez d\u00e9j\u00e0 une certaine exp\u00e9rience du trading de produits d\u00e9riv\u00e9s. Gardez toutefois \u00e0 l\u2019esprit que, en p\u00e9riode de forte affluence, le courtier peut mettre jusqu\u2019\u00e0 un jour ouvrable pour examiner votre dossier et vos documents. Il est important de pr\u00e9ciser qu\u2019AvaTrade n\u2019accepte pas les inscriptions provenant de juridictions telles que les \u00c9tats-Unis, la Russie, la Nouvelle-Z\u00e9lande, le Liban et Cuba.<\/p>\n","protected":false},"excerpt":{"rendered":"<p>Les types de comptes propos\u00e9s par AvaTrade en bref Les clients europ\u00e9ens enregistr\u00e9s aupr\u00e8s de l\u2019entit\u00e9 AvaTrade r\u00e9gul\u00e9e par la CySEC peuvent ouvrir un compte Standard, qui permet de n\u00e9gocier le Forex via des CFD, sans commission. Les spreads minimums pour ce type de compte d\u00e9butent \u00e0 0,8 pip et varient selon les paires de [&hellip;]<\/p>\n","protected":false},"author":3,"featured_media":0,"parent":12066,"menu_order":0,"comment_status":"closed","ping_status":"closed","template":"templates\/review.php","meta":{"footnotes":""},"class_list":["post-59579","page","type-page","status-publish","hentry"],"aioseo_notices":[],"_links":{"self":[{"href":"https:\/\/www.bestbrokers.com\/fr\/wp-json\/wp\/v2\/pages\/59579","targetHints":{"allow":["GET"]}}],"collection":[{"href":"https:\/\/www.bestbrokers.com\/fr\/wp-json\/wp\/v2\/pages"}],"about":[{"href":"https:\/\/www.bestbrokers.com\/fr\/wp-json\/wp\/v2\/types\/page"}],"author":[{"embeddable":true,"href":"https:\/\/www.bestbrokers.com\/fr\/wp-json\/wp\/v2\/users\/3"}],"replies":[{"embeddable":true,"href":"https:\/\/www.bestbrokers.com\/fr\/wp-json\/wp\/v2\/comments?post=59579"}],"version-history":[{"count":8,"href":"https:\/\/www.bestbrokers.com\/fr\/wp-json\/wp\/v2\/pages\/59579\/revisions"}],"predecessor-version":[{"id":71736,"href":"https:\/\/www.bestbrokers.com\/fr\/wp-json\/wp\/v2\/pages\/59579\/revisions\/71736"}],"up":[{"embeddable":true,"href":"https:\/\/www.bestbrokers.com\/fr\/wp-json\/wp\/v2\/pages\/12066"}],"wp:attachment":[{"href":"https:\/\/www.bestbrokers.com\/fr\/wp-json\/wp\/v2\/media?parent=59579"}],"curies":[{"name":"wp","href":"https:\/\/api.w.org\/{rel}","templated":true}]}}