{"id":59580,"date":"2025-03-19T09:33:21","date_gmt":"2025-03-19T09:33:21","guid":{"rendered":"https:\/\/www.bestbrokers.com\/?page_id=59580"},"modified":"2025-10-22T13:20:30","modified_gmt":"2025-10-22T13:20:30","slug":"account-opening","status":"publish","type":"page","link":"https:\/\/www.bestbrokers.com\/fr\/reviews\/fusion-markets\/account-opening\/","title":{"rendered":"Comment cr\u00e9er un compte sur Fusion Markets"},"content":{"rendered":"<div class=\"author-line\">\u00c9crit par <span class=\"author\">Zornitsa Stefanova<div class=\"author-sub-box\"><div class=\"author-avatar\"><img decoding=\"async\" src=\"https:\/\/www.bestbrokers.com\/wp-content\/uploads\/2024\/09\/zornica-stefanova.jpeg\" \/><\/div><div class=\"author-info-wrapper\"><div class=\"author-name\"><a href=\"https:\/\/www.bestbrokers.com\/fr\/authors\/zornitsa-stefanova\/\">Zornitsa Stefanova<\/a><\/div><div class=\"author-bio\">Zornitsa Stefanova est une analyste exp\u00e9riment\u00e9e dans le domaine du Forex et des cryptomonnaies.  Elle couvre \u00e9galement divers sujets financiers tels que le trading d\u2019actions et les investissements pour la retraite.<\/div><\/div><\/div><\/span>,  <a rel=\"nofollow\" target=\"_blank\" href=\"https:\/\/www.linkedin.com\/in\/zornica-stefanova-73ab39287\/\"><img decoding=\"async\" class=\"social-icon\" src=\"https:\/\/www.bestbrokers.com\/wp-content\/themes\/best-brokers\/assets\/images\/icon-linkedin.svg\" data-no-lazy=\"1\"><\/a> <span class=\"sep\">|<\/span> Traduit par <span class=\"author\">Agnes Orieux<div class=\"author-sub-box\"><div class=\"author-info-wrapper\"><div class=\"author-name\"><a href=\"https:\/\/www.bestbrokers.com\/fr\/authors\/agnes-orieux\/\">Agnes Orieux<\/a><\/div><div class=\"author-bio\">Agnes Orieux est une traductrice et r\u00e9dactrice de l'anglais vers le fran\u00e7ais, avec une exp\u00e9rience dans les march\u00e9s financiers. Elle est la r\u00e9dactrice principale de la version fran\u00e7aise de BestBrokers.com.<\/div><\/div><\/div><\/span> <span class=\"sep\">|<\/span> Mis \u00e0 jour : <time class=\"entry-date\" datetime=\"2025-10-22T13:20:30+00:00\">octobre 22, 2025<\/time><\/div>\n<h2 id=\"brief\"><i class=\"ico ico--assets\"><\/i>Les types de compte propos\u00e9s par Fusion Markets en bref<\/h2>\n<p>Fusion Markets propose deux principaux types de compte, Zero et Classic, qui permettent aux clients de demander un compte sans swap ou un compte professionnel. Les comptes Zero b\u00e9n\u00e9ficient de spreads ultra-faibles \u00e0 partir de 0,0 pip et de commissions de 2,25 $ par c\u00f4t\u00e9. Les comptes Classic permettent de n\u00e9gocier sans commission, mais avec des spreads plus \u00e9lev\u00e9s, major\u00e9s de 0,9 pip.<\/p>\n<p>La formule sans swap permet de n\u00e9gocier sur plus de 50 march\u00e9s financiers. Aucune commission n\u2019est pr\u00e9lev\u00e9e et les spreads sur la paire EUR\/USD d\u00e9butent \u00e0 1,4 pip. Cependant, des frais administratifs sont factur\u00e9s tous les sept jours. La taille minimale d\u2019ordre est de 0,01 lot pour tous les comptes de d\u00e9tail. Les comptes professionnels sont accessibles aux clients australiens qui remplissent des crit\u00e8res d\u2019\u00e9ligibilit\u00e9 sp\u00e9cifiques. Des solutions de gestion PAMM et MAM sont \u00e9galement propos\u00e9es.<\/p>\n<p>Poursuivez votre lecture pour obtenir des informations d\u00e9taill\u00e9es sur la cr\u00e9ation de votre compte sur Fusion Markets, et commencez \u00e0 faire du trading \u00e0 moindre co\u00fbt sans attendre.<\/p>\n\n\t\t\t\t<div class=\"table\">\n\t\t\t\t\t<table class=\"table table-striped table-bordered\">\n\t\t\t\t\t\t<tr>\n\t\t\t\t\t\t\t<td style=\"width: 250px;\"><strong>Compte d\u00e9mo<\/strong><\/td>\n\t\t\t\t\t\t\t<td><img decoding=\"async\" width=\"24\" height=\"24\" src=\"\/wp-content\/themes\/best-brokers\/assets\/images\/ico-check.svg\" alt=\"Available\" \/><\/td>\n\t\t\t\t\t\t<\/tr>\n\t\t\t\t\t\t<tr>\n\t\t\t\t\t\t\t<td><strong>Islamic Account<\/strong><\/td>\n\t\t\t\t\t\t\t<td><img decoding=\"async\" width=\"24\" height=\"24\" src=\"\/wp-content\/themes\/best-brokers\/assets\/images\/ico-check.svg\" alt=\"Available\" \/><\/td>\n\t\t\t\t\t\t<\/tr>\n\t\t\t\t\t\t<tr>\n\t\t\t\t\t\t\t<td><strong>Compte ECN<\/strong><\/td>\n\t\t\t\t\t\t\t<td><img decoding=\"async\" width=\"24\" height=\"24\" src=\"\/wp-content\/themes\/best-brokers\/assets\/images\/ico-check.svg\" alt=\"Available\" \/><\/td>\n\t\t\t\t\t\t<\/tr>\n\t\t\t\t\t\t<tr>\n\t\t\t\t\t\t\t<td><strong>Compte pro<\/strong><\/td>\n\t\t\t\t\t\t\t<td><img decoding=\"async\" width=\"24\" height=\"24\" src=\"\/wp-content\/themes\/best-brokers\/assets\/images\/ico-check.svg\" alt=\"Available\" \/><\/td>\n\t\t\t\t\t\t<\/tr>\n\t\t\t\t\t\t<tr>\n\t\t\t\t\t\t\t<td><strong>MAM Account<\/strong><\/td>\n\t\t\t\t\t\t\t<td><img decoding=\"async\" width=\"24\" height=\"24\" src=\"\/wp-content\/themes\/best-brokers\/assets\/images\/ico-check.svg\" alt=\"Available\" \/><\/td>\n\t\t\t\t\t\t<\/tr>\n\t\t\t\t\t<\/table>\n\t\t\t\t<\/div>\n\t\t\t\n<h2 id=\"deposit\"><i class=\"ico ico--money-supply\"><\/i>D\u00e9p\u00f4t minimum chez Fusion Markets<\/h2>\n<p>Il n\u2019y a pas d\u2019exigence de d\u00e9p\u00f4t minimum pour l\u2019un ou l\u2019autre des types de compte, m\u00eame si, selon le courtier, la plupart des traders de d\u00e9tail commencent avec au moins 1 500 $. Les comptes Classic et Zero peuvent \u00eatre libell\u00e9s dans l\u2019une des 14 devises de base, notamment EUR, USD, CAD, AUD, GBP, JPY, HUF, DKK, CHF, SEK, NOK, THB ou SGD.<\/p>\n<p>Les d\u00e9p\u00f4ts et retraits n\u2019entra\u00eenent aucun frais de la part de Fusion Markets. Plusieurs options de financement instantan\u00e9 sont disponibles, notamment Visa, Mastercard, PayPal, Interac, Skrill, Neteller et bien d\u2019autres. Notez que certaines m\u00e9thodes imposent un d\u00e9p\u00f4t minimum de 10 $.<\/p>\n<h2 id=\"trade\"><i class=\"ico ico--question\"><\/i>Que pouvez-vous n\u00e9gocier sur Fusion Markets ?<\/h2>\n<p>L\u2019entit\u00e9 agr\u00e9\u00e9e au Vanuatu donne acc\u00e8s \u00e0 plus de 250 march\u00e9s financiers, dont plus de 90 paires Forex, des actions am\u00e9ricaines, des mati\u00e8res premi\u00e8res dures et agricoles, des indices et des cryptomonnaies. Tous ces instruments sont n\u00e9gociables via des CFD, ce qui permet aux clients de profiter des hausses comme des baisses de prix et d\u2019utiliser un effet de levier pouvant atteindre 1:500 (1:30 pour les traders de d\u00e9tail australiens). Le copy-trading est disponible via la plateforme web propri\u00e9taire du courtier, Fusion+.<\/p>\n<h2 id=\"steps\"><i class=\"ico ico--account\"><\/i>Inscription pas \u00e0 pas sur Fusion Markets (VFSC)<\/h2>\n<p>La proc\u00e9dure d\u2019inscription chez Fusion Markets ne demande que quelques clics ; la majorit\u00e9 des comptes sont approuv\u00e9s en moins d\u2019une heure.<\/p>\n<ol class=\"list list--steps\">\n<li>Ouvrez le site du courtier (www.fusionmarkets.com) dans un navigateur \u00e0 jour, puis cliquez sur le bouton violet \u00ab Create an Account \u00bb en haut \u00e0 droite pour lancer la proc\u00e9dure d\u2019inscription.<img decoding=\"async\" class=\"aligncenter\" src=\"https:\/\/www.bestbrokers.com\/wp-content\/uploads\/2024\/08\/fusion-markets-account-img-1.webp\" alt=\"Registration Steps\" width=\"900\" \/><\/li>\n<li>Vous pouvez vous inscrire avec votre compte Google ou Apple, ou bien saisir une adresse e-mail valide et un mot de passe robuste dans le formulaire. Cochez la case situ\u00e9e en-dessous pour confirmer que vous acceptez les conditions g\u00e9n\u00e9rales du courtier.<img decoding=\"async\" class=\"aligncenter\" src=\"https:\/\/www.bestbrokers.com\/wp-content\/uploads\/2024\/08\/fusion-markets-account-img-2.webp\" alt=\"Registration Steps\" width=\"900\" \/><\/li>\n<li>Le courtier vous proposera une courte visite de pr\u00e9sentation afin de vous familiariser avec le Fusion Markets Trading Hub. Vous pouvez passer cette \u00e9tape facultative si vous le souhaitez.<img decoding=\"async\" class=\"aligncenter\" src=\"https:\/\/www.bestbrokers.com\/wp-content\/uploads\/2024\/08\/fusion-markets-account-img-3.webp\" alt=\"Registration Steps\" width=\"900\" \/><\/li>\n<li>S\u00e9lectionnez \u00ab Live Account \u00bb pour poursuivre l\u2019inscription.<img decoding=\"async\" class=\"aligncenter\" src=\"https:\/\/www.bestbrokers.com\/wp-content\/uploads\/2024\/08\/fusion-markets-account-img-4.webp\" alt=\"Registration Steps\" width=\"900\" \/><\/li>\n<li>Saisissez vos informations personnelles dans le formulaire : pr\u00e9nom, nom, date de naissance, adresse, ville et code postal. Choisissez votre pays dans le menu d\u00e9roulant, et indiquez un num\u00e9ro de t\u00e9l\u00e9phone valide.<img decoding=\"async\" class=\"aligncenter\" src=\"https:\/\/www.bestbrokers.com\/wp-content\/uploads\/2024\/08\/fusion-markets-account-img-5.webp\" alt=\"Registration Steps\" width=\"900\" \/><\/li>\n<li>Configurez votre compte r\u00e9el en choisissant une plateforme de trading (MT4, MT5, TradingView, cTrader), un type de compte (Zero, Classic) et la devise de base. S\u00e9lectionnez une question de s\u00e9curit\u00e9 et saisissez une r\u00e9ponse unique dans le champ pr\u00e9vu.<img decoding=\"async\" class=\"aligncenter\" src=\"https:\/\/www.bestbrokers.com\/wp-content\/uploads\/2024\/08\/fusion-markets-account-img-6.webp\" alt=\"Registration Steps\" width=\"900\" \/><\/li>\n<li><strong>V\u00e9rification KYC \u2013 n\u00e9cessite au maximum 10 minutes. <\/strong>Poursuivez la v\u00e9rification d\u2019identit\u00e9 en t\u00e9l\u00e9versant une photo ou un scan de votre permis de conduire, de votre passeport ou de votre carte d\u2019identit\u00e9 nationale. T\u00e9l\u00e9chargez le recto et le verso du document choisi pour acc\u00e9l\u00e9rer le processus. La taille de chaque fichier ne doit pas d\u00e9passer 20 Mo. Fusion Markets accepte quatre formats : jpg, pdf, png et jpeg.<img decoding=\"async\" class=\"aligncenter\" src=\"https:\/\/www.bestbrokers.com\/wp-content\/uploads\/2024\/08\/fusion-markets-account-img-7.webp\" alt=\"Registration Steps\" width=\"900\" \/><\/li>\n<li>T\u00e9l\u00e9versez votre deuxi\u00e8me s\u00e9rie de documents (recto et verso) pour finaliser la v\u00e9rification. Vous pouvez fournir un passeport, une pi\u00e8ce d\u2019identit\u00e9 officielle, une facture de services r\u00e9cente, un relev\u00e9 bancaire ou un extrait de naissance. N\u2019utilisez pas le m\u00eame document que lors de l\u2019\u00e9tape pr\u00e9c\u00e9dente.<img decoding=\"async\" class=\"aligncenter\" src=\"https:\/\/www.bestbrokers.com\/wp-content\/uploads\/2024\/08\/fusion-markets-account-img-8.webp\" alt=\"Registration Steps\" width=\"900\" \/><\/li>\n<li>Cliquez sur \u00ab Verify My Account \u00bb, et attendez que l\u2019\u00e9quipe de Fusion Markets approuve votre demande. Le courtier valide plus de 90 % des dossiers en moins d\u2019une heure, mais la proc\u00e9dure peut prendre jusqu\u2019\u00e0 24 h selon votre pays. Vous pouvez ensuite proc\u00e9der au financement de votre compte.<img decoding=\"async\" class=\"aligncenter\" src=\"https:\/\/www.bestbrokers.com\/wp-content\/uploads\/2024\/08\/fusion-markets-account-img-9.webp\" alt=\"Registration Steps\" width=\"900\" \/><\/li>\n<\/ol>\n<h2 id=\"conclusion\"><i class=\"ico ico--pen\"><\/i>Conclusion<\/h2>\n<p>En somme, l\u2019inscription sur la version de Fusion Markets agr\u00e9\u00e9e au Vanuatu est un jeu d\u2019enfant ; elle nous a pris environ 10 minutes. Assurez-vous d\u2019avoir tous les documents n\u00e9cessaires \u00e0 port\u00e9e de main pour une proc\u00e9dure encore plus rapide et sans tracas. Les \u00e9tapes sont clairement expliqu\u00e9es et faciles \u00e0 suivre, m\u00eame pour les novices. Aucun frais n\u2019est factur\u00e9 pour l\u2019ouverture d\u2019un compte r\u00e9el et vous pouvez \u00e9galement vous inscrire depuis votre appareil mobile.<\/p>\n","protected":false},"excerpt":{"rendered":"<p>Les types de compte propos\u00e9s par Fusion Markets en bref Fusion Markets propose deux principaux types de compte, Zero et Classic, qui permettent aux clients de demander un compte sans swap ou un compte professionnel. Les comptes Zero b\u00e9n\u00e9ficient de spreads ultra-faibles \u00e0 partir de 0,0 pip et de commissions de 2,25 $ par c\u00f4t\u00e9. [&hellip;]<\/p>\n","protected":false},"author":3,"featured_media":0,"parent":12045,"menu_order":0,"comment_status":"closed","ping_status":"closed","template":"templates\/review.php","meta":{"footnotes":""},"class_list":["post-59580","page","type-page","status-publish","hentry"],"aioseo_notices":[],"_links":{"self":[{"href":"https:\/\/www.bestbrokers.com\/fr\/wp-json\/wp\/v2\/pages\/59580","targetHints":{"allow":["GET"]}}],"collection":[{"href":"https:\/\/www.bestbrokers.com\/fr\/wp-json\/wp\/v2\/pages"}],"about":[{"href":"https:\/\/www.bestbrokers.com\/fr\/wp-json\/wp\/v2\/types\/page"}],"author":[{"embeddable":true,"href":"https:\/\/www.bestbrokers.com\/fr\/wp-json\/wp\/v2\/users\/3"}],"replies":[{"embeddable":true,"href":"https:\/\/www.bestbrokers.com\/fr\/wp-json\/wp\/v2\/comments?post=59580"}],"version-history":[{"count":9,"href":"https:\/\/www.bestbrokers.com\/fr\/wp-json\/wp\/v2\/pages\/59580\/revisions"}],"predecessor-version":[{"id":71737,"href":"https:\/\/www.bestbrokers.com\/fr\/wp-json\/wp\/v2\/pages\/59580\/revisions\/71737"}],"up":[{"embeddable":true,"href":"https:\/\/www.bestbrokers.com\/fr\/wp-json\/wp\/v2\/pages\/12045"}],"wp:attachment":[{"href":"https:\/\/www.bestbrokers.com\/fr\/wp-json\/wp\/v2\/media?parent=59580"}],"curies":[{"name":"wp","href":"https:\/\/api.w.org\/{rel}","templated":true}]}}