{"id":59581,"date":"2025-03-19T09:33:22","date_gmt":"2025-03-19T09:33:22","guid":{"rendered":"https:\/\/www.bestbrokers.com\/?page_id=59581"},"modified":"2026-02-18T10:58:08","modified_gmt":"2026-02-18T10:58:08","slug":"account-opening","status":"publish","type":"page","link":"https:\/\/www.bestbrokers.com\/fr\/reviews\/admiral-markets\/account-opening\/","title":{"rendered":"Comment cr\u00e9er un compte sur Admirals"},"content":{"rendered":"<div class=\"author-line\">\u00c9crit par <span class=\"author\">Zornitsa Stefanova<div class=\"author-sub-box\"><div class=\"author-avatar\"><img decoding=\"async\" src=\"https:\/\/www.bestbrokers.com\/wp-content\/uploads\/2024\/09\/zornica-stefanova.jpeg\" \/><\/div><div class=\"author-info-wrapper\"><div class=\"author-name\"><a href=\"https:\/\/www.bestbrokers.com\/fr\/authors\/zornitsa-stefanova\/\">Zornitsa Stefanova<\/a><\/div><div class=\"author-bio\">Zornitsa Stefanova est une analyste exp\u00e9riment\u00e9e dans le domaine du Forex et des cryptomonnaies.  Elle couvre \u00e9galement divers sujets financiers tels que le trading d\u2019actions et les investissements pour la retraite.<\/div><\/div><\/div><\/span>,  <a rel=\"nofollow\" target=\"_blank\" href=\"https:\/\/www.linkedin.com\/in\/zornica-stefanova-73ab39287\/\"><img decoding=\"async\" class=\"social-icon\" src=\"https:\/\/www.bestbrokers.com\/wp-content\/themes\/best-brokers\/assets\/images\/icon-linkedin.svg\" data-no-lazy=\"1\"><\/a> <span class=\"sep\">|<\/span> Traduit par <span class=\"author\">Agnes Orieux<div class=\"author-sub-box\"><div class=\"author-info-wrapper\"><div class=\"author-name\"><a href=\"https:\/\/www.bestbrokers.com\/fr\/authors\/agnes-orieux\/\">Agnes Orieux<\/a><\/div><div class=\"author-bio\">Agnes Orieux est une traductrice et r\u00e9dactrice de l'anglais vers le fran\u00e7ais, avec une exp\u00e9rience dans les march\u00e9s financiers. Elle est la r\u00e9dactrice principale de la version fran\u00e7aise de BestBrokers.com.<\/div><\/div><\/div><\/span> <span class=\"sep\">|<\/span> Mis \u00e0 jour : <time class=\"entry-date\" datetime=\"2026-02-18T10:58:08+00:00\">f\u00e9vrier 18, 2026<\/time><\/div>\n<h2 id=\"brief\"><i class=\"ico ico--assets\"><\/i>Types de comptes propos\u00e9s par Admirals en bref<\/h2>\n<p>Admirals propose deux types de comptes de trading pour sp\u00e9culer \u00e0 court terme : Trade MT4\/MT5 et Zero MT4\/MT5. Des comptes Invest MT5 sont \u00e9galement disponibles, mais ils sont con\u00e7us pour l\u2019investissement \u00e0 long terme dans <a href=\"https:\/\/www.bestbrokers.com\/fr\/stock-brokers\/\">les actions<\/a> et les fonds n\u00e9goci\u00e9s en bourse (ETF). Les nouveaux clients qui choisissent l\u2019un ou l\u2019autre de ces comptes de trading peuvent profiter d\u2019un effet de levier maximal de 1:30 sur les paires majeures, et de 1:20 sur les paires mineures et l\u2019or.<\/p>\n<p>Les deux types de comptes donnent acc\u00e8s \u00e0 une cotation \u00e0 cinq d\u00e9cimales et offrent une ex\u00e9cution au march\u00e9 avec peu ou pas de requotes. Le volume minimal par ordre est de 0,01 lot, tandis que le plafond est fix\u00e9 \u00e0 100 lots standards et \u00e0 500 ordres ouverts ou en attente simultan\u00e9ment. En outre, la protection contre le solde n\u00e9gatif garantit que les clients ne sont pas responsables de pertes qui d\u00e9passeraient leur d\u00e9p\u00f4t.<\/p>\n<p>Les comptes Trade MT4\/MT5 prennent en charge le trading sans swap, le hedging, le trading en un clic et les Expert Advisors. Ils conviennent aux traders qui souhaitent \u00e9viter les commissions, m\u00eame si les spreads commencent \u00e0 0,5 pip. Les comptes Zero MT4\/MT5, en revanche, proposent des spreads plus serr\u00e9s, \u00e0 partir de 0 pip, mais appliquent des commissions allant de 1,8 \u00e0 3 USD par lot sur le Forex et les m\u00e9taux, 1 USD par lot sur les \u00e9nergies et jusqu\u2019\u00e0 3 USD par lot sur les indices.<\/p>\n\n\t\t\t\t<div class=\"table\">\n\t\t\t\t\t<table class=\"table table-striped table-bordered\">\n\t\t\t\t\t\t<tr>\n\t\t\t\t\t\t\t<td style=\"width: 250px;\"><strong>Compte d\u00e9mo<\/strong><\/td>\n\t\t\t\t\t\t\t<td><img decoding=\"async\" width=\"24\" height=\"24\" src=\"\/wp-content\/themes\/best-brokers\/assets\/images\/ico-xmark.svg\" alt=\"Not Available\" \/><\/td>\n\t\t\t\t\t\t<\/tr>\n\t\t\t\t\t\t<tr>\n\t\t\t\t\t\t\t<td><strong>Islamic Account<\/strong><\/td>\n\t\t\t\t\t\t\t<td><img decoding=\"async\" width=\"24\" height=\"24\" src=\"\/wp-content\/themes\/best-brokers\/assets\/images\/ico-xmark.svg\" alt=\"Not Available\" \/><\/td>\n\t\t\t\t\t\t<\/tr>\n\t\t\t\t\t\t<tr>\n\t\t\t\t\t\t\t<td><strong>Compte ECN<\/strong><\/td>\n\t\t\t\t\t\t\t<td><img decoding=\"async\" width=\"24\" height=\"24\" src=\"\/wp-content\/themes\/best-brokers\/assets\/images\/ico-xmark.svg\" alt=\"Not Available\" \/><\/td>\n\t\t\t\t\t\t<\/tr>\n\t\t\t\t\t\t<tr>\n\t\t\t\t\t\t\t<td><strong>Compte pro<\/strong><\/td>\n\t\t\t\t\t\t\t<td><img decoding=\"async\" width=\"24\" height=\"24\" src=\"\/wp-content\/themes\/best-brokers\/assets\/images\/ico-xmark.svg\" alt=\"Not Available\" \/><\/td>\n\t\t\t\t\t\t<\/tr>\n\t\t\t\t\t\t<tr>\n\t\t\t\t\t\t\t<td><strong>MAM Account<\/strong><\/td>\n\t\t\t\t\t\t\t<td><img decoding=\"async\" width=\"24\" height=\"24\" src=\"\/wp-content\/themes\/best-brokers\/assets\/images\/ico-xmark.svg\" alt=\"Not Available\" \/><\/td>\n\t\t\t\t\t\t<\/tr>\n\t\t\t\t\t<\/table>\n\t\t\t\t<\/div>\n\t\t\t\n<h2 id=\"deposit\"><i class=\"ico ico--money-supply\"><\/i>Exigences de d\u00e9p\u00f4t minimum sur Admirals<\/h2>\n<p>Les clients qui disposent d\u2019un compte Trade ou Zero <a href=\"https:\/\/www.bestbrokers.com\/fr\/forex-brokers\/metatrader-4-forex-brokers\/\">MT4<\/a>\/<a href=\"https:\/\/www.bestbrokers.com\/fr\/forex-brokers\/metatrader-5-forex-brokers\/\">MT5<\/a> doivent d\u00e9poser au moins 100 USD sur leur solde pour commencer \u00e0 n\u00e9gocier. Les comptes Invest MT5 ont un seuil d\u2019entr\u00e9e plus bas, fix\u00e9 \u00e0 1 USD, mais leurs d\u00e9tenteurs ne peuvent pas appliquer d\u2019effet de levier sur les positions d\u2019actions et d\u2019ETF. Les deux types de comptes de trading peuvent \u00eatre libell\u00e9s dans l\u2019une des neuf devises de base suivantes : EUR, USD, GBP, BGN, CHF, RON, PLN, HUF et CZK. Par contre, les comptes Invest ne proposent que trois devises : USD, EUR et RON. Les clients de l\u2019entit\u00e9 agr\u00e9\u00e9e par la CySEC peuvent approvisionner leur compte sans frais suppl\u00e9mentaires via Visa, Mastercard, Klarna, Skrill ou virement bancaire.<\/p>\n<h2 id=\"trade\"><i class=\"ico ico--question\"><\/i>Que pouvez-vous n\u00e9gocier sur Admirals ?<\/h2>\n<p>Les comptes Trade et Zero MT4\/MT5 permettent de n\u00e9gocier 80 paires Forex, 28 cryptomonnaies, 11 contrats \u00e0 terme sur mati\u00e8res premi\u00e8res, 15 CFD sur mati\u00e8res premi\u00e8res, 19 indices, 300 ETF et plus de 3 300 actions. Les obligations sont \u00e9galement disponibles via des CFD. Les titulaires de compte b\u00e9n\u00e9ficient de cotations niveau II, d\u2019un calendrier \u00e9conomique et d\u2019analyses de march\u00e9 fournies par Dow Jones. Les traders professionnels peuvent acc\u00e9der \u00e0 un effet de levier sur le Forex allant jusqu\u2019\u00e0 <a href=\"https:\/\/www.bestbrokers.com\/fr\/forex-brokers\/1-500-leverage-forex-brokers\/\">1:500<\/a>.<\/p>\n<h2 id=\"steps\"><i class=\"ico ico--account\"><\/i>Inscription pas \u00e0 pas chez Admirals (ASIC) \u2013 environ 20 \u00e0 25 minutes au total (v\u00e9rification et test d\u2019ad\u00e9quation inclus)<\/h2>\n<ol class=\"list list--steps\">\n<li>Ouvrez le site du courtier (www.admiralmarkets.com\/fr) dans votre navigateur et cliquez sur le bouton bleu \u00ab S&rsquo;inscrire \u00bb situ\u00e9 en haut \u00e0 droite de l\u2019\u00e9cran pour lancer la proc\u00e9dure d\u2019inscription.<img decoding=\"async\" class=\"aligncenter\" src=\"https:\/\/www.bestbrokers.com\/wp-content\/uploads\/2024\/08\/admirals-account-opening-img-1.webp\" alt=\"Registration Steps\" width=\"900\" \/><\/li>\n<li>S\u00e9lectionnez votre pays et saisissez votre num\u00e9ro de t\u00e9l\u00e9phone, votre adresse e-mail et le mot de passe de votre choix. Vous recevrez ensuite un lien de confirmation par courriel, qui vous permettra de passer \u00e0 l\u2019\u00e9tape suivante de l\u2019inscription.<img decoding=\"async\" class=\"aligncenter\" src=\"https:\/\/www.bestbrokers.com\/wp-content\/uploads\/2024\/08\/admirals-account-opening-img-2.webp\" alt=\"Registration Steps\" width=\"900\" \/><img decoding=\"async\" class=\"aligncenter\" src=\"https:\/\/www.bestbrokers.com\/wp-content\/uploads\/2024\/08\/admirals-account-opening-img-3.webp\" alt=\"Registration Steps\" width=\"900\" \/><\/li>\n<li>Une fois votre adresse mail v\u00e9rifi\u00e9e, choisissez l\u2019option d\u2019ouverture d\u2019un compte r\u00e9el et pr\u00e9cisez si vous souhaitez ouvrir un compte individuel ou professionnel.<img decoding=\"async\" class=\"aligncenter\" src=\"https:\/\/www.bestbrokers.com\/wp-content\/uploads\/2024\/08\/admirals-account-opening-img-4.webp\" alt=\"Registration Steps\" width=\"900\" \/><img decoding=\"async\" class=\"aligncenter\" src=\"https:\/\/www.bestbrokers.com\/wp-content\/uploads\/2024\/08\/admirals-account-opening-img-5.webp\" alt=\"Registration Steps\" width=\"900\" \/><\/li>\n<li>Renseignez vos informations personnelles, notamment votre \u00c9tat\/province, votre ville de r\u00e9sidence et votre adresse actuelle.<img decoding=\"async\" class=\"aligncenter\" src=\"https:\/\/www.bestbrokers.com\/wp-content\/uploads\/2024\/08\/admirals-account-opening-img-6.webp\" alt=\"Registration Steps\" width=\"900\" \/><\/li>\n<\/ol>\n<ol class=\"list list--steps\">\n<li>Fournissez des informations suppl\u00e9mentaires sur votre nationalit\u00e9 et votre situation professionnelle, dont votre secteur d\u2019activit\u00e9 et votre poste actuel. Acceptez les conditions g\u00e9n\u00e9rales pour passer \u00e0 l\u2019\u00e9tape de v\u00e9rification d\u2019identit\u00e9.<img decoding=\"async\" class=\"aligncenter\" src=\"https:\/\/www.bestbrokers.com\/wp-content\/uploads\/2024\/08\/admirals-account-opening-img-7.webp\" alt=\"Registration Steps\" width=\"900\" \/><\/li>\n<li><strong>V\u00e9rification KYC et test d\u2019ad\u00e9quation \u2013 env. 10 minutes. <\/strong>Les nouveaux clients australiens peuvent confirmer leur identit\u00e9 en t\u00e9l\u00e9chargeant des photos de leur permis de conduire, de leur carte d\u2019identit\u00e9 ou de leur passeport.<img decoding=\"async\" class=\"aligncenter\" src=\"https:\/\/www.bestbrokers.com\/wp-content\/uploads\/2024\/08\/admirals-account-opening-img-8.webp\" alt=\"Registration Steps\" width=\"900\" \/>S\u00e9lectionnez le document souhait\u00e9 et chargez les copies de la face avant et arri\u00e8re. Vous pouvez \u00e9galement prendre une photo directement avec la cam\u00e9ra de votre smartphone.<img decoding=\"async\" class=\"aligncenter\" src=\"https:\/\/www.bestbrokers.com\/wp-content\/uploads\/2024\/08\/admirals-account-opening-img-9.webp\" alt=\"Registration Steps\" width=\"900\" \/><\/li>\n<li>Poursuivez la v\u00e9rification d\u2019identit\u00e9 sur votre smartphone en scannant un QR code ou en copiant un lien unique. Vous pouvez aussi demander \u00e0 recevoir le lien par SMS. Ne fermez pas la fen\u00eatre du navigateur utilis\u00e9e pour lancer l\u2019inscription.<img decoding=\"async\" class=\"aligncenter\" src=\"https:\/\/www.bestbrokers.com\/wp-content\/uploads\/2024\/08\/admirals-account-opening-img-10.webp\" alt=\"Registration Steps\" width=\"900\" \/><\/li>\n<li>Vous devez ensuite r\u00e9aliser plusieurs t\u00e2ches, notamment enregistrer une vid\u00e9o de votre visage avec la cam\u00e9ra de votre smartphone. Il s\u2019agit d\u2019une proc\u00e9dure standard chez la plupart des courtiers strictement r\u00e9glement\u00e9s qui souhaitent s\u2019assurer que les nouveaux clients sont bien des personnes r\u00e9elles. Tournez lentement la t\u00eate de gauche \u00e0 droite afin que les deux profils soient visibles.<img decoding=\"async\" class=\"aligncenter\" src=\"https:\/\/www.bestbrokers.com\/wp-content\/uploads\/2024\/08\/admirals-account-opening-img-11.webp\" alt=\"Registration Steps\" width=\"450\" \/><\/li>\n<li>Une fois la vid\u00e9o charg\u00e9e et toutes les t\u00e2ches termin\u00e9es, retournez sur votre ordinateur et t\u00e9l\u00e9chargez un justificatif de domicile, par exemple une facture de services publics r\u00e9cente ou un relev\u00e9 bancaire, afin de finaliser votre v\u00e9rification.<\/li>\n<li>Apr\u00e8s la v\u00e9rification de votre identit\u00e9 et de votre adresse, vous pourrez configurer votre compte. S\u00e9lectionnez un type de compte \u2013 Trade, Invest ou Zero \u2013 selon vos pr\u00e9f\u00e9rences et vos objectifs d\u2019investissement. Vous devez \u00e9galement choisir une plateforme (Trade MT4, Trade MT5, Zero MT4, Zero MT5 ou Invest MT5) et choisir une devise de base.<img decoding=\"async\" class=\"aligncenter\" src=\"https:\/\/www.bestbrokers.com\/wp-content\/uploads\/2024\/08\/admirals-account-opening-img-12.webp\" alt=\"Registration Steps\" width=\"900\" \/><\/li>\n<li>Comme le trading de d\u00e9riv\u00e9s avec effet de levier comporte un risque \u00e9lev\u00e9, Admirals vous invitera \u00e9galement \u00e0 passer un bref test d\u2019ad\u00e9quation destin\u00e9 \u00e0 \u00e9valuer votre aptitude au trading de CFD. Si vous connaissez d\u00e9j\u00e0 les CFD, r\u00e9pondre \u00e0 ces questions ne devrait pas prendre plus de quelques minutes. Apr\u00e8s avoir r\u00e9ussi le questionnaire, il ne vous reste plus qu\u2019\u00e0 attendre la confirmation d\u2019Admirals indiquant que votre compte a \u00e9t\u00e9 v\u00e9rifi\u00e9 avec succ\u00e8s avant de commencer \u00e0 n\u00e9gocier.<img decoding=\"async\" class=\"aligncenter\" src=\"https:\/\/www.bestbrokers.com\/wp-content\/uploads\/2024\/08\/admirals-account-opening-img-13.webp\" alt=\"Registration Steps\" width=\"900\" \/><\/li>\n<\/ol>\n<h2 id=\"conclusion\"><i class=\"ico ico--pen\"><\/i>Conclusion<\/h2>\n<p>Un testeur de Best Brokers a mis environ 20 minutes pour finaliser l\u2019ouverture d\u2019un compte chez Admirals. Nous avions pr\u00e9par\u00e9 \u00e0 l\u2019avance tous les documents n\u00e9cessaires \u00e0 la v\u00e9rification. Si vous ne disposez pas imm\u00e9diatement de vos documents, ce d\u00e9lai peut s\u2019allonger \u00e0 30 ou 40 minutes. Le test d\u2019ad\u00e9quation demande \u00e9galement un peu de temps, surtout si vos connaissances en mati\u00e8re de CFD sont limit\u00e9es. Toutes les \u00e9tapes sont clairement d\u00e9crites et simples \u00e0 suivre, ce qui garantit une inscription relativement fluide pour les nouveaux clients relevant de l\u2019entit\u00e9 ASIC.<\/p>\n","protected":false},"excerpt":{"rendered":"<p>Types de comptes propos\u00e9s par Admirals en bref Admirals propose deux types de comptes de trading pour sp\u00e9culer \u00e0 court terme : Trade MT4\/MT5 et Zero MT4\/MT5. Des comptes Invest MT5 sont \u00e9galement disponibles, mais ils sont con\u00e7us pour l\u2019investissement \u00e0 long terme dans les actions et les fonds n\u00e9goci\u00e9s en bourse (ETF). Les nouveaux [&hellip;]<\/p>\n","protected":false},"author":3,"featured_media":0,"parent":11723,"menu_order":0,"comment_status":"closed","ping_status":"closed","template":"templates\/review.php","meta":{"footnotes":""},"class_list":["post-59581","page","type-page","status-publish","hentry"],"aioseo_notices":[],"_links":{"self":[{"href":"https:\/\/www.bestbrokers.com\/fr\/wp-json\/wp\/v2\/pages\/59581","targetHints":{"allow":["GET"]}}],"collection":[{"href":"https:\/\/www.bestbrokers.com\/fr\/wp-json\/wp\/v2\/pages"}],"about":[{"href":"https:\/\/www.bestbrokers.com\/fr\/wp-json\/wp\/v2\/types\/page"}],"author":[{"embeddable":true,"href":"https:\/\/www.bestbrokers.com\/fr\/wp-json\/wp\/v2\/users\/3"}],"replies":[{"embeddable":true,"href":"https:\/\/www.bestbrokers.com\/fr\/wp-json\/wp\/v2\/comments?post=59581"}],"version-history":[{"count":9,"href":"https:\/\/www.bestbrokers.com\/fr\/wp-json\/wp\/v2\/pages\/59581\/revisions"}],"predecessor-version":[{"id":80801,"href":"https:\/\/www.bestbrokers.com\/fr\/wp-json\/wp\/v2\/pages\/59581\/revisions\/80801"}],"up":[{"embeddable":true,"href":"https:\/\/www.bestbrokers.com\/fr\/wp-json\/wp\/v2\/pages\/11723"}],"wp:attachment":[{"href":"https:\/\/www.bestbrokers.com\/fr\/wp-json\/wp\/v2\/media?parent=59581"}],"curies":[{"name":"wp","href":"https:\/\/api.w.org\/{rel}","templated":true}]}}