{"id":59582,"date":"2025-03-19T09:33:22","date_gmt":"2025-03-19T09:33:22","guid":{"rendered":"https:\/\/www.bestbrokers.com\/?page_id=59582"},"modified":"2025-10-22T13:20:27","modified_gmt":"2025-10-22T13:20:27","slug":"account-opening","status":"publish","type":"page","link":"https:\/\/www.bestbrokers.com\/fr\/reviews\/cmc-markets\/account-opening\/","title":{"rendered":"Comment cr\u00e9er un compte sur CMC Markets"},"content":{"rendered":"<div class=\"author-line\">\u00c9crit par <span class=\"author\">Zornitsa Stefanova<div class=\"author-sub-box\"><div class=\"author-avatar\"><img decoding=\"async\" src=\"https:\/\/www.bestbrokers.com\/wp-content\/uploads\/2024\/09\/zornica-stefanova.jpeg\" \/><\/div><div class=\"author-info-wrapper\"><div class=\"author-name\"><a href=\"https:\/\/www.bestbrokers.com\/fr\/authors\/zornitsa-stefanova\/\">Zornitsa Stefanova<\/a><\/div><div class=\"author-bio\">Zornitsa Stefanova est une analyste exp\u00e9riment\u00e9e dans le domaine du Forex et des cryptomonnaies.  Elle couvre \u00e9galement divers sujets financiers tels que le trading d\u2019actions et les investissements pour la retraite.<\/div><\/div><\/div><\/span>,  <a rel=\"nofollow\" target=\"_blank\" href=\"https:\/\/www.linkedin.com\/in\/zornica-stefanova-73ab39287\/\"><img decoding=\"async\" class=\"social-icon\" src=\"https:\/\/www.bestbrokers.com\/wp-content\/themes\/best-brokers\/assets\/images\/icon-linkedin.svg\" data-no-lazy=\"1\"><\/a> <span class=\"sep\">|<\/span> Traduit par <span class=\"author\">Agnes Orieux<div class=\"author-sub-box\"><div class=\"author-info-wrapper\"><div class=\"author-name\"><a href=\"https:\/\/www.bestbrokers.com\/fr\/authors\/agnes-orieux\/\">Agnes Orieux<\/a><\/div><div class=\"author-bio\">Agnes Orieux est une traductrice et r\u00e9dactrice de l'anglais vers le fran\u00e7ais, avec une exp\u00e9rience dans les march\u00e9s financiers. Elle est la r\u00e9dactrice principale de la version fran\u00e7aise de BestBrokers.com.<\/div><\/div><\/div><\/span> <span class=\"sep\">|<\/span> Mis \u00e0 jour : <time class=\"entry-date\" datetime=\"2025-10-22T13:20:27+00:00\">octobre 22, 2025<\/time><\/div>\n<h2 id=\"brief\"><i class=\"ico ico--assets\"><\/i>Types de compte propos\u00e9s par CMC Markets en bref<\/h2>\n<p>CMC Markets est un courtier qui d\u00e9tient plusieurs licences dans diff\u00e9rentes juridictions, et les types de compte qu&rsquo;il propose peuvent varier selon le pays de r\u00e9sidence des clients. Les nouveaux clients de CMC Markets peuvent ouvrir un compte CFD Trading ou FX Active. Le premier est destin\u00e9 \u00e0 la sp\u00e9culation sur les mouvements de prix du Forex, des indices, des mati\u00e8res premi\u00e8res et des actions ; il propose des spreads serr\u00e9s et des transactions sans commission. Quant aux utilisateurs du compte FX Active, ils b\u00e9n\u00e9ficient de spreads encore plus serr\u00e9s, \u00e0 partir de 0,0 pip sur six paires majeures de Forex, ainsi que de remises de 25 % sur les spreads des autres paires, mais ils s&rsquo;acquittent d&rsquo;une commission fixe de 0,0025 %. Au Royaume-Uni et en Irlande, le courtier propose des comptes de spread betting, qui permettent aux particuliers de r\u00e9aliser des profits exon\u00e9r\u00e9s d&rsquo;imp\u00f4t.<\/p>\n<p>Les comptes CFD Trading et FX Active sont \u00e9galement disponibles en mode d\u00e9mo, et ils autorisent le netting et la hedging. Les utilisateurs peuvent aussi passer des ordres par t\u00e9l\u00e9phone. Les devises de base propos\u00e9es incluent : USD, AUD, GBP, EUR, CAD et SGD, entre autres. Les comptes FX Active permettent le trading via MetaTrader 5 et la plateforme propri\u00e9taire NextGen. MetaTrader 4 est pris en charge pour les comptes CFD Trading standard.<\/p>\n\n\t\t\t\t<div class=\"table\">\n\t\t\t\t\t<table class=\"table table-striped table-bordered\">\n\t\t\t\t\t\t<tr>\n\t\t\t\t\t\t\t<td style=\"width: 250px;\"><strong>Compte d\u00e9mo<\/strong><\/td>\n\t\t\t\t\t\t\t<td><img decoding=\"async\" width=\"24\" height=\"24\" src=\"\/wp-content\/themes\/best-brokers\/assets\/images\/ico-check.svg\" alt=\"Available\" \/><\/td>\n\t\t\t\t\t\t<\/tr>\n\t\t\t\t\t\t<tr>\n\t\t\t\t\t\t\t<td><strong>Islamic Account<\/strong><\/td>\n\t\t\t\t\t\t\t<td><img decoding=\"async\" width=\"24\" height=\"24\" src=\"\/wp-content\/themes\/best-brokers\/assets\/images\/ico-xmark.svg\" alt=\"Not Available\" \/><\/td>\n\t\t\t\t\t\t<\/tr>\n\t\t\t\t\t\t<tr>\n\t\t\t\t\t\t\t<td><strong>Compte ECN<\/strong><\/td>\n\t\t\t\t\t\t\t<td><img decoding=\"async\" width=\"24\" height=\"24\" src=\"\/wp-content\/themes\/best-brokers\/assets\/images\/ico-xmark.svg\" alt=\"Not Available\" \/><\/td>\n\t\t\t\t\t\t<\/tr>\n\t\t\t\t\t\t<tr>\n\t\t\t\t\t\t\t<td><strong>Compte pro<\/strong><\/td>\n\t\t\t\t\t\t\t<td><img decoding=\"async\" width=\"24\" height=\"24\" src=\"\/wp-content\/themes\/best-brokers\/assets\/images\/ico-check.svg\" alt=\"Available\" \/><\/td>\n\t\t\t\t\t\t<\/tr>\n\t\t\t\t\t\t<tr>\n\t\t\t\t\t\t\t<td><strong>MAM Account<\/strong><\/td>\n\t\t\t\t\t\t\t<td><img decoding=\"async\" width=\"24\" height=\"24\" src=\"\/wp-content\/themes\/best-brokers\/assets\/images\/ico-xmark.svg\" alt=\"Not Available\" \/><\/td>\n\t\t\t\t\t\t<\/tr>\n\t\t\t\t\t<\/table>\n\t\t\t\t<\/div>\n\t\t\t\n<h2 id=\"deposit\"><i class=\"ico ico--money-supply\"><\/i>D\u00e9p\u00f4t minimum requis sur CMC Markets<\/h2>\n<p>Aucun d\u00e9p\u00f4t minimum n&rsquo;est exig\u00e9 pour l&rsquo;un ou l&rsquo;autre type de compte. CMC Markets accepte un large \u00e9ventail de m\u00e9thodes de paiement pour alimenter le compte, notamment les cartes de cr\u00e9dit et de d\u00e9bit, le virement en ligne et les virements bancaires classiques. Les paiements par carte entra\u00eenent des frais de traitement de 2 % dans certains pays (Singapour, par exemple), mais les autres m\u00e9thodes sont exemptes de frais de d\u00e9p\u00f4t. L&rsquo;absence de d\u00e9p\u00f4t minimum rend le trading plus accessible, surtout pour les d\u00e9butants et les petits investisseurs disposant d&rsquo;un capital limit\u00e9.<\/p>\n<h2 id=\"what\"><i class=\"ico ico--question\"><\/i>Que pouvez-vous n\u00e9gocier sur CMC Markets ?<\/h2>\n<p>CMC Markets offre aux traders particuliers un vaste choix de plus de 12 000 march\u00e9s financiers accessibles au trading sp\u00e9culatif via des CFD. Les traders peuvent choisir parmi plus de 300 paires de Forex, sachant que les actions, mati\u00e8res premi\u00e8res, indices, ETF, obligations d&rsquo;\u00c9tat, paniers d&rsquo;actions et cryptomonnaies sont \u00e9galement n\u00e9gociables sur CMC Markets. Selon la juridiction, les clients de d\u00e9tail peuvent utiliser un effet de levier allant jusqu&rsquo;\u00e0 1:200 (BMA) ou 1:30 (FCA, ASIC). La protection contre les soldes n\u00e9gatifs est disponible dans la plupart des pays. L&rsquo;ouverture d&rsquo;un compte de spread betting est possible pour les clients du Royaume-Uni et de l&rsquo;Irlande. Le courtier conserve les fonds des clients sur des comptes s\u00e9par\u00e9s aupr\u00e8s de banques de premier rang, ce qui \u00e9vite tout d\u00e9tournement et garantit que l&rsquo;argent des clients n&rsquo;est jamais utilis\u00e9 pour les frais de fonctionnement quotidiens.<\/p>\n<h2 id=\"steps\"><i class=\"ico ico--account\"><\/i>Inscription pas \u00e0 pas sur CMC Markets (BMA) \u2013 20 \u00e0 25 minutes au total<\/h2>\n<ol class=\"list list--steps\">\n<li>Ouvrez le site du courtier dans votre navigateur mobile ou de bureau, puis cliquez sur le bouton bleu \u00ab Ouvrir un compte \u00bb situ\u00e9 dans l\u2019angle sup\u00e9rieur droit pour afficher le formulaire d\u2019inscription. S\u00e9lectionnez ensuite votre plateforme de trading pr\u00e9f\u00e9r\u00e9e (MetaTrader ou NextGen).\n<p><img decoding=\"async\" class=\"aligncenter\" src=\"https:\/\/www.bestbrokers.com\/wp-content\/uploads\/2024\/08\/cmc-account-opening-img-1.webp\" alt=\"Registration Steps\" width=\"900\" \/><\/p>\n<p><img decoding=\"async\" class=\"aligncenter\" src=\"https:\/\/www.bestbrokers.com\/wp-content\/uploads\/2024\/08\/cmc-account-opening-img-2.webp\" alt=\"Registration Steps\" width=\"900\" \/><\/li>\n<li>Un menu d\u00e9roulant s&rsquo;ouvre et vous invite \u00e0 choisir votre juridiction afin d&rsquo;afficher les types de compte disponibles. Saisissez une adresse courriel valide, indiquez le mot de passe de votre choix, puis s\u00e9lectionnez votre type de compte (CFD Trading ou FX Active).\n<p><img decoding=\"async\" class=\"aligncenter\" src=\"https:\/\/www.bestbrokers.com\/wp-content\/uploads\/2024\/08\/cmc-account-opening-img-3.webp\" alt=\"Registration Steps\" width=\"900\" \/><\/p>\n<p><img decoding=\"async\" class=\"aligncenter\" src=\"https:\/\/www.bestbrokers.com\/wp-content\/uploads\/2024\/08\/cmc-account-opening-img-4.webp\" alt=\"Registration Steps\" width=\"900\" \/><\/p>\n<p><img decoding=\"async\" class=\"aligncenter\" src=\"https:\/\/www.bestbrokers.com\/wp-content\/uploads\/2024\/08\/cmc-account-opening-img-5.webp\" alt=\"Registration Steps\" width=\"900\" \/><\/li>\n<li>Renseignez vos donn\u00e9es personnelles, \u00e0 commencer par votre civilit\u00e9, votre num\u00e9ro de t\u00e9l\u00e9phone, votre pr\u00e9nom et votre nom. CMC Markets vous enverra ensuite un code d\u2019activation unique \u00e0 six chiffres que vous devrez saisir pour v\u00e9rifier votre adresse mail et poursuivre l&rsquo;inscription.\n<p><img decoding=\"async\" class=\"aligncenter\" src=\"https:\/\/www.bestbrokers.com\/wp-content\/uploads\/2024\/08\/cmc-account-opening-img-6.webp\" alt=\"Registration Steps\" width=\"900\" \/><br \/>\n<img decoding=\"async\" class=\"aligncenter\" src=\"https:\/\/www.bestbrokers.com\/wp-content\/uploads\/2024\/08\/cmc-account-opening-img-7.webp\" alt=\"Registration Steps\" width=\"900\" \/><br \/>\n<img decoding=\"async\" class=\"aligncenter\" src=\"https:\/\/www.bestbrokers.com\/wp-content\/uploads\/2024\/08\/cmc-account-opening-img-8.webp\" alt=\"Registration Steps\" width=\"900\" \/><\/li>\n<li>Commencez la configuration de votre compte en choisissant votre devise de base, les produits n\u00e9gociables et le type de compte (particulier ou soci\u00e9t\u00e9).\n<p><img decoding=\"async\" class=\"aligncenter\" src=\"https:\/\/www.bestbrokers.com\/wp-content\/uploads\/2024\/08\/cmc-account-opening-img-9.webp\" alt=\"Registration Steps\" width=\"900\" \/><\/li>\n<li>Fournissez des informations personnelles suppl\u00e9mentaires, notamment votre nationalit\u00e9 et votre r\u00e9sidence fiscale. Vous devez \u00e9galement indiquer si vous \u00eates r\u00e9sident am\u00e9ricain ou non.\n<p><img decoding=\"async\" class=\"aligncenter\" src=\"https:\/\/www.bestbrokers.com\/wp-content\/uploads\/2024\/08\/cmc-account-opening-img-10.webp\" alt=\"Registration Steps\" width=\"900\" \/><\/li>\n<li>S\u00e9lectionnez votre situation professionnelle actuelle dans le menu d\u00e9roulant. Vous devez aussi indiquer la raison sociale de votre employeur, le secteur d\u2019activit\u00e9 et pr\u00e9ciser si vous \u00eates ou avez \u00e9t\u00e9 propri\u00e9taire, associ\u00e9 ou dirigeant.\n<p><img decoding=\"async\" class=\"aligncenter\" src=\"https:\/\/www.bestbrokers.com\/wp-content\/uploads\/2024\/08\/cmc-account-opening-img-11.webp\" alt=\"Registration Steps\" width=\"900\" \/><br \/>\n<img decoding=\"async\" class=\"aligncenter\" src=\"https:\/\/www.bestbrokers.com\/wp-content\/uploads\/2024\/08\/cmc-account-opening-img-12.webp\" alt=\"Registration Steps\" width=\"900\" \/><\/li>\n<li>CMC Markets vous demandera ensuite d&rsquo;indiquer vos donn\u00e9es financi\u00e8res, et notamment votre revenu annuel moyen et votre patrimoine net total.\n<p><img decoding=\"async\" class=\"aligncenter\" src=\"https:\/\/www.bestbrokers.com\/wp-content\/uploads\/2024\/08\/cmc-account-opening-img-13.webp\" alt=\"Registration Steps\" width=\"900\" \/><\/li>\n<li>CMC Markets \u00e9valuera ensuite vos connaissances et votre exp\u00e9rience en mati\u00e8re de produits d\u00e9riv\u00e9s en vous invitant \u00e0 remplir un court questionnaire sur vos qualifications et vos op\u00e9rations effectu\u00e9es au cours des trois derni\u00e8res ann\u00e9es.\n<p><img decoding=\"async\" class=\"aligncenter\" src=\"https:\/\/www.bestbrokers.com\/wp-content\/uploads\/2024\/08\/cmc-account-opening-img-14.webp\" alt=\"Registration Steps\" width=\"900\" \/><\/li>\n<li>Vous devez \u00e9galement consentir \u00e0 recevoir des formulaires fiscaux en ligne (le cas \u00e9ch\u00e9ant) et pr\u00e9ciser si vous \u00eates un investisseur particulier ou institutionnel. Lisez les conditions g\u00e9n\u00e9rales et les informations sur les risques du courtier. Envoyez ensuite votre demande pour passer \u00e0 l\u2019\u00e9tape suivante.\n<p><img decoding=\"async\" class=\"aligncenter\" src=\"https:\/\/www.bestbrokers.com\/wp-content\/uploads\/2024\/08\/cmc-account-opening-img-15.webp\" alt=\"Registration Steps\" width=\"900\" \/><\/p>\n<p class=\"text-center\"><i>Consentement \u00e0 la r\u00e9ception des d\u00e9clarations fiscales \u00e9lectroniques (selon le pays). <\/i><\/p>\n<p><img decoding=\"async\" class=\"aligncenter\" src=\"https:\/\/www.bestbrokers.com\/wp-content\/uploads\/2024\/08\/cmc-account-opening-img-16.webp\" alt=\"Registration Steps\" width=\"900\" \/><\/p>\n<p class=\"text-center\"><i>Indication de votre statut d\u2019investisseur particulier ou non.<\/i><\/p>\n<p><img decoding=\"async\" class=\"aligncenter\" src=\"https:\/\/www.bestbrokers.com\/wp-content\/uploads\/2024\/08\/cmc-account-opening-img-17.webp\" alt=\"Registration Steps\" width=\"900\" \/><\/p>\n<p class=\"text-center\"><i>D\u00e9clarations de risque<\/i><\/p>\n<p><img decoding=\"async\" class=\"aligncenter\" src=\"https:\/\/www.bestbrokers.com\/wp-content\/uploads\/2024\/08\/cmc-account-opening-img-18.webp\" alt=\"Registration Steps\" width=\"900\" \/><\/p>\n<p class=\"text-center\"><i>Envoi de la demande d&rsquo;ouverture de compte. <\/i><\/p>\n<\/li>\n<li><strong>V\u00e9rification KYC \u2013 environ 10 minutes<\/strong>Vous \u00eates maintenant arriv\u00e9 \u00e0 la derni\u00e8re \u00e9tape de la cr\u00e9ation de votre compte chez CMC Markets. Le courtier vous demandera alors de v\u00e9rifier votre identit\u00e9 en t\u00e9l\u00e9chargant des photos de vos documents d\u2019identit\u00e9. Vous devez d\u2019abord s\u00e9lectionner votre pays pour conna\u00eetre les pi\u00e8ces accept\u00e9es dans votre r\u00e9gion.\n<p><img decoding=\"async\" class=\"aligncenter\" src=\"https:\/\/www.bestbrokers.com\/wp-content\/uploads\/2024\/08\/cmc-account-opening-img-19.webp\" alt=\"Registration Steps\" width=\"900\" \/><\/p>\n<p>Choisissez le document souhait\u00e9 et t\u00e9l\u00e9chargez les photos du recto et du verso. Assurez-vous que les images soient suffisamment nettes ; le syst\u00e8me vous invitera \u00e0 recommencer si les informations sont illisibles.<\/p>\n<p><img decoding=\"async\" class=\"aligncenter\" src=\"https:\/\/www.bestbrokers.com\/wp-content\/uploads\/2024\/08\/cmc-account-opening-img-20.webp\" alt=\"Registration Steps\" width=\"900\" \/><\/p>\n<p>Une fois vos photos envoy\u00e9es, vous devrez poursuivre la proc\u00e9dure sur votre appareil mobile. Le courtier vous demandera d\u2019enregistrer une courte vid\u00e9o de votre visage avec la cam\u00e9ra de votre smartphone afin de confirmer qu\u2019il correspond aux photos de votre pi\u00e8ce d\u2019identit\u00e9.<\/p>\n<p><img decoding=\"async\" class=\"aligncenter\" src=\"https:\/\/www.bestbrokers.com\/wp-content\/uploads\/2024\/08\/cmc-account-opening-img-21.webp\" alt=\"Registration Steps\" width=\"900\" \/><\/p>\n<p>Pour continuer sur votre t\u00e9l\u00e9phone, vous pouvez soit scanner le QR code g\u00e9n\u00e9r\u00e9 par CMC Markets, soit copier le lien unique dans le navigateur mobile. Nous avons trouv\u00e9 qu\u2019il \u00e9tait plus simple de scanner le QR code.<\/p>\n<p><img decoding=\"async\" class=\"aligncenter\" src=\"https:\/\/www.bestbrokers.com\/wp-content\/uploads\/2024\/08\/cmc-account-opening-img-22.webp\" alt=\"Registration Steps\" width=\"900\" \/><\/p>\n<p>Ensuite, vous devez t\u00e9l\u00e9charger un justificatif de domicile, par exemple une facture d&rsquo;\u00e9lectricit\u00e9 ou d&rsquo;eau r\u00e9cente ou un relev\u00e9 bancaire, afin que CMC Markets puisse confirmer votre adresse actuelle. Une fois tous vos documents KYC envoy\u00e9s, il ne vous reste plus qu\u2019\u00e0 attendre que le service concern\u00e9 examine manuellement votre dossier et vous informe par courriel.<\/li>\n<\/ol>\n<h2 id=\"conclusion\"><i class=\"ico ico--pen\"><\/i>Conclusion<\/h2>\n<p>Dans notre cas, l\u2019inscription compl\u00e8te chez CMC Markets a dur\u00e9 environ 25 minutes, dont 10 consacr\u00e9es \u00e0 la v\u00e9rification d\u2019identit\u00e9. Nous vous recommandons vivement de pr\u00e9parer tous les documents n\u00e9cessaires \u00e0 l\u2019avance afin d\u2019\u00e9viter tout retard suppl\u00e9mentaire. L\u2019ouverture de compte via l\u2019entit\u00e9 r\u00e9glement\u00e9e aux Bermudes s\u2019est r\u00e9v\u00e9l\u00e9e relativement simple et intuitive, avec tr\u00e8s peu d\u2019obstacles. Nous vous conseillons de lire attentivement les d\u00e9clarations de risques, la politique de confidentialit\u00e9 et les conditions g\u00e9n\u00e9rales du courtier avant de commencer votre inscription.<\/p>\n","protected":false},"excerpt":{"rendered":"<p>Types de compte propos\u00e9s par CMC Markets en bref CMC Markets est un courtier qui d\u00e9tient plusieurs licences dans diff\u00e9rentes juridictions, et les types de compte qu&rsquo;il propose peuvent varier selon le pays de r\u00e9sidence des clients. Les nouveaux clients de CMC Markets peuvent ouvrir un compte CFD Trading ou FX Active. Le premier est [&hellip;]<\/p>\n","protected":false},"author":3,"featured_media":0,"parent":11964,"menu_order":0,"comment_status":"closed","ping_status":"closed","template":"templates\/review.php","meta":{"footnotes":""},"class_list":["post-59582","page","type-page","status-publish","hentry"],"aioseo_notices":[],"_links":{"self":[{"href":"https:\/\/www.bestbrokers.com\/fr\/wp-json\/wp\/v2\/pages\/59582","targetHints":{"allow":["GET"]}}],"collection":[{"href":"https:\/\/www.bestbrokers.com\/fr\/wp-json\/wp\/v2\/pages"}],"about":[{"href":"https:\/\/www.bestbrokers.com\/fr\/wp-json\/wp\/v2\/types\/page"}],"author":[{"embeddable":true,"href":"https:\/\/www.bestbrokers.com\/fr\/wp-json\/wp\/v2\/users\/3"}],"replies":[{"embeddable":true,"href":"https:\/\/www.bestbrokers.com\/fr\/wp-json\/wp\/v2\/comments?post=59582"}],"version-history":[{"count":7,"href":"https:\/\/www.bestbrokers.com\/fr\/wp-json\/wp\/v2\/pages\/59582\/revisions"}],"predecessor-version":[{"id":71746,"href":"https:\/\/www.bestbrokers.com\/fr\/wp-json\/wp\/v2\/pages\/59582\/revisions\/71746"}],"up":[{"embeddable":true,"href":"https:\/\/www.bestbrokers.com\/fr\/wp-json\/wp\/v2\/pages\/11964"}],"wp:attachment":[{"href":"https:\/\/www.bestbrokers.com\/fr\/wp-json\/wp\/v2\/media?parent=59582"}],"curies":[{"name":"wp","href":"https:\/\/api.w.org\/{rel}","templated":true}]}}