{"id":59583,"date":"2025-03-19T09:33:22","date_gmt":"2025-03-19T09:33:22","guid":{"rendered":"https:\/\/www.bestbrokers.com\/?page_id=59583"},"modified":"2025-10-22T13:20:44","modified_gmt":"2025-10-22T13:20:44","slug":"account-opening","status":"publish","type":"page","link":"https:\/\/www.bestbrokers.com\/fr\/reviews\/xtb\/account-opening\/","title":{"rendered":"Comment cr\u00e9er un compte sur XTB"},"content":{"rendered":"<div class=\"author-line\">\u00c9crit par <span class=\"author\">Zornitsa Stefanova<div class=\"author-sub-box\"><div class=\"author-avatar\"><img decoding=\"async\" src=\"https:\/\/www.bestbrokers.com\/wp-content\/uploads\/2024\/09\/zornica-stefanova.jpeg\" \/><\/div><div class=\"author-info-wrapper\"><div class=\"author-name\"><a href=\"https:\/\/www.bestbrokers.com\/fr\/authors\/zornitsa-stefanova\/\">Zornitsa Stefanova<\/a><\/div><div class=\"author-bio\">Zornitsa Stefanova est une analyste exp\u00e9riment\u00e9e dans le domaine du Forex et des cryptomonnaies.  Elle couvre \u00e9galement divers sujets financiers tels que le trading d\u2019actions et les investissements pour la retraite.<\/div><\/div><\/div><\/span>,  <a rel=\"nofollow\" target=\"_blank\" href=\"https:\/\/www.linkedin.com\/in\/zornica-stefanova-73ab39287\/\"><img decoding=\"async\" class=\"social-icon\" src=\"https:\/\/www.bestbrokers.com\/wp-content\/themes\/best-brokers\/assets\/images\/icon-linkedin.svg\" data-no-lazy=\"1\"><\/a> <span class=\"sep\">|<\/span> Traduit par <span class=\"author\">Agnes Orieux<div class=\"author-sub-box\"><div class=\"author-info-wrapper\"><div class=\"author-name\"><a href=\"https:\/\/www.bestbrokers.com\/fr\/authors\/agnes-orieux\/\">Agnes Orieux<\/a><\/div><div class=\"author-bio\">Agnes Orieux est une traductrice et r\u00e9dactrice de l'anglais vers le fran\u00e7ais, avec une exp\u00e9rience dans les march\u00e9s financiers. Elle est la r\u00e9dactrice principale de la version fran\u00e7aise de BestBrokers.com.<\/div><\/div><\/div><\/span> <span class=\"sep\">|<\/span> Mis \u00e0 jour : <time class=\"entry-date\" datetime=\"2025-10-22T13:20:44+00:00\">octobre 22, 2025<\/time><\/div>\n<h2 id=\"brief\"><i class=\"ico ico--assets\"><\/i>Types de compte propos\u00e9s par XTB en bref<\/h2>\n<p>En Europe, XTB propose un seul compte de d\u00e9tail principal qui permet de n\u00e9gocier les contrats sur diff\u00e9rence (CFD) sans commission. L\u2019ouverture et la tenue d\u2019un compte r\u00e9el sont gratuites pour les traders actifs, et la taille minimale de transaction est de 0,01 lot. Les comptes r\u00e9els permettent de n\u00e9gocier depuis un ordinateur de bureau, un mobile ou une tablette.<\/p>\n<p>Les transactions sont trait\u00e9es en euros par l\u2019entit\u00e9 r\u00e9glement\u00e9e par la CySEC, mais d\u2019autres devises de base sont disponibles pour les clients hors UE. Nous appr\u00e9cions le fait que le courtier n\u2019applique aucun frais de d\u00e9p\u00f4t. Les utilisateurs potentiels doivent toutefois garder \u00e0 l\u2019esprit qu\u2019un compte inactif est factur\u00e9 10 \u20ac par mois apr\u00e8s une ann\u00e9e d\u2019inactivit\u00e9.<\/p>\n\n\t\t\t\t<div class=\"table\">\n\t\t\t\t\t<table class=\"table table-striped table-bordered\">\n\t\t\t\t\t\t<tr>\n\t\t\t\t\t\t\t<td style=\"width: 250px;\"><strong>Compte d\u00e9mo<\/strong><\/td>\n\t\t\t\t\t\t\t<td><img decoding=\"async\" width=\"24\" height=\"24\" src=\"\/wp-content\/themes\/best-brokers\/assets\/images\/ico-check.svg\" alt=\"Available\" \/><\/td>\n\t\t\t\t\t\t<\/tr>\n\t\t\t\t\t\t<tr>\n\t\t\t\t\t\t\t<td><strong>Islamic Account<\/strong><\/td>\n\t\t\t\t\t\t\t<td><img decoding=\"async\" width=\"24\" height=\"24\" src=\"\/wp-content\/themes\/best-brokers\/assets\/images\/ico-check.svg\" alt=\"Available\" \/><\/td>\n\t\t\t\t\t\t<\/tr>\n\t\t\t\t\t\t<tr>\n\t\t\t\t\t\t\t<td><strong>Compte ECN<\/strong><\/td>\n\t\t\t\t\t\t\t<td><img decoding=\"async\" width=\"24\" height=\"24\" src=\"\/wp-content\/themes\/best-brokers\/assets\/images\/ico-xmark.svg\" alt=\"Not Available\" \/><\/td>\n\t\t\t\t\t\t<\/tr>\n\t\t\t\t\t\t<tr>\n\t\t\t\t\t\t\t<td><strong>Compte pro<\/strong><\/td>\n\t\t\t\t\t\t\t<td><img decoding=\"async\" width=\"24\" height=\"24\" src=\"\/wp-content\/themes\/best-brokers\/assets\/images\/ico-check.svg\" alt=\"Available\" \/><\/td>\n\t\t\t\t\t\t<\/tr>\n\t\t\t\t\t\t<tr>\n\t\t\t\t\t\t\t<td><strong>MAM Account<\/strong><\/td>\n\t\t\t\t\t\t\t<td><img decoding=\"async\" width=\"24\" height=\"24\" src=\"\/wp-content\/themes\/best-brokers\/assets\/images\/ico-xmark.svg\" alt=\"Not Available\" \/><\/td>\n\t\t\t\t\t\t<\/tr>\n\t\t\t\t\t<\/table>\n\t\t\t\t<\/div>\n\t\t\t\n<h2 id=\"deposit\"><i class=\"ico ico--money-supply\"><\/i>D\u00e9p\u00f4t minimum sur XTB<\/h2>\n<p>Les nouveaux clients peuvent alimenter leur compte r\u00e9el avec le montant de leur choix, car XTB n\u2019impose aucun d\u00e9p\u00f4t minimum. Les d\u00e9p\u00f4ts sont gratuits, mais les retraits inf\u00e9rieurs \u00e0 100 \u20ac entra\u00eenent des frais de traitement suppl\u00e9mentaires de 10 \u20ac. Le courtier s\u00e9pare les fonds des clients de son capital op\u00e9rationnel conform\u00e9ment aux exigences r\u00e9glementaires de la CySEC. Plusieurs m\u00e9thodes de d\u00e9p\u00f4t instantan\u00e9 sont disponibles, notamment Visa, Mastercard, Maestro, Skrill, PayPal, PayU et Ecommpay. Aucun frais ne s\u2019applique pour la conversion de devises suppl\u00e9mentaires.<\/p>\n<h2 id=\"what\"><i class=\"ico ico--question\"><\/i>Que pouvez-vous n\u00e9gocier avec un compte r\u00e9el XTB ?<\/h2>\n<p>Ouvrir un compte r\u00e9el chez XTB vous permet de sp\u00e9culer sur les fluctuations de prix de plus de 2 000 march\u00e9s \u00e0 effet de levier, dont plus de 70 paires de devises avec des spreads \u00e0 partir de 0,8 pip. L\u2019effet de levier sur le Forex est limit\u00e9 \u00e0 1:30 pour les clients de d\u00e9tail. Le courtier assure une protection contre le solde n\u00e9gatif \u00e0 tous les clients particuliers, ce qui leur \u00e9vite de se retrouver en d\u00e9ficit. Il est \u00e9galement possible de n\u00e9gocier des indices, mati\u00e8res premi\u00e8res, actions, cryptomonnaies et ETF chez XTB. Les ordres sont ex\u00e9cut\u00e9s via la plateforme propri\u00e9taire xStation5. \u00c0 notre connaissance, MT4 est disponible uniquement pour les comptes de d\u00e9monstration.<\/p>\n<h2 id=\"steps\"><i class=\"ico ico--account\"><\/i>Inscription pas \u00e0 pas sur XTB \u2013 environ 20 minutes au total<\/h2>\n<ol class=\"list list--steps\">\n<li>Ouvrez www.xtb.com\/fr dans votre navigateur mobile ou sur ordinateur, puis cliquez sur le bouton vert \u00ab Rejoignez XTB \u00bb situ\u00e9 dans l\u2019angle sup\u00e9rieur droit de la page d\u2019accueil.\n<p><img decoding=\"async\" class=\"aligncenter\" src=\"https:\/\/www.bestbrokers.com\/wp-content\/uploads\/2024\/08\/xtb-account-opening-img-1.webp\" alt=\"Registration Steps\" width=\"900\" \/><\/li>\n<li>Saisissez votre adresse e-mail, choisissez votre pays dans le menu d\u00e9roulant et cochez les cases ci-dessous pour accepter les conditions g\u00e9n\u00e9rales. Cr\u00e9ez ensuite un mot de passe robuste qui vous permettra d\u2019acc\u00e9der \u00e0 votre compte r\u00e9el.\n<p><img decoding=\"async\" class=\"aligncenter\" src=\"https:\/\/www.bestbrokers.com\/wp-content\/uploads\/2024\/08\/xtb-account-opening-img-2.webp\" alt=\"Registration Steps\" width=\"900\" \/><\/li>\n<li><strong>Renseignez vos donn\u00e9es personnelles<\/strong> dans le formulaire d\u2019inscription, notamment votre civilit\u00e9, vos nom, pr\u00e9nom, lieu et date de naissance.\n<p><img decoding=\"async\" class=\"aligncenter\" src=\"https:\/\/www.bestbrokers.com\/wp-content\/uploads\/2024\/08\/xtb-account-opening-img-3-1.webp\" alt=\"Registration Steps\" width=\"450\" \/><\/p>\n<p>Vous devez \u00e9galement indiquer votre nationalit\u00e9 et saisir votre num\u00e9ro d\u2019identification nationale. Cochez les cases correspondantes ci-dessous pour confirmer que vous n\u2019\u00eates pas ressortissant am\u00e9ricain et que vous \u00eates le propri\u00e9taire l\u00e9gitime des fonds d\u00e9pos\u00e9s sur votre compte.<\/p>\n<p><img decoding=\"async\" class=\"aligncenter\" src=\"https:\/\/www.bestbrokers.com\/wp-content\/uploads\/2024\/08\/xtb-account-opening-img-4-1.webp\" alt=\"Registration Steps\" width=\"450\" \/><\/p>\n<p>Saisissez votre adresse actuelle, y compris le nom de la rue, le num\u00e9ro du b\u00e2timent et de l\u2019appartement, le code postal et la ville.<\/p>\n<p><img decoding=\"async\" class=\"aligncenter\" src=\"https:\/\/www.bestbrokers.com\/wp-content\/uploads\/2024\/08\/xtb-account-opening-img-5-1.webp\" alt=\"Registration Steps\" width=\"450\" \/><\/p>\n<p>S\u00e9lectionnez votre langue pr\u00e9f\u00e9r\u00e9e et saisissez un code promotionnel si vous en poss\u00e9dez un.<\/p>\n<p><img decoding=\"async\" class=\"aligncenter\" src=\"https:\/\/www.bestbrokers.com\/wp-content\/uploads\/2024\/08\/xtb-account-opening-img-6-1.webp\" alt=\"Registration Steps\" width=\"450\" \/><\/li>\n<li><strong>Vient maintenant le test d\u2019ad\u00e9quation client de XTB<\/strong> qui vise \u00e0 d\u00e9terminer si vous disposez des connaissances et de l\u2019exp\u00e9rience n\u00e9cessaires pour n\u00e9gocier des instruments \u00e0 haut risque avec effet de levier. On vous demandera, par exemple, \u00e0 quelle fr\u00e9quence vous avez n\u00e9goci\u00e9 des actions, obligations, contrats \u00e0 terme, options, swaps, etc.\n<p><img decoding=\"async\" class=\"aligncenter\" src=\"https:\/\/www.bestbrokers.com\/wp-content\/uploads\/2024\/08\/xtb-account-opening-img-7-1.webp\" alt=\"Registration Steps\" width=\"450\" \/><\/p>\n<p>Vous devrez aussi indiquer le volume annuel moyen de vos transactions et le niveau moyen d\u2019effet de levier utilis\u00e9. Pr\u00e9cisez la taille moyenne des positions que vous comptez ouvrir chez XTB, ainsi que votre niveau d\u2019\u00e9tudes ou qualification dans le domaine des march\u00e9s financiers.<\/p>\n<p><img decoding=\"async\" class=\"aligncenter\" src=\"https:\/\/www.bestbrokers.com\/wp-content\/uploads\/2024\/08\/xtb-account-opening-img-8-1.webp\" alt=\"Registration Steps\" width=\"450\" \/><\/p>\n<p>Puis vous devrez <strong>remplir un court questionnaire<\/strong> afin que XTB puisse \u00e9valuer votre expertise dans la n\u00e9gociation d\u2019instruments d\u00e9riv\u00e9s \u00e0 effet de levier. Si vous avez d\u00e9j\u00e0 de l\u2019exp\u00e9rience sur les CFD, ces questions devraient \u00eatre simples.<\/p>\n<p><img decoding=\"async\" class=\"aligncenter\" src=\"https:\/\/www.bestbrokers.com\/wp-content\/uploads\/2024\/08\/xtb-account-opening-img-9-1.webp\" alt=\"Registration Steps\" width=\"450\" \/><\/li>\n<li>Vient ensuite l\u2019<strong>\u00e9valuation financi\u00e8re<\/strong>. XTB vous interrogera sur vos objectifs d\u2019investissement, votre \u00e9pargne et votre revenu annuel disponible.\n<p><img decoding=\"async\" class=\"aligncenter\" src=\"https:\/\/www.bestbrokers.com\/wp-content\/uploads\/2024\/08\/xtb-account-opening-img-10-1.webp\" alt=\"Registration Steps\" width=\"450\" \/><\/li>\n<li>Cochez les cases pour accepter les conditions d\u2019utilisation et confirmer que vous avez lu l\u2019avertissement sur les risques du courtier. Vous devez \u00e9galement indiquer si vous \u00eates une personne politiquement expos\u00e9e (PEP), donc potentiellement plus vuln\u00e9rable \u00e0 la corruption ou aux pots-de-vin. Le cas \u00e9ch\u00e9ant, vous devrez remplir un formulaire sp\u00e9cifique de d\u00e9claration PEP.\n<p><img decoding=\"async\" class=\"aligncenter\" src=\"https:\/\/www.bestbrokers.com\/wp-content\/uploads\/2024\/08\/xtb-account-opening-img-11-1.webp\" alt=\"Registration Steps\" width=\"450\" \/><\/p>\n<p>Votre nouveau compte r\u00e9el est d\u00e9sormais cr\u00e9\u00e9 ; vous pouvez poursuivre avec la v\u00e9rification KYC.<\/p>\n<p><img decoding=\"async\" class=\"aligncenter\" src=\"https:\/\/www.bestbrokers.com\/wp-content\/uploads\/2024\/08\/xtb-account-opening-img-12-1.webp\" alt=\"Registration Steps\" width=\"450\" \/><\/li>\n<li><strong>V\u00e9rification KYC du compte XTB \u2013 5 \u00e0 10 minutes en moyenne<\/strong>\n<p>Cliquez sur le bouton vert pour acc\u00e9der \u00e0 votre nouveau compte r\u00e9el, puis s\u00e9lectionnez \u00ab V\u00e9rifier le compte \u00bb en bas \u00e0 gauche de l\u2019\u00e9cran.<\/p>\n<p><img decoding=\"async\" class=\"aligncenter\" src=\"https:\/\/www.bestbrokers.com\/wp-content\/uploads\/2024\/08\/xtb-account-opening-img-13.webp\" alt=\"Registration Steps\" width=\"900\" \/><\/li>\n<li>T\u00e9l\u00e9chargez des photos de votre pi\u00e8ce d\u2019identit\u00e9 (passeport ou carte d\u2019identit\u00e9) dans l\u2019un des formats pris en charge (jpg, png ou pdf). La taille de chaque fichier ne doit pas d\u00e9passer 12 Mo. XTB accepte les photos, scans et captures d\u2019\u00e9cran, \u00e0 condition que toutes les informations soient lisibles. Les dates de d\u00e9livrance et d\u2019expiration doivent \u00e9galement \u00eatre visibles.\n<p><img decoding=\"async\" class=\"aligncenter\" src=\"https:\/\/www.bestbrokers.com\/wp-content\/uploads\/2024\/08\/xtb-account-opening-img-14.webp\" alt=\"Registration Steps\" width=\"900\" \/><\/li>\n<li>Vous touchez au but ; il ne vous reste qu\u2019\u00e0 t\u00e9l\u00e9charger un document attestant de votre adresse actuelle. XTB accepte un large \u00e9ventail de justificatifs : factures d&rsquo;\u00e9lectricit\u00e9 ou d&rsquo;eau, relev\u00e9s ou courriers bancaires, certificats de r\u00e9sidence, avis de taxe municipale, attestations fiscales ou certificats d\u2019organismes de retraite.\n<p><img decoding=\"async\" class=\"aligncenter\" src=\"https:\/\/www.bestbrokers.com\/wp-content\/uploads\/2024\/08\/xtb-account-opening-img-15.webp\" alt=\"Registration Steps\" width=\"900\" \/><\/li>\n<li>F\u00e9licitations, votre compte de trading XTB a bien \u00e9t\u00e9 cr\u00e9\u00e9. Il vous faut d\u00e9sormais attendre la validation manuelle de vos documents avant de pouvoir d\u00e9poser des fonds et passer des ordres. L\u2019\u00e9quipe a approuv\u00e9 les documents de notre testeur en quelques heures, mais ce d\u00e9lai d\u00e9pend de la charge de travail du service. L\u2019\u00e9quipe XTB vous informera du r\u00e9sultat de la v\u00e9rification par mail.\n<p><img decoding=\"async\" class=\"aligncenter\" src=\"https:\/\/www.bestbrokers.com\/wp-content\/uploads\/2024\/08\/xtb-account-opening-img-15.webp\" alt=\"Registration Steps\" width=\"900\" \/><\/li>\n<\/ol>\n<h2 id=\"conclusion\"><i class=\"ico ico--pen\"><\/i>Conclusion<\/h2>\n<p>L\u2019inscription via l\u2019entit\u00e9 r\u00e9gul\u00e9e par la CySEC est relativement simple, surtout si vous avez tous les documents n\u00e9cessaires sous la main. Vous pouvez achever l\u2019ensemble de la proc\u00e9dure depuis votre ordinateur ou votre t\u00e9l\u00e9phone mobile en environ 20 minutes, \u00e0 condition de pouvoir r\u00e9pondre rapidement aux questions d\u2019ad\u00e9quation. XTB traite \u00e9galement les documents de v\u00e9rification avec c\u00e9l\u00e9rit\u00e9, ce qui permet aux nouveaux clients de commencer \u00e0 trader en quelques heures.<\/p>\n","protected":false},"excerpt":{"rendered":"<p>Types de compte propos\u00e9s par XTB en bref En Europe, XTB propose un seul compte de d\u00e9tail principal qui permet de n\u00e9gocier les contrats sur diff\u00e9rence (CFD) sans commission. L\u2019ouverture et la tenue d\u2019un compte r\u00e9el sont gratuites pour les traders actifs, et la taille minimale de transaction est de 0,01 lot. Les comptes r\u00e9els [&hellip;]<\/p>\n","protected":false},"author":3,"featured_media":0,"parent":11742,"menu_order":0,"comment_status":"closed","ping_status":"closed","template":"templates\/review.php","meta":{"footnotes":""},"class_list":["post-59583","page","type-page","status-publish","hentry"],"aioseo_notices":[],"_links":{"self":[{"href":"https:\/\/www.bestbrokers.com\/fr\/wp-json\/wp\/v2\/pages\/59583","targetHints":{"allow":["GET"]}}],"collection":[{"href":"https:\/\/www.bestbrokers.com\/fr\/wp-json\/wp\/v2\/pages"}],"about":[{"href":"https:\/\/www.bestbrokers.com\/fr\/wp-json\/wp\/v2\/types\/page"}],"author":[{"embeddable":true,"href":"https:\/\/www.bestbrokers.com\/fr\/wp-json\/wp\/v2\/users\/3"}],"replies":[{"embeddable":true,"href":"https:\/\/www.bestbrokers.com\/fr\/wp-json\/wp\/v2\/comments?post=59583"}],"version-history":[{"count":5,"href":"https:\/\/www.bestbrokers.com\/fr\/wp-json\/wp\/v2\/pages\/59583\/revisions"}],"predecessor-version":[{"id":71748,"href":"https:\/\/www.bestbrokers.com\/fr\/wp-json\/wp\/v2\/pages\/59583\/revisions\/71748"}],"up":[{"embeddable":true,"href":"https:\/\/www.bestbrokers.com\/fr\/wp-json\/wp\/v2\/pages\/11742"}],"wp:attachment":[{"href":"https:\/\/www.bestbrokers.com\/fr\/wp-json\/wp\/v2\/media?parent=59583"}],"curies":[{"name":"wp","href":"https:\/\/api.w.org\/{rel}","templated":true}]}}