{"id":59584,"date":"2025-03-19T09:33:22","date_gmt":"2025-03-19T09:33:22","guid":{"rendered":"https:\/\/www.bestbrokers.com\/?page_id=59584"},"modified":"2026-03-11T09:44:34","modified_gmt":"2026-03-11T09:44:34","slug":"account-opening","status":"publish","type":"page","link":"https:\/\/www.bestbrokers.com\/fr\/reviews\/vantage-fx\/account-opening\/","title":{"rendered":"Comment cr\u00e9er un compte sur Vantage"},"content":{"rendered":"<div class=\"author-line\">\u00c9crit par <span class=\"author\">Zornitsa Stefanova<div class=\"author-sub-box\"><div class=\"author-avatar\"><img decoding=\"async\" src=\"https:\/\/www.bestbrokers.com\/wp-content\/uploads\/2024\/09\/zornica-stefanova.jpeg\" \/><\/div><div class=\"author-info-wrapper\"><div class=\"author-name\"><a href=\"https:\/\/www.bestbrokers.com\/fr\/authors\/zornitsa-stefanova\/\">Zornitsa Stefanova<\/a><\/div><div class=\"author-bio\">Zornitsa Stefanova est une analyste exp\u00e9riment\u00e9e dans le domaine du Forex et des cryptomonnaies.  Elle couvre \u00e9galement divers sujets financiers tels que le trading d\u2019actions et les investissements pour la retraite.<\/div><\/div><\/div><\/span>,  <a rel=\"nofollow\" target=\"_blank\" href=\"https:\/\/www.linkedin.com\/in\/zornica-stefanova-73ab39287\/\"><img decoding=\"async\" class=\"social-icon\" src=\"https:\/\/www.bestbrokers.com\/wp-content\/themes\/best-brokers\/assets\/images\/icon-linkedin.svg\" data-no-lazy=\"1\"><\/a> <span class=\"sep\">|<\/span> Traduit par <span class=\"author\">Agnes Orieux<div class=\"author-sub-box\"><div class=\"author-info-wrapper\"><div class=\"author-name\"><a href=\"https:\/\/www.bestbrokers.com\/fr\/authors\/agnes-orieux\/\">Agnes Orieux<\/a><\/div><div class=\"author-bio\">Agnes Orieux est une traductrice et r\u00e9dactrice de l'anglais vers le fran\u00e7ais, avec une exp\u00e9rience dans les march\u00e9s financiers. Elle est la r\u00e9dactrice principale de la version fran\u00e7aise de BestBrokers.com.<\/div><\/div><\/div><\/span> <span class=\"sep\">|<\/span> Mis \u00e0 jour : <time class=\"entry-date\" datetime=\"2026-03-11T09:44:34+00:00\">mars 11, 2026<\/time><\/div>\n<h2 id=\"brief\"><i class=\"ico ico--assets\"><\/i>Types de compte propos\u00e9s par Vantage en bref<\/h2>\n<p>L\u2019entit\u00e9 offshore de Vantage propose quatre principaux types de comptes, adapt\u00e9s aux traders de tous niveaux d\u2019exp\u00e9rience. Les comptes <strong>Standard STP<\/strong> s\u2019adressent aux d\u00e9butants qui souhaitant faire du trading sans commission tout en b\u00e9n\u00e9ficiant d\u2019un acc\u00e8s direct au march\u00e9, avec des spreads \u00e0 partir de 1,1 pip. Les clients qui recherchent des prix bruts peuvent ouvrir des comptes <strong>Raw ECN,<\/strong> qui offrent des spreads minimaux \u00e0 partirde 0,0 pip et des commissions fixes aller-retour de 6 $ par lot standard.<\/p>\n<p>Les comptes <strong>Pro ECN<\/strong> constituent une option int\u00e9ressante pour les traders exp\u00e9riment\u00e9s exer\u00e7ant \u00e0 titre professionnel. Ce type de compte propose \u00e9galement des spreads \u00e0 partir de 0,0 pip, mais les commissions aller-retour par lot standard sont plus faibles, de 3 $. Vantage r\u00e9pond en outre aux besoins des clients islamiques gr\u00e2ce \u00e0 ses <strong>comptes sans swap<\/strong>. Tous les types de comptes disponibles requi\u00e8rent une position minimale de 0,01 lot et prennent en charge 10 devises fiduci\u00e8res de base, dont EUR, GBP, USD, AUD, JPY, CAD et PLN.<\/p>\n<p>L\u2019ouverture d\u2019un compte d\u00e9mo est \u00e9galement possible sur Vantage, et permet aux traders de commencer \u00e0 s\u2019entra\u00eener en moins de 30 secondes. Ils disposent de 100 000 $ de fonds virtuels pour tester leurs strat\u00e9gies sans risque.<\/p>\n\n\t\t\t\t<div class=\"table\">\n\t\t\t\t\t<table class=\"table table-striped table-bordered\">\n\t\t\t\t\t\t<tr>\n\t\t\t\t\t\t\t<td style=\"width: 250px;\"><strong>Compte d\u00e9mo<\/strong><\/td>\n\t\t\t\t\t\t\t<td><img decoding=\"async\" width=\"24\" height=\"24\" src=\"\/wp-content\/themes\/best-brokers\/assets\/images\/ico-check.svg\" alt=\"Available\" \/><\/td>\n\t\t\t\t\t\t<\/tr>\n\t\t\t\t\t\t<tr>\n\t\t\t\t\t\t\t<td><strong>Islamic Account<\/strong><\/td>\n\t\t\t\t\t\t\t<td><img decoding=\"async\" width=\"24\" height=\"24\" src=\"\/wp-content\/themes\/best-brokers\/assets\/images\/ico-check.svg\" alt=\"Available\" \/><\/td>\n\t\t\t\t\t\t<\/tr>\n\t\t\t\t\t\t<tr>\n\t\t\t\t\t\t\t<td><strong>Compte ECN<\/strong><\/td>\n\t\t\t\t\t\t\t<td><img decoding=\"async\" width=\"24\" height=\"24\" src=\"\/wp-content\/themes\/best-brokers\/assets\/images\/ico-check.svg\" alt=\"Available\" \/><\/td>\n\t\t\t\t\t\t<\/tr>\n\t\t\t\t\t\t<tr>\n\t\t\t\t\t\t\t<td><strong>Compte pro<\/strong><\/td>\n\t\t\t\t\t\t\t<td><img decoding=\"async\" width=\"24\" height=\"24\" src=\"\/wp-content\/themes\/best-brokers\/assets\/images\/ico-check.svg\" alt=\"Available\" \/><\/td>\n\t\t\t\t\t\t<\/tr>\n\t\t\t\t\t\t<tr>\n\t\t\t\t\t\t\t<td><strong>MAM Account<\/strong><\/td>\n\t\t\t\t\t\t\t<td><img decoding=\"async\" width=\"24\" height=\"24\" src=\"\/wp-content\/themes\/best-brokers\/assets\/images\/ico-check.svg\" alt=\"Available\" \/><\/td>\n\t\t\t\t\t\t<\/tr>\n\t\t\t\t\t<\/table>\n\t\t\t\t<\/div>\n\t\t\t\n<h2 id=\"deposit\"><i class=\"ico ico--money-supply\"><\/i>Exigences de d\u00e9p\u00f4t minimum sur Vantage<\/h2>\n<p>Le d\u00e9p\u00f4t minimum pour les comptes Standard STP, Raw ECN et sans swap est de 50 $, ce qui correspond \u00e0 la moyenne du secteur. Les traders \u00e0 fort volume utilisant un compte Pro ECN doivent verser au moins 10 000 $ sur leur solde r\u00e9el. Vantage accepte un large \u00e9ventail de m\u00e9thodes de paiement, notamment les virements bancaires, les cartes, les cryptomonnaies et les portefeuilles \u00e9lectroniques tels que PayPal, Skrill, Neteller, Perfect Money, Sticpay et AstroPay.<\/p>\n<p>Aucun frais suppl\u00e9mentaire n\u2019est appliqu\u00e9 aux d\u00e9p\u00f4ts et aux retraits. Les d\u00e9p\u00f4ts sont instantan\u00e9s avec la plupart des m\u00e9thodes accept\u00e9es, \u00e0 l\u2019exception des virements bancaires et des transferts entre courtiers, qui prennent respectivement jusqu\u2019\u00e0 24 heures et de 3 \u00e0 5 jours ouvrables. Les retraits n\u00e9cessitent de 1 \u00e0 5 jours ouvrables, selon la solution de paiement.<\/p>\n<h2 id=\"what\"><i class=\"ico ico--question\"><\/i>Quels instruments pouvez-vous n\u00e9gocier avec les comptes r\u00e9els Vantage<\/h2>\n<p>Les d\u00e9tenteurs d\u2019un compte r\u00e9el ont acc\u00e8s \u00e0 plus de 1 000 march\u00e9s financiers, dont plus de 40 paires de devises, des indices, des mati\u00e8res premi\u00e8res et des actions. Les clients peuvent connecter leurs comptes \u00e0 MT4 ou MT5. TradingView et ProTrader sont \u00e9galement pris en charge. L\u2019effet de levier maximal est limit\u00e9 \u00e0 1:30 pour les clients britanniques et australiens. Les clients inscrits aupr\u00e8s de l\u2019entit\u00e9 offshore peuvent b\u00e9n\u00e9ficier d\u2019un levier allant jusqu\u2019\u00e0 1:500. La taille des ordres varie de 0,01 \u00e0 100 lots. Le copy trading est propos\u00e9 via l\u2019application Vantage.<\/p>\n<h2 id=\"steps\"><i class=\"ico ico--account\"><\/i>Inscription \u00e9tape par \u00e9tape sur Vantage \u2013 15 \u00e0 20 minutes au total<\/h2>\n<ol class=\"list list--steps\">\n<li>Rendez-vous sur le site officiel de Vantage et cliquez ou appuyez sur le bouton orange \u00ab S\u2019inscrire \u00bb (ou \u00ab Register \u00bb) situ\u00e9 dans le coin sup\u00e9rieur droit de votre \u00e9cran (ordinateur ou mobile).\n<p><img decoding=\"async\" class=\"aligncenter\" src=\"https:\/\/www.bestbrokers.com\/wp-content\/uploads\/2024\/08\/vantage-account-opening-1.webp\" alt=\"Registration Steps\" width=\"900\" \/><\/li>\n<li>Commencez l&rsquo;inscription en renseignant votre pays, votre adresse e-mail et votre mot de passe. Indiquez si vous ouvrez un compte personnel ou professionnel. Vantage vous enverra un code de v\u00e9rification unique \u00e0 six chiffres pour confirmer votre adresse e-mail. Acceptez les conditions de la politique de confidentialit\u00e9 pour passer \u00e0 l&rsquo;\u00e9tape suivante.\n<p><img decoding=\"async\" class=\"aligncenter\" src=\"https:\/\/www.bestbrokers.com\/wp-content\/uploads\/2024\/08\/vantage-account-opening-2.webp\" alt=\"Registration Steps\" width=\"900\" \/><\/li>\n<li>Renseignez vos <strong>donn\u00e9es personnelles<\/strong> dans le formulaire d&rsquo;inscription, notamment vos pr\u00e9nom, nom de famille, sexe, date de naissance, num\u00e9ro de t\u00e9l\u00e9phone, pays et nationalit\u00e9.\n<p><img decoding=\"async\" class=\"aligncenter\" src=\"https:\/\/www.bestbrokers.com\/wp-content\/uploads\/2024\/08\/vantage-account-opening-3.webp\" alt=\"Registration Steps\" width=\"900\" \/><\/li>\n<li>Poursuivez la <strong>configuration du compte<\/strong> en s\u00e9lectionnant votre plateforme de trading pr\u00e9f\u00e9r\u00e9e, le type de compte et la devise de base. Vous pouvez \u00e9galement effectuer des transactions en Bitcoin et en Ethereum. Cochez la case ci-dessous pour indiquer que vous acceptez les conditions g\u00e9n\u00e9rales.\n<p><img decoding=\"async\" class=\"aligncenter\" src=\"https:\/\/www.bestbrokers.com\/wp-content\/uploads\/2024\/08\/vantage-account-opening-4.webp\" alt=\"Registration Steps\" width=\"900\" \/><\/p>\n<p>\u00c0 ce stade, vous avez termin\u00e9 votre demande d&rsquo;ouverture de compte et pouvez d\u00e9sormais d\u00e9poser des fonds sur votre solde r\u00e9el. Il convient toutefois de souligner que les nouveaux clients doivent v\u00e9rifier leur identit\u00e9 avant que Vantage ne les autorise \u00e0 passer des ordres en argent r\u00e9el.<\/p>\n<p><img decoding=\"async\" class=\"aligncenter\" src=\"https:\/\/www.bestbrokers.com\/wp-content\/uploads\/2024\/08\/vantage-account-opening-5.webp\" alt=\"Registration Steps\" width=\"900\" \/><\/li>\n<li><strong>V\u00e9rification KYC du compte Vantage \u2013 5 \u00e0 10 minutes<\/strong>\n<p>Apr\u00e8s avoir s\u00e9lectionn\u00e9 la v\u00e9rification d\u2019identit\u00e9, le courtier vous invitera \u00e0 t\u00e9l\u00e9charger des photos de vos documents d\u2019identit\u00e9 afin de prouver que vous \u00eates bien le titulaire du compte. Commencez par confirmer votre pays de r\u00e9sidence.<\/p>\n<p><img decoding=\"async\" class=\"aligncenter\" src=\"https:\/\/www.bestbrokers.com\/wp-content\/uploads\/2024\/08\/vantage-account-opening-6.webp\" alt=\"Registration Steps\" width=\"900\" \/><\/li>\n<li>Saisissez vos informations personnelles telles qu&rsquo;elles apparaissent sur vos documents, puis cliquez sur \u00ab Continuer \u00bb.\n<p><img decoding=\"async\" class=\"aligncenter\" src=\"https:\/\/www.bestbrokers.com\/wp-content\/uploads\/2024\/08\/vantage-account-opening-7.webp\" alt=\"Registration Steps\" width=\"900\" \/><\/p>\n<blockquote><p><strong>Remarque :<\/strong> Vous pouvez poursuivre la v\u00e9rification de votre identit\u00e9 sur votre smartphone si vous le souhaitez. Vantage g\u00e9n\u00e9rera un QR code unique \u00e0 scanner avec l\u2019appareil photo de votre t\u00e9l\u00e9phone, ainsi qu\u2019un lien de v\u00e9rification que vous pourrez copier dans votre navigateur mobile.<\/p><\/blockquote>\n<p><img decoding=\"async\" class=\"aligncenter\" src=\"https:\/\/www.bestbrokers.com\/wp-content\/uploads\/2024\/08\/vantage-account-opening-8.webp\" alt=\"Registration Steps\" width=\"900\" \/><\/li>\n<li>Cliquez sur \u00ab V\u00e9rifier maintenant \u00bb pour t\u00e9l\u00e9charger vos documents d\u2019identit\u00e9. Vous pouvez utiliser une carte d\u2019identit\u00e9, un passeport, un permis de conduire ou un titre de s\u00e9jour.\n<p><img decoding=\"async\" class=\"aligncenter\" src=\"https:\/\/www.bestbrokers.com\/wp-content\/uploads\/2024\/08\/vantage-account-opening-9.webp\" alt=\"Registration Steps\" width=\"900\" \/><\/li>\n<li>T\u00e9l\u00e9chargez les faces avant et arri\u00e8re du document d\u2019identit\u00e9 choisi. Sachez que le courtier n\u2019accepte ni captures d\u2019\u00e9cran, ni photos floues, ni documents expir\u00e9s. Assurez-vous que vos fichiers sont dans un format pris en charge (jpg, pdf, png ou heic) et que leur taille n\u2019exc\u00e8de pas 50 Mo.\n<p><img decoding=\"async\" class=\"aligncenter\" src=\"https:\/\/www.bestbrokers.com\/wp-content\/uploads\/2024\/08\/vantage-account-opening-10.webp\" alt=\"Registration Steps\" width=\"900\" \/><\/li>\n<li>Attendez que Vantage traite et valide vos documents avant de passer \u00e0 l\u2019\u00e9tape suivante.\n<p><img decoding=\"async\" class=\"aligncenter\" src=\"https:\/\/www.bestbrokers.com\/wp-content\/uploads\/2024\/08\/vantage-account-opening-11.webp\" alt=\"Registration Steps\" width=\"900\" \/><\/li>\n<li>Finalisez votre v\u00e9rification en t\u00e9l\u00e9versant un justificatif de domicile afin de confirmer votre adresse actuelle. Vantage accepte plusieurs types de documents \u00e0 cette fin, notamment les factures de services publics (gaz, eau ou \u00e9lectricit\u00e9), les relev\u00e9s de carte de cr\u00e9dit et les relev\u00e9s bancaires.\n<p><img decoding=\"async\" class=\"aligncenter\" src=\"https:\/\/www.bestbrokers.com\/wp-content\/uploads\/2024\/08\/vantage-account-opening-12.webp\" alt=\"Registration Steps\" width=\"900\" \/><\/p>\n<p>La taille du fichier ne doit pas d\u00e9passer 5 Mo dans ce cas. Les formats accept\u00e9s sont jpg, jpeg, docx, doc, bmp, pdf et png. Il est important de noter que la v\u00e9rification d\u2019adresse \u00e9chouera si vos documents datent de plus de six mois.<\/li>\n<\/ol>\n<h2 id=\"conclusion\"><i class=\"ico ico--pen\"><\/i>Conclusion<\/h2>\n<p>Une fois toutes les \u00e9tapes d\u2019inscription et de v\u00e9rification termin\u00e9es, vous disposez d\u2019un contr\u00f4le total sur votre compte, ce qui vous permet de d\u00e9poser, de n\u00e9gocier et de demander des retraits. D\u2019apr\u00e8s notre exp\u00e9rience, l\u2019ensemble du processus prend environ 15 \u00e0 20 minutes si vous t\u00e9l\u00e9chargez des documents lisibles lors de la v\u00e9rification. Les clients qui s\u2019inscrivent aupr\u00e8s de l\u2019entit\u00e9 offshore ne sont pas tenus de passer des tests d\u2019exp\u00e9rience et de connaissances pendant l\u2019inscription.<\/p>\n<p>La v\u00e9rification est tr\u00e8s intuitive et facile \u00e0 r\u00e9aliser, surtout si vos documents sont \u00e0 jour et \u00e0 port\u00e9e de main. Assurez-vous simplement que votre pays ne figure pas sur la liste des juridictions restreintes, car Vantage n\u2019accepte pas les clients du Canada, de Singapour, de Roumanie, de Chine et des \u00c9tats-Unis.<\/p>\n","protected":false},"excerpt":{"rendered":"<p>Types de compte propos\u00e9s par Vantage en bref L\u2019entit\u00e9 offshore de Vantage propose quatre principaux types de comptes, adapt\u00e9s aux traders de tous niveaux d\u2019exp\u00e9rience. Les comptes Standard STP s\u2019adressent aux d\u00e9butants qui souhaitant faire du trading sans commission tout en b\u00e9n\u00e9ficiant d\u2019un acc\u00e8s direct au march\u00e9, avec des spreads \u00e0 partir de 1,1 pip. [&hellip;]<\/p>\n","protected":false},"author":3,"featured_media":0,"parent":12014,"menu_order":0,"comment_status":"closed","ping_status":"closed","template":"templates\/review.php","meta":{"footnotes":""},"class_list":["post-59584","page","type-page","status-publish","hentry"],"aioseo_notices":[],"_links":{"self":[{"href":"https:\/\/www.bestbrokers.com\/fr\/wp-json\/wp\/v2\/pages\/59584","targetHints":{"allow":["GET"]}}],"collection":[{"href":"https:\/\/www.bestbrokers.com\/fr\/wp-json\/wp\/v2\/pages"}],"about":[{"href":"https:\/\/www.bestbrokers.com\/fr\/wp-json\/wp\/v2\/types\/page"}],"author":[{"embeddable":true,"href":"https:\/\/www.bestbrokers.com\/fr\/wp-json\/wp\/v2\/users\/3"}],"replies":[{"embeddable":true,"href":"https:\/\/www.bestbrokers.com\/fr\/wp-json\/wp\/v2\/comments?post=59584"}],"version-history":[{"count":8,"href":"https:\/\/www.bestbrokers.com\/fr\/wp-json\/wp\/v2\/pages\/59584\/revisions"}],"predecessor-version":[{"id":82619,"href":"https:\/\/www.bestbrokers.com\/fr\/wp-json\/wp\/v2\/pages\/59584\/revisions\/82619"}],"up":[{"embeddable":true,"href":"https:\/\/www.bestbrokers.com\/fr\/wp-json\/wp\/v2\/pages\/12014"}],"wp:attachment":[{"href":"https:\/\/www.bestbrokers.com\/fr\/wp-json\/wp\/v2\/media?parent=59584"}],"curies":[{"name":"wp","href":"https:\/\/api.w.org\/{rel}","templated":true}]}}