{"id":59586,"date":"2025-03-19T09:33:22","date_gmt":"2025-03-19T09:33:22","guid":{"rendered":"https:\/\/www.bestbrokers.com\/?page_id=59586"},"modified":"2025-10-22T13:20:35","modified_gmt":"2025-10-22T13:20:35","slug":"account-opening","status":"publish","type":"page","link":"https:\/\/www.bestbrokers.com\/fr\/reviews\/ic-markets\/account-opening\/","title":{"rendered":"Comment cr\u00e9er un compte sur IC Markets"},"content":{"rendered":"<div class=\"author-line\">\u00c9crit par <span class=\"author\">Naylyan Nazifova<div class=\"author-sub-box\"><div class=\"author-avatar\"><img decoding=\"async\" src=\"https:\/\/www.bestbrokers.com\/wp-content\/uploads\/2026\/04\/nnazifova.webp\" \/><\/div><div class=\"author-info-wrapper\"><div class=\"author-name\"><a href=\"https:\/\/www.bestbrokers.com\/fr\/authors\/naylyan-nazifova\/\">Naylyan Nazifova<\/a><\/div><div class=\"author-bio\">Naylyan Nazifova est une experte reconnue dans le domaine du trading en ligne. Elle est l\u2019auteur de nombreuses publications et analyses portant sur le trading Forex, l\u2019investissement en actions et les finances personnelles.<\/div><\/div><\/div><\/span>,  <a rel=\"nofollow\" target=\"_blank\" href=\"https:\/\/www.linkedin.com\/in\/naylian-nazifova-58562a272\/\"><img decoding=\"async\" class=\"social-icon\" src=\"https:\/\/www.bestbrokers.com\/wp-content\/themes\/best-brokers\/assets\/images\/icon-linkedin.svg\" data-no-lazy=\"1\"><\/a> <span class=\"sep\">|<\/span> Traduit par <span class=\"author\">Agnes Orieux<div class=\"author-sub-box\"><div class=\"author-info-wrapper\"><div class=\"author-name\"><a href=\"https:\/\/www.bestbrokers.com\/fr\/authors\/agnes-orieux\/\">Agnes Orieux<\/a><\/div><div class=\"author-bio\">Agnes Orieux est une traductrice et r\u00e9dactrice de l'anglais vers le fran\u00e7ais, avec une exp\u00e9rience dans les march\u00e9s financiers. Elle est la r\u00e9dactrice principale de la version fran\u00e7aise de BestBrokers.com.<\/div><\/div><\/div><\/span> <span class=\"sep\">|<\/span> Mis \u00e0 jour : <time class=\"entry-date\" datetime=\"2025-10-22T13:20:35+00:00\">octobre 22, 2025<\/time><\/div>\n<h2 id=\"brief\"><i class=\"ico ico--assets\"><\/i>Types de compte propos\u00e9s par IC Markets<\/h2>\n<p>Conscient que les traders poursuivent des objectifs vari\u00e9s, IC Markets veille \u00e0 ce que chaque client puisse trouver un type de compte adapt\u00e9 \u00e0 ses pr\u00e9f\u00e9rences. En plus d\u2019un compte d\u00e9mo, disponible imm\u00e9diatement apr\u00e8s votre inscription aupr\u00e8s du courtier, IC Markets propose \u00e9galement trois types de compte \u00e0 ses clients particuliers : un compte Standard et deux d\u00e9clinaisons de comptes Raw Spread.<\/p>\n<p>Le compte Standard permet aux traders d\u2019utiliser les plateformes MT4 et MT5, et procure une ex\u00e9cution fluide qui convient aux investisseurs moins exp\u00e9riment\u00e9s. Le spread minimal sur les principales paires Forex n\u00e9goci\u00e9es via le compte Standard est de 0,8 pip et aucune commission n\u2019est pr\u00e9lev\u00e9e sur les ordres.<\/p>\n<p>Les traders peuvent \u00e9galement choisir de n\u00e9gocier sur MT4 ou MT5 avec les comptes Raw Spread, qui offrent des spreads plus serr\u00e9s \u00e0 partir de 0,0 pip et une commission aller-retour r\u00e9duite de 7 $. Le compte Raw Spread MetaTrader convient surtout aux scalpers et aux traders qui recourent au trading algorithmique via des EA.<\/p>\n<p>Une version cTrader du compte Raw Spread est \u00e9galement disponible ; elle propose les m\u00eames spreads serr\u00e9s \u00e0 partir de 0,0 pip, mais une commission aller-retour encore plus faible de 6 $ par lot standard n\u00e9goci\u00e9. Cette option correspond aux besoins des day traders et des scalpers.<\/p>\n<p>Les trois formules \u00e9voqu\u00e9es ci-dessus offrent un effet de levier maximal de 1:30 sur les principales paires Forex. Si vous souhaitez augmenter ce ratio, vous pouvez ouvrir un compte professionnel chez IC Markets, sous r\u00e9serve de remplir certains crit\u00e8res d\u2019\u00e9ligibilit\u00e9. Le d\u00e9p\u00f4t initial minimum est de 200 $ pour chaque type de compte. Le nombre maximum d\u2019ordres ouverts simultan\u00e9ment s\u2019\u00e9l\u00e8ve \u00e0 200 pour les deux premiers types de compte et \u00e0 2 000 pour le troisi\u00e8me.<\/p>\n\n\t\t\t\t<div class=\"table\">\n\t\t\t\t\t<table class=\"table table-striped table-bordered\">\n\t\t\t\t\t\t<tr>\n\t\t\t\t\t\t\t<td style=\"width: 250px;\"><strong>Compte d\u00e9mo<\/strong><\/td>\n\t\t\t\t\t\t\t<td><img decoding=\"async\" width=\"24\" height=\"24\" src=\"\/wp-content\/themes\/best-brokers\/assets\/images\/ico-check.svg\" alt=\"Available\" \/><\/td>\n\t\t\t\t\t\t<\/tr>\n\t\t\t\t\t\t<tr>\n\t\t\t\t\t\t\t<td><strong>Islamic Account<\/strong><\/td>\n\t\t\t\t\t\t\t<td><img decoding=\"async\" width=\"24\" height=\"24\" src=\"\/wp-content\/themes\/best-brokers\/assets\/images\/ico-check.svg\" alt=\"Available\" \/><\/td>\n\t\t\t\t\t\t<\/tr>\n\t\t\t\t\t\t<tr>\n\t\t\t\t\t\t\t<td><strong>Compte ECN<\/strong><\/td>\n\t\t\t\t\t\t\t<td><img decoding=\"async\" width=\"24\" height=\"24\" src=\"\/wp-content\/themes\/best-brokers\/assets\/images\/ico-check.svg\" alt=\"Available\" \/><\/td>\n\t\t\t\t\t\t<\/tr>\n\t\t\t\t\t\t<tr>\n\t\t\t\t\t\t\t<td><strong>Compte pro<\/strong><\/td>\n\t\t\t\t\t\t\t<td><img decoding=\"async\" width=\"24\" height=\"24\" src=\"\/wp-content\/themes\/best-brokers\/assets\/images\/ico-check.svg\" alt=\"Available\" \/><\/td>\n\t\t\t\t\t\t<\/tr>\n\t\t\t\t\t\t<tr>\n\t\t\t\t\t\t\t<td><strong>MAM Account<\/strong><\/td>\n\t\t\t\t\t\t\t<td><img decoding=\"async\" width=\"24\" height=\"24\" src=\"\/wp-content\/themes\/best-brokers\/assets\/images\/ico-xmark.svg\" alt=\"Not Available\" \/><\/td>\n\t\t\t\t\t\t<\/tr>\n\t\t\t\t\t<\/table>\n\t\t\t\t<\/div>\n\t\t\t\n<h2 id=\"deposit\"><i class=\"ico ico--money-supply\"><\/i>D\u00e9p\u00f4t minimum requis<\/h2>\n<p>Si vous choisissez d\u2019ouvrir un compte r\u00e9el chez IC Markets, quel que soit le type de compte, vous devrez effectuer un d\u00e9p\u00f4t d\u2019au moins 200 $ pour l\u2019activer. Bien que certains courtiers ne fixent pas de minimum, 200 $ reste selon nous un seuil raisonnable pour les traders. \u00c0 noter que les trois formules de compte permettent de n\u00e9gocier des microlots : la taille minimale d\u2019ordre est donc de 0,01 lot, soit 1 000 unit\u00e9s dans la devise de base choisie.<\/p>\n<p>Bien que 200 $ constitue le d\u00e9p\u00f4t minimal pour les trois types de compte chez IC Markets, vous devrez disposer d\u2019au moins 1 000 $ sur votre solde pour pouvoir passer un ordre. Heureusement, le courtier propose plusieurs moyens de paiement fiables permettant d\u2019alimenter votre compte rapidement et sans complication. Les cartes Visa et Mastercard, plusieurs portefeuilles \u00e9lectroniques (PayPal, Neteller et Skrill) ainsi que les virements bancaires figurent parmi les m\u00e9thodes accept\u00e9es.<\/p>\n<h2 id=\"instruments\"><i class=\"ico ico--common-technical-analysis-tools\"><\/i>Instruments n\u00e9gociables<\/h2>\n<p>L\u2019un des principaux atouts des comptes IC Markets est qu&rsquo;ils donnent acc\u00e8s \u00e0 une vaste gamme de march\u00e9s. Le nombre total d\u2019instruments disponibles diff\u00e8re toutefois selon l\u2019entit\u00e9 : plus de 2 250 CFD pour la filiale australienne et plus de 850 pour l\u2019entit\u00e9 r\u00e9gul\u00e9e par la CySEC. Quelle que soit la plateforme choisie, vous b\u00e9n\u00e9ficiez d\u2019une large exposition aux march\u00e9s Forex, mati\u00e8res premi\u00e8res, indices, cryptomonnaies, actions, contrats \u00e0 terme et obligations. Tous ces instruments sont propos\u00e9s sous forme de CFD, ce qui vous permet de sp\u00e9culer sur leurs mouvements de prix sans en d\u00e9tenir la propri\u00e9t\u00e9. En prenant des positions longues ou courtes, vous pouvez profiter \u00e0 la fois de la baisse ou de la hausse de l\u2019actif sous-jacent.<\/p>\n<p>Les investisseurs qui rejoignent IC Markets pour le Forex pourront n\u00e9gocier plus de 61 paires de devises, comprenant des majeures, des mineures et des exotiques. L\u2019effet de levier offre une exposition accrue, ce qui peut rendre les op\u00e9rations potentiellement plus rentables.<\/p>\n<h2 id=\"steps\"><i class=\"ico ico--account\"><\/i>Processus d\u2019inscription \u2013 environ 5 minutes (pour un compte d\u00e9mo)<\/h2>\n<p>Si vous \u00eates pr\u00eat \u00e0 rejoindre IC Markets et souhaitez simplement d\u00e9couvrir les march\u00e9s, les plateformes et les conditions de n\u00e9gociation, commencez par cr\u00e9er rapidement votre profil. La proc\u00e9dure d\u2019inscription vous permet d\u2019ouvrir un compte d\u00e9mo en quelques minutes.<\/p>\n<ol class=\"list list--steps\">\n<li>Ouvrez la page d\u2019inscription en cliquant sur le lien \u00ab Commencez \u00e0 trader maintenant \u00bb situ\u00e9s sur la page d\u2019accueil du courtier.\n<p><img decoding=\"async\" class=\"aligncenter\" src=\"https:\/\/www.bestbrokers.com\/wp-content\/uploads\/2024\/08\/ic-markets-account-opening-1.webp\" alt=\"Registration Steps\" width=\"900\" \/><\/li>\n<li>Saisissez les informations personnelles demand\u00e9es pour votre profil IC Markets, puis passez \u00e0 l\u2019\u00e9tape suivante lorsque vous avez termin\u00e9.\n<p><img decoding=\"async\" class=\"aligncenter\" src=\"https:\/\/www.bestbrokers.com\/wp-content\/uploads\/2024\/08\/ic-markets-account-opening-2.webp\" alt=\"Registration Steps\" width=\"900\" \/><\/li>\n<li>Choisissez un type de compte selon que vous n\u00e9gocierez en tant que personne physique, entit\u00e9 juridique ou titulaire d\u2019un compte joint. Fournissez ensuite quelques informations personnelles compl\u00e9mentaires.\n<p><img decoding=\"async\" class=\"aligncenter\" src=\"https:\/\/www.bestbrokers.com\/wp-content\/uploads\/2024\/08\/ic-markets-account-opening-3.webp\" alt=\"Registration Steps\" width=\"900\" \/><\/li>\n<li>Param\u00e9trez ensuite votre compte de trading : choisissez la plateforme, le type de compte et la devise de base.\n<p><img decoding=\"async\" class=\"aligncenter\" src=\"https:\/\/www.bestbrokers.com\/wp-content\/uploads\/2024\/08\/ic-markets-account-opening-4.webp\" alt=\"Registration Steps\" width=\"900\" \/><\/li>\n<li>V\u00e9rifiez vos informations personnelles avant de poursuivre l\u2019inscription. S\u00e9lectionnez une question de s\u00e9curit\u00e9 et saisissez la r\u00e9ponse ; pensez \u00e0 la m\u00e9moriser car elle pourra vous \u00eatre demand\u00e9e ult\u00e9rieurement pour confirmer votre identit\u00e9. Lisez les conditions g\u00e9n\u00e9rales et les autres politiques du courtier, puis continuez l\u2019inscription apr\u00e8s les avoir accept\u00e9es.\n<p><img decoding=\"async\" class=\"aligncenter\" src=\"https:\/\/www.bestbrokers.com\/wp-content\/uploads\/2024\/08\/ic-markets-account-opening-5.webp\" alt=\"Registration Steps\" width=\"900\" \/><\/p>\n<p><img decoding=\"async\" class=\"aligncenter\" src=\"https:\/\/www.bestbrokers.com\/wp-content\/uploads\/2024\/08\/ic-markets-account-opening-6.webp\" alt=\"Registration Steps\" width=\"900\" \/><\/p>\n<p><img decoding=\"async\" class=\"aligncenter\" src=\"https:\/\/www.bestbrokers.com\/wp-content\/uploads\/2024\/08\/ic-markets-account-opening-7.webp\" alt=\"Registration Steps\" width=\"900\" \/><\/li>\n<li>Apr\u00e8s avoir soumis votre demande d\u2019inscription, vous devrez v\u00e9rifier votre bo\u00eete de r\u00e9ception de mail pour poursuivre la proc\u00e9dure. En cliquant sur le lien envoy\u00e9 par IC Markets, vous serez invit\u00e9 \u00e0 choisir un mot de passe pour votre compte.\n<p><img decoding=\"async\" class=\"aligncenter\" src=\"https:\/\/www.bestbrokers.com\/wp-content\/uploads\/2024\/08\/ic-markets-account-opening-8.webp\" alt=\"Registration Steps\" width=\"900\" \/><\/p>\n<p><img decoding=\"async\" class=\"aligncenter\" src=\"https:\/\/www.bestbrokers.com\/wp-content\/uploads\/2024\/08\/ic-markets-account-opening-9.webp\" alt=\"Registration Steps\" width=\"400\" \/><\/li>\n<li>Une fois votre mot de passe d\u00e9fini, vous pourrez commencer \u00e0 n\u00e9gocier avec un compte d\u00e9mo chez IC Markets.\n<p><img decoding=\"async\" class=\"aligncenter\" src=\"https:\/\/www.bestbrokers.com\/wp-content\/uploads\/2024\/08\/ic-markets-account-opening-10.webp\" alt=\"Registration Steps\" width=\"900\" \/><\/li>\n<\/ol>\n<h2 id=\"verification\"><i class=\"ico ico--approve\"><\/i>V\u00e9rification du compte \u2013 environ 10 minutes<\/h2>\n<p>M\u00eame si vous pouvez utiliser un compte d\u00e9mo imm\u00e9diatement apr\u00e8s la cr\u00e9ation de votre profil IC Markets, la n\u00e9gociation sur un compte Wallet n\u00e9cessite la v\u00e9rification de votre identit\u00e9. Cette proc\u00e9dure comporte quelques \u00e9tapes suppl\u00e9mentaires, mais en suivant les instructions ci-dessous elle peut \u00eatre accomplie tr\u00e8s rapidement.<\/p>\n<ol class=\"list list--steps\">\n<li>La premi\u00e8re \u00e9tape consiste \u00e0 renseigner votre situation professionnelle ainsi que votre niveau de connaissances en trading. Des informations financi\u00e8res sont \u00e9galement demand\u00e9es afin de v\u00e9rifier que vous pouvez assumer les risques potentiels li\u00e9s \u00e0 la n\u00e9gociation via le courtier.\n<p><img decoding=\"async\" class=\"aligncenter\" src=\"https:\/\/www.bestbrokers.com\/wp-content\/uploads\/2024\/08\/ic-markets-account-opening-11.webp\" alt=\"Registration Steps\" width=\"900\" \/><\/p>\n<p><img decoding=\"async\" class=\"aligncenter\" src=\"https:\/\/www.bestbrokers.com\/wp-content\/uploads\/2024\/08\/ic-markets-account-opening-12.webp\" alt=\"Registration Steps\" width=\"900\" \/><\/p>\n<p><img decoding=\"async\" class=\"aligncenter\" src=\"https:\/\/www.bestbrokers.com\/wp-content\/uploads\/2024\/08\/ic-markets-account-opening-13.webp\" alt=\"Registration Steps\" width=\"900\" \/><\/p>\n<p><img decoding=\"async\" class=\"aligncenter\" src=\"https:\/\/www.bestbrokers.com\/wp-content\/uploads\/2024\/08\/ic-markets-account-opening-14.webp\" alt=\"Registration Steps\" width=\"900\" \/><\/p>\n<p><img decoding=\"async\" class=\"aligncenter\" src=\"https:\/\/www.bestbrokers.com\/wp-content\/uploads\/2024\/08\/ic-markets-account-opening-15.webp\" alt=\"Registration Steps\" width=\"900\" \/><\/p>\n<p><img decoding=\"async\" class=\"aligncenter\" src=\"https:\/\/www.bestbrokers.com\/wp-content\/uploads\/2024\/08\/ic-markets-account-opening-16.webp\" alt=\"Registration Steps\" width=\"900\" \/><\/li>\n<li>L\u2019\u00e9tape suivante de l\u2019\u00e9valuation d\u2019ad\u00e9quation d\u2019IC Markets consiste \u00e0 r\u00e9pondre \u00e0 un questionnaire de connaissances destin\u00e9 \u00e0 d\u00e9terminer si le trading vous convient ou si vous avez besoin d\u2019une formation compl\u00e9mentaire sur les sp\u00e9cificit\u00e9s et les risques associ\u00e9s. Vous trouverez ci-dessous un exemple des questions pos\u00e9es :\n<p><img decoding=\"async\" class=\"aligncenter\" src=\"https:\/\/www.bestbrokers.com\/wp-content\/uploads\/2024\/08\/ic-markets-account-opening-17.webp\" alt=\"Registration Steps\" width=\"900\" \/><\/p>\n<p><img decoding=\"async\" class=\"aligncenter\" src=\"https:\/\/www.bestbrokers.com\/wp-content\/uploads\/2024\/08\/ic-markets-account-opening-18.webp\" alt=\"Registration Steps\" width=\"900\" \/><\/p>\n<p><img decoding=\"async\" class=\"aligncenter\" src=\"https:\/\/www.bestbrokers.com\/wp-content\/uploads\/2024\/08\/ic-markets-account-opening-19.webp\" alt=\"Registration Steps\" width=\"900\" \/><\/p>\n<p><img decoding=\"async\" class=\"aligncenter\" src=\"https:\/\/www.bestbrokers.com\/wp-content\/uploads\/2024\/08\/ic-markets-account-opening-20.webp\" alt=\"Registration Steps\" width=\"900\" \/><\/p>\n<p><img decoding=\"async\" class=\"aligncenter\" src=\"https:\/\/www.bestbrokers.com\/wp-content\/uploads\/2024\/08\/ic-markets-account-opening-21.webp\" alt=\"Registration Steps\" width=\"900\" \/><\/li>\n<li>Apr\u00e8s avoir r\u00e9ussi le questionnaire Connaissances et Exp\u00e9rience, vous devrez passer \u00e0 la derni\u00e8re \u00e9tape de la v\u00e9rification : le t\u00e9l\u00e9chargement de photos de votre carte d\u2019identit\u00e9, passeport ou permis de conduire. Vous devrez \u00e9galement fournir un document attestant de votre adresse.\n<p><img decoding=\"async\" class=\"aligncenter\" src=\"https:\/\/www.bestbrokers.com\/wp-content\/uploads\/2024\/08\/ic-markets-account-opening-22.webp\" alt=\"Registration Steps\" width=\"900\" \/><\/p>\n<p><img decoding=\"async\" class=\"aligncenter\" src=\"https:\/\/www.bestbrokers.com\/wp-content\/uploads\/2024\/08\/ic-markets-account-opening-23.webp\" alt=\"Registration Steps\" width=\"900\" \/><\/p>\n<p><img decoding=\"async\" class=\"aligncenter\" src=\"https:\/\/www.bestbrokers.com\/wp-content\/uploads\/2024\/08\/ic-markets-account-opening-24.webp\" alt=\"Registration Steps\" width=\"900\" \/><\/p>\n<p><img decoding=\"async\" class=\"aligncenter\" src=\"https:\/\/www.bestbrokers.com\/wp-content\/uploads\/2024\/08\/ic-markets-account-opening-25.webp\" alt=\"Registration Steps\" width=\"900\" \/><\/li>\n<\/ol>\n<h2 id=\"conclusion\"><i class=\"ico ico--pen\"><\/i>Conclusion<\/h2>\n<p>Si vous souhaitez vous inscrire chez IC Markets et commencer \u00e0 vous exercer sur un compte d\u00e9mo, l\u2019op\u00e9ration ne vous prendra que quelques minutes. N\u2019oubliez pas que vous devrez fournir certaines informations personnelles et confirmer votre adresse de courriel avant de finaliser l\u2019enregistrement. Pour passer en r\u00e9el, vous devrez compl\u00e9ter la proc\u00e9dure de v\u00e9rification, un peu plus longue puisqu\u2019elle implique de renseigner votre situation professionnelle, financi\u00e8re et votre exp\u00e9rience de trading. L\u2019\u00e9tape finale exige la copie d\u2019un justificatif d\u2019identit\u00e9 ainsi qu\u2019une facture \u00e9lectricit\u00e9 ou eau ou tout autre document prouvant votre adresse. Bien que chronophages, ces formalit\u00e9s sont courantes chez tout courtier s\u00e9rieux soumis \u00e0 de strictes exigences r\u00e9glementaires.<\/p>\n","protected":false},"excerpt":{"rendered":"<p>Types de compte propos\u00e9s par IC Markets Conscient que les traders poursuivent des objectifs vari\u00e9s, IC Markets veille \u00e0 ce que chaque client puisse trouver un type de compte adapt\u00e9 \u00e0 ses pr\u00e9f\u00e9rences. En plus d\u2019un compte d\u00e9mo, disponible imm\u00e9diatement apr\u00e8s votre inscription aupr\u00e8s du courtier, IC Markets propose \u00e9galement trois types de compte \u00e0 [&hellip;]<\/p>\n","protected":false},"author":3,"featured_media":0,"parent":12022,"menu_order":0,"comment_status":"closed","ping_status":"closed","template":"templates\/review.php","meta":{"footnotes":""},"class_list":["post-59586","page","type-page","status-publish","hentry"],"aioseo_notices":[],"_links":{"self":[{"href":"https:\/\/www.bestbrokers.com\/fr\/wp-json\/wp\/v2\/pages\/59586","targetHints":{"allow":["GET"]}}],"collection":[{"href":"https:\/\/www.bestbrokers.com\/fr\/wp-json\/wp\/v2\/pages"}],"about":[{"href":"https:\/\/www.bestbrokers.com\/fr\/wp-json\/wp\/v2\/types\/page"}],"author":[{"embeddable":true,"href":"https:\/\/www.bestbrokers.com\/fr\/wp-json\/wp\/v2\/users\/3"}],"replies":[{"embeddable":true,"href":"https:\/\/www.bestbrokers.com\/fr\/wp-json\/wp\/v2\/comments?post=59586"}],"version-history":[{"count":5,"href":"https:\/\/www.bestbrokers.com\/fr\/wp-json\/wp\/v2\/pages\/59586\/revisions"}],"predecessor-version":[{"id":71756,"href":"https:\/\/www.bestbrokers.com\/fr\/wp-json\/wp\/v2\/pages\/59586\/revisions\/71756"}],"up":[{"embeddable":true,"href":"https:\/\/www.bestbrokers.com\/fr\/wp-json\/wp\/v2\/pages\/12022"}],"wp:attachment":[{"href":"https:\/\/www.bestbrokers.com\/fr\/wp-json\/wp\/v2\/media?parent=59586"}],"curies":[{"name":"wp","href":"https:\/\/api.w.org\/{rel}","templated":true}]}}