{"id":59587,"date":"2025-03-19T09:33:23","date_gmt":"2025-03-19T09:33:23","guid":{"rendered":"https:\/\/www.bestbrokers.com\/?page_id=59587"},"modified":"2025-10-22T13:20:40","modified_gmt":"2025-10-22T13:20:40","slug":"account-opening","status":"publish","type":"page","link":"https:\/\/www.bestbrokers.com\/fr\/reviews\/swissquote\/account-opening\/","title":{"rendered":"Comment cr\u00e9er un compte sur Swissquote"},"content":{"rendered":"<div class=\"author-line\">\u00c9crit par <span class=\"author\">Naylyan Nazifova<div class=\"author-sub-box\"><div class=\"author-avatar\"><img decoding=\"async\" src=\"https:\/\/www.bestbrokers.com\/wp-content\/uploads\/2026\/04\/nnazifova.webp\" \/><\/div><div class=\"author-info-wrapper\"><div class=\"author-name\"><a href=\"https:\/\/www.bestbrokers.com\/fr\/authors\/naylyan-nazifova\/\">Naylyan Nazifova<\/a><\/div><div class=\"author-bio\">Naylyan Nazifova est une experte reconnue dans le domaine du trading en ligne. Elle est l\u2019auteur de nombreuses publications et analyses portant sur le trading Forex, l\u2019investissement en actions et les finances personnelles.<\/div><\/div><\/div><\/span>,  <a rel=\"nofollow\" target=\"_blank\" href=\"https:\/\/www.linkedin.com\/in\/naylian-nazifova-58562a272\/\"><img decoding=\"async\" class=\"social-icon\" src=\"https:\/\/www.bestbrokers.com\/wp-content\/themes\/best-brokers\/assets\/images\/icon-linkedin.svg\" data-no-lazy=\"1\"><\/a> <span class=\"sep\">|<\/span> Traduit par <span class=\"author\">Agnes Orieux<div class=\"author-sub-box\"><div class=\"author-info-wrapper\"><div class=\"author-name\"><a href=\"https:\/\/www.bestbrokers.com\/fr\/authors\/agnes-orieux\/\">Agnes Orieux<\/a><\/div><div class=\"author-bio\">Agnes Orieux est une traductrice et r\u00e9dactrice de l'anglais vers le fran\u00e7ais, avec une exp\u00e9rience dans les march\u00e9s financiers. Elle est la r\u00e9dactrice principale de la version fran\u00e7aise de BestBrokers.com.<\/div><\/div><\/div><\/span> <span class=\"sep\">|<\/span> Mis \u00e0 jour : <time class=\"entry-date\" datetime=\"2025-10-22T13:20:40+00:00\">octobre 22, 2025<\/time><\/div>\n<h2 id=\"brief\"><i class=\"ico ico--assets\"><\/i>Types de compte disponibles sur Swissquote<\/h2>\n<p>Les traders qui souhaitent rejoindre Swissquote peuvent choisir parmi plusieurs types de compte, en commen\u00e7ant par le compte d\u00e9mo. Les titulaires d\u2019un tel compte peuvent s\u2019entra\u00eener \u00e0 faire du trading sans risquer d\u2019argent r\u00e9el, ce qui le rend id\u00e9al pour les d\u00e9butants ou pour ceux qui souhaitent tester des strat\u00e9gies de trading.<\/p>\n<p>Pour le trading en direct, Swissquote propose :<\/p>\n<ol class=\"list list--steps orange\">\n<li><strong>Premium :<\/strong> les d\u00e9tenteurs d\u2019un compte Premium b\u00e9n\u00e9ficient d\u2019un trading Forex sans commission, le co\u00fbt \u00e9tant enti\u00e8rement int\u00e9gr\u00e9 au spread. Les traders qui ont activ\u00e9 un compte Premium peuvent n\u00e9gocier les principales paires de devises avec des spreads \u00e0 partir de 1,3 pip.<\/li>\n<li><strong>Prime :<\/strong> consid\u00e9r\u00e9 comme l\u2019option la plus populaire parmi les clients de Swissquote, ce type de compte est sans commission et propose des spreads encore plus serr\u00e9s, \u00e0 partir de 0,6 pip.<\/li>\n<li><strong>Elite :<\/strong> enfin, la version Elite r\u00e9duit les spreads \u00e0 un minimum de 0,0 pip, avec une petite commission de 2,50 \u20ac par c\u00f4t\u00e9 pour une transaction d\u2019un lot.<\/li>\n<\/ol>\n<p>Les trois types de compte incluent la protection contre le solde n\u00e9gatif, un niveau de cl\u00f4ture automatique \u00e0 50 % et une protection des d\u00e9p\u00f4ts allant jusqu\u2019\u00e0 20 000 \u20ac. \u00c9tant donn\u00e9 que les traders particuliers sont limit\u00e9s en mati\u00e8re d\u2019effet de levier, Swissquote offre \u00e9galement la possibilit\u00e9 de demander un compte professionnel afin d\u2019acc\u00e9der \u00e0 des ratios de levier plus \u00e9lev\u00e9s. Les traders doivent toutefois r\u00e9pondre \u00e0 certains crit\u00e8res pour pouvoir op\u00e9rer en tant que professionnels. De plus, gardez \u00e0 l\u2019esprit que le choix de types de compte peut varier selon votre pays de r\u00e9sidence.<\/p>\n\n\t\t\t\t<div class=\"table\">\n\t\t\t\t\t<table class=\"table table-striped table-bordered\">\n\t\t\t\t\t\t<tr>\n\t\t\t\t\t\t\t<td style=\"width: 250px;\"><strong>Compte d\u00e9mo<\/strong><\/td>\n\t\t\t\t\t\t\t<td><img decoding=\"async\" width=\"24\" height=\"24\" src=\"\/wp-content\/themes\/best-brokers\/assets\/images\/ico-check.svg\" alt=\"Available\" \/><\/td>\n\t\t\t\t\t\t<\/tr>\n\t\t\t\t\t\t<tr>\n\t\t\t\t\t\t\t<td><strong>Islamic Account<\/strong><\/td>\n\t\t\t\t\t\t\t<td><img decoding=\"async\" width=\"24\" height=\"24\" src=\"\/wp-content\/themes\/best-brokers\/assets\/images\/ico-xmark.svg\" alt=\"Not Available\" \/><\/td>\n\t\t\t\t\t\t<\/tr>\n\t\t\t\t\t\t<tr>\n\t\t\t\t\t\t\t<td><strong>Compte ECN<\/strong><\/td>\n\t\t\t\t\t\t\t<td><img decoding=\"async\" width=\"24\" height=\"24\" src=\"\/wp-content\/themes\/best-brokers\/assets\/images\/ico-xmark.svg\" alt=\"Not Available\" \/><\/td>\n\t\t\t\t\t\t<\/tr>\n\t\t\t\t\t\t<tr>\n\t\t\t\t\t\t\t<td><strong>Compte pro<\/strong><\/td>\n\t\t\t\t\t\t\t<td><img decoding=\"async\" width=\"24\" height=\"24\" src=\"\/wp-content\/themes\/best-brokers\/assets\/images\/ico-check.svg\" alt=\"Available\" \/><\/td>\n\t\t\t\t\t\t<\/tr>\n\t\t\t\t\t\t<tr>\n\t\t\t\t\t\t\t<td><strong>MAM Account<\/strong><\/td>\n\t\t\t\t\t\t\t<td><img decoding=\"async\" width=\"24\" height=\"24\" src=\"\/wp-content\/themes\/best-brokers\/assets\/images\/ico-check.svg\" alt=\"Available\" \/><\/td>\n\t\t\t\t\t\t<\/tr>\n\t\t\t\t\t<\/table>\n\t\t\t\t<\/div>\n\t\t\t\n<h2 id=\"deposit\"><i class=\"ico ico--money-supply\"><\/i>Exigences de d\u00e9p\u00f4t minimum<\/h2>\n<p>Comme indiqu\u00e9 ci-dessus, si vous souhaitez commencer \u00e0 trader avec Swissquote, vous pouvez choisir parmi trois types de compte principaux. Le courtier a fix\u00e9 \u00e0 1 000 $ le d\u00e9p\u00f4t n\u00e9cessaire pour activer votre compte de trading. M\u00eame s\u2019il peut para\u00eetre \u00e9lev\u00e9, surtout par rapport aux courtiers qui n\u2019imposent pas de minimum, ce montant nous semble raisonnable. En effet, la taille minimale d\u2019une position chez Swissquote est de 0,01 lot, soit 1 000 unit\u00e9s dans la devise de base de votre compte.<\/p>\n<h2 id=\"instruments\"><i class=\"ico ico--common-technical-analysis-tools\"><\/i>Instruments n\u00e9gociables<\/h2>\n<p>Pour satisfaire toutes vos pr\u00e9f\u00e9rences, Swissquote couvre un large \u00e9ventail de march\u00e9s, notamment des paires Forex, des m\u00e9taux ainsi que des CFD sur de nombreux instruments. Les paires de devises comprennent les principales, les secondaires et les exotiques, pour un total de plus de 80 croisements Forex n\u00e9gociables. Il est \u00e9galement possible de n\u00e9gocier les m\u00e9taux pr\u00e9cieux cot\u00e9s face aux principales devises fiduciaires.<\/p>\n<p>Le trading de CFD est \u00e9galement disponible chez Swissquote, permettant aux investisseurs de sp\u00e9culer sur le prix de nombreux actifs et de tirer profit de positions acheteuses comme vendeuses. Les CFD couvrent les march\u00e9s des mati\u00e8res premi\u00e8res, indices, actions, obligations et cryptomonnaies.<\/p>\n<h2 id=\"steps\"><i class=\"ico ico--account\"><\/i>Ouverture de compte sur Swissquote \u2013 environ 10 minutes pour les comptes r\u00e9els<\/h2>\n<p>Lorsque vous rejoignez Swissquote, vous pouvez ouvrir un compte d\u00e9mo et commencer imm\u00e9diatement \u00e0 n\u00e9gocier avec des fonds virtuels destin\u00e9s \u00e0 l\u2019entra\u00eenement. L\u2019ouverture d\u2019un compte d\u00e9mo est rapide et ne n\u00e9cessite que deux \u00e9tapes simples. En revanche, si vous souhaitez cr\u00e9er un compte r\u00e9el, la proc\u00e9dure compl\u00e8te peut prendre entre 5 et 10 minutes car plusieurs informations vous seront demand\u00e9es.<\/p>\n<ol class=\"list list--steps\">\n<li>Commencez par ouvrir le formulaire d\u2019inscription via le bouton \u00ab Devenir client-e \u00bb, puis choisissez si vous souhaitez cr\u00e9er un compte d\u00e9mo ou un compte de trading r\u00e9el.\n<p><img decoding=\"async\" class=\"aligncenter\" src=\"https:\/\/www.bestbrokers.com\/wp-content\/uploads\/2025\/07\/Screenshot-23666.webp\" alt=\"Registration Steps\" width=\"900\" \/><\/p>\n<p><img decoding=\"async\" class=\"aligncenter\" src=\"https:\/\/www.bestbrokers.com\/wp-content\/uploads\/2024\/08\/swissquote-account-opening-2.webp\" alt=\"Registration Steps\" width=\"900\" \/><\/p>\n<p><img decoding=\"async\" class=\"aligncenter\" src=\"https:\/\/www.bestbrokers.com\/wp-content\/uploads\/2024\/08\/swissquote-account-opening-3.webp\" alt=\"Registration Steps\" width=\"900\" \/><\/li>\n<li>Si vous s\u00e9lectionnez l\u2019option \u00ab Essayer la d\u00e9mo \u00bb, vous serez redirig\u00e9 vers une page o\u00f9 l\u2019on vous demandera quelques informations personnelles de base. Une fois cette \u00e9tape termin\u00e9e, votre compte d\u00e9mo sera pr\u00eat pour vos transactions avec de l&rsquo;argent virtuel.\n<p><img decoding=\"async\" class=\"aligncenter\" src=\"https:\/\/www.bestbrokers.com\/wp-content\/uploads\/2024\/08\/swissquote-account-opening-4.webp\" alt=\"Registration Steps\" width=\"900\" \/><\/li>\n<li>Si vous choisissez d\u2019ouvrir un compte de trading r\u00e9el, vous serez redirig\u00e9 vers un autre formulaire d\u2019inscription, la premi\u00e8re \u00e9tape consistant \u00e0 renseigner plusieurs donn\u00e9es personnelles.\n<p><img decoding=\"async\" class=\"aligncenter\" src=\"https:\/\/www.bestbrokers.com\/wp-content\/uploads\/2024\/08\/swissquote-account-opening-5.webp\" alt=\"Registration Steps\" width=\"900\" \/><\/p>\n<p><img decoding=\"async\" class=\"aligncenter\" src=\"https:\/\/www.bestbrokers.com\/wp-content\/uploads\/2024\/08\/swissquote-account-opening-6.webp\" alt=\"Registration Steps\" width=\"900\" \/><\/li>\n<li>L\u2019\u00e9tape suivante de l\u2019ouverture de compte consiste \u00e0 indiquer votre profession et vos objectifs de trading. S\u00e9lectionnez l\u2019option appropri\u00e9e selon que vous \u00eates r\u00e9sident am\u00e9ricain ou non.\n<p><img decoding=\"async\" class=\"aligncenter\" src=\"https:\/\/www.bestbrokers.com\/wp-content\/uploads\/2024\/08\/swissquote-account-opening-7.webp\" alt=\"Registration Steps\" width=\"900\" \/><\/p>\n<p><img decoding=\"async\" class=\"aligncenter\" src=\"https:\/\/www.bestbrokers.com\/wp-content\/uploads\/2024\/08\/swissquote-account-opening-8.webp\" alt=\"Registration Steps\" width=\"900\" \/><\/li>\n<li>Apr\u00e8s avoir configur\u00e9 votre profil client, vous passerez \u00e0 la section Informations financi\u00e8res, o\u00f9 vous devrez fournir quelques caract\u00e9ristiques de compte ainsi que des d\u00e9tails sur votre situation financi\u00e8re.\n<p><img decoding=\"async\" class=\"aligncenter\" src=\"https:\/\/www.bestbrokers.com\/wp-content\/uploads\/2024\/08\/swissquote-account-opening-9.webp\" alt=\"Registration Steps\" width=\"900\" \/><\/li>\n<li>Vous devrez r\u00e9pondre \u00e0 plusieurs questions qui aideront le courtier \u00e0 \u00e9valuer vos connaissances et votre exp\u00e9rience dans le domaine du trading.\n<p><img decoding=\"async\" class=\"aligncenter\" src=\"https:\/\/www.bestbrokers.com\/wp-content\/uploads\/2024\/08\/swissquote-account-opening-10.webp\" alt=\"Registration Steps\" width=\"900\" \/><\/li>\n<li>Assurez-vous que les informations renseign\u00e9es sont exactes et remplissez le formulaire de d\u00e9claration de conformit\u00e9.\n<p><img decoding=\"async\" class=\"aligncenter\" src=\"https:\/\/www.bestbrokers.com\/wp-content\/uploads\/2024\/08\/swissquote-account-opening-11.webp\" alt=\"Registration Steps\" width=\"900\" \/><\/p>\n<p><img decoding=\"async\" class=\"aligncenter\" src=\"https:\/\/www.bestbrokers.com\/wp-content\/uploads\/2024\/08\/swissquote-account-opening-12.webp\" alt=\"Registration Steps\" width=\"900\" \/><\/p>\n<p><img decoding=\"async\" class=\"aligncenter\" src=\"https:\/\/www.bestbrokers.com\/wp-content\/uploads\/2024\/08\/swissquote-account-opening-13.webp\" alt=\"Registration Steps\" width=\"900\" \/><\/li>\n<\/ol>\n<h2 id=\"verification\"><i class=\"ico ico--approve\"><\/i>V\u00e9rification du compte \u2013 environ 5 minutes<\/h2>\n<p>Une fois votre compte r\u00e9el cr\u00e9\u00e9, vous devez terminer la proc\u00e9dure d\u2019authentification de Swissquote. Cette \u00e9tape est impos\u00e9e par le courtier, qui respecte des directives r\u00e9glementaires strictes afin de garantir un environnement de trading s\u00fbr et \u00e9quitable pour ses clients.<\/p>\n<p><img decoding=\"async\" class=\"aligncenter\" src=\"https:\/\/www.bestbrokers.com\/wp-content\/uploads\/2024\/08\/swissquote-account-opening-14.webp\" alt=\"Registration Steps\" width=\"350\" \/><\/p>\n<ol class=\"list list--steps\">\n<li>Commencez par prendre une photo de votre carte d\u2019identit\u00e9 ou de votre passeport ; le site vous demandera l\u2019acc\u00e8s \u00e0 la cam\u00e9ra de l\u2019appareil de votre choix. Le courtier vous enverra ensuite un code de v\u00e9rification, par SMS ou mail, afin de s\u00e9curiser la connexion lors de l\u2019envoi de vos documents officiels.\n<p><img decoding=\"async\" class=\"aligncenter\" src=\"https:\/\/www.bestbrokers.com\/wp-content\/uploads\/2024\/08\/swissquote-account-opening-15.webp\" alt=\"Registration Steps\" width=\"350\" \/><\/p>\n<p><img decoding=\"async\" class=\"aligncenter\" src=\"https:\/\/www.bestbrokers.com\/wp-content\/uploads\/2024\/08\/swissquote-account-opening-16.webp\" alt=\"Registration Steps\" width=\"900\" \/><\/li>\n<li>Poursuivez en lisant, et en signant vos contrats avec Swissquote.\n<p><img decoding=\"async\" class=\"aligncenter\" src=\"https:\/\/www.bestbrokers.com\/wp-content\/uploads\/2024\/08\/swissquote-account-opening-17.webp\" alt=\"Registration Steps\" width=\"350\" \/><\/li>\n<li>Le courtier demande \u00e9galement le t\u00e9l\u00e9chargement d\u2019un justificatif de domicile.\n<p><img decoding=\"async\" class=\"aligncenter\" src=\"https:\/\/www.bestbrokers.com\/wp-content\/uploads\/2024\/08\/swissquote-account-opening-18.webp\" alt=\"Registration Steps\" width=\"350\" \/><\/li>\n<li>Les traders peuvent fournir tout document suppl\u00e9mentaire qu\u2019ils estiment utile pour la v\u00e9rification. Toutefois, s\u2019ils ont d\u00e9j\u00e0 t\u00e9l\u00e9charg\u00e9 les pi\u00e8ces mentionn\u00e9es ci-dessus, ils peuvent ignorer cette \u00e9tape.\n<p><img decoding=\"async\" class=\"aligncenter\" src=\"https:\/\/www.bestbrokers.com\/wp-content\/uploads\/2024\/08\/swissquote-account-opening-19.webp\" alt=\"Registration Steps\" width=\"350\" \/><\/li>\n<li>Une fois tous les documents requis transmis, l\u2019\u00e9quipe du courtier les examinera. La validation de la demande de v\u00e9rification de compte peut prendre quelques heures.<\/li>\n<\/ol>\n<h2 id=\"conclusion\"><i class=\"ico ico--pen\"><\/i>Conclusion<\/h2>\n<p>La cr\u00e9ation d\u2019un compte de trading r\u00e9el chez Swissquote est assur\u00e9ment plus chronophage que l\u2019ouverture d\u2019un compte d\u00e9mo. Pour constituer votre profil aupr\u00e8s du courtier, vous devrez r\u00e9pondre \u00e0 plusieurs questions financi\u00e8res et professionnelles ainsi que fournir des informations sur votre exp\u00e9rience et vos connaissances en trading. Une fois votre profil configur\u00e9, vous devrez \u00e9galement passer par le processus de v\u00e9rification. Rien d\u2019inhabituel \u00e0 cela : Swissquote applique des directives KYC strictes impos\u00e9es par des r\u00e9gulateurs de premier rang, tels que la Cyprus Securities and Exchange Commission (<a href=\"https:\/\/www.bestbrokers.com\/fr\/forex-brokers\/cysec-regulated-forex-brokers\/\">CySEC<\/a>).<\/p>\n","protected":false},"excerpt":{"rendered":"<p>Types de compte disponibles sur Swissquote Les traders qui souhaitent rejoindre Swissquote peuvent choisir parmi plusieurs types de compte, en commen\u00e7ant par le compte d\u00e9mo. Les titulaires d\u2019un tel compte peuvent s\u2019entra\u00eener \u00e0 faire du trading sans risquer d\u2019argent r\u00e9el, ce qui le rend id\u00e9al pour les d\u00e9butants ou pour ceux qui souhaitent tester des [&hellip;]<\/p>\n","protected":false},"author":3,"featured_media":0,"parent":11992,"menu_order":0,"comment_status":"closed","ping_status":"closed","template":"templates\/review.php","meta":{"footnotes":""},"class_list":["post-59587","page","type-page","status-publish","hentry"],"aioseo_notices":[],"_links":{"self":[{"href":"https:\/\/www.bestbrokers.com\/fr\/wp-json\/wp\/v2\/pages\/59587","targetHints":{"allow":["GET"]}}],"collection":[{"href":"https:\/\/www.bestbrokers.com\/fr\/wp-json\/wp\/v2\/pages"}],"about":[{"href":"https:\/\/www.bestbrokers.com\/fr\/wp-json\/wp\/v2\/types\/page"}],"author":[{"embeddable":true,"href":"https:\/\/www.bestbrokers.com\/fr\/wp-json\/wp\/v2\/users\/3"}],"replies":[{"embeddable":true,"href":"https:\/\/www.bestbrokers.com\/fr\/wp-json\/wp\/v2\/comments?post=59587"}],"version-history":[{"count":5,"href":"https:\/\/www.bestbrokers.com\/fr\/wp-json\/wp\/v2\/pages\/59587\/revisions"}],"predecessor-version":[{"id":71759,"href":"https:\/\/www.bestbrokers.com\/fr\/wp-json\/wp\/v2\/pages\/59587\/revisions\/71759"}],"up":[{"embeddable":true,"href":"https:\/\/www.bestbrokers.com\/fr\/wp-json\/wp\/v2\/pages\/11992"}],"wp:attachment":[{"href":"https:\/\/www.bestbrokers.com\/fr\/wp-json\/wp\/v2\/media?parent=59587"}],"curies":[{"name":"wp","href":"https:\/\/api.w.org\/{rel}","templated":true}]}}