{"id":59588,"date":"2025-03-19T09:33:23","date_gmt":"2025-03-19T09:33:23","guid":{"rendered":"https:\/\/www.bestbrokers.com\/?page_id=59588"},"modified":"2025-10-22T13:20:43","modified_gmt":"2025-10-22T13:20:43","slug":"account-opening","status":"publish","type":"page","link":"https:\/\/www.bestbrokers.com\/fr\/reviews\/xm\/account-opening\/","title":{"rendered":"Comment cr\u00e9er un compte sur XM"},"content":{"rendered":"<div class=\"author-line\">\u00c9crit par <span class=\"author\">Naylyan Nazifova<div class=\"author-sub-box\"><div class=\"author-info-wrapper\"><div class=\"author-name\"><a href=\"https:\/\/www.bestbrokers.com\/fr\/authors\/naylyan-nazifova\/\">Naylyan Nazifova<\/a><\/div><div class=\"author-bio\">Naylyan Nazifova est une experte reconnue dans le domaine du trading en ligne. Elle est l\u2019auteur de nombreuses publications et analyses portant sur le trading Forex, l\u2019investissement en actions et les finances personnelles.<\/div><\/div><\/div><\/span>,  <a rel=\"nofollow\" target=\"_blank\" href=\"https:\/\/www.linkedin.com\/in\/naylian-nazifova-58562a272\/\"><img decoding=\"async\" class=\"social-icon\" src=\"https:\/\/www.bestbrokers.com\/wp-content\/themes\/best-brokers\/assets\/images\/icon-linkedin.svg\" data-no-lazy=\"1\"><\/a> <span class=\"sep\">|<\/span> Traduit par <span class=\"author\">Agnes Orieux<div class=\"author-sub-box\"><div class=\"author-info-wrapper\"><div class=\"author-name\"><a href=\"https:\/\/www.bestbrokers.com\/fr\/authors\/agnes-orieux\/\">Agnes Orieux<\/a><\/div><div class=\"author-bio\">Agnes Orieux est une traductrice et r\u00e9dactrice de l'anglais vers le fran\u00e7ais, avec une exp\u00e9rience dans les march\u00e9s financiers. Elle est la r\u00e9dactrice principale de la version fran\u00e7aise de BestBrokers.com.<\/div><\/div><\/div><\/span> <span class=\"sep\">|<\/span> Mis \u00e0 jour : <time class=\"entry-date\" datetime=\"2025-10-22T13:20:43+00:00\">octobre 22, 2025<\/time><\/div>\n<h2 id=\"brief\"><i class=\"ico ico--assets\"><\/i>Types de compte disponibles sur XM<\/h2>\n<p>Si vous souhaitez tester l\u2019exp\u00e9rience de trading avec XM, vous pouvez ouvrir un compte d\u00e9mo, cela ne vous prendra que quelques minutes. Quant \u00e0 ceux qui sont pr\u00eats \u00e0 n\u00e9gocier avec des fonds r\u00e9els, ils peuvent opter pour l\u2019une des formules de compte r\u00e9el propos\u00e9es par XM.<\/p>\n<p>Sur XM, les traders peuvent choisir entre deux types de comptes, chacun convenant \u00e0 des profils et objectifs de trading diff\u00e9rents.<\/p>\n<ul class=\"list-checks\">\n<li><strong>Ultra Low :<\/strong> Il s\u2019agit d\u2019une option pratique pour les d\u00e9butants puisqu\u2019elle permet de trader des microlots. Le compte Ultra Low propose \u00e9galement un trading sans swap pour les personnes qui ne sont pas autoris\u00e9es \u00e0 payer ou \u00e0 recevoir des int\u00e9r\u00eats. Enfin, ce type de compte n\u2019applique aucune commission, l\u2019ensemble des frais \u00e9tant inclus dans le spread. Avec ce compte, vous pouvez n\u00e9gocier les principales paires de devises avec des spreads \u00e0 partir de 0,8 pip.<\/li>\n<li><strong>Zero :<\/strong> Si vous recherchez un trading plus avanc\u00e9, le compte Zero sera une option pertinente. Bien qu\u2019il n\u2019autorise pas les microlots, il propose des co\u00fbts de transaction r\u00e9duits, avec des spreads sur les principales paires d\u00e9marrant \u00e0 0,0 pip. Une petite commission de 3,50 $ est pr\u00e9lev\u00e9e de chaque c\u00f4t\u00e9 par lot n\u00e9goci\u00e9. Notez toutefois que le trading sans swap n\u2019est pas disponible pour les d\u00e9tenteurs de compte Zero.<\/li>\n<\/ul>\n<p>Il convient de souligner que, selon votre pays de r\u00e9sidence, vous pouvez avoir acc\u00e8s \u00e0 d\u2019autres types de compte. Les traders europ\u00e9ens b\u00e9n\u00e9ficient d\u2019une limitation de l\u2019effet de levier \u00e0 1:30 sur les paires de Forex, applicable aux comptes Ultra Low et Zero. Les investisseurs remplissant certains crit\u00e8res peuvent toutefois pr\u00e9tendre \u00e0 un compte professionnel, lequel leur ouvre l\u2019acc\u00e8s \u00e0 un effet de levier nettement plus \u00e9lev\u00e9.<\/p>\n\n\t\t\t\t<div class=\"table\">\n\t\t\t\t\t<table class=\"table table-striped table-bordered\">\n\t\t\t\t\t\t<tr>\n\t\t\t\t\t\t\t<td style=\"width: 250px;\"><strong>Compte d\u00e9mo<\/strong><\/td>\n\t\t\t\t\t\t\t<td><img decoding=\"async\" width=\"24\" height=\"24\" src=\"\/wp-content\/themes\/best-brokers\/assets\/images\/ico-check.svg\" alt=\"Available\" \/><\/td>\n\t\t\t\t\t\t<\/tr>\n\t\t\t\t\t\t<tr>\n\t\t\t\t\t\t\t<td><strong>Islamic Account<\/strong><\/td>\n\t\t\t\t\t\t\t<td><img decoding=\"async\" width=\"24\" height=\"24\" src=\"\/wp-content\/themes\/best-brokers\/assets\/images\/ico-check.svg\" alt=\"Available\" \/><\/td>\n\t\t\t\t\t\t<\/tr>\n\t\t\t\t\t\t<tr>\n\t\t\t\t\t\t\t<td><strong>Compte ECN<\/strong><\/td>\n\t\t\t\t\t\t\t<td><img decoding=\"async\" width=\"24\" height=\"24\" src=\"\/wp-content\/themes\/best-brokers\/assets\/images\/ico-xmark.svg\" alt=\"Not Available\" \/><\/td>\n\t\t\t\t\t\t<\/tr>\n\t\t\t\t\t\t<tr>\n\t\t\t\t\t\t\t<td><strong>Compte pro<\/strong><\/td>\n\t\t\t\t\t\t\t<td><img decoding=\"async\" width=\"24\" height=\"24\" src=\"\/wp-content\/themes\/best-brokers\/assets\/images\/ico-xmark.svg\" alt=\"Not Available\" \/><\/td>\n\t\t\t\t\t\t<\/tr>\n\t\t\t\t\t\t<tr>\n\t\t\t\t\t\t\t<td><strong>MAM Account<\/strong><\/td>\n\t\t\t\t\t\t\t<td><img decoding=\"async\" width=\"24\" height=\"24\" src=\"\/wp-content\/themes\/best-brokers\/assets\/images\/ico-xmark.svg\" alt=\"Not Available\" \/><\/td>\n\t\t\t\t\t\t<\/tr>\n\t\t\t\t\t<\/table>\n\t\t\t\t<\/div>\n\t\t\t\n<h2 id=\"deposit\"><i class=\"ico ico--money-supply\"><\/i>D\u00e9p\u00f4t minimum requis<\/h2>\n<p>Quel que soit le type de compte que vous souhaitez ouvrir sur XM, le d\u00e9p\u00f4t minimum exig\u00e9 est de 5 $. Ce seuil, tr\u00e8s accessible, permet aux clients de choisir parmi plusieurs m\u00e9thodes de paiement pratiques pour alimenter leur compte de trading. En revanche, pour passer de v\u00e9ritables ordres, il faut garder \u00e0 l\u2019esprit que 5 $ sont loin d\u2019\u00eatre suffisants. M\u00eame en microlots, une position de 0,01 lot repr\u00e9sente 1 000 unit\u00e9s de votre devise de base. Nous recommandons donc d\u2019effectuer des d\u00e9p\u00f4ts plus importants afin de disposer de fonds suffisants.<\/p>\n<h2 id=\"instruments\"><i class=\"ico ico--common-technical-analysis-tools\"><\/i>Instruments disponibles<\/h2>\n<p>Sur XM, les investisseurs ont la possibilit\u00e9 d\u2019explorer une large gamme de march\u00e9s, les plateformes populaires telles que MT4, MT5 et l\u2019application XM donnant acc\u00e8s \u00e0 de nombreux instruments Forex et CFD. Si les paires de devises sont votre march\u00e9 de pr\u00e9dilection, vous pourrez profiter d\u2019une grande exposition et n\u00e9gocier plus de 50 paires crois\u00e9es. Par ailleurs, le catalogue CFD de XM d\u00e9passe 1 400 actifs, ce qui permet aux traders de se positionner \u00e0 la hausse comme \u00e0 la baisse et de tirer parti des mouvements de prix quelle que soit leur direction.<\/p>\n<p>Outre le Forex, le courtier couvre \u00e9galement les march\u00e9s des mati\u00e8res premi\u00e8res, des actions via CFD, des m\u00e9taux pr\u00e9cieux, des indices th\u00e9matiques, des indices boursiers et des \u00e9nergies. Quelle que soit la plateforme choisie pour vos op\u00e9rations, vous b\u00e9n\u00e9ficierez d\u2019une exposition march\u00e9 \u00e9tendue.<\/p>\n<h2 id=\"steps\"><i class=\"ico ico--account\"><\/i>Ouverture de compte sur XM \u2013 environ 2 minutes (compte d\u00e9mo)<\/h2>\n<p>Si vous \u00eates pr\u00eat \u00e0 rejoindre XM et souhaitez ouvrir un compte d\u00e9mo pour vous entra\u00eener, vous pouvez cr\u00e9er votre profil en moins de 2 minutes. La proc\u00e9dure est extr\u00eamement simple et ne comporte que quelques \u00e9tapes.<\/p>\n<ol class=\"list list--steps\">\n<li>Commencez par ouvrir la page d\u2019inscription via le bouton \u00ab D\u00e9marrer ici \u00bb situ\u00e9 sur la page d\u2019accueil du courtier.<img decoding=\"async\" class=\"aligncenter\" src=\"https:\/\/www.bestbrokers.com\/wp-content\/uploads\/2024\/08\/xm-account-opening-1.webp\" alt=\"Registration Steps\" width=\"900\" \/><\/li>\n<li>S\u00e9lectionnez votre pays de r\u00e9sidence puis saisissez votre adresse mail et votre mot de passe, qui serviront \u00e0 vous connecter \u00e0 votre profil XM. Cliquez sur \u00ab S&rsquo;inscrire \u00bb.<img decoding=\"async\" class=\"aligncenter\" src=\"https:\/\/www.bestbrokers.com\/wp-content\/uploads\/2024\/08\/xm-account-opening-2.webp\" alt=\"Registration Steps\" width=\"900\" \/><\/li>\n<li>Poursuivez en v\u00e9rifiant votre bo\u00eete de r\u00e9ception ; cliquez sur le lien XM que vous avez re\u00e7u.<img decoding=\"async\" class=\"aligncenter\" src=\"https:\/\/www.bestbrokers.com\/wp-content\/uploads\/2024\/08\/xm-account-opening-3.webp\" alt=\"Registration Steps\" width=\"350\" \/>\n<p><img decoding=\"async\" class=\"aligncenter\" src=\"https:\/\/www.bestbrokers.com\/wp-content\/uploads\/2024\/08\/xm-account-opening-4.webp\" alt=\"Registration Steps\" width=\"350\" \/><\/p>\n<p><img decoding=\"async\" class=\"aligncenter\" src=\"https:\/\/www.bestbrokers.com\/wp-content\/uploads\/2024\/08\/xm-account-opening-5.webp\" alt=\"Registration Steps\" width=\"350\" \/><\/li>\n<li>Une fois votre adresse mail confirm\u00e9e, vous pouvez commencer \u00e0 d\u00e9couvrir les conditions de trading de XM via un compte d\u00e9mo. En revanche, si vous souhaitez n\u00e9gocier avec de l\u2019argent r\u00e9el, vous devrez faire v\u00e9rifier votre compte.<img decoding=\"async\" class=\"aligncenter\" src=\"https:\/\/www.bestbrokers.com\/wp-content\/uploads\/2024\/08\/xm-account-opening-6.webp\" alt=\"Registration Steps\" width=\"900\" \/><\/li>\n<\/ol>\n<h2 id=\"verification\"><i class=\"ico ico--approve\"><\/i>V\u00e9rification de compte \u2013 environ 8 \u00e0 10 minutes<\/h2>\n<p>L\u2019ouverture d\u2019un compte r\u00e9el sur XM implique de suivre quelques \u00e9tapes simples afin de faire v\u00e9rifier votre profil. Cette proc\u00e9dure est un peu plus longue que l\u2019inscription de base, mais en suivant les instructions ci-dessous, vous pourrez r\u00e9duire consid\u00e9rablement le temps n\u00e9cessaire pour activer votre compte r\u00e9el.<\/p>\n<ol class=\"list list--steps\">\n<li>Commencez par renseigner quelques informations personnelles afin de compl\u00e9ter votre profil XM.<img decoding=\"async\" class=\"aligncenter\" src=\"https:\/\/www.bestbrokers.com\/wp-content\/uploads\/2024\/08\/xm-account-opening-7.webp\" alt=\"Registration Steps\" width=\"900\" \/><\/li>\n<li>La section suivante, toujours consacr\u00e9e aux informations personnelles, vous demande de pr\u00e9ciser certains \u00e9l\u00e9ments fiscaux.<img decoding=\"async\" class=\"aligncenter\" src=\"https:\/\/www.bestbrokers.com\/wp-content\/uploads\/2024\/08\/xm-account-opening-8.webp\" alt=\"Registration Steps\" width=\"900\" \/><\/li>\n<li>Vous devrez \u00e9galement indiquer votre nationalit\u00e9 pour poursuivre la v\u00e9rification de votre compte.<img decoding=\"async\" class=\"aligncenter\" src=\"https:\/\/www.bestbrokers.com\/wp-content\/uploads\/2024\/08\/xm-account-opening-9.webp\" alt=\"Registration Steps\" width=\"900\" \/><\/li>\n<li>Une fois toutes les donn\u00e9es personnelles fournies, vous devrez renseigner vos informations financi\u00e8res. La constitution de votre profil investisseur sur XM implique de r\u00e9pondre \u00e0 plusieurs questions, comme illustr\u00e9 ci-dessous :<img decoding=\"async\" class=\"aligncenter\" src=\"https:\/\/www.bestbrokers.com\/wp-content\/uploads\/2024\/08\/xm-account-opening-10.webp\" alt=\"Registration Steps\" width=\"900\" \/><br \/>\n<img decoding=\"async\" class=\"aligncenter\" src=\"https:\/\/www.bestbrokers.com\/wp-content\/uploads\/2024\/08\/xm-account-opening-11.webp\" alt=\"Registration Steps\" width=\"900\" \/><br \/>\n<img decoding=\"async\" class=\"aligncenter\" src=\"https:\/\/www.bestbrokers.com\/wp-content\/uploads\/2024\/08\/xm-account-opening-12.webp\" alt=\"Registration Steps\" width=\"900\" \/><br \/>\n<img decoding=\"async\" class=\"aligncenter\" src=\"https:\/\/www.bestbrokers.com\/wp-content\/uploads\/2024\/08\/xm-account-opening-13.webp\" alt=\"Registration Steps\" width=\"900\" \/><\/li>\n<li>La derni\u00e8re \u00e9tape consiste \u00e0 transmettre des photos de documents servant de preuve d\u2019identit\u00e9 et de domicile. Pour ce faire, il vous sera demand\u00e9 d\u2019autoriser l\u2019acc\u00e8s \u00e0 la cam\u00e9ra de votre appareil, ce qui vous permettra de finaliser la v\u00e9rification en un rien de temps.<img decoding=\"async\" class=\"aligncenter\" src=\"https:\/\/www.bestbrokers.com\/wp-content\/uploads\/2024\/08\/xm-account-opening-14.webp\" alt=\"Registration Steps\" width=\"900\" \/>\n<p><img decoding=\"async\" class=\"aligncenter\" src=\"https:\/\/www.bestbrokers.com\/wp-content\/uploads\/2024\/08\/xm-account-opening-15.webp\" alt=\"Registration Steps\" width=\"350\" \/><\/p>\n<p><img decoding=\"async\" class=\"aligncenter\" src=\"https:\/\/www.bestbrokers.com\/wp-content\/uploads\/2024\/08\/xm-account-opening-16.webp\" alt=\"Registration Steps\" width=\"350\" \/><\/p>\n<p><img decoding=\"async\" class=\"aligncenter\" src=\"https:\/\/www.bestbrokers.com\/wp-content\/uploads\/2024\/08\/xm-account-opening-17.webp\" alt=\"Registration Steps\" width=\"900\" \/><\/li>\n<li>Une fois l\u2019ensemble des documents transmis, votre demande de v\u00e9rification sera envoy\u00e9e \u00e0 l\u2019\u00e9quipe XM pour examen.<\/li>\n<\/ol>\n<h2 id=\"conclusion\"><i class=\"ico ico--pen\"><\/i>Conclusion<\/h2>\n<p>Le processus d\u2019inscription sur XM est simple et rapide, notamment si vous souhaitez uniquement d\u00e9couvrir le courtier via un compte d\u00e9mo. M\u00eame pour l\u2019activation d\u2019un compte r\u00e9el, la proc\u00e9dure de v\u00e9rification obligatoire peut \u00eatre finalis\u00e9e en moins de 10 minutes. Vous devez certes fournir certaines informations financi\u00e8res et t\u00e9l\u00e9charger des documents pour prouver votre identit\u00e9, mais cette d\u00e9marche est effectu\u00e9e pour votre s\u00e9curit\u00e9, XM appliquant des r\u00e8gles KYC (Know Your Customer) strictes impos\u00e9es par des autorit\u00e9s de r\u00e9gulation r\u00e9put\u00e9es.<\/p>\n","protected":false},"excerpt":{"rendered":"<p>Types de compte disponibles sur XM Si vous souhaitez tester l\u2019exp\u00e9rience de trading avec XM, vous pouvez ouvrir un compte d\u00e9mo, cela ne vous prendra que quelques minutes. Quant \u00e0 ceux qui sont pr\u00eats \u00e0 n\u00e9gocier avec des fonds r\u00e9els, ils peuvent opter pour l\u2019une des formules de compte r\u00e9el propos\u00e9es par XM. Sur XM, [&hellip;]<\/p>\n","protected":false},"author":3,"featured_media":0,"parent":12037,"menu_order":0,"comment_status":"closed","ping_status":"closed","template":"templates\/review.php","meta":{"footnotes":""},"class_list":["post-59588","page","type-page","status-publish","hentry"],"aioseo_notices":[],"_links":{"self":[{"href":"https:\/\/www.bestbrokers.com\/fr\/wp-json\/wp\/v2\/pages\/59588","targetHints":{"allow":["GET"]}}],"collection":[{"href":"https:\/\/www.bestbrokers.com\/fr\/wp-json\/wp\/v2\/pages"}],"about":[{"href":"https:\/\/www.bestbrokers.com\/fr\/wp-json\/wp\/v2\/types\/page"}],"author":[{"embeddable":true,"href":"https:\/\/www.bestbrokers.com\/fr\/wp-json\/wp\/v2\/users\/3"}],"replies":[{"embeddable":true,"href":"https:\/\/www.bestbrokers.com\/fr\/wp-json\/wp\/v2\/comments?post=59588"}],"version-history":[{"count":6,"href":"https:\/\/www.bestbrokers.com\/fr\/wp-json\/wp\/v2\/pages\/59588\/revisions"}],"predecessor-version":[{"id":71763,"href":"https:\/\/www.bestbrokers.com\/fr\/wp-json\/wp\/v2\/pages\/59588\/revisions\/71763"}],"up":[{"embeddable":true,"href":"https:\/\/www.bestbrokers.com\/fr\/wp-json\/wp\/v2\/pages\/12037"}],"wp:attachment":[{"href":"https:\/\/www.bestbrokers.com\/fr\/wp-json\/wp\/v2\/media?parent=59588"}],"curies":[{"name":"wp","href":"https:\/\/api.w.org\/{rel}","templated":true}]}}