{"id":59589,"date":"2025-03-19T09:33:23","date_gmt":"2025-03-19T09:33:23","guid":{"rendered":"https:\/\/www.bestbrokers.com\/?page_id=59589"},"modified":"2025-10-22T13:20:32","modified_gmt":"2025-10-22T13:20:32","slug":"account-opening","status":"publish","type":"page","link":"https:\/\/www.bestbrokers.com\/fr\/reviews\/fxtm\/account-opening\/","title":{"rendered":"Comment cr\u00e9er un compte sur FXTM"},"content":{"rendered":"<div class=\"author-line\">\u00c9crit par <span class=\"author\">Naylyan Nazifova<div class=\"author-sub-box\"><div class=\"author-avatar\"><img decoding=\"async\" src=\"https:\/\/www.bestbrokers.com\/wp-content\/uploads\/2026\/04\/nnazifova.webp\" \/><\/div><div class=\"author-info-wrapper\"><div class=\"author-name\"><a href=\"https:\/\/www.bestbrokers.com\/fr\/authors\/naylyan-nazifova\/\">Naylyan Nazifova<\/a><\/div><div class=\"author-bio\">Naylyan Nazifova est une experte reconnue dans le domaine du trading en ligne. Elle est l\u2019auteur de nombreuses publications et analyses portant sur le trading Forex, l\u2019investissement en actions et les finances personnelles.<\/div><\/div><\/div><\/span>,  <a rel=\"nofollow\" target=\"_blank\" href=\"https:\/\/www.linkedin.com\/in\/naylian-nazifova-58562a272\/\"><img decoding=\"async\" class=\"social-icon\" src=\"https:\/\/www.bestbrokers.com\/wp-content\/themes\/best-brokers\/assets\/images\/icon-linkedin.svg\" data-no-lazy=\"1\"><\/a> <span class=\"sep\">|<\/span> Traduit par <span class=\"author\">Agnes Orieux<div class=\"author-sub-box\"><div class=\"author-info-wrapper\"><div class=\"author-name\"><a href=\"https:\/\/www.bestbrokers.com\/fr\/authors\/agnes-orieux\/\">Agnes Orieux<\/a><\/div><div class=\"author-bio\">Agnes Orieux est une traductrice et r\u00e9dactrice de l'anglais vers le fran\u00e7ais, avec une exp\u00e9rience dans les march\u00e9s financiers. Elle est la r\u00e9dactrice principale de la version fran\u00e7aise de BestBrokers.com.<\/div><\/div><\/div><\/span> <span class=\"sep\">|<\/span> Mis \u00e0 jour : <time class=\"entry-date\" datetime=\"2025-10-22T13:20:32+00:00\">octobre 22, 2025<\/time><\/div>\n<h2 id=\"brief\"><i class=\"ico ico--assets\"><\/i>Types de compte propos\u00e9s par FXTM<\/h2>\n<p>FXTM propose trois types de comptes de trading, et permet \u00e0 ses clients de les comparer pour choisir celui qui correspond le mieux \u00e0 leur exp\u00e9rience, \u00e0 leurs objectifs et \u00e0 leur budget. Le compte <strong>Advantage<\/strong> offre des spreads \u00e0 partir de 0,0 pip et une commission de 3,5 $ par lot n\u00e9goci\u00e9 sur le Forex. Outre les devises, la gamme d\u2019instruments disponible avec ce type de compte comprend les m\u00e9taux au comptant, les CFD sur indices, les CFD sur mati\u00e8res premi\u00e8res, les CFD sur cryptomonnaies, les CFD sur actions et les ETF (ces deux derniers ne sont accessibles que via la plateforme MT5).<\/p>\n<p>Le second type de compte, <strong>Advantage Plus<\/strong>, propose des spreads plus larges \u00e0 partir de 1,5 pip et aucune commission. La liste des instruments n\u00e9gociables est identique \u00e0 celle du compte Advantage, les CFD sur actions et les ETF n\u2019\u00e9tant disponibles que sur la plateforme MT5.<\/p>\n<p>La troisi\u00e8me option, <strong>Advantage Stocks<\/strong>, pr\u00e9voit des spreads \u00e0 partir de 0,06 $ et z\u00e9ro commission. Comme son nom l\u2019indique, seules les actions peuvent y \u00eatre n\u00e9goci\u00e9es. Les deux premiers types de compte permettent le trading avec effet de levier, tandis que le troisi\u00e8me est sans levier.<\/p>\n<p>FXTM fournit un comparatif d\u00e9taill\u00e9 des trois types de compte ainsi que des informations sur le d\u00e9p\u00f4t minimum, les spreads, les commissions, les instruments n\u00e9gociables, les devises prises en charge et les volumes de n\u00e9gociation minimum et maximum. Les comptes Advantage et Advantage Plus offrent une option sans swap, id\u00e9ale pour les traders musulmans. De plus, le courtier propose un compte D\u00e9mo, permettant de s\u2019entra\u00eener sur diff\u00e9rents march\u00e9s sans risquer de fonds r\u00e9els.<\/p>\n<p>L\u2019ouverture d\u2019un compte chez FXTM est simple et rapide. Les clients peuvent compter sur l\u2019assistance r\u00e9active et professionnelle des conseillers, depuis la cr\u00e9ation de leur profil FXTM jusqu\u2019au choix du type de compte, au d\u00e9p\u00f4t de fonds, \u00e0 la connexion \u00e0 la plateforme MT et \u00e0 l\u2019ex\u00e9cution de leur premi\u00e8re transaction.<\/p>\n\n\t\t\t\t<div class=\"table\">\n\t\t\t\t\t<table class=\"table table-striped table-bordered\">\n\t\t\t\t\t\t<tr>\n\t\t\t\t\t\t\t<td style=\"width: 250px;\"><strong>Compte d\u00e9mo<\/strong><\/td>\n\t\t\t\t\t\t\t<td><img decoding=\"async\" width=\"24\" height=\"24\" src=\"\/wp-content\/themes\/best-brokers\/assets\/images\/ico-check.svg\" alt=\"Available\" \/><\/td>\n\t\t\t\t\t\t<\/tr>\n\t\t\t\t\t\t<tr>\n\t\t\t\t\t\t\t<td><strong>Islamic Account<\/strong><\/td>\n\t\t\t\t\t\t\t<td><img decoding=\"async\" width=\"24\" height=\"24\" src=\"\/wp-content\/themes\/best-brokers\/assets\/images\/ico-check.svg\" alt=\"Available\" \/><\/td>\n\t\t\t\t\t\t<\/tr>\n\t\t\t\t\t\t<tr>\n\t\t\t\t\t\t\t<td><strong>Compte ECN<\/strong><\/td>\n\t\t\t\t\t\t\t<td><img decoding=\"async\" width=\"24\" height=\"24\" src=\"\/wp-content\/themes\/best-brokers\/assets\/images\/ico-xmark.svg\" alt=\"Not Available\" \/><\/td>\n\t\t\t\t\t\t<\/tr>\n\t\t\t\t\t\t<tr>\n\t\t\t\t\t\t\t<td><strong>Compte pro<\/strong><\/td>\n\t\t\t\t\t\t\t<td><img decoding=\"async\" width=\"24\" height=\"24\" src=\"\/wp-content\/themes\/best-brokers\/assets\/images\/ico-check.svg\" alt=\"Available\" \/><\/td>\n\t\t\t\t\t\t<\/tr>\n\t\t\t\t\t\t<tr>\n\t\t\t\t\t\t\t<td><strong>MAM Account<\/strong><\/td>\n\t\t\t\t\t\t\t<td><img decoding=\"async\" width=\"24\" height=\"24\" src=\"\/wp-content\/themes\/best-brokers\/assets\/images\/ico-xmark.svg\" alt=\"Not Available\" \/><\/td>\n\t\t\t\t\t\t<\/tr>\n\t\t\t\t\t<\/table>\n\t\t\t\t<\/div>\n\t\t\t\n<h2 id=\"deposit\"><i class=\"ico ico--money-supply\"><\/i>D\u00e9p\u00f4t minimum requis sur FXTM<\/h2>\n<p>Le d\u00e9p\u00f4t minimum requis pour les trois types de comptes, Advantage, Advantage Plus et Advantage Stocks, est de 200 $\/\u20ac\/\u00a3. Bien que le seuil soit identique pour les trois options, les conditions de trading diff\u00e8rent.<\/p>\n<p>Le compte Advantage propose des spreads \u00e0 partir de 0,0 pip et une commission de 3,5 $ par lot n\u00e9goci\u00e9 sur le Forex. Le compte Advantage Plus offre des spreads l\u00e9g\u00e8rement plus larges \u00e0 partir de 1,5 pip, sans aucune commission sur l\u2019ensemble des instruments. Le compte Advantage Stocks applique \u00e9galement z\u00e9ro commission sur les actions, avec des spreads \u00e0 partir de 6 cents. Le volume minimum par ordre est de 0,01 lot pour les trois types de compte ; le volume maximum atteint 100 lots pour les comptes Advantage et Advantage Plus et est illimit\u00e9 pour le compte Advantage Stocks.<\/p>\n<p>Les traders doivent noter que le courtier pr\u00e9l\u00e8ve des frais fixes de 3 $ sur tout d\u00e9p\u00f4t ou retrait inf\u00e9rieur \u00e0 30 $ ou \u00e9quivalent en devise.<\/p>\n<h2 id=\"instruments\"><i class=\"ico ico--common-technical-analysis-tools\"><\/i>Instruments n\u00e9gociables<\/h2>\n<p>Le portefeuille de trading de FXTM compte plus de 1 000 instruments et b\u00e9n\u00e9ficie d\u2019une ex\u00e9cution ultra-rapide. Les principaux march\u00e9s propos\u00e9s par le courtier incluent le Forex, les m\u00e9taux au comptant, les actions, les CFD sur actions, les mati\u00e8res premi\u00e8res, les indices, les ETF et les cryptomonnaies. Leur disponibilit\u00e9 d\u00e9pend toutefois de la r\u00e9glementation locale.<\/p>\n<p>Concernant le Forex, FXTM offre plus de 60 paires de devises, notamment des paires majeures, mineures et exotiques. Les traders peuvent \u00e9galement tirer parti des fluctuations de prix des m\u00e9taux pr\u00e9cieux, comme l\u2019or et l\u2019argent, n\u00e9goci\u00e9s contre des devises telles que l\u2019EUR, l\u2019USD ou la GBP. Les actions offrent \u00e9galement des opportunit\u00e9s int\u00e9ressantes gr\u00e2ce aux fluctuations de cours des soci\u00e9t\u00e9s phares comme Facebook, Apple ou Tesla. Les traders peuvent prendre des positions longues ou courtes sur les cours d\u2019entreprises cot\u00e9es sur les principales places boursi\u00e8res.<\/p>\n<p>L\u2019offre de produits de FXTM comprend aussi les mati\u00e8res premi\u00e8res telles que le gaz naturel, le Brent et le p\u00e9trole brut. Le trading sur indices boursiers constitue une autre opportunit\u00e9 attrayante, puisqu&rsquo;il donne acc\u00e8s aux fluctuations d\u2019un portefeuille entier d\u2019actions. Enfin, le march\u00e9 des cryptomonnaies, r\u00e9put\u00e9 pour ses variations de prix sans \u00e9gal, attire les traders souhaitant sp\u00e9culer sur l\u2019\u00e9volution du Bitcoin, du Ripple, de l\u2019Ethereum et d\u2019autres actifs.<\/p>\n<p>Le courtier a int\u00e9gr\u00e9 les plateformes les plus populaires du secteur, MetaTrader 4 et MetaTrader 5, accompagn\u00e9es de graphiques et d\u2019outils destin\u00e9s \u00e0 optimiser la performance des traders et \u00e0 faire progresser leurs comp\u00e9tences. Les outils disponibles pour le trading de CFD incluent un calculateur de pip, un calendrier \u00e9conomique, des calculateurs de risque et de profit ainsi que des signaux de trading, tous con\u00e7us pour exploiter au mieux les opportunit\u00e9s de march\u00e9.<\/p>\n<h2 id=\"steps\"><i class=\"ico ico--account\"><\/i>Processus d\u2019inscription sur FXTM \u2013 environ 5 minutes<\/h2>\n<ol class=\"list list--steps\">\n<li>Pour commencer le processus d\u2019inscription chez FXTM, les traders doivent cliquer sur le bouton \u00ab Open an account \u00bb situ\u00e9 dans l\u2019angle sup\u00e9rieur droit du site.<img decoding=\"async\" class=\"aligncenter\" src=\"https:\/\/www.bestbrokers.com\/wp-content\/uploads\/2025\/02\/fxtm-registration-1-1.webp\" alt=\"FXTM Registration Step 1\" \/><\/li>\n<li>Un formulaire d\u2019inscription doit \u00eatre renseign\u00e9 avec le pr\u00e9nom, le nom, le pays de r\u00e9sidence, le num\u00e9ro de t\u00e9l\u00e9phone portable, l\u2019e-mail et le mot de passe du trader. Le client doit indiquer la m\u00e9thode de v\u00e9rification de compte souhait\u00e9e : par SMS et e-mail ou via WhatsApp.<img decoding=\"async\" class=\"aligncenter\" src=\"https:\/\/www.bestbrokers.com\/wp-content\/uploads\/2025\/02\/fxtm-registration-2-1.webp\" alt=\"FXTM Registration Step 2\" \/><\/li>\n<li>L\u2019\u00e9tape suivante consiste \u00e0 choisir un type de compte : Advantage, Advantage Stocks ou Advantage Plus, selon les pr\u00e9f\u00e9rences personnelles. Les traders peuvent d\u2019abord opter pour un compte d\u00e9mo, disponible pour les types Advantage et Advantage Plus.<img decoding=\"async\" class=\"aligncenter\" src=\"https:\/\/www.bestbrokers.com\/wp-content\/uploads\/2025\/02\/fxtm-registration-3-1.webp\" alt=\"FXTM Registration Step 3\" \/><\/li>\n<li>Une fois le type de compte choisi, le trader doit remplir le formulaire de demande de compte. Les informations requises incluent le genre, la date de naissance, le secteur d\u2019activit\u00e9, le niveau de responsabilit\u00e9, la nationalit\u00e9, le num\u00e9ro d\u2019identification fiscale, la ville, l\u2019adresse compl\u00e8te et la source des fonds.<img decoding=\"async\" class=\"aligncenter\" src=\"https:\/\/www.bestbrokers.com\/wp-content\/uploads\/2025\/02\/fxtm-registration-4-1.webp\" alt=\"FXTM Registration Step 4\" \/><\/li>\n<li>Ensuite, le trader s\u00e9lectionne la devise du compte (EUR, USD ou GBP), le niveau d\u2019effet de levier souhait\u00e9 et le mot de passe du compte de trading.<img decoding=\"async\" class=\"aligncenter\" src=\"https:\/\/www.bestbrokers.com\/wp-content\/uploads\/2025\/02\/fxtm-registration-5-1.webp\" alt=\"FXTM Registration Step 5\" \/><\/li>\n<li>Lorsque le nouveau compte est cr\u00e9\u00e9, le trader peut d\u00e9poser jusqu\u2019\u00e0 10 000 $ avant la v\u00e9rification. Les m\u00e9thodes de d\u00e9p\u00f4t disponibles incluent les portefeuilles \u00e9lectroniques (Skrill et Neteller) et plusieurs cryptomonnaies (Tether, BTC, ETH, TRX, etc.). Les moyens de paiement peuvent varier selon le pays de r\u00e9sidence du trader.<img decoding=\"async\" class=\"aligncenter\" src=\"https:\/\/www.bestbrokers.com\/wp-content\/uploads\/2025\/02\/fxtm-registration-6-1.webp\" alt=\"FXTM Registration Step 6\" \/><\/li>\n<\/ol>\n<h2 id=\"verification\"><i class=\"ico ico--approve\"><\/i>Processus de v\u00e9rification d\u2019identit\u00e9 \u2013 environ 5 minutes<\/h2>\n<p>Pour b\u00e9n\u00e9ficier pleinement des fonctionnalit\u00e9s de FXTM, les traders doivent v\u00e9rifier leur profil et t\u00e9l\u00e9charger des documents d\u2019identit\u00e9 et de justificatif de domicile, comme l\u2019exigent les proc\u00e9dures standards.<\/p>\n<p><img decoding=\"async\" class=\"aligncenter\" src=\"https:\/\/www.bestbrokers.com\/wp-content\/uploads\/2025\/02\/fxtm-registration-7-1.webp\" alt=\"FXTM Registration Step 7\" \/><\/p>\n<ol class=\"list list--steps\">\n<li>\n<h3>Document d\u2019identit\u00e9 (ID)<\/h3>\n<p>Les documents accept\u00e9s pour v\u00e9rifier un compte chez FXTM comprennent le passeport, la carte nationale d\u2019identit\u00e9, le permis de conduire ou le titre de s\u00e9jour. Le courtier accepte les copies scann\u00e9es ou les photos prises avec un mobile, recto et verso des pi\u00e8ces d\u2019identit\u00e9. Les formats d\u2019image autoris\u00e9s et la taille maximale des fichiers sont clairement indiqu\u00e9s.<\/p>\n<p>Pour \u00eatre recevables, les documents soumis doivent \u00eatre nets, sans flou ni ombre. Les \u00e9l\u00e9ments obligatoires, tels que le nom complet, les dates d\u2019\u00e9mission et d\u2019expiration, le lieu et la date de naissance ou le NIF, doivent \u00eatre parfaitement visibles. Des exemples de documents valides sont disponibles.<\/p>\n<p><img decoding=\"async\" class=\"aligncenter\" src=\"https:\/\/www.bestbrokers.com\/wp-content\/uploads\/2025\/02\/fxtm-registration-8-1.webp\" alt=\"FXTM Registration Step 8\" \/><\/li>\n<li>Les justificatifs de domicile accept\u00e9s par FXTM comprennent les relev\u00e9s bancaires ou de carte, les factures de services publics, les certificats de r\u00e9sidence, les attestations d\u2019assurance, les contrats de location ou l\u2019enregistrement d\u2019un v\u00e9hicule. Ces documents doivent dater de moins de trois mois. Si la pi\u00e8ce d\u2019identit\u00e9 fournie lors de la premi\u00e8re \u00e9tape indique d\u00e9j\u00e0 l\u2019adresse du trader, il se peut qu\u2019aucun autre justificatif de domicile ne soit requis.<\/li>\n<\/ol>\n<h2 id=\"conclusion\"><i class=\"ico ico--pen\"><\/i>Conclusion<\/h2>\n<p>FXTM est un courtier Forex et CFD bien \u00e9tabli. L\u2019ouverture et la v\u00e9rification d\u2019un compte sont simples et peuvent \u00eatre r\u00e9alis\u00e9es en quelques minutes. Le formulaire d\u2019inscription requiert des informations personnelles et de contact. Une fois ces donn\u00e9es fournies, le trader doit proc\u00e9der \u00e0 la v\u00e9rification de son identit\u00e9 et de son adresse, conform\u00e9ment aux proc\u00e9dures AML et KYC. La v\u00e9rification peut prendre entre 1 et 3 jours ouvrables, selon la qualit\u00e9 des documents soumis et la charge de travail de l\u2019\u00e9quipe d\u2019assistance de FXTM.<\/p>\n","protected":false},"excerpt":{"rendered":"<p>Types de compte propos\u00e9s par FXTM FXTM propose trois types de comptes de trading, et permet \u00e0 ses clients de les comparer pour choisir celui qui correspond le mieux \u00e0 leur exp\u00e9rience, \u00e0 leurs objectifs et \u00e0 leur budget. Le compte Advantage offre des spreads \u00e0 partir de 0,0 pip et une commission de 3,5 [&hellip;]<\/p>\n","protected":false},"author":2,"featured_media":0,"parent":11976,"menu_order":0,"comment_status":"closed","ping_status":"closed","template":"templates\/review.php","meta":{"footnotes":""},"class_list":["post-59589","page","type-page","status-publish","hentry"],"aioseo_notices":[],"_links":{"self":[{"href":"https:\/\/www.bestbrokers.com\/fr\/wp-json\/wp\/v2\/pages\/59589","targetHints":{"allow":["GET"]}}],"collection":[{"href":"https:\/\/www.bestbrokers.com\/fr\/wp-json\/wp\/v2\/pages"}],"about":[{"href":"https:\/\/www.bestbrokers.com\/fr\/wp-json\/wp\/v2\/types\/page"}],"author":[{"embeddable":true,"href":"https:\/\/www.bestbrokers.com\/fr\/wp-json\/wp\/v2\/users\/2"}],"replies":[{"embeddable":true,"href":"https:\/\/www.bestbrokers.com\/fr\/wp-json\/wp\/v2\/comments?post=59589"}],"version-history":[{"count":5,"href":"https:\/\/www.bestbrokers.com\/fr\/wp-json\/wp\/v2\/pages\/59589\/revisions"}],"predecessor-version":[{"id":71770,"href":"https:\/\/www.bestbrokers.com\/fr\/wp-json\/wp\/v2\/pages\/59589\/revisions\/71770"}],"up":[{"embeddable":true,"href":"https:\/\/www.bestbrokers.com\/fr\/wp-json\/wp\/v2\/pages\/11976"}],"wp:attachment":[{"href":"https:\/\/www.bestbrokers.com\/fr\/wp-json\/wp\/v2\/media?parent=59589"}],"curies":[{"name":"wp","href":"https:\/\/api.w.org\/{rel}","templated":true}]}}